{"id":7316,"date":"2025-09-11T09:15:05","date_gmt":"2025-09-11T07:15:05","guid":{"rendered":"https:\/\/g3d-wargame.com\/?post_type=product&#038;p=7316"},"modified":"2025-09-11T09:15:48","modified_gmt":"2025-09-11T07:15:48","slug":"escouade-tactique-mkii","status":"publish","type":"product","link":"https:\/\/g3d-wargame.com\/en\/product\/escouade-tactique-mkii\/","title":{"rendered":"Escouade Tactique MkII"},"content":{"rendered":"<div class=\"w-full relative rounded-md border  bg-Black-Primary-60 border-none text-white  border-solid  py-4 md:py-8  after:content-[''] after:absolute after:w-1 after:h-1 after:bg-gamesWorkshop            after:rounded-full after:left-6 after:top-[calc(12px+2px+0.5ch)] md:after:top-[calc(50%-0.125rem)]             md:odd:justify-self-end md:even:justify-self-start             flex items-center\" data-testid=\"product-detail-feature-container-0\"><\/p>\n<p class=\"w-full pl-16 pr-6 m-0 break-words bg-transparent text-marine-md\" data-testid=\"product-detail-feature-0\">20 figurines en plastique pour Warhammer: The Horus Heresy<\/p>\n<\/div>\n<div class=\"w-full relative rounded-md border  bg-Black-Primary-60 border-none text-white  border-solid  py-4 md:py-8  after:content-[''] after:absolute after:w-1 after:h-1 after:bg-gamesWorkshop            after:rounded-full after:left-6 after:top-[calc(12px+2px+0.5ch)] md:after:top-[calc(50%-0.125rem)]             md:odd:justify-self-end md:even:justify-self-start             flex items-center\" data-testid=\"product-detail-feature-container-1\"><\/p>\n<p class=\"w-full pl-16 pr-6 m-0 break-words bg-transparent text-marine-md\" data-testid=\"product-detail-feature-1\">Ajoutez de l&rsquo;infanterie hautement polyvalente \u00e0 votre arm\u00e9e des Legiones Astartes<\/p>\n<\/div>\n<div class=\"w-full relative rounded-md border  bg-Black-Primary-60 border-none text-white  border-solid  py-4 md:py-8  after:content-[''] after:absolute after:w-1 after:h-1 after:bg-gamesWorkshop            after:rounded-full after:left-6 after:top-[calc(12px+2px+0.5ch)] md:after:top-[calc(50%-0.125rem)]             md:odd:justify-self-end md:even:justify-self-start             flex items-center\" data-testid=\"product-detail-feature-container-2\"><\/p>\n<p class=\"w-full pl-16 pr-6 m-0 break-words bg-transparent text-marine-md\" data-testid=\"product-detail-feature-2\">Facile \u00e0 personnaliser avec des options d&rsquo;armes et d&rsquo;ornements, incluant des t\u00eates et accessoires interchangeables<\/p>\n<\/div>\n<div class=\"w-full relative rounded-md border  bg-Black-Primary-60 border-none text-white  border-solid  py-4 md:py-8  after:content-[''] after:absolute after:w-1 after:h-1 after:bg-gamesWorkshop            after:rounded-full after:left-6 after:top-[calc(12px+2px+0.5ch)] md:after:top-[calc(50%-0.125rem)]             md:odd:justify-self-end md:even:justify-self-start             flex items-center\" data-testid=\"product-detail-feature-container-3\"><\/p>\n<p class=\"w-full pl-16 pr-6 m-0 break-words bg-transparent text-marine-md\" data-testid=\"product-detail-feature-3\">Peut \u00eatre combin\u00e9e avec plusieurs sets d&rsquo;am\u00e9liorations compatibles afin d&rsquo;obtenir diff\u00e9rents types d&rsquo;unit\u00e9s<\/p>\n<\/div>\n<p data-testid=\"product-detail-feature-3\">Les Escouades Tactiques sont l&rsquo;assise m\u00eame des L\u00e9gions Space Marines, et les forces gr\u00e2ce auxquelles la Grande Croisade reconquit une grande part de la galaxie. En tant qu&rsquo;unit\u00e9s \u00e9minemment flexibles, elles savent se montrer efficaces en attaque ou en d\u00e9fense, peuvent assaillir les positions fortifi\u00e9es, prendre et tenir des objectifs strat\u00e9giques, et op\u00e9rer de mani\u00e8re fiable sur tout terrain et en toute situation.<\/p>\n<p>Lorsqu&rsquo;elle fut cr\u00e9\u00e9e, l&rsquo;armure de Croisade MkII \u00e9tait le pinacle de la technologie Space Marine \u2013 une armure de plaques herm\u00e9tique, isol\u00e9e des radiations, capable d&rsquo;endurer un degr\u00e9 de mauvais traitements sans pr\u00e9c\u00e9dents. Son emploi demeurait intensif en d\u00e9pit de son \u00e2ge lorsque l&rsquo;H\u00e9r\u00e9sie d&rsquo;Horus \u00e9clata.<\/p>\n<p>Ce kit en plastique permet d&rsquo;assembler 20 L\u00e9gionnaires Space Marines \u00e0 utiliser comme Escouade Tactique dans les parties de Warhammer: The Horus Heresy. Ils sont id\u00e9aux pour tenir des objectifs cl\u00e9s, abattre les unit\u00e9s ennemies sous des salves de bolts, et renforcer les lignes afin de faire pencher le cours de la bataille.<\/p>\n<p>Ce kit permet d&rsquo;assembler une seule grande unit\u00e9, ou deux unit\u00e9s plus petites de 10, chacune avec son propre Sergent, L\u00e9gionnaire avec nuncio-vox et L\u00e9gionnaire avec vexillum optionnels. Le Sergent dispose d&rsquo;un choix entre trois t\u00eates \u2013 deux nues, et une avec un casque \u00e0 cimier transversal. Il peut \u00eatre arm\u00e9 d&rsquo;un bolter ou d&rsquo;un pistolet \u00e0 plasma, et d&rsquo;une \u00e9p\u00e9e \u00e9nerg\u00e9tique, d&rsquo;un gantelet \u00e9nerg\u00e9tique ou d&rsquo;une griffe Lightning. Il peut aussi recevoir une bombe \u00e0 fusion optionnelle. Les L\u00e9gionnaires avec bolter peuvent recevoir une ba\u00efonnette ou une ba\u00efonnette tron\u00e7onneuse optionnelles, et les t\u00eates et accessoires \u2013 ce qui inclut des grenades, des holsters de pistolets et des \u00e9tuis \u2013 sont interchangeables entre les figurines.<\/p>\n<p><strong>Ces figurines peuvent \u00e9galement servir \u00e0 repr\u00e9senter:<\/strong><br \/>\n\u2013 Une Escouade de V\u00e9t\u00e9rans Tactiques<br \/>\n\u2013 Une Escouade d&rsquo;Appui Tactique (gr\u00e2ce au Set d&rsquo;Am\u00e9liorations d&rsquo;Armes Sp\u00e9ciales, disponible s\u00e9par\u00e9ment)<br \/>\n\u2013 Une Escouade d&rsquo;Appui Lourd (gr\u00e2ce \u00e0 un des Sets d&rsquo;Am\u00e9liorations d&rsquo;Armes Lourdes, disponibles s\u00e9par\u00e9ment)<br \/>\n\u2013 Une Escouade d&rsquo;\u00c9tat-major Pr\u00e9torienne ou une Escouade d&rsquo;\u00c9tat-major de Centurion (gr\u00e2ce au Set d&rsquo;Am\u00e9liorations d&rsquo;\u00c9tat-Major de L\u00e9gion, disponible s\u00e9par\u00e9ment)<br \/>\n\u2013 Une Escouade Nettoyeuse (gr\u00e2ce au Set d&rsquo;Am\u00e9liorations d&rsquo;Armes de M\u00eal\u00e9e, disponible s\u00e9par\u00e9ment)<\/p>\n<p>Ces figurines ne portent pas de marquages sp\u00e9cifiques \u00e0 une L\u00e9gion, et vous pouvez donc les utiliser dans n&rsquo;importe quel contingent de Space Marines, que vous soyez fid\u00e8le \u00e0 l&rsquo;Empereur ou que vous ayez rejoint Horus dans sa r\u00e9bellion.<\/p>\n<p>Ce kit est compos\u00e9 de 344 \u00e9l\u00e9ments en plastique, de 20x Socles Ronds Citadel de 32mm et de 1x Planche de D\u00e9calcos d&rsquo;Infanterie des L\u00e9gions Horus Heresy, proposant 618 d\u00e9calcos de grande qualit\u00e9 \u2013 ce qui inclut de l&rsquo;iconographie de L\u00e9gion pour les Sons of Horus, les Imperial Fists, les Iron Warriors et les Salamanders \u2013 afin de d\u00e9corer vos figurines.<\/p>\n<p>Ces figurines sont fournies non peintes et n\u00e9cessitent assemblage \u2013 nous recommandons d&#8217;employer la Colle Plastique Citadel et la peinture Citadel Colour.<\/p>","protected":false},"excerpt":{"rendered":"<p>20 figurines en plastique pour Warhammer: The Horus Heresy Ajoutez de l&rsquo;infanterie hautement polyvalente \u00e0 votre arm\u00e9e des Legiones Astartes Facile \u00e0 personnaliser avec des options d&rsquo;armes et d&rsquo;ornements, incluant des t\u00eates et accessoires interchangeables Peut \u00eatre combin\u00e9e avec plusieurs sets d&rsquo;am\u00e9liorations compatibles afin d&rsquo;obtenir diff\u00e9rents types d&rsquo;unit\u00e9s Les Escouades Tactiques sont l&rsquo;assise m\u00eame des L\u00e9gions Space Marines, et les&hellip;<\/p>","protected":false},"featured_media":7320,"template":"","meta":[],"product_brand":[],"product_cat":[91],"product_tag":[],"class_list":{"0":"post-7316","1":"product","2":"type-product","3":"status-publish","4":"has-post-thumbnail","6":"product_cat-horus-heresy","8":"first","9":"instock","10":"sale","11":"taxable","12":"shipping-taxable","13":"purchasable","14":"product-type-simple"},"yoast_head":"<!-- This site is optimized with the Yoast SEO plugin v25.8 - https:\/\/yoast.com\/wordpress\/plugins\/seo\/ -->\n<title>Escouade Tactique MkII &#8211; G3D<\/title>\n<meta name=\"robots\" content=\"index, follow, max-snippet:-1, max-image-preview:large, max-video-preview:-1\" \/>\n<link rel=\"canonical\" href=\"https:\/\/g3d-wargame.com\/en\/product\/escouade-tactique-mkii\/\" \/>\n<meta property=\"og:locale\" content=\"en_GB\" \/>\n<meta property=\"og:type\" content=\"article\" \/>\n<meta property=\"og:title\" content=\"Escouade Tactique MkII &#8211; G3D\" \/>\n<meta property=\"og:description\" content=\"20 figurines en plastique pour Warhammer: The Horus Heresy Ajoutez de l&rsquo;infanterie hautement polyvalente \u00e0 votre arm\u00e9e des Legiones Astartes Facile \u00e0 personnaliser avec des options d&rsquo;armes et d&rsquo;ornements, incluant des t\u00eates et accessoires interchangeables Peut \u00eatre combin\u00e9e avec plusieurs sets d&rsquo;am\u00e9liorations compatibles afin d&rsquo;obtenir diff\u00e9rents types d&rsquo;unit\u00e9s Les Escouades Tactiques sont l&rsquo;assise m\u00eame des L\u00e9gions Space Marines, et les&hellip;\" \/>\n<meta property=\"og:url\" content=\"https:\/\/g3d-wargame.com\/en\/product\/escouade-tactique-mkii\/\" \/>\n<meta property=\"og:site_name\" content=\"G3D\" \/>\n<meta property=\"article:modified_time\" content=\"2025-09-11T07:15:48+00:00\" \/>\n<meta property=\"og:image\" content=\"https:\/\/g3d-wargame.com\/wp-content\/uploads\/2025\/09\/99123001058_HorusHeresyMkIITacticalSquad10.jpg\" \/>\n\t<meta property=\"og:image:width\" content=\"918\" \/>\n\t<meta property=\"og:image:height\" content=\"948\" \/>\n\t<meta property=\"og:image:type\" content=\"image\/jpeg\" \/>\n<meta name=\"twitter:card\" content=\"summary_large_image\" \/>\n<meta name=\"twitter:label1\" content=\"Estimated reading time\" \/>\n\t<meta name=\"twitter:data1\" content=\"3 minutes\" \/>\n<script type=\"application\/ld+json\" class=\"yoast-schema-graph\">{\"@context\":\"https:\/\/schema.org\",\"@graph\":[{\"@type\":\"WebPage\",\"@id\":\"https:\/\/g3d-wargame.com\/produit\/escouade-tactique-mkii\/\",\"url\":\"https:\/\/g3d-wargame.com\/produit\/escouade-tactique-mkii\/\",\"name\":\"Escouade Tactique MkII &#8211; G3D\",\"isPartOf\":{\"@id\":\"https:\/\/g3d-wargame.com\/#website\"},\"primaryImageOfPage\":{\"@id\":\"https:\/\/g3d-wargame.com\/produit\/escouade-tactique-mkii\/#primaryimage\"},\"image\":{\"@id\":\"https:\/\/g3d-wargame.com\/produit\/escouade-tactique-mkii\/#primaryimage\"},\"thumbnailUrl\":\"https:\/\/g3d-wargame.com\/wp-content\/uploads\/2025\/09\/99123001058_HorusHeresyMkIITacticalSquad10.jpg\",\"datePublished\":\"2025-09-11T07:15:05+00:00\",\"dateModified\":\"2025-09-11T07:15:48+00:00\",\"breadcrumb\":{\"@id\":\"https:\/\/g3d-wargame.com\/produit\/escouade-tactique-mkii\/#breadcrumb\"},\"inLanguage\":\"en-GB\",\"potentialAction\":[{\"@type\":\"ReadAction\",\"target\":[\"https:\/\/g3d-wargame.com\/produit\/escouade-tactique-mkii\/\"]}]},{\"@type\":\"ImageObject\",\"inLanguage\":\"en-GB\",\"@id\":\"https:\/\/g3d-wargame.com\/produit\/escouade-tactique-mkii\/#primaryimage\",\"url\":\"https:\/\/g3d-wargame.com\/wp-content\/uploads\/2025\/09\/99123001058_HorusHeresyMkIITacticalSquad10.jpg\",\"contentUrl\":\"https:\/\/g3d-wargame.com\/wp-content\/uploads\/2025\/09\/99123001058_HorusHeresyMkIITacticalSquad10.jpg\",\"width\":918,\"height\":948},{\"@type\":\"BreadcrumbList\",\"@id\":\"https:\/\/g3d-wargame.com\/produit\/escouade-tactique-mkii\/#breadcrumb\",\"itemListElement\":[{\"@type\":\"ListItem\",\"position\":1,\"name\":\"Accueil\",\"item\":\"https:\/\/g3d-wargame.com\/\"},{\"@type\":\"ListItem\",\"position\":2,\"name\":\"Produits\",\"item\":\"https:\/\/g3d-wargame.com\/shop__trashed\/\"},{\"@type\":\"ListItem\",\"position\":3,\"name\":\"Escouade Tactique MkII\"}]},{\"@type\":\"WebSite\",\"@id\":\"https:\/\/g3d-wargame.com\/#website\",\"url\":\"https:\/\/g3d-wargame.com\/\",\"name\":\"G3D\",\"description\":\" impression 3D\",\"publisher\":{\"@id\":\"https:\/\/g3d-wargame.com\/#organization\"},\"alternateName\":\"G3D Wargame\",\"potentialAction\":[{\"@type\":\"SearchAction\",\"target\":{\"@type\":\"EntryPoint\",\"urlTemplate\":\"https:\/\/g3d-wargame.com\/?s={search_term_string}\"},\"query-input\":{\"@type\":\"PropertyValueSpecification\",\"valueRequired\":true,\"valueName\":\"search_term_string\"}}],\"inLanguage\":\"en-GB\"},{\"@type\":\"Organization\",\"@id\":\"https:\/\/g3d-wargame.com\/#organization\",\"name\":\"G3D\",\"alternateName\":\"G3D WARGAME\",\"url\":\"https:\/\/g3d-wargame.com\/\",\"logo\":{\"@type\":\"ImageObject\",\"inLanguage\":\"en-GB\",\"@id\":\"https:\/\/g3d-wargame.com\/#\/schema\/logo\/image\/\",\"url\":\"https:\/\/g3d-wargame.com\/wp-content\/uploads\/2023\/12\/G3DLOGO-v1-700-x-700-px.png\",\"contentUrl\":\"https:\/\/g3d-wargame.com\/wp-content\/uploads\/2023\/12\/G3DLOGO-v1-700-x-700-px.png\",\"width\":788,\"height\":788,\"caption\":\"G3D\"},\"image\":{\"@id\":\"https:\/\/g3d-wargame.com\/#\/schema\/logo\/image\/\"}}]}<\/script>\n<!-- \/ Yoast SEO plugin. -->","yoast_head_json":{"title":"Escouade Tactique MkII &#8211; G3D","robots":{"index":"index","follow":"follow","max-snippet":"max-snippet:-1","max-image-preview":"max-image-preview:large","max-video-preview":"max-video-preview:-1"},"canonical":"https:\/\/g3d-wargame.com\/en\/product\/escouade-tactique-mkii\/","og_locale":"en_GB","og_type":"article","og_title":"Escouade Tactique MkII &#8211; G3D","og_description":"20 figurines en plastique pour Warhammer: The Horus Heresy Ajoutez de l&rsquo;infanterie hautement polyvalente \u00e0 votre arm\u00e9e des Legiones Astartes Facile \u00e0 personnaliser avec des options d&rsquo;armes et d&rsquo;ornements, incluant des t\u00eates et accessoires interchangeables Peut \u00eatre combin\u00e9e avec plusieurs sets d&rsquo;am\u00e9liorations compatibles afin d&rsquo;obtenir diff\u00e9rents types d&rsquo;unit\u00e9s Les Escouades Tactiques sont l&rsquo;assise m\u00eame des L\u00e9gions Space Marines, et les&hellip;","og_url":"https:\/\/g3d-wargame.com\/en\/product\/escouade-tactique-mkii\/","og_site_name":"G3D","article_modified_time":"2025-09-11T07:15:48+00:00","og_image":[{"width":918,"height":948,"url":"https:\/\/g3d-wargame.com\/wp-content\/uploads\/2025\/09\/99123001058_HorusHeresyMkIITacticalSquad10.jpg","type":"image\/jpeg"}],"twitter_card":"summary_large_image","twitter_misc":{"Estimated reading time":"3 minutes"},"schema":{"@context":"https:\/\/schema.org","@graph":[{"@type":"WebPage","@id":"https:\/\/g3d-wargame.com\/produit\/escouade-tactique-mkii\/","url":"https:\/\/g3d-wargame.com\/produit\/escouade-tactique-mkii\/","name":"Escouade Tactique MkII &#8211; G3D","isPartOf":{"@id":"https:\/\/g3d-wargame.com\/#website"},"primaryImageOfPage":{"@id":"https:\/\/g3d-wargame.com\/produit\/escouade-tactique-mkii\/#primaryimage"},"image":{"@id":"https:\/\/g3d-wargame.com\/produit\/escouade-tactique-mkii\/#primaryimage"},"thumbnailUrl":"https:\/\/g3d-wargame.com\/wp-content\/uploads\/2025\/09\/99123001058_HorusHeresyMkIITacticalSquad10.jpg","datePublished":"2025-09-11T07:15:05+00:00","dateModified":"2025-09-11T07:15:48+00:00","breadcrumb":{"@id":"https:\/\/g3d-wargame.com\/produit\/escouade-tactique-mkii\/#breadcrumb"},"inLanguage":"en-GB","potentialAction":[{"@type":"ReadAction","target":["https:\/\/g3d-wargame.com\/produit\/escouade-tactique-mkii\/"]}]},{"@type":"ImageObject","inLanguage":"en-GB","@id":"https:\/\/g3d-wargame.com\/produit\/escouade-tactique-mkii\/#primaryimage","url":"https:\/\/g3d-wargame.com\/wp-content\/uploads\/2025\/09\/99123001058_HorusHeresyMkIITacticalSquad10.jpg","contentUrl":"https:\/\/g3d-wargame.com\/wp-content\/uploads\/2025\/09\/99123001058_HorusHeresyMkIITacticalSquad10.jpg","width":918,"height":948},{"@type":"BreadcrumbList","@id":"https:\/\/g3d-wargame.com\/produit\/escouade-tactique-mkii\/#breadcrumb","itemListElement":[{"@type":"ListItem","position":1,"name":"Accueil","item":"https:\/\/g3d-wargame.com\/"},{"@type":"ListItem","position":2,"name":"Produits","item":"https:\/\/g3d-wargame.com\/shop__trashed\/"},{"@type":"ListItem","position":3,"name":"Escouade Tactique MkII"}]},{"@type":"WebSite","@id":"https:\/\/g3d-wargame.com\/#website","url":"https:\/\/g3d-wargame.com\/","name":"G3D","description":"3D printing","publisher":{"@id":"https:\/\/g3d-wargame.com\/#organization"},"alternateName":"G3D Wargame","potentialAction":[{"@type":"SearchAction","target":{"@type":"EntryPoint","urlTemplate":"https:\/\/g3d-wargame.com\/?s={search_term_string}"},"query-input":{"@type":"PropertyValueSpecification","valueRequired":true,"valueName":"search_term_string"}}],"inLanguage":"en-GB"},{"@type":"Organization","@id":"https:\/\/g3d-wargame.com\/#organization","name":"G3D","alternateName":"G3D WARGAME","url":"https:\/\/g3d-wargame.com\/","logo":{"@type":"ImageObject","inLanguage":"en-GB","@id":"https:\/\/g3d-wargame.com\/#\/schema\/logo\/image\/","url":"https:\/\/g3d-wargame.com\/wp-content\/uploads\/2023\/12\/G3DLOGO-v1-700-x-700-px.png","contentUrl":"https:\/\/g3d-wargame.com\/wp-content\/uploads\/2023\/12\/G3DLOGO-v1-700-x-700-px.png","width":788,"height":788,"caption":"G3D"},"image":{"@id":"https:\/\/g3d-wargame.com\/#\/schema\/logo\/image\/"}}]}},"_links":{"self":[{"href":"https:\/\/g3d-wargame.com\/en\/wp-json\/wp\/v2\/product\/7316","targetHints":{"allow":["GET"]}}],"collection":[{"href":"https:\/\/g3d-wargame.com\/en\/wp-json\/wp\/v2\/product"}],"about":[{"href":"https:\/\/g3d-wargame.com\/en\/wp-json\/wp\/v2\/types\/product"}],"wp:featuredmedia":[{"embeddable":true,"href":"https:\/\/g3d-wargame.com\/en\/wp-json\/wp\/v2\/media\/7320"}],"wp:attachment":[{"href":"https:\/\/g3d-wargame.com\/en\/wp-json\/wp\/v2\/media?parent=7316"}],"wp:term":[{"taxonomy":"product_brand","embeddable":true,"href":"https:\/\/g3d-wargame.com\/en\/wp-json\/wp\/v2\/product_brand?post=7316"},{"taxonomy":"product_cat","embeddable":true,"href":"https:\/\/g3d-wargame.com\/en\/wp-json\/wp\/v2\/product_cat?post=7316"},{"taxonomy":"product_tag","embeddable":true,"href":"https:\/\/g3d-wargame.com\/en\/wp-json\/wp\/v2\/product_tag?post=7316"}],"curies":[{"name":"wp","href":"https:\/\/api.w.org\/{rel}","templated":true}]}}