{"id":7252,"date":"2025-09-10T16:15:03","date_gmt":"2025-09-10T14:15:03","guid":{"rendered":"https:\/\/g3d-wargame.com\/?post_type=product&#038;p=7252"},"modified":"2025-09-10T16:15:37","modified_gmt":"2025-09-10T14:15:37","slug":"flayed-one-flesh","status":"publish","type":"product","link":"https:\/\/g3d-wargame.com\/en\/product\/flayed-one-flesh\/","title":{"rendered":"flayed one flesh"},"content":{"rendered":"<div class=\"w-full relative rounded-md border bg-White-Primary-80 text-black border-White-Primary-80  border-solid  py-4 md:py-8  after:content-[''] after:absolute after:w-1 after:h-1 after:bg-gamesWorkshop            after:rounded-full after:left-6 after:top-[calc(12px+2px+0.5ch)] md:after:top-[calc(50%-0.125rem)]             md:odd:justify-self-end md:even:justify-self-start             flex items-center\" data-testid=\"product-detail-feature-container-0\"><\/p>\n<p class=\"w-full pl-16 pr-6 m-0 break-words bg-transparent text-marine-md\" data-testid=\"product-detail-feature-0\"><a href=\"https:\/\/citadelcolour.com\/playlist\/6038888620001\/6038127287001\" target=\"_blank\" rel=\"noopener\">Tutoriel: peinture Layer<\/a><\/p>\n<\/div>\n<div class=\"w-full relative rounded-md border bg-White-Primary-80 text-black border-White-Primary-80  border-solid  py-4 md:py-8  after:content-[''] after:absolute after:w-1 after:h-1 after:bg-gamesWorkshop            after:rounded-full after:left-6 after:top-[calc(12px+2px+0.5ch)] md:after:top-[calc(50%-0.125rem)]             md:odd:justify-self-end md:even:justify-self-start             flex items-center\" data-testid=\"product-detail-feature-container-1\"><\/p>\n<p class=\"w-full pl-16 pr-6 m-0 break-words bg-transparent text-marine-md\" data-testid=\"product-detail-feature-1\">Formule con\u00e7ue pour les \u00e9claircissements nets et les d\u00e9grad\u00e9s<\/p>\n<\/div>\n<div class=\"w-full relative rounded-md border bg-White-Primary-80 text-black border-White-Primary-80  border-solid  py-4 md:py-8  after:content-[''] after:absolute after:w-1 after:h-1 after:bg-gamesWorkshop            after:rounded-full after:left-6 after:top-[calc(12px+2px+0.5ch)] md:after:top-[calc(50%-0.125rem)]             md:odd:justify-self-end md:even:justify-self-start             flex items-center\" data-testid=\"product-detail-feature-container-2\"><\/p>\n<p class=\"w-full pl-16 pr-6 m-0 break-words bg-transparent text-marine-md\" data-testid=\"product-detail-feature-2\">Finition mate lisse<\/p>\n<\/div>\n<div class=\"w-full relative rounded-md border bg-White-Primary-80 text-black border-White-Primary-80  border-solid  py-4 md:py-8  after:content-[''] after:absolute after:w-1 after:h-1 after:bg-gamesWorkshop            after:rounded-full after:left-6 after:top-[calc(12px+2px+0.5ch)] md:after:top-[calc(50%-0.125rem)]             md:odd:justify-self-end md:even:justify-self-start             flex items-center\" data-testid=\"product-detail-feature-container-3\"><\/p>\n<p class=\"w-full pl-16 pr-6 m-0 break-words bg-transparent text-marine-md\" data-testid=\"product-detail-feature-3\">\u00c0 l&rsquo;eau<\/p>\n<\/div>","protected":false},"excerpt":{"rendered":"<p>Tutoriel: peinture Layer Formule con\u00e7ue pour les \u00e9claircissements nets et les d\u00e9grad\u00e9s Finition mate lisse \u00c0 l&rsquo;eau<\/p>","protected":false},"featured_media":7253,"template":"","meta":[],"product_brand":[],"product_cat":[79],"product_tag":[],"class_list":{"0":"post-7252","1":"product","2":"type-product","3":"status-publish","4":"has-post-thumbnail","6":"product_cat-layer","8":"first","9":"instock","10":"sale","11":"taxable","12":"shipping-taxable","13":"purchasable","14":"product-type-simple"},"yoast_head":"<!-- This site is optimized with the Yoast SEO plugin v25.8 - https:\/\/yoast.com\/wordpress\/plugins\/seo\/ -->\n<title>flayed one flesh &#8211; G3D<\/title>\n<meta name=\"robots\" content=\"index, follow, max-snippet:-1, max-image-preview:large, max-video-preview:-1\" \/>\n<link rel=\"canonical\" href=\"https:\/\/g3d-wargame.com\/en\/product\/flayed-one-flesh\/\" \/>\n<meta property=\"og:locale\" content=\"en_GB\" \/>\n<meta property=\"og:type\" content=\"article\" \/>\n<meta property=\"og:title\" content=\"flayed one flesh &#8211; G3D\" \/>\n<meta property=\"og:description\" content=\"Tutoriel: peinture Layer Formule con\u00e7ue pour les \u00e9claircissements nets et les d\u00e9grad\u00e9s Finition mate lisse \u00c0 l&rsquo;eau\" \/>\n<meta property=\"og:url\" content=\"https:\/\/g3d-wargame.com\/en\/product\/flayed-one-flesh\/\" \/>\n<meta property=\"og:site_name\" content=\"G3D\" \/>\n<meta property=\"article:modified_time\" content=\"2025-09-10T14:15:37+00:00\" \/>\n<meta name=\"twitter:card\" content=\"summary_large_image\" \/>\n<meta name=\"twitter:label1\" content=\"Estimated reading time\" \/>\n\t<meta name=\"twitter:data1\" content=\"1 minute\" \/>\n<script type=\"application\/ld+json\" class=\"yoast-schema-graph\">{\"@context\":\"https:\/\/schema.org\",\"@graph\":[{\"@type\":\"WebPage\",\"@id\":\"https:\/\/g3d-wargame.com\/produit\/flayed-one-flesh\/\",\"url\":\"https:\/\/g3d-wargame.com\/produit\/flayed-one-flesh\/\",\"name\":\"flayed one flesh &#8211; G3D\",\"isPartOf\":{\"@id\":\"https:\/\/g3d-wargame.com\/#website\"},\"primaryImageOfPage\":{\"@id\":\"https:\/\/g3d-wargame.com\/produit\/flayed-one-flesh\/#primaryimage\"},\"image\":{\"@id\":\"https:\/\/g3d-wargame.com\/produit\/flayed-one-flesh\/#primaryimage\"},\"thumbnailUrl\":\"https:\/\/g3d-wargame.com\/wp-content\/uploads\/2025\/09\/99189951074_layerFlayedOneFlesh.svg\",\"datePublished\":\"2025-09-10T14:15:03+00:00\",\"dateModified\":\"2025-09-10T14:15:37+00:00\",\"breadcrumb\":{\"@id\":\"https:\/\/g3d-wargame.com\/produit\/flayed-one-flesh\/#breadcrumb\"},\"inLanguage\":\"en-GB\",\"potentialAction\":[{\"@type\":\"ReadAction\",\"target\":[\"https:\/\/g3d-wargame.com\/produit\/flayed-one-flesh\/\"]}]},{\"@type\":\"ImageObject\",\"inLanguage\":\"en-GB\",\"@id\":\"https:\/\/g3d-wargame.com\/produit\/flayed-one-flesh\/#primaryimage\",\"url\":\"https:\/\/g3d-wargame.com\/wp-content\/uploads\/2025\/09\/99189951074_layerFlayedOneFlesh.svg\",\"contentUrl\":\"https:\/\/g3d-wargame.com\/wp-content\/uploads\/2025\/09\/99189951074_layerFlayedOneFlesh.svg\",\"width\":52,\"height\":62},{\"@type\":\"BreadcrumbList\",\"@id\":\"https:\/\/g3d-wargame.com\/produit\/flayed-one-flesh\/#breadcrumb\",\"itemListElement\":[{\"@type\":\"ListItem\",\"position\":1,\"name\":\"Accueil\",\"item\":\"https:\/\/g3d-wargame.com\/\"},{\"@type\":\"ListItem\",\"position\":2,\"name\":\"Produits\",\"item\":\"https:\/\/g3d-wargame.com\/shop__trashed\/\"},{\"@type\":\"ListItem\",\"position\":3,\"name\":\"flayed one flesh\"}]},{\"@type\":\"WebSite\",\"@id\":\"https:\/\/g3d-wargame.com\/#website\",\"url\":\"https:\/\/g3d-wargame.com\/\",\"name\":\"G3D\",\"description\":\" impression 3D\",\"publisher\":{\"@id\":\"https:\/\/g3d-wargame.com\/#organization\"},\"alternateName\":\"G3D Wargame\",\"potentialAction\":[{\"@type\":\"SearchAction\",\"target\":{\"@type\":\"EntryPoint\",\"urlTemplate\":\"https:\/\/g3d-wargame.com\/?s={search_term_string}\"},\"query-input\":{\"@type\":\"PropertyValueSpecification\",\"valueRequired\":true,\"valueName\":\"search_term_string\"}}],\"inLanguage\":\"en-GB\"},{\"@type\":\"Organization\",\"@id\":\"https:\/\/g3d-wargame.com\/#organization\",\"name\":\"G3D\",\"alternateName\":\"G3D WARGAME\",\"url\":\"https:\/\/g3d-wargame.com\/\",\"logo\":{\"@type\":\"ImageObject\",\"inLanguage\":\"en-GB\",\"@id\":\"https:\/\/g3d-wargame.com\/#\/schema\/logo\/image\/\",\"url\":\"https:\/\/g3d-wargame.com\/wp-content\/uploads\/2023\/12\/G3DLOGO-v1-700-x-700-px.png\",\"contentUrl\":\"https:\/\/g3d-wargame.com\/wp-content\/uploads\/2023\/12\/G3DLOGO-v1-700-x-700-px.png\",\"width\":788,\"height\":788,\"caption\":\"G3D\"},\"image\":{\"@id\":\"https:\/\/g3d-wargame.com\/#\/schema\/logo\/image\/\"}}]}<\/script>\n<!-- \/ Yoast SEO plugin. -->","yoast_head_json":{"title":"flayed one flesh &#8211; G3D","robots":{"index":"index","follow":"follow","max-snippet":"max-snippet:-1","max-image-preview":"max-image-preview:large","max-video-preview":"max-video-preview:-1"},"canonical":"https:\/\/g3d-wargame.com\/en\/product\/flayed-one-flesh\/","og_locale":"en_GB","og_type":"article","og_title":"flayed one flesh &#8211; G3D","og_description":"Tutoriel: peinture Layer Formule con\u00e7ue pour les \u00e9claircissements nets et les d\u00e9grad\u00e9s Finition mate lisse \u00c0 l&rsquo;eau","og_url":"https:\/\/g3d-wargame.com\/en\/product\/flayed-one-flesh\/","og_site_name":"G3D","article_modified_time":"2025-09-10T14:15:37+00:00","twitter_card":"summary_large_image","twitter_misc":{"Estimated reading time":"1 minute"},"schema":{"@context":"https:\/\/schema.org","@graph":[{"@type":"WebPage","@id":"https:\/\/g3d-wargame.com\/produit\/flayed-one-flesh\/","url":"https:\/\/g3d-wargame.com\/produit\/flayed-one-flesh\/","name":"flayed one flesh &#8211; G3D","isPartOf":{"@id":"https:\/\/g3d-wargame.com\/#website"},"primaryImageOfPage":{"@id":"https:\/\/g3d-wargame.com\/produit\/flayed-one-flesh\/#primaryimage"},"image":{"@id":"https:\/\/g3d-wargame.com\/produit\/flayed-one-flesh\/#primaryimage"},"thumbnailUrl":"https:\/\/g3d-wargame.com\/wp-content\/uploads\/2025\/09\/99189951074_layerFlayedOneFlesh.svg","datePublished":"2025-09-10T14:15:03+00:00","dateModified":"2025-09-10T14:15:37+00:00","breadcrumb":{"@id":"https:\/\/g3d-wargame.com\/produit\/flayed-one-flesh\/#breadcrumb"},"inLanguage":"en-GB","potentialAction":[{"@type":"ReadAction","target":["https:\/\/g3d-wargame.com\/produit\/flayed-one-flesh\/"]}]},{"@type":"ImageObject","inLanguage":"en-GB","@id":"https:\/\/g3d-wargame.com\/produit\/flayed-one-flesh\/#primaryimage","url":"https:\/\/g3d-wargame.com\/wp-content\/uploads\/2025\/09\/99189951074_layerFlayedOneFlesh.svg","contentUrl":"https:\/\/g3d-wargame.com\/wp-content\/uploads\/2025\/09\/99189951074_layerFlayedOneFlesh.svg","width":52,"height":62},{"@type":"BreadcrumbList","@id":"https:\/\/g3d-wargame.com\/produit\/flayed-one-flesh\/#breadcrumb","itemListElement":[{"@type":"ListItem","position":1,"name":"Accueil","item":"https:\/\/g3d-wargame.com\/"},{"@type":"ListItem","position":2,"name":"Produits","item":"https:\/\/g3d-wargame.com\/shop__trashed\/"},{"@type":"ListItem","position":3,"name":"flayed one flesh"}]},{"@type":"WebSite","@id":"https:\/\/g3d-wargame.com\/#website","url":"https:\/\/g3d-wargame.com\/","name":"G3D","description":"3D printing","publisher":{"@id":"https:\/\/g3d-wargame.com\/#organization"},"alternateName":"G3D Wargame","potentialAction":[{"@type":"SearchAction","target":{"@type":"EntryPoint","urlTemplate":"https:\/\/g3d-wargame.com\/?s={search_term_string}"},"query-input":{"@type":"PropertyValueSpecification","valueRequired":true,"valueName":"search_term_string"}}],"inLanguage":"en-GB"},{"@type":"Organization","@id":"https:\/\/g3d-wargame.com\/#organization","name":"G3D","alternateName":"G3D WARGAME","url":"https:\/\/g3d-wargame.com\/","logo":{"@type":"ImageObject","inLanguage":"en-GB","@id":"https:\/\/g3d-wargame.com\/#\/schema\/logo\/image\/","url":"https:\/\/g3d-wargame.com\/wp-content\/uploads\/2023\/12\/G3DLOGO-v1-700-x-700-px.png","contentUrl":"https:\/\/g3d-wargame.com\/wp-content\/uploads\/2023\/12\/G3DLOGO-v1-700-x-700-px.png","width":788,"height":788,"caption":"G3D"},"image":{"@id":"https:\/\/g3d-wargame.com\/#\/schema\/logo\/image\/"}}]}},"_links":{"self":[{"href":"https:\/\/g3d-wargame.com\/en\/wp-json\/wp\/v2\/product\/7252","targetHints":{"allow":["GET"]}}],"collection":[{"href":"https:\/\/g3d-wargame.com\/en\/wp-json\/wp\/v2\/product"}],"about":[{"href":"https:\/\/g3d-wargame.com\/en\/wp-json\/wp\/v2\/types\/product"}],"wp:featuredmedia":[{"embeddable":true,"href":"https:\/\/g3d-wargame.com\/en\/wp-json\/wp\/v2\/media\/7253"}],"wp:attachment":[{"href":"https:\/\/g3d-wargame.com\/en\/wp-json\/wp\/v2\/media?parent=7252"}],"wp:term":[{"taxonomy":"product_brand","embeddable":true,"href":"https:\/\/g3d-wargame.com\/en\/wp-json\/wp\/v2\/product_brand?post=7252"},{"taxonomy":"product_cat","embeddable":true,"href":"https:\/\/g3d-wargame.com\/en\/wp-json\/wp\/v2\/product_cat?post=7252"},{"taxonomy":"product_tag","embeddable":true,"href":"https:\/\/g3d-wargame.com\/en\/wp-json\/wp\/v2\/product_tag?post=7252"}],"curies":[{"name":"wp","href":"https:\/\/api.w.org\/{rel}","templated":true}]}}