{"id":7042,"date":"2025-09-07T22:19:45","date_gmt":"2025-09-07T20:19:45","guid":{"rendered":"https:\/\/g3d-wargame.com\/?post_type=product&#038;p=7042"},"modified":"2025-09-07T22:20:14","modified_gmt":"2025-09-07T20:20:14","slug":"old-gold-ak17068","status":"publish","type":"product","link":"https:\/\/g3d-wargame.com\/en\/product\/old-gold-ak17068\/","title":{"rendered":"OLD GOLD AK17068"},"content":{"rendered":"<p><strong><span dir=\"auto\">Acrylique 18ml.<\/span><\/strong><\/p>\n<p><span dir=\"auto\">Ces peintures r\u00e9duisent les \u00e9tapes des peintures traditionnelles (appr\u00eat, base, ombres, reflets) \u00e0 une seule \u00e9tape apr\u00e8s l&rsquo;appr\u00eat*. Cela r\u00e9duit consid\u00e9rablement le temps n\u00e9cessaire \u00e0 la peinture des figurines et, surtout, offre des r\u00e9sultats incroyables. Id\u00e9al pour ceux qui souhaitent peindre leurs arm\u00e9es rapidement et efficacement sans sacrifier la qualit\u00e9.<\/span><\/p>\n<p><span dir=\"auto\">Cette gamme incarne le concept de speed painting \u00e0 travers la technique du contraste.<\/span><\/p>\n<p><span dir=\"auto\">Chaque flacon contient une formulation sp\u00e9ciale \u00e0 base d&rsquo;une r\u00e9sine de nouvelle g\u00e9n\u00e9ration qui en fait la meilleure peinture monocouche pour les miniatures.<\/span><\/p>\n<p><em><span dir=\"auto\">*Il est recommand\u00e9 d&rsquo;appliquer une couche d&rsquo;appr\u00eat blanche pour profiter pleinement des qualit\u00e9s de la peinture.<\/span><\/em><\/p>","protected":false},"excerpt":{"rendered":"<p>Acrylique 18ml. Ces peintures r\u00e9duisent les \u00e9tapes des peintures traditionnelles (appr\u00eat, base, ombres, reflets) \u00e0 une seule \u00e9tape apr\u00e8s l&rsquo;appr\u00eat*. Cela r\u00e9duit consid\u00e9rablement le temps n\u00e9cessaire \u00e0 la peinture des figurines et, surtout, offre des r\u00e9sultats incroyables. Id\u00e9al pour ceux qui souhaitent peindre leurs arm\u00e9es rapidement et efficacement sans sacrifier la qualit\u00e9. Cette gamme incarne le concept de speed painting&hellip;<\/p>","protected":false},"featured_media":7043,"template":"","meta":[],"product_brand":[],"product_cat":[85],"product_tag":[],"class_list":{"0":"post-7042","1":"product","2":"type-product","3":"status-publish","4":"has-post-thumbnail","6":"product_cat-quick-gen","8":"first","9":"instock","10":"taxable","11":"shipping-taxable","12":"purchasable","13":"product-type-simple"},"yoast_head":"<!-- This site is optimized with the Yoast SEO plugin v25.8 - https:\/\/yoast.com\/wordpress\/plugins\/seo\/ -->\n<title>OLD GOLD AK17068 &#8211; G3D<\/title>\n<meta name=\"robots\" content=\"index, follow, max-snippet:-1, max-image-preview:large, max-video-preview:-1\" \/>\n<link rel=\"canonical\" href=\"https:\/\/g3d-wargame.com\/en\/product\/old-gold-ak17068\/\" \/>\n<meta property=\"og:locale\" content=\"en_GB\" \/>\n<meta property=\"og:type\" content=\"article\" \/>\n<meta property=\"og:title\" content=\"OLD GOLD AK17068 &#8211; G3D\" \/>\n<meta property=\"og:description\" content=\"Acrylique 18ml. Ces peintures r\u00e9duisent les \u00e9tapes des peintures traditionnelles (appr\u00eat, base, ombres, reflets) \u00e0 une seule \u00e9tape apr\u00e8s l&rsquo;appr\u00eat*. Cela r\u00e9duit consid\u00e9rablement le temps n\u00e9cessaire \u00e0 la peinture des figurines et, surtout, offre des r\u00e9sultats incroyables. Id\u00e9al pour ceux qui souhaitent peindre leurs arm\u00e9es rapidement et efficacement sans sacrifier la qualit\u00e9. Cette gamme incarne le concept de speed painting&hellip;\" \/>\n<meta property=\"og:url\" content=\"https:\/\/g3d-wargame.com\/en\/product\/old-gold-ak17068\/\" \/>\n<meta property=\"og:site_name\" content=\"G3D\" \/>\n<meta property=\"article:modified_time\" content=\"2025-09-07T20:20:14+00:00\" \/>\n<meta property=\"og:image\" content=\"https:\/\/g3d-wargame.com\/wp-content\/uploads\/2025\/09\/AK17068_02.jpg\" \/>\n\t<meta property=\"og:image:width\" content=\"1200\" \/>\n\t<meta property=\"og:image:height\" content=\"1200\" \/>\n\t<meta property=\"og:image:type\" content=\"image\/jpeg\" \/>\n<meta name=\"twitter:card\" content=\"summary_large_image\" \/>\n<meta name=\"twitter:label1\" content=\"Estimated reading time\" \/>\n\t<meta name=\"twitter:data1\" content=\"1 minute\" \/>\n<script type=\"application\/ld+json\" class=\"yoast-schema-graph\">{\"@context\":\"https:\/\/schema.org\",\"@graph\":[{\"@type\":\"WebPage\",\"@id\":\"https:\/\/g3d-wargame.com\/produit\/old-gold-ak17068\/\",\"url\":\"https:\/\/g3d-wargame.com\/produit\/old-gold-ak17068\/\",\"name\":\"OLD GOLD AK17068 &#8211; G3D\",\"isPartOf\":{\"@id\":\"https:\/\/g3d-wargame.com\/#website\"},\"primaryImageOfPage\":{\"@id\":\"https:\/\/g3d-wargame.com\/produit\/old-gold-ak17068\/#primaryimage\"},\"image\":{\"@id\":\"https:\/\/g3d-wargame.com\/produit\/old-gold-ak17068\/#primaryimage\"},\"thumbnailUrl\":\"https:\/\/g3d-wargame.com\/wp-content\/uploads\/2025\/09\/AK17068_02.jpg\",\"datePublished\":\"2025-09-07T20:19:45+00:00\",\"dateModified\":\"2025-09-07T20:20:14+00:00\",\"breadcrumb\":{\"@id\":\"https:\/\/g3d-wargame.com\/produit\/old-gold-ak17068\/#breadcrumb\"},\"inLanguage\":\"en-GB\",\"potentialAction\":[{\"@type\":\"ReadAction\",\"target\":[\"https:\/\/g3d-wargame.com\/produit\/old-gold-ak17068\/\"]}]},{\"@type\":\"ImageObject\",\"inLanguage\":\"en-GB\",\"@id\":\"https:\/\/g3d-wargame.com\/produit\/old-gold-ak17068\/#primaryimage\",\"url\":\"https:\/\/g3d-wargame.com\/wp-content\/uploads\/2025\/09\/AK17068_02.jpg\",\"contentUrl\":\"https:\/\/g3d-wargame.com\/wp-content\/uploads\/2025\/09\/AK17068_02.jpg\",\"width\":1200,\"height\":1200},{\"@type\":\"BreadcrumbList\",\"@id\":\"https:\/\/g3d-wargame.com\/produit\/old-gold-ak17068\/#breadcrumb\",\"itemListElement\":[{\"@type\":\"ListItem\",\"position\":1,\"name\":\"Accueil\",\"item\":\"https:\/\/g3d-wargame.com\/\"},{\"@type\":\"ListItem\",\"position\":2,\"name\":\"Produits\",\"item\":\"https:\/\/g3d-wargame.com\/shop__trashed\/\"},{\"@type\":\"ListItem\",\"position\":3,\"name\":\"OLD GOLD AK17068\"}]},{\"@type\":\"WebSite\",\"@id\":\"https:\/\/g3d-wargame.com\/#website\",\"url\":\"https:\/\/g3d-wargame.com\/\",\"name\":\"G3D\",\"description\":\" impression 3D\",\"publisher\":{\"@id\":\"https:\/\/g3d-wargame.com\/#organization\"},\"alternateName\":\"G3D Wargame\",\"potentialAction\":[{\"@type\":\"SearchAction\",\"target\":{\"@type\":\"EntryPoint\",\"urlTemplate\":\"https:\/\/g3d-wargame.com\/?s={search_term_string}\"},\"query-input\":{\"@type\":\"PropertyValueSpecification\",\"valueRequired\":true,\"valueName\":\"search_term_string\"}}],\"inLanguage\":\"en-GB\"},{\"@type\":\"Organization\",\"@id\":\"https:\/\/g3d-wargame.com\/#organization\",\"name\":\"G3D\",\"alternateName\":\"G3D WARGAME\",\"url\":\"https:\/\/g3d-wargame.com\/\",\"logo\":{\"@type\":\"ImageObject\",\"inLanguage\":\"en-GB\",\"@id\":\"https:\/\/g3d-wargame.com\/#\/schema\/logo\/image\/\",\"url\":\"https:\/\/g3d-wargame.com\/wp-content\/uploads\/2023\/12\/G3DLOGO-v1-700-x-700-px.png\",\"contentUrl\":\"https:\/\/g3d-wargame.com\/wp-content\/uploads\/2023\/12\/G3DLOGO-v1-700-x-700-px.png\",\"width\":788,\"height\":788,\"caption\":\"G3D\"},\"image\":{\"@id\":\"https:\/\/g3d-wargame.com\/#\/schema\/logo\/image\/\"}}]}<\/script>\n<!-- \/ Yoast SEO plugin. -->","yoast_head_json":{"title":"OLD GOLD AK17068 &#8211; G3D","robots":{"index":"index","follow":"follow","max-snippet":"max-snippet:-1","max-image-preview":"max-image-preview:large","max-video-preview":"max-video-preview:-1"},"canonical":"https:\/\/g3d-wargame.com\/en\/product\/old-gold-ak17068\/","og_locale":"en_GB","og_type":"article","og_title":"OLD GOLD AK17068 &#8211; G3D","og_description":"Acrylique 18ml. Ces peintures r\u00e9duisent les \u00e9tapes des peintures traditionnelles (appr\u00eat, base, ombres, reflets) \u00e0 une seule \u00e9tape apr\u00e8s l&rsquo;appr\u00eat*. Cela r\u00e9duit consid\u00e9rablement le temps n\u00e9cessaire \u00e0 la peinture des figurines et, surtout, offre des r\u00e9sultats incroyables. Id\u00e9al pour ceux qui souhaitent peindre leurs arm\u00e9es rapidement et efficacement sans sacrifier la qualit\u00e9. Cette gamme incarne le concept de speed painting&hellip;","og_url":"https:\/\/g3d-wargame.com\/en\/product\/old-gold-ak17068\/","og_site_name":"G3D","article_modified_time":"2025-09-07T20:20:14+00:00","og_image":[{"width":1200,"height":1200,"url":"https:\/\/g3d-wargame.com\/wp-content\/uploads\/2025\/09\/AK17068_02.jpg","type":"image\/jpeg"}],"twitter_card":"summary_large_image","twitter_misc":{"Estimated reading time":"1 minute"},"schema":{"@context":"https:\/\/schema.org","@graph":[{"@type":"WebPage","@id":"https:\/\/g3d-wargame.com\/produit\/old-gold-ak17068\/","url":"https:\/\/g3d-wargame.com\/produit\/old-gold-ak17068\/","name":"OLD GOLD AK17068 &#8211; G3D","isPartOf":{"@id":"https:\/\/g3d-wargame.com\/#website"},"primaryImageOfPage":{"@id":"https:\/\/g3d-wargame.com\/produit\/old-gold-ak17068\/#primaryimage"},"image":{"@id":"https:\/\/g3d-wargame.com\/produit\/old-gold-ak17068\/#primaryimage"},"thumbnailUrl":"https:\/\/g3d-wargame.com\/wp-content\/uploads\/2025\/09\/AK17068_02.jpg","datePublished":"2025-09-07T20:19:45+00:00","dateModified":"2025-09-07T20:20:14+00:00","breadcrumb":{"@id":"https:\/\/g3d-wargame.com\/produit\/old-gold-ak17068\/#breadcrumb"},"inLanguage":"en-GB","potentialAction":[{"@type":"ReadAction","target":["https:\/\/g3d-wargame.com\/produit\/old-gold-ak17068\/"]}]},{"@type":"ImageObject","inLanguage":"en-GB","@id":"https:\/\/g3d-wargame.com\/produit\/old-gold-ak17068\/#primaryimage","url":"https:\/\/g3d-wargame.com\/wp-content\/uploads\/2025\/09\/AK17068_02.jpg","contentUrl":"https:\/\/g3d-wargame.com\/wp-content\/uploads\/2025\/09\/AK17068_02.jpg","width":1200,"height":1200},{"@type":"BreadcrumbList","@id":"https:\/\/g3d-wargame.com\/produit\/old-gold-ak17068\/#breadcrumb","itemListElement":[{"@type":"ListItem","position":1,"name":"Accueil","item":"https:\/\/g3d-wargame.com\/"},{"@type":"ListItem","position":2,"name":"Produits","item":"https:\/\/g3d-wargame.com\/shop__trashed\/"},{"@type":"ListItem","position":3,"name":"OLD GOLD AK17068"}]},{"@type":"WebSite","@id":"https:\/\/g3d-wargame.com\/#website","url":"https:\/\/g3d-wargame.com\/","name":"G3D","description":"3D printing","publisher":{"@id":"https:\/\/g3d-wargame.com\/#organization"},"alternateName":"G3D Wargame","potentialAction":[{"@type":"SearchAction","target":{"@type":"EntryPoint","urlTemplate":"https:\/\/g3d-wargame.com\/?s={search_term_string}"},"query-input":{"@type":"PropertyValueSpecification","valueRequired":true,"valueName":"search_term_string"}}],"inLanguage":"en-GB"},{"@type":"Organization","@id":"https:\/\/g3d-wargame.com\/#organization","name":"G3D","alternateName":"G3D WARGAME","url":"https:\/\/g3d-wargame.com\/","logo":{"@type":"ImageObject","inLanguage":"en-GB","@id":"https:\/\/g3d-wargame.com\/#\/schema\/logo\/image\/","url":"https:\/\/g3d-wargame.com\/wp-content\/uploads\/2023\/12\/G3DLOGO-v1-700-x-700-px.png","contentUrl":"https:\/\/g3d-wargame.com\/wp-content\/uploads\/2023\/12\/G3DLOGO-v1-700-x-700-px.png","width":788,"height":788,"caption":"G3D"},"image":{"@id":"https:\/\/g3d-wargame.com\/#\/schema\/logo\/image\/"}}]}},"_links":{"self":[{"href":"https:\/\/g3d-wargame.com\/en\/wp-json\/wp\/v2\/product\/7042","targetHints":{"allow":["GET"]}}],"collection":[{"href":"https:\/\/g3d-wargame.com\/en\/wp-json\/wp\/v2\/product"}],"about":[{"href":"https:\/\/g3d-wargame.com\/en\/wp-json\/wp\/v2\/types\/product"}],"wp:featuredmedia":[{"embeddable":true,"href":"https:\/\/g3d-wargame.com\/en\/wp-json\/wp\/v2\/media\/7043"}],"wp:attachment":[{"href":"https:\/\/g3d-wargame.com\/en\/wp-json\/wp\/v2\/media?parent=7042"}],"wp:term":[{"taxonomy":"product_brand","embeddable":true,"href":"https:\/\/g3d-wargame.com\/en\/wp-json\/wp\/v2\/product_brand?post=7042"},{"taxonomy":"product_cat","embeddable":true,"href":"https:\/\/g3d-wargame.com\/en\/wp-json\/wp\/v2\/product_cat?post=7042"},{"taxonomy":"product_tag","embeddable":true,"href":"https:\/\/g3d-wargame.com\/en\/wp-json\/wp\/v2\/product_tag?post=7042"}],"curies":[{"name":"wp","href":"https:\/\/api.w.org\/{rel}","templated":true}]}}