{"id":7014,"date":"2025-09-07T21:50:30","date_gmt":"2025-09-07T19:50:30","guid":{"rendered":"https:\/\/g3d-wargame.com\/?post_type=product&#038;p=7014"},"modified":"2025-09-07T21:51:02","modified_gmt":"2025-09-07T19:51:02","slug":"warm-yellow-ak17010","status":"publish","type":"product","link":"https:\/\/g3d-wargame.com\/en\/product\/warm-yellow-ak17010\/","title":{"rendered":"WARM YELLOW AK17010"},"content":{"rendered":"<p><span dir=\"auto\">Ces peintures r\u00e9duisent les \u00e9tapes des peintures traditionnelles (appr\u00eat, base, ombres, reflets) \u00e0 une seule \u00e9tape apr\u00e8s l&rsquo;appr\u00eat*. Cela r\u00e9duit consid\u00e9rablement le temps n\u00e9cessaire \u00e0 la peinture des figurines et, surtout, offre des r\u00e9sultats incroyables. Id\u00e9al pour ceux qui souhaitent peindre leurs arm\u00e9es rapidement et efficacement sans sacrifier la qualit\u00e9.<\/span><\/p>\n<p><span dir=\"auto\">Cette gamme incarne le concept de speed painting \u00e0 travers la technique du contraste.<\/span><\/p>\n<p><span dir=\"auto\">Chaque flacon contient une formulation sp\u00e9ciale \u00e0 base d&rsquo;une r\u00e9sine de nouvelle g\u00e9n\u00e9ration qui en fait la meilleure peinture monocouche pour les miniatures.<\/span><\/p>\n<p><span dir=\"auto\">L&rsquo;\u00e9tiquette identifie le niveau d&rsquo;intensit\u00e9 de chaque couleur :\u00a0<\/span><strong><span dir=\"auto\">Faible-Moyen-\u00c9lev\u00e9<\/span><\/strong><span dir=\"auto\">\u00a0.<\/span><\/p>\n<p><em><span dir=\"auto\">*Il est recommand\u00e9 d&rsquo;appliquer une couche d&rsquo;appr\u00eat blanche pour profiter pleinement des qualit\u00e9s de la peinture.<\/span><\/em><\/p>","protected":false},"excerpt":{"rendered":"<p>Ces peintures r\u00e9duisent les \u00e9tapes des peintures traditionnelles (appr\u00eat, base, ombres, reflets) \u00e0 une seule \u00e9tape apr\u00e8s l&rsquo;appr\u00eat*. Cela r\u00e9duit consid\u00e9rablement le temps n\u00e9cessaire \u00e0 la peinture des figurines et, surtout, offre des r\u00e9sultats incroyables. Id\u00e9al pour ceux qui souhaitent peindre leurs arm\u00e9es rapidement et efficacement sans sacrifier la qualit\u00e9. Cette gamme incarne le concept de speed painting \u00e0 travers&hellip;<\/p>","protected":false},"featured_media":7015,"template":"","meta":[],"product_brand":[],"product_cat":[85],"product_tag":[],"class_list":{"0":"post-7014","1":"product","2":"type-product","3":"status-publish","4":"has-post-thumbnail","6":"product_cat-quick-gen","8":"first","9":"instock","10":"taxable","11":"shipping-taxable","12":"purchasable","13":"product-type-simple"},"yoast_head":"<!-- This site is optimized with the Yoast SEO plugin v25.8 - https:\/\/yoast.com\/wordpress\/plugins\/seo\/ -->\n<title>WARM YELLOW AK17010 &#8211; G3D<\/title>\n<meta name=\"robots\" content=\"index, follow, max-snippet:-1, max-image-preview:large, max-video-preview:-1\" \/>\n<link rel=\"canonical\" href=\"https:\/\/g3d-wargame.com\/en\/product\/warm-yellow-ak17010\/\" \/>\n<meta property=\"og:locale\" content=\"en_GB\" \/>\n<meta property=\"og:type\" content=\"article\" \/>\n<meta property=\"og:title\" content=\"WARM YELLOW AK17010 &#8211; G3D\" \/>\n<meta property=\"og:description\" content=\"Ces peintures r\u00e9duisent les \u00e9tapes des peintures traditionnelles (appr\u00eat, base, ombres, reflets) \u00e0 une seule \u00e9tape apr\u00e8s l&rsquo;appr\u00eat*. Cela r\u00e9duit consid\u00e9rablement le temps n\u00e9cessaire \u00e0 la peinture des figurines et, surtout, offre des r\u00e9sultats incroyables. Id\u00e9al pour ceux qui souhaitent peindre leurs arm\u00e9es rapidement et efficacement sans sacrifier la qualit\u00e9. Cette gamme incarne le concept de speed painting \u00e0 travers&hellip;\" \/>\n<meta property=\"og:url\" content=\"https:\/\/g3d-wargame.com\/en\/product\/warm-yellow-ak17010\/\" \/>\n<meta property=\"og:site_name\" content=\"G3D\" \/>\n<meta property=\"article:modified_time\" content=\"2025-09-07T19:51:02+00:00\" \/>\n<meta property=\"og:image\" content=\"https:\/\/g3d-wargame.com\/wp-content\/uploads\/2025\/09\/AK17010_02.jpg\" \/>\n\t<meta property=\"og:image:width\" content=\"1200\" \/>\n\t<meta property=\"og:image:height\" content=\"1200\" \/>\n\t<meta property=\"og:image:type\" content=\"image\/jpeg\" \/>\n<meta name=\"twitter:card\" content=\"summary_large_image\" \/>\n<meta name=\"twitter:label1\" content=\"Estimated reading time\" \/>\n\t<meta name=\"twitter:data1\" content=\"1 minute\" \/>\n<script type=\"application\/ld+json\" class=\"yoast-schema-graph\">{\"@context\":\"https:\/\/schema.org\",\"@graph\":[{\"@type\":\"WebPage\",\"@id\":\"https:\/\/g3d-wargame.com\/produit\/warm-yellow-ak17010\/\",\"url\":\"https:\/\/g3d-wargame.com\/produit\/warm-yellow-ak17010\/\",\"name\":\"WARM YELLOW AK17010 &#8211; G3D\",\"isPartOf\":{\"@id\":\"https:\/\/g3d-wargame.com\/#website\"},\"primaryImageOfPage\":{\"@id\":\"https:\/\/g3d-wargame.com\/produit\/warm-yellow-ak17010\/#primaryimage\"},\"image\":{\"@id\":\"https:\/\/g3d-wargame.com\/produit\/warm-yellow-ak17010\/#primaryimage\"},\"thumbnailUrl\":\"https:\/\/g3d-wargame.com\/wp-content\/uploads\/2025\/09\/AK17010_02.jpg\",\"datePublished\":\"2025-09-07T19:50:30+00:00\",\"dateModified\":\"2025-09-07T19:51:02+00:00\",\"breadcrumb\":{\"@id\":\"https:\/\/g3d-wargame.com\/produit\/warm-yellow-ak17010\/#breadcrumb\"},\"inLanguage\":\"en-GB\",\"potentialAction\":[{\"@type\":\"ReadAction\",\"target\":[\"https:\/\/g3d-wargame.com\/produit\/warm-yellow-ak17010\/\"]}]},{\"@type\":\"ImageObject\",\"inLanguage\":\"en-GB\",\"@id\":\"https:\/\/g3d-wargame.com\/produit\/warm-yellow-ak17010\/#primaryimage\",\"url\":\"https:\/\/g3d-wargame.com\/wp-content\/uploads\/2025\/09\/AK17010_02.jpg\",\"contentUrl\":\"https:\/\/g3d-wargame.com\/wp-content\/uploads\/2025\/09\/AK17010_02.jpg\",\"width\":1200,\"height\":1200},{\"@type\":\"BreadcrumbList\",\"@id\":\"https:\/\/g3d-wargame.com\/produit\/warm-yellow-ak17010\/#breadcrumb\",\"itemListElement\":[{\"@type\":\"ListItem\",\"position\":1,\"name\":\"Accueil\",\"item\":\"https:\/\/g3d-wargame.com\/\"},{\"@type\":\"ListItem\",\"position\":2,\"name\":\"Produits\",\"item\":\"https:\/\/g3d-wargame.com\/shop__trashed\/\"},{\"@type\":\"ListItem\",\"position\":3,\"name\":\"WARM YELLOW AK17010\"}]},{\"@type\":\"WebSite\",\"@id\":\"https:\/\/g3d-wargame.com\/#website\",\"url\":\"https:\/\/g3d-wargame.com\/\",\"name\":\"G3D\",\"description\":\" impression 3D\",\"publisher\":{\"@id\":\"https:\/\/g3d-wargame.com\/#organization\"},\"alternateName\":\"G3D Wargame\",\"potentialAction\":[{\"@type\":\"SearchAction\",\"target\":{\"@type\":\"EntryPoint\",\"urlTemplate\":\"https:\/\/g3d-wargame.com\/?s={search_term_string}\"},\"query-input\":{\"@type\":\"PropertyValueSpecification\",\"valueRequired\":true,\"valueName\":\"search_term_string\"}}],\"inLanguage\":\"en-GB\"},{\"@type\":\"Organization\",\"@id\":\"https:\/\/g3d-wargame.com\/#organization\",\"name\":\"G3D\",\"alternateName\":\"G3D WARGAME\",\"url\":\"https:\/\/g3d-wargame.com\/\",\"logo\":{\"@type\":\"ImageObject\",\"inLanguage\":\"en-GB\",\"@id\":\"https:\/\/g3d-wargame.com\/#\/schema\/logo\/image\/\",\"url\":\"https:\/\/g3d-wargame.com\/wp-content\/uploads\/2023\/12\/G3DLOGO-v1-700-x-700-px.png\",\"contentUrl\":\"https:\/\/g3d-wargame.com\/wp-content\/uploads\/2023\/12\/G3DLOGO-v1-700-x-700-px.png\",\"width\":788,\"height\":788,\"caption\":\"G3D\"},\"image\":{\"@id\":\"https:\/\/g3d-wargame.com\/#\/schema\/logo\/image\/\"}}]}<\/script>\n<!-- \/ Yoast SEO plugin. -->","yoast_head_json":{"title":"WARM YELLOW AK17010 &#8211; G3D","robots":{"index":"index","follow":"follow","max-snippet":"max-snippet:-1","max-image-preview":"max-image-preview:large","max-video-preview":"max-video-preview:-1"},"canonical":"https:\/\/g3d-wargame.com\/en\/product\/warm-yellow-ak17010\/","og_locale":"en_GB","og_type":"article","og_title":"WARM YELLOW AK17010 &#8211; G3D","og_description":"Ces peintures r\u00e9duisent les \u00e9tapes des peintures traditionnelles (appr\u00eat, base, ombres, reflets) \u00e0 une seule \u00e9tape apr\u00e8s l&rsquo;appr\u00eat*. Cela r\u00e9duit consid\u00e9rablement le temps n\u00e9cessaire \u00e0 la peinture des figurines et, surtout, offre des r\u00e9sultats incroyables. Id\u00e9al pour ceux qui souhaitent peindre leurs arm\u00e9es rapidement et efficacement sans sacrifier la qualit\u00e9. Cette gamme incarne le concept de speed painting \u00e0 travers&hellip;","og_url":"https:\/\/g3d-wargame.com\/en\/product\/warm-yellow-ak17010\/","og_site_name":"G3D","article_modified_time":"2025-09-07T19:51:02+00:00","og_image":[{"width":1200,"height":1200,"url":"https:\/\/g3d-wargame.com\/wp-content\/uploads\/2025\/09\/AK17010_02.jpg","type":"image\/jpeg"}],"twitter_card":"summary_large_image","twitter_misc":{"Estimated reading time":"1 minute"},"schema":{"@context":"https:\/\/schema.org","@graph":[{"@type":"WebPage","@id":"https:\/\/g3d-wargame.com\/produit\/warm-yellow-ak17010\/","url":"https:\/\/g3d-wargame.com\/produit\/warm-yellow-ak17010\/","name":"WARM YELLOW AK17010 &#8211; G3D","isPartOf":{"@id":"https:\/\/g3d-wargame.com\/#website"},"primaryImageOfPage":{"@id":"https:\/\/g3d-wargame.com\/produit\/warm-yellow-ak17010\/#primaryimage"},"image":{"@id":"https:\/\/g3d-wargame.com\/produit\/warm-yellow-ak17010\/#primaryimage"},"thumbnailUrl":"https:\/\/g3d-wargame.com\/wp-content\/uploads\/2025\/09\/AK17010_02.jpg","datePublished":"2025-09-07T19:50:30+00:00","dateModified":"2025-09-07T19:51:02+00:00","breadcrumb":{"@id":"https:\/\/g3d-wargame.com\/produit\/warm-yellow-ak17010\/#breadcrumb"},"inLanguage":"en-GB","potentialAction":[{"@type":"ReadAction","target":["https:\/\/g3d-wargame.com\/produit\/warm-yellow-ak17010\/"]}]},{"@type":"ImageObject","inLanguage":"en-GB","@id":"https:\/\/g3d-wargame.com\/produit\/warm-yellow-ak17010\/#primaryimage","url":"https:\/\/g3d-wargame.com\/wp-content\/uploads\/2025\/09\/AK17010_02.jpg","contentUrl":"https:\/\/g3d-wargame.com\/wp-content\/uploads\/2025\/09\/AK17010_02.jpg","width":1200,"height":1200},{"@type":"BreadcrumbList","@id":"https:\/\/g3d-wargame.com\/produit\/warm-yellow-ak17010\/#breadcrumb","itemListElement":[{"@type":"ListItem","position":1,"name":"Accueil","item":"https:\/\/g3d-wargame.com\/"},{"@type":"ListItem","position":2,"name":"Produits","item":"https:\/\/g3d-wargame.com\/shop__trashed\/"},{"@type":"ListItem","position":3,"name":"WARM YELLOW AK17010"}]},{"@type":"WebSite","@id":"https:\/\/g3d-wargame.com\/#website","url":"https:\/\/g3d-wargame.com\/","name":"G3D","description":"3D printing","publisher":{"@id":"https:\/\/g3d-wargame.com\/#organization"},"alternateName":"G3D Wargame","potentialAction":[{"@type":"SearchAction","target":{"@type":"EntryPoint","urlTemplate":"https:\/\/g3d-wargame.com\/?s={search_term_string}"},"query-input":{"@type":"PropertyValueSpecification","valueRequired":true,"valueName":"search_term_string"}}],"inLanguage":"en-GB"},{"@type":"Organization","@id":"https:\/\/g3d-wargame.com\/#organization","name":"G3D","alternateName":"G3D WARGAME","url":"https:\/\/g3d-wargame.com\/","logo":{"@type":"ImageObject","inLanguage":"en-GB","@id":"https:\/\/g3d-wargame.com\/#\/schema\/logo\/image\/","url":"https:\/\/g3d-wargame.com\/wp-content\/uploads\/2023\/12\/G3DLOGO-v1-700-x-700-px.png","contentUrl":"https:\/\/g3d-wargame.com\/wp-content\/uploads\/2023\/12\/G3DLOGO-v1-700-x-700-px.png","width":788,"height":788,"caption":"G3D"},"image":{"@id":"https:\/\/g3d-wargame.com\/#\/schema\/logo\/image\/"}}]}},"_links":{"self":[{"href":"https:\/\/g3d-wargame.com\/en\/wp-json\/wp\/v2\/product\/7014","targetHints":{"allow":["GET"]}}],"collection":[{"href":"https:\/\/g3d-wargame.com\/en\/wp-json\/wp\/v2\/product"}],"about":[{"href":"https:\/\/g3d-wargame.com\/en\/wp-json\/wp\/v2\/types\/product"}],"wp:featuredmedia":[{"embeddable":true,"href":"https:\/\/g3d-wargame.com\/en\/wp-json\/wp\/v2\/media\/7015"}],"wp:attachment":[{"href":"https:\/\/g3d-wargame.com\/en\/wp-json\/wp\/v2\/media?parent=7014"}],"wp:term":[{"taxonomy":"product_brand","embeddable":true,"href":"https:\/\/g3d-wargame.com\/en\/wp-json\/wp\/v2\/product_brand?post=7014"},{"taxonomy":"product_cat","embeddable":true,"href":"https:\/\/g3d-wargame.com\/en\/wp-json\/wp\/v2\/product_cat?post=7014"},{"taxonomy":"product_tag","embeddable":true,"href":"https:\/\/g3d-wargame.com\/en\/wp-json\/wp\/v2\/product_tag?post=7014"}],"curies":[{"name":"wp","href":"https:\/\/api.w.org\/{rel}","templated":true}]}}