{"id":6830,"date":"2025-09-07T10:02:37","date_gmt":"2025-09-07T08:02:37","guid":{"rendered":"https:\/\/g3d-wargame.com\/?post_type=product&#038;p=6830"},"modified":"2026-02-04T09:36:24","modified_gmt":"2026-02-04T08:36:24","slug":"volcanic-yellow-ak11042","status":"publish","type":"product","link":"https:\/\/g3d-wargame.com\/en\/product\/volcanic-yellow-ak11042\/","title":{"rendered":"VOLCANIC YELLOW AK11042"},"content":{"rendered":"<p class=\"p1\"><span dir=\"auto\">L&rsquo;\u00e9tiquette de base. Le point\u00a0<\/span><span dir=\"auto\">orange<\/span><span dir=\"auto\">\u00a0est l&rsquo;\u00e9l\u00e9ment qui identifie une gamme de couleurs con\u00e7ue pour tous les mod\u00e9listes. L&rsquo;\u00e9tiquette claire et facilement identifiable comprend le nom de la couleur et son code de r\u00e9f\u00e9rence en haut.<\/span><\/p>\n<p class=\"p1\"><span class=\"s1\">\u00a0<\/span><\/p>\n<ul class=\"ul1\">\n<li class=\"li2\"><span class=\"s1\"><span dir=\"auto\">Il est disponible en flacons de 17 ml.<\/span><\/span><\/li>\n<\/ul>","protected":false},"excerpt":{"rendered":"<p>L&rsquo;\u00e9tiquette de base. Le point\u00a0orange\u00a0est l&rsquo;\u00e9l\u00e9ment qui identifie une gamme de couleurs con\u00e7ue pour tous les mod\u00e9listes. L&rsquo;\u00e9tiquette claire et facilement identifiable comprend le nom de la couleur et son code de r\u00e9f\u00e9rence en haut. \u00a0 Il est disponible en flacons de 17 ml.<\/p>","protected":false},"featured_media":6831,"template":"","meta":[],"product_brand":[],"product_cat":[84],"product_tag":[],"class_list":{"0":"post-6830","1":"product","2":"type-product","3":"status-publish","4":"has-post-thumbnail","6":"product_cat-3eme-generation","8":"first","9":"instock","10":"taxable","11":"shipping-taxable","12":"purchasable","13":"product-type-simple"},"yoast_head":"<!-- This site is optimized with the Yoast SEO plugin v25.8 - https:\/\/yoast.com\/wordpress\/plugins\/seo\/ -->\n<title>VOLCANIC YELLOW AK11042 &#8211; G3D<\/title>\n<meta name=\"robots\" content=\"index, follow, max-snippet:-1, max-image-preview:large, max-video-preview:-1\" \/>\n<link rel=\"canonical\" href=\"https:\/\/g3d-wargame.com\/en\/product\/volcanic-yellow-ak11042\/\" \/>\n<meta property=\"og:locale\" content=\"en_GB\" \/>\n<meta property=\"og:type\" content=\"article\" \/>\n<meta property=\"og:title\" content=\"VOLCANIC YELLOW AK11042 &#8211; G3D\" \/>\n<meta property=\"og:description\" content=\"L&rsquo;\u00e9tiquette de base. Le point\u00a0orange\u00a0est l&rsquo;\u00e9l\u00e9ment qui identifie une gamme de couleurs con\u00e7ue pour tous les mod\u00e9listes. L&rsquo;\u00e9tiquette claire et facilement identifiable comprend le nom de la couleur et son code de r\u00e9f\u00e9rence en haut. \u00a0 Il est disponible en flacons de 17 ml.\" \/>\n<meta property=\"og:url\" content=\"https:\/\/g3d-wargame.com\/en\/product\/volcanic-yellow-ak11042\/\" \/>\n<meta property=\"og:site_name\" content=\"G3D\" \/>\n<meta property=\"article:modified_time\" content=\"2026-02-04T08:36:24+00:00\" \/>\n<meta property=\"og:image\" content=\"https:\/\/g3d-wargame.com\/wp-content\/uploads\/2025\/09\/AK11042_BOTE.jpg\" \/>\n\t<meta property=\"og:image:width\" content=\"1200\" \/>\n\t<meta property=\"og:image:height\" content=\"1200\" \/>\n\t<meta property=\"og:image:type\" content=\"image\/jpeg\" \/>\n<meta name=\"twitter:card\" content=\"summary_large_image\" \/>\n<meta name=\"twitter:label1\" content=\"Estimated reading time\" \/>\n\t<meta name=\"twitter:data1\" content=\"1 minute\" \/>\n<script type=\"application\/ld+json\" class=\"yoast-schema-graph\">{\"@context\":\"https:\/\/schema.org\",\"@graph\":[{\"@type\":\"WebPage\",\"@id\":\"https:\/\/g3d-wargame.com\/produit\/volcanic-yellow-ak11042\/\",\"url\":\"https:\/\/g3d-wargame.com\/produit\/volcanic-yellow-ak11042\/\",\"name\":\"VOLCANIC YELLOW AK11042 &#8211; G3D\",\"isPartOf\":{\"@id\":\"https:\/\/g3d-wargame.com\/#website\"},\"primaryImageOfPage\":{\"@id\":\"https:\/\/g3d-wargame.com\/produit\/volcanic-yellow-ak11042\/#primaryimage\"},\"image\":{\"@id\":\"https:\/\/g3d-wargame.com\/produit\/volcanic-yellow-ak11042\/#primaryimage\"},\"thumbnailUrl\":\"https:\/\/g3d-wargame.com\/wp-content\/uploads\/2025\/09\/AK11042_BOTE.jpg\",\"datePublished\":\"2025-09-07T08:02:37+00:00\",\"dateModified\":\"2026-02-04T08:36:24+00:00\",\"breadcrumb\":{\"@id\":\"https:\/\/g3d-wargame.com\/produit\/volcanic-yellow-ak11042\/#breadcrumb\"},\"inLanguage\":\"en-GB\",\"potentialAction\":[{\"@type\":\"ReadAction\",\"target\":[\"https:\/\/g3d-wargame.com\/produit\/volcanic-yellow-ak11042\/\"]}]},{\"@type\":\"ImageObject\",\"inLanguage\":\"en-GB\",\"@id\":\"https:\/\/g3d-wargame.com\/produit\/volcanic-yellow-ak11042\/#primaryimage\",\"url\":\"https:\/\/g3d-wargame.com\/wp-content\/uploads\/2025\/09\/AK11042_BOTE.jpg\",\"contentUrl\":\"https:\/\/g3d-wargame.com\/wp-content\/uploads\/2025\/09\/AK11042_BOTE.jpg\",\"width\":1200,\"height\":1200},{\"@type\":\"BreadcrumbList\",\"@id\":\"https:\/\/g3d-wargame.com\/produit\/volcanic-yellow-ak11042\/#breadcrumb\",\"itemListElement\":[{\"@type\":\"ListItem\",\"position\":1,\"name\":\"Accueil\",\"item\":\"https:\/\/g3d-wargame.com\/\"},{\"@type\":\"ListItem\",\"position\":2,\"name\":\"Produits\",\"item\":\"https:\/\/g3d-wargame.com\/shop__trashed\/\"},{\"@type\":\"ListItem\",\"position\":3,\"name\":\"VOLCANIC YELLOW AK11042\"}]},{\"@type\":\"WebSite\",\"@id\":\"https:\/\/g3d-wargame.com\/#website\",\"url\":\"https:\/\/g3d-wargame.com\/\",\"name\":\"G3D\",\"description\":\" impression 3D\",\"publisher\":{\"@id\":\"https:\/\/g3d-wargame.com\/#organization\"},\"alternateName\":\"G3D Wargame\",\"potentialAction\":[{\"@type\":\"SearchAction\",\"target\":{\"@type\":\"EntryPoint\",\"urlTemplate\":\"https:\/\/g3d-wargame.com\/?s={search_term_string}\"},\"query-input\":{\"@type\":\"PropertyValueSpecification\",\"valueRequired\":true,\"valueName\":\"search_term_string\"}}],\"inLanguage\":\"en-GB\"},{\"@type\":\"Organization\",\"@id\":\"https:\/\/g3d-wargame.com\/#organization\",\"name\":\"G3D\",\"alternateName\":\"G3D WARGAME\",\"url\":\"https:\/\/g3d-wargame.com\/\",\"logo\":{\"@type\":\"ImageObject\",\"inLanguage\":\"en-GB\",\"@id\":\"https:\/\/g3d-wargame.com\/#\/schema\/logo\/image\/\",\"url\":\"https:\/\/g3d-wargame.com\/wp-content\/uploads\/2023\/12\/G3DLOGO-v1-700-x-700-px.png\",\"contentUrl\":\"https:\/\/g3d-wargame.com\/wp-content\/uploads\/2023\/12\/G3DLOGO-v1-700-x-700-px.png\",\"width\":788,\"height\":788,\"caption\":\"G3D\"},\"image\":{\"@id\":\"https:\/\/g3d-wargame.com\/#\/schema\/logo\/image\/\"}}]}<\/script>\n<!-- \/ Yoast SEO plugin. -->","yoast_head_json":{"title":"VOLCANIC YELLOW AK11042 &#8211; G3D","robots":{"index":"index","follow":"follow","max-snippet":"max-snippet:-1","max-image-preview":"max-image-preview:large","max-video-preview":"max-video-preview:-1"},"canonical":"https:\/\/g3d-wargame.com\/en\/product\/volcanic-yellow-ak11042\/","og_locale":"en_GB","og_type":"article","og_title":"VOLCANIC YELLOW AK11042 &#8211; G3D","og_description":"L&rsquo;\u00e9tiquette de base. Le point\u00a0orange\u00a0est l&rsquo;\u00e9l\u00e9ment qui identifie une gamme de couleurs con\u00e7ue pour tous les mod\u00e9listes. L&rsquo;\u00e9tiquette claire et facilement identifiable comprend le nom de la couleur et son code de r\u00e9f\u00e9rence en haut. \u00a0 Il est disponible en flacons de 17 ml.","og_url":"https:\/\/g3d-wargame.com\/en\/product\/volcanic-yellow-ak11042\/","og_site_name":"G3D","article_modified_time":"2026-02-04T08:36:24+00:00","og_image":[{"width":1200,"height":1200,"url":"https:\/\/g3d-wargame.com\/wp-content\/uploads\/2025\/09\/AK11042_BOTE.jpg","type":"image\/jpeg"}],"twitter_card":"summary_large_image","twitter_misc":{"Estimated reading time":"1 minute"},"schema":{"@context":"https:\/\/schema.org","@graph":[{"@type":"WebPage","@id":"https:\/\/g3d-wargame.com\/produit\/volcanic-yellow-ak11042\/","url":"https:\/\/g3d-wargame.com\/produit\/volcanic-yellow-ak11042\/","name":"VOLCANIC YELLOW AK11042 &#8211; G3D","isPartOf":{"@id":"https:\/\/g3d-wargame.com\/#website"},"primaryImageOfPage":{"@id":"https:\/\/g3d-wargame.com\/produit\/volcanic-yellow-ak11042\/#primaryimage"},"image":{"@id":"https:\/\/g3d-wargame.com\/produit\/volcanic-yellow-ak11042\/#primaryimage"},"thumbnailUrl":"https:\/\/g3d-wargame.com\/wp-content\/uploads\/2025\/09\/AK11042_BOTE.jpg","datePublished":"2025-09-07T08:02:37+00:00","dateModified":"2026-02-04T08:36:24+00:00","breadcrumb":{"@id":"https:\/\/g3d-wargame.com\/produit\/volcanic-yellow-ak11042\/#breadcrumb"},"inLanguage":"en-GB","potentialAction":[{"@type":"ReadAction","target":["https:\/\/g3d-wargame.com\/produit\/volcanic-yellow-ak11042\/"]}]},{"@type":"ImageObject","inLanguage":"en-GB","@id":"https:\/\/g3d-wargame.com\/produit\/volcanic-yellow-ak11042\/#primaryimage","url":"https:\/\/g3d-wargame.com\/wp-content\/uploads\/2025\/09\/AK11042_BOTE.jpg","contentUrl":"https:\/\/g3d-wargame.com\/wp-content\/uploads\/2025\/09\/AK11042_BOTE.jpg","width":1200,"height":1200},{"@type":"BreadcrumbList","@id":"https:\/\/g3d-wargame.com\/produit\/volcanic-yellow-ak11042\/#breadcrumb","itemListElement":[{"@type":"ListItem","position":1,"name":"Accueil","item":"https:\/\/g3d-wargame.com\/"},{"@type":"ListItem","position":2,"name":"Produits","item":"https:\/\/g3d-wargame.com\/shop__trashed\/"},{"@type":"ListItem","position":3,"name":"VOLCANIC YELLOW AK11042"}]},{"@type":"WebSite","@id":"https:\/\/g3d-wargame.com\/#website","url":"https:\/\/g3d-wargame.com\/","name":"G3D","description":"3D printing","publisher":{"@id":"https:\/\/g3d-wargame.com\/#organization"},"alternateName":"G3D Wargame","potentialAction":[{"@type":"SearchAction","target":{"@type":"EntryPoint","urlTemplate":"https:\/\/g3d-wargame.com\/?s={search_term_string}"},"query-input":{"@type":"PropertyValueSpecification","valueRequired":true,"valueName":"search_term_string"}}],"inLanguage":"en-GB"},{"@type":"Organization","@id":"https:\/\/g3d-wargame.com\/#organization","name":"G3D","alternateName":"G3D WARGAME","url":"https:\/\/g3d-wargame.com\/","logo":{"@type":"ImageObject","inLanguage":"en-GB","@id":"https:\/\/g3d-wargame.com\/#\/schema\/logo\/image\/","url":"https:\/\/g3d-wargame.com\/wp-content\/uploads\/2023\/12\/G3DLOGO-v1-700-x-700-px.png","contentUrl":"https:\/\/g3d-wargame.com\/wp-content\/uploads\/2023\/12\/G3DLOGO-v1-700-x-700-px.png","width":788,"height":788,"caption":"G3D"},"image":{"@id":"https:\/\/g3d-wargame.com\/#\/schema\/logo\/image\/"}}]}},"_links":{"self":[{"href":"https:\/\/g3d-wargame.com\/en\/wp-json\/wp\/v2\/product\/6830","targetHints":{"allow":["GET"]}}],"collection":[{"href":"https:\/\/g3d-wargame.com\/en\/wp-json\/wp\/v2\/product"}],"about":[{"href":"https:\/\/g3d-wargame.com\/en\/wp-json\/wp\/v2\/types\/product"}],"wp:featuredmedia":[{"embeddable":true,"href":"https:\/\/g3d-wargame.com\/en\/wp-json\/wp\/v2\/media\/6831"}],"wp:attachment":[{"href":"https:\/\/g3d-wargame.com\/en\/wp-json\/wp\/v2\/media?parent=6830"}],"wp:term":[{"taxonomy":"product_brand","embeddable":true,"href":"https:\/\/g3d-wargame.com\/en\/wp-json\/wp\/v2\/product_brand?post=6830"},{"taxonomy":"product_cat","embeddable":true,"href":"https:\/\/g3d-wargame.com\/en\/wp-json\/wp\/v2\/product_cat?post=6830"},{"taxonomy":"product_tag","embeddable":true,"href":"https:\/\/g3d-wargame.com\/en\/wp-json\/wp\/v2\/product_tag?post=6830"}],"curies":[{"name":"wp","href":"https:\/\/api.w.org\/{rel}","templated":true}]}}