{"id":6822,"date":"2025-09-07T09:53:16","date_gmt":"2025-09-07T07:53:16","guid":{"rendered":"https:\/\/g3d-wargame.com\/?post_type=product&#038;p=6822"},"modified":"2025-09-07T09:53:48","modified_gmt":"2025-09-07T07:53:48","slug":"ice-yellow-ak11036","status":"publish","type":"product","link":"https:\/\/g3d-wargame.com\/en\/product\/ice-yellow-ak11036\/","title":{"rendered":"ICE YELLOW AK11036"},"content":{"rendered":"<p><span dir=\"auto\">Couleurs de derni\u00e8re g\u00e9n\u00e9ration, avec une nouvelle formule technologiquement sup\u00e9rieure pour peindre au pinceau et \u00e0 l&rsquo;a\u00e9rographe, \u00e9vitant les obstructions traditionnelles une fois dilu\u00e9es.<\/span><\/p>\n<p><span dir=\"auto\">Non toxique, tr\u00e8s haute pigmentation, couverture et r\u00e9sistance pour les kits de mod\u00e8les, les miniatures et le mod\u00e9lisme en g\u00e9n\u00e9ral.<\/span><\/p>\n<p><span dir=\"auto\">Le nouveau capuchon permet d&rsquo;identifier rapidement la couleur.<\/span><\/p>\n<p><span dir=\"auto\">Il est disponible en flacons de 17 ml.<\/span><\/p>","protected":false},"excerpt":{"rendered":"<p>Couleurs de derni\u00e8re g\u00e9n\u00e9ration, avec une nouvelle formule technologiquement sup\u00e9rieure pour peindre au pinceau et \u00e0 l&rsquo;a\u00e9rographe, \u00e9vitant les obstructions traditionnelles une fois dilu\u00e9es. Non toxique, tr\u00e8s haute pigmentation, couverture et r\u00e9sistance pour les kits de mod\u00e8les, les miniatures et le mod\u00e9lisme en g\u00e9n\u00e9ral. Le nouveau capuchon permet d&rsquo;identifier rapidement la couleur. Il est disponible en flacons de 17 ml.<\/p>","protected":false},"featured_media":6823,"template":"","meta":[],"product_brand":[],"product_cat":[84],"product_tag":[],"class_list":{"0":"post-6822","1":"product","2":"type-product","3":"status-publish","4":"has-post-thumbnail","6":"product_cat-3eme-generation","8":"first","9":"instock","10":"taxable","11":"shipping-taxable","12":"purchasable","13":"product-type-simple"},"yoast_head":"<!-- This site is optimized with the Yoast SEO plugin v25.8 - https:\/\/yoast.com\/wordpress\/plugins\/seo\/ -->\n<title>ICE YELLOW AK11036 &#8211; G3D<\/title>\n<meta name=\"robots\" content=\"index, follow, max-snippet:-1, max-image-preview:large, max-video-preview:-1\" \/>\n<link rel=\"canonical\" href=\"https:\/\/g3d-wargame.com\/en\/product\/ice-yellow-ak11036\/\" \/>\n<meta property=\"og:locale\" content=\"en_GB\" \/>\n<meta property=\"og:type\" content=\"article\" \/>\n<meta property=\"og:title\" content=\"ICE YELLOW AK11036 &#8211; G3D\" \/>\n<meta property=\"og:description\" content=\"Couleurs de derni\u00e8re g\u00e9n\u00e9ration, avec une nouvelle formule technologiquement sup\u00e9rieure pour peindre au pinceau et \u00e0 l&rsquo;a\u00e9rographe, \u00e9vitant les obstructions traditionnelles une fois dilu\u00e9es. Non toxique, tr\u00e8s haute pigmentation, couverture et r\u00e9sistance pour les kits de mod\u00e8les, les miniatures et le mod\u00e9lisme en g\u00e9n\u00e9ral. Le nouveau capuchon permet d&rsquo;identifier rapidement la couleur. Il est disponible en flacons de 17 ml.\" \/>\n<meta property=\"og:url\" content=\"https:\/\/g3d-wargame.com\/en\/product\/ice-yellow-ak11036\/\" \/>\n<meta property=\"og:site_name\" content=\"G3D\" \/>\n<meta property=\"article:modified_time\" content=\"2025-09-07T07:53:48+00:00\" \/>\n<meta property=\"og:image\" content=\"https:\/\/g3d-wargame.com\/wp-content\/uploads\/2025\/09\/AK11036_BOTE.jpg\" \/>\n\t<meta property=\"og:image:width\" content=\"1200\" \/>\n\t<meta property=\"og:image:height\" content=\"1200\" \/>\n\t<meta property=\"og:image:type\" content=\"image\/jpeg\" \/>\n<meta name=\"twitter:card\" content=\"summary_large_image\" \/>\n<meta name=\"twitter:label1\" content=\"Estimated reading time\" \/>\n\t<meta name=\"twitter:data1\" content=\"1 minute\" \/>\n<script type=\"application\/ld+json\" class=\"yoast-schema-graph\">{\"@context\":\"https:\/\/schema.org\",\"@graph\":[{\"@type\":\"WebPage\",\"@id\":\"https:\/\/g3d-wargame.com\/produit\/ice-yellow-ak11036\/\",\"url\":\"https:\/\/g3d-wargame.com\/produit\/ice-yellow-ak11036\/\",\"name\":\"ICE YELLOW AK11036 &#8211; G3D\",\"isPartOf\":{\"@id\":\"https:\/\/g3d-wargame.com\/#website\"},\"primaryImageOfPage\":{\"@id\":\"https:\/\/g3d-wargame.com\/produit\/ice-yellow-ak11036\/#primaryimage\"},\"image\":{\"@id\":\"https:\/\/g3d-wargame.com\/produit\/ice-yellow-ak11036\/#primaryimage\"},\"thumbnailUrl\":\"https:\/\/g3d-wargame.com\/wp-content\/uploads\/2025\/09\/AK11036_BOTE.jpg\",\"datePublished\":\"2025-09-07T07:53:16+00:00\",\"dateModified\":\"2025-09-07T07:53:48+00:00\",\"breadcrumb\":{\"@id\":\"https:\/\/g3d-wargame.com\/produit\/ice-yellow-ak11036\/#breadcrumb\"},\"inLanguage\":\"en-GB\",\"potentialAction\":[{\"@type\":\"ReadAction\",\"target\":[\"https:\/\/g3d-wargame.com\/produit\/ice-yellow-ak11036\/\"]}]},{\"@type\":\"ImageObject\",\"inLanguage\":\"en-GB\",\"@id\":\"https:\/\/g3d-wargame.com\/produit\/ice-yellow-ak11036\/#primaryimage\",\"url\":\"https:\/\/g3d-wargame.com\/wp-content\/uploads\/2025\/09\/AK11036_BOTE.jpg\",\"contentUrl\":\"https:\/\/g3d-wargame.com\/wp-content\/uploads\/2025\/09\/AK11036_BOTE.jpg\",\"width\":1200,\"height\":1200},{\"@type\":\"BreadcrumbList\",\"@id\":\"https:\/\/g3d-wargame.com\/produit\/ice-yellow-ak11036\/#breadcrumb\",\"itemListElement\":[{\"@type\":\"ListItem\",\"position\":1,\"name\":\"Accueil\",\"item\":\"https:\/\/g3d-wargame.com\/\"},{\"@type\":\"ListItem\",\"position\":2,\"name\":\"Produits\",\"item\":\"https:\/\/g3d-wargame.com\/shop__trashed\/\"},{\"@type\":\"ListItem\",\"position\":3,\"name\":\"ICE YELLOW AK11036\"}]},{\"@type\":\"WebSite\",\"@id\":\"https:\/\/g3d-wargame.com\/#website\",\"url\":\"https:\/\/g3d-wargame.com\/\",\"name\":\"G3D\",\"description\":\" impression 3D\",\"publisher\":{\"@id\":\"https:\/\/g3d-wargame.com\/#organization\"},\"alternateName\":\"G3D Wargame\",\"potentialAction\":[{\"@type\":\"SearchAction\",\"target\":{\"@type\":\"EntryPoint\",\"urlTemplate\":\"https:\/\/g3d-wargame.com\/?s={search_term_string}\"},\"query-input\":{\"@type\":\"PropertyValueSpecification\",\"valueRequired\":true,\"valueName\":\"search_term_string\"}}],\"inLanguage\":\"en-GB\"},{\"@type\":\"Organization\",\"@id\":\"https:\/\/g3d-wargame.com\/#organization\",\"name\":\"G3D\",\"alternateName\":\"G3D WARGAME\",\"url\":\"https:\/\/g3d-wargame.com\/\",\"logo\":{\"@type\":\"ImageObject\",\"inLanguage\":\"en-GB\",\"@id\":\"https:\/\/g3d-wargame.com\/#\/schema\/logo\/image\/\",\"url\":\"https:\/\/g3d-wargame.com\/wp-content\/uploads\/2023\/12\/G3DLOGO-v1-700-x-700-px.png\",\"contentUrl\":\"https:\/\/g3d-wargame.com\/wp-content\/uploads\/2023\/12\/G3DLOGO-v1-700-x-700-px.png\",\"width\":788,\"height\":788,\"caption\":\"G3D\"},\"image\":{\"@id\":\"https:\/\/g3d-wargame.com\/#\/schema\/logo\/image\/\"}}]}<\/script>\n<!-- \/ Yoast SEO plugin. -->","yoast_head_json":{"title":"ICE YELLOW AK11036 &#8211; G3D","robots":{"index":"index","follow":"follow","max-snippet":"max-snippet:-1","max-image-preview":"max-image-preview:large","max-video-preview":"max-video-preview:-1"},"canonical":"https:\/\/g3d-wargame.com\/en\/product\/ice-yellow-ak11036\/","og_locale":"en_GB","og_type":"article","og_title":"ICE YELLOW AK11036 &#8211; G3D","og_description":"Couleurs de derni\u00e8re g\u00e9n\u00e9ration, avec une nouvelle formule technologiquement sup\u00e9rieure pour peindre au pinceau et \u00e0 l&rsquo;a\u00e9rographe, \u00e9vitant les obstructions traditionnelles une fois dilu\u00e9es. Non toxique, tr\u00e8s haute pigmentation, couverture et r\u00e9sistance pour les kits de mod\u00e8les, les miniatures et le mod\u00e9lisme en g\u00e9n\u00e9ral. Le nouveau capuchon permet d&rsquo;identifier rapidement la couleur. Il est disponible en flacons de 17 ml.","og_url":"https:\/\/g3d-wargame.com\/en\/product\/ice-yellow-ak11036\/","og_site_name":"G3D","article_modified_time":"2025-09-07T07:53:48+00:00","og_image":[{"width":1200,"height":1200,"url":"https:\/\/g3d-wargame.com\/wp-content\/uploads\/2025\/09\/AK11036_BOTE.jpg","type":"image\/jpeg"}],"twitter_card":"summary_large_image","twitter_misc":{"Estimated reading time":"1 minute"},"schema":{"@context":"https:\/\/schema.org","@graph":[{"@type":"WebPage","@id":"https:\/\/g3d-wargame.com\/produit\/ice-yellow-ak11036\/","url":"https:\/\/g3d-wargame.com\/produit\/ice-yellow-ak11036\/","name":"ICE YELLOW AK11036 &#8211; G3D","isPartOf":{"@id":"https:\/\/g3d-wargame.com\/#website"},"primaryImageOfPage":{"@id":"https:\/\/g3d-wargame.com\/produit\/ice-yellow-ak11036\/#primaryimage"},"image":{"@id":"https:\/\/g3d-wargame.com\/produit\/ice-yellow-ak11036\/#primaryimage"},"thumbnailUrl":"https:\/\/g3d-wargame.com\/wp-content\/uploads\/2025\/09\/AK11036_BOTE.jpg","datePublished":"2025-09-07T07:53:16+00:00","dateModified":"2025-09-07T07:53:48+00:00","breadcrumb":{"@id":"https:\/\/g3d-wargame.com\/produit\/ice-yellow-ak11036\/#breadcrumb"},"inLanguage":"en-GB","potentialAction":[{"@type":"ReadAction","target":["https:\/\/g3d-wargame.com\/produit\/ice-yellow-ak11036\/"]}]},{"@type":"ImageObject","inLanguage":"en-GB","@id":"https:\/\/g3d-wargame.com\/produit\/ice-yellow-ak11036\/#primaryimage","url":"https:\/\/g3d-wargame.com\/wp-content\/uploads\/2025\/09\/AK11036_BOTE.jpg","contentUrl":"https:\/\/g3d-wargame.com\/wp-content\/uploads\/2025\/09\/AK11036_BOTE.jpg","width":1200,"height":1200},{"@type":"BreadcrumbList","@id":"https:\/\/g3d-wargame.com\/produit\/ice-yellow-ak11036\/#breadcrumb","itemListElement":[{"@type":"ListItem","position":1,"name":"Accueil","item":"https:\/\/g3d-wargame.com\/"},{"@type":"ListItem","position":2,"name":"Produits","item":"https:\/\/g3d-wargame.com\/shop__trashed\/"},{"@type":"ListItem","position":3,"name":"ICE YELLOW AK11036"}]},{"@type":"WebSite","@id":"https:\/\/g3d-wargame.com\/#website","url":"https:\/\/g3d-wargame.com\/","name":"G3D","description":"3D printing","publisher":{"@id":"https:\/\/g3d-wargame.com\/#organization"},"alternateName":"G3D Wargame","potentialAction":[{"@type":"SearchAction","target":{"@type":"EntryPoint","urlTemplate":"https:\/\/g3d-wargame.com\/?s={search_term_string}"},"query-input":{"@type":"PropertyValueSpecification","valueRequired":true,"valueName":"search_term_string"}}],"inLanguage":"en-GB"},{"@type":"Organization","@id":"https:\/\/g3d-wargame.com\/#organization","name":"G3D","alternateName":"G3D WARGAME","url":"https:\/\/g3d-wargame.com\/","logo":{"@type":"ImageObject","inLanguage":"en-GB","@id":"https:\/\/g3d-wargame.com\/#\/schema\/logo\/image\/","url":"https:\/\/g3d-wargame.com\/wp-content\/uploads\/2023\/12\/G3DLOGO-v1-700-x-700-px.png","contentUrl":"https:\/\/g3d-wargame.com\/wp-content\/uploads\/2023\/12\/G3DLOGO-v1-700-x-700-px.png","width":788,"height":788,"caption":"G3D"},"image":{"@id":"https:\/\/g3d-wargame.com\/#\/schema\/logo\/image\/"}}]}},"_links":{"self":[{"href":"https:\/\/g3d-wargame.com\/en\/wp-json\/wp\/v2\/product\/6822","targetHints":{"allow":["GET"]}}],"collection":[{"href":"https:\/\/g3d-wargame.com\/en\/wp-json\/wp\/v2\/product"}],"about":[{"href":"https:\/\/g3d-wargame.com\/en\/wp-json\/wp\/v2\/types\/product"}],"wp:featuredmedia":[{"embeddable":true,"href":"https:\/\/g3d-wargame.com\/en\/wp-json\/wp\/v2\/media\/6823"}],"wp:attachment":[{"href":"https:\/\/g3d-wargame.com\/en\/wp-json\/wp\/v2\/media?parent=6822"}],"wp:term":[{"taxonomy":"product_brand","embeddable":true,"href":"https:\/\/g3d-wargame.com\/en\/wp-json\/wp\/v2\/product_brand?post=6822"},{"taxonomy":"product_cat","embeddable":true,"href":"https:\/\/g3d-wargame.com\/en\/wp-json\/wp\/v2\/product_cat?post=6822"},{"taxonomy":"product_tag","embeddable":true,"href":"https:\/\/g3d-wargame.com\/en\/wp-json\/wp\/v2\/product_tag?post=6822"}],"curies":[{"name":"wp","href":"https:\/\/api.w.org\/{rel}","templated":true}]}}