{"id":6697,"date":"2025-07-13T12:26:36","date_gmt":"2025-07-13T10:26:36","guid":{"rendered":"https:\/\/g3d-wargame.com\/?post_type=product&#038;p=6697"},"modified":"2025-07-13T12:26:37","modified_gmt":"2025-07-13T10:26:37","slug":"dreadnought-contemptor","status":"publish","type":"product","link":"https:\/\/g3d-wargame.com\/en\/product\/dreadnought-contemptor\/","title":{"rendered":"Dreadnought Contemptor"},"content":{"rendered":"<p>Repr\u00e9sentant peut-\u00eatre la version la plus avanc\u00e9e de Dreadnought de l&rsquo;arsenal de la Grande Croisade, le Dreadnought Contemptor combine des technologies traditionnelles et des connaissances cybern\u00e9tiques myst\u00e9rieuses. Sa vitesse et sa force impressionnantes lui sont conf\u00e9r\u00e9es par le puissant r\u00e9acteur atomantique qui lui fournit \u00e9galement une r\u00e9sistance sup\u00e9rieure. Pouvant \u00eatre \u00e9quip\u00e9 d&rsquo;une grande vari\u00e9t\u00e9 d&rsquo;armes, il peut servir de plateforme d&rsquo;armes lourdes mobile, de mastodonte d&rsquo;assaut ou de briseur de ligne polyvalent. Le Contemptor s&rsquo;est taill\u00e9 une place de choix dans toutes les L\u00e9gions, quelles que soient leurs pr\u00e9f\u00e9rences.<\/p>\n<p>Ce kit plastique permet d&rsquo;assembler un Dreadnought Contemptor, un impressionnant marcheur de combat disposant de nombreuses options d&rsquo;armes. Le kit propose huit armes de tir diff\u00e9rentes (un canon \u00e0 conversion, un autocanon Gravis, un canon \u00e0 bolts Gravis, un canon laser Gravis, un canon \u00e0 fusion Gravis, un canon \u00e0 plasma Gravis, un canon d&rsquo;assaut Kheres, et une double-couleuvrine volkite) pouvant \u00eatre mont\u00e9es sur n&rsquo;importe lequel des bras du Contemptor. Le kit comprend \u00e9galement deux poings de combat pouvant \u00eatre \u00e9quip\u00e9s d&rsquo;un gantelet \u00e9nerg\u00e9tique ou d&rsquo;un poing tron\u00e7onneur avec diff\u00e9rentes options d&rsquo;armes int\u00e9gr\u00e9es : un combi-bolter, un fusil \u00e0 graviton, un lance-flammes lourd, un fuseur ou un \u00e9clateur \u00e0 plasma. La figurine peut m\u00eame \u00eatre dot\u00e9e d&rsquo;un lanceur Havoc de coque ou d&rsquo;un dispositif de ciblage h\u00e9lico\u00efdal mont\u00e9 sur la t\u00eate.<\/p>\n<p>Vous trouverez \u00e9galement un grand choix de composants alternatifs et d&rsquo;options esth\u00e9tiques, comme deux t\u00eates, quatre mod\u00e8les de carapace diff\u00e9rents, des griffes ou des doigts pour les poings \u00e9nerg\u00e9tiques, ainsi que des parchemins et des boucliers d\u00e9coratifs. Les articulations, la t\u00eate et les doigts des poings \u00e9nerg\u00e9tiques peuvent tous \u00eatre assembl\u00e9s de mani\u00e8re \u00e0 donner toutes sortes de poses, garantissant qu&rsquo;il n&rsquo;y aura pas deux Contemptors pareils.<\/p>\n<p>Ce set est constitu\u00e9 de 164 pi\u00e8ces en plastique, et est fourni avec un socle rond Citadel de 60 mm ainsi qu&rsquo;une Planche de d\u00e9calcomanies de V\u00e9hicules Legiones Astartes avec 44 marquages et ic\u00f4nes des L\u00e9gions des Sons of Horus et des Imperial Fists. Cette figurine est fournie non peinte et n\u00e9cessite assemblage \u2013 nous recommandons d&#8217;employer la Colle Plastique Citadel et la peinture Citadel.<\/p>\n<p>Ce kit est compatible avec les Grappes d&rsquo;Armes de Dreadnought Contemptor, ce qui vous permet d&rsquo;\u00e9quiper votre Dreadnought de deux exemplaires de la m\u00eame arme de tir de bras.<\/p>","protected":false},"excerpt":{"rendered":"<p>Repr\u00e9sentant peut-\u00eatre la version la plus avanc\u00e9e de Dreadnought de l&rsquo;arsenal de la Grande Croisade, le Dreadnought Contemptor combine des technologies traditionnelles et des connaissances cybern\u00e9tiques myst\u00e9rieuses. Sa vitesse et sa force impressionnantes lui sont conf\u00e9r\u00e9es par le puissant r\u00e9acteur atomantique qui lui fournit \u00e9galement une r\u00e9sistance sup\u00e9rieure. Pouvant \u00eatre \u00e9quip\u00e9 d&rsquo;une grande vari\u00e9t\u00e9 d&rsquo;armes, il peut servir de plateforme&hellip;<\/p>","protected":false},"featured_media":6711,"template":"","meta":[],"product_brand":[],"product_cat":[91],"product_tag":[],"class_list":{"0":"post-6697","1":"product","2":"type-product","3":"status-publish","4":"has-post-thumbnail","6":"product_cat-horus-heresy","8":"first","9":"instock","10":"sale","11":"taxable","12":"shipping-taxable","13":"purchasable","14":"product-type-simple"},"yoast_head":"<!-- This site is optimized with the Yoast SEO plugin v25.8 - https:\/\/yoast.com\/wordpress\/plugins\/seo\/ -->\n<title>Dreadnought Contemptor &#8211; G3D<\/title>\n<meta name=\"robots\" content=\"index, follow, max-snippet:-1, max-image-preview:large, max-video-preview:-1\" \/>\n<link rel=\"canonical\" href=\"https:\/\/g3d-wargame.com\/en\/product\/dreadnought-contemptor\/\" \/>\n<meta property=\"og:locale\" content=\"en_GB\" \/>\n<meta property=\"og:type\" content=\"article\" \/>\n<meta property=\"og:title\" content=\"Dreadnought Contemptor &#8211; G3D\" \/>\n<meta property=\"og:description\" content=\"Repr\u00e9sentant peut-\u00eatre la version la plus avanc\u00e9e de Dreadnought de l&rsquo;arsenal de la Grande Croisade, le Dreadnought Contemptor combine des technologies traditionnelles et des connaissances cybern\u00e9tiques myst\u00e9rieuses. Sa vitesse et sa force impressionnantes lui sont conf\u00e9r\u00e9es par le puissant r\u00e9acteur atomantique qui lui fournit \u00e9galement une r\u00e9sistance sup\u00e9rieure. Pouvant \u00eatre \u00e9quip\u00e9 d&rsquo;une grande vari\u00e9t\u00e9 d&rsquo;armes, il peut servir de plateforme&hellip;\" \/>\n<meta property=\"og:url\" content=\"https:\/\/g3d-wargame.com\/en\/product\/dreadnought-contemptor\/\" \/>\n<meta property=\"og:site_name\" content=\"G3D\" \/>\n<meta property=\"article:modified_time\" content=\"2025-07-13T10:26:37+00:00\" \/>\n<meta property=\"og:image\" content=\"https:\/\/g3d-wargame.com\/wp-content\/uploads\/2025\/07\/99123001007_ContemptorLead.jpg\" \/>\n\t<meta property=\"og:image:width\" content=\"918\" \/>\n\t<meta property=\"og:image:height\" content=\"948\" \/>\n\t<meta property=\"og:image:type\" content=\"image\/jpeg\" \/>\n<meta name=\"twitter:card\" content=\"summary_large_image\" \/>\n<meta name=\"twitter:label1\" content=\"Estimated reading time\" \/>\n\t<meta name=\"twitter:data1\" content=\"3 minutes\" \/>\n<script type=\"application\/ld+json\" class=\"yoast-schema-graph\">{\"@context\":\"https:\/\/schema.org\",\"@graph\":[{\"@type\":\"WebPage\",\"@id\":\"https:\/\/g3d-wargame.com\/produit\/dreadnought-contemptor\/\",\"url\":\"https:\/\/g3d-wargame.com\/produit\/dreadnought-contemptor\/\",\"name\":\"Dreadnought Contemptor &#8211; G3D\",\"isPartOf\":{\"@id\":\"https:\/\/g3d-wargame.com\/#website\"},\"primaryImageOfPage\":{\"@id\":\"https:\/\/g3d-wargame.com\/produit\/dreadnought-contemptor\/#primaryimage\"},\"image\":{\"@id\":\"https:\/\/g3d-wargame.com\/produit\/dreadnought-contemptor\/#primaryimage\"},\"thumbnailUrl\":\"https:\/\/g3d-wargame.com\/wp-content\/uploads\/2025\/07\/99123001007_ContemptorLead.jpg\",\"datePublished\":\"2025-07-13T10:26:36+00:00\",\"dateModified\":\"2025-07-13T10:26:37+00:00\",\"breadcrumb\":{\"@id\":\"https:\/\/g3d-wargame.com\/produit\/dreadnought-contemptor\/#breadcrumb\"},\"inLanguage\":\"en-GB\",\"potentialAction\":[{\"@type\":\"ReadAction\",\"target\":[\"https:\/\/g3d-wargame.com\/produit\/dreadnought-contemptor\/\"]}]},{\"@type\":\"ImageObject\",\"inLanguage\":\"en-GB\",\"@id\":\"https:\/\/g3d-wargame.com\/produit\/dreadnought-contemptor\/#primaryimage\",\"url\":\"https:\/\/g3d-wargame.com\/wp-content\/uploads\/2025\/07\/99123001007_ContemptorLead.jpg\",\"contentUrl\":\"https:\/\/g3d-wargame.com\/wp-content\/uploads\/2025\/07\/99123001007_ContemptorLead.jpg\",\"width\":918,\"height\":948},{\"@type\":\"BreadcrumbList\",\"@id\":\"https:\/\/g3d-wargame.com\/produit\/dreadnought-contemptor\/#breadcrumb\",\"itemListElement\":[{\"@type\":\"ListItem\",\"position\":1,\"name\":\"Accueil\",\"item\":\"https:\/\/g3d-wargame.com\/\"},{\"@type\":\"ListItem\",\"position\":2,\"name\":\"Produits\",\"item\":\"https:\/\/g3d-wargame.com\/shop__trashed\/\"},{\"@type\":\"ListItem\",\"position\":3,\"name\":\"Dreadnought Contemptor\"}]},{\"@type\":\"WebSite\",\"@id\":\"https:\/\/g3d-wargame.com\/#website\",\"url\":\"https:\/\/g3d-wargame.com\/\",\"name\":\"G3D\",\"description\":\" impression 3D\",\"publisher\":{\"@id\":\"https:\/\/g3d-wargame.com\/#organization\"},\"alternateName\":\"G3D Wargame\",\"potentialAction\":[{\"@type\":\"SearchAction\",\"target\":{\"@type\":\"EntryPoint\",\"urlTemplate\":\"https:\/\/g3d-wargame.com\/?s={search_term_string}\"},\"query-input\":{\"@type\":\"PropertyValueSpecification\",\"valueRequired\":true,\"valueName\":\"search_term_string\"}}],\"inLanguage\":\"en-GB\"},{\"@type\":\"Organization\",\"@id\":\"https:\/\/g3d-wargame.com\/#organization\",\"name\":\"G3D\",\"alternateName\":\"G3D WARGAME\",\"url\":\"https:\/\/g3d-wargame.com\/\",\"logo\":{\"@type\":\"ImageObject\",\"inLanguage\":\"en-GB\",\"@id\":\"https:\/\/g3d-wargame.com\/#\/schema\/logo\/image\/\",\"url\":\"https:\/\/g3d-wargame.com\/wp-content\/uploads\/2023\/12\/G3DLOGO-v1-700-x-700-px.png\",\"contentUrl\":\"https:\/\/g3d-wargame.com\/wp-content\/uploads\/2023\/12\/G3DLOGO-v1-700-x-700-px.png\",\"width\":788,\"height\":788,\"caption\":\"G3D\"},\"image\":{\"@id\":\"https:\/\/g3d-wargame.com\/#\/schema\/logo\/image\/\"}}]}<\/script>\n<!-- \/ Yoast SEO plugin. -->","yoast_head_json":{"title":"Dreadnought Contemptor &#8211; G3D","robots":{"index":"index","follow":"follow","max-snippet":"max-snippet:-1","max-image-preview":"max-image-preview:large","max-video-preview":"max-video-preview:-1"},"canonical":"https:\/\/g3d-wargame.com\/en\/product\/dreadnought-contemptor\/","og_locale":"en_GB","og_type":"article","og_title":"Dreadnought Contemptor &#8211; G3D","og_description":"Repr\u00e9sentant peut-\u00eatre la version la plus avanc\u00e9e de Dreadnought de l&rsquo;arsenal de la Grande Croisade, le Dreadnought Contemptor combine des technologies traditionnelles et des connaissances cybern\u00e9tiques myst\u00e9rieuses. Sa vitesse et sa force impressionnantes lui sont conf\u00e9r\u00e9es par le puissant r\u00e9acteur atomantique qui lui fournit \u00e9galement une r\u00e9sistance sup\u00e9rieure. Pouvant \u00eatre \u00e9quip\u00e9 d&rsquo;une grande vari\u00e9t\u00e9 d&rsquo;armes, il peut servir de plateforme&hellip;","og_url":"https:\/\/g3d-wargame.com\/en\/product\/dreadnought-contemptor\/","og_site_name":"G3D","article_modified_time":"2025-07-13T10:26:37+00:00","og_image":[{"width":918,"height":948,"url":"https:\/\/g3d-wargame.com\/wp-content\/uploads\/2025\/07\/99123001007_ContemptorLead.jpg","type":"image\/jpeg"}],"twitter_card":"summary_large_image","twitter_misc":{"Estimated reading time":"3 minutes"},"schema":{"@context":"https:\/\/schema.org","@graph":[{"@type":"WebPage","@id":"https:\/\/g3d-wargame.com\/produit\/dreadnought-contemptor\/","url":"https:\/\/g3d-wargame.com\/produit\/dreadnought-contemptor\/","name":"Dreadnought Contemptor &#8211; G3D","isPartOf":{"@id":"https:\/\/g3d-wargame.com\/#website"},"primaryImageOfPage":{"@id":"https:\/\/g3d-wargame.com\/produit\/dreadnought-contemptor\/#primaryimage"},"image":{"@id":"https:\/\/g3d-wargame.com\/produit\/dreadnought-contemptor\/#primaryimage"},"thumbnailUrl":"https:\/\/g3d-wargame.com\/wp-content\/uploads\/2025\/07\/99123001007_ContemptorLead.jpg","datePublished":"2025-07-13T10:26:36+00:00","dateModified":"2025-07-13T10:26:37+00:00","breadcrumb":{"@id":"https:\/\/g3d-wargame.com\/produit\/dreadnought-contemptor\/#breadcrumb"},"inLanguage":"en-GB","potentialAction":[{"@type":"ReadAction","target":["https:\/\/g3d-wargame.com\/produit\/dreadnought-contemptor\/"]}]},{"@type":"ImageObject","inLanguage":"en-GB","@id":"https:\/\/g3d-wargame.com\/produit\/dreadnought-contemptor\/#primaryimage","url":"https:\/\/g3d-wargame.com\/wp-content\/uploads\/2025\/07\/99123001007_ContemptorLead.jpg","contentUrl":"https:\/\/g3d-wargame.com\/wp-content\/uploads\/2025\/07\/99123001007_ContemptorLead.jpg","width":918,"height":948},{"@type":"BreadcrumbList","@id":"https:\/\/g3d-wargame.com\/produit\/dreadnought-contemptor\/#breadcrumb","itemListElement":[{"@type":"ListItem","position":1,"name":"Accueil","item":"https:\/\/g3d-wargame.com\/"},{"@type":"ListItem","position":2,"name":"Produits","item":"https:\/\/g3d-wargame.com\/shop__trashed\/"},{"@type":"ListItem","position":3,"name":"Dreadnought Contemptor"}]},{"@type":"WebSite","@id":"https:\/\/g3d-wargame.com\/#website","url":"https:\/\/g3d-wargame.com\/","name":"G3D","description":"3D printing","publisher":{"@id":"https:\/\/g3d-wargame.com\/#organization"},"alternateName":"G3D Wargame","potentialAction":[{"@type":"SearchAction","target":{"@type":"EntryPoint","urlTemplate":"https:\/\/g3d-wargame.com\/?s={search_term_string}"},"query-input":{"@type":"PropertyValueSpecification","valueRequired":true,"valueName":"search_term_string"}}],"inLanguage":"en-GB"},{"@type":"Organization","@id":"https:\/\/g3d-wargame.com\/#organization","name":"G3D","alternateName":"G3D WARGAME","url":"https:\/\/g3d-wargame.com\/","logo":{"@type":"ImageObject","inLanguage":"en-GB","@id":"https:\/\/g3d-wargame.com\/#\/schema\/logo\/image\/","url":"https:\/\/g3d-wargame.com\/wp-content\/uploads\/2023\/12\/G3DLOGO-v1-700-x-700-px.png","contentUrl":"https:\/\/g3d-wargame.com\/wp-content\/uploads\/2023\/12\/G3DLOGO-v1-700-x-700-px.png","width":788,"height":788,"caption":"G3D"},"image":{"@id":"https:\/\/g3d-wargame.com\/#\/schema\/logo\/image\/"}}]}},"_links":{"self":[{"href":"https:\/\/g3d-wargame.com\/en\/wp-json\/wp\/v2\/product\/6697","targetHints":{"allow":["GET"]}}],"collection":[{"href":"https:\/\/g3d-wargame.com\/en\/wp-json\/wp\/v2\/product"}],"about":[{"href":"https:\/\/g3d-wargame.com\/en\/wp-json\/wp\/v2\/types\/product"}],"wp:featuredmedia":[{"embeddable":true,"href":"https:\/\/g3d-wargame.com\/en\/wp-json\/wp\/v2\/media\/6711"}],"wp:attachment":[{"href":"https:\/\/g3d-wargame.com\/en\/wp-json\/wp\/v2\/media?parent=6697"}],"wp:term":[{"taxonomy":"product_brand","embeddable":true,"href":"https:\/\/g3d-wargame.com\/en\/wp-json\/wp\/v2\/product_brand?post=6697"},{"taxonomy":"product_cat","embeddable":true,"href":"https:\/\/g3d-wargame.com\/en\/wp-json\/wp\/v2\/product_cat?post=6697"},{"taxonomy":"product_tag","embeddable":true,"href":"https:\/\/g3d-wargame.com\/en\/wp-json\/wp\/v2\/product_tag?post=6697"}],"curies":[{"name":"wp","href":"https:\/\/api.w.org\/{rel}","templated":true}]}}