{"id":6687,"date":"2025-07-13T12:21:02","date_gmt":"2025-07-13T10:21:02","guid":{"rendered":"https:\/\/g3d-wargame.com\/?post_type=product&#038;p=6687"},"modified":"2025-07-13T12:21:02","modified_gmt":"2025-07-13T10:21:02","slug":"char-de-combat-sicaran","status":"publish","type":"product","link":"https:\/\/g3d-wargame.com\/en\/product\/char-de-combat-sicaran\/","title":{"rendered":"Char de Combat Sicaran"},"content":{"rendered":"<p>Le Sicaran est une des unit\u00e9s blind\u00e9es les plus sophistiqu\u00e9es \u00e0 la disposition des Legiones Astartes. Ce char rapide est con\u00e7u pour contourner les formations ennemies avant de d\u00e9cha\u00eener un torrent de projectiles \u00e0 moyenne port\u00e9e. Bien que son ch\u00e2ssis adaptable permette aux L\u00e9gions d&rsquo;aligner de nombreuses variantes, le char de combat Sicaran de base reste une valeur s\u00fbre. Arm\u00e9 d&rsquo;autocanons acc\u00e9l\u00e9rateurs mod\u00e8le Herakles, il d\u00e9ploie une puissance de feu d\u00e9vastatrice \u00e0 haute v\u00e9locit\u00e9 capable de d\u00e9chiqueter infanterie et v\u00e9hicules. Ses capteurs sophistiqu\u00e9s suivent les cibles tr\u00e8s mobiles et identifient les faiblesses des blindages ennemis.<\/p>\n<p>Ce kit plastique permet d&rsquo;assembler un Char de Combat Sicaran, un v\u00e9hicule rapide arm\u00e9 d&rsquo;autocanons acc\u00e9l\u00e9rateurs mont\u00e9s en tourelle. Le Sicaran dispose \u00e9galement d&rsquo;un bolter lourd de coque, ainsi que d&rsquo;armes lat\u00e9rales (au choix des bolters lourds, des lance-flammes lourds, des canons laser ou des couleuvrines volkites. Le kit propose \u00e9galement une arme sur pivot : un lanceur Havoc, un bolter lourd, un lance-flammes lourd, un multifuseur, ou une arme combin\u00e9e disponible en cinq configurations (bolter, lance-flammes, fuseur, plasma ou volkite). Il contient \u00e9galement un projecteur, un missile traqueur, et des options esth\u00e9tiques comme des crochets de remorquage, une lame de bulldozer, et au choix un artilleur ou observateur space marine, ou une \u00e9coutille ferm\u00e9e.<\/p>\n<p>Ce set est constitu\u00e9 de 204 composants en plastique, et est fourni avec 1x Planche de d\u00e9calcomanies de V\u00e9hicules Legiones Astartes avec 44 marquages et ic\u00f4nes des L\u00e9gions des Sons of Horus et des Imperial Fists. Cette figurine est fournie non peinte et n\u00e9cessite assemblage \u2013 nous recommandons d&#8217;employer la Colle Plastique Citadel et la peinture Citadel.<\/p>","protected":false},"excerpt":{"rendered":"<p>Le Sicaran est une des unit\u00e9s blind\u00e9es les plus sophistiqu\u00e9es \u00e0 la disposition des Legiones Astartes. Ce char rapide est con\u00e7u pour contourner les formations ennemies avant de d\u00e9cha\u00eener un torrent de projectiles \u00e0 moyenne port\u00e9e. Bien que son ch\u00e2ssis adaptable permette aux L\u00e9gions d&rsquo;aligner de nombreuses variantes, le char de combat Sicaran de base reste une valeur s\u00fbre. Arm\u00e9&hellip;<\/p>","protected":false},"featured_media":6696,"template":"","meta":[],"product_brand":[],"product_cat":[91],"product_tag":[],"class_list":{"0":"post-6687","1":"product","2":"type-product","3":"status-publish","4":"has-post-thumbnail","6":"product_cat-horus-heresy","8":"first","9":"instock","10":"sale","11":"taxable","12":"shipping-taxable","13":"purchasable","14":"product-type-simple"},"yoast_head":"<!-- This site is optimized with the Yoast SEO plugin v25.8 - https:\/\/yoast.com\/wordpress\/plugins\/seo\/ -->\n<title>Char de Combat Sicaran &#8211; G3D<\/title>\n<meta name=\"robots\" content=\"index, follow, max-snippet:-1, max-image-preview:large, max-video-preview:-1\" \/>\n<link rel=\"canonical\" href=\"https:\/\/g3d-wargame.com\/en\/product\/char-de-combat-sicaran\/\" \/>\n<meta property=\"og:locale\" content=\"en_GB\" \/>\n<meta property=\"og:type\" content=\"article\" \/>\n<meta property=\"og:title\" content=\"Char de Combat Sicaran &#8211; G3D\" \/>\n<meta property=\"og:description\" content=\"Le Sicaran est une des unit\u00e9s blind\u00e9es les plus sophistiqu\u00e9es \u00e0 la disposition des Legiones Astartes. Ce char rapide est con\u00e7u pour contourner les formations ennemies avant de d\u00e9cha\u00eener un torrent de projectiles \u00e0 moyenne port\u00e9e. Bien que son ch\u00e2ssis adaptable permette aux L\u00e9gions d&rsquo;aligner de nombreuses variantes, le char de combat Sicaran de base reste une valeur s\u00fbre. Arm\u00e9&hellip;\" \/>\n<meta property=\"og:url\" content=\"https:\/\/g3d-wargame.com\/en\/product\/char-de-combat-sicaran\/\" \/>\n<meta property=\"og:site_name\" content=\"G3D\" \/>\n<meta property=\"og:image\" content=\"https:\/\/g3d-wargame.com\/wp-content\/uploads\/2025\/07\/99123001005_SicaranLead-1.jpg\" \/>\n\t<meta property=\"og:image:width\" content=\"918\" \/>\n\t<meta property=\"og:image:height\" content=\"948\" \/>\n\t<meta property=\"og:image:type\" content=\"image\/jpeg\" \/>\n<meta name=\"twitter:card\" content=\"summary_large_image\" \/>\n<meta name=\"twitter:label1\" content=\"Estimated reading time\" \/>\n\t<meta name=\"twitter:data1\" content=\"2 minutes\" \/>\n<script type=\"application\/ld+json\" class=\"yoast-schema-graph\">{\"@context\":\"https:\/\/schema.org\",\"@graph\":[{\"@type\":\"WebPage\",\"@id\":\"https:\/\/g3d-wargame.com\/produit\/char-de-combat-sicaran\/\",\"url\":\"https:\/\/g3d-wargame.com\/produit\/char-de-combat-sicaran\/\",\"name\":\"Char de Combat Sicaran &#8211; G3D\",\"isPartOf\":{\"@id\":\"https:\/\/g3d-wargame.com\/#website\"},\"primaryImageOfPage\":{\"@id\":\"https:\/\/g3d-wargame.com\/produit\/char-de-combat-sicaran\/#primaryimage\"},\"image\":{\"@id\":\"https:\/\/g3d-wargame.com\/produit\/char-de-combat-sicaran\/#primaryimage\"},\"thumbnailUrl\":\"https:\/\/g3d-wargame.com\/wp-content\/uploads\/2025\/07\/99123001005_SicaranLead-1.jpg\",\"datePublished\":\"2025-07-13T10:21:02+00:00\",\"breadcrumb\":{\"@id\":\"https:\/\/g3d-wargame.com\/produit\/char-de-combat-sicaran\/#breadcrumb\"},\"inLanguage\":\"en-GB\",\"potentialAction\":[{\"@type\":\"ReadAction\",\"target\":[\"https:\/\/g3d-wargame.com\/produit\/char-de-combat-sicaran\/\"]}]},{\"@type\":\"ImageObject\",\"inLanguage\":\"en-GB\",\"@id\":\"https:\/\/g3d-wargame.com\/produit\/char-de-combat-sicaran\/#primaryimage\",\"url\":\"https:\/\/g3d-wargame.com\/wp-content\/uploads\/2025\/07\/99123001005_SicaranLead-1.jpg\",\"contentUrl\":\"https:\/\/g3d-wargame.com\/wp-content\/uploads\/2025\/07\/99123001005_SicaranLead-1.jpg\",\"width\":918,\"height\":948},{\"@type\":\"BreadcrumbList\",\"@id\":\"https:\/\/g3d-wargame.com\/produit\/char-de-combat-sicaran\/#breadcrumb\",\"itemListElement\":[{\"@type\":\"ListItem\",\"position\":1,\"name\":\"Accueil\",\"item\":\"https:\/\/g3d-wargame.com\/\"},{\"@type\":\"ListItem\",\"position\":2,\"name\":\"Produits\",\"item\":\"https:\/\/g3d-wargame.com\/shop__trashed\/\"},{\"@type\":\"ListItem\",\"position\":3,\"name\":\"Char de Combat Sicaran\"}]},{\"@type\":\"WebSite\",\"@id\":\"https:\/\/g3d-wargame.com\/#website\",\"url\":\"https:\/\/g3d-wargame.com\/\",\"name\":\"G3D\",\"description\":\" impression 3D\",\"publisher\":{\"@id\":\"https:\/\/g3d-wargame.com\/#organization\"},\"alternateName\":\"G3D Wargame\",\"potentialAction\":[{\"@type\":\"SearchAction\",\"target\":{\"@type\":\"EntryPoint\",\"urlTemplate\":\"https:\/\/g3d-wargame.com\/?s={search_term_string}\"},\"query-input\":{\"@type\":\"PropertyValueSpecification\",\"valueRequired\":true,\"valueName\":\"search_term_string\"}}],\"inLanguage\":\"en-GB\"},{\"@type\":\"Organization\",\"@id\":\"https:\/\/g3d-wargame.com\/#organization\",\"name\":\"G3D\",\"alternateName\":\"G3D WARGAME\",\"url\":\"https:\/\/g3d-wargame.com\/\",\"logo\":{\"@type\":\"ImageObject\",\"inLanguage\":\"en-GB\",\"@id\":\"https:\/\/g3d-wargame.com\/#\/schema\/logo\/image\/\",\"url\":\"https:\/\/g3d-wargame.com\/wp-content\/uploads\/2023\/12\/G3DLOGO-v1-700-x-700-px.png\",\"contentUrl\":\"https:\/\/g3d-wargame.com\/wp-content\/uploads\/2023\/12\/G3DLOGO-v1-700-x-700-px.png\",\"width\":788,\"height\":788,\"caption\":\"G3D\"},\"image\":{\"@id\":\"https:\/\/g3d-wargame.com\/#\/schema\/logo\/image\/\"}}]}<\/script>\n<!-- \/ Yoast SEO plugin. -->","yoast_head_json":{"title":"Char de Combat Sicaran &#8211; G3D","robots":{"index":"index","follow":"follow","max-snippet":"max-snippet:-1","max-image-preview":"max-image-preview:large","max-video-preview":"max-video-preview:-1"},"canonical":"https:\/\/g3d-wargame.com\/en\/product\/char-de-combat-sicaran\/","og_locale":"en_GB","og_type":"article","og_title":"Char de Combat Sicaran &#8211; G3D","og_description":"Le Sicaran est une des unit\u00e9s blind\u00e9es les plus sophistiqu\u00e9es \u00e0 la disposition des Legiones Astartes. Ce char rapide est con\u00e7u pour contourner les formations ennemies avant de d\u00e9cha\u00eener un torrent de projectiles \u00e0 moyenne port\u00e9e. Bien que son ch\u00e2ssis adaptable permette aux L\u00e9gions d&rsquo;aligner de nombreuses variantes, le char de combat Sicaran de base reste une valeur s\u00fbre. Arm\u00e9&hellip;","og_url":"https:\/\/g3d-wargame.com\/en\/product\/char-de-combat-sicaran\/","og_site_name":"G3D","og_image":[{"width":918,"height":948,"url":"https:\/\/g3d-wargame.com\/wp-content\/uploads\/2025\/07\/99123001005_SicaranLead-1.jpg","type":"image\/jpeg"}],"twitter_card":"summary_large_image","twitter_misc":{"Estimated reading time":"2 minutes"},"schema":{"@context":"https:\/\/schema.org","@graph":[{"@type":"WebPage","@id":"https:\/\/g3d-wargame.com\/produit\/char-de-combat-sicaran\/","url":"https:\/\/g3d-wargame.com\/produit\/char-de-combat-sicaran\/","name":"Char de Combat Sicaran &#8211; G3D","isPartOf":{"@id":"https:\/\/g3d-wargame.com\/#website"},"primaryImageOfPage":{"@id":"https:\/\/g3d-wargame.com\/produit\/char-de-combat-sicaran\/#primaryimage"},"image":{"@id":"https:\/\/g3d-wargame.com\/produit\/char-de-combat-sicaran\/#primaryimage"},"thumbnailUrl":"https:\/\/g3d-wargame.com\/wp-content\/uploads\/2025\/07\/99123001005_SicaranLead-1.jpg","datePublished":"2025-07-13T10:21:02+00:00","breadcrumb":{"@id":"https:\/\/g3d-wargame.com\/produit\/char-de-combat-sicaran\/#breadcrumb"},"inLanguage":"en-GB","potentialAction":[{"@type":"ReadAction","target":["https:\/\/g3d-wargame.com\/produit\/char-de-combat-sicaran\/"]}]},{"@type":"ImageObject","inLanguage":"en-GB","@id":"https:\/\/g3d-wargame.com\/produit\/char-de-combat-sicaran\/#primaryimage","url":"https:\/\/g3d-wargame.com\/wp-content\/uploads\/2025\/07\/99123001005_SicaranLead-1.jpg","contentUrl":"https:\/\/g3d-wargame.com\/wp-content\/uploads\/2025\/07\/99123001005_SicaranLead-1.jpg","width":918,"height":948},{"@type":"BreadcrumbList","@id":"https:\/\/g3d-wargame.com\/produit\/char-de-combat-sicaran\/#breadcrumb","itemListElement":[{"@type":"ListItem","position":1,"name":"Accueil","item":"https:\/\/g3d-wargame.com\/"},{"@type":"ListItem","position":2,"name":"Produits","item":"https:\/\/g3d-wargame.com\/shop__trashed\/"},{"@type":"ListItem","position":3,"name":"Char de Combat Sicaran"}]},{"@type":"WebSite","@id":"https:\/\/g3d-wargame.com\/#website","url":"https:\/\/g3d-wargame.com\/","name":"G3D","description":"3D printing","publisher":{"@id":"https:\/\/g3d-wargame.com\/#organization"},"alternateName":"G3D Wargame","potentialAction":[{"@type":"SearchAction","target":{"@type":"EntryPoint","urlTemplate":"https:\/\/g3d-wargame.com\/?s={search_term_string}"},"query-input":{"@type":"PropertyValueSpecification","valueRequired":true,"valueName":"search_term_string"}}],"inLanguage":"en-GB"},{"@type":"Organization","@id":"https:\/\/g3d-wargame.com\/#organization","name":"G3D","alternateName":"G3D WARGAME","url":"https:\/\/g3d-wargame.com\/","logo":{"@type":"ImageObject","inLanguage":"en-GB","@id":"https:\/\/g3d-wargame.com\/#\/schema\/logo\/image\/","url":"https:\/\/g3d-wargame.com\/wp-content\/uploads\/2023\/12\/G3DLOGO-v1-700-x-700-px.png","contentUrl":"https:\/\/g3d-wargame.com\/wp-content\/uploads\/2023\/12\/G3DLOGO-v1-700-x-700-px.png","width":788,"height":788,"caption":"G3D"},"image":{"@id":"https:\/\/g3d-wargame.com\/#\/schema\/logo\/image\/"}}]}},"_links":{"self":[{"href":"https:\/\/g3d-wargame.com\/en\/wp-json\/wp\/v2\/product\/6687","targetHints":{"allow":["GET"]}}],"collection":[{"href":"https:\/\/g3d-wargame.com\/en\/wp-json\/wp\/v2\/product"}],"about":[{"href":"https:\/\/g3d-wargame.com\/en\/wp-json\/wp\/v2\/types\/product"}],"wp:featuredmedia":[{"embeddable":true,"href":"https:\/\/g3d-wargame.com\/en\/wp-json\/wp\/v2\/media\/6696"}],"wp:attachment":[{"href":"https:\/\/g3d-wargame.com\/en\/wp-json\/wp\/v2\/media?parent=6687"}],"wp:term":[{"taxonomy":"product_brand","embeddable":true,"href":"https:\/\/g3d-wargame.com\/en\/wp-json\/wp\/v2\/product_brand?post=6687"},{"taxonomy":"product_cat","embeddable":true,"href":"https:\/\/g3d-wargame.com\/en\/wp-json\/wp\/v2\/product_cat?post=6687"},{"taxonomy":"product_tag","embeddable":true,"href":"https:\/\/g3d-wargame.com\/en\/wp-json\/wp\/v2\/product_tag?post=6687"}],"curies":[{"name":"wp","href":"https:\/\/api.w.org\/{rel}","templated":true}]}}