{"id":6677,"date":"2025-07-13T12:13:54","date_gmt":"2025-07-13T10:13:54","guid":{"rendered":"https:\/\/g3d-wargame.com\/?post_type=product&#038;p=6677"},"modified":"2025-07-13T12:13:55","modified_gmt":"2025-07-13T10:13:55","slug":"dreadnought-de-siege-leviathan-avec-pince-et-trepan","status":"publish","type":"product","link":"https:\/\/g3d-wargame.com\/en\/product\/dreadnought-de-siege-leviathan-avec-pince-et-trepan\/","title":{"rendered":"Dreadnought de si\u00e8ge Leviathan avec pince et tr\u00e9pan"},"content":{"rendered":"<p>Lourdement arm\u00e9 et prot\u00e9g\u00e9 par un impressionnant blindage, le Dreadnought de Si\u00e8ge Leviathan est une version alternative du puissant mod\u00e8le Contemptor. Ces machines rares et redoutables sont pris\u00e9es par les commandants de l&rsquo;Astartes et c\u00e9l\u00e8bres pour leur efficacit\u00e9 comme armes de si\u00e8ge ou de recherche et destruction, abattant leur cible dans une charge inarr\u00eatable. Mais cette force incommensurable n&rsquo;est pas sans co\u00fbt : les syst\u00e8mes du L\u00e9viathan sont terriblement exigeants et m\u00eame mortels pour leur pilote, qui accomplit les derniers exploits \u00e9clatants mais brefs de sa seconde vie.<\/p>\n<p>Ce kit plastique permet d&rsquo;assembler un Dreadnought de Si\u00e8ge Leviathan, un marcheur blind\u00e9 terrifiant \u00e9quip\u00e9 d&rsquo;armes de m\u00eal\u00e9e mortelles. Chacun des poings m\u00e9caniques du Leviathan dispose d&rsquo;un fuseur int\u00e9gr\u00e9 et peut \u00eatre dot\u00e9 d&rsquo;une terrible pince de si\u00e8ge ou d&rsquo;un tr\u00e9pan de si\u00e8ge broyeur dont les doigts peuvent \u00eatre positionn\u00e9s individuellement. Le torse du Dreadnought accueille deux armes suppl\u00e9mentaires en option : des lance-flammes lourds ou des arquebuses volkites jumel\u00e9es. Il peut \u00e9galement \u00eatre \u00e9quip\u00e9 d&rsquo;un d\u00e9chargeur \u00e0 phosphex mont\u00e9 sur la coque. Ce kit tr\u00e8s personnalisable comprend un choix de trois plaques pectorales, de deux collerettes et de trois plaques d&rsquo;aines diff\u00e9rentes. Les articulations du Dreadnought et sa t\u00eate peuvent \u00eatre positionn\u00e9es pour lui donner diverses poses, et les options de pieds permettent de lui donner l&rsquo;air d&rsquo;avancer ou de les planter au sol pour recevoir une charge.<\/p>\n<p>Ce kit est constitu\u00e9 de 153 composants en plastique et est fourni avec un socle rond Citadel de 80 mm et avec une plaque de d\u00e9calcomanies de v\u00e9hicules Legiones Astartes proposant 44 marquages et ic\u00f4nes diff\u00e9rents pour les L\u00e9gions des Sons of Horus et des Imperial Fists. Cette figurine est fournie non peinte et n\u00e9cessite assemblage \u2013 nous recommandons d&#8217;employer la Colle Plastique Citadel et la peinture Citadel.<\/p>\n<p>Ce kit est compatible avec la grappe d&rsquo;armes \u00e0 distance de Dreadnought Leviathan, ce qui vous permet d&rsquo;\u00e9quiper votre Dreadnought avec diff\u00e9rentes armes lourdes surpuissantes.<\/p>\n<p>Vous aurez besoin d&rsquo;un exemplaire du Livre de R\u00e8gles de Warhammer: The Horus Heresy \u2013 L&rsquo;\u00c2ge des T\u00e9n\u00e8bres, et soit du Liber Astartes: Livre d&rsquo;Arm\u00e9e des Legiones Astartes Loyalistes, soit du Liber Hereticus: Livre d&rsquo;Arm\u00e9e des Legiones Astartes Ren\u00e9gates pour pouvoir utiliser ces figurines.<\/p>","protected":false},"excerpt":{"rendered":"<p>Lourdement arm\u00e9 et prot\u00e9g\u00e9 par un impressionnant blindage, le Dreadnought de Si\u00e8ge Leviathan est une version alternative du puissant mod\u00e8le Contemptor. Ces machines rares et redoutables sont pris\u00e9es par les commandants de l&rsquo;Astartes et c\u00e9l\u00e8bres pour leur efficacit\u00e9 comme armes de si\u00e8ge ou de recherche et destruction, abattant leur cible dans une charge inarr\u00eatable. Mais cette force incommensurable n&rsquo;est pas&hellip;<\/p>","protected":false},"featured_media":6686,"template":"","meta":[],"product_brand":[],"product_cat":[91],"product_tag":[],"class_list":{"0":"post-6677","1":"product","2":"type-product","3":"status-publish","4":"has-post-thumbnail","6":"product_cat-horus-heresy","8":"first","9":"instock","10":"sale","11":"taxable","12":"shipping-taxable","13":"purchasable","14":"product-type-simple"},"yoast_head":"<!-- This site is optimized with the Yoast SEO plugin v25.8 - https:\/\/yoast.com\/wordpress\/plugins\/seo\/ -->\n<title>Dreadnought de si\u00e8ge Leviathan avec pince et tr\u00e9pan &#8211; G3D<\/title>\n<meta name=\"robots\" content=\"index, follow, max-snippet:-1, max-image-preview:large, max-video-preview:-1\" \/>\n<link rel=\"canonical\" href=\"https:\/\/g3d-wargame.com\/en\/product\/dreadnought-de-siege-leviathan-avec-pince-et-trepan\/\" \/>\n<meta property=\"og:locale\" content=\"en_GB\" \/>\n<meta property=\"og:type\" content=\"article\" \/>\n<meta property=\"og:title\" content=\"Dreadnought de si\u00e8ge Leviathan avec pince et tr\u00e9pan &#8211; G3D\" \/>\n<meta property=\"og:description\" content=\"Lourdement arm\u00e9 et prot\u00e9g\u00e9 par un impressionnant blindage, le Dreadnought de Si\u00e8ge Leviathan est une version alternative du puissant mod\u00e8le Contemptor. Ces machines rares et redoutables sont pris\u00e9es par les commandants de l&rsquo;Astartes et c\u00e9l\u00e8bres pour leur efficacit\u00e9 comme armes de si\u00e8ge ou de recherche et destruction, abattant leur cible dans une charge inarr\u00eatable. Mais cette force incommensurable n&rsquo;est pas&hellip;\" \/>\n<meta property=\"og:url\" content=\"https:\/\/g3d-wargame.com\/en\/product\/dreadnought-de-siege-leviathan-avec-pince-et-trepan\/\" \/>\n<meta property=\"og:site_name\" content=\"G3D\" \/>\n<meta property=\"article:modified_time\" content=\"2025-07-13T10:13:55+00:00\" \/>\n<meta property=\"og:image\" content=\"https:\/\/g3d-wargame.com\/wp-content\/uploads\/2025\/07\/99123001031_LevDreadCCClawDrillLead-1.jpg\" \/>\n\t<meta property=\"og:image:width\" content=\"918\" \/>\n\t<meta property=\"og:image:height\" content=\"948\" \/>\n\t<meta property=\"og:image:type\" content=\"image\/jpeg\" \/>\n<meta name=\"twitter:card\" content=\"summary_large_image\" \/>\n<meta name=\"twitter:label1\" content=\"Estimated reading time\" \/>\n\t<meta name=\"twitter:data1\" content=\"3 minutes\" \/>\n<script type=\"application\/ld+json\" class=\"yoast-schema-graph\">{\"@context\":\"https:\/\/schema.org\",\"@graph\":[{\"@type\":\"WebPage\",\"@id\":\"https:\/\/g3d-wargame.com\/produit\/dreadnought-de-siege-leviathan-avec-pince-et-trepan\/\",\"url\":\"https:\/\/g3d-wargame.com\/produit\/dreadnought-de-siege-leviathan-avec-pince-et-trepan\/\",\"name\":\"Dreadnought de si\u00e8ge Leviathan avec pince et tr\u00e9pan &#8211; G3D\",\"isPartOf\":{\"@id\":\"https:\/\/g3d-wargame.com\/#website\"},\"primaryImageOfPage\":{\"@id\":\"https:\/\/g3d-wargame.com\/produit\/dreadnought-de-siege-leviathan-avec-pince-et-trepan\/#primaryimage\"},\"image\":{\"@id\":\"https:\/\/g3d-wargame.com\/produit\/dreadnought-de-siege-leviathan-avec-pince-et-trepan\/#primaryimage\"},\"thumbnailUrl\":\"https:\/\/g3d-wargame.com\/wp-content\/uploads\/2025\/07\/99123001031_LevDreadCCClawDrillLead-1.jpg\",\"datePublished\":\"2025-07-13T10:13:54+00:00\",\"dateModified\":\"2025-07-13T10:13:55+00:00\",\"breadcrumb\":{\"@id\":\"https:\/\/g3d-wargame.com\/produit\/dreadnought-de-siege-leviathan-avec-pince-et-trepan\/#breadcrumb\"},\"inLanguage\":\"en-GB\",\"potentialAction\":[{\"@type\":\"ReadAction\",\"target\":[\"https:\/\/g3d-wargame.com\/produit\/dreadnought-de-siege-leviathan-avec-pince-et-trepan\/\"]}]},{\"@type\":\"ImageObject\",\"inLanguage\":\"en-GB\",\"@id\":\"https:\/\/g3d-wargame.com\/produit\/dreadnought-de-siege-leviathan-avec-pince-et-trepan\/#primaryimage\",\"url\":\"https:\/\/g3d-wargame.com\/wp-content\/uploads\/2025\/07\/99123001031_LevDreadCCClawDrillLead-1.jpg\",\"contentUrl\":\"https:\/\/g3d-wargame.com\/wp-content\/uploads\/2025\/07\/99123001031_LevDreadCCClawDrillLead-1.jpg\",\"width\":918,\"height\":948},{\"@type\":\"BreadcrumbList\",\"@id\":\"https:\/\/g3d-wargame.com\/produit\/dreadnought-de-siege-leviathan-avec-pince-et-trepan\/#breadcrumb\",\"itemListElement\":[{\"@type\":\"ListItem\",\"position\":1,\"name\":\"Accueil\",\"item\":\"https:\/\/g3d-wargame.com\/\"},{\"@type\":\"ListItem\",\"position\":2,\"name\":\"Produits\",\"item\":\"https:\/\/g3d-wargame.com\/shop__trashed\/\"},{\"@type\":\"ListItem\",\"position\":3,\"name\":\"Dreadnought de si\u00e8ge Leviathan avec pince et tr\u00e9pan\"}]},{\"@type\":\"WebSite\",\"@id\":\"https:\/\/g3d-wargame.com\/#website\",\"url\":\"https:\/\/g3d-wargame.com\/\",\"name\":\"G3D\",\"description\":\" impression 3D\",\"publisher\":{\"@id\":\"https:\/\/g3d-wargame.com\/#organization\"},\"alternateName\":\"G3D Wargame\",\"potentialAction\":[{\"@type\":\"SearchAction\",\"target\":{\"@type\":\"EntryPoint\",\"urlTemplate\":\"https:\/\/g3d-wargame.com\/?s={search_term_string}\"},\"query-input\":{\"@type\":\"PropertyValueSpecification\",\"valueRequired\":true,\"valueName\":\"search_term_string\"}}],\"inLanguage\":\"en-GB\"},{\"@type\":\"Organization\",\"@id\":\"https:\/\/g3d-wargame.com\/#organization\",\"name\":\"G3D\",\"alternateName\":\"G3D WARGAME\",\"url\":\"https:\/\/g3d-wargame.com\/\",\"logo\":{\"@type\":\"ImageObject\",\"inLanguage\":\"en-GB\",\"@id\":\"https:\/\/g3d-wargame.com\/#\/schema\/logo\/image\/\",\"url\":\"https:\/\/g3d-wargame.com\/wp-content\/uploads\/2023\/12\/G3DLOGO-v1-700-x-700-px.png\",\"contentUrl\":\"https:\/\/g3d-wargame.com\/wp-content\/uploads\/2023\/12\/G3DLOGO-v1-700-x-700-px.png\",\"width\":788,\"height\":788,\"caption\":\"G3D\"},\"image\":{\"@id\":\"https:\/\/g3d-wargame.com\/#\/schema\/logo\/image\/\"}}]}<\/script>\n<!-- \/ Yoast SEO plugin. -->","yoast_head_json":{"title":"Dreadnought de si\u00e8ge Leviathan avec pince et tr\u00e9pan &#8211; G3D","robots":{"index":"index","follow":"follow","max-snippet":"max-snippet:-1","max-image-preview":"max-image-preview:large","max-video-preview":"max-video-preview:-1"},"canonical":"https:\/\/g3d-wargame.com\/en\/product\/dreadnought-de-siege-leviathan-avec-pince-et-trepan\/","og_locale":"en_GB","og_type":"article","og_title":"Dreadnought de si\u00e8ge Leviathan avec pince et tr\u00e9pan &#8211; G3D","og_description":"Lourdement arm\u00e9 et prot\u00e9g\u00e9 par un impressionnant blindage, le Dreadnought de Si\u00e8ge Leviathan est une version alternative du puissant mod\u00e8le Contemptor. Ces machines rares et redoutables sont pris\u00e9es par les commandants de l&rsquo;Astartes et c\u00e9l\u00e8bres pour leur efficacit\u00e9 comme armes de si\u00e8ge ou de recherche et destruction, abattant leur cible dans une charge inarr\u00eatable. Mais cette force incommensurable n&rsquo;est pas&hellip;","og_url":"https:\/\/g3d-wargame.com\/en\/product\/dreadnought-de-siege-leviathan-avec-pince-et-trepan\/","og_site_name":"G3D","article_modified_time":"2025-07-13T10:13:55+00:00","og_image":[{"width":918,"height":948,"url":"https:\/\/g3d-wargame.com\/wp-content\/uploads\/2025\/07\/99123001031_LevDreadCCClawDrillLead-1.jpg","type":"image\/jpeg"}],"twitter_card":"summary_large_image","twitter_misc":{"Estimated reading time":"3 minutes"},"schema":{"@context":"https:\/\/schema.org","@graph":[{"@type":"WebPage","@id":"https:\/\/g3d-wargame.com\/produit\/dreadnought-de-siege-leviathan-avec-pince-et-trepan\/","url":"https:\/\/g3d-wargame.com\/produit\/dreadnought-de-siege-leviathan-avec-pince-et-trepan\/","name":"Dreadnought de si\u00e8ge Leviathan avec pince et tr\u00e9pan &#8211; G3D","isPartOf":{"@id":"https:\/\/g3d-wargame.com\/#website"},"primaryImageOfPage":{"@id":"https:\/\/g3d-wargame.com\/produit\/dreadnought-de-siege-leviathan-avec-pince-et-trepan\/#primaryimage"},"image":{"@id":"https:\/\/g3d-wargame.com\/produit\/dreadnought-de-siege-leviathan-avec-pince-et-trepan\/#primaryimage"},"thumbnailUrl":"https:\/\/g3d-wargame.com\/wp-content\/uploads\/2025\/07\/99123001031_LevDreadCCClawDrillLead-1.jpg","datePublished":"2025-07-13T10:13:54+00:00","dateModified":"2025-07-13T10:13:55+00:00","breadcrumb":{"@id":"https:\/\/g3d-wargame.com\/produit\/dreadnought-de-siege-leviathan-avec-pince-et-trepan\/#breadcrumb"},"inLanguage":"en-GB","potentialAction":[{"@type":"ReadAction","target":["https:\/\/g3d-wargame.com\/produit\/dreadnought-de-siege-leviathan-avec-pince-et-trepan\/"]}]},{"@type":"ImageObject","inLanguage":"en-GB","@id":"https:\/\/g3d-wargame.com\/produit\/dreadnought-de-siege-leviathan-avec-pince-et-trepan\/#primaryimage","url":"https:\/\/g3d-wargame.com\/wp-content\/uploads\/2025\/07\/99123001031_LevDreadCCClawDrillLead-1.jpg","contentUrl":"https:\/\/g3d-wargame.com\/wp-content\/uploads\/2025\/07\/99123001031_LevDreadCCClawDrillLead-1.jpg","width":918,"height":948},{"@type":"BreadcrumbList","@id":"https:\/\/g3d-wargame.com\/produit\/dreadnought-de-siege-leviathan-avec-pince-et-trepan\/#breadcrumb","itemListElement":[{"@type":"ListItem","position":1,"name":"Accueil","item":"https:\/\/g3d-wargame.com\/"},{"@type":"ListItem","position":2,"name":"Produits","item":"https:\/\/g3d-wargame.com\/shop__trashed\/"},{"@type":"ListItem","position":3,"name":"Dreadnought de si\u00e8ge Leviathan avec pince et tr\u00e9pan"}]},{"@type":"WebSite","@id":"https:\/\/g3d-wargame.com\/#website","url":"https:\/\/g3d-wargame.com\/","name":"G3D","description":"3D printing","publisher":{"@id":"https:\/\/g3d-wargame.com\/#organization"},"alternateName":"G3D Wargame","potentialAction":[{"@type":"SearchAction","target":{"@type":"EntryPoint","urlTemplate":"https:\/\/g3d-wargame.com\/?s={search_term_string}"},"query-input":{"@type":"PropertyValueSpecification","valueRequired":true,"valueName":"search_term_string"}}],"inLanguage":"en-GB"},{"@type":"Organization","@id":"https:\/\/g3d-wargame.com\/#organization","name":"G3D","alternateName":"G3D WARGAME","url":"https:\/\/g3d-wargame.com\/","logo":{"@type":"ImageObject","inLanguage":"en-GB","@id":"https:\/\/g3d-wargame.com\/#\/schema\/logo\/image\/","url":"https:\/\/g3d-wargame.com\/wp-content\/uploads\/2023\/12\/G3DLOGO-v1-700-x-700-px.png","contentUrl":"https:\/\/g3d-wargame.com\/wp-content\/uploads\/2023\/12\/G3DLOGO-v1-700-x-700-px.png","width":788,"height":788,"caption":"G3D"},"image":{"@id":"https:\/\/g3d-wargame.com\/#\/schema\/logo\/image\/"}}]}},"_links":{"self":[{"href":"https:\/\/g3d-wargame.com\/en\/wp-json\/wp\/v2\/product\/6677","targetHints":{"allow":["GET"]}}],"collection":[{"href":"https:\/\/g3d-wargame.com\/en\/wp-json\/wp\/v2\/product"}],"about":[{"href":"https:\/\/g3d-wargame.com\/en\/wp-json\/wp\/v2\/types\/product"}],"wp:featuredmedia":[{"embeddable":true,"href":"https:\/\/g3d-wargame.com\/en\/wp-json\/wp\/v2\/media\/6686"}],"wp:attachment":[{"href":"https:\/\/g3d-wargame.com\/en\/wp-json\/wp\/v2\/media?parent=6677"}],"wp:term":[{"taxonomy":"product_brand","embeddable":true,"href":"https:\/\/g3d-wargame.com\/en\/wp-json\/wp\/v2\/product_brand?post=6677"},{"taxonomy":"product_cat","embeddable":true,"href":"https:\/\/g3d-wargame.com\/en\/wp-json\/wp\/v2\/product_cat?post=6677"},{"taxonomy":"product_tag","embeddable":true,"href":"https:\/\/g3d-wargame.com\/en\/wp-json\/wp\/v2\/product_tag?post=6677"}],"curies":[{"name":"wp","href":"https:\/\/api.w.org\/{rel}","templated":true}]}}