{"id":6671,"date":"2025-07-13T12:06:03","date_gmt":"2025-07-13T10:06:03","guid":{"rendered":"https:\/\/g3d-wargame.com\/?post_type=product&#038;p=6671"},"modified":"2025-09-11T09:10:37","modified_gmt":"2025-09-11T07:10:37","slug":"set-dameliorations-darmes-lourdes-lance-missiles-et-bolters-lourds","status":"publish","type":"product","link":"https:\/\/g3d-wargame.com\/en\/product\/set-dameliorations-darmes-lourdes-lance-missiles-et-bolters-lourds\/","title":{"rendered":"Set d&rsquo;Am\u00e9liorations d&rsquo;Armes Lourdes &#8211; Lance-missiles et Bolters Lourds"},"content":{"rendered":"<p>Les escouades de soutien fournissent aux Legiones Astartes une puissance de feu mobile et portative capable de faucher des hordes de troupes ennemies ou de d\u00e9truire des blind\u00e9s sous des gr\u00eales de tirs, en conjuguant un armement d\u00e9vastateur \u00e0 la flexibilit\u00e9 des fantassins. Les bolters lourds sont les plus imposantes armes \u00e0 bolts accessibles \u00e0 l&rsquo;infanterie, qui d\u00e9cha\u00eenent un d\u00e9luge de bolts pour d\u00e9chiqueter les formations adverses, alors que les lance-missiles sont appr\u00e9ci\u00e9s pour leur polyvalence, gr\u00e2ce \u00e0 leurs munitions explosives adapt\u00e9es \u00e0 l&rsquo;\u00e9limination des fantassins, des chars ou des a\u00e9ronefs.<\/p>\n<p>Ce kit d&rsquo;am\u00e9liorations en plastique permet d&rsquo;\u00e9quiper les L\u00e9gionnaires du kit d&rsquo;Escouade Tactique MkVI de puissantes armes lourdes convenant \u00e0 l&rsquo;utilisation par une Escouade de Soutien de L\u00e9gion. Le kit inclut 10 bolters lourds et 10 lance-missiles, avec des bras adapt\u00e9s \u00e0 chaque arme, de sorte \u00e0 promouvoir toute une Escouade Tactique MkVI en deux Escouades de Soutien de L\u00e9gion de 10 figurines, ou en quatre unit\u00e9s de cinq figurines. Sont \u00e9galement inclus quatre scanners augures dont on peut \u00eatre dot\u00e9 en plus d&rsquo;une arme lourde, pour permettre \u00e0 vos Escouades de Soutien de L\u00e9gion de rep\u00e9rer et d&rsquo;\u00e9liminer les unit\u00e9s ennemies.<\/p>\n<p>Ce kit d&rsquo;am\u00e9lioration comprend 120 composants en plastique et il est con\u00e7u pour s&rsquo;assembler avec le kit d&rsquo;Escouade Tactique MkVI, vendu s\u00e9par\u00e9ment. Ces composants sont fournis non peints et n\u00e9cessitent assemblage \u2013 nous recommandons l\u2019usage de Colle Plastique Citadel et de peintures Citadel.<\/p>\n<p>Il vous faut un exemplaire du livre de r\u00e8gles Warhammer: The Horus Heresy \u2013 L&rsquo;\u00c2ge des T\u00e9n\u00e8bres et du Liber Astartes \u2013 Livre d&rsquo;Arm\u00e9es Legiones Astartes Loyalistes ou du Liber Hereticus: Livre d&rsquo;Arm\u00e9e Legiones Astartes Ren\u00e9gates pour profiter pleinement de ces am\u00e9liorations.<\/p>","protected":false},"excerpt":{"rendered":"<p>Les escouades de soutien fournissent aux Legiones Astartes une puissance de feu mobile et portative capable de faucher des hordes de troupes ennemies ou de d\u00e9truire des blind\u00e9s sous des gr\u00eales de tirs, en conjuguant un armement d\u00e9vastateur \u00e0 la flexibilit\u00e9 des fantassins. Les bolters lourds sont les plus imposantes armes \u00e0 bolts accessibles \u00e0 l&rsquo;infanterie, qui d\u00e9cha\u00eenent un d\u00e9luge&hellip;<\/p>","protected":false},"featured_media":6676,"template":"","meta":[],"product_brand":[],"product_cat":[91],"product_tag":[],"class_list":{"0":"post-6671","1":"product","2":"type-product","3":"status-publish","4":"has-post-thumbnail","6":"product_cat-horus-heresy","8":"first","9":"onbackorder","10":"sale","11":"taxable","12":"shipping-taxable","13":"purchasable","14":"product-type-simple"},"yoast_head":"<!-- This site is optimized with the Yoast SEO plugin v25.8 - https:\/\/yoast.com\/wordpress\/plugins\/seo\/ -->\n<title>Set d&#039;Am\u00e9liorations d&#039;Armes Lourdes - Lance-missiles et Bolters Lourds &#8211; G3D<\/title>\n<meta name=\"robots\" content=\"index, follow, max-snippet:-1, max-image-preview:large, max-video-preview:-1\" \/>\n<link rel=\"canonical\" href=\"https:\/\/g3d-wargame.com\/en\/product\/set-dameliorations-darmes-lourdes-lance-missiles-et-bolters-lourds\/\" \/>\n<meta property=\"og:locale\" content=\"en_GB\" \/>\n<meta property=\"og:type\" content=\"article\" \/>\n<meta property=\"og:title\" content=\"Set d&#039;Am\u00e9liorations d&#039;Armes Lourdes - Lance-missiles et Bolters Lourds &#8211; G3D\" \/>\n<meta property=\"og:description\" content=\"Les escouades de soutien fournissent aux Legiones Astartes une puissance de feu mobile et portative capable de faucher des hordes de troupes ennemies ou de d\u00e9truire des blind\u00e9s sous des gr\u00eales de tirs, en conjuguant un armement d\u00e9vastateur \u00e0 la flexibilit\u00e9 des fantassins. Les bolters lourds sont les plus imposantes armes \u00e0 bolts accessibles \u00e0 l&rsquo;infanterie, qui d\u00e9cha\u00eenent un d\u00e9luge&hellip;\" \/>\n<meta property=\"og:url\" content=\"https:\/\/g3d-wargame.com\/en\/product\/set-dameliorations-darmes-lourdes-lance-missiles-et-bolters-lourds\/\" \/>\n<meta property=\"og:site_name\" content=\"G3D\" \/>\n<meta property=\"article:modified_time\" content=\"2025-09-11T07:10:37+00:00\" \/>\n<meta property=\"og:image\" content=\"https:\/\/g3d-wargame.com\/wp-content\/uploads\/2025\/07\/99123001009_HHSMMissileLaunchersHeavyBoltersLead-1.jpg\" \/>\n\t<meta property=\"og:image:width\" content=\"918\" \/>\n\t<meta property=\"og:image:height\" content=\"948\" \/>\n\t<meta property=\"og:image:type\" content=\"image\/jpeg\" \/>\n<meta name=\"twitter:card\" content=\"summary_large_image\" \/>\n<meta name=\"twitter:label1\" content=\"Estimated reading time\" \/>\n\t<meta name=\"twitter:data1\" content=\"2 minutes\" \/>\n<script type=\"application\/ld+json\" class=\"yoast-schema-graph\">{\"@context\":\"https:\/\/schema.org\",\"@graph\":[{\"@type\":\"WebPage\",\"@id\":\"https:\/\/g3d-wargame.com\/produit\/set-dameliorations-darmes-lourdes-lance-missiles-et-bolters-lourds\/\",\"url\":\"https:\/\/g3d-wargame.com\/produit\/set-dameliorations-darmes-lourdes-lance-missiles-et-bolters-lourds\/\",\"name\":\"Set d'Am\u00e9liorations d'Armes Lourdes - Lance-missiles et Bolters Lourds &#8211; G3D\",\"isPartOf\":{\"@id\":\"https:\/\/g3d-wargame.com\/#website\"},\"primaryImageOfPage\":{\"@id\":\"https:\/\/g3d-wargame.com\/produit\/set-dameliorations-darmes-lourdes-lance-missiles-et-bolters-lourds\/#primaryimage\"},\"image\":{\"@id\":\"https:\/\/g3d-wargame.com\/produit\/set-dameliorations-darmes-lourdes-lance-missiles-et-bolters-lourds\/#primaryimage\"},\"thumbnailUrl\":\"https:\/\/g3d-wargame.com\/wp-content\/uploads\/2025\/07\/99123001009_HHSMMissileLaunchersHeavyBoltersLead-1.jpg\",\"datePublished\":\"2025-07-13T10:06:03+00:00\",\"dateModified\":\"2025-09-11T07:10:37+00:00\",\"breadcrumb\":{\"@id\":\"https:\/\/g3d-wargame.com\/produit\/set-dameliorations-darmes-lourdes-lance-missiles-et-bolters-lourds\/#breadcrumb\"},\"inLanguage\":\"en-GB\",\"potentialAction\":[{\"@type\":\"ReadAction\",\"target\":[\"https:\/\/g3d-wargame.com\/produit\/set-dameliorations-darmes-lourdes-lance-missiles-et-bolters-lourds\/\"]}]},{\"@type\":\"ImageObject\",\"inLanguage\":\"en-GB\",\"@id\":\"https:\/\/g3d-wargame.com\/produit\/set-dameliorations-darmes-lourdes-lance-missiles-et-bolters-lourds\/#primaryimage\",\"url\":\"https:\/\/g3d-wargame.com\/wp-content\/uploads\/2025\/07\/99123001009_HHSMMissileLaunchersHeavyBoltersLead-1.jpg\",\"contentUrl\":\"https:\/\/g3d-wargame.com\/wp-content\/uploads\/2025\/07\/99123001009_HHSMMissileLaunchersHeavyBoltersLead-1.jpg\",\"width\":918,\"height\":948},{\"@type\":\"BreadcrumbList\",\"@id\":\"https:\/\/g3d-wargame.com\/produit\/set-dameliorations-darmes-lourdes-lance-missiles-et-bolters-lourds\/#breadcrumb\",\"itemListElement\":[{\"@type\":\"ListItem\",\"position\":1,\"name\":\"Accueil\",\"item\":\"https:\/\/g3d-wargame.com\/\"},{\"@type\":\"ListItem\",\"position\":2,\"name\":\"Produits\",\"item\":\"https:\/\/g3d-wargame.com\/shop__trashed\/\"},{\"@type\":\"ListItem\",\"position\":3,\"name\":\"Set d&rsquo;Am\u00e9liorations d&rsquo;Armes Lourdes &#8211; Lance-missiles et Bolters Lourds\"}]},{\"@type\":\"WebSite\",\"@id\":\"https:\/\/g3d-wargame.com\/#website\",\"url\":\"https:\/\/g3d-wargame.com\/\",\"name\":\"G3D\",\"description\":\" impression 3D\",\"publisher\":{\"@id\":\"https:\/\/g3d-wargame.com\/#organization\"},\"alternateName\":\"G3D Wargame\",\"potentialAction\":[{\"@type\":\"SearchAction\",\"target\":{\"@type\":\"EntryPoint\",\"urlTemplate\":\"https:\/\/g3d-wargame.com\/?s={search_term_string}\"},\"query-input\":{\"@type\":\"PropertyValueSpecification\",\"valueRequired\":true,\"valueName\":\"search_term_string\"}}],\"inLanguage\":\"en-GB\"},{\"@type\":\"Organization\",\"@id\":\"https:\/\/g3d-wargame.com\/#organization\",\"name\":\"G3D\",\"alternateName\":\"G3D WARGAME\",\"url\":\"https:\/\/g3d-wargame.com\/\",\"logo\":{\"@type\":\"ImageObject\",\"inLanguage\":\"en-GB\",\"@id\":\"https:\/\/g3d-wargame.com\/#\/schema\/logo\/image\/\",\"url\":\"https:\/\/g3d-wargame.com\/wp-content\/uploads\/2023\/12\/G3DLOGO-v1-700-x-700-px.png\",\"contentUrl\":\"https:\/\/g3d-wargame.com\/wp-content\/uploads\/2023\/12\/G3DLOGO-v1-700-x-700-px.png\",\"width\":788,\"height\":788,\"caption\":\"G3D\"},\"image\":{\"@id\":\"https:\/\/g3d-wargame.com\/#\/schema\/logo\/image\/\"}}]}<\/script>\n<!-- \/ Yoast SEO plugin. -->","yoast_head_json":{"title":"Set d'Am\u00e9liorations d'Armes Lourdes - Lance-missiles et Bolters Lourds &#8211; G3D","robots":{"index":"index","follow":"follow","max-snippet":"max-snippet:-1","max-image-preview":"max-image-preview:large","max-video-preview":"max-video-preview:-1"},"canonical":"https:\/\/g3d-wargame.com\/en\/product\/set-dameliorations-darmes-lourdes-lance-missiles-et-bolters-lourds\/","og_locale":"en_GB","og_type":"article","og_title":"Set d'Am\u00e9liorations d'Armes Lourdes - Lance-missiles et Bolters Lourds &#8211; G3D","og_description":"Les escouades de soutien fournissent aux Legiones Astartes une puissance de feu mobile et portative capable de faucher des hordes de troupes ennemies ou de d\u00e9truire des blind\u00e9s sous des gr\u00eales de tirs, en conjuguant un armement d\u00e9vastateur \u00e0 la flexibilit\u00e9 des fantassins. Les bolters lourds sont les plus imposantes armes \u00e0 bolts accessibles \u00e0 l&rsquo;infanterie, qui d\u00e9cha\u00eenent un d\u00e9luge&hellip;","og_url":"https:\/\/g3d-wargame.com\/en\/product\/set-dameliorations-darmes-lourdes-lance-missiles-et-bolters-lourds\/","og_site_name":"G3D","article_modified_time":"2025-09-11T07:10:37+00:00","og_image":[{"width":918,"height":948,"url":"https:\/\/g3d-wargame.com\/wp-content\/uploads\/2025\/07\/99123001009_HHSMMissileLaunchersHeavyBoltersLead-1.jpg","type":"image\/jpeg"}],"twitter_card":"summary_large_image","twitter_misc":{"Estimated reading time":"2 minutes"},"schema":{"@context":"https:\/\/schema.org","@graph":[{"@type":"WebPage","@id":"https:\/\/g3d-wargame.com\/produit\/set-dameliorations-darmes-lourdes-lance-missiles-et-bolters-lourds\/","url":"https:\/\/g3d-wargame.com\/produit\/set-dameliorations-darmes-lourdes-lance-missiles-et-bolters-lourds\/","name":"Set d'Am\u00e9liorations d'Armes Lourdes - Lance-missiles et Bolters Lourds &#8211; G3D","isPartOf":{"@id":"https:\/\/g3d-wargame.com\/#website"},"primaryImageOfPage":{"@id":"https:\/\/g3d-wargame.com\/produit\/set-dameliorations-darmes-lourdes-lance-missiles-et-bolters-lourds\/#primaryimage"},"image":{"@id":"https:\/\/g3d-wargame.com\/produit\/set-dameliorations-darmes-lourdes-lance-missiles-et-bolters-lourds\/#primaryimage"},"thumbnailUrl":"https:\/\/g3d-wargame.com\/wp-content\/uploads\/2025\/07\/99123001009_HHSMMissileLaunchersHeavyBoltersLead-1.jpg","datePublished":"2025-07-13T10:06:03+00:00","dateModified":"2025-09-11T07:10:37+00:00","breadcrumb":{"@id":"https:\/\/g3d-wargame.com\/produit\/set-dameliorations-darmes-lourdes-lance-missiles-et-bolters-lourds\/#breadcrumb"},"inLanguage":"en-GB","potentialAction":[{"@type":"ReadAction","target":["https:\/\/g3d-wargame.com\/produit\/set-dameliorations-darmes-lourdes-lance-missiles-et-bolters-lourds\/"]}]},{"@type":"ImageObject","inLanguage":"en-GB","@id":"https:\/\/g3d-wargame.com\/produit\/set-dameliorations-darmes-lourdes-lance-missiles-et-bolters-lourds\/#primaryimage","url":"https:\/\/g3d-wargame.com\/wp-content\/uploads\/2025\/07\/99123001009_HHSMMissileLaunchersHeavyBoltersLead-1.jpg","contentUrl":"https:\/\/g3d-wargame.com\/wp-content\/uploads\/2025\/07\/99123001009_HHSMMissileLaunchersHeavyBoltersLead-1.jpg","width":918,"height":948},{"@type":"BreadcrumbList","@id":"https:\/\/g3d-wargame.com\/produit\/set-dameliorations-darmes-lourdes-lance-missiles-et-bolters-lourds\/#breadcrumb","itemListElement":[{"@type":"ListItem","position":1,"name":"Accueil","item":"https:\/\/g3d-wargame.com\/"},{"@type":"ListItem","position":2,"name":"Produits","item":"https:\/\/g3d-wargame.com\/shop__trashed\/"},{"@type":"ListItem","position":3,"name":"Set d&rsquo;Am\u00e9liorations d&rsquo;Armes Lourdes &#8211; Lance-missiles et Bolters Lourds"}]},{"@type":"WebSite","@id":"https:\/\/g3d-wargame.com\/#website","url":"https:\/\/g3d-wargame.com\/","name":"G3D","description":"3D printing","publisher":{"@id":"https:\/\/g3d-wargame.com\/#organization"},"alternateName":"G3D Wargame","potentialAction":[{"@type":"SearchAction","target":{"@type":"EntryPoint","urlTemplate":"https:\/\/g3d-wargame.com\/?s={search_term_string}"},"query-input":{"@type":"PropertyValueSpecification","valueRequired":true,"valueName":"search_term_string"}}],"inLanguage":"en-GB"},{"@type":"Organization","@id":"https:\/\/g3d-wargame.com\/#organization","name":"G3D","alternateName":"G3D WARGAME","url":"https:\/\/g3d-wargame.com\/","logo":{"@type":"ImageObject","inLanguage":"en-GB","@id":"https:\/\/g3d-wargame.com\/#\/schema\/logo\/image\/","url":"https:\/\/g3d-wargame.com\/wp-content\/uploads\/2023\/12\/G3DLOGO-v1-700-x-700-px.png","contentUrl":"https:\/\/g3d-wargame.com\/wp-content\/uploads\/2023\/12\/G3DLOGO-v1-700-x-700-px.png","width":788,"height":788,"caption":"G3D"},"image":{"@id":"https:\/\/g3d-wargame.com\/#\/schema\/logo\/image\/"}}]}},"_links":{"self":[{"href":"https:\/\/g3d-wargame.com\/en\/wp-json\/wp\/v2\/product\/6671","targetHints":{"allow":["GET"]}}],"collection":[{"href":"https:\/\/g3d-wargame.com\/en\/wp-json\/wp\/v2\/product"}],"about":[{"href":"https:\/\/g3d-wargame.com\/en\/wp-json\/wp\/v2\/types\/product"}],"wp:featuredmedia":[{"embeddable":true,"href":"https:\/\/g3d-wargame.com\/en\/wp-json\/wp\/v2\/media\/6676"}],"wp:attachment":[{"href":"https:\/\/g3d-wargame.com\/en\/wp-json\/wp\/v2\/media?parent=6671"}],"wp:term":[{"taxonomy":"product_brand","embeddable":true,"href":"https:\/\/g3d-wargame.com\/en\/wp-json\/wp\/v2\/product_brand?post=6671"},{"taxonomy":"product_cat","embeddable":true,"href":"https:\/\/g3d-wargame.com\/en\/wp-json\/wp\/v2\/product_cat?post=6671"},{"taxonomy":"product_tag","embeddable":true,"href":"https:\/\/g3d-wargame.com\/en\/wp-json\/wp\/v2\/product_tag?post=6671"}],"curies":[{"name":"wp","href":"https:\/\/api.w.org\/{rel}","templated":true}]}}