{"id":6661,"date":"2025-07-13T12:00:00","date_gmt":"2025-07-13T10:00:00","guid":{"rendered":"https:\/\/g3d-wargame.com\/?post_type=product&#038;p=6661"},"modified":"2025-09-11T09:10:29","modified_gmt":"2025-09-11T07:10:29","slug":"rhino-modele-deimos","status":"publish","type":"product","link":"https:\/\/g3d-wargame.com\/en\/product\/rhino-modele-deimos\/","title":{"rendered":"Rhino Mod\u00e8le Deimos"},"content":{"rendered":"<p>Le Rhino est le transport de troupes le plus usit\u00e9 au sein de l\u2019Imperium. Bas\u00e9 sur une antique technologie de SCS, il est robuste, fiable et facile \u00e0 entretenir. Son moteur est capable d\u2019utiliser divers combustibles. C\u2019\u00e9tait donc le v\u00e9hicule parfait pour la Grande Croisade, qui devait souvent lancer des missions loin de ses centres de ravitaillement. Des milliers de Rhino de mod\u00e8les vari\u00e9s ont \u00e9t\u00e9 produits, et ce ch\u00e2ssis se d\u00e9cline en nombreux engins de guerre. Au sein des L\u00e9gions Space Marines, le mod\u00e8le Deimos lourdement arm\u00e9 est le plus r\u00e9pandu chez les L\u00e9gions de Space Marines.<\/p>\n<p>Ce kit plastique permet d&rsquo;assembler un Transport Rhino de L\u00e9gion, du mod\u00e8le Deimos caract\u00e9ristique. Ce v\u00e9hicule de transport efficace peut emmener une escouade de 10 L\u00e9gionnaires \u00e0 travers les champs de bataille du 31e Mill\u00e9naire, et il y a assez de place pour des personnages joints \u00e0 l&rsquo;unit\u00e9. Prot\u00e9g\u00e9 du feu adverse par un \u00e9pais blindage et des fumig\u00e8nes d\u00e9fensifs, le Transport Rhino de L\u00e9gion est arm\u00e9 de bolters jumel\u00e9s, et peut \u00eatre dot\u00e9 d&rsquo;un assortiment d&rsquo;armes et d&rsquo;options utilitaires. Ce kit inclut assez de composants pour ajouter un lanceur Havoc, un bolter lourd, un lance-flammes lourd, un multi-fuseur ou l&rsquo;une des cinq configurations d&rsquo;arme combin\u00e9e (bolter, lance-flammes, fuseur, plasma ou volkite) sur pivot, ainsi qu&rsquo;un projecteur, une lame de bulldozer et un missile traqueur. Il propose en outre diverses options cosm\u00e9tiques, comme des crochets de remorquage et au choix un Space Marine artilleur ou observateur, ou simplement une \u00e9coutille ferm\u00e9e.<\/p>\n<p>Cette figurine ne comporte pas de marquage de L\u00e9gion, pour permettre aux hobbyistes de Warhammer de la peindre \u00e0 leur guise. Ceci dit, la bo\u00eete contient une planche de d\u00e9calcomanies avec 42 marquages optionnels et de l&rsquo;iconographie pour les L\u00e9gions des Sons of Horus et des Imperial Fists.<\/p>\n<p>Ce kit comprend 102 composants en plastique, plus une planche de d\u00e9calcomanies de v\u00e9hicule des Legiones Astartes. Cette figurine est fournie non peinte et n\u00e9cessite assemblage \u2013 nous recommandons l\u2019usage de Colle Plastique Citadel et de peintures Citadel.<\/p>\n<p>Il vous faut un exemplaire du livre de r\u00e8gles Warhammer: The Horus Heresy \u2013 L&rsquo;\u00c2ge des T\u00e9n\u00e8bres et du Liber Astartes \u2013 Livre d&rsquo;Arm\u00e9es Legiones Astartes Loyalistes ou du Liber Hereticus: Livre d&rsquo;Arm\u00e9e Legiones Astartes Ren\u00e9gates pour profiter pleinement de cette figurine.<\/p>","protected":false},"excerpt":{"rendered":"<p>Le Rhino est le transport de troupes le plus usit\u00e9 au sein de l\u2019Imperium. Bas\u00e9 sur une antique technologie de SCS, il est robuste, fiable et facile \u00e0 entretenir. Son moteur est capable d\u2019utiliser divers combustibles. C\u2019\u00e9tait donc le v\u00e9hicule parfait pour la Grande Croisade, qui devait souvent lancer des missions loin de ses centres de ravitaillement. Des milliers de&hellip;<\/p>","protected":false},"featured_media":6669,"template":"","meta":[],"product_brand":[],"product_cat":[91],"product_tag":[],"class_list":{"0":"post-6661","1":"product","2":"type-product","3":"status-publish","4":"has-post-thumbnail","6":"product_cat-horus-heresy","8":"first","9":"onbackorder","10":"sale","11":"taxable","12":"shipping-taxable","13":"purchasable","14":"product-type-simple"},"yoast_head":"<!-- This site is optimized with the Yoast SEO plugin v25.8 - https:\/\/yoast.com\/wordpress\/plugins\/seo\/ -->\n<title>Rhino Mod\u00e8le Deimos &#8211; G3D<\/title>\n<meta name=\"robots\" content=\"index, follow, max-snippet:-1, max-image-preview:large, max-video-preview:-1\" \/>\n<link rel=\"canonical\" href=\"https:\/\/g3d-wargame.com\/en\/product\/rhino-modele-deimos\/\" \/>\n<meta property=\"og:locale\" content=\"en_GB\" \/>\n<meta property=\"og:type\" content=\"article\" \/>\n<meta property=\"og:title\" content=\"Rhino Mod\u00e8le Deimos &#8211; G3D\" \/>\n<meta property=\"og:description\" content=\"Le Rhino est le transport de troupes le plus usit\u00e9 au sein de l\u2019Imperium. Bas\u00e9 sur une antique technologie de SCS, il est robuste, fiable et facile \u00e0 entretenir. Son moteur est capable d\u2019utiliser divers combustibles. C\u2019\u00e9tait donc le v\u00e9hicule parfait pour la Grande Croisade, qui devait souvent lancer des missions loin de ses centres de ravitaillement. Des milliers de&hellip;\" \/>\n<meta property=\"og:url\" content=\"https:\/\/g3d-wargame.com\/en\/product\/rhino-modele-deimos\/\" \/>\n<meta property=\"og:site_name\" content=\"G3D\" \/>\n<meta property=\"article:modified_time\" content=\"2025-09-11T07:10:29+00:00\" \/>\n<meta property=\"og:image\" content=\"https:\/\/g3d-wargame.com\/wp-content\/uploads\/2025\/07\/99123001001_HHDeimosPatternRhinoLead-1.jpg\" \/>\n\t<meta property=\"og:image:width\" content=\"918\" \/>\n\t<meta property=\"og:image:height\" content=\"948\" \/>\n\t<meta property=\"og:image:type\" content=\"image\/jpeg\" \/>\n<meta name=\"twitter:card\" content=\"summary_large_image\" \/>\n<meta name=\"twitter:label1\" content=\"Estimated reading time\" \/>\n\t<meta name=\"twitter:data1\" content=\"3 minutes\" \/>\n<script type=\"application\/ld+json\" class=\"yoast-schema-graph\">{\"@context\":\"https:\/\/schema.org\",\"@graph\":[{\"@type\":\"WebPage\",\"@id\":\"https:\/\/g3d-wargame.com\/produit\/rhino-modele-deimos\/\",\"url\":\"https:\/\/g3d-wargame.com\/produit\/rhino-modele-deimos\/\",\"name\":\"Rhino Mod\u00e8le Deimos &#8211; G3D\",\"isPartOf\":{\"@id\":\"https:\/\/g3d-wargame.com\/#website\"},\"primaryImageOfPage\":{\"@id\":\"https:\/\/g3d-wargame.com\/produit\/rhino-modele-deimos\/#primaryimage\"},\"image\":{\"@id\":\"https:\/\/g3d-wargame.com\/produit\/rhino-modele-deimos\/#primaryimage\"},\"thumbnailUrl\":\"https:\/\/g3d-wargame.com\/wp-content\/uploads\/2025\/07\/99123001001_HHDeimosPatternRhinoLead-1.jpg\",\"datePublished\":\"2025-07-13T10:00:00+00:00\",\"dateModified\":\"2025-09-11T07:10:29+00:00\",\"breadcrumb\":{\"@id\":\"https:\/\/g3d-wargame.com\/produit\/rhino-modele-deimos\/#breadcrumb\"},\"inLanguage\":\"en-GB\",\"potentialAction\":[{\"@type\":\"ReadAction\",\"target\":[\"https:\/\/g3d-wargame.com\/produit\/rhino-modele-deimos\/\"]}]},{\"@type\":\"ImageObject\",\"inLanguage\":\"en-GB\",\"@id\":\"https:\/\/g3d-wargame.com\/produit\/rhino-modele-deimos\/#primaryimage\",\"url\":\"https:\/\/g3d-wargame.com\/wp-content\/uploads\/2025\/07\/99123001001_HHDeimosPatternRhinoLead-1.jpg\",\"contentUrl\":\"https:\/\/g3d-wargame.com\/wp-content\/uploads\/2025\/07\/99123001001_HHDeimosPatternRhinoLead-1.jpg\",\"width\":918,\"height\":948},{\"@type\":\"BreadcrumbList\",\"@id\":\"https:\/\/g3d-wargame.com\/produit\/rhino-modele-deimos\/#breadcrumb\",\"itemListElement\":[{\"@type\":\"ListItem\",\"position\":1,\"name\":\"Accueil\",\"item\":\"https:\/\/g3d-wargame.com\/\"},{\"@type\":\"ListItem\",\"position\":2,\"name\":\"Produits\",\"item\":\"https:\/\/g3d-wargame.com\/shop__trashed\/\"},{\"@type\":\"ListItem\",\"position\":3,\"name\":\"Rhino Mod\u00e8le Deimos\"}]},{\"@type\":\"WebSite\",\"@id\":\"https:\/\/g3d-wargame.com\/#website\",\"url\":\"https:\/\/g3d-wargame.com\/\",\"name\":\"G3D\",\"description\":\" impression 3D\",\"publisher\":{\"@id\":\"https:\/\/g3d-wargame.com\/#organization\"},\"alternateName\":\"G3D Wargame\",\"potentialAction\":[{\"@type\":\"SearchAction\",\"target\":{\"@type\":\"EntryPoint\",\"urlTemplate\":\"https:\/\/g3d-wargame.com\/?s={search_term_string}\"},\"query-input\":{\"@type\":\"PropertyValueSpecification\",\"valueRequired\":true,\"valueName\":\"search_term_string\"}}],\"inLanguage\":\"en-GB\"},{\"@type\":\"Organization\",\"@id\":\"https:\/\/g3d-wargame.com\/#organization\",\"name\":\"G3D\",\"alternateName\":\"G3D WARGAME\",\"url\":\"https:\/\/g3d-wargame.com\/\",\"logo\":{\"@type\":\"ImageObject\",\"inLanguage\":\"en-GB\",\"@id\":\"https:\/\/g3d-wargame.com\/#\/schema\/logo\/image\/\",\"url\":\"https:\/\/g3d-wargame.com\/wp-content\/uploads\/2023\/12\/G3DLOGO-v1-700-x-700-px.png\",\"contentUrl\":\"https:\/\/g3d-wargame.com\/wp-content\/uploads\/2023\/12\/G3DLOGO-v1-700-x-700-px.png\",\"width\":788,\"height\":788,\"caption\":\"G3D\"},\"image\":{\"@id\":\"https:\/\/g3d-wargame.com\/#\/schema\/logo\/image\/\"}}]}<\/script>\n<!-- \/ Yoast SEO plugin. -->","yoast_head_json":{"title":"Rhino Mod\u00e8le Deimos &#8211; G3D","robots":{"index":"index","follow":"follow","max-snippet":"max-snippet:-1","max-image-preview":"max-image-preview:large","max-video-preview":"max-video-preview:-1"},"canonical":"https:\/\/g3d-wargame.com\/en\/product\/rhino-modele-deimos\/","og_locale":"en_GB","og_type":"article","og_title":"Rhino Mod\u00e8le Deimos &#8211; G3D","og_description":"Le Rhino est le transport de troupes le plus usit\u00e9 au sein de l\u2019Imperium. Bas\u00e9 sur une antique technologie de SCS, il est robuste, fiable et facile \u00e0 entretenir. Son moteur est capable d\u2019utiliser divers combustibles. C\u2019\u00e9tait donc le v\u00e9hicule parfait pour la Grande Croisade, qui devait souvent lancer des missions loin de ses centres de ravitaillement. Des milliers de&hellip;","og_url":"https:\/\/g3d-wargame.com\/en\/product\/rhino-modele-deimos\/","og_site_name":"G3D","article_modified_time":"2025-09-11T07:10:29+00:00","og_image":[{"width":918,"height":948,"url":"https:\/\/g3d-wargame.com\/wp-content\/uploads\/2025\/07\/99123001001_HHDeimosPatternRhinoLead-1.jpg","type":"image\/jpeg"}],"twitter_card":"summary_large_image","twitter_misc":{"Estimated reading time":"3 minutes"},"schema":{"@context":"https:\/\/schema.org","@graph":[{"@type":"WebPage","@id":"https:\/\/g3d-wargame.com\/produit\/rhino-modele-deimos\/","url":"https:\/\/g3d-wargame.com\/produit\/rhino-modele-deimos\/","name":"Rhino Mod\u00e8le Deimos &#8211; G3D","isPartOf":{"@id":"https:\/\/g3d-wargame.com\/#website"},"primaryImageOfPage":{"@id":"https:\/\/g3d-wargame.com\/produit\/rhino-modele-deimos\/#primaryimage"},"image":{"@id":"https:\/\/g3d-wargame.com\/produit\/rhino-modele-deimos\/#primaryimage"},"thumbnailUrl":"https:\/\/g3d-wargame.com\/wp-content\/uploads\/2025\/07\/99123001001_HHDeimosPatternRhinoLead-1.jpg","datePublished":"2025-07-13T10:00:00+00:00","dateModified":"2025-09-11T07:10:29+00:00","breadcrumb":{"@id":"https:\/\/g3d-wargame.com\/produit\/rhino-modele-deimos\/#breadcrumb"},"inLanguage":"en-GB","potentialAction":[{"@type":"ReadAction","target":["https:\/\/g3d-wargame.com\/produit\/rhino-modele-deimos\/"]}]},{"@type":"ImageObject","inLanguage":"en-GB","@id":"https:\/\/g3d-wargame.com\/produit\/rhino-modele-deimos\/#primaryimage","url":"https:\/\/g3d-wargame.com\/wp-content\/uploads\/2025\/07\/99123001001_HHDeimosPatternRhinoLead-1.jpg","contentUrl":"https:\/\/g3d-wargame.com\/wp-content\/uploads\/2025\/07\/99123001001_HHDeimosPatternRhinoLead-1.jpg","width":918,"height":948},{"@type":"BreadcrumbList","@id":"https:\/\/g3d-wargame.com\/produit\/rhino-modele-deimos\/#breadcrumb","itemListElement":[{"@type":"ListItem","position":1,"name":"Accueil","item":"https:\/\/g3d-wargame.com\/"},{"@type":"ListItem","position":2,"name":"Produits","item":"https:\/\/g3d-wargame.com\/shop__trashed\/"},{"@type":"ListItem","position":3,"name":"Rhino Mod\u00e8le Deimos"}]},{"@type":"WebSite","@id":"https:\/\/g3d-wargame.com\/#website","url":"https:\/\/g3d-wargame.com\/","name":"G3D","description":"3D printing","publisher":{"@id":"https:\/\/g3d-wargame.com\/#organization"},"alternateName":"G3D Wargame","potentialAction":[{"@type":"SearchAction","target":{"@type":"EntryPoint","urlTemplate":"https:\/\/g3d-wargame.com\/?s={search_term_string}"},"query-input":{"@type":"PropertyValueSpecification","valueRequired":true,"valueName":"search_term_string"}}],"inLanguage":"en-GB"},{"@type":"Organization","@id":"https:\/\/g3d-wargame.com\/#organization","name":"G3D","alternateName":"G3D WARGAME","url":"https:\/\/g3d-wargame.com\/","logo":{"@type":"ImageObject","inLanguage":"en-GB","@id":"https:\/\/g3d-wargame.com\/#\/schema\/logo\/image\/","url":"https:\/\/g3d-wargame.com\/wp-content\/uploads\/2023\/12\/G3DLOGO-v1-700-x-700-px.png","contentUrl":"https:\/\/g3d-wargame.com\/wp-content\/uploads\/2023\/12\/G3DLOGO-v1-700-x-700-px.png","width":788,"height":788,"caption":"G3D"},"image":{"@id":"https:\/\/g3d-wargame.com\/#\/schema\/logo\/image\/"}}]}},"_links":{"self":[{"href":"https:\/\/g3d-wargame.com\/en\/wp-json\/wp\/v2\/product\/6661","targetHints":{"allow":["GET"]}}],"collection":[{"href":"https:\/\/g3d-wargame.com\/en\/wp-json\/wp\/v2\/product"}],"about":[{"href":"https:\/\/g3d-wargame.com\/en\/wp-json\/wp\/v2\/types\/product"}],"wp:featuredmedia":[{"embeddable":true,"href":"https:\/\/g3d-wargame.com\/en\/wp-json\/wp\/v2\/media\/6669"}],"wp:attachment":[{"href":"https:\/\/g3d-wargame.com\/en\/wp-json\/wp\/v2\/media?parent=6661"}],"wp:term":[{"taxonomy":"product_brand","embeddable":true,"href":"https:\/\/g3d-wargame.com\/en\/wp-json\/wp\/v2\/product_brand?post=6661"},{"taxonomy":"product_cat","embeddable":true,"href":"https:\/\/g3d-wargame.com\/en\/wp-json\/wp\/v2\/product_cat?post=6661"},{"taxonomy":"product_tag","embeddable":true,"href":"https:\/\/g3d-wargame.com\/en\/wp-json\/wp\/v2\/product_tag?post=6661"}],"curies":[{"name":"wp","href":"https:\/\/api.w.org\/{rel}","templated":true}]}}