{"id":6649,"date":"2025-07-13T11:56:01","date_gmt":"2025-07-13T09:56:01","guid":{"rendered":"https:\/\/g3d-wargame.com\/?post_type=product&#038;p=6649"},"modified":"2025-07-13T11:56:02","modified_gmt":"2025-07-13T09:56:02","slug":"char-dassaut-lourd-kratos","status":"publish","type":"product","link":"https:\/\/g3d-wargame.com\/en\/product\/char-dassaut-lourd-kratos\/","title":{"rendered":"Char d&rsquo;Assaut Lourd Kratos"},"content":{"rendered":"<p>Le Char d&rsquo;Assaut Lourd Kratos d\u00e9rive d&rsquo;un mod\u00e8le de l&rsquo;Antique Terra en service lors de l&rsquo;Unification de la Vieille Terre, r\u00e9vis\u00e9 suite au trait\u00e9 entre l&rsquo;Empereur et les Seigneurs de Mars pour servir de fer de lance \u00e0 la Grande Croisade, de briseur de lignes et de marteau \u00e0 ennemis. Ce blind\u00e9 pesant est presque invuln\u00e9rable au feu adverse, et son avance r\u00e9guli\u00e8re et inexorable offre un appui indomptable \u00e0 tout assaut des Legiones Astartes, soutenu par une puissance de feu \u00e9crasante.<\/p>\n<p>Ce kit plastique permet d&rsquo;assembler un Char d&rsquo;Assaut Lourd Kratos, machine de guerre quasi imp\u00e9n\u00e9trable h\u00e9riss\u00e9e d&rsquo;armement lourd. On peut doter cet impressionnant v\u00e9hicule d&rsquo;une des puissantes armes de tourelle suivantes: le polyvalent obusier Kratos, le fuseur-\u00e9clateur antichar ou la br\u00fblante cardanelle volkite. Il dispose aussi d&rsquo;un autocanon coaxial, d&rsquo;une paire d&rsquo;armes de coque: autocanons, bolters lourds, canons laser ou arquebuses volkites. \u00c0 cela s&rsquo;ajoute une paire d&rsquo;armes lat\u00e9rales: bolters lourds, lance-flammes lourds, canons laser ou couleuvrines volkites.<\/p>\n<p>Le kit inclut aussi des composants pour am\u00e9liorer le Char d&rsquo;Assaut Lourd Kratos avec une arme sur pivot: lanceur Havoc, bolter lourd, lance-flammes lourd, multi-fuseur ou l&rsquo;une des cinq configurations d&rsquo;arme combin\u00e9e (bolter, lance-flammes, fuseur, plasma ou volkite). Il propose en outre un projecteur, une lame de bulldozer et un missile traqueur, plus diverses options cosm\u00e9tiques, comme des crochets de remorquage et au choix un Space Marine artilleur ou observateur, ou simplement une \u00e9coutille ferm\u00e9e.<\/p>\n<p>Ce kit comprend 233 composants en plastique, plus une planche de d\u00e9calcomanies de v\u00e9hicule des Legiones Astartes contenant 44 marquages et ic\u00f4nes optionnels pour les L\u00e9gions des Sons of Horus et des Imperial Fists. Cette figurine est fournie non peinte et n\u00e9cessite assemblage \u2013 nous recommandons l\u2019usage de Colle Plastique Citadel et de peintures Citadel.<\/p>\n<p>Il vous faut un exemplaire du livre de r\u00e8gles\u00a0<em>Warhammer: The Horus Heresy \u2013 L&rsquo;\u00c2ge des T\u00e9n\u00e8bres et du Liber Astartes<\/em>\u00a0\u2013\u00a0<em>Livre d&rsquo;Arm\u00e9es Legiones Astartes Loyalistes<\/em>\u00a0ou du\u00a0<em>Liber Hereticus: Livre d&rsquo;Arm\u00e9e Legiones Astartes Ren\u00e9gates<\/em>\u00a0pour profiter pleinement de cette figurine.<\/p>","protected":false},"excerpt":{"rendered":"<p>Le Char d&rsquo;Assaut Lourd Kratos d\u00e9rive d&rsquo;un mod\u00e8le de l&rsquo;Antique Terra en service lors de l&rsquo;Unification de la Vieille Terre, r\u00e9vis\u00e9 suite au trait\u00e9 entre l&rsquo;Empereur et les Seigneurs de Mars pour servir de fer de lance \u00e0 la Grande Croisade, de briseur de lignes et de marteau \u00e0 ennemis. Ce blind\u00e9 pesant est presque invuln\u00e9rable au feu adverse, et&hellip;<\/p>","protected":false},"featured_media":6660,"template":"","meta":[],"product_brand":[],"product_cat":[91],"product_tag":[],"class_list":{"0":"post-6649","1":"product","2":"type-product","3":"status-publish","4":"has-post-thumbnail","6":"product_cat-horus-heresy","8":"first","9":"instock","10":"sale","11":"taxable","12":"shipping-taxable","13":"purchasable","14":"product-type-simple"},"yoast_head":"<!-- This site is optimized with the Yoast SEO plugin v25.8 - https:\/\/yoast.com\/wordpress\/plugins\/seo\/ -->\n<title>Char d&#039;Assaut Lourd Kratos &#8211; G3D<\/title>\n<meta name=\"robots\" content=\"index, follow, max-snippet:-1, max-image-preview:large, max-video-preview:-1\" \/>\n<link rel=\"canonical\" href=\"https:\/\/g3d-wargame.com\/en\/product\/char-dassaut-lourd-kratos\/\" \/>\n<meta property=\"og:locale\" content=\"en_GB\" \/>\n<meta property=\"og:type\" content=\"article\" \/>\n<meta property=\"og:title\" content=\"Char d&#039;Assaut Lourd Kratos &#8211; G3D\" \/>\n<meta property=\"og:description\" content=\"Le Char d&rsquo;Assaut Lourd Kratos d\u00e9rive d&rsquo;un mod\u00e8le de l&rsquo;Antique Terra en service lors de l&rsquo;Unification de la Vieille Terre, r\u00e9vis\u00e9 suite au trait\u00e9 entre l&rsquo;Empereur et les Seigneurs de Mars pour servir de fer de lance \u00e0 la Grande Croisade, de briseur de lignes et de marteau \u00e0 ennemis. Ce blind\u00e9 pesant est presque invuln\u00e9rable au feu adverse, et&hellip;\" \/>\n<meta property=\"og:url\" content=\"https:\/\/g3d-wargame.com\/en\/product\/char-dassaut-lourd-kratos\/\" \/>\n<meta property=\"og:site_name\" content=\"G3D\" \/>\n<meta property=\"article:modified_time\" content=\"2025-07-13T09:56:02+00:00\" \/>\n<meta property=\"og:image\" content=\"https:\/\/g3d-wargame.com\/wp-content\/uploads\/2025\/07\/99123001002_HHKratosHeavyAssaultTankLead-1.jpg\" \/>\n\t<meta property=\"og:image:width\" content=\"918\" \/>\n\t<meta property=\"og:image:height\" content=\"948\" \/>\n\t<meta property=\"og:image:type\" content=\"image\/jpeg\" \/>\n<meta name=\"twitter:card\" content=\"summary_large_image\" \/>\n<meta name=\"twitter:label1\" content=\"Estimated reading time\" \/>\n\t<meta name=\"twitter:data1\" content=\"2 minutes\" \/>\n<script type=\"application\/ld+json\" class=\"yoast-schema-graph\">{\"@context\":\"https:\/\/schema.org\",\"@graph\":[{\"@type\":\"WebPage\",\"@id\":\"https:\/\/g3d-wargame.com\/produit\/char-dassaut-lourd-kratos\/\",\"url\":\"https:\/\/g3d-wargame.com\/produit\/char-dassaut-lourd-kratos\/\",\"name\":\"Char d'Assaut Lourd Kratos &#8211; G3D\",\"isPartOf\":{\"@id\":\"https:\/\/g3d-wargame.com\/#website\"},\"primaryImageOfPage\":{\"@id\":\"https:\/\/g3d-wargame.com\/produit\/char-dassaut-lourd-kratos\/#primaryimage\"},\"image\":{\"@id\":\"https:\/\/g3d-wargame.com\/produit\/char-dassaut-lourd-kratos\/#primaryimage\"},\"thumbnailUrl\":\"https:\/\/g3d-wargame.com\/wp-content\/uploads\/2025\/07\/99123001002_HHKratosHeavyAssaultTankLead-1.jpg\",\"datePublished\":\"2025-07-13T09:56:01+00:00\",\"dateModified\":\"2025-07-13T09:56:02+00:00\",\"breadcrumb\":{\"@id\":\"https:\/\/g3d-wargame.com\/produit\/char-dassaut-lourd-kratos\/#breadcrumb\"},\"inLanguage\":\"en-GB\",\"potentialAction\":[{\"@type\":\"ReadAction\",\"target\":[\"https:\/\/g3d-wargame.com\/produit\/char-dassaut-lourd-kratos\/\"]}]},{\"@type\":\"ImageObject\",\"inLanguage\":\"en-GB\",\"@id\":\"https:\/\/g3d-wargame.com\/produit\/char-dassaut-lourd-kratos\/#primaryimage\",\"url\":\"https:\/\/g3d-wargame.com\/wp-content\/uploads\/2025\/07\/99123001002_HHKratosHeavyAssaultTankLead-1.jpg\",\"contentUrl\":\"https:\/\/g3d-wargame.com\/wp-content\/uploads\/2025\/07\/99123001002_HHKratosHeavyAssaultTankLead-1.jpg\",\"width\":918,\"height\":948},{\"@type\":\"BreadcrumbList\",\"@id\":\"https:\/\/g3d-wargame.com\/produit\/char-dassaut-lourd-kratos\/#breadcrumb\",\"itemListElement\":[{\"@type\":\"ListItem\",\"position\":1,\"name\":\"Accueil\",\"item\":\"https:\/\/g3d-wargame.com\/\"},{\"@type\":\"ListItem\",\"position\":2,\"name\":\"Produits\",\"item\":\"https:\/\/g3d-wargame.com\/shop__trashed\/\"},{\"@type\":\"ListItem\",\"position\":3,\"name\":\"Char d&rsquo;Assaut Lourd Kratos\"}]},{\"@type\":\"WebSite\",\"@id\":\"https:\/\/g3d-wargame.com\/#website\",\"url\":\"https:\/\/g3d-wargame.com\/\",\"name\":\"G3D\",\"description\":\" impression 3D\",\"publisher\":{\"@id\":\"https:\/\/g3d-wargame.com\/#organization\"},\"alternateName\":\"G3D Wargame\",\"potentialAction\":[{\"@type\":\"SearchAction\",\"target\":{\"@type\":\"EntryPoint\",\"urlTemplate\":\"https:\/\/g3d-wargame.com\/?s={search_term_string}\"},\"query-input\":{\"@type\":\"PropertyValueSpecification\",\"valueRequired\":true,\"valueName\":\"search_term_string\"}}],\"inLanguage\":\"en-GB\"},{\"@type\":\"Organization\",\"@id\":\"https:\/\/g3d-wargame.com\/#organization\",\"name\":\"G3D\",\"alternateName\":\"G3D WARGAME\",\"url\":\"https:\/\/g3d-wargame.com\/\",\"logo\":{\"@type\":\"ImageObject\",\"inLanguage\":\"en-GB\",\"@id\":\"https:\/\/g3d-wargame.com\/#\/schema\/logo\/image\/\",\"url\":\"https:\/\/g3d-wargame.com\/wp-content\/uploads\/2023\/12\/G3DLOGO-v1-700-x-700-px.png\",\"contentUrl\":\"https:\/\/g3d-wargame.com\/wp-content\/uploads\/2023\/12\/G3DLOGO-v1-700-x-700-px.png\",\"width\":788,\"height\":788,\"caption\":\"G3D\"},\"image\":{\"@id\":\"https:\/\/g3d-wargame.com\/#\/schema\/logo\/image\/\"}}]}<\/script>\n<!-- \/ Yoast SEO plugin. -->","yoast_head_json":{"title":"Char d'Assaut Lourd Kratos &#8211; G3D","robots":{"index":"index","follow":"follow","max-snippet":"max-snippet:-1","max-image-preview":"max-image-preview:large","max-video-preview":"max-video-preview:-1"},"canonical":"https:\/\/g3d-wargame.com\/en\/product\/char-dassaut-lourd-kratos\/","og_locale":"en_GB","og_type":"article","og_title":"Char d'Assaut Lourd Kratos &#8211; G3D","og_description":"Le Char d&rsquo;Assaut Lourd Kratos d\u00e9rive d&rsquo;un mod\u00e8le de l&rsquo;Antique Terra en service lors de l&rsquo;Unification de la Vieille Terre, r\u00e9vis\u00e9 suite au trait\u00e9 entre l&rsquo;Empereur et les Seigneurs de Mars pour servir de fer de lance \u00e0 la Grande Croisade, de briseur de lignes et de marteau \u00e0 ennemis. Ce blind\u00e9 pesant est presque invuln\u00e9rable au feu adverse, et&hellip;","og_url":"https:\/\/g3d-wargame.com\/en\/product\/char-dassaut-lourd-kratos\/","og_site_name":"G3D","article_modified_time":"2025-07-13T09:56:02+00:00","og_image":[{"width":918,"height":948,"url":"https:\/\/g3d-wargame.com\/wp-content\/uploads\/2025\/07\/99123001002_HHKratosHeavyAssaultTankLead-1.jpg","type":"image\/jpeg"}],"twitter_card":"summary_large_image","twitter_misc":{"Estimated reading time":"2 minutes"},"schema":{"@context":"https:\/\/schema.org","@graph":[{"@type":"WebPage","@id":"https:\/\/g3d-wargame.com\/produit\/char-dassaut-lourd-kratos\/","url":"https:\/\/g3d-wargame.com\/produit\/char-dassaut-lourd-kratos\/","name":"Char d'Assaut Lourd Kratos &#8211; G3D","isPartOf":{"@id":"https:\/\/g3d-wargame.com\/#website"},"primaryImageOfPage":{"@id":"https:\/\/g3d-wargame.com\/produit\/char-dassaut-lourd-kratos\/#primaryimage"},"image":{"@id":"https:\/\/g3d-wargame.com\/produit\/char-dassaut-lourd-kratos\/#primaryimage"},"thumbnailUrl":"https:\/\/g3d-wargame.com\/wp-content\/uploads\/2025\/07\/99123001002_HHKratosHeavyAssaultTankLead-1.jpg","datePublished":"2025-07-13T09:56:01+00:00","dateModified":"2025-07-13T09:56:02+00:00","breadcrumb":{"@id":"https:\/\/g3d-wargame.com\/produit\/char-dassaut-lourd-kratos\/#breadcrumb"},"inLanguage":"en-GB","potentialAction":[{"@type":"ReadAction","target":["https:\/\/g3d-wargame.com\/produit\/char-dassaut-lourd-kratos\/"]}]},{"@type":"ImageObject","inLanguage":"en-GB","@id":"https:\/\/g3d-wargame.com\/produit\/char-dassaut-lourd-kratos\/#primaryimage","url":"https:\/\/g3d-wargame.com\/wp-content\/uploads\/2025\/07\/99123001002_HHKratosHeavyAssaultTankLead-1.jpg","contentUrl":"https:\/\/g3d-wargame.com\/wp-content\/uploads\/2025\/07\/99123001002_HHKratosHeavyAssaultTankLead-1.jpg","width":918,"height":948},{"@type":"BreadcrumbList","@id":"https:\/\/g3d-wargame.com\/produit\/char-dassaut-lourd-kratos\/#breadcrumb","itemListElement":[{"@type":"ListItem","position":1,"name":"Accueil","item":"https:\/\/g3d-wargame.com\/"},{"@type":"ListItem","position":2,"name":"Produits","item":"https:\/\/g3d-wargame.com\/shop__trashed\/"},{"@type":"ListItem","position":3,"name":"Char d&rsquo;Assaut Lourd Kratos"}]},{"@type":"WebSite","@id":"https:\/\/g3d-wargame.com\/#website","url":"https:\/\/g3d-wargame.com\/","name":"G3D","description":"3D printing","publisher":{"@id":"https:\/\/g3d-wargame.com\/#organization"},"alternateName":"G3D Wargame","potentialAction":[{"@type":"SearchAction","target":{"@type":"EntryPoint","urlTemplate":"https:\/\/g3d-wargame.com\/?s={search_term_string}"},"query-input":{"@type":"PropertyValueSpecification","valueRequired":true,"valueName":"search_term_string"}}],"inLanguage":"en-GB"},{"@type":"Organization","@id":"https:\/\/g3d-wargame.com\/#organization","name":"G3D","alternateName":"G3D WARGAME","url":"https:\/\/g3d-wargame.com\/","logo":{"@type":"ImageObject","inLanguage":"en-GB","@id":"https:\/\/g3d-wargame.com\/#\/schema\/logo\/image\/","url":"https:\/\/g3d-wargame.com\/wp-content\/uploads\/2023\/12\/G3DLOGO-v1-700-x-700-px.png","contentUrl":"https:\/\/g3d-wargame.com\/wp-content\/uploads\/2023\/12\/G3DLOGO-v1-700-x-700-px.png","width":788,"height":788,"caption":"G3D"},"image":{"@id":"https:\/\/g3d-wargame.com\/#\/schema\/logo\/image\/"}}]}},"_links":{"self":[{"href":"https:\/\/g3d-wargame.com\/en\/wp-json\/wp\/v2\/product\/6649","targetHints":{"allow":["GET"]}}],"collection":[{"href":"https:\/\/g3d-wargame.com\/en\/wp-json\/wp\/v2\/product"}],"about":[{"href":"https:\/\/g3d-wargame.com\/en\/wp-json\/wp\/v2\/types\/product"}],"wp:featuredmedia":[{"embeddable":true,"href":"https:\/\/g3d-wargame.com\/en\/wp-json\/wp\/v2\/media\/6660"}],"wp:attachment":[{"href":"https:\/\/g3d-wargame.com\/en\/wp-json\/wp\/v2\/media?parent=6649"}],"wp:term":[{"taxonomy":"product_brand","embeddable":true,"href":"https:\/\/g3d-wargame.com\/en\/wp-json\/wp\/v2\/product_brand?post=6649"},{"taxonomy":"product_cat","embeddable":true,"href":"https:\/\/g3d-wargame.com\/en\/wp-json\/wp\/v2\/product_cat?post=6649"},{"taxonomy":"product_tag","embeddable":true,"href":"https:\/\/g3d-wargame.com\/en\/wp-json\/wp\/v2\/product_tag?post=6649"}],"curies":[{"name":"wp","href":"https:\/\/api.w.org\/{rel}","templated":true}]}}