{"id":6639,"date":"2025-07-13T11:50:34","date_gmt":"2025-07-13T09:50:34","guid":{"rendered":"https:\/\/g3d-wargame.com\/?post_type=product&#038;p=6639"},"modified":"2025-07-26T11:52:44","modified_gmt":"2025-07-26T09:52:44","slug":"chevalier-lancier-cerastus","status":"publish","type":"product","link":"https:\/\/g3d-wargame.com\/en\/product\/chevalier-lancier-cerastus\/","title":{"rendered":"Chevalier Lancier Cerastus"},"content":{"rendered":"<p>Les Chevaliers Cerastus sont des exo-harnais sophistiqu\u00e9s et immenses dont la vitesse et l&rsquo;agilit\u00e9 d\u00e9passent largement celles des autres machines de classe Questoris. Le Chevalier Lancier et la variante la plus r\u00e9pandue du ch\u00e2ssis Cerastus et est largement appr\u00e9ci\u00e9e par les h\u00e9ritiers les plus imp\u00e9tueux des Maisonn\u00e9es. Son gantelet ionique protecteur et sa puissante lance-choc sont parfaits pour affronter des ennemis titanesques en combat rapproch\u00e9, et ces pilotes font souvent la course pour arracher la gloire en abattant les machines de guerre les plus pr\u00e9cieuses de l&rsquo;ennemi.<\/p>\n<p>Ce kit plastique permet d&rsquo;assembler un Chevalier Lancier Cerastus, un Chevalier rapide et agressif arm\u00e9 pour le combat rapproch\u00e9. Plus grand encore que ses cousins de classe Questoris, le Chevalier Lancier poss\u00e8de de longues jambes qui lui permettent de traverser le champ de bataille en un clin d&rsquo;\u0153il. Il repousse les attaques avec son gantelet-bouclier ionique en se ruant en avant, d\u00e9cha\u00eenant des tirs cr\u00e9pitants de sa colossale lance-choc mont\u00e9e sur son bras avant de charger pour empaler les menaces les plus imposantes.<\/p>\n<p>Cette figurine d\u00e9taill\u00e9e est largement personnalisable, avec des articulations aux chevilles, aux genoux, aux hanches, \u00e0 la t\u00eate, aux bras, \u00e0 la taille et m\u00eame \u00e0 chaque doigt, ce qui vous permet de cr\u00e9er votre propre pose dynamique. Sa t\u00eate et ses bras proposent \u00e9galement des options d&rsquo;assemblage sans colle pour ajuster leur position en cours de partie. Le kit fournit de nombreuses options esth\u00e9tiques dont deux variantes de genouill\u00e8res, de gr\u00e8ves et d&rsquo;\u00e9pauli\u00e8res, quatre ic\u00f4nes mont\u00e9es sur la coque pour repr\u00e9senter diverses all\u00e9geances, un bouclier h\u00e9raldique, et trois fanions diff\u00e9rents. Vous pouvez \u00e9galement assembler le Chevalier avec une \u00e9coutille ouverte pour exposer le pilote qui le commande.<\/p>\n<p>Ce kit est compos\u00e9 de 208 \u00e9l\u00e9ments en plastique et est fourni avec un socle ovale Citadel de 170x109mm. Il contient \u00e9galement une Planche de D\u00e9calcos de Chevalier Cerastus de l&rsquo;\u00c2ge des T\u00e9n\u00e8bres contenant 517 marquages et ic\u00f4nes diff\u00e9rentes des Maisonn\u00e9es Chevaleresques de l&rsquo;H\u00e9r\u00e9sie d&rsquo;Horus. Cette figurine est fournie non peinte et n\u00e9cessite assemblage \u2013 nous recommandons d&#8217;employer la Colle Plastique Citadel et la peinture Citadel.<\/p>","protected":false},"excerpt":{"rendered":"<p>Les Chevaliers Cerastus sont des exo-harnais sophistiqu\u00e9s et immenses dont la vitesse et l&rsquo;agilit\u00e9 d\u00e9passent largement celles des autres machines de classe Questoris. Le Chevalier Lancier et la variante la plus r\u00e9pandue du ch\u00e2ssis Cerastus et est largement appr\u00e9ci\u00e9e par les h\u00e9ritiers les plus imp\u00e9tueux des Maisonn\u00e9es. Son gantelet ionique protecteur et sa puissante lance-choc sont parfaits pour affronter des&hellip;<\/p>","protected":false},"featured_media":6648,"template":"","meta":[],"product_brand":[],"product_cat":[91],"product_tag":[],"class_list":{"0":"post-6639","1":"product","2":"type-product","3":"status-publish","4":"has-post-thumbnail","6":"product_cat-horus-heresy","8":"first","9":"onbackorder","10":"sale","11":"taxable","12":"shipping-taxable","13":"purchasable","14":"product-type-simple"},"yoast_head":"<!-- This site is optimized with the Yoast SEO plugin v25.8 - https:\/\/yoast.com\/wordpress\/plugins\/seo\/ -->\n<title>Chevalier Lancier Cerastus &#8211; G3D<\/title>\n<meta name=\"robots\" content=\"index, follow, max-snippet:-1, max-image-preview:large, max-video-preview:-1\" \/>\n<link rel=\"canonical\" href=\"https:\/\/g3d-wargame.com\/en\/product\/chevalier-lancier-cerastus\/\" \/>\n<meta property=\"og:locale\" content=\"en_GB\" \/>\n<meta property=\"og:type\" content=\"article\" \/>\n<meta property=\"og:title\" content=\"Chevalier Lancier Cerastus &#8211; G3D\" \/>\n<meta property=\"og:description\" content=\"Les Chevaliers Cerastus sont des exo-harnais sophistiqu\u00e9s et immenses dont la vitesse et l&rsquo;agilit\u00e9 d\u00e9passent largement celles des autres machines de classe Questoris. Le Chevalier Lancier et la variante la plus r\u00e9pandue du ch\u00e2ssis Cerastus et est largement appr\u00e9ci\u00e9e par les h\u00e9ritiers les plus imp\u00e9tueux des Maisonn\u00e9es. Son gantelet ionique protecteur et sa puissante lance-choc sont parfaits pour affronter des&hellip;\" \/>\n<meta property=\"og:url\" content=\"https:\/\/g3d-wargame.com\/en\/product\/chevalier-lancier-cerastus\/\" \/>\n<meta property=\"og:site_name\" content=\"G3D\" \/>\n<meta property=\"article:modified_time\" content=\"2025-07-26T09:52:44+00:00\" \/>\n<meta property=\"og:image\" content=\"https:\/\/g3d-wargame.com\/wp-content\/uploads\/2025\/07\/99123008004_HHCerastusKnightLancer01.jpg\" \/>\n\t<meta property=\"og:image:width\" content=\"918\" \/>\n\t<meta property=\"og:image:height\" content=\"948\" \/>\n\t<meta property=\"og:image:type\" content=\"image\/jpeg\" \/>\n<meta name=\"twitter:card\" content=\"summary_large_image\" \/>\n<meta name=\"twitter:label1\" content=\"Estimated reading time\" \/>\n\t<meta name=\"twitter:data1\" content=\"2 minutes\" \/>\n<script type=\"application\/ld+json\" class=\"yoast-schema-graph\">{\"@context\":\"https:\/\/schema.org\",\"@graph\":[{\"@type\":\"WebPage\",\"@id\":\"https:\/\/g3d-wargame.com\/produit\/chevalier-lancier-cerastus\/\",\"url\":\"https:\/\/g3d-wargame.com\/produit\/chevalier-lancier-cerastus\/\",\"name\":\"Chevalier Lancier Cerastus &#8211; G3D\",\"isPartOf\":{\"@id\":\"https:\/\/g3d-wargame.com\/#website\"},\"primaryImageOfPage\":{\"@id\":\"https:\/\/g3d-wargame.com\/produit\/chevalier-lancier-cerastus\/#primaryimage\"},\"image\":{\"@id\":\"https:\/\/g3d-wargame.com\/produit\/chevalier-lancier-cerastus\/#primaryimage\"},\"thumbnailUrl\":\"https:\/\/g3d-wargame.com\/wp-content\/uploads\/2025\/07\/99123008004_HHCerastusKnightLancer01.jpg\",\"datePublished\":\"2025-07-13T09:50:34+00:00\",\"dateModified\":\"2025-07-26T09:52:44+00:00\",\"breadcrumb\":{\"@id\":\"https:\/\/g3d-wargame.com\/produit\/chevalier-lancier-cerastus\/#breadcrumb\"},\"inLanguage\":\"en-GB\",\"potentialAction\":[{\"@type\":\"ReadAction\",\"target\":[\"https:\/\/g3d-wargame.com\/produit\/chevalier-lancier-cerastus\/\"]}]},{\"@type\":\"ImageObject\",\"inLanguage\":\"en-GB\",\"@id\":\"https:\/\/g3d-wargame.com\/produit\/chevalier-lancier-cerastus\/#primaryimage\",\"url\":\"https:\/\/g3d-wargame.com\/wp-content\/uploads\/2025\/07\/99123008004_HHCerastusKnightLancer01.jpg\",\"contentUrl\":\"https:\/\/g3d-wargame.com\/wp-content\/uploads\/2025\/07\/99123008004_HHCerastusKnightLancer01.jpg\",\"width\":918,\"height\":948},{\"@type\":\"BreadcrumbList\",\"@id\":\"https:\/\/g3d-wargame.com\/produit\/chevalier-lancier-cerastus\/#breadcrumb\",\"itemListElement\":[{\"@type\":\"ListItem\",\"position\":1,\"name\":\"Accueil\",\"item\":\"https:\/\/g3d-wargame.com\/\"},{\"@type\":\"ListItem\",\"position\":2,\"name\":\"Produits\",\"item\":\"https:\/\/g3d-wargame.com\/shop__trashed\/\"},{\"@type\":\"ListItem\",\"position\":3,\"name\":\"Chevalier Lancier Cerastus\"}]},{\"@type\":\"WebSite\",\"@id\":\"https:\/\/g3d-wargame.com\/#website\",\"url\":\"https:\/\/g3d-wargame.com\/\",\"name\":\"G3D\",\"description\":\" impression 3D\",\"publisher\":{\"@id\":\"https:\/\/g3d-wargame.com\/#organization\"},\"alternateName\":\"G3D Wargame\",\"potentialAction\":[{\"@type\":\"SearchAction\",\"target\":{\"@type\":\"EntryPoint\",\"urlTemplate\":\"https:\/\/g3d-wargame.com\/?s={search_term_string}\"},\"query-input\":{\"@type\":\"PropertyValueSpecification\",\"valueRequired\":true,\"valueName\":\"search_term_string\"}}],\"inLanguage\":\"en-GB\"},{\"@type\":\"Organization\",\"@id\":\"https:\/\/g3d-wargame.com\/#organization\",\"name\":\"G3D\",\"alternateName\":\"G3D WARGAME\",\"url\":\"https:\/\/g3d-wargame.com\/\",\"logo\":{\"@type\":\"ImageObject\",\"inLanguage\":\"en-GB\",\"@id\":\"https:\/\/g3d-wargame.com\/#\/schema\/logo\/image\/\",\"url\":\"https:\/\/g3d-wargame.com\/wp-content\/uploads\/2023\/12\/G3DLOGO-v1-700-x-700-px.png\",\"contentUrl\":\"https:\/\/g3d-wargame.com\/wp-content\/uploads\/2023\/12\/G3DLOGO-v1-700-x-700-px.png\",\"width\":788,\"height\":788,\"caption\":\"G3D\"},\"image\":{\"@id\":\"https:\/\/g3d-wargame.com\/#\/schema\/logo\/image\/\"}}]}<\/script>\n<!-- \/ Yoast SEO plugin. -->","yoast_head_json":{"title":"Chevalier Lancier Cerastus &#8211; G3D","robots":{"index":"index","follow":"follow","max-snippet":"max-snippet:-1","max-image-preview":"max-image-preview:large","max-video-preview":"max-video-preview:-1"},"canonical":"https:\/\/g3d-wargame.com\/en\/product\/chevalier-lancier-cerastus\/","og_locale":"en_GB","og_type":"article","og_title":"Chevalier Lancier Cerastus &#8211; G3D","og_description":"Les Chevaliers Cerastus sont des exo-harnais sophistiqu\u00e9s et immenses dont la vitesse et l&rsquo;agilit\u00e9 d\u00e9passent largement celles des autres machines de classe Questoris. Le Chevalier Lancier et la variante la plus r\u00e9pandue du ch\u00e2ssis Cerastus et est largement appr\u00e9ci\u00e9e par les h\u00e9ritiers les plus imp\u00e9tueux des Maisonn\u00e9es. Son gantelet ionique protecteur et sa puissante lance-choc sont parfaits pour affronter des&hellip;","og_url":"https:\/\/g3d-wargame.com\/en\/product\/chevalier-lancier-cerastus\/","og_site_name":"G3D","article_modified_time":"2025-07-26T09:52:44+00:00","og_image":[{"width":918,"height":948,"url":"https:\/\/g3d-wargame.com\/wp-content\/uploads\/2025\/07\/99123008004_HHCerastusKnightLancer01.jpg","type":"image\/jpeg"}],"twitter_card":"summary_large_image","twitter_misc":{"Estimated reading time":"2 minutes"},"schema":{"@context":"https:\/\/schema.org","@graph":[{"@type":"WebPage","@id":"https:\/\/g3d-wargame.com\/produit\/chevalier-lancier-cerastus\/","url":"https:\/\/g3d-wargame.com\/produit\/chevalier-lancier-cerastus\/","name":"Chevalier Lancier Cerastus &#8211; G3D","isPartOf":{"@id":"https:\/\/g3d-wargame.com\/#website"},"primaryImageOfPage":{"@id":"https:\/\/g3d-wargame.com\/produit\/chevalier-lancier-cerastus\/#primaryimage"},"image":{"@id":"https:\/\/g3d-wargame.com\/produit\/chevalier-lancier-cerastus\/#primaryimage"},"thumbnailUrl":"https:\/\/g3d-wargame.com\/wp-content\/uploads\/2025\/07\/99123008004_HHCerastusKnightLancer01.jpg","datePublished":"2025-07-13T09:50:34+00:00","dateModified":"2025-07-26T09:52:44+00:00","breadcrumb":{"@id":"https:\/\/g3d-wargame.com\/produit\/chevalier-lancier-cerastus\/#breadcrumb"},"inLanguage":"en-GB","potentialAction":[{"@type":"ReadAction","target":["https:\/\/g3d-wargame.com\/produit\/chevalier-lancier-cerastus\/"]}]},{"@type":"ImageObject","inLanguage":"en-GB","@id":"https:\/\/g3d-wargame.com\/produit\/chevalier-lancier-cerastus\/#primaryimage","url":"https:\/\/g3d-wargame.com\/wp-content\/uploads\/2025\/07\/99123008004_HHCerastusKnightLancer01.jpg","contentUrl":"https:\/\/g3d-wargame.com\/wp-content\/uploads\/2025\/07\/99123008004_HHCerastusKnightLancer01.jpg","width":918,"height":948},{"@type":"BreadcrumbList","@id":"https:\/\/g3d-wargame.com\/produit\/chevalier-lancier-cerastus\/#breadcrumb","itemListElement":[{"@type":"ListItem","position":1,"name":"Accueil","item":"https:\/\/g3d-wargame.com\/"},{"@type":"ListItem","position":2,"name":"Produits","item":"https:\/\/g3d-wargame.com\/shop__trashed\/"},{"@type":"ListItem","position":3,"name":"Chevalier Lancier Cerastus"}]},{"@type":"WebSite","@id":"https:\/\/g3d-wargame.com\/#website","url":"https:\/\/g3d-wargame.com\/","name":"G3D","description":"3D printing","publisher":{"@id":"https:\/\/g3d-wargame.com\/#organization"},"alternateName":"G3D Wargame","potentialAction":[{"@type":"SearchAction","target":{"@type":"EntryPoint","urlTemplate":"https:\/\/g3d-wargame.com\/?s={search_term_string}"},"query-input":{"@type":"PropertyValueSpecification","valueRequired":true,"valueName":"search_term_string"}}],"inLanguage":"en-GB"},{"@type":"Organization","@id":"https:\/\/g3d-wargame.com\/#organization","name":"G3D","alternateName":"G3D WARGAME","url":"https:\/\/g3d-wargame.com\/","logo":{"@type":"ImageObject","inLanguage":"en-GB","@id":"https:\/\/g3d-wargame.com\/#\/schema\/logo\/image\/","url":"https:\/\/g3d-wargame.com\/wp-content\/uploads\/2023\/12\/G3DLOGO-v1-700-x-700-px.png","contentUrl":"https:\/\/g3d-wargame.com\/wp-content\/uploads\/2023\/12\/G3DLOGO-v1-700-x-700-px.png","width":788,"height":788,"caption":"G3D"},"image":{"@id":"https:\/\/g3d-wargame.com\/#\/schema\/logo\/image\/"}}]}},"_links":{"self":[{"href":"https:\/\/g3d-wargame.com\/en\/wp-json\/wp\/v2\/product\/6639","targetHints":{"allow":["GET"]}}],"collection":[{"href":"https:\/\/g3d-wargame.com\/en\/wp-json\/wp\/v2\/product"}],"about":[{"href":"https:\/\/g3d-wargame.com\/en\/wp-json\/wp\/v2\/types\/product"}],"wp:featuredmedia":[{"embeddable":true,"href":"https:\/\/g3d-wargame.com\/en\/wp-json\/wp\/v2\/media\/6648"}],"wp:attachment":[{"href":"https:\/\/g3d-wargame.com\/en\/wp-json\/wp\/v2\/media?parent=6639"}],"wp:term":[{"taxonomy":"product_brand","embeddable":true,"href":"https:\/\/g3d-wargame.com\/en\/wp-json\/wp\/v2\/product_brand?post=6639"},{"taxonomy":"product_cat","embeddable":true,"href":"https:\/\/g3d-wargame.com\/en\/wp-json\/wp\/v2\/product_cat?post=6639"},{"taxonomy":"product_tag","embeddable":true,"href":"https:\/\/g3d-wargame.com\/en\/wp-json\/wp\/v2\/product_tag?post=6639"}],"curies":[{"name":"wp","href":"https:\/\/api.w.org\/{rel}","templated":true}]}}