{"id":6634,"date":"2025-07-13T11:39:43","date_gmt":"2025-07-13T09:39:43","guid":{"rendered":"https:\/\/g3d-wargame.com\/?post_type=product&#038;p=6634"},"modified":"2025-07-13T11:39:44","modified_gmt":"2025-07-13T09:39:44","slug":"fafnir-rann","status":"publish","type":"product","link":"https:\/\/g3d-wargame.com\/en\/product\/fafnir-rann\/","title":{"rendered":"Fafnir Rann"},"content":{"rendered":"<p>Les fils de Dorn sont r\u00e9put\u00e9s pour leur loyaut\u00e9, leur discipline, et leur approche m\u00e9thodique. Chez Fafnir Rann, ces qualit\u00e9s s&rsquo;ajoutent \u00e0 une nature impitoyable et belliqueuse qui l&rsquo;a pouss\u00e9 en premi\u00e8re ligne des Imperial Fists. Ses talents martiaux ne sont pas d\u00e9montr\u00e9s dans les salles de duel et les cages d&rsquo;entra\u00eenement de la L\u00e9gion, mais par les empilements de cadavres que se shaches \u00e9nerg\u00e9tiques laissent dans leur sillage. On trouve souvent Rann \u00e0 la pointe des phalanges d&rsquo;assaut des Imperial Fists, o\u00f9 il combat avec une d\u00e9termination inflexible et une foi absolu en la l\u00e9gitimit\u00e9 du r\u00e8gne de l&rsquo;Empereur, ce qui lui a valu le surnom d&rsquo; \u201cEx\u00e9cuteur de Dorn\u201d.<\/p>\n<p>Sortant dans le cadre de la Black Library Celebration, Fafnir Rann va sur les champs de bataille de l&rsquo;H\u00e9r\u00e9sie d&rsquo;Horus avec ses haches jumelles: le Bourreau et le Chasseur. Ses r\u00e8gles sont en t\u00e9l\u00e9chargement gratuit sur le site web de Warhammer Community, vous pouvez donc ajouter ce guerrier imposant et brutal \u00e0 votre L\u00e9gion d&rsquo;Imperial Fists et faire regretter \u00e0 vos ennemis le jour o\u00f9 ils ont crois\u00e9 la route des fils de Dorn.<\/p>\n<p>Ce kit se compose de 25 pi\u00e8ces plastique avec lesquelles vous pouvez assembler Fafnir Rann. Il est fourni avec 1x socle rond Citadel de 32mm. Cette figurine est fournie non peinte et n\u00e9cessite assemblage \u2013 nous recommandons d&#8217;employer la Colle Plastique Citadel et la peinture Citadel.<\/p>","protected":false},"excerpt":{"rendered":"<p>Les fils de Dorn sont r\u00e9put\u00e9s pour leur loyaut\u00e9, leur discipline, et leur approche m\u00e9thodique. Chez Fafnir Rann, ces qualit\u00e9s s&rsquo;ajoutent \u00e0 une nature impitoyable et belliqueuse qui l&rsquo;a pouss\u00e9 en premi\u00e8re ligne des Imperial Fists. Ses talents martiaux ne sont pas d\u00e9montr\u00e9s dans les salles de duel et les cages d&rsquo;entra\u00eenement de la L\u00e9gion, mais par les empilements de&hellip;<\/p>","protected":false},"featured_media":6638,"template":"","meta":[],"product_brand":[],"product_cat":[91],"product_tag":[],"class_list":{"0":"post-6634","1":"product","2":"type-product","3":"status-publish","4":"has-post-thumbnail","6":"product_cat-horus-heresy","8":"first","9":"instock","10":"sale","11":"taxable","12":"shipping-taxable","13":"purchasable","14":"product-type-simple"},"yoast_head":"<!-- This site is optimized with the Yoast SEO plugin v25.8 - https:\/\/yoast.com\/wordpress\/plugins\/seo\/ -->\n<title>Fafnir Rann &#8211; G3D<\/title>\n<meta name=\"robots\" content=\"index, follow, max-snippet:-1, max-image-preview:large, max-video-preview:-1\" \/>\n<link rel=\"canonical\" href=\"https:\/\/g3d-wargame.com\/en\/product\/fafnir-rann\/\" \/>\n<meta property=\"og:locale\" content=\"en_GB\" \/>\n<meta property=\"og:type\" content=\"article\" \/>\n<meta property=\"og:title\" content=\"Fafnir Rann &#8211; G3D\" \/>\n<meta property=\"og:description\" content=\"Les fils de Dorn sont r\u00e9put\u00e9s pour leur loyaut\u00e9, leur discipline, et leur approche m\u00e9thodique. Chez Fafnir Rann, ces qualit\u00e9s s&rsquo;ajoutent \u00e0 une nature impitoyable et belliqueuse qui l&rsquo;a pouss\u00e9 en premi\u00e8re ligne des Imperial Fists. Ses talents martiaux ne sont pas d\u00e9montr\u00e9s dans les salles de duel et les cages d&rsquo;entra\u00eenement de la L\u00e9gion, mais par les empilements de&hellip;\" \/>\n<meta property=\"og:url\" content=\"https:\/\/g3d-wargame.com\/en\/product\/fafnir-rann\/\" \/>\n<meta property=\"og:site_name\" content=\"G3D\" \/>\n<meta property=\"article:modified_time\" content=\"2025-07-13T09:39:44+00:00\" \/>\n<meta property=\"og:image\" content=\"https:\/\/g3d-wargame.com\/wp-content\/uploads\/2025\/07\/99123001019_HHIFFafnirRannLead-1.jpg\" \/>\n\t<meta property=\"og:image:width\" content=\"918\" \/>\n\t<meta property=\"og:image:height\" content=\"948\" \/>\n\t<meta property=\"og:image:type\" content=\"image\/jpeg\" \/>\n<meta name=\"twitter:card\" content=\"summary_large_image\" \/>\n<meta name=\"twitter:label1\" content=\"Estimated reading time\" \/>\n\t<meta name=\"twitter:data1\" content=\"2 minutes\" \/>\n<script type=\"application\/ld+json\" class=\"yoast-schema-graph\">{\"@context\":\"https:\/\/schema.org\",\"@graph\":[{\"@type\":\"WebPage\",\"@id\":\"https:\/\/g3d-wargame.com\/produit\/fafnir-rann\/\",\"url\":\"https:\/\/g3d-wargame.com\/produit\/fafnir-rann\/\",\"name\":\"Fafnir Rann &#8211; G3D\",\"isPartOf\":{\"@id\":\"https:\/\/g3d-wargame.com\/#website\"},\"primaryImageOfPage\":{\"@id\":\"https:\/\/g3d-wargame.com\/produit\/fafnir-rann\/#primaryimage\"},\"image\":{\"@id\":\"https:\/\/g3d-wargame.com\/produit\/fafnir-rann\/#primaryimage\"},\"thumbnailUrl\":\"https:\/\/g3d-wargame.com\/wp-content\/uploads\/2025\/07\/99123001019_HHIFFafnirRannLead-1.jpg\",\"datePublished\":\"2025-07-13T09:39:43+00:00\",\"dateModified\":\"2025-07-13T09:39:44+00:00\",\"breadcrumb\":{\"@id\":\"https:\/\/g3d-wargame.com\/produit\/fafnir-rann\/#breadcrumb\"},\"inLanguage\":\"en-GB\",\"potentialAction\":[{\"@type\":\"ReadAction\",\"target\":[\"https:\/\/g3d-wargame.com\/produit\/fafnir-rann\/\"]}]},{\"@type\":\"ImageObject\",\"inLanguage\":\"en-GB\",\"@id\":\"https:\/\/g3d-wargame.com\/produit\/fafnir-rann\/#primaryimage\",\"url\":\"https:\/\/g3d-wargame.com\/wp-content\/uploads\/2025\/07\/99123001019_HHIFFafnirRannLead-1.jpg\",\"contentUrl\":\"https:\/\/g3d-wargame.com\/wp-content\/uploads\/2025\/07\/99123001019_HHIFFafnirRannLead-1.jpg\",\"width\":918,\"height\":948},{\"@type\":\"BreadcrumbList\",\"@id\":\"https:\/\/g3d-wargame.com\/produit\/fafnir-rann\/#breadcrumb\",\"itemListElement\":[{\"@type\":\"ListItem\",\"position\":1,\"name\":\"Accueil\",\"item\":\"https:\/\/g3d-wargame.com\/\"},{\"@type\":\"ListItem\",\"position\":2,\"name\":\"Produits\",\"item\":\"https:\/\/g3d-wargame.com\/shop__trashed\/\"},{\"@type\":\"ListItem\",\"position\":3,\"name\":\"Fafnir Rann\"}]},{\"@type\":\"WebSite\",\"@id\":\"https:\/\/g3d-wargame.com\/#website\",\"url\":\"https:\/\/g3d-wargame.com\/\",\"name\":\"G3D\",\"description\":\" impression 3D\",\"publisher\":{\"@id\":\"https:\/\/g3d-wargame.com\/#organization\"},\"alternateName\":\"G3D Wargame\",\"potentialAction\":[{\"@type\":\"SearchAction\",\"target\":{\"@type\":\"EntryPoint\",\"urlTemplate\":\"https:\/\/g3d-wargame.com\/?s={search_term_string}\"},\"query-input\":{\"@type\":\"PropertyValueSpecification\",\"valueRequired\":true,\"valueName\":\"search_term_string\"}}],\"inLanguage\":\"en-GB\"},{\"@type\":\"Organization\",\"@id\":\"https:\/\/g3d-wargame.com\/#organization\",\"name\":\"G3D\",\"alternateName\":\"G3D WARGAME\",\"url\":\"https:\/\/g3d-wargame.com\/\",\"logo\":{\"@type\":\"ImageObject\",\"inLanguage\":\"en-GB\",\"@id\":\"https:\/\/g3d-wargame.com\/#\/schema\/logo\/image\/\",\"url\":\"https:\/\/g3d-wargame.com\/wp-content\/uploads\/2023\/12\/G3DLOGO-v1-700-x-700-px.png\",\"contentUrl\":\"https:\/\/g3d-wargame.com\/wp-content\/uploads\/2023\/12\/G3DLOGO-v1-700-x-700-px.png\",\"width\":788,\"height\":788,\"caption\":\"G3D\"},\"image\":{\"@id\":\"https:\/\/g3d-wargame.com\/#\/schema\/logo\/image\/\"}}]}<\/script>\n<!-- \/ Yoast SEO plugin. -->","yoast_head_json":{"title":"Fafnir Rann &#8211; G3D","robots":{"index":"index","follow":"follow","max-snippet":"max-snippet:-1","max-image-preview":"max-image-preview:large","max-video-preview":"max-video-preview:-1"},"canonical":"https:\/\/g3d-wargame.com\/en\/product\/fafnir-rann\/","og_locale":"en_GB","og_type":"article","og_title":"Fafnir Rann &#8211; G3D","og_description":"Les fils de Dorn sont r\u00e9put\u00e9s pour leur loyaut\u00e9, leur discipline, et leur approche m\u00e9thodique. Chez Fafnir Rann, ces qualit\u00e9s s&rsquo;ajoutent \u00e0 une nature impitoyable et belliqueuse qui l&rsquo;a pouss\u00e9 en premi\u00e8re ligne des Imperial Fists. Ses talents martiaux ne sont pas d\u00e9montr\u00e9s dans les salles de duel et les cages d&rsquo;entra\u00eenement de la L\u00e9gion, mais par les empilements de&hellip;","og_url":"https:\/\/g3d-wargame.com\/en\/product\/fafnir-rann\/","og_site_name":"G3D","article_modified_time":"2025-07-13T09:39:44+00:00","og_image":[{"width":918,"height":948,"url":"https:\/\/g3d-wargame.com\/wp-content\/uploads\/2025\/07\/99123001019_HHIFFafnirRannLead-1.jpg","type":"image\/jpeg"}],"twitter_card":"summary_large_image","twitter_misc":{"Estimated reading time":"2 minutes"},"schema":{"@context":"https:\/\/schema.org","@graph":[{"@type":"WebPage","@id":"https:\/\/g3d-wargame.com\/produit\/fafnir-rann\/","url":"https:\/\/g3d-wargame.com\/produit\/fafnir-rann\/","name":"Fafnir Rann &#8211; G3D","isPartOf":{"@id":"https:\/\/g3d-wargame.com\/#website"},"primaryImageOfPage":{"@id":"https:\/\/g3d-wargame.com\/produit\/fafnir-rann\/#primaryimage"},"image":{"@id":"https:\/\/g3d-wargame.com\/produit\/fafnir-rann\/#primaryimage"},"thumbnailUrl":"https:\/\/g3d-wargame.com\/wp-content\/uploads\/2025\/07\/99123001019_HHIFFafnirRannLead-1.jpg","datePublished":"2025-07-13T09:39:43+00:00","dateModified":"2025-07-13T09:39:44+00:00","breadcrumb":{"@id":"https:\/\/g3d-wargame.com\/produit\/fafnir-rann\/#breadcrumb"},"inLanguage":"en-GB","potentialAction":[{"@type":"ReadAction","target":["https:\/\/g3d-wargame.com\/produit\/fafnir-rann\/"]}]},{"@type":"ImageObject","inLanguage":"en-GB","@id":"https:\/\/g3d-wargame.com\/produit\/fafnir-rann\/#primaryimage","url":"https:\/\/g3d-wargame.com\/wp-content\/uploads\/2025\/07\/99123001019_HHIFFafnirRannLead-1.jpg","contentUrl":"https:\/\/g3d-wargame.com\/wp-content\/uploads\/2025\/07\/99123001019_HHIFFafnirRannLead-1.jpg","width":918,"height":948},{"@type":"BreadcrumbList","@id":"https:\/\/g3d-wargame.com\/produit\/fafnir-rann\/#breadcrumb","itemListElement":[{"@type":"ListItem","position":1,"name":"Accueil","item":"https:\/\/g3d-wargame.com\/"},{"@type":"ListItem","position":2,"name":"Produits","item":"https:\/\/g3d-wargame.com\/shop__trashed\/"},{"@type":"ListItem","position":3,"name":"Fafnir Rann"}]},{"@type":"WebSite","@id":"https:\/\/g3d-wargame.com\/#website","url":"https:\/\/g3d-wargame.com\/","name":"G3D","description":"3D printing","publisher":{"@id":"https:\/\/g3d-wargame.com\/#organization"},"alternateName":"G3D Wargame","potentialAction":[{"@type":"SearchAction","target":{"@type":"EntryPoint","urlTemplate":"https:\/\/g3d-wargame.com\/?s={search_term_string}"},"query-input":{"@type":"PropertyValueSpecification","valueRequired":true,"valueName":"search_term_string"}}],"inLanguage":"en-GB"},{"@type":"Organization","@id":"https:\/\/g3d-wargame.com\/#organization","name":"G3D","alternateName":"G3D WARGAME","url":"https:\/\/g3d-wargame.com\/","logo":{"@type":"ImageObject","inLanguage":"en-GB","@id":"https:\/\/g3d-wargame.com\/#\/schema\/logo\/image\/","url":"https:\/\/g3d-wargame.com\/wp-content\/uploads\/2023\/12\/G3DLOGO-v1-700-x-700-px.png","contentUrl":"https:\/\/g3d-wargame.com\/wp-content\/uploads\/2023\/12\/G3DLOGO-v1-700-x-700-px.png","width":788,"height":788,"caption":"G3D"},"image":{"@id":"https:\/\/g3d-wargame.com\/#\/schema\/logo\/image\/"}}]}},"_links":{"self":[{"href":"https:\/\/g3d-wargame.com\/en\/wp-json\/wp\/v2\/product\/6634","targetHints":{"allow":["GET"]}}],"collection":[{"href":"https:\/\/g3d-wargame.com\/en\/wp-json\/wp\/v2\/product"}],"about":[{"href":"https:\/\/g3d-wargame.com\/en\/wp-json\/wp\/v2\/types\/product"}],"wp:featuredmedia":[{"embeddable":true,"href":"https:\/\/g3d-wargame.com\/en\/wp-json\/wp\/v2\/media\/6638"}],"wp:attachment":[{"href":"https:\/\/g3d-wargame.com\/en\/wp-json\/wp\/v2\/media?parent=6634"}],"wp:term":[{"taxonomy":"product_brand","embeddable":true,"href":"https:\/\/g3d-wargame.com\/en\/wp-json\/wp\/v2\/product_brand?post=6634"},{"taxonomy":"product_cat","embeddable":true,"href":"https:\/\/g3d-wargame.com\/en\/wp-json\/wp\/v2\/product_cat?post=6634"},{"taxonomy":"product_tag","embeddable":true,"href":"https:\/\/g3d-wargame.com\/en\/wp-json\/wp\/v2\/product_tag?post=6634"}],"curies":[{"name":"wp","href":"https:\/\/api.w.org\/{rel}","templated":true}]}}