{"id":6630,"date":"2025-07-13T11:37:13","date_gmt":"2025-07-13T09:37:13","guid":{"rendered":"https:\/\/g3d-wargame.com\/?post_type=product&#038;p=6630"},"modified":"2025-11-16T10:30:19","modified_gmt":"2025-11-16T09:30:19","slug":"dominion-zephon","status":"publish","type":"product","link":"https:\/\/g3d-wargame.com\/en\/product\/dominion-zephon\/","title":{"rendered":"Dominion Zephon"},"content":{"rendered":"<p><span>Guerrier et artiste de renom, Dominion Zephon vit son parcours exemplaire brutalement interrompu lorsqu&rsquo;il fut mutil\u00e9 par une lame xenos lors de la Grande Croisade. Inapte au combat, Zephon accepta solennellement l&rsquo;honneur douteux de repr\u00e9senter la L\u00e9gion des Blood Angels au sein de l&rsquo;Arm\u00e9e des Crois\u00e9s sur Terra. Lorsque l&rsquo;H\u00e9r\u00e9sie d&rsquo;Horus \u00e9clata, Zephon fut recrut\u00e9 par la Legio Custodes pour combattre dans la Guerre de la Toile, o\u00f9 il gagna l&rsquo;amiti\u00e9 du c\u00e9l\u00e8bre techno-arch\u00e9ologue Arkhan Land. Son corps mutil\u00e9 enfin reconstruit, le Porteur de Douleur, comme on l&rsquo;appelle, rejoignit avec enthousiasme les rangs de sa L\u00e9gion \u00e0 son retour sur Terra.<\/span><\/p>\n<p><span>Publi\u00e9 dans le cadre de la Black Library Celebration 2022, Dominion Zephon fonce au combat gr\u00e2ce \u00e0 des syst\u00e8mes bioniques con\u00e7us par Arkhan Land, son sac \u00e0 dos et son armure aux motifs Blood Angels resplendissants. Il est arm\u00e9 de son \u00e9p\u00e9e \u00e0 deux mains, le Spiritum Sanguis, et de deux pistolets volkites, \u00ab\u00a0Lament\u00a0\u00bb et \u00ab\u00a0Regret\u00a0\u00bb. Ses r\u00e8gles sont t\u00e9l\u00e9chargeables gratuitement sur le site de la communaut\u00e9 Warhammer, vous permettant d&rsquo;ajouter le Porteur de Regret \u00e0 vos arm\u00e9es Blood Angels.<\/span><\/p>\n<p><span>Ce kit comprend 24 composants plastiques pour assembler Dominion Zephon. Il est fourni avec un socle rond Citadel de 40\u00a0mm. Cette figurine est livr\u00e9e non peinte et n\u00e9cessite un assemblage. Nous recommandons l&rsquo;utilisation de la colle plastique et des peintures Citadel.<\/span><\/p>","protected":false},"excerpt":{"rendered":"<p>Guerrier et artiste de renom, Dominion Zephon vit son parcours exemplaire brutalement interrompu lorsqu&rsquo;il fut mutil\u00e9 par une lame xenos lors de la Grande Croisade. Inapte au combat, Zephon accepta solennellement l&rsquo;honneur douteux de repr\u00e9senter la L\u00e9gion des Blood Angels au sein de l&rsquo;Arm\u00e9e des Crois\u00e9s sur Terra. Lorsque l&rsquo;H\u00e9r\u00e9sie d&rsquo;Horus \u00e9clata, Zephon fut recrut\u00e9 par la Legio Custodes pour&hellip;<\/p>","protected":false},"featured_media":6633,"template":"","meta":[],"product_brand":[],"product_cat":[91],"product_tag":[],"class_list":{"0":"post-6630","1":"product","2":"type-product","3":"status-publish","4":"has-post-thumbnail","6":"product_cat-horus-heresy","8":"first","9":"onbackorder","10":"sale","11":"taxable","12":"shipping-taxable","13":"purchasable","14":"product-type-simple"},"yoast_head":"<!-- This site is optimized with the Yoast SEO plugin v25.8 - https:\/\/yoast.com\/wordpress\/plugins\/seo\/ -->\n<title>Dominion Zephon &#8211; G3D<\/title>\n<meta name=\"robots\" content=\"index, follow, max-snippet:-1, max-image-preview:large, max-video-preview:-1\" \/>\n<link rel=\"canonical\" href=\"https:\/\/g3d-wargame.com\/en\/product\/dominion-zephon\/\" \/>\n<meta property=\"og:locale\" content=\"en_GB\" \/>\n<meta property=\"og:type\" content=\"article\" \/>\n<meta property=\"og:title\" content=\"Dominion Zephon &#8211; G3D\" \/>\n<meta property=\"og:description\" content=\"Guerrier et artiste de renom, Dominion Zephon vit son parcours exemplaire brutalement interrompu lorsqu&rsquo;il fut mutil\u00e9 par une lame xenos lors de la Grande Croisade. Inapte au combat, Zephon accepta solennellement l&rsquo;honneur douteux de repr\u00e9senter la L\u00e9gion des Blood Angels au sein de l&rsquo;Arm\u00e9e des Crois\u00e9s sur Terra. Lorsque l&rsquo;H\u00e9r\u00e9sie d&rsquo;Horus \u00e9clata, Zephon fut recrut\u00e9 par la Legio Custodes pour&hellip;\" \/>\n<meta property=\"og:url\" content=\"https:\/\/g3d-wargame.com\/en\/product\/dominion-zephon\/\" \/>\n<meta property=\"og:site_name\" content=\"G3D\" \/>\n<meta property=\"article:modified_time\" content=\"2025-11-16T09:30:19+00:00\" \/>\n<meta property=\"og:image\" content=\"https:\/\/g3d-wargame.com\/wp-content\/uploads\/2025\/07\/99123001020_DominionZephonLead-1.jpg\" \/>\n\t<meta property=\"og:image:width\" content=\"918\" \/>\n\t<meta property=\"og:image:height\" content=\"948\" \/>\n\t<meta property=\"og:image:type\" content=\"image\/jpeg\" \/>\n<meta name=\"twitter:card\" content=\"summary_large_image\" \/>\n<meta name=\"twitter:label1\" content=\"Estimated reading time\" \/>\n\t<meta name=\"twitter:data1\" content=\"2 minutes\" \/>\n<script type=\"application\/ld+json\" class=\"yoast-schema-graph\">{\"@context\":\"https:\/\/schema.org\",\"@graph\":[{\"@type\":\"WebPage\",\"@id\":\"https:\/\/g3d-wargame.com\/produit\/dominion-zephon\/\",\"url\":\"https:\/\/g3d-wargame.com\/produit\/dominion-zephon\/\",\"name\":\"Dominion Zephon &#8211; G3D\",\"isPartOf\":{\"@id\":\"https:\/\/g3d-wargame.com\/#website\"},\"primaryImageOfPage\":{\"@id\":\"https:\/\/g3d-wargame.com\/produit\/dominion-zephon\/#primaryimage\"},\"image\":{\"@id\":\"https:\/\/g3d-wargame.com\/produit\/dominion-zephon\/#primaryimage\"},\"thumbnailUrl\":\"https:\/\/g3d-wargame.com\/wp-content\/uploads\/2025\/07\/99123001020_DominionZephonLead-1.jpg\",\"datePublished\":\"2025-07-13T09:37:13+00:00\",\"dateModified\":\"2025-11-16T09:30:19+00:00\",\"breadcrumb\":{\"@id\":\"https:\/\/g3d-wargame.com\/produit\/dominion-zephon\/#breadcrumb\"},\"inLanguage\":\"en-GB\",\"potentialAction\":[{\"@type\":\"ReadAction\",\"target\":[\"https:\/\/g3d-wargame.com\/produit\/dominion-zephon\/\"]}]},{\"@type\":\"ImageObject\",\"inLanguage\":\"en-GB\",\"@id\":\"https:\/\/g3d-wargame.com\/produit\/dominion-zephon\/#primaryimage\",\"url\":\"https:\/\/g3d-wargame.com\/wp-content\/uploads\/2025\/07\/99123001020_DominionZephonLead-1.jpg\",\"contentUrl\":\"https:\/\/g3d-wargame.com\/wp-content\/uploads\/2025\/07\/99123001020_DominionZephonLead-1.jpg\",\"width\":918,\"height\":948},{\"@type\":\"BreadcrumbList\",\"@id\":\"https:\/\/g3d-wargame.com\/produit\/dominion-zephon\/#breadcrumb\",\"itemListElement\":[{\"@type\":\"ListItem\",\"position\":1,\"name\":\"Accueil\",\"item\":\"https:\/\/g3d-wargame.com\/\"},{\"@type\":\"ListItem\",\"position\":2,\"name\":\"Produits\",\"item\":\"https:\/\/g3d-wargame.com\/shop__trashed\/\"},{\"@type\":\"ListItem\",\"position\":3,\"name\":\"Dominion Zephon\"}]},{\"@type\":\"WebSite\",\"@id\":\"https:\/\/g3d-wargame.com\/#website\",\"url\":\"https:\/\/g3d-wargame.com\/\",\"name\":\"G3D\",\"description\":\" impression 3D\",\"publisher\":{\"@id\":\"https:\/\/g3d-wargame.com\/#organization\"},\"alternateName\":\"G3D Wargame\",\"potentialAction\":[{\"@type\":\"SearchAction\",\"target\":{\"@type\":\"EntryPoint\",\"urlTemplate\":\"https:\/\/g3d-wargame.com\/?s={search_term_string}\"},\"query-input\":{\"@type\":\"PropertyValueSpecification\",\"valueRequired\":true,\"valueName\":\"search_term_string\"}}],\"inLanguage\":\"en-GB\"},{\"@type\":\"Organization\",\"@id\":\"https:\/\/g3d-wargame.com\/#organization\",\"name\":\"G3D\",\"alternateName\":\"G3D WARGAME\",\"url\":\"https:\/\/g3d-wargame.com\/\",\"logo\":{\"@type\":\"ImageObject\",\"inLanguage\":\"en-GB\",\"@id\":\"https:\/\/g3d-wargame.com\/#\/schema\/logo\/image\/\",\"url\":\"https:\/\/g3d-wargame.com\/wp-content\/uploads\/2023\/12\/G3DLOGO-v1-700-x-700-px.png\",\"contentUrl\":\"https:\/\/g3d-wargame.com\/wp-content\/uploads\/2023\/12\/G3DLOGO-v1-700-x-700-px.png\",\"width\":788,\"height\":788,\"caption\":\"G3D\"},\"image\":{\"@id\":\"https:\/\/g3d-wargame.com\/#\/schema\/logo\/image\/\"}}]}<\/script>\n<!-- \/ Yoast SEO plugin. -->","yoast_head_json":{"title":"Dominion Zephon &#8211; G3D","robots":{"index":"index","follow":"follow","max-snippet":"max-snippet:-1","max-image-preview":"max-image-preview:large","max-video-preview":"max-video-preview:-1"},"canonical":"https:\/\/g3d-wargame.com\/en\/product\/dominion-zephon\/","og_locale":"en_GB","og_type":"article","og_title":"Dominion Zephon &#8211; G3D","og_description":"Guerrier et artiste de renom, Dominion Zephon vit son parcours exemplaire brutalement interrompu lorsqu&rsquo;il fut mutil\u00e9 par une lame xenos lors de la Grande Croisade. Inapte au combat, Zephon accepta solennellement l&rsquo;honneur douteux de repr\u00e9senter la L\u00e9gion des Blood Angels au sein de l&rsquo;Arm\u00e9e des Crois\u00e9s sur Terra. Lorsque l&rsquo;H\u00e9r\u00e9sie d&rsquo;Horus \u00e9clata, Zephon fut recrut\u00e9 par la Legio Custodes pour&hellip;","og_url":"https:\/\/g3d-wargame.com\/en\/product\/dominion-zephon\/","og_site_name":"G3D","article_modified_time":"2025-11-16T09:30:19+00:00","og_image":[{"width":918,"height":948,"url":"https:\/\/g3d-wargame.com\/wp-content\/uploads\/2025\/07\/99123001020_DominionZephonLead-1.jpg","type":"image\/jpeg"}],"twitter_card":"summary_large_image","twitter_misc":{"Estimated reading time":"2 minutes"},"schema":{"@context":"https:\/\/schema.org","@graph":[{"@type":"WebPage","@id":"https:\/\/g3d-wargame.com\/produit\/dominion-zephon\/","url":"https:\/\/g3d-wargame.com\/produit\/dominion-zephon\/","name":"Dominion Zephon &#8211; G3D","isPartOf":{"@id":"https:\/\/g3d-wargame.com\/#website"},"primaryImageOfPage":{"@id":"https:\/\/g3d-wargame.com\/produit\/dominion-zephon\/#primaryimage"},"image":{"@id":"https:\/\/g3d-wargame.com\/produit\/dominion-zephon\/#primaryimage"},"thumbnailUrl":"https:\/\/g3d-wargame.com\/wp-content\/uploads\/2025\/07\/99123001020_DominionZephonLead-1.jpg","datePublished":"2025-07-13T09:37:13+00:00","dateModified":"2025-11-16T09:30:19+00:00","breadcrumb":{"@id":"https:\/\/g3d-wargame.com\/produit\/dominion-zephon\/#breadcrumb"},"inLanguage":"en-GB","potentialAction":[{"@type":"ReadAction","target":["https:\/\/g3d-wargame.com\/produit\/dominion-zephon\/"]}]},{"@type":"ImageObject","inLanguage":"en-GB","@id":"https:\/\/g3d-wargame.com\/produit\/dominion-zephon\/#primaryimage","url":"https:\/\/g3d-wargame.com\/wp-content\/uploads\/2025\/07\/99123001020_DominionZephonLead-1.jpg","contentUrl":"https:\/\/g3d-wargame.com\/wp-content\/uploads\/2025\/07\/99123001020_DominionZephonLead-1.jpg","width":918,"height":948},{"@type":"BreadcrumbList","@id":"https:\/\/g3d-wargame.com\/produit\/dominion-zephon\/#breadcrumb","itemListElement":[{"@type":"ListItem","position":1,"name":"Accueil","item":"https:\/\/g3d-wargame.com\/"},{"@type":"ListItem","position":2,"name":"Produits","item":"https:\/\/g3d-wargame.com\/shop__trashed\/"},{"@type":"ListItem","position":3,"name":"Dominion Zephon"}]},{"@type":"WebSite","@id":"https:\/\/g3d-wargame.com\/#website","url":"https:\/\/g3d-wargame.com\/","name":"G3D","description":"3D printing","publisher":{"@id":"https:\/\/g3d-wargame.com\/#organization"},"alternateName":"G3D Wargame","potentialAction":[{"@type":"SearchAction","target":{"@type":"EntryPoint","urlTemplate":"https:\/\/g3d-wargame.com\/?s={search_term_string}"},"query-input":{"@type":"PropertyValueSpecification","valueRequired":true,"valueName":"search_term_string"}}],"inLanguage":"en-GB"},{"@type":"Organization","@id":"https:\/\/g3d-wargame.com\/#organization","name":"G3D","alternateName":"G3D WARGAME","url":"https:\/\/g3d-wargame.com\/","logo":{"@type":"ImageObject","inLanguage":"en-GB","@id":"https:\/\/g3d-wargame.com\/#\/schema\/logo\/image\/","url":"https:\/\/g3d-wargame.com\/wp-content\/uploads\/2023\/12\/G3DLOGO-v1-700-x-700-px.png","contentUrl":"https:\/\/g3d-wargame.com\/wp-content\/uploads\/2023\/12\/G3DLOGO-v1-700-x-700-px.png","width":788,"height":788,"caption":"G3D"},"image":{"@id":"https:\/\/g3d-wargame.com\/#\/schema\/logo\/image\/"}}]}},"_links":{"self":[{"href":"https:\/\/g3d-wargame.com\/en\/wp-json\/wp\/v2\/product\/6630","targetHints":{"allow":["GET"]}}],"collection":[{"href":"https:\/\/g3d-wargame.com\/en\/wp-json\/wp\/v2\/product"}],"about":[{"href":"https:\/\/g3d-wargame.com\/en\/wp-json\/wp\/v2\/types\/product"}],"wp:featuredmedia":[{"embeddable":true,"href":"https:\/\/g3d-wargame.com\/en\/wp-json\/wp\/v2\/media\/6633"}],"wp:attachment":[{"href":"https:\/\/g3d-wargame.com\/en\/wp-json\/wp\/v2\/media?parent=6630"}],"wp:term":[{"taxonomy":"product_brand","embeddable":true,"href":"https:\/\/g3d-wargame.com\/en\/wp-json\/wp\/v2\/product_brand?post=6630"},{"taxonomy":"product_cat","embeddable":true,"href":"https:\/\/g3d-wargame.com\/en\/wp-json\/wp\/v2\/product_cat?post=6630"},{"taxonomy":"product_tag","embeddable":true,"href":"https:\/\/g3d-wargame.com\/en\/wp-json\/wp\/v2\/product_tag?post=6630"}],"curies":[{"name":"wp","href":"https:\/\/api.w.org\/{rel}","templated":true}]}}