{"id":6600,"date":"2025-06-29T10:57:57","date_gmt":"2025-06-29T08:57:57","guid":{"rendered":"https:\/\/g3d-wargame.com\/?post_type=product&#038;p=6600"},"modified":"2025-09-07T18:13:06","modified_gmt":"2025-09-07T16:13:06","slug":"metallics-ensemble-metallique-rapide","status":"publish","type":"product","link":"https:\/\/g3d-wargame.com\/en\/product\/metallics-ensemble-metallique-rapide\/","title":{"rendered":"METALLICS \u2013 ENSEMBLE METALLIQUE RAPIDE"},"content":{"rendered":"<p><strong><span>Les peintures m\u00e9talliques QUICK GEN<\/span><\/strong><span>\u00a0sont formul\u00e9es avec des pigments sp\u00e9ciaux qui coulent naturellement sur la surface, s&rsquo;accumulant dans les d\u00e9tails et cr\u00e9ant un effet m\u00e9tallique en profondeur en une seule couche.<\/span><\/p>\n<p><span>Cet ensemble comprend toutes les couleurs m\u00e9talliques de la gamme\u00a0<\/span><strong><span>QUICK GEN<\/span><\/strong><span>\u00a0.<\/span><\/p>\n<p><span>Contains:<\/span><\/p>\n<ul>\n<li><a href=\"https:\/\/ak-interactive.com\/product\/gold-quick-gen-color\/\"><span>AK17065 OR<\/span><\/a><\/li>\n<li><a href=\"https:\/\/ak-interactive.com\/product\/copper-quick-gen-color\/\"><span>AK17066 CUIVRE<\/span><\/a><\/li>\n<li><a href=\"https:\/\/ak-interactive.com\/product\/dark-steel-quick-gen-color\/\"><span>AK17067 ACIER FONC\u00c9<\/span><\/a><\/li>\n<li><a href=\"https:\/\/ak-interactive.com\/product\/old-gold-quick-gen-color\/\"><span>AK17068 ANCIEN OR<\/span><\/a><\/li>\n<li><a href=\"https:\/\/ak-interactive.com\/product\/bronze-quick-gen-color\/\"><span>AK17069 BRONZE<\/span><\/a><\/li>\n<li><a href=\"https:\/\/ak-interactive.com\/product\/cold-steel-quick-gen-color\/\"><span>AK17068 ACIER FROID<\/span><\/a><\/li>\n<\/ul>\n<p>&nbsp;<\/p>\n<p><em><span>*Il est recommand\u00e9 d&rsquo;appliquer une couche d&rsquo;appr\u00eat blanche pour profiter pleinement des qualit\u00e9s de la peinture.<\/span><\/em><\/p>","protected":false},"excerpt":{"rendered":"<p>Les peintures m\u00e9talliques QUICK GEN\u00a0sont formul\u00e9es avec des pigments sp\u00e9ciaux qui coulent naturellement sur la surface, s&rsquo;accumulant dans les d\u00e9tails et cr\u00e9ant un effet m\u00e9tallique en profondeur en une seule couche. Cet ensemble comprend toutes les couleurs m\u00e9talliques de la gamme\u00a0QUICK GEN\u00a0. Contient: AK17065 OR AK17066 CUIVRE AK17067 ACIER FONC\u00c9 AK17068 ANCIEN OR AK17069 BRONZE AK17068 ACIER FROID &nbsp; *Il&hellip;<\/p>","protected":false},"featured_media":6601,"template":"","meta":[],"product_brand":[],"product_cat":[95],"product_tag":[],"class_list":{"0":"post-6600","1":"product","2":"type-product","3":"status-publish","4":"has-post-thumbnail","6":"product_cat-kit-peinture-quick-gen","8":"first","9":"instock","10":"taxable","11":"shipping-taxable","12":"purchasable","13":"product-type-simple"},"yoast_head":"<!-- This site is optimized with the Yoast SEO plugin v25.8 - https:\/\/yoast.com\/wordpress\/plugins\/seo\/ -->\n<title>METALLICS \u2013 ENSEMBLE METALLIQUE RAPIDE &#8211; G3D<\/title>\n<meta name=\"robots\" content=\"index, follow, max-snippet:-1, max-image-preview:large, max-video-preview:-1\" \/>\n<link rel=\"canonical\" href=\"https:\/\/g3d-wargame.com\/en\/product\/metallics-ensemble-metallique-rapide\/\" \/>\n<meta property=\"og:locale\" content=\"en_GB\" \/>\n<meta property=\"og:type\" content=\"article\" \/>\n<meta property=\"og:title\" content=\"METALLICS \u2013 ENSEMBLE METALLIQUE RAPIDE &#8211; G3D\" \/>\n<meta property=\"og:description\" content=\"Les peintures m\u00e9talliques QUICK GEN\u00a0sont formul\u00e9es avec des pigments sp\u00e9ciaux qui coulent naturellement sur la surface, s&rsquo;accumulant dans les d\u00e9tails et cr\u00e9ant un effet m\u00e9tallique en profondeur en une seule couche. Cet ensemble comprend toutes les couleurs m\u00e9talliques de la gamme\u00a0QUICK GEN\u00a0. Contient: AK17065 OR AK17066 CUIVRE AK17067 ACIER FONC\u00c9 AK17068 ANCIEN OR AK17069 BRONZE AK17068 ACIER FROID &nbsp; *Il&hellip;\" \/>\n<meta property=\"og:url\" content=\"https:\/\/g3d-wargame.com\/en\/product\/metallics-ensemble-metallique-rapide\/\" \/>\n<meta property=\"og:site_name\" content=\"G3D\" \/>\n<meta property=\"article:modified_time\" content=\"2025-09-07T16:13:06+00:00\" \/>\n<meta property=\"og:image\" content=\"https:\/\/g3d-wargame.com\/wp-content\/uploads\/2025\/06\/AK17522.jpg\" \/>\n\t<meta property=\"og:image:width\" content=\"1200\" \/>\n\t<meta property=\"og:image:height\" content=\"1200\" \/>\n\t<meta property=\"og:image:type\" content=\"image\/jpeg\" \/>\n<meta name=\"twitter:card\" content=\"summary_large_image\" \/>\n<meta name=\"twitter:label1\" content=\"Estimated reading time\" \/>\n\t<meta name=\"twitter:data1\" content=\"1 minute\" \/>\n<script type=\"application\/ld+json\" class=\"yoast-schema-graph\">{\"@context\":\"https:\/\/schema.org\",\"@graph\":[{\"@type\":\"WebPage\",\"@id\":\"https:\/\/g3d-wargame.com\/produit\/metallics-ensemble-metallique-rapide\/\",\"url\":\"https:\/\/g3d-wargame.com\/produit\/metallics-ensemble-metallique-rapide\/\",\"name\":\"METALLICS \u2013 ENSEMBLE METALLIQUE RAPIDE &#8211; G3D\",\"isPartOf\":{\"@id\":\"https:\/\/g3d-wargame.com\/#website\"},\"primaryImageOfPage\":{\"@id\":\"https:\/\/g3d-wargame.com\/produit\/metallics-ensemble-metallique-rapide\/#primaryimage\"},\"image\":{\"@id\":\"https:\/\/g3d-wargame.com\/produit\/metallics-ensemble-metallique-rapide\/#primaryimage\"},\"thumbnailUrl\":\"https:\/\/g3d-wargame.com\/wp-content\/uploads\/2025\/06\/AK17522.jpg\",\"datePublished\":\"2025-06-29T08:57:57+00:00\",\"dateModified\":\"2025-09-07T16:13:06+00:00\",\"breadcrumb\":{\"@id\":\"https:\/\/g3d-wargame.com\/produit\/metallics-ensemble-metallique-rapide\/#breadcrumb\"},\"inLanguage\":\"en-GB\",\"potentialAction\":[{\"@type\":\"ReadAction\",\"target\":[\"https:\/\/g3d-wargame.com\/produit\/metallics-ensemble-metallique-rapide\/\"]}]},{\"@type\":\"ImageObject\",\"inLanguage\":\"en-GB\",\"@id\":\"https:\/\/g3d-wargame.com\/produit\/metallics-ensemble-metallique-rapide\/#primaryimage\",\"url\":\"https:\/\/g3d-wargame.com\/wp-content\/uploads\/2025\/06\/AK17522.jpg\",\"contentUrl\":\"https:\/\/g3d-wargame.com\/wp-content\/uploads\/2025\/06\/AK17522.jpg\",\"width\":1200,\"height\":1200},{\"@type\":\"BreadcrumbList\",\"@id\":\"https:\/\/g3d-wargame.com\/produit\/metallics-ensemble-metallique-rapide\/#breadcrumb\",\"itemListElement\":[{\"@type\":\"ListItem\",\"position\":1,\"name\":\"Accueil\",\"item\":\"https:\/\/g3d-wargame.com\/\"},{\"@type\":\"ListItem\",\"position\":2,\"name\":\"Produits\",\"item\":\"https:\/\/g3d-wargame.com\/shop__trashed\/\"},{\"@type\":\"ListItem\",\"position\":3,\"name\":\"METALLICS \u2013 ENSEMBLE METALLIQUE RAPIDE\"}]},{\"@type\":\"WebSite\",\"@id\":\"https:\/\/g3d-wargame.com\/#website\",\"url\":\"https:\/\/g3d-wargame.com\/\",\"name\":\"G3D\",\"description\":\" impression 3D\",\"publisher\":{\"@id\":\"https:\/\/g3d-wargame.com\/#organization\"},\"alternateName\":\"G3D Wargame\",\"potentialAction\":[{\"@type\":\"SearchAction\",\"target\":{\"@type\":\"EntryPoint\",\"urlTemplate\":\"https:\/\/g3d-wargame.com\/?s={search_term_string}\"},\"query-input\":{\"@type\":\"PropertyValueSpecification\",\"valueRequired\":true,\"valueName\":\"search_term_string\"}}],\"inLanguage\":\"en-GB\"},{\"@type\":\"Organization\",\"@id\":\"https:\/\/g3d-wargame.com\/#organization\",\"name\":\"G3D\",\"alternateName\":\"G3D WARGAME\",\"url\":\"https:\/\/g3d-wargame.com\/\",\"logo\":{\"@type\":\"ImageObject\",\"inLanguage\":\"en-GB\",\"@id\":\"https:\/\/g3d-wargame.com\/#\/schema\/logo\/image\/\",\"url\":\"https:\/\/g3d-wargame.com\/wp-content\/uploads\/2023\/12\/G3DLOGO-v1-700-x-700-px.png\",\"contentUrl\":\"https:\/\/g3d-wargame.com\/wp-content\/uploads\/2023\/12\/G3DLOGO-v1-700-x-700-px.png\",\"width\":788,\"height\":788,\"caption\":\"G3D\"},\"image\":{\"@id\":\"https:\/\/g3d-wargame.com\/#\/schema\/logo\/image\/\"}}]}<\/script>\n<!-- \/ Yoast SEO plugin. -->","yoast_head_json":{"title":"METALLICS \u2013 ENSEMBLE METALLIQUE RAPIDE &#8211; G3D","robots":{"index":"index","follow":"follow","max-snippet":"max-snippet:-1","max-image-preview":"max-image-preview:large","max-video-preview":"max-video-preview:-1"},"canonical":"https:\/\/g3d-wargame.com\/en\/product\/metallics-ensemble-metallique-rapide\/","og_locale":"en_GB","og_type":"article","og_title":"METALLICS \u2013 ENSEMBLE METALLIQUE RAPIDE &#8211; G3D","og_description":"Les peintures m\u00e9talliques QUICK GEN\u00a0sont formul\u00e9es avec des pigments sp\u00e9ciaux qui coulent naturellement sur la surface, s&rsquo;accumulant dans les d\u00e9tails et cr\u00e9ant un effet m\u00e9tallique en profondeur en une seule couche. Cet ensemble comprend toutes les couleurs m\u00e9talliques de la gamme\u00a0QUICK GEN\u00a0. Contient: AK17065 OR AK17066 CUIVRE AK17067 ACIER FONC\u00c9 AK17068 ANCIEN OR AK17069 BRONZE AK17068 ACIER FROID &nbsp; *Il&hellip;","og_url":"https:\/\/g3d-wargame.com\/en\/product\/metallics-ensemble-metallique-rapide\/","og_site_name":"G3D","article_modified_time":"2025-09-07T16:13:06+00:00","og_image":[{"width":1200,"height":1200,"url":"https:\/\/g3d-wargame.com\/wp-content\/uploads\/2025\/06\/AK17522.jpg","type":"image\/jpeg"}],"twitter_card":"summary_large_image","twitter_misc":{"Estimated reading time":"1 minute"},"schema":{"@context":"https:\/\/schema.org","@graph":[{"@type":"WebPage","@id":"https:\/\/g3d-wargame.com\/produit\/metallics-ensemble-metallique-rapide\/","url":"https:\/\/g3d-wargame.com\/produit\/metallics-ensemble-metallique-rapide\/","name":"METALLICS \u2013 ENSEMBLE METALLIQUE RAPIDE &#8211; G3D","isPartOf":{"@id":"https:\/\/g3d-wargame.com\/#website"},"primaryImageOfPage":{"@id":"https:\/\/g3d-wargame.com\/produit\/metallics-ensemble-metallique-rapide\/#primaryimage"},"image":{"@id":"https:\/\/g3d-wargame.com\/produit\/metallics-ensemble-metallique-rapide\/#primaryimage"},"thumbnailUrl":"https:\/\/g3d-wargame.com\/wp-content\/uploads\/2025\/06\/AK17522.jpg","datePublished":"2025-06-29T08:57:57+00:00","dateModified":"2025-09-07T16:13:06+00:00","breadcrumb":{"@id":"https:\/\/g3d-wargame.com\/produit\/metallics-ensemble-metallique-rapide\/#breadcrumb"},"inLanguage":"en-GB","potentialAction":[{"@type":"ReadAction","target":["https:\/\/g3d-wargame.com\/produit\/metallics-ensemble-metallique-rapide\/"]}]},{"@type":"ImageObject","inLanguage":"en-GB","@id":"https:\/\/g3d-wargame.com\/produit\/metallics-ensemble-metallique-rapide\/#primaryimage","url":"https:\/\/g3d-wargame.com\/wp-content\/uploads\/2025\/06\/AK17522.jpg","contentUrl":"https:\/\/g3d-wargame.com\/wp-content\/uploads\/2025\/06\/AK17522.jpg","width":1200,"height":1200},{"@type":"BreadcrumbList","@id":"https:\/\/g3d-wargame.com\/produit\/metallics-ensemble-metallique-rapide\/#breadcrumb","itemListElement":[{"@type":"ListItem","position":1,"name":"Accueil","item":"https:\/\/g3d-wargame.com\/"},{"@type":"ListItem","position":2,"name":"Produits","item":"https:\/\/g3d-wargame.com\/shop__trashed\/"},{"@type":"ListItem","position":3,"name":"METALLICS \u2013 ENSEMBLE METALLIQUE RAPIDE"}]},{"@type":"WebSite","@id":"https:\/\/g3d-wargame.com\/#website","url":"https:\/\/g3d-wargame.com\/","name":"G3D","description":"3D printing","publisher":{"@id":"https:\/\/g3d-wargame.com\/#organization"},"alternateName":"G3D Wargame","potentialAction":[{"@type":"SearchAction","target":{"@type":"EntryPoint","urlTemplate":"https:\/\/g3d-wargame.com\/?s={search_term_string}"},"query-input":{"@type":"PropertyValueSpecification","valueRequired":true,"valueName":"search_term_string"}}],"inLanguage":"en-GB"},{"@type":"Organization","@id":"https:\/\/g3d-wargame.com\/#organization","name":"G3D","alternateName":"G3D WARGAME","url":"https:\/\/g3d-wargame.com\/","logo":{"@type":"ImageObject","inLanguage":"en-GB","@id":"https:\/\/g3d-wargame.com\/#\/schema\/logo\/image\/","url":"https:\/\/g3d-wargame.com\/wp-content\/uploads\/2023\/12\/G3DLOGO-v1-700-x-700-px.png","contentUrl":"https:\/\/g3d-wargame.com\/wp-content\/uploads\/2023\/12\/G3DLOGO-v1-700-x-700-px.png","width":788,"height":788,"caption":"G3D"},"image":{"@id":"https:\/\/g3d-wargame.com\/#\/schema\/logo\/image\/"}}]}},"_links":{"self":[{"href":"https:\/\/g3d-wargame.com\/en\/wp-json\/wp\/v2\/product\/6600","targetHints":{"allow":["GET"]}}],"collection":[{"href":"https:\/\/g3d-wargame.com\/en\/wp-json\/wp\/v2\/product"}],"about":[{"href":"https:\/\/g3d-wargame.com\/en\/wp-json\/wp\/v2\/types\/product"}],"wp:featuredmedia":[{"embeddable":true,"href":"https:\/\/g3d-wargame.com\/en\/wp-json\/wp\/v2\/media\/6601"}],"wp:attachment":[{"href":"https:\/\/g3d-wargame.com\/en\/wp-json\/wp\/v2\/media?parent=6600"}],"wp:term":[{"taxonomy":"product_brand","embeddable":true,"href":"https:\/\/g3d-wargame.com\/en\/wp-json\/wp\/v2\/product_brand?post=6600"},{"taxonomy":"product_cat","embeddable":true,"href":"https:\/\/g3d-wargame.com\/en\/wp-json\/wp\/v2\/product_cat?post=6600"},{"taxonomy":"product_tag","embeddable":true,"href":"https:\/\/g3d-wargame.com\/en\/wp-json\/wp\/v2\/product_tag?post=6600"}],"curies":[{"name":"wp","href":"https:\/\/api.w.org\/{rel}","templated":true}]}}