{"id":6585,"date":"2025-06-29T09:38:48","date_gmt":"2025-06-29T07:38:48","guid":{"rendered":"https:\/\/g3d-wargame.com\/?post_type=product&#038;p=6585"},"modified":"2025-09-08T14:32:17","modified_gmt":"2025-09-08T12:32:17","slug":"coffret-de-peinture-rapide-36-couleurs-a-generation-rapide-2-pinceaux-gratuits","status":"publish","type":"product","link":"https:\/\/g3d-wargame.com\/en\/product\/coffret-de-peinture-rapide-36-couleurs-a-generation-rapide-2-pinceaux-gratuits\/","title":{"rendered":"Coffret de peinture rapide &#8211; 36 couleurs \u00e0 g\u00e9n\u00e9ration rapide (+ 2 pinceaux gratuits)"},"content":{"rendered":"<p><span>Ce coffret\u00a0<\/span><strong><span>QUICK GEN<\/span><\/strong><span>\u00a0, compos\u00e9 d&rsquo;une s\u00e9lection de\u00a0<\/span><strong><span>36 couleurs<\/span><\/strong><span>\u00a0, est id\u00e9al pour tout peintre souhaitant int\u00e9grer une s\u00e9lection de base \u00e0 sa palette de couleurs pour peindre rapidement n&rsquo;importe quelle arm\u00e9e.<\/span><br \/>\n<span>Il\u00a0\u00a0<\/span><strong><span>comprend \u00e9galement deux pinceaux gratuits.<\/span><\/strong><\/p>\n<p><span>Comprend :<\/span><\/p>\n<ul>\n<li><span>1x BROSSE SYNTH\u00c9TIQUE \u2013 PLATE<\/span><\/li>\n<li><span>1x BROSSE SYNTH\u00c9TIQUE \u2013 RONDE<\/span><\/li>\n<\/ul>","protected":false},"excerpt":{"rendered":"<p>Ce coffret\u00a0QUICK GEN\u00a0, compos\u00e9 d&rsquo;une s\u00e9lection de\u00a036 couleurs\u00a0, est id\u00e9al pour tout peintre souhaitant int\u00e9grer une s\u00e9lection de base \u00e0 sa palette de couleurs pour peindre rapidement n&rsquo;importe quelle arm\u00e9e. Il\u00a0\u00a0comprend \u00e9galement deux pinceaux gratuits. Comprend : 1x BROSSE SYNTH\u00c9TIQUE \u2013 PLATE 1x BROSSE SYNTH\u00c9TIQUE \u2013 RONDE<\/p>","protected":false},"featured_media":6586,"template":"","meta":[],"product_brand":[],"product_cat":[95],"product_tag":[],"class_list":{"0":"post-6585","1":"product","2":"type-product","3":"status-publish","4":"has-post-thumbnail","6":"product_cat-kit-peinture-quick-gen","8":"first","9":"onbackorder","10":"taxable","11":"shipping-taxable","12":"purchasable","13":"product-type-simple"},"yoast_head":"<!-- This site is optimized with the Yoast SEO plugin v25.8 - https:\/\/yoast.com\/wordpress\/plugins\/seo\/ -->\n<title>Coffret de peinture rapide - 36 couleurs \u00e0 g\u00e9n\u00e9ration rapide (+ 2 pinceaux gratuits) &#8211; G3D<\/title>\n<meta name=\"robots\" content=\"index, follow, max-snippet:-1, max-image-preview:large, max-video-preview:-1\" \/>\n<link rel=\"canonical\" href=\"https:\/\/g3d-wargame.com\/en\/product\/coffret-de-peinture-rapide-36-couleurs-a-generation-rapide-2-pinceaux-gratuits\/\" \/>\n<meta property=\"og:locale\" content=\"en_GB\" \/>\n<meta property=\"og:type\" content=\"article\" \/>\n<meta property=\"og:title\" content=\"Coffret de peinture rapide - 36 couleurs \u00e0 g\u00e9n\u00e9ration rapide (+ 2 pinceaux gratuits) &#8211; G3D\" \/>\n<meta property=\"og:description\" content=\"Ce coffret\u00a0QUICK GEN\u00a0, compos\u00e9 d&rsquo;une s\u00e9lection de\u00a036 couleurs\u00a0, est id\u00e9al pour tout peintre souhaitant int\u00e9grer une s\u00e9lection de base \u00e0 sa palette de couleurs pour peindre rapidement n&rsquo;importe quelle arm\u00e9e. Il\u00a0\u00a0comprend \u00e9galement deux pinceaux gratuits. Comprend : 1x BROSSE SYNTH\u00c9TIQUE \u2013 PLATE 1x BROSSE SYNTH\u00c9TIQUE \u2013 RONDE\" \/>\n<meta property=\"og:url\" content=\"https:\/\/g3d-wargame.com\/en\/product\/coffret-de-peinture-rapide-36-couleurs-a-generation-rapide-2-pinceaux-gratuits\/\" \/>\n<meta property=\"og:site_name\" content=\"G3D\" \/>\n<meta property=\"article:modified_time\" content=\"2025-09-08T12:32:17+00:00\" \/>\n<meta property=\"og:image\" content=\"https:\/\/g3d-wargame.com\/wp-content\/uploads\/2025\/06\/AK17601.jpg\" \/>\n\t<meta property=\"og:image:width\" content=\"1200\" \/>\n\t<meta property=\"og:image:height\" content=\"1200\" \/>\n\t<meta property=\"og:image:type\" content=\"image\/jpeg\" \/>\n<meta name=\"twitter:card\" content=\"summary_large_image\" \/>\n<meta name=\"twitter:label1\" content=\"Estimated reading time\" \/>\n\t<meta name=\"twitter:data1\" content=\"1 minute\" \/>\n<script type=\"application\/ld+json\" class=\"yoast-schema-graph\">{\"@context\":\"https:\/\/schema.org\",\"@graph\":[{\"@type\":\"WebPage\",\"@id\":\"https:\/\/g3d-wargame.com\/produit\/coffret-de-peinture-rapide-36-couleurs-a-generation-rapide-2-pinceaux-gratuits\/\",\"url\":\"https:\/\/g3d-wargame.com\/produit\/coffret-de-peinture-rapide-36-couleurs-a-generation-rapide-2-pinceaux-gratuits\/\",\"name\":\"Coffret de peinture rapide - 36 couleurs \u00e0 g\u00e9n\u00e9ration rapide (+ 2 pinceaux gratuits) &#8211; G3D\",\"isPartOf\":{\"@id\":\"https:\/\/g3d-wargame.com\/#website\"},\"primaryImageOfPage\":{\"@id\":\"https:\/\/g3d-wargame.com\/produit\/coffret-de-peinture-rapide-36-couleurs-a-generation-rapide-2-pinceaux-gratuits\/#primaryimage\"},\"image\":{\"@id\":\"https:\/\/g3d-wargame.com\/produit\/coffret-de-peinture-rapide-36-couleurs-a-generation-rapide-2-pinceaux-gratuits\/#primaryimage\"},\"thumbnailUrl\":\"https:\/\/g3d-wargame.com\/wp-content\/uploads\/2025\/06\/AK17601.jpg\",\"datePublished\":\"2025-06-29T07:38:48+00:00\",\"dateModified\":\"2025-09-08T12:32:17+00:00\",\"breadcrumb\":{\"@id\":\"https:\/\/g3d-wargame.com\/produit\/coffret-de-peinture-rapide-36-couleurs-a-generation-rapide-2-pinceaux-gratuits\/#breadcrumb\"},\"inLanguage\":\"en-GB\",\"potentialAction\":[{\"@type\":\"ReadAction\",\"target\":[\"https:\/\/g3d-wargame.com\/produit\/coffret-de-peinture-rapide-36-couleurs-a-generation-rapide-2-pinceaux-gratuits\/\"]}]},{\"@type\":\"ImageObject\",\"inLanguage\":\"en-GB\",\"@id\":\"https:\/\/g3d-wargame.com\/produit\/coffret-de-peinture-rapide-36-couleurs-a-generation-rapide-2-pinceaux-gratuits\/#primaryimage\",\"url\":\"https:\/\/g3d-wargame.com\/wp-content\/uploads\/2025\/06\/AK17601.jpg\",\"contentUrl\":\"https:\/\/g3d-wargame.com\/wp-content\/uploads\/2025\/06\/AK17601.jpg\",\"width\":1200,\"height\":1200},{\"@type\":\"BreadcrumbList\",\"@id\":\"https:\/\/g3d-wargame.com\/produit\/coffret-de-peinture-rapide-36-couleurs-a-generation-rapide-2-pinceaux-gratuits\/#breadcrumb\",\"itemListElement\":[{\"@type\":\"ListItem\",\"position\":1,\"name\":\"Accueil\",\"item\":\"https:\/\/g3d-wargame.com\/\"},{\"@type\":\"ListItem\",\"position\":2,\"name\":\"Produits\",\"item\":\"https:\/\/g3d-wargame.com\/shop__trashed\/\"},{\"@type\":\"ListItem\",\"position\":3,\"name\":\"Coffret de peinture rapide &#8211; 36 couleurs \u00e0 g\u00e9n\u00e9ration rapide (+ 2 pinceaux gratuits)\"}]},{\"@type\":\"WebSite\",\"@id\":\"https:\/\/g3d-wargame.com\/#website\",\"url\":\"https:\/\/g3d-wargame.com\/\",\"name\":\"G3D\",\"description\":\" impression 3D\",\"publisher\":{\"@id\":\"https:\/\/g3d-wargame.com\/#organization\"},\"alternateName\":\"G3D Wargame\",\"potentialAction\":[{\"@type\":\"SearchAction\",\"target\":{\"@type\":\"EntryPoint\",\"urlTemplate\":\"https:\/\/g3d-wargame.com\/?s={search_term_string}\"},\"query-input\":{\"@type\":\"PropertyValueSpecification\",\"valueRequired\":true,\"valueName\":\"search_term_string\"}}],\"inLanguage\":\"en-GB\"},{\"@type\":\"Organization\",\"@id\":\"https:\/\/g3d-wargame.com\/#organization\",\"name\":\"G3D\",\"alternateName\":\"G3D WARGAME\",\"url\":\"https:\/\/g3d-wargame.com\/\",\"logo\":{\"@type\":\"ImageObject\",\"inLanguage\":\"en-GB\",\"@id\":\"https:\/\/g3d-wargame.com\/#\/schema\/logo\/image\/\",\"url\":\"https:\/\/g3d-wargame.com\/wp-content\/uploads\/2023\/12\/G3DLOGO-v1-700-x-700-px.png\",\"contentUrl\":\"https:\/\/g3d-wargame.com\/wp-content\/uploads\/2023\/12\/G3DLOGO-v1-700-x-700-px.png\",\"width\":788,\"height\":788,\"caption\":\"G3D\"},\"image\":{\"@id\":\"https:\/\/g3d-wargame.com\/#\/schema\/logo\/image\/\"}}]}<\/script>\n<!-- \/ Yoast SEO plugin. -->","yoast_head_json":{"title":"Coffret de peinture rapide - 36 couleurs \u00e0 g\u00e9n\u00e9ration rapide (+ 2 pinceaux gratuits) &#8211; G3D","robots":{"index":"index","follow":"follow","max-snippet":"max-snippet:-1","max-image-preview":"max-image-preview:large","max-video-preview":"max-video-preview:-1"},"canonical":"https:\/\/g3d-wargame.com\/en\/product\/coffret-de-peinture-rapide-36-couleurs-a-generation-rapide-2-pinceaux-gratuits\/","og_locale":"en_GB","og_type":"article","og_title":"Coffret de peinture rapide - 36 couleurs \u00e0 g\u00e9n\u00e9ration rapide (+ 2 pinceaux gratuits) &#8211; G3D","og_description":"Ce coffret\u00a0QUICK GEN\u00a0, compos\u00e9 d&rsquo;une s\u00e9lection de\u00a036 couleurs\u00a0, est id\u00e9al pour tout peintre souhaitant int\u00e9grer une s\u00e9lection de base \u00e0 sa palette de couleurs pour peindre rapidement n&rsquo;importe quelle arm\u00e9e. Il\u00a0\u00a0comprend \u00e9galement deux pinceaux gratuits. Comprend : 1x BROSSE SYNTH\u00c9TIQUE \u2013 PLATE 1x BROSSE SYNTH\u00c9TIQUE \u2013 RONDE","og_url":"https:\/\/g3d-wargame.com\/en\/product\/coffret-de-peinture-rapide-36-couleurs-a-generation-rapide-2-pinceaux-gratuits\/","og_site_name":"G3D","article_modified_time":"2025-09-08T12:32:17+00:00","og_image":[{"width":1200,"height":1200,"url":"https:\/\/g3d-wargame.com\/wp-content\/uploads\/2025\/06\/AK17601.jpg","type":"image\/jpeg"}],"twitter_card":"summary_large_image","twitter_misc":{"Estimated reading time":"1 minute"},"schema":{"@context":"https:\/\/schema.org","@graph":[{"@type":"WebPage","@id":"https:\/\/g3d-wargame.com\/produit\/coffret-de-peinture-rapide-36-couleurs-a-generation-rapide-2-pinceaux-gratuits\/","url":"https:\/\/g3d-wargame.com\/produit\/coffret-de-peinture-rapide-36-couleurs-a-generation-rapide-2-pinceaux-gratuits\/","name":"Coffret de peinture rapide - 36 couleurs \u00e0 g\u00e9n\u00e9ration rapide (+ 2 pinceaux gratuits) &#8211; G3D","isPartOf":{"@id":"https:\/\/g3d-wargame.com\/#website"},"primaryImageOfPage":{"@id":"https:\/\/g3d-wargame.com\/produit\/coffret-de-peinture-rapide-36-couleurs-a-generation-rapide-2-pinceaux-gratuits\/#primaryimage"},"image":{"@id":"https:\/\/g3d-wargame.com\/produit\/coffret-de-peinture-rapide-36-couleurs-a-generation-rapide-2-pinceaux-gratuits\/#primaryimage"},"thumbnailUrl":"https:\/\/g3d-wargame.com\/wp-content\/uploads\/2025\/06\/AK17601.jpg","datePublished":"2025-06-29T07:38:48+00:00","dateModified":"2025-09-08T12:32:17+00:00","breadcrumb":{"@id":"https:\/\/g3d-wargame.com\/produit\/coffret-de-peinture-rapide-36-couleurs-a-generation-rapide-2-pinceaux-gratuits\/#breadcrumb"},"inLanguage":"en-GB","potentialAction":[{"@type":"ReadAction","target":["https:\/\/g3d-wargame.com\/produit\/coffret-de-peinture-rapide-36-couleurs-a-generation-rapide-2-pinceaux-gratuits\/"]}]},{"@type":"ImageObject","inLanguage":"en-GB","@id":"https:\/\/g3d-wargame.com\/produit\/coffret-de-peinture-rapide-36-couleurs-a-generation-rapide-2-pinceaux-gratuits\/#primaryimage","url":"https:\/\/g3d-wargame.com\/wp-content\/uploads\/2025\/06\/AK17601.jpg","contentUrl":"https:\/\/g3d-wargame.com\/wp-content\/uploads\/2025\/06\/AK17601.jpg","width":1200,"height":1200},{"@type":"BreadcrumbList","@id":"https:\/\/g3d-wargame.com\/produit\/coffret-de-peinture-rapide-36-couleurs-a-generation-rapide-2-pinceaux-gratuits\/#breadcrumb","itemListElement":[{"@type":"ListItem","position":1,"name":"Accueil","item":"https:\/\/g3d-wargame.com\/"},{"@type":"ListItem","position":2,"name":"Produits","item":"https:\/\/g3d-wargame.com\/shop__trashed\/"},{"@type":"ListItem","position":3,"name":"Coffret de peinture rapide &#8211; 36 couleurs \u00e0 g\u00e9n\u00e9ration rapide (+ 2 pinceaux gratuits)"}]},{"@type":"WebSite","@id":"https:\/\/g3d-wargame.com\/#website","url":"https:\/\/g3d-wargame.com\/","name":"G3D","description":"3D printing","publisher":{"@id":"https:\/\/g3d-wargame.com\/#organization"},"alternateName":"G3D Wargame","potentialAction":[{"@type":"SearchAction","target":{"@type":"EntryPoint","urlTemplate":"https:\/\/g3d-wargame.com\/?s={search_term_string}"},"query-input":{"@type":"PropertyValueSpecification","valueRequired":true,"valueName":"search_term_string"}}],"inLanguage":"en-GB"},{"@type":"Organization","@id":"https:\/\/g3d-wargame.com\/#organization","name":"G3D","alternateName":"G3D WARGAME","url":"https:\/\/g3d-wargame.com\/","logo":{"@type":"ImageObject","inLanguage":"en-GB","@id":"https:\/\/g3d-wargame.com\/#\/schema\/logo\/image\/","url":"https:\/\/g3d-wargame.com\/wp-content\/uploads\/2023\/12\/G3DLOGO-v1-700-x-700-px.png","contentUrl":"https:\/\/g3d-wargame.com\/wp-content\/uploads\/2023\/12\/G3DLOGO-v1-700-x-700-px.png","width":788,"height":788,"caption":"G3D"},"image":{"@id":"https:\/\/g3d-wargame.com\/#\/schema\/logo\/image\/"}}]}},"_links":{"self":[{"href":"https:\/\/g3d-wargame.com\/en\/wp-json\/wp\/v2\/product\/6585","targetHints":{"allow":["GET"]}}],"collection":[{"href":"https:\/\/g3d-wargame.com\/en\/wp-json\/wp\/v2\/product"}],"about":[{"href":"https:\/\/g3d-wargame.com\/en\/wp-json\/wp\/v2\/types\/product"}],"wp:featuredmedia":[{"embeddable":true,"href":"https:\/\/g3d-wargame.com\/en\/wp-json\/wp\/v2\/media\/6586"}],"wp:attachment":[{"href":"https:\/\/g3d-wargame.com\/en\/wp-json\/wp\/v2\/media?parent=6585"}],"wp:term":[{"taxonomy":"product_brand","embeddable":true,"href":"https:\/\/g3d-wargame.com\/en\/wp-json\/wp\/v2\/product_brand?post=6585"},{"taxonomy":"product_cat","embeddable":true,"href":"https:\/\/g3d-wargame.com\/en\/wp-json\/wp\/v2\/product_cat?post=6585"},{"taxonomy":"product_tag","embeddable":true,"href":"https:\/\/g3d-wargame.com\/en\/wp-json\/wp\/v2\/product_tag?post=6585"}],"curies":[{"name":"wp","href":"https:\/\/api.w.org\/{rel}","templated":true}]}}