{"id":6581,"date":"2025-06-29T09:36:12","date_gmt":"2025-06-29T07:36:12","guid":{"rendered":"https:\/\/g3d-wargame.com\/?post_type=product&#038;p=6581"},"modified":"2025-09-07T18:13:37","modified_gmt":"2025-09-07T16:13:37","slug":"kit-de-demarrage-rapide-8-generations-rapides-1-moyen-1-brosse-gratuite","status":"publish","type":"product","link":"https:\/\/g3d-wargame.com\/en\/product\/kit-de-demarrage-rapide-8-generations-rapides-1-moyen-1-brosse-gratuite\/","title":{"rendered":"KIT DE D\u00c9MARRAGE RAPIDE (8 G\u00c9N\u00c9RATIONS RAPIDES + 1 MOYEN + 1 BROSSE GRATUITE)"},"content":{"rendered":"<p><span>Ce coffret\u00a0<\/span><strong><span>QUICK GEN<\/span><\/strong><span>\u00a0est id\u00e9al pour d\u00e9buter en peinture de figurines.<\/span><br \/>\n<span>Con\u00e7u pour les d\u00e9butants, il contient tout le n\u00e9cessaire pour peindre facilement vos premi\u00e8res figurines gr\u00e2ce \u00e0 la\u00a0<\/span><strong><span>TECHNIQUE CONTRASTE<\/span><\/strong><span>\u00a0.<\/span><br \/>\n<span>Il comprend \u00e9galement\u00a0<\/span><strong><span>un pinceau offert.<\/span><\/strong><\/p>\n<p><span>Contains:<\/span><\/p>\n<ul>\n<li><a href=\"https:\/\/ak-interactive.com\/product\/space-magenta-quick-gen-color\/\"><span>AK17001 MAGENTA ESPACE<\/span><\/a><\/li>\n<li><a href=\"https:\/\/ak-interactive.com\/product\/warm-yellow-quick-gen-color\/\"><span>AK17010 JAUNE CHAUD<\/span><\/a><\/li>\n<li><a href=\"https:\/\/ak-interactive.com\/product\/vivid-green-quick-gen-color\/\"><span>AK17018 VERT VIF<\/span><\/a><\/li>\n<li><a href=\"https:\/\/ak-interactive.com\/product\/power-blue-quick-gen-color\/\"><span>AK17026 BLEU PUISSANCE<\/span><\/a><\/li>\n<li><a href=\"https:\/\/ak-interactive.com\/product\/vivid-flesh-quick-gen-color\/\"><span>AK17036 CHAIR VIVANTE<\/span><\/a><\/li>\n<li><a href=\"https:\/\/ak-interactive.com\/product\/infernal-red-quick-gen-color\/\"><span>AK17037 ROUGE INFERNAL<\/span><\/a><\/li>\n<li><a href=\"https:\/\/ak-interactive.com\/product\/black-quick-gen-color\/\"><span>AK17049 NOIR<\/span><\/a><\/li>\n<li><a href=\"https:\/\/ak-interactive.com\/product\/dark-steel-quick-gen-color\/\"><span>AK17067 ACIER FONC\u00c9<\/span><\/a><\/li>\n<li><a href=\"https:\/\/ak-interactive.com\/product\/medium-for-quick-gen-paints-18ml\/\"><span>AK17080 \u2013 Moyen (18 ml)<\/span><\/a><\/li>\n<li><span>1x BROSSE SYNTH\u00c9TIQUE \u2013 RONDE<\/span><\/li>\n<\/ul>\n<p>&nbsp;<\/p>\n<p><span>Cette gamme incarne le concept de speed painting \u00e0 travers la technique du contraste.<\/span><\/p>\n<p><span>Chaque flacon contient une formulation sp\u00e9ciale \u00e0 base d&rsquo;une r\u00e9sine de nouvelle g\u00e9n\u00e9ration qui en fait la meilleure peinture monocouche pour les miniatures.<\/span><\/p>\n<p><em><span>*Il est recommand\u00e9 d&rsquo;appliquer une couche d&rsquo;appr\u00eat blanche pour profiter pleinement des qualit\u00e9s de la peinture.<\/span><\/em><\/p>","protected":false},"excerpt":{"rendered":"<p>Ce coffret\u00a0QUICK GEN\u00a0est id\u00e9al pour d\u00e9buter en peinture de figurines. Con\u00e7u pour les d\u00e9butants, il contient tout le n\u00e9cessaire pour peindre facilement vos premi\u00e8res figurines gr\u00e2ce \u00e0 la\u00a0TECHNIQUE CONTRASTE\u00a0. Il comprend \u00e9galement\u00a0un pinceau offert. Contient: AK17001 MAGENTA ESPACE AK17010 JAUNE CHAUD AK17018 VERT VIF AK17026 BLEU PUISSANCE AK17036 CHAIR VIVANTE AK17037 ROUGE INFERNAL AK17049 NOIR AK17067 ACIER FONC\u00c9 AK17080 \u2013&hellip;<\/p>","protected":false},"featured_media":6582,"template":"","meta":[],"product_brand":[],"product_cat":[95],"product_tag":[],"class_list":{"0":"post-6581","1":"product","2":"type-product","3":"status-publish","4":"has-post-thumbnail","6":"product_cat-kit-peinture-quick-gen","8":"first","9":"onbackorder","10":"taxable","11":"shipping-taxable","12":"purchasable","13":"product-type-simple"},"yoast_head":"<!-- This site is optimized with the Yoast SEO plugin v25.8 - https:\/\/yoast.com\/wordpress\/plugins\/seo\/ -->\n<title>KIT DE D\u00c9MARRAGE RAPIDE (8 G\u00c9N\u00c9RATIONS RAPIDES + 1 MOYEN + 1 BROSSE GRATUITE) &#8211; G3D<\/title>\n<meta name=\"robots\" content=\"index, follow, max-snippet:-1, max-image-preview:large, max-video-preview:-1\" \/>\n<link rel=\"canonical\" href=\"https:\/\/g3d-wargame.com\/en\/product\/kit-de-demarrage-rapide-8-generations-rapides-1-moyen-1-brosse-gratuite\/\" \/>\n<meta property=\"og:locale\" content=\"en_GB\" \/>\n<meta property=\"og:type\" content=\"article\" \/>\n<meta property=\"og:title\" content=\"KIT DE D\u00c9MARRAGE RAPIDE (8 G\u00c9N\u00c9RATIONS RAPIDES + 1 MOYEN + 1 BROSSE GRATUITE) &#8211; G3D\" \/>\n<meta property=\"og:description\" content=\"Ce coffret\u00a0QUICK GEN\u00a0est id\u00e9al pour d\u00e9buter en peinture de figurines. Con\u00e7u pour les d\u00e9butants, il contient tout le n\u00e9cessaire pour peindre facilement vos premi\u00e8res figurines gr\u00e2ce \u00e0 la\u00a0TECHNIQUE CONTRASTE\u00a0. Il comprend \u00e9galement\u00a0un pinceau offert. Contient: AK17001 MAGENTA ESPACE AK17010 JAUNE CHAUD AK17018 VERT VIF AK17026 BLEU PUISSANCE AK17036 CHAIR VIVANTE AK17037 ROUGE INFERNAL AK17049 NOIR AK17067 ACIER FONC\u00c9 AK17080 \u2013&hellip;\" \/>\n<meta property=\"og:url\" content=\"https:\/\/g3d-wargame.com\/en\/product\/kit-de-demarrage-rapide-8-generations-rapides-1-moyen-1-brosse-gratuite\/\" \/>\n<meta property=\"og:site_name\" content=\"G3D\" \/>\n<meta property=\"article:modified_time\" content=\"2025-09-07T16:13:37+00:00\" \/>\n<meta property=\"og:image\" content=\"https:\/\/g3d-wargame.com\/wp-content\/uploads\/2025\/06\/AK17525.jpg\" \/>\n\t<meta property=\"og:image:width\" content=\"1200\" \/>\n\t<meta property=\"og:image:height\" content=\"1200\" \/>\n\t<meta property=\"og:image:type\" content=\"image\/jpeg\" \/>\n<meta name=\"twitter:card\" content=\"summary_large_image\" \/>\n<meta name=\"twitter:label1\" content=\"Estimated reading time\" \/>\n\t<meta name=\"twitter:data1\" content=\"1 minute\" \/>\n<script type=\"application\/ld+json\" class=\"yoast-schema-graph\">{\"@context\":\"https:\/\/schema.org\",\"@graph\":[{\"@type\":\"WebPage\",\"@id\":\"https:\/\/g3d-wargame.com\/produit\/kit-de-demarrage-rapide-8-generations-rapides-1-moyen-1-brosse-gratuite\/\",\"url\":\"https:\/\/g3d-wargame.com\/produit\/kit-de-demarrage-rapide-8-generations-rapides-1-moyen-1-brosse-gratuite\/\",\"name\":\"KIT DE D\u00c9MARRAGE RAPIDE (8 G\u00c9N\u00c9RATIONS RAPIDES + 1 MOYEN + 1 BROSSE GRATUITE) &#8211; G3D\",\"isPartOf\":{\"@id\":\"https:\/\/g3d-wargame.com\/#website\"},\"primaryImageOfPage\":{\"@id\":\"https:\/\/g3d-wargame.com\/produit\/kit-de-demarrage-rapide-8-generations-rapides-1-moyen-1-brosse-gratuite\/#primaryimage\"},\"image\":{\"@id\":\"https:\/\/g3d-wargame.com\/produit\/kit-de-demarrage-rapide-8-generations-rapides-1-moyen-1-brosse-gratuite\/#primaryimage\"},\"thumbnailUrl\":\"https:\/\/g3d-wargame.com\/wp-content\/uploads\/2025\/06\/AK17525.jpg\",\"datePublished\":\"2025-06-29T07:36:12+00:00\",\"dateModified\":\"2025-09-07T16:13:37+00:00\",\"breadcrumb\":{\"@id\":\"https:\/\/g3d-wargame.com\/produit\/kit-de-demarrage-rapide-8-generations-rapides-1-moyen-1-brosse-gratuite\/#breadcrumb\"},\"inLanguage\":\"en-GB\",\"potentialAction\":[{\"@type\":\"ReadAction\",\"target\":[\"https:\/\/g3d-wargame.com\/produit\/kit-de-demarrage-rapide-8-generations-rapides-1-moyen-1-brosse-gratuite\/\"]}]},{\"@type\":\"ImageObject\",\"inLanguage\":\"en-GB\",\"@id\":\"https:\/\/g3d-wargame.com\/produit\/kit-de-demarrage-rapide-8-generations-rapides-1-moyen-1-brosse-gratuite\/#primaryimage\",\"url\":\"https:\/\/g3d-wargame.com\/wp-content\/uploads\/2025\/06\/AK17525.jpg\",\"contentUrl\":\"https:\/\/g3d-wargame.com\/wp-content\/uploads\/2025\/06\/AK17525.jpg\",\"width\":1200,\"height\":1200},{\"@type\":\"BreadcrumbList\",\"@id\":\"https:\/\/g3d-wargame.com\/produit\/kit-de-demarrage-rapide-8-generations-rapides-1-moyen-1-brosse-gratuite\/#breadcrumb\",\"itemListElement\":[{\"@type\":\"ListItem\",\"position\":1,\"name\":\"Accueil\",\"item\":\"https:\/\/g3d-wargame.com\/\"},{\"@type\":\"ListItem\",\"position\":2,\"name\":\"Produits\",\"item\":\"https:\/\/g3d-wargame.com\/shop__trashed\/\"},{\"@type\":\"ListItem\",\"position\":3,\"name\":\"KIT DE D\u00c9MARRAGE RAPIDE (8 G\u00c9N\u00c9RATIONS RAPIDES + 1 MOYEN + 1 BROSSE GRATUITE)\"}]},{\"@type\":\"WebSite\",\"@id\":\"https:\/\/g3d-wargame.com\/#website\",\"url\":\"https:\/\/g3d-wargame.com\/\",\"name\":\"G3D\",\"description\":\" impression 3D\",\"publisher\":{\"@id\":\"https:\/\/g3d-wargame.com\/#organization\"},\"alternateName\":\"G3D Wargame\",\"potentialAction\":[{\"@type\":\"SearchAction\",\"target\":{\"@type\":\"EntryPoint\",\"urlTemplate\":\"https:\/\/g3d-wargame.com\/?s={search_term_string}\"},\"query-input\":{\"@type\":\"PropertyValueSpecification\",\"valueRequired\":true,\"valueName\":\"search_term_string\"}}],\"inLanguage\":\"en-GB\"},{\"@type\":\"Organization\",\"@id\":\"https:\/\/g3d-wargame.com\/#organization\",\"name\":\"G3D\",\"alternateName\":\"G3D WARGAME\",\"url\":\"https:\/\/g3d-wargame.com\/\",\"logo\":{\"@type\":\"ImageObject\",\"inLanguage\":\"en-GB\",\"@id\":\"https:\/\/g3d-wargame.com\/#\/schema\/logo\/image\/\",\"url\":\"https:\/\/g3d-wargame.com\/wp-content\/uploads\/2023\/12\/G3DLOGO-v1-700-x-700-px.png\",\"contentUrl\":\"https:\/\/g3d-wargame.com\/wp-content\/uploads\/2023\/12\/G3DLOGO-v1-700-x-700-px.png\",\"width\":788,\"height\":788,\"caption\":\"G3D\"},\"image\":{\"@id\":\"https:\/\/g3d-wargame.com\/#\/schema\/logo\/image\/\"}}]}<\/script>\n<!-- \/ Yoast SEO plugin. -->","yoast_head_json":{"title":"KIT DE D\u00c9MARRAGE RAPIDE (8 G\u00c9N\u00c9RATIONS RAPIDES + 1 MOYEN + 1 BROSSE GRATUITE) &#8211; G3D","robots":{"index":"index","follow":"follow","max-snippet":"max-snippet:-1","max-image-preview":"max-image-preview:large","max-video-preview":"max-video-preview:-1"},"canonical":"https:\/\/g3d-wargame.com\/en\/product\/kit-de-demarrage-rapide-8-generations-rapides-1-moyen-1-brosse-gratuite\/","og_locale":"en_GB","og_type":"article","og_title":"KIT DE D\u00c9MARRAGE RAPIDE (8 G\u00c9N\u00c9RATIONS RAPIDES + 1 MOYEN + 1 BROSSE GRATUITE) &#8211; G3D","og_description":"Ce coffret\u00a0QUICK GEN\u00a0est id\u00e9al pour d\u00e9buter en peinture de figurines. Con\u00e7u pour les d\u00e9butants, il contient tout le n\u00e9cessaire pour peindre facilement vos premi\u00e8res figurines gr\u00e2ce \u00e0 la\u00a0TECHNIQUE CONTRASTE\u00a0. Il comprend \u00e9galement\u00a0un pinceau offert. Contient: AK17001 MAGENTA ESPACE AK17010 JAUNE CHAUD AK17018 VERT VIF AK17026 BLEU PUISSANCE AK17036 CHAIR VIVANTE AK17037 ROUGE INFERNAL AK17049 NOIR AK17067 ACIER FONC\u00c9 AK17080 \u2013&hellip;","og_url":"https:\/\/g3d-wargame.com\/en\/product\/kit-de-demarrage-rapide-8-generations-rapides-1-moyen-1-brosse-gratuite\/","og_site_name":"G3D","article_modified_time":"2025-09-07T16:13:37+00:00","og_image":[{"width":1200,"height":1200,"url":"https:\/\/g3d-wargame.com\/wp-content\/uploads\/2025\/06\/AK17525.jpg","type":"image\/jpeg"}],"twitter_card":"summary_large_image","twitter_misc":{"Estimated reading time":"1 minute"},"schema":{"@context":"https:\/\/schema.org","@graph":[{"@type":"WebPage","@id":"https:\/\/g3d-wargame.com\/produit\/kit-de-demarrage-rapide-8-generations-rapides-1-moyen-1-brosse-gratuite\/","url":"https:\/\/g3d-wargame.com\/produit\/kit-de-demarrage-rapide-8-generations-rapides-1-moyen-1-brosse-gratuite\/","name":"KIT DE D\u00c9MARRAGE RAPIDE (8 G\u00c9N\u00c9RATIONS RAPIDES + 1 MOYEN + 1 BROSSE GRATUITE) &#8211; G3D","isPartOf":{"@id":"https:\/\/g3d-wargame.com\/#website"},"primaryImageOfPage":{"@id":"https:\/\/g3d-wargame.com\/produit\/kit-de-demarrage-rapide-8-generations-rapides-1-moyen-1-brosse-gratuite\/#primaryimage"},"image":{"@id":"https:\/\/g3d-wargame.com\/produit\/kit-de-demarrage-rapide-8-generations-rapides-1-moyen-1-brosse-gratuite\/#primaryimage"},"thumbnailUrl":"https:\/\/g3d-wargame.com\/wp-content\/uploads\/2025\/06\/AK17525.jpg","datePublished":"2025-06-29T07:36:12+00:00","dateModified":"2025-09-07T16:13:37+00:00","breadcrumb":{"@id":"https:\/\/g3d-wargame.com\/produit\/kit-de-demarrage-rapide-8-generations-rapides-1-moyen-1-brosse-gratuite\/#breadcrumb"},"inLanguage":"en-GB","potentialAction":[{"@type":"ReadAction","target":["https:\/\/g3d-wargame.com\/produit\/kit-de-demarrage-rapide-8-generations-rapides-1-moyen-1-brosse-gratuite\/"]}]},{"@type":"ImageObject","inLanguage":"en-GB","@id":"https:\/\/g3d-wargame.com\/produit\/kit-de-demarrage-rapide-8-generations-rapides-1-moyen-1-brosse-gratuite\/#primaryimage","url":"https:\/\/g3d-wargame.com\/wp-content\/uploads\/2025\/06\/AK17525.jpg","contentUrl":"https:\/\/g3d-wargame.com\/wp-content\/uploads\/2025\/06\/AK17525.jpg","width":1200,"height":1200},{"@type":"BreadcrumbList","@id":"https:\/\/g3d-wargame.com\/produit\/kit-de-demarrage-rapide-8-generations-rapides-1-moyen-1-brosse-gratuite\/#breadcrumb","itemListElement":[{"@type":"ListItem","position":1,"name":"Accueil","item":"https:\/\/g3d-wargame.com\/"},{"@type":"ListItem","position":2,"name":"Produits","item":"https:\/\/g3d-wargame.com\/shop__trashed\/"},{"@type":"ListItem","position":3,"name":"KIT DE D\u00c9MARRAGE RAPIDE (8 G\u00c9N\u00c9RATIONS RAPIDES + 1 MOYEN + 1 BROSSE GRATUITE)"}]},{"@type":"WebSite","@id":"https:\/\/g3d-wargame.com\/#website","url":"https:\/\/g3d-wargame.com\/","name":"G3D","description":"3D printing","publisher":{"@id":"https:\/\/g3d-wargame.com\/#organization"},"alternateName":"G3D Wargame","potentialAction":[{"@type":"SearchAction","target":{"@type":"EntryPoint","urlTemplate":"https:\/\/g3d-wargame.com\/?s={search_term_string}"},"query-input":{"@type":"PropertyValueSpecification","valueRequired":true,"valueName":"search_term_string"}}],"inLanguage":"en-GB"},{"@type":"Organization","@id":"https:\/\/g3d-wargame.com\/#organization","name":"G3D","alternateName":"G3D WARGAME","url":"https:\/\/g3d-wargame.com\/","logo":{"@type":"ImageObject","inLanguage":"en-GB","@id":"https:\/\/g3d-wargame.com\/#\/schema\/logo\/image\/","url":"https:\/\/g3d-wargame.com\/wp-content\/uploads\/2023\/12\/G3DLOGO-v1-700-x-700-px.png","contentUrl":"https:\/\/g3d-wargame.com\/wp-content\/uploads\/2023\/12\/G3DLOGO-v1-700-x-700-px.png","width":788,"height":788,"caption":"G3D"},"image":{"@id":"https:\/\/g3d-wargame.com\/#\/schema\/logo\/image\/"}}]}},"_links":{"self":[{"href":"https:\/\/g3d-wargame.com\/en\/wp-json\/wp\/v2\/product\/6581","targetHints":{"allow":["GET"]}}],"collection":[{"href":"https:\/\/g3d-wargame.com\/en\/wp-json\/wp\/v2\/product"}],"about":[{"href":"https:\/\/g3d-wargame.com\/en\/wp-json\/wp\/v2\/types\/product"}],"wp:featuredmedia":[{"embeddable":true,"href":"https:\/\/g3d-wargame.com\/en\/wp-json\/wp\/v2\/media\/6582"}],"wp:attachment":[{"href":"https:\/\/g3d-wargame.com\/en\/wp-json\/wp\/v2\/media?parent=6581"}],"wp:term":[{"taxonomy":"product_brand","embeddable":true,"href":"https:\/\/g3d-wargame.com\/en\/wp-json\/wp\/v2\/product_brand?post=6581"},{"taxonomy":"product_cat","embeddable":true,"href":"https:\/\/g3d-wargame.com\/en\/wp-json\/wp\/v2\/product_cat?post=6581"},{"taxonomy":"product_tag","embeddable":true,"href":"https:\/\/g3d-wargame.com\/en\/wp-json\/wp\/v2\/product_tag?post=6581"}],"curies":[{"name":"wp","href":"https:\/\/api.w.org\/{rel}","templated":true}]}}