{"id":6561,"date":"2025-06-11T14:51:45","date_gmt":"2025-06-11T12:51:45","guid":{"rendered":"https:\/\/g3d-wargame.com\/?post_type=product&#038;p=6561"},"modified":"2025-11-07T10:15:01","modified_gmt":"2025-11-07T09:15:01","slug":"element-decor-titan-pied","status":"publish","type":"product","link":"https:\/\/g3d-wargame.com\/en\/product\/element-decor-titan-pied\/","title":{"rendered":"El\u00e9ment d\u00e9cor titan \u00ab\u00a0pied\u00a0\u00bb"},"content":{"rendered":"<p>Faites la guerre \u00e0 travers les ruines d\u2019un mecha colossal. Id\u00e9al pour les escarmouches, les embuscades et les affrontements post-apocalyptiques. Dominez les ruines avant vos ennemis\u00a0!<\/p>\n<p>-\u00e9l\u00e9ment de terrain repr\u00e9sentant le pied du titan<\/p>\n<p>-\u00e9chelle 28\/32mm<\/p>\n<p>-impression PLA gris<\/p>\n<p>-haut niveau de d\u00e9tail<\/p>\n<p>-fait sur commande, pr\u00e9voir 3 jours de pr\u00e9paration<\/p>","protected":false},"excerpt":{"rendered":"<p>Faites la guerre \u00e0 travers les ruines d\u2019un mecha colossal. Id\u00e9al pour les escarmouches, les embuscades et les affrontements post-apocalyptiques. Dominez les ruines avant vos ennemis\u00a0! -\u00e9l\u00e9ment de terrain repr\u00e9sentant le pied du titan -\u00e9chelle 28\/32mm -impression PLA gris -haut niveau de d\u00e9tail -fait sur commande, pr\u00e9voir 3 jours de pr\u00e9paration<\/p>","protected":false},"featured_media":6552,"template":"","meta":[],"product_brand":[],"product_cat":[96,76],"product_tag":[],"class_list":{"0":"post-6561","1":"product","2":"type-product","3":"status-publish","4":"has-post-thumbnail","6":"product_cat-decor-titan","7":"product_cat-decors-jeux","9":"first","10":"instock","11":"taxable","12":"shipping-taxable","13":"purchasable","14":"product-type-simple"},"yoast_head":"<!-- This site is optimized with the Yoast SEO plugin v25.8 - https:\/\/yoast.com\/wordpress\/plugins\/seo\/ -->\n<title>El\u00e9ment d\u00e9cor titan &quot;pied&quot; &#8211; G3D<\/title>\n<meta name=\"robots\" content=\"index, follow, max-snippet:-1, max-image-preview:large, max-video-preview:-1\" \/>\n<link rel=\"canonical\" href=\"https:\/\/g3d-wargame.com\/en\/product\/element-decor-titan-pied\/\" \/>\n<meta property=\"og:locale\" content=\"en_GB\" \/>\n<meta property=\"og:type\" content=\"article\" \/>\n<meta property=\"og:title\" content=\"El\u00e9ment d\u00e9cor titan &quot;pied&quot; &#8211; G3D\" \/>\n<meta property=\"og:description\" content=\"Faites la guerre \u00e0 travers les ruines d\u2019un mecha colossal. Id\u00e9al pour les escarmouches, les embuscades et les affrontements post-apocalyptiques. Dominez les ruines avant vos ennemis\u00a0! -\u00e9l\u00e9ment de terrain repr\u00e9sentant le pied du titan -\u00e9chelle 28\/32mm -impression PLA gris -haut niveau de d\u00e9tail -fait sur commande, pr\u00e9voir 3 jours de pr\u00e9paration\" \/>\n<meta property=\"og:url\" content=\"https:\/\/g3d-wargame.com\/en\/product\/element-decor-titan-pied\/\" \/>\n<meta property=\"og:site_name\" content=\"G3D\" \/>\n<meta property=\"article:modified_time\" content=\"2025-11-07T09:15:01+00:00\" \/>\n<meta property=\"og:image\" content=\"https:\/\/g3d-wargame.com\/wp-content\/uploads\/2025\/06\/25_06_TITAN_07.jpg\" \/>\n\t<meta property=\"og:image:width\" content=\"1200\" \/>\n\t<meta property=\"og:image:height\" content=\"1200\" \/>\n\t<meta property=\"og:image:type\" content=\"image\/jpeg\" \/>\n<meta name=\"twitter:card\" content=\"summary_large_image\" \/>\n<meta name=\"twitter:label1\" content=\"Estimated reading time\" \/>\n\t<meta name=\"twitter:data1\" content=\"1 minute\" \/>\n<script type=\"application\/ld+json\" class=\"yoast-schema-graph\">{\"@context\":\"https:\/\/schema.org\",\"@graph\":[{\"@type\":\"WebPage\",\"@id\":\"https:\/\/g3d-wargame.com\/produit\/element-decor-titan-pied\/\",\"url\":\"https:\/\/g3d-wargame.com\/produit\/element-decor-titan-pied\/\",\"name\":\"El\u00e9ment d\u00e9cor titan \\\"pied\\\" &#8211; G3D\",\"isPartOf\":{\"@id\":\"https:\/\/g3d-wargame.com\/#website\"},\"primaryImageOfPage\":{\"@id\":\"https:\/\/g3d-wargame.com\/produit\/element-decor-titan-pied\/#primaryimage\"},\"image\":{\"@id\":\"https:\/\/g3d-wargame.com\/produit\/element-decor-titan-pied\/#primaryimage\"},\"thumbnailUrl\":\"https:\/\/g3d-wargame.com\/wp-content\/uploads\/2025\/06\/25_06_TITAN_07.jpg\",\"datePublished\":\"2025-06-11T12:51:45+00:00\",\"dateModified\":\"2025-11-07T09:15:01+00:00\",\"breadcrumb\":{\"@id\":\"https:\/\/g3d-wargame.com\/produit\/element-decor-titan-pied\/#breadcrumb\"},\"inLanguage\":\"en-GB\",\"potentialAction\":[{\"@type\":\"ReadAction\",\"target\":[\"https:\/\/g3d-wargame.com\/produit\/element-decor-titan-pied\/\"]}]},{\"@type\":\"ImageObject\",\"inLanguage\":\"en-GB\",\"@id\":\"https:\/\/g3d-wargame.com\/produit\/element-decor-titan-pied\/#primaryimage\",\"url\":\"https:\/\/g3d-wargame.com\/wp-content\/uploads\/2025\/06\/25_06_TITAN_07.jpg\",\"contentUrl\":\"https:\/\/g3d-wargame.com\/wp-content\/uploads\/2025\/06\/25_06_TITAN_07.jpg\",\"width\":1200,\"height\":1200},{\"@type\":\"BreadcrumbList\",\"@id\":\"https:\/\/g3d-wargame.com\/produit\/element-decor-titan-pied\/#breadcrumb\",\"itemListElement\":[{\"@type\":\"ListItem\",\"position\":1,\"name\":\"Accueil\",\"item\":\"https:\/\/g3d-wargame.com\/\"},{\"@type\":\"ListItem\",\"position\":2,\"name\":\"Produits\",\"item\":\"https:\/\/g3d-wargame.com\/shop__trashed\/\"},{\"@type\":\"ListItem\",\"position\":3,\"name\":\"El\u00e9ment d\u00e9cor titan \u00ab\u00a0pied\u00a0\u00bb\"}]},{\"@type\":\"WebSite\",\"@id\":\"https:\/\/g3d-wargame.com\/#website\",\"url\":\"https:\/\/g3d-wargame.com\/\",\"name\":\"G3D\",\"description\":\" impression 3D\",\"publisher\":{\"@id\":\"https:\/\/g3d-wargame.com\/#organization\"},\"alternateName\":\"G3D Wargame\",\"potentialAction\":[{\"@type\":\"SearchAction\",\"target\":{\"@type\":\"EntryPoint\",\"urlTemplate\":\"https:\/\/g3d-wargame.com\/?s={search_term_string}\"},\"query-input\":{\"@type\":\"PropertyValueSpecification\",\"valueRequired\":true,\"valueName\":\"search_term_string\"}}],\"inLanguage\":\"en-GB\"},{\"@type\":\"Organization\",\"@id\":\"https:\/\/g3d-wargame.com\/#organization\",\"name\":\"G3D\",\"alternateName\":\"G3D WARGAME\",\"url\":\"https:\/\/g3d-wargame.com\/\",\"logo\":{\"@type\":\"ImageObject\",\"inLanguage\":\"en-GB\",\"@id\":\"https:\/\/g3d-wargame.com\/#\/schema\/logo\/image\/\",\"url\":\"https:\/\/g3d-wargame.com\/wp-content\/uploads\/2023\/12\/G3DLOGO-v1-700-x-700-px.png\",\"contentUrl\":\"https:\/\/g3d-wargame.com\/wp-content\/uploads\/2023\/12\/G3DLOGO-v1-700-x-700-px.png\",\"width\":788,\"height\":788,\"caption\":\"G3D\"},\"image\":{\"@id\":\"https:\/\/g3d-wargame.com\/#\/schema\/logo\/image\/\"}}]}<\/script>\n<!-- \/ Yoast SEO plugin. -->","yoast_head_json":{"title":"El\u00e9ment d\u00e9cor titan \"pied\" &#8211; G3D","robots":{"index":"index","follow":"follow","max-snippet":"max-snippet:-1","max-image-preview":"max-image-preview:large","max-video-preview":"max-video-preview:-1"},"canonical":"https:\/\/g3d-wargame.com\/en\/product\/element-decor-titan-pied\/","og_locale":"en_GB","og_type":"article","og_title":"El\u00e9ment d\u00e9cor titan \"pied\" &#8211; G3D","og_description":"Faites la guerre \u00e0 travers les ruines d\u2019un mecha colossal. Id\u00e9al pour les escarmouches, les embuscades et les affrontements post-apocalyptiques. Dominez les ruines avant vos ennemis\u00a0! -\u00e9l\u00e9ment de terrain repr\u00e9sentant le pied du titan -\u00e9chelle 28\/32mm -impression PLA gris -haut niveau de d\u00e9tail -fait sur commande, pr\u00e9voir 3 jours de pr\u00e9paration","og_url":"https:\/\/g3d-wargame.com\/en\/product\/element-decor-titan-pied\/","og_site_name":"G3D","article_modified_time":"2025-11-07T09:15:01+00:00","og_image":[{"width":1200,"height":1200,"url":"https:\/\/g3d-wargame.com\/wp-content\/uploads\/2025\/06\/25_06_TITAN_07.jpg","type":"image\/jpeg"}],"twitter_card":"summary_large_image","twitter_misc":{"Estimated reading time":"1 minute"},"schema":{"@context":"https:\/\/schema.org","@graph":[{"@type":"WebPage","@id":"https:\/\/g3d-wargame.com\/produit\/element-decor-titan-pied\/","url":"https:\/\/g3d-wargame.com\/produit\/element-decor-titan-pied\/","name":"El\u00e9ment d\u00e9cor titan \"pied\" &#8211; G3D","isPartOf":{"@id":"https:\/\/g3d-wargame.com\/#website"},"primaryImageOfPage":{"@id":"https:\/\/g3d-wargame.com\/produit\/element-decor-titan-pied\/#primaryimage"},"image":{"@id":"https:\/\/g3d-wargame.com\/produit\/element-decor-titan-pied\/#primaryimage"},"thumbnailUrl":"https:\/\/g3d-wargame.com\/wp-content\/uploads\/2025\/06\/25_06_TITAN_07.jpg","datePublished":"2025-06-11T12:51:45+00:00","dateModified":"2025-11-07T09:15:01+00:00","breadcrumb":{"@id":"https:\/\/g3d-wargame.com\/produit\/element-decor-titan-pied\/#breadcrumb"},"inLanguage":"en-GB","potentialAction":[{"@type":"ReadAction","target":["https:\/\/g3d-wargame.com\/produit\/element-decor-titan-pied\/"]}]},{"@type":"ImageObject","inLanguage":"en-GB","@id":"https:\/\/g3d-wargame.com\/produit\/element-decor-titan-pied\/#primaryimage","url":"https:\/\/g3d-wargame.com\/wp-content\/uploads\/2025\/06\/25_06_TITAN_07.jpg","contentUrl":"https:\/\/g3d-wargame.com\/wp-content\/uploads\/2025\/06\/25_06_TITAN_07.jpg","width":1200,"height":1200},{"@type":"BreadcrumbList","@id":"https:\/\/g3d-wargame.com\/produit\/element-decor-titan-pied\/#breadcrumb","itemListElement":[{"@type":"ListItem","position":1,"name":"Accueil","item":"https:\/\/g3d-wargame.com\/"},{"@type":"ListItem","position":2,"name":"Produits","item":"https:\/\/g3d-wargame.com\/shop__trashed\/"},{"@type":"ListItem","position":3,"name":"El\u00e9ment d\u00e9cor titan \u00ab\u00a0pied\u00a0\u00bb"}]},{"@type":"WebSite","@id":"https:\/\/g3d-wargame.com\/#website","url":"https:\/\/g3d-wargame.com\/","name":"G3D","description":"3D printing","publisher":{"@id":"https:\/\/g3d-wargame.com\/#organization"},"alternateName":"G3D Wargame","potentialAction":[{"@type":"SearchAction","target":{"@type":"EntryPoint","urlTemplate":"https:\/\/g3d-wargame.com\/?s={search_term_string}"},"query-input":{"@type":"PropertyValueSpecification","valueRequired":true,"valueName":"search_term_string"}}],"inLanguage":"en-GB"},{"@type":"Organization","@id":"https:\/\/g3d-wargame.com\/#organization","name":"G3D","alternateName":"G3D WARGAME","url":"https:\/\/g3d-wargame.com\/","logo":{"@type":"ImageObject","inLanguage":"en-GB","@id":"https:\/\/g3d-wargame.com\/#\/schema\/logo\/image\/","url":"https:\/\/g3d-wargame.com\/wp-content\/uploads\/2023\/12\/G3DLOGO-v1-700-x-700-px.png","contentUrl":"https:\/\/g3d-wargame.com\/wp-content\/uploads\/2023\/12\/G3DLOGO-v1-700-x-700-px.png","width":788,"height":788,"caption":"G3D"},"image":{"@id":"https:\/\/g3d-wargame.com\/#\/schema\/logo\/image\/"}}]}},"_links":{"self":[{"href":"https:\/\/g3d-wargame.com\/en\/wp-json\/wp\/v2\/product\/6561","targetHints":{"allow":["GET"]}}],"collection":[{"href":"https:\/\/g3d-wargame.com\/en\/wp-json\/wp\/v2\/product"}],"about":[{"href":"https:\/\/g3d-wargame.com\/en\/wp-json\/wp\/v2\/types\/product"}],"wp:featuredmedia":[{"embeddable":true,"href":"https:\/\/g3d-wargame.com\/en\/wp-json\/wp\/v2\/media\/6552"}],"wp:attachment":[{"href":"https:\/\/g3d-wargame.com\/en\/wp-json\/wp\/v2\/media?parent=6561"}],"wp:term":[{"taxonomy":"product_brand","embeddable":true,"href":"https:\/\/g3d-wargame.com\/en\/wp-json\/wp\/v2\/product_brand?post=6561"},{"taxonomy":"product_cat","embeddable":true,"href":"https:\/\/g3d-wargame.com\/en\/wp-json\/wp\/v2\/product_cat?post=6561"},{"taxonomy":"product_tag","embeddable":true,"href":"https:\/\/g3d-wargame.com\/en\/wp-json\/wp\/v2\/product_tag?post=6561"}],"curies":[{"name":"wp","href":"https:\/\/api.w.org\/{rel}","templated":true}]}}