{"id":6537,"date":"2025-05-28T14:29:40","date_gmt":"2025-05-28T12:29:40","guid":{"rendered":"https:\/\/g3d-wargame.com\/?post_type=product&#038;p=6537"},"modified":"2025-06-29T13:05:14","modified_gmt":"2025-06-29T11:05:14","slug":"warhammer-40000-set-peintures-outils","status":"publish","type":"product","link":"https:\/\/g3d-wargame.com\/en\/product\/warhammer-40000-set-peintures-outils\/","title":{"rendered":"Warhammer 40,000: Set Peintures + Outils"},"content":{"rendered":"<p>Assembling and painting Citadel miniatures is a fun and rewarding way to get started in the Warhammer hobby, and it only gets more satisfying over time. You&#039;ll need a few tools and a set of paints to get started, and this box contains the basis of your Warhammer hobby toolkit.<\/p>\n<p>Get started with comfortable pliers to remove your figures from the sprue, a molding line trimmer to prepare them for painting, and a beginner&#039;s paintbrush the perfect size for painting the basics.<\/p>\n<p>You&#039;ll find 13 different Citadel Color paints in 12ml pots, offering the essential colors you need to paint your first miniatures. They are particularly suited to the Ultramarines Space Marine Chapter and the Tyranid Hive Fleet Leviathan. This set contains Contrast and Shade paints to add depth to your color schemes, and Technical paints to create textured bases.<\/p>\n<p>\u2013 Abaddon Black (Base)<br \/>\n\u2013 Corax White (Base)<br \/>\n\u2013 Wraithbone (Base)<br \/>\n\u2013 Naggaroth Night (Basic)<br \/>\n\u2013 Macragge Blue (Base)<br \/>\n\u2013 Leadbelcher (Base)<br \/>\n\u2013 Balthasar Gold (Basic)<br \/>\n\u2013 Bugman&#039;s Glow (Base)<br \/>\n\u2013 Mephiston Red (Base)<br \/>\n\u2013 Thunderhawk Blue (Layer)<br \/>\n\u2013 Magos Purple (Contrast)<br \/>\n\u2013 Agrax Earthshade (Shade)<br \/>\n\u2013 Armageddon Dust (Technical)<\/p>\n<p>This box contains the following tools:<\/p>\n<p>\u2013 Citadel Starter Brush<br \/>\n\u2013 Citadel Stripping Pliers<br \/>\n\u2013 Citadel trimmer<\/p>\n<div class=\"w-full relative rounded-md border bg-White-Primary-80 text-black border-White-Primary-80 border-solid py-4 md:py-8 after:content-[''] after:absolute after:w-1 after:h-1 after:bg-gamesWorkshop after:rounded-full after:left-6 after:top-[calc(12px+2px+0.5ch)] md:after:top-[calc(50%-0.125rem)] md:odd:justify-self-end md:even:justify-self-start flex items-center\" data-testid=\"product-detail-feature-container-0\">\n<p class=\"w-full pl-16 pr-6 m-0 break-words bg-transparent text-marine-md\" data-testid=\"product-detail-feature-0\">Assemblez, pr\u00e9parez et peignez vos figurines<\/p>\n<\/div>\n<div class=\"w-full relative rounded-md border bg-White-Primary-80 text-black border-White-Primary-80 border-solid py-4 md:py-8 after:content-[''] after:absolute after:w-1 after:h-1 after:bg-gamesWorkshop after:rounded-full after:left-6 after:top-[calc(12px+2px+0.5ch)] md:after:top-[calc(50%-0.125rem)] md:odd:justify-self-end md:even:justify-self-start flex items-center\" data-testid=\"product-detail-feature-container-1\">\n<p class=\"w-full pl-16 pr-6 m-0 break-words bg-transparent text-marine-md\" data-testid=\"product-detail-feature-1\">Une s\u00e9lection de couleurs pour vos premi\u00e8res figurines<\/p>\n<p data-testid=\"product-detail-feature-1\">Cette bo\u00eete constitue la base de votre outillage \u00e0 hobby<\/p>\n<\/div>","protected":false},"excerpt":{"rendered":"<p>Assembler et peindre des figurines Citadel est une mani\u00e8re amusante et gratifiante de se lancer dans le hobby Warhammer, et il n&rsquo;en devient que plus satisfaisant au fil du temps. Vous aurez besoin de quelques outils et d&rsquo;un set de peintures pour commencer, et cette bo\u00eete contient la base de votre outillage \u00e0 hobby Warhammer. Lancez-vous \u00e0 l&rsquo;aide d&rsquo;une pince&hellip;<\/p>","protected":false},"featured_media":6542,"template":"","meta":[],"product_brand":[],"product_cat":[88],"product_tag":[],"class_list":{"0":"post-6537","1":"product","2":"type-product","3":"status-publish","4":"has-post-thumbnail","6":"product_cat-pour-commencer","8":"first","9":"onbackorder","10":"sale","11":"taxable","12":"shipping-taxable","13":"purchasable","14":"product-type-simple"},"yoast_head":"<!-- This site is optimized with the Yoast SEO plugin v25.8 - https:\/\/yoast.com\/wordpress\/plugins\/seo\/ -->\n<title>Warhammer 40,000: Set Peintures + Outils &#8211; G3D<\/title>\n<meta name=\"robots\" content=\"index, follow, max-snippet:-1, max-image-preview:large, max-video-preview:-1\" \/>\n<link rel=\"canonical\" href=\"https:\/\/g3d-wargame.com\/en\/product\/warhammer-40000-set-peintures-outils\/\" \/>\n<meta property=\"og:locale\" content=\"en_GB\" \/>\n<meta property=\"og:type\" content=\"article\" \/>\n<meta property=\"og:title\" content=\"Warhammer 40,000: Set Peintures + Outils &#8211; G3D\" \/>\n<meta property=\"og:description\" content=\"Assembler et peindre des figurines Citadel est une mani\u00e8re amusante et gratifiante de se lancer dans le hobby Warhammer, et il n&rsquo;en devient que plus satisfaisant au fil du temps. Vous aurez besoin de quelques outils et d&rsquo;un set de peintures pour commencer, et cette bo\u00eete contient la base de votre outillage \u00e0 hobby Warhammer. Lancez-vous \u00e0 l&rsquo;aide d&rsquo;une pince&hellip;\" \/>\n<meta property=\"og:url\" content=\"https:\/\/g3d-wargame.com\/en\/product\/warhammer-40000-set-peintures-outils\/\" \/>\n<meta property=\"og:site_name\" content=\"G3D\" \/>\n<meta property=\"article:modified_time\" content=\"2025-06-29T11:05:14+00:00\" \/>\n<meta property=\"og:image\" content=\"https:\/\/g3d-wargame.com\/wp-content\/uploads\/2025\/05\/efefefezfce.jpg\" \/>\n\t<meta property=\"og:image:width\" content=\"918\" \/>\n\t<meta property=\"og:image:height\" content=\"948\" \/>\n\t<meta property=\"og:image:type\" content=\"image\/jpeg\" \/>\n<meta name=\"twitter:card\" content=\"summary_large_image\" \/>\n<meta name=\"twitter:label1\" content=\"Estimated reading time\" \/>\n\t<meta name=\"twitter:data1\" content=\"2 minutes\" \/>\n<script type=\"application\/ld+json\" class=\"yoast-schema-graph\">{\"@context\":\"https:\/\/schema.org\",\"@graph\":[{\"@type\":\"WebPage\",\"@id\":\"https:\/\/g3d-wargame.com\/produit\/warhammer-40000-set-peintures-outils\/\",\"url\":\"https:\/\/g3d-wargame.com\/produit\/warhammer-40000-set-peintures-outils\/\",\"name\":\"Warhammer 40,000: Set Peintures + Outils &#8211; G3D\",\"isPartOf\":{\"@id\":\"https:\/\/g3d-wargame.com\/#website\"},\"primaryImageOfPage\":{\"@id\":\"https:\/\/g3d-wargame.com\/produit\/warhammer-40000-set-peintures-outils\/#primaryimage\"},\"image\":{\"@id\":\"https:\/\/g3d-wargame.com\/produit\/warhammer-40000-set-peintures-outils\/#primaryimage\"},\"thumbnailUrl\":\"https:\/\/g3d-wargame.com\/wp-content\/uploads\/2025\/05\/efefefezfce.jpg\",\"datePublished\":\"2025-05-28T12:29:40+00:00\",\"dateModified\":\"2025-06-29T11:05:14+00:00\",\"breadcrumb\":{\"@id\":\"https:\/\/g3d-wargame.com\/produit\/warhammer-40000-set-peintures-outils\/#breadcrumb\"},\"inLanguage\":\"en-GB\",\"potentialAction\":[{\"@type\":\"ReadAction\",\"target\":[\"https:\/\/g3d-wargame.com\/produit\/warhammer-40000-set-peintures-outils\/\"]}]},{\"@type\":\"ImageObject\",\"inLanguage\":\"en-GB\",\"@id\":\"https:\/\/g3d-wargame.com\/produit\/warhammer-40000-set-peintures-outils\/#primaryimage\",\"url\":\"https:\/\/g3d-wargame.com\/wp-content\/uploads\/2025\/05\/efefefezfce.jpg\",\"contentUrl\":\"https:\/\/g3d-wargame.com\/wp-content\/uploads\/2025\/05\/efefefezfce.jpg\",\"width\":918,\"height\":948},{\"@type\":\"BreadcrumbList\",\"@id\":\"https:\/\/g3d-wargame.com\/produit\/warhammer-40000-set-peintures-outils\/#breadcrumb\",\"itemListElement\":[{\"@type\":\"ListItem\",\"position\":1,\"name\":\"Accueil\",\"item\":\"https:\/\/g3d-wargame.com\/\"},{\"@type\":\"ListItem\",\"position\":2,\"name\":\"Produits\",\"item\":\"https:\/\/g3d-wargame.com\/shop__trashed\/\"},{\"@type\":\"ListItem\",\"position\":3,\"name\":\"Warhammer 40,000: Set Peintures + Outils\"}]},{\"@type\":\"WebSite\",\"@id\":\"https:\/\/g3d-wargame.com\/#website\",\"url\":\"https:\/\/g3d-wargame.com\/\",\"name\":\"G3D\",\"description\":\" impression 3D\",\"publisher\":{\"@id\":\"https:\/\/g3d-wargame.com\/#organization\"},\"alternateName\":\"G3D Wargame\",\"potentialAction\":[{\"@type\":\"SearchAction\",\"target\":{\"@type\":\"EntryPoint\",\"urlTemplate\":\"https:\/\/g3d-wargame.com\/?s={search_term_string}\"},\"query-input\":{\"@type\":\"PropertyValueSpecification\",\"valueRequired\":true,\"valueName\":\"search_term_string\"}}],\"inLanguage\":\"en-GB\"},{\"@type\":\"Organization\",\"@id\":\"https:\/\/g3d-wargame.com\/#organization\",\"name\":\"G3D\",\"alternateName\":\"G3D WARGAME\",\"url\":\"https:\/\/g3d-wargame.com\/\",\"logo\":{\"@type\":\"ImageObject\",\"inLanguage\":\"en-GB\",\"@id\":\"https:\/\/g3d-wargame.com\/#\/schema\/logo\/image\/\",\"url\":\"https:\/\/g3d-wargame.com\/wp-content\/uploads\/2023\/12\/G3DLOGO-v1-700-x-700-px.png\",\"contentUrl\":\"https:\/\/g3d-wargame.com\/wp-content\/uploads\/2023\/12\/G3DLOGO-v1-700-x-700-px.png\",\"width\":788,\"height\":788,\"caption\":\"G3D\"},\"image\":{\"@id\":\"https:\/\/g3d-wargame.com\/#\/schema\/logo\/image\/\"}}]}<\/script>\n<!-- \/ Yoast SEO plugin. -->","yoast_head_json":{"title":"Warhammer 40,000: Set Peintures + Outils &#8211; G3D","robots":{"index":"index","follow":"follow","max-snippet":"max-snippet:-1","max-image-preview":"max-image-preview:large","max-video-preview":"max-video-preview:-1"},"canonical":"https:\/\/g3d-wargame.com\/en\/product\/warhammer-40000-set-peintures-outils\/","og_locale":"en_GB","og_type":"article","og_title":"Warhammer 40,000: Set Peintures + Outils &#8211; G3D","og_description":"Assembler et peindre des figurines Citadel est une mani\u00e8re amusante et gratifiante de se lancer dans le hobby Warhammer, et il n&rsquo;en devient que plus satisfaisant au fil du temps. Vous aurez besoin de quelques outils et d&rsquo;un set de peintures pour commencer, et cette bo\u00eete contient la base de votre outillage \u00e0 hobby Warhammer. Lancez-vous \u00e0 l&rsquo;aide d&rsquo;une pince&hellip;","og_url":"https:\/\/g3d-wargame.com\/en\/product\/warhammer-40000-set-peintures-outils\/","og_site_name":"G3D","article_modified_time":"2025-06-29T11:05:14+00:00","og_image":[{"width":918,"height":948,"url":"https:\/\/g3d-wargame.com\/wp-content\/uploads\/2025\/05\/efefefezfce.jpg","type":"image\/jpeg"}],"twitter_card":"summary_large_image","twitter_misc":{"Estimated reading time":"2 minutes"},"schema":{"@context":"https:\/\/schema.org","@graph":[{"@type":"WebPage","@id":"https:\/\/g3d-wargame.com\/produit\/warhammer-40000-set-peintures-outils\/","url":"https:\/\/g3d-wargame.com\/produit\/warhammer-40000-set-peintures-outils\/","name":"Warhammer 40,000: Set Peintures + Outils &#8211; G3D","isPartOf":{"@id":"https:\/\/g3d-wargame.com\/#website"},"primaryImageOfPage":{"@id":"https:\/\/g3d-wargame.com\/produit\/warhammer-40000-set-peintures-outils\/#primaryimage"},"image":{"@id":"https:\/\/g3d-wargame.com\/produit\/warhammer-40000-set-peintures-outils\/#primaryimage"},"thumbnailUrl":"https:\/\/g3d-wargame.com\/wp-content\/uploads\/2025\/05\/efefefezfce.jpg","datePublished":"2025-05-28T12:29:40+00:00","dateModified":"2025-06-29T11:05:14+00:00","breadcrumb":{"@id":"https:\/\/g3d-wargame.com\/produit\/warhammer-40000-set-peintures-outils\/#breadcrumb"},"inLanguage":"en-GB","potentialAction":[{"@type":"ReadAction","target":["https:\/\/g3d-wargame.com\/produit\/warhammer-40000-set-peintures-outils\/"]}]},{"@type":"ImageObject","inLanguage":"en-GB","@id":"https:\/\/g3d-wargame.com\/produit\/warhammer-40000-set-peintures-outils\/#primaryimage","url":"https:\/\/g3d-wargame.com\/wp-content\/uploads\/2025\/05\/efefefezfce.jpg","contentUrl":"https:\/\/g3d-wargame.com\/wp-content\/uploads\/2025\/05\/efefefezfce.jpg","width":918,"height":948},{"@type":"BreadcrumbList","@id":"https:\/\/g3d-wargame.com\/produit\/warhammer-40000-set-peintures-outils\/#breadcrumb","itemListElement":[{"@type":"ListItem","position":1,"name":"Accueil","item":"https:\/\/g3d-wargame.com\/"},{"@type":"ListItem","position":2,"name":"Produits","item":"https:\/\/g3d-wargame.com\/shop__trashed\/"},{"@type":"ListItem","position":3,"name":"Warhammer 40,000: Set Peintures + Outils"}]},{"@type":"WebSite","@id":"https:\/\/g3d-wargame.com\/#website","url":"https:\/\/g3d-wargame.com\/","name":"G3D","description":"3D printing","publisher":{"@id":"https:\/\/g3d-wargame.com\/#organization"},"alternateName":"G3D Wargame","potentialAction":[{"@type":"SearchAction","target":{"@type":"EntryPoint","urlTemplate":"https:\/\/g3d-wargame.com\/?s={search_term_string}"},"query-input":{"@type":"PropertyValueSpecification","valueRequired":true,"valueName":"search_term_string"}}],"inLanguage":"en-GB"},{"@type":"Organization","@id":"https:\/\/g3d-wargame.com\/#organization","name":"G3D","alternateName":"G3D WARGAME","url":"https:\/\/g3d-wargame.com\/","logo":{"@type":"ImageObject","inLanguage":"en-GB","@id":"https:\/\/g3d-wargame.com\/#\/schema\/logo\/image\/","url":"https:\/\/g3d-wargame.com\/wp-content\/uploads\/2023\/12\/G3DLOGO-v1-700-x-700-px.png","contentUrl":"https:\/\/g3d-wargame.com\/wp-content\/uploads\/2023\/12\/G3DLOGO-v1-700-x-700-px.png","width":788,"height":788,"caption":"G3D"},"image":{"@id":"https:\/\/g3d-wargame.com\/#\/schema\/logo\/image\/"}}]}},"_links":{"self":[{"href":"https:\/\/g3d-wargame.com\/en\/wp-json\/wp\/v2\/product\/6537","targetHints":{"allow":["GET"]}}],"collection":[{"href":"https:\/\/g3d-wargame.com\/en\/wp-json\/wp\/v2\/product"}],"about":[{"href":"https:\/\/g3d-wargame.com\/en\/wp-json\/wp\/v2\/types\/product"}],"wp:featuredmedia":[{"embeddable":true,"href":"https:\/\/g3d-wargame.com\/en\/wp-json\/wp\/v2\/media\/6542"}],"wp:attachment":[{"href":"https:\/\/g3d-wargame.com\/en\/wp-json\/wp\/v2\/media?parent=6537"}],"wp:term":[{"taxonomy":"product_brand","embeddable":true,"href":"https:\/\/g3d-wargame.com\/en\/wp-json\/wp\/v2\/product_brand?post=6537"},{"taxonomy":"product_cat","embeddable":true,"href":"https:\/\/g3d-wargame.com\/en\/wp-json\/wp\/v2\/product_cat?post=6537"},{"taxonomy":"product_tag","embeddable":true,"href":"https:\/\/g3d-wargame.com\/en\/wp-json\/wp\/v2\/product_tag?post=6537"}],"curies":[{"name":"wp","href":"https:\/\/api.w.org\/{rel}","templated":true}]}}