{"id":6529,"date":"2025-05-24T09:42:07","date_gmt":"2025-05-24T07:42:07","guid":{"rendered":"https:\/\/g3d-wargame.com\/?post_type=product&#038;p=6529"},"modified":"2026-02-03T11:00:27","modified_gmt":"2026-02-03T10:00:27","slug":"chaos-black-bombe","status":"publish","type":"product","link":"https:\/\/g3d-wargame.com\/en\/product\/chaos-black-bombe\/","title":{"rendered":"chaos black (bombe)"},"content":{"rendered":"<p><span>Cet\u00a0<a class=\"autolinker_link category-item\" title=\"Appr\u00eat en a\u00e9rosol\" href=\"https:\/\/www.kutami.de\/Spray-Primer\">appr\u00eat\u00a0<\/a><\/span><a class=\"autolinker_link category-item\" title=\"Noir\" href=\"https:\/\/www.kutami.de\/Black-Spray-Primer\"><span>black<\/span><\/a>\u00a0<span>en spray pour\u00a0<a class=\"autolinker_link category-item\" title=\"Miniatures\" href=\"https:\/\/www.kutami.de\/Miniatures-for-painting\">figurines<\/a>\u00a0de table s&rsquo;applique parfaitement et en une fine couche. Appliquez un\u00a0<a class=\"autolinker_link category-item\" title=\"Noir\" href=\"https:\/\/www.kutami.de\/Black-Spray-Primer\">appr\u00eat noir<\/a>\u00a0intense sur vos\u00a0<a class=\"autolinker_link category-item\" title=\"Chiffres\" href=\"https:\/\/www.kutami.de\/Tabletop-Figures\">figurines<\/a>\u00a0et cr\u00e9ez une base parfaite pour la peinture ult\u00e9rieure. En appr\u00eatant vos figurines avec une bombe de peinture, vous \u00e9vitez les d\u00e9teintes et obtenez une base solide pour les couleurs de base et de calque.<\/span><\/p>","protected":false},"excerpt":{"rendered":"<p>Cet\u00a0appr\u00eat\u00a0noir\u00a0en spray pour\u00a0figurines\u00a0de table s&rsquo;applique parfaitement et en une fine couche. Appliquez un\u00a0appr\u00eat noir\u00a0intense sur vos\u00a0figurines\u00a0et cr\u00e9ez une base parfaite pour la peinture ult\u00e9rieure. En appr\u00eatant vos figurines avec une bombe de peinture, vous \u00e9vitez les d\u00e9teintes et obtenez une base solide pour les couleurs de base et de calque.<\/p>","protected":false},"featured_media":6530,"template":"","meta":[],"product_brand":[],"product_cat":[80],"product_tag":[],"class_list":{"0":"post-6529","1":"product","2":"type-product","3":"status-publish","4":"has-post-thumbnail","6":"product_cat-spray","8":"first","9":"instock","10":"sale","11":"taxable","12":"shipping-taxable","13":"purchasable","14":"product-type-simple"},"yoast_head":"<!-- This site is optimized with the Yoast SEO plugin v25.8 - https:\/\/yoast.com\/wordpress\/plugins\/seo\/ -->\n<title>chaos black (bombe) &#8211; G3D<\/title>\n<meta name=\"robots\" content=\"index, follow, max-snippet:-1, max-image-preview:large, max-video-preview:-1\" \/>\n<link rel=\"canonical\" href=\"https:\/\/g3d-wargame.com\/en\/product\/chaos-black-bombe\/\" \/>\n<meta property=\"og:locale\" content=\"en_GB\" \/>\n<meta property=\"og:type\" content=\"article\" \/>\n<meta property=\"og:title\" content=\"chaos black (bombe) &#8211; G3D\" \/>\n<meta property=\"og:description\" content=\"Cet\u00a0appr\u00eat\u00a0noir\u00a0en spray pour\u00a0figurines\u00a0de table s&rsquo;applique parfaitement et en une fine couche. Appliquez un\u00a0appr\u00eat noir\u00a0intense sur vos\u00a0figurines\u00a0et cr\u00e9ez une base parfaite pour la peinture ult\u00e9rieure. En appr\u00eatant vos figurines avec une bombe de peinture, vous \u00e9vitez les d\u00e9teintes et obtenez une base solide pour les couleurs de base et de calque.\" \/>\n<meta property=\"og:url\" content=\"https:\/\/g3d-wargame.com\/en\/product\/chaos-black-bombe\/\" \/>\n<meta property=\"og:site_name\" content=\"G3D\" \/>\n<meta property=\"article:modified_time\" content=\"2026-02-03T10:00:27+00:00\" \/>\n<meta property=\"og:image\" content=\"https:\/\/g3d-wargame.com\/wp-content\/uploads\/2025\/05\/chaos-black-grundierung.webp\" \/>\n\t<meta property=\"og:image:width\" content=\"1024\" \/>\n\t<meta property=\"og:image:height\" content=\"1024\" \/>\n\t<meta property=\"og:image:type\" content=\"image\/webp\" \/>\n<meta name=\"twitter:card\" content=\"summary_large_image\" \/>\n<meta name=\"twitter:label1\" content=\"Estimated reading time\" \/>\n\t<meta name=\"twitter:data1\" content=\"1 minute\" \/>\n<script type=\"application\/ld+json\" class=\"yoast-schema-graph\">{\"@context\":\"https:\/\/schema.org\",\"@graph\":[{\"@type\":\"WebPage\",\"@id\":\"https:\/\/g3d-wargame.com\/produit\/chaos-black-bombe\/\",\"url\":\"https:\/\/g3d-wargame.com\/produit\/chaos-black-bombe\/\",\"name\":\"chaos black (bombe) &#8211; G3D\",\"isPartOf\":{\"@id\":\"https:\/\/g3d-wargame.com\/#website\"},\"primaryImageOfPage\":{\"@id\":\"https:\/\/g3d-wargame.com\/produit\/chaos-black-bombe\/#primaryimage\"},\"image\":{\"@id\":\"https:\/\/g3d-wargame.com\/produit\/chaos-black-bombe\/#primaryimage\"},\"thumbnailUrl\":\"https:\/\/g3d-wargame.com\/wp-content\/uploads\/2025\/05\/chaos-black-grundierung.webp\",\"datePublished\":\"2025-05-24T07:42:07+00:00\",\"dateModified\":\"2026-02-03T10:00:27+00:00\",\"breadcrumb\":{\"@id\":\"https:\/\/g3d-wargame.com\/produit\/chaos-black-bombe\/#breadcrumb\"},\"inLanguage\":\"en-GB\",\"potentialAction\":[{\"@type\":\"ReadAction\",\"target\":[\"https:\/\/g3d-wargame.com\/produit\/chaos-black-bombe\/\"]}]},{\"@type\":\"ImageObject\",\"inLanguage\":\"en-GB\",\"@id\":\"https:\/\/g3d-wargame.com\/produit\/chaos-black-bombe\/#primaryimage\",\"url\":\"https:\/\/g3d-wargame.com\/wp-content\/uploads\/2025\/05\/chaos-black-grundierung.webp\",\"contentUrl\":\"https:\/\/g3d-wargame.com\/wp-content\/uploads\/2025\/05\/chaos-black-grundierung.webp\",\"width\":1024,\"height\":1024},{\"@type\":\"BreadcrumbList\",\"@id\":\"https:\/\/g3d-wargame.com\/produit\/chaos-black-bombe\/#breadcrumb\",\"itemListElement\":[{\"@type\":\"ListItem\",\"position\":1,\"name\":\"Accueil\",\"item\":\"https:\/\/g3d-wargame.com\/\"},{\"@type\":\"ListItem\",\"position\":2,\"name\":\"Produits\",\"item\":\"https:\/\/g3d-wargame.com\/shop__trashed\/\"},{\"@type\":\"ListItem\",\"position\":3,\"name\":\"chaos black (bombe)\"}]},{\"@type\":\"WebSite\",\"@id\":\"https:\/\/g3d-wargame.com\/#website\",\"url\":\"https:\/\/g3d-wargame.com\/\",\"name\":\"G3D\",\"description\":\" impression 3D\",\"publisher\":{\"@id\":\"https:\/\/g3d-wargame.com\/#organization\"},\"alternateName\":\"G3D Wargame\",\"potentialAction\":[{\"@type\":\"SearchAction\",\"target\":{\"@type\":\"EntryPoint\",\"urlTemplate\":\"https:\/\/g3d-wargame.com\/?s={search_term_string}\"},\"query-input\":{\"@type\":\"PropertyValueSpecification\",\"valueRequired\":true,\"valueName\":\"search_term_string\"}}],\"inLanguage\":\"en-GB\"},{\"@type\":\"Organization\",\"@id\":\"https:\/\/g3d-wargame.com\/#organization\",\"name\":\"G3D\",\"alternateName\":\"G3D WARGAME\",\"url\":\"https:\/\/g3d-wargame.com\/\",\"logo\":{\"@type\":\"ImageObject\",\"inLanguage\":\"en-GB\",\"@id\":\"https:\/\/g3d-wargame.com\/#\/schema\/logo\/image\/\",\"url\":\"https:\/\/g3d-wargame.com\/wp-content\/uploads\/2023\/12\/G3DLOGO-v1-700-x-700-px.png\",\"contentUrl\":\"https:\/\/g3d-wargame.com\/wp-content\/uploads\/2023\/12\/G3DLOGO-v1-700-x-700-px.png\",\"width\":788,\"height\":788,\"caption\":\"G3D\"},\"image\":{\"@id\":\"https:\/\/g3d-wargame.com\/#\/schema\/logo\/image\/\"}}]}<\/script>\n<!-- \/ Yoast SEO plugin. -->","yoast_head_json":{"title":"chaos black (bombe) &#8211; G3D","robots":{"index":"index","follow":"follow","max-snippet":"max-snippet:-1","max-image-preview":"max-image-preview:large","max-video-preview":"max-video-preview:-1"},"canonical":"https:\/\/g3d-wargame.com\/en\/product\/chaos-black-bombe\/","og_locale":"en_GB","og_type":"article","og_title":"chaos black (bombe) &#8211; G3D","og_description":"Cet\u00a0appr\u00eat\u00a0noir\u00a0en spray pour\u00a0figurines\u00a0de table s&rsquo;applique parfaitement et en une fine couche. Appliquez un\u00a0appr\u00eat noir\u00a0intense sur vos\u00a0figurines\u00a0et cr\u00e9ez une base parfaite pour la peinture ult\u00e9rieure. En appr\u00eatant vos figurines avec une bombe de peinture, vous \u00e9vitez les d\u00e9teintes et obtenez une base solide pour les couleurs de base et de calque.","og_url":"https:\/\/g3d-wargame.com\/en\/product\/chaos-black-bombe\/","og_site_name":"G3D","article_modified_time":"2026-02-03T10:00:27+00:00","og_image":[{"width":1024,"height":1024,"url":"https:\/\/g3d-wargame.com\/wp-content\/uploads\/2025\/05\/chaos-black-grundierung.webp","type":"image\/webp"}],"twitter_card":"summary_large_image","twitter_misc":{"Estimated reading time":"1 minute"},"schema":{"@context":"https:\/\/schema.org","@graph":[{"@type":"WebPage","@id":"https:\/\/g3d-wargame.com\/produit\/chaos-black-bombe\/","url":"https:\/\/g3d-wargame.com\/produit\/chaos-black-bombe\/","name":"chaos black (bombe) &#8211; G3D","isPartOf":{"@id":"https:\/\/g3d-wargame.com\/#website"},"primaryImageOfPage":{"@id":"https:\/\/g3d-wargame.com\/produit\/chaos-black-bombe\/#primaryimage"},"image":{"@id":"https:\/\/g3d-wargame.com\/produit\/chaos-black-bombe\/#primaryimage"},"thumbnailUrl":"https:\/\/g3d-wargame.com\/wp-content\/uploads\/2025\/05\/chaos-black-grundierung.webp","datePublished":"2025-05-24T07:42:07+00:00","dateModified":"2026-02-03T10:00:27+00:00","breadcrumb":{"@id":"https:\/\/g3d-wargame.com\/produit\/chaos-black-bombe\/#breadcrumb"},"inLanguage":"en-GB","potentialAction":[{"@type":"ReadAction","target":["https:\/\/g3d-wargame.com\/produit\/chaos-black-bombe\/"]}]},{"@type":"ImageObject","inLanguage":"en-GB","@id":"https:\/\/g3d-wargame.com\/produit\/chaos-black-bombe\/#primaryimage","url":"https:\/\/g3d-wargame.com\/wp-content\/uploads\/2025\/05\/chaos-black-grundierung.webp","contentUrl":"https:\/\/g3d-wargame.com\/wp-content\/uploads\/2025\/05\/chaos-black-grundierung.webp","width":1024,"height":1024},{"@type":"BreadcrumbList","@id":"https:\/\/g3d-wargame.com\/produit\/chaos-black-bombe\/#breadcrumb","itemListElement":[{"@type":"ListItem","position":1,"name":"Accueil","item":"https:\/\/g3d-wargame.com\/"},{"@type":"ListItem","position":2,"name":"Produits","item":"https:\/\/g3d-wargame.com\/shop__trashed\/"},{"@type":"ListItem","position":3,"name":"chaos black (bombe)"}]},{"@type":"WebSite","@id":"https:\/\/g3d-wargame.com\/#website","url":"https:\/\/g3d-wargame.com\/","name":"G3D","description":"3D printing","publisher":{"@id":"https:\/\/g3d-wargame.com\/#organization"},"alternateName":"G3D Wargame","potentialAction":[{"@type":"SearchAction","target":{"@type":"EntryPoint","urlTemplate":"https:\/\/g3d-wargame.com\/?s={search_term_string}"},"query-input":{"@type":"PropertyValueSpecification","valueRequired":true,"valueName":"search_term_string"}}],"inLanguage":"en-GB"},{"@type":"Organization","@id":"https:\/\/g3d-wargame.com\/#organization","name":"G3D","alternateName":"G3D WARGAME","url":"https:\/\/g3d-wargame.com\/","logo":{"@type":"ImageObject","inLanguage":"en-GB","@id":"https:\/\/g3d-wargame.com\/#\/schema\/logo\/image\/","url":"https:\/\/g3d-wargame.com\/wp-content\/uploads\/2023\/12\/G3DLOGO-v1-700-x-700-px.png","contentUrl":"https:\/\/g3d-wargame.com\/wp-content\/uploads\/2023\/12\/G3DLOGO-v1-700-x-700-px.png","width":788,"height":788,"caption":"G3D"},"image":{"@id":"https:\/\/g3d-wargame.com\/#\/schema\/logo\/image\/"}}]}},"_links":{"self":[{"href":"https:\/\/g3d-wargame.com\/en\/wp-json\/wp\/v2\/product\/6529","targetHints":{"allow":["GET"]}}],"collection":[{"href":"https:\/\/g3d-wargame.com\/en\/wp-json\/wp\/v2\/product"}],"about":[{"href":"https:\/\/g3d-wargame.com\/en\/wp-json\/wp\/v2\/types\/product"}],"wp:featuredmedia":[{"embeddable":true,"href":"https:\/\/g3d-wargame.com\/en\/wp-json\/wp\/v2\/media\/6530"}],"wp:attachment":[{"href":"https:\/\/g3d-wargame.com\/en\/wp-json\/wp\/v2\/media?parent=6529"}],"wp:term":[{"taxonomy":"product_brand","embeddable":true,"href":"https:\/\/g3d-wargame.com\/en\/wp-json\/wp\/v2\/product_brand?post=6529"},{"taxonomy":"product_cat","embeddable":true,"href":"https:\/\/g3d-wargame.com\/en\/wp-json\/wp\/v2\/product_cat?post=6529"},{"taxonomy":"product_tag","embeddable":true,"href":"https:\/\/g3d-wargame.com\/en\/wp-json\/wp\/v2\/product_tag?post=6529"}],"curies":[{"name":"wp","href":"https:\/\/api.w.org\/{rel}","templated":true}]}}