{"id":6438,"date":"2025-05-23T09:57:17","date_gmt":"2025-05-23T07:57:17","guid":{"rendered":"https:\/\/g3d-wargame.com\/?post_type=product&#038;p=6438"},"modified":"2025-06-29T10:45:37","modified_gmt":"2025-06-29T08:45:37","slug":"3gen-perfect-cleaner","status":"publish","type":"product","link":"https:\/\/g3d-wargame.com\/en\/product\/3gen-perfect-cleaner\/","title":{"rendered":"3GEN PERFECT CLEANER"},"content":{"rendered":"<p>Volume\u00a0: 250\u00a0ml<br \/>\nSolution nettoyante con\u00e7ue pour \u00e9liminer les traces d&rsquo;acrylique sur les pinceaux et les a\u00e9rographes, ainsi que pour nettoyer tout outil.<br \/>\nElle peut \u00e9galement servir de lubrifiant lorsque vous souhaitez laisser votre a\u00e9rographe reposer quelques heures et garder l&rsquo;aiguille propre.<br \/>\nCapuchon sp\u00e9cial pour une utilisation confortable et contr\u00f4l\u00e9e.<\/p>","protected":false},"excerpt":{"rendered":"<p>Volume\u00a0: 250\u00a0ml Solution nettoyante con\u00e7ue pour \u00e9liminer les traces d&rsquo;acrylique sur les pinceaux et les a\u00e9rographes, ainsi que pour nettoyer tout outil. Elle peut \u00e9galement servir de lubrifiant lorsque vous souhaitez laisser votre a\u00e9rographe reposer quelques heures et garder l&rsquo;aiguille propre. Capuchon sp\u00e9cial pour une utilisation confortable et contr\u00f4l\u00e9e.<\/p>","protected":false},"featured_media":6439,"template":"","meta":[],"product_brand":[],"product_cat":[86],"product_tag":[],"class_list":{"0":"post-6438","1":"product","2":"type-product","3":"status-publish","4":"has-post-thumbnail","6":"product_cat-aerographe","8":"first","9":"instock","10":"taxable","11":"shipping-taxable","12":"purchasable","13":"product-type-simple"},"yoast_head":"<!-- This site is optimized with the Yoast SEO plugin v25.8 - https:\/\/yoast.com\/wordpress\/plugins\/seo\/ -->\n<title>3GEN PERFECT CLEANER &#8211; G3D<\/title>\n<meta name=\"robots\" content=\"index, follow, max-snippet:-1, max-image-preview:large, max-video-preview:-1\" \/>\n<link rel=\"canonical\" href=\"https:\/\/g3d-wargame.com\/en\/product\/3gen-perfect-cleaner\/\" \/>\n<meta property=\"og:locale\" content=\"en_GB\" \/>\n<meta property=\"og:type\" content=\"article\" \/>\n<meta property=\"og:title\" content=\"3GEN PERFECT CLEANER &#8211; G3D\" \/>\n<meta property=\"og:description\" content=\"Volume\u00a0: 250\u00a0ml Solution nettoyante con\u00e7ue pour \u00e9liminer les traces d&rsquo;acrylique sur les pinceaux et les a\u00e9rographes, ainsi que pour nettoyer tout outil. Elle peut \u00e9galement servir de lubrifiant lorsque vous souhaitez laisser votre a\u00e9rographe reposer quelques heures et garder l&rsquo;aiguille propre. Capuchon sp\u00e9cial pour une utilisation confortable et contr\u00f4l\u00e9e.\" \/>\n<meta property=\"og:url\" content=\"https:\/\/g3d-wargame.com\/en\/product\/3gen-perfect-cleaner\/\" \/>\n<meta property=\"og:site_name\" content=\"G3D\" \/>\n<meta property=\"article:modified_time\" content=\"2025-06-29T08:45:37+00:00\" \/>\n<meta property=\"og:image\" content=\"https:\/\/g3d-wargame.com\/wp-content\/uploads\/2025\/05\/tygftf.jpg\" \/>\n\t<meta property=\"og:image:width\" content=\"800\" \/>\n\t<meta property=\"og:image:height\" content=\"800\" \/>\n\t<meta property=\"og:image:type\" content=\"image\/jpeg\" \/>\n<meta name=\"twitter:card\" content=\"summary_large_image\" \/>\n<meta name=\"twitter:label1\" content=\"Estimated reading time\" \/>\n\t<meta name=\"twitter:data1\" content=\"1 minute\" \/>\n<script type=\"application\/ld+json\" class=\"yoast-schema-graph\">{\"@context\":\"https:\/\/schema.org\",\"@graph\":[{\"@type\":\"WebPage\",\"@id\":\"https:\/\/g3d-wargame.com\/produit\/3gen-perfect-cleaner\/\",\"url\":\"https:\/\/g3d-wargame.com\/produit\/3gen-perfect-cleaner\/\",\"name\":\"3GEN PERFECT CLEANER &#8211; G3D\",\"isPartOf\":{\"@id\":\"https:\/\/g3d-wargame.com\/#website\"},\"primaryImageOfPage\":{\"@id\":\"https:\/\/g3d-wargame.com\/produit\/3gen-perfect-cleaner\/#primaryimage\"},\"image\":{\"@id\":\"https:\/\/g3d-wargame.com\/produit\/3gen-perfect-cleaner\/#primaryimage\"},\"thumbnailUrl\":\"https:\/\/g3d-wargame.com\/wp-content\/uploads\/2025\/05\/tygftf.jpg\",\"datePublished\":\"2025-05-23T07:57:17+00:00\",\"dateModified\":\"2025-06-29T08:45:37+00:00\",\"breadcrumb\":{\"@id\":\"https:\/\/g3d-wargame.com\/produit\/3gen-perfect-cleaner\/#breadcrumb\"},\"inLanguage\":\"en-GB\",\"potentialAction\":[{\"@type\":\"ReadAction\",\"target\":[\"https:\/\/g3d-wargame.com\/produit\/3gen-perfect-cleaner\/\"]}]},{\"@type\":\"ImageObject\",\"inLanguage\":\"en-GB\",\"@id\":\"https:\/\/g3d-wargame.com\/produit\/3gen-perfect-cleaner\/#primaryimage\",\"url\":\"https:\/\/g3d-wargame.com\/wp-content\/uploads\/2025\/05\/tygftf.jpg\",\"contentUrl\":\"https:\/\/g3d-wargame.com\/wp-content\/uploads\/2025\/05\/tygftf.jpg\",\"width\":800,\"height\":800},{\"@type\":\"BreadcrumbList\",\"@id\":\"https:\/\/g3d-wargame.com\/produit\/3gen-perfect-cleaner\/#breadcrumb\",\"itemListElement\":[{\"@type\":\"ListItem\",\"position\":1,\"name\":\"Accueil\",\"item\":\"https:\/\/g3d-wargame.com\/\"},{\"@type\":\"ListItem\",\"position\":2,\"name\":\"Produits\",\"item\":\"https:\/\/g3d-wargame.com\/shop__trashed\/\"},{\"@type\":\"ListItem\",\"position\":3,\"name\":\"3GEN PERFECT CLEANER\"}]},{\"@type\":\"WebSite\",\"@id\":\"https:\/\/g3d-wargame.com\/#website\",\"url\":\"https:\/\/g3d-wargame.com\/\",\"name\":\"G3D\",\"description\":\" impression 3D\",\"publisher\":{\"@id\":\"https:\/\/g3d-wargame.com\/#organization\"},\"alternateName\":\"G3D Wargame\",\"potentialAction\":[{\"@type\":\"SearchAction\",\"target\":{\"@type\":\"EntryPoint\",\"urlTemplate\":\"https:\/\/g3d-wargame.com\/?s={search_term_string}\"},\"query-input\":{\"@type\":\"PropertyValueSpecification\",\"valueRequired\":true,\"valueName\":\"search_term_string\"}}],\"inLanguage\":\"en-GB\"},{\"@type\":\"Organization\",\"@id\":\"https:\/\/g3d-wargame.com\/#organization\",\"name\":\"G3D\",\"alternateName\":\"G3D WARGAME\",\"url\":\"https:\/\/g3d-wargame.com\/\",\"logo\":{\"@type\":\"ImageObject\",\"inLanguage\":\"en-GB\",\"@id\":\"https:\/\/g3d-wargame.com\/#\/schema\/logo\/image\/\",\"url\":\"https:\/\/g3d-wargame.com\/wp-content\/uploads\/2023\/12\/G3DLOGO-v1-700-x-700-px.png\",\"contentUrl\":\"https:\/\/g3d-wargame.com\/wp-content\/uploads\/2023\/12\/G3DLOGO-v1-700-x-700-px.png\",\"width\":788,\"height\":788,\"caption\":\"G3D\"},\"image\":{\"@id\":\"https:\/\/g3d-wargame.com\/#\/schema\/logo\/image\/\"}}]}<\/script>\n<!-- \/ Yoast SEO plugin. -->","yoast_head_json":{"title":"3GEN PERFECT CLEANER &#8211; G3D","robots":{"index":"index","follow":"follow","max-snippet":"max-snippet:-1","max-image-preview":"max-image-preview:large","max-video-preview":"max-video-preview:-1"},"canonical":"https:\/\/g3d-wargame.com\/en\/product\/3gen-perfect-cleaner\/","og_locale":"en_GB","og_type":"article","og_title":"3GEN PERFECT CLEANER &#8211; G3D","og_description":"Volume\u00a0: 250\u00a0ml Solution nettoyante con\u00e7ue pour \u00e9liminer les traces d&rsquo;acrylique sur les pinceaux et les a\u00e9rographes, ainsi que pour nettoyer tout outil. Elle peut \u00e9galement servir de lubrifiant lorsque vous souhaitez laisser votre a\u00e9rographe reposer quelques heures et garder l&rsquo;aiguille propre. Capuchon sp\u00e9cial pour une utilisation confortable et contr\u00f4l\u00e9e.","og_url":"https:\/\/g3d-wargame.com\/en\/product\/3gen-perfect-cleaner\/","og_site_name":"G3D","article_modified_time":"2025-06-29T08:45:37+00:00","og_image":[{"width":800,"height":800,"url":"https:\/\/g3d-wargame.com\/wp-content\/uploads\/2025\/05\/tygftf.jpg","type":"image\/jpeg"}],"twitter_card":"summary_large_image","twitter_misc":{"Estimated reading time":"1 minute"},"schema":{"@context":"https:\/\/schema.org","@graph":[{"@type":"WebPage","@id":"https:\/\/g3d-wargame.com\/produit\/3gen-perfect-cleaner\/","url":"https:\/\/g3d-wargame.com\/produit\/3gen-perfect-cleaner\/","name":"3GEN PERFECT CLEANER &#8211; G3D","isPartOf":{"@id":"https:\/\/g3d-wargame.com\/#website"},"primaryImageOfPage":{"@id":"https:\/\/g3d-wargame.com\/produit\/3gen-perfect-cleaner\/#primaryimage"},"image":{"@id":"https:\/\/g3d-wargame.com\/produit\/3gen-perfect-cleaner\/#primaryimage"},"thumbnailUrl":"https:\/\/g3d-wargame.com\/wp-content\/uploads\/2025\/05\/tygftf.jpg","datePublished":"2025-05-23T07:57:17+00:00","dateModified":"2025-06-29T08:45:37+00:00","breadcrumb":{"@id":"https:\/\/g3d-wargame.com\/produit\/3gen-perfect-cleaner\/#breadcrumb"},"inLanguage":"en-GB","potentialAction":[{"@type":"ReadAction","target":["https:\/\/g3d-wargame.com\/produit\/3gen-perfect-cleaner\/"]}]},{"@type":"ImageObject","inLanguage":"en-GB","@id":"https:\/\/g3d-wargame.com\/produit\/3gen-perfect-cleaner\/#primaryimage","url":"https:\/\/g3d-wargame.com\/wp-content\/uploads\/2025\/05\/tygftf.jpg","contentUrl":"https:\/\/g3d-wargame.com\/wp-content\/uploads\/2025\/05\/tygftf.jpg","width":800,"height":800},{"@type":"BreadcrumbList","@id":"https:\/\/g3d-wargame.com\/produit\/3gen-perfect-cleaner\/#breadcrumb","itemListElement":[{"@type":"ListItem","position":1,"name":"Accueil","item":"https:\/\/g3d-wargame.com\/"},{"@type":"ListItem","position":2,"name":"Produits","item":"https:\/\/g3d-wargame.com\/shop__trashed\/"},{"@type":"ListItem","position":3,"name":"3GEN PERFECT CLEANER"}]},{"@type":"WebSite","@id":"https:\/\/g3d-wargame.com\/#website","url":"https:\/\/g3d-wargame.com\/","name":"G3D","description":"3D printing","publisher":{"@id":"https:\/\/g3d-wargame.com\/#organization"},"alternateName":"G3D Wargame","potentialAction":[{"@type":"SearchAction","target":{"@type":"EntryPoint","urlTemplate":"https:\/\/g3d-wargame.com\/?s={search_term_string}"},"query-input":{"@type":"PropertyValueSpecification","valueRequired":true,"valueName":"search_term_string"}}],"inLanguage":"en-GB"},{"@type":"Organization","@id":"https:\/\/g3d-wargame.com\/#organization","name":"G3D","alternateName":"G3D WARGAME","url":"https:\/\/g3d-wargame.com\/","logo":{"@type":"ImageObject","inLanguage":"en-GB","@id":"https:\/\/g3d-wargame.com\/#\/schema\/logo\/image\/","url":"https:\/\/g3d-wargame.com\/wp-content\/uploads\/2023\/12\/G3DLOGO-v1-700-x-700-px.png","contentUrl":"https:\/\/g3d-wargame.com\/wp-content\/uploads\/2023\/12\/G3DLOGO-v1-700-x-700-px.png","width":788,"height":788,"caption":"G3D"},"image":{"@id":"https:\/\/g3d-wargame.com\/#\/schema\/logo\/image\/"}}]}},"_links":{"self":[{"href":"https:\/\/g3d-wargame.com\/en\/wp-json\/wp\/v2\/product\/6438","targetHints":{"allow":["GET"]}}],"collection":[{"href":"https:\/\/g3d-wargame.com\/en\/wp-json\/wp\/v2\/product"}],"about":[{"href":"https:\/\/g3d-wargame.com\/en\/wp-json\/wp\/v2\/types\/product"}],"wp:featuredmedia":[{"embeddable":true,"href":"https:\/\/g3d-wargame.com\/en\/wp-json\/wp\/v2\/media\/6439"}],"wp:attachment":[{"href":"https:\/\/g3d-wargame.com\/en\/wp-json\/wp\/v2\/media?parent=6438"}],"wp:term":[{"taxonomy":"product_brand","embeddable":true,"href":"https:\/\/g3d-wargame.com\/en\/wp-json\/wp\/v2\/product_brand?post=6438"},{"taxonomy":"product_cat","embeddable":true,"href":"https:\/\/g3d-wargame.com\/en\/wp-json\/wp\/v2\/product_cat?post=6438"},{"taxonomy":"product_tag","embeddable":true,"href":"https:\/\/g3d-wargame.com\/en\/wp-json\/wp\/v2\/product_tag?post=6438"}],"curies":[{"name":"wp","href":"https:\/\/api.w.org\/{rel}","templated":true}]}}