{"id":6429,"date":"2025-05-23T09:46:56","date_gmt":"2025-05-23T07:46:56","guid":{"rendered":"https:\/\/g3d-wargame.com\/?post_type=product&#038;p=6429"},"modified":"2025-09-10T11:25:44","modified_gmt":"2025-09-10T09:25:44","slug":"masterclass-drybrush-set","status":"publish","type":"product","link":"https:\/\/g3d-wargame.com\/en\/product\/masterclass-drybrush-set\/","title":{"rendered":"Masterclass Drybrush Set"},"content":{"rendered":"<h5>Ces pinceaux \u00e0 sec spectaculaires et hautement sp\u00e9cialis\u00e9s donnent des r\u00e9sultats ultra r\u00e9alistes et une couverture tr\u00e8s lisse.<\/h5>\n<ul>\n<li>Obtenez des r\u00e9sultats professionnels &#8211; Ces brosses s\u00e8ches \u00e0 pointe en d\u00f4me sp\u00e9cialis\u00e9es d\u00e9passent de loin les brosses s\u00e8ches traditionnelles.<\/li>\n<li>Pointe en forme de d\u00f4me de haute qualit\u00e9 &#8211; Les poils de ch\u00e8vre doux combin\u00e9s \u00e0 la forme arrondie du d\u00f4me permettent un toucher tr\u00e8s doux m\u00eame avec un brossage \u00e0 sec grossier, vous offrant un r\u00e9sultat subtil et raffin\u00e9.<\/li>\n<li>Prise en main ergonomique confortable \u2013 Nous avons dot\u00e9 nos brosses s\u00e8ches Masterclass d&rsquo;un manche rond complet pour permettre une prise en main confortable lorsque vous effectuez de larges traits sur vos mod\u00e8les pr\u00e9f\u00e9r\u00e9s.<\/li>\n<li>Facile \u00e0 utiliser : pour utiliser les pinceaux secs Masterclass, appliquez simplement la peinture sur la pointe du pinceau, r\u00e9partissez l\u00e0 et essuyez l&rsquo;exc\u00e9dent avec du papier de soie. Vous pouvez d\u00e9sormais pointiller et brosser \u00e0 sec selon vos envies.<\/li>\n<\/ul>","protected":false},"excerpt":{"rendered":"<p>Ces pinceaux \u00e0 sec spectaculaires et hautement sp\u00e9cialis\u00e9s donnent des r\u00e9sultats ultra r\u00e9alistes et une couverture tr\u00e8s lisse. Obtenez des r\u00e9sultats professionnels &#8211; Ces brosses s\u00e8ches \u00e0 pointe en d\u00f4me sp\u00e9cialis\u00e9es d\u00e9passent de loin les brosses s\u00e8ches traditionnelles. Pointe en forme de d\u00f4me de haute qualit\u00e9 &#8211; Les poils de ch\u00e8vre doux combin\u00e9s \u00e0 la forme arrondie du d\u00f4me permettent&hellip;<\/p>","protected":false},"featured_media":6436,"template":"","meta":[],"product_brand":[],"product_cat":[73],"product_tag":[],"class_list":{"0":"post-6429","1":"product","2":"type-product","3":"status-publish","4":"has-post-thumbnail","6":"product_cat-army-painter","8":"first","9":"onbackorder","10":"taxable","11":"shipping-taxable","12":"purchasable","13":"product-type-simple"},"yoast_head":"<!-- This site is optimized with the Yoast SEO plugin v25.8 - https:\/\/yoast.com\/wordpress\/plugins\/seo\/ -->\n<title>Masterclass Drybrush Set &#8211; G3D<\/title>\n<meta name=\"robots\" content=\"index, follow, max-snippet:-1, max-image-preview:large, max-video-preview:-1\" \/>\n<link rel=\"canonical\" href=\"https:\/\/g3d-wargame.com\/en\/product\/masterclass-drybrush-set\/\" \/>\n<meta property=\"og:locale\" content=\"en_GB\" \/>\n<meta property=\"og:type\" content=\"article\" \/>\n<meta property=\"og:title\" content=\"Masterclass Drybrush Set &#8211; G3D\" \/>\n<meta property=\"og:description\" content=\"Ces pinceaux \u00e0 sec spectaculaires et hautement sp\u00e9cialis\u00e9s donnent des r\u00e9sultats ultra r\u00e9alistes et une couverture tr\u00e8s lisse. Obtenez des r\u00e9sultats professionnels &#8211; Ces brosses s\u00e8ches \u00e0 pointe en d\u00f4me sp\u00e9cialis\u00e9es d\u00e9passent de loin les brosses s\u00e8ches traditionnelles. Pointe en forme de d\u00f4me de haute qualit\u00e9 &#8211; Les poils de ch\u00e8vre doux combin\u00e9s \u00e0 la forme arrondie du d\u00f4me permettent&hellip;\" \/>\n<meta property=\"og:url\" content=\"https:\/\/g3d-wargame.com\/en\/product\/masterclass-drybrush-set\/\" \/>\n<meta property=\"og:site_name\" content=\"G3D\" \/>\n<meta property=\"article:modified_time\" content=\"2025-09-10T09:25:44+00:00\" \/>\n<meta property=\"og:image\" content=\"https:\/\/g3d-wargame.com\/wp-content\/uploads\/2025\/05\/EDEDED.webp\" \/>\n\t<meta property=\"og:image:width\" content=\"800\" \/>\n\t<meta property=\"og:image:height\" content=\"800\" \/>\n\t<meta property=\"og:image:type\" content=\"image\/webp\" \/>\n<meta name=\"twitter:card\" content=\"summary_large_image\" \/>\n<meta name=\"twitter:label1\" content=\"Estimated reading time\" \/>\n\t<meta name=\"twitter:data1\" content=\"1 minute\" \/>\n<script type=\"application\/ld+json\" class=\"yoast-schema-graph\">{\"@context\":\"https:\/\/schema.org\",\"@graph\":[{\"@type\":\"WebPage\",\"@id\":\"https:\/\/g3d-wargame.com\/produit\/masterclass-drybrush-set\/\",\"url\":\"https:\/\/g3d-wargame.com\/produit\/masterclass-drybrush-set\/\",\"name\":\"Masterclass Drybrush Set &#8211; G3D\",\"isPartOf\":{\"@id\":\"https:\/\/g3d-wargame.com\/#website\"},\"primaryImageOfPage\":{\"@id\":\"https:\/\/g3d-wargame.com\/produit\/masterclass-drybrush-set\/#primaryimage\"},\"image\":{\"@id\":\"https:\/\/g3d-wargame.com\/produit\/masterclass-drybrush-set\/#primaryimage\"},\"thumbnailUrl\":\"https:\/\/g3d-wargame.com\/wp-content\/uploads\/2025\/05\/EDEDED.webp\",\"datePublished\":\"2025-05-23T07:46:56+00:00\",\"dateModified\":\"2025-09-10T09:25:44+00:00\",\"breadcrumb\":{\"@id\":\"https:\/\/g3d-wargame.com\/produit\/masterclass-drybrush-set\/#breadcrumb\"},\"inLanguage\":\"en-GB\",\"potentialAction\":[{\"@type\":\"ReadAction\",\"target\":[\"https:\/\/g3d-wargame.com\/produit\/masterclass-drybrush-set\/\"]}]},{\"@type\":\"ImageObject\",\"inLanguage\":\"en-GB\",\"@id\":\"https:\/\/g3d-wargame.com\/produit\/masterclass-drybrush-set\/#primaryimage\",\"url\":\"https:\/\/g3d-wargame.com\/wp-content\/uploads\/2025\/05\/EDEDED.webp\",\"contentUrl\":\"https:\/\/g3d-wargame.com\/wp-content\/uploads\/2025\/05\/EDEDED.webp\",\"width\":800,\"height\":800},{\"@type\":\"BreadcrumbList\",\"@id\":\"https:\/\/g3d-wargame.com\/produit\/masterclass-drybrush-set\/#breadcrumb\",\"itemListElement\":[{\"@type\":\"ListItem\",\"position\":1,\"name\":\"Accueil\",\"item\":\"https:\/\/g3d-wargame.com\/\"},{\"@type\":\"ListItem\",\"position\":2,\"name\":\"Produits\",\"item\":\"https:\/\/g3d-wargame.com\/shop__trashed\/\"},{\"@type\":\"ListItem\",\"position\":3,\"name\":\"Masterclass Drybrush Set\"}]},{\"@type\":\"WebSite\",\"@id\":\"https:\/\/g3d-wargame.com\/#website\",\"url\":\"https:\/\/g3d-wargame.com\/\",\"name\":\"G3D\",\"description\":\" impression 3D\",\"publisher\":{\"@id\":\"https:\/\/g3d-wargame.com\/#organization\"},\"alternateName\":\"G3D Wargame\",\"potentialAction\":[{\"@type\":\"SearchAction\",\"target\":{\"@type\":\"EntryPoint\",\"urlTemplate\":\"https:\/\/g3d-wargame.com\/?s={search_term_string}\"},\"query-input\":{\"@type\":\"PropertyValueSpecification\",\"valueRequired\":true,\"valueName\":\"search_term_string\"}}],\"inLanguage\":\"en-GB\"},{\"@type\":\"Organization\",\"@id\":\"https:\/\/g3d-wargame.com\/#organization\",\"name\":\"G3D\",\"alternateName\":\"G3D WARGAME\",\"url\":\"https:\/\/g3d-wargame.com\/\",\"logo\":{\"@type\":\"ImageObject\",\"inLanguage\":\"en-GB\",\"@id\":\"https:\/\/g3d-wargame.com\/#\/schema\/logo\/image\/\",\"url\":\"https:\/\/g3d-wargame.com\/wp-content\/uploads\/2023\/12\/G3DLOGO-v1-700-x-700-px.png\",\"contentUrl\":\"https:\/\/g3d-wargame.com\/wp-content\/uploads\/2023\/12\/G3DLOGO-v1-700-x-700-px.png\",\"width\":788,\"height\":788,\"caption\":\"G3D\"},\"image\":{\"@id\":\"https:\/\/g3d-wargame.com\/#\/schema\/logo\/image\/\"}}]}<\/script>\n<!-- \/ Yoast SEO plugin. -->","yoast_head_json":{"title":"Masterclass Drybrush Set &#8211; G3D","robots":{"index":"index","follow":"follow","max-snippet":"max-snippet:-1","max-image-preview":"max-image-preview:large","max-video-preview":"max-video-preview:-1"},"canonical":"https:\/\/g3d-wargame.com\/en\/product\/masterclass-drybrush-set\/","og_locale":"en_GB","og_type":"article","og_title":"Masterclass Drybrush Set &#8211; G3D","og_description":"Ces pinceaux \u00e0 sec spectaculaires et hautement sp\u00e9cialis\u00e9s donnent des r\u00e9sultats ultra r\u00e9alistes et une couverture tr\u00e8s lisse. Obtenez des r\u00e9sultats professionnels &#8211; Ces brosses s\u00e8ches \u00e0 pointe en d\u00f4me sp\u00e9cialis\u00e9es d\u00e9passent de loin les brosses s\u00e8ches traditionnelles. Pointe en forme de d\u00f4me de haute qualit\u00e9 &#8211; Les poils de ch\u00e8vre doux combin\u00e9s \u00e0 la forme arrondie du d\u00f4me permettent&hellip;","og_url":"https:\/\/g3d-wargame.com\/en\/product\/masterclass-drybrush-set\/","og_site_name":"G3D","article_modified_time":"2025-09-10T09:25:44+00:00","og_image":[{"width":800,"height":800,"url":"https:\/\/g3d-wargame.com\/wp-content\/uploads\/2025\/05\/EDEDED.webp","type":"image\/webp"}],"twitter_card":"summary_large_image","twitter_misc":{"Estimated reading time":"1 minute"},"schema":{"@context":"https:\/\/schema.org","@graph":[{"@type":"WebPage","@id":"https:\/\/g3d-wargame.com\/produit\/masterclass-drybrush-set\/","url":"https:\/\/g3d-wargame.com\/produit\/masterclass-drybrush-set\/","name":"Masterclass Drybrush Set &#8211; G3D","isPartOf":{"@id":"https:\/\/g3d-wargame.com\/#website"},"primaryImageOfPage":{"@id":"https:\/\/g3d-wargame.com\/produit\/masterclass-drybrush-set\/#primaryimage"},"image":{"@id":"https:\/\/g3d-wargame.com\/produit\/masterclass-drybrush-set\/#primaryimage"},"thumbnailUrl":"https:\/\/g3d-wargame.com\/wp-content\/uploads\/2025\/05\/EDEDED.webp","datePublished":"2025-05-23T07:46:56+00:00","dateModified":"2025-09-10T09:25:44+00:00","breadcrumb":{"@id":"https:\/\/g3d-wargame.com\/produit\/masterclass-drybrush-set\/#breadcrumb"},"inLanguage":"en-GB","potentialAction":[{"@type":"ReadAction","target":["https:\/\/g3d-wargame.com\/produit\/masterclass-drybrush-set\/"]}]},{"@type":"ImageObject","inLanguage":"en-GB","@id":"https:\/\/g3d-wargame.com\/produit\/masterclass-drybrush-set\/#primaryimage","url":"https:\/\/g3d-wargame.com\/wp-content\/uploads\/2025\/05\/EDEDED.webp","contentUrl":"https:\/\/g3d-wargame.com\/wp-content\/uploads\/2025\/05\/EDEDED.webp","width":800,"height":800},{"@type":"BreadcrumbList","@id":"https:\/\/g3d-wargame.com\/produit\/masterclass-drybrush-set\/#breadcrumb","itemListElement":[{"@type":"ListItem","position":1,"name":"Accueil","item":"https:\/\/g3d-wargame.com\/"},{"@type":"ListItem","position":2,"name":"Produits","item":"https:\/\/g3d-wargame.com\/shop__trashed\/"},{"@type":"ListItem","position":3,"name":"Masterclass Drybrush Set"}]},{"@type":"WebSite","@id":"https:\/\/g3d-wargame.com\/#website","url":"https:\/\/g3d-wargame.com\/","name":"G3D","description":"3D printing","publisher":{"@id":"https:\/\/g3d-wargame.com\/#organization"},"alternateName":"G3D Wargame","potentialAction":[{"@type":"SearchAction","target":{"@type":"EntryPoint","urlTemplate":"https:\/\/g3d-wargame.com\/?s={search_term_string}"},"query-input":{"@type":"PropertyValueSpecification","valueRequired":true,"valueName":"search_term_string"}}],"inLanguage":"en-GB"},{"@type":"Organization","@id":"https:\/\/g3d-wargame.com\/#organization","name":"G3D","alternateName":"G3D WARGAME","url":"https:\/\/g3d-wargame.com\/","logo":{"@type":"ImageObject","inLanguage":"en-GB","@id":"https:\/\/g3d-wargame.com\/#\/schema\/logo\/image\/","url":"https:\/\/g3d-wargame.com\/wp-content\/uploads\/2023\/12\/G3DLOGO-v1-700-x-700-px.png","contentUrl":"https:\/\/g3d-wargame.com\/wp-content\/uploads\/2023\/12\/G3DLOGO-v1-700-x-700-px.png","width":788,"height":788,"caption":"G3D"},"image":{"@id":"https:\/\/g3d-wargame.com\/#\/schema\/logo\/image\/"}}]}},"_links":{"self":[{"href":"https:\/\/g3d-wargame.com\/en\/wp-json\/wp\/v2\/product\/6429","targetHints":{"allow":["GET"]}}],"collection":[{"href":"https:\/\/g3d-wargame.com\/en\/wp-json\/wp\/v2\/product"}],"about":[{"href":"https:\/\/g3d-wargame.com\/en\/wp-json\/wp\/v2\/types\/product"}],"wp:featuredmedia":[{"embeddable":true,"href":"https:\/\/g3d-wargame.com\/en\/wp-json\/wp\/v2\/media\/6436"}],"wp:attachment":[{"href":"https:\/\/g3d-wargame.com\/en\/wp-json\/wp\/v2\/media?parent=6429"}],"wp:term":[{"taxonomy":"product_brand","embeddable":true,"href":"https:\/\/g3d-wargame.com\/en\/wp-json\/wp\/v2\/product_brand?post=6429"},{"taxonomy":"product_cat","embeddable":true,"href":"https:\/\/g3d-wargame.com\/en\/wp-json\/wp\/v2\/product_cat?post=6429"},{"taxonomy":"product_tag","embeddable":true,"href":"https:\/\/g3d-wargame.com\/en\/wp-json\/wp\/v2\/product_tag?post=6429"}],"curies":[{"name":"wp","href":"https:\/\/api.w.org\/{rel}","templated":true}]}}