{"id":6411,"date":"2025-05-23T09:18:54","date_gmt":"2025-05-23T07:18:54","guid":{"rendered":"https:\/\/g3d-wargame.com\/?post_type=product&#038;p=6411"},"modified":"2026-02-19T17:21:52","modified_gmt":"2026-02-19T16:21:52","slug":"base-de-champ-de-bataille-rochers-du-champ-de-bataille","status":"publish","type":"product","link":"https:\/\/g3d-wargame.com\/en\/product\/base-de-champ-de-bataille-rochers-du-champ-de-bataille\/","title":{"rendered":"Base de champ de bataille : Rochers du champ de bataille"},"content":{"rendered":"<p>Utilisez les Roches du Champ de Bataille pour les petites pierres, offrant une texture parfaite, notamment sur les socles les plus grands. Donnez vie \u00e0 vos figurines peintes en brisant l&rsquo;uniformit\u00e9.<\/p>\n<p>\u00c9galement parfait pour les d\u00e9cors et les dioramas &#8211; Les mat\u00e9riaux de base sont tr\u00e8s faciles \u00e0 appliquer et peuvent \u00eatre utilis\u00e9s pour ajouter des d\u00e9tails \u00e0 vos champs de bataille ainsi qu&rsquo;\u00e0 vos bases de figurines individuelles.<\/p>\n<p>Contient 150 ml de pierres de li\u00e8ge d&rsquo;aspect naturel.<\/p>","protected":false},"excerpt":{"rendered":"<p>Utilisez les Roches du Champ de Bataille pour les petites pierres, offrant une texture parfaite, notamment sur les socles les plus grands. Donnez vie \u00e0 vos figurines peintes en brisant l&rsquo;uniformit\u00e9. \u00c9galement parfait pour les d\u00e9cors et les dioramas &#8211; Les mat\u00e9riaux de base sont tr\u00e8s faciles \u00e0 appliquer et peuvent \u00eatre utilis\u00e9s pour ajouter des d\u00e9tails \u00e0 vos champs&hellip;<\/p>","protected":false},"featured_media":6414,"template":"","meta":[],"product_brand":[],"product_cat":[61],"product_tag":[],"class_list":{"0":"post-6411","1":"product","2":"type-product","3":"status-publish","4":"has-post-thumbnail","6":"product_cat-accessoires-modelisme","8":"first","9":"onbackorder","10":"taxable","11":"shipping-taxable","12":"purchasable","13":"product-type-simple"},"yoast_head":"<!-- This site is optimized with the Yoast SEO plugin v25.8 - https:\/\/yoast.com\/wordpress\/plugins\/seo\/ -->\n<title>Base de champ de bataille : Rochers du champ de bataille &#8211; G3D<\/title>\n<meta name=\"robots\" content=\"index, follow, max-snippet:-1, max-image-preview:large, max-video-preview:-1\" \/>\n<link rel=\"canonical\" href=\"https:\/\/g3d-wargame.com\/en\/product\/base-de-champ-de-bataille-rochers-du-champ-de-bataille\/\" \/>\n<meta property=\"og:locale\" content=\"en_GB\" \/>\n<meta property=\"og:type\" content=\"article\" \/>\n<meta property=\"og:title\" content=\"Base de champ de bataille : Rochers du champ de bataille &#8211; G3D\" \/>\n<meta property=\"og:description\" content=\"Utilisez les Roches du Champ de Bataille pour les petites pierres, offrant une texture parfaite, notamment sur les socles les plus grands. Donnez vie \u00e0 vos figurines peintes en brisant l&rsquo;uniformit\u00e9. \u00c9galement parfait pour les d\u00e9cors et les dioramas &#8211; Les mat\u00e9riaux de base sont tr\u00e8s faciles \u00e0 appliquer et peuvent \u00eatre utilis\u00e9s pour ajouter des d\u00e9tails \u00e0 vos champs&hellip;\" \/>\n<meta property=\"og:url\" content=\"https:\/\/g3d-wargame.com\/en\/product\/base-de-champ-de-bataille-rochers-du-champ-de-bataille\/\" \/>\n<meta property=\"og:site_name\" content=\"G3D\" \/>\n<meta property=\"article:modified_time\" content=\"2026-02-19T16:21:52+00:00\" \/>\n<meta property=\"og:image\" content=\"https:\/\/g3d-wargame.com\/wp-content\/uploads\/2025\/05\/yggyg.webp\" \/>\n\t<meta property=\"og:image:width\" content=\"800\" \/>\n\t<meta property=\"og:image:height\" content=\"800\" \/>\n\t<meta property=\"og:image:type\" content=\"image\/webp\" \/>\n<meta name=\"twitter:card\" content=\"summary_large_image\" \/>\n<meta name=\"twitter:label1\" content=\"Estimated reading time\" \/>\n\t<meta name=\"twitter:data1\" content=\"1 minute\" \/>\n<script type=\"application\/ld+json\" class=\"yoast-schema-graph\">{\"@context\":\"https:\/\/schema.org\",\"@graph\":[{\"@type\":\"WebPage\",\"@id\":\"https:\/\/g3d-wargame.com\/produit\/base-de-champ-de-bataille-rochers-du-champ-de-bataille\/\",\"url\":\"https:\/\/g3d-wargame.com\/produit\/base-de-champ-de-bataille-rochers-du-champ-de-bataille\/\",\"name\":\"Base de champ de bataille : Rochers du champ de bataille &#8211; G3D\",\"isPartOf\":{\"@id\":\"https:\/\/g3d-wargame.com\/#website\"},\"primaryImageOfPage\":{\"@id\":\"https:\/\/g3d-wargame.com\/produit\/base-de-champ-de-bataille-rochers-du-champ-de-bataille\/#primaryimage\"},\"image\":{\"@id\":\"https:\/\/g3d-wargame.com\/produit\/base-de-champ-de-bataille-rochers-du-champ-de-bataille\/#primaryimage\"},\"thumbnailUrl\":\"https:\/\/g3d-wargame.com\/wp-content\/uploads\/2025\/05\/yggyg.webp\",\"datePublished\":\"2025-05-23T07:18:54+00:00\",\"dateModified\":\"2026-02-19T16:21:52+00:00\",\"breadcrumb\":{\"@id\":\"https:\/\/g3d-wargame.com\/produit\/base-de-champ-de-bataille-rochers-du-champ-de-bataille\/#breadcrumb\"},\"inLanguage\":\"en-GB\",\"potentialAction\":[{\"@type\":\"ReadAction\",\"target\":[\"https:\/\/g3d-wargame.com\/produit\/base-de-champ-de-bataille-rochers-du-champ-de-bataille\/\"]}]},{\"@type\":\"ImageObject\",\"inLanguage\":\"en-GB\",\"@id\":\"https:\/\/g3d-wargame.com\/produit\/base-de-champ-de-bataille-rochers-du-champ-de-bataille\/#primaryimage\",\"url\":\"https:\/\/g3d-wargame.com\/wp-content\/uploads\/2025\/05\/yggyg.webp\",\"contentUrl\":\"https:\/\/g3d-wargame.com\/wp-content\/uploads\/2025\/05\/yggyg.webp\",\"width\":800,\"height\":800},{\"@type\":\"BreadcrumbList\",\"@id\":\"https:\/\/g3d-wargame.com\/produit\/base-de-champ-de-bataille-rochers-du-champ-de-bataille\/#breadcrumb\",\"itemListElement\":[{\"@type\":\"ListItem\",\"position\":1,\"name\":\"Accueil\",\"item\":\"https:\/\/g3d-wargame.com\/\"},{\"@type\":\"ListItem\",\"position\":2,\"name\":\"Produits\",\"item\":\"https:\/\/g3d-wargame.com\/shop__trashed\/\"},{\"@type\":\"ListItem\",\"position\":3,\"name\":\"Base de champ de bataille : Rochers du champ de bataille\"}]},{\"@type\":\"WebSite\",\"@id\":\"https:\/\/g3d-wargame.com\/#website\",\"url\":\"https:\/\/g3d-wargame.com\/\",\"name\":\"G3D\",\"description\":\" impression 3D\",\"publisher\":{\"@id\":\"https:\/\/g3d-wargame.com\/#organization\"},\"alternateName\":\"G3D Wargame\",\"potentialAction\":[{\"@type\":\"SearchAction\",\"target\":{\"@type\":\"EntryPoint\",\"urlTemplate\":\"https:\/\/g3d-wargame.com\/?s={search_term_string}\"},\"query-input\":{\"@type\":\"PropertyValueSpecification\",\"valueRequired\":true,\"valueName\":\"search_term_string\"}}],\"inLanguage\":\"en-GB\"},{\"@type\":\"Organization\",\"@id\":\"https:\/\/g3d-wargame.com\/#organization\",\"name\":\"G3D\",\"alternateName\":\"G3D WARGAME\",\"url\":\"https:\/\/g3d-wargame.com\/\",\"logo\":{\"@type\":\"ImageObject\",\"inLanguage\":\"en-GB\",\"@id\":\"https:\/\/g3d-wargame.com\/#\/schema\/logo\/image\/\",\"url\":\"https:\/\/g3d-wargame.com\/wp-content\/uploads\/2023\/12\/G3DLOGO-v1-700-x-700-px.png\",\"contentUrl\":\"https:\/\/g3d-wargame.com\/wp-content\/uploads\/2023\/12\/G3DLOGO-v1-700-x-700-px.png\",\"width\":788,\"height\":788,\"caption\":\"G3D\"},\"image\":{\"@id\":\"https:\/\/g3d-wargame.com\/#\/schema\/logo\/image\/\"}}]}<\/script>\n<!-- \/ Yoast SEO plugin. -->","yoast_head_json":{"title":"Base de champ de bataille : Rochers du champ de bataille &#8211; G3D","robots":{"index":"index","follow":"follow","max-snippet":"max-snippet:-1","max-image-preview":"max-image-preview:large","max-video-preview":"max-video-preview:-1"},"canonical":"https:\/\/g3d-wargame.com\/en\/product\/base-de-champ-de-bataille-rochers-du-champ-de-bataille\/","og_locale":"en_GB","og_type":"article","og_title":"Base de champ de bataille : Rochers du champ de bataille &#8211; G3D","og_description":"Utilisez les Roches du Champ de Bataille pour les petites pierres, offrant une texture parfaite, notamment sur les socles les plus grands. Donnez vie \u00e0 vos figurines peintes en brisant l&rsquo;uniformit\u00e9. \u00c9galement parfait pour les d\u00e9cors et les dioramas &#8211; Les mat\u00e9riaux de base sont tr\u00e8s faciles \u00e0 appliquer et peuvent \u00eatre utilis\u00e9s pour ajouter des d\u00e9tails \u00e0 vos champs&hellip;","og_url":"https:\/\/g3d-wargame.com\/en\/product\/base-de-champ-de-bataille-rochers-du-champ-de-bataille\/","og_site_name":"G3D","article_modified_time":"2026-02-19T16:21:52+00:00","og_image":[{"width":800,"height":800,"url":"https:\/\/g3d-wargame.com\/wp-content\/uploads\/2025\/05\/yggyg.webp","type":"image\/webp"}],"twitter_card":"summary_large_image","twitter_misc":{"Estimated reading time":"1 minute"},"schema":{"@context":"https:\/\/schema.org","@graph":[{"@type":"WebPage","@id":"https:\/\/g3d-wargame.com\/produit\/base-de-champ-de-bataille-rochers-du-champ-de-bataille\/","url":"https:\/\/g3d-wargame.com\/produit\/base-de-champ-de-bataille-rochers-du-champ-de-bataille\/","name":"Base de champ de bataille : Rochers du champ de bataille &#8211; G3D","isPartOf":{"@id":"https:\/\/g3d-wargame.com\/#website"},"primaryImageOfPage":{"@id":"https:\/\/g3d-wargame.com\/produit\/base-de-champ-de-bataille-rochers-du-champ-de-bataille\/#primaryimage"},"image":{"@id":"https:\/\/g3d-wargame.com\/produit\/base-de-champ-de-bataille-rochers-du-champ-de-bataille\/#primaryimage"},"thumbnailUrl":"https:\/\/g3d-wargame.com\/wp-content\/uploads\/2025\/05\/yggyg.webp","datePublished":"2025-05-23T07:18:54+00:00","dateModified":"2026-02-19T16:21:52+00:00","breadcrumb":{"@id":"https:\/\/g3d-wargame.com\/produit\/base-de-champ-de-bataille-rochers-du-champ-de-bataille\/#breadcrumb"},"inLanguage":"en-GB","potentialAction":[{"@type":"ReadAction","target":["https:\/\/g3d-wargame.com\/produit\/base-de-champ-de-bataille-rochers-du-champ-de-bataille\/"]}]},{"@type":"ImageObject","inLanguage":"en-GB","@id":"https:\/\/g3d-wargame.com\/produit\/base-de-champ-de-bataille-rochers-du-champ-de-bataille\/#primaryimage","url":"https:\/\/g3d-wargame.com\/wp-content\/uploads\/2025\/05\/yggyg.webp","contentUrl":"https:\/\/g3d-wargame.com\/wp-content\/uploads\/2025\/05\/yggyg.webp","width":800,"height":800},{"@type":"BreadcrumbList","@id":"https:\/\/g3d-wargame.com\/produit\/base-de-champ-de-bataille-rochers-du-champ-de-bataille\/#breadcrumb","itemListElement":[{"@type":"ListItem","position":1,"name":"Accueil","item":"https:\/\/g3d-wargame.com\/"},{"@type":"ListItem","position":2,"name":"Produits","item":"https:\/\/g3d-wargame.com\/shop__trashed\/"},{"@type":"ListItem","position":3,"name":"Base de champ de bataille : Rochers du champ de bataille"}]},{"@type":"WebSite","@id":"https:\/\/g3d-wargame.com\/#website","url":"https:\/\/g3d-wargame.com\/","name":"G3D","description":"3D printing","publisher":{"@id":"https:\/\/g3d-wargame.com\/#organization"},"alternateName":"G3D Wargame","potentialAction":[{"@type":"SearchAction","target":{"@type":"EntryPoint","urlTemplate":"https:\/\/g3d-wargame.com\/?s={search_term_string}"},"query-input":{"@type":"PropertyValueSpecification","valueRequired":true,"valueName":"search_term_string"}}],"inLanguage":"en-GB"},{"@type":"Organization","@id":"https:\/\/g3d-wargame.com\/#organization","name":"G3D","alternateName":"G3D WARGAME","url":"https:\/\/g3d-wargame.com\/","logo":{"@type":"ImageObject","inLanguage":"en-GB","@id":"https:\/\/g3d-wargame.com\/#\/schema\/logo\/image\/","url":"https:\/\/g3d-wargame.com\/wp-content\/uploads\/2023\/12\/G3DLOGO-v1-700-x-700-px.png","contentUrl":"https:\/\/g3d-wargame.com\/wp-content\/uploads\/2023\/12\/G3DLOGO-v1-700-x-700-px.png","width":788,"height":788,"caption":"G3D"},"image":{"@id":"https:\/\/g3d-wargame.com\/#\/schema\/logo\/image\/"}}]}},"_links":{"self":[{"href":"https:\/\/g3d-wargame.com\/en\/wp-json\/wp\/v2\/product\/6411","targetHints":{"allow":["GET"]}}],"collection":[{"href":"https:\/\/g3d-wargame.com\/en\/wp-json\/wp\/v2\/product"}],"about":[{"href":"https:\/\/g3d-wargame.com\/en\/wp-json\/wp\/v2\/types\/product"}],"wp:featuredmedia":[{"embeddable":true,"href":"https:\/\/g3d-wargame.com\/en\/wp-json\/wp\/v2\/media\/6414"}],"wp:attachment":[{"href":"https:\/\/g3d-wargame.com\/en\/wp-json\/wp\/v2\/media?parent=6411"}],"wp:term":[{"taxonomy":"product_brand","embeddable":true,"href":"https:\/\/g3d-wargame.com\/en\/wp-json\/wp\/v2\/product_brand?post=6411"},{"taxonomy":"product_cat","embeddable":true,"href":"https:\/\/g3d-wargame.com\/en\/wp-json\/wp\/v2\/product_cat?post=6411"},{"taxonomy":"product_tag","embeddable":true,"href":"https:\/\/g3d-wargame.com\/en\/wp-json\/wp\/v2\/product_tag?post=6411"}],"curies":[{"name":"wp","href":"https:\/\/api.w.org\/{rel}","templated":true}]}}