{"id":6372,"date":"2025-05-22T17:26:57","date_gmt":"2025-05-22T15:26:57","guid":{"rendered":"https:\/\/g3d-wargame.com\/?post_type=product&#038;p=6372"},"modified":"2026-02-04T09:12:21","modified_gmt":"2026-02-04T08:12:21","slug":"peau-humaine-30ml-teintes-profondes","status":"publish","type":"product","link":"https:\/\/g3d-wargame.com\/en\/product\/peau-humaine-30ml-teintes-profondes\/","title":{"rendered":"PEAU HUMAINE 30ML \u2013 TEINTES PROFONDES"},"content":{"rendered":"<div id=\"target-englang\" class=\"collapseomatic_content\">\n<p><strong><span>Human Skin Deep Shade est recommand\u00e9 pour tous les types de peau.<\/span><\/strong><\/p>\n<p><strong><span>Cette teinte profonde avec une formulation sp\u00e9ciale vous permet d&rsquo;appliquer plusieurs couches, en contr\u00f4lant l&rsquo;effet selon vos besoins de contraste en fonction du type de peau.<\/span><\/strong><\/p>\n<p>&nbsp;<\/p>\n<p><span>Les nuances profondes sont formul\u00e9es pour obtenir un ombrage simple et rapide sur des miniatures \u00e0 petite \u00e9chelle, tout en conservant une finition mate globale.<\/span><\/p>\n<p><span>Ils rendent la peinture d&rsquo;arm\u00e9es miniatures facile et efficace, nous permettant de travailler en trois \u00e9tapes simples : Base-Ombre Profonde-Lumi\u00e8re.<\/span><\/p>\n<p><span>Ils sont formul\u00e9s avec des pigments micro-dispers\u00e9s (moins d&rsquo;un micron) dans des r\u00e9sines acryliques pures pour teinter l\u00e9g\u00e8rement les volumes et accentuer le contraste des ombres o\u00f9 le produit s&rsquo;accumule.<\/span><\/p>\n<p><span>Le produit pr\u00e9sente un \u00e9quilibre parfait entre fluidit\u00e9 et viscosit\u00e9, cette derni\u00e8re \u00e9tant sup\u00e9rieure aux lavages d&rsquo;\u00e9mail pour faciliter la r\u00e9tention du pigment dans les plis et les recoins, un probl\u00e8me essentiel lorsque l&rsquo;on travaille sur des figures qui gardent g\u00e9n\u00e9ralement une position verticale.<\/span><\/p>\n<p><span>Ils ont une adh\u00e9rence et une r\u00e9sistance parfaites.<\/span><\/p>\n<p><span>Formule sp\u00e9ciale qui \u00e9vite les bulles.<\/span><\/p>\n<p><span>Une fois secs, ils ne se r\u00e9activent pas avec l&rsquo;eau ni avec leur propre support.<\/span><\/p>\n<p><span>Il est recommand\u00e9 de ne pas mouiller les zones d&rsquo;application afin de ne pas ralentir le temps de s\u00e9chage.<\/span><\/p>\n<p><span>Il est conseill\u00e9 d&rsquo;appliquer deux couches l\u00e9g\u00e8res si vous souhaitez approfondir l&rsquo;effet.<\/span><\/p>\n<p><strong><span>Il est recommand\u00e9 d&rsquo;utiliser son propre support (AK13010) au cas o\u00f9 vous auriez besoin de plus de transparence ou souhaiteriez r\u00e9duire le contraste.<\/span><\/strong><\/p>\n<p>&nbsp;<\/p>\n<p><strong><span>*Plus d&rsquo;informations sur Deep Shades\u00a0<\/span><a href=\"https:\/\/ak-masters.com\/app\/pdf\/a5%20deep%20shades%20links.pdf\"><span>ici<\/span><\/a><span>\u00a0.<\/span><\/strong><\/p>\n<p>&nbsp;<\/p>\n<p>&nbsp;<\/p>\n<\/div>\n<p>&nbsp;<\/p>\n<div id=\"target-esplang\" class=\"collapseomatic_content\">\n<p>&nbsp;<\/p>\n<p><strong><span>Human Skin Deep Shade est recommand\u00e9 pour l&rsquo;appliquer sur tout type de peau.<\/span><\/strong><\/p>\n<p><strong><span>Ce Deep Shade contient une formule sp\u00e9ciale qui permet d&rsquo;appliquer diff\u00e9rentes m\u00e9thodes, en contr\u00f4lant l&rsquo;effet selon la n\u00e9cessit\u00e9 d&rsquo;un plus grand contraste en fonction du type de peau.<\/span><\/strong><\/p>\n<p>&nbsp;<\/p>\n<p><span>Las Deep Shades est formul\u00e9e pour obtenir des sombreados sencillos et des rapides en miniatures de petite escalade, en gardant un compagnon g\u00e9n\u00e9ral accompagn\u00e9.<\/span><\/p>\n<p><span>Facilite et rend efficace la peinture des exercices miniatures, permettant de travailler en trois \u00e9tapes simples : Base-Deep Shade-Luz.<\/span><\/p>\n<p><span>Il est formul\u00e9 avec des pigments microdispers\u00e9s (moins d&rsquo;un micra) dans des r\u00e9sines acryliques pures pour r\u00e9duire l\u00e9g\u00e8rement les volumes et accentuer le contraste des ombres l\u00e0 o\u00f9 le produit est accumul\u00e9.<\/span><\/p>\n<p><span>Le produit pr\u00e9sente un \u00e9quilibre parfait entre fluidit\u00e9 et viscosit\u00e9, siendo esta \u00faltima sup\u00e9rieure aux lavages d&rsquo;\u00e9mail pour faciliter la r\u00e9tention du pigment dans les plis et la r\u00e9cup\u00e9ration, ce qui est imprescindible lorsqu&rsquo;il travaille sur des figures qui gardent habituellement une position verticale.<\/span><\/p>\n<p><span>Pr\u00e9sente un parfait agarre et r\u00e9sistance.<\/span><\/p>\n<p><span>Formule sp\u00e9ciale pour \u00e9viter les burbujas.<\/span><\/p>\n<p><span>Une fois de plus, il ne r\u00e9agit pas avec l&rsquo;eau ni avec son milieu propio.<\/span><\/p>\n<p><span>Il est recommand\u00e9 de ne pas charger les zones d&rsquo;application pour ne pas ralentir le temps de s\u00e9chage, il est recommand\u00e9 d&rsquo;appliquer deux petites capacit\u00e9s au cas o\u00f9 vous souhaiteriez marquer plus d&rsquo;effet.<\/span><\/p>\n<p><strong><span>Il est recommand\u00e9 d&rsquo;utiliser votre propre m\u00e9dium (AK13010) si vous avez besoin de plus de transparence ou si vous souhaitez r\u00e9duire le contraste.<\/span><\/strong><\/p>\n<\/div>","protected":false},"excerpt":{"rendered":"<p>Human Skin Deep Shade est recommand\u00e9 pour tous les types de peau. Cette teinte profonde avec une formulation sp\u00e9ciale vous permet d&rsquo;appliquer plusieurs couches, en contr\u00f4lant l&rsquo;effet selon vos besoins de contraste en fonction du type de peau. &nbsp; Les nuances profondes sont formul\u00e9es pour obtenir un ombrage simple et rapide sur des miniatures \u00e0 petite \u00e9chelle, tout en conservant&hellip;<\/p>","protected":false},"featured_media":6373,"template":"","meta":[],"product_brand":[],"product_cat":[83],"product_tag":[],"class_list":{"0":"post-6372","1":"product","2":"type-product","3":"status-publish","4":"has-post-thumbnail","6":"product_cat-deep-shade","8":"first","9":"instock","10":"taxable","11":"shipping-taxable","12":"purchasable","13":"product-type-simple"},"yoast_head":"<!-- This site is optimized with the Yoast SEO plugin v25.8 - https:\/\/yoast.com\/wordpress\/plugins\/seo\/ -->\n<title>PEAU HUMAINE 30ML \u2013 TEINTES PROFONDES &#8211; G3D<\/title>\n<meta name=\"robots\" content=\"index, follow, max-snippet:-1, max-image-preview:large, max-video-preview:-1\" \/>\n<link rel=\"canonical\" href=\"https:\/\/g3d-wargame.com\/en\/product\/peau-humaine-30ml-teintes-profondes\/\" \/>\n<meta property=\"og:locale\" content=\"en_GB\" \/>\n<meta property=\"og:type\" content=\"article\" \/>\n<meta property=\"og:title\" content=\"PEAU HUMAINE 30ML \u2013 TEINTES PROFONDES &#8211; G3D\" \/>\n<meta property=\"og:description\" content=\"Human Skin Deep Shade est recommand\u00e9 pour tous les types de peau. Cette teinte profonde avec une formulation sp\u00e9ciale vous permet d&rsquo;appliquer plusieurs couches, en contr\u00f4lant l&rsquo;effet selon vos besoins de contraste en fonction du type de peau. &nbsp; Les nuances profondes sont formul\u00e9es pour obtenir un ombrage simple et rapide sur des miniatures \u00e0 petite \u00e9chelle, tout en conservant&hellip;\" \/>\n<meta property=\"og:url\" content=\"https:\/\/g3d-wargame.com\/en\/product\/peau-humaine-30ml-teintes-profondes\/\" \/>\n<meta property=\"og:site_name\" content=\"G3D\" \/>\n<meta property=\"article:modified_time\" content=\"2026-02-04T08:12:21+00:00\" \/>\n<meta property=\"og:image\" content=\"https:\/\/g3d-wargame.com\/wp-content\/uploads\/2025\/05\/ftftf.jpg\" \/>\n\t<meta property=\"og:image:width\" content=\"800\" \/>\n\t<meta property=\"og:image:height\" content=\"800\" \/>\n\t<meta property=\"og:image:type\" content=\"image\/jpeg\" \/>\n<meta name=\"twitter:card\" content=\"summary_large_image\" \/>\n<meta name=\"twitter:label1\" content=\"Estimated reading time\" \/>\n\t<meta name=\"twitter:data1\" content=\"3 minutes\" \/>\n<script type=\"application\/ld+json\" class=\"yoast-schema-graph\">{\"@context\":\"https:\/\/schema.org\",\"@graph\":[{\"@type\":\"WebPage\",\"@id\":\"https:\/\/g3d-wargame.com\/produit\/peau-humaine-30ml-teintes-profondes\/\",\"url\":\"https:\/\/g3d-wargame.com\/produit\/peau-humaine-30ml-teintes-profondes\/\",\"name\":\"PEAU HUMAINE 30ML \u2013 TEINTES PROFONDES &#8211; G3D\",\"isPartOf\":{\"@id\":\"https:\/\/g3d-wargame.com\/#website\"},\"primaryImageOfPage\":{\"@id\":\"https:\/\/g3d-wargame.com\/produit\/peau-humaine-30ml-teintes-profondes\/#primaryimage\"},\"image\":{\"@id\":\"https:\/\/g3d-wargame.com\/produit\/peau-humaine-30ml-teintes-profondes\/#primaryimage\"},\"thumbnailUrl\":\"https:\/\/g3d-wargame.com\/wp-content\/uploads\/2025\/05\/ftftf.jpg\",\"datePublished\":\"2025-05-22T15:26:57+00:00\",\"dateModified\":\"2026-02-04T08:12:21+00:00\",\"breadcrumb\":{\"@id\":\"https:\/\/g3d-wargame.com\/produit\/peau-humaine-30ml-teintes-profondes\/#breadcrumb\"},\"inLanguage\":\"en-GB\",\"potentialAction\":[{\"@type\":\"ReadAction\",\"target\":[\"https:\/\/g3d-wargame.com\/produit\/peau-humaine-30ml-teintes-profondes\/\"]}]},{\"@type\":\"ImageObject\",\"inLanguage\":\"en-GB\",\"@id\":\"https:\/\/g3d-wargame.com\/produit\/peau-humaine-30ml-teintes-profondes\/#primaryimage\",\"url\":\"https:\/\/g3d-wargame.com\/wp-content\/uploads\/2025\/05\/ftftf.jpg\",\"contentUrl\":\"https:\/\/g3d-wargame.com\/wp-content\/uploads\/2025\/05\/ftftf.jpg\",\"width\":800,\"height\":800},{\"@type\":\"BreadcrumbList\",\"@id\":\"https:\/\/g3d-wargame.com\/produit\/peau-humaine-30ml-teintes-profondes\/#breadcrumb\",\"itemListElement\":[{\"@type\":\"ListItem\",\"position\":1,\"name\":\"Accueil\",\"item\":\"https:\/\/g3d-wargame.com\/\"},{\"@type\":\"ListItem\",\"position\":2,\"name\":\"Produits\",\"item\":\"https:\/\/g3d-wargame.com\/shop__trashed\/\"},{\"@type\":\"ListItem\",\"position\":3,\"name\":\"PEAU HUMAINE 30ML \u2013 TEINTES PROFONDES\"}]},{\"@type\":\"WebSite\",\"@id\":\"https:\/\/g3d-wargame.com\/#website\",\"url\":\"https:\/\/g3d-wargame.com\/\",\"name\":\"G3D\",\"description\":\" impression 3D\",\"publisher\":{\"@id\":\"https:\/\/g3d-wargame.com\/#organization\"},\"alternateName\":\"G3D Wargame\",\"potentialAction\":[{\"@type\":\"SearchAction\",\"target\":{\"@type\":\"EntryPoint\",\"urlTemplate\":\"https:\/\/g3d-wargame.com\/?s={search_term_string}\"},\"query-input\":{\"@type\":\"PropertyValueSpecification\",\"valueRequired\":true,\"valueName\":\"search_term_string\"}}],\"inLanguage\":\"en-GB\"},{\"@type\":\"Organization\",\"@id\":\"https:\/\/g3d-wargame.com\/#organization\",\"name\":\"G3D\",\"alternateName\":\"G3D WARGAME\",\"url\":\"https:\/\/g3d-wargame.com\/\",\"logo\":{\"@type\":\"ImageObject\",\"inLanguage\":\"en-GB\",\"@id\":\"https:\/\/g3d-wargame.com\/#\/schema\/logo\/image\/\",\"url\":\"https:\/\/g3d-wargame.com\/wp-content\/uploads\/2023\/12\/G3DLOGO-v1-700-x-700-px.png\",\"contentUrl\":\"https:\/\/g3d-wargame.com\/wp-content\/uploads\/2023\/12\/G3DLOGO-v1-700-x-700-px.png\",\"width\":788,\"height\":788,\"caption\":\"G3D\"},\"image\":{\"@id\":\"https:\/\/g3d-wargame.com\/#\/schema\/logo\/image\/\"}}]}<\/script>\n<!-- \/ Yoast SEO plugin. -->","yoast_head_json":{"title":"PEAU HUMAINE 30ML \u2013 TEINTES PROFONDES &#8211; G3D","robots":{"index":"index","follow":"follow","max-snippet":"max-snippet:-1","max-image-preview":"max-image-preview:large","max-video-preview":"max-video-preview:-1"},"canonical":"https:\/\/g3d-wargame.com\/en\/product\/peau-humaine-30ml-teintes-profondes\/","og_locale":"en_GB","og_type":"article","og_title":"PEAU HUMAINE 30ML \u2013 TEINTES PROFONDES &#8211; G3D","og_description":"Human Skin Deep Shade est recommand\u00e9 pour tous les types de peau. Cette teinte profonde avec une formulation sp\u00e9ciale vous permet d&rsquo;appliquer plusieurs couches, en contr\u00f4lant l&rsquo;effet selon vos besoins de contraste en fonction du type de peau. &nbsp; Les nuances profondes sont formul\u00e9es pour obtenir un ombrage simple et rapide sur des miniatures \u00e0 petite \u00e9chelle, tout en conservant&hellip;","og_url":"https:\/\/g3d-wargame.com\/en\/product\/peau-humaine-30ml-teintes-profondes\/","og_site_name":"G3D","article_modified_time":"2026-02-04T08:12:21+00:00","og_image":[{"width":800,"height":800,"url":"https:\/\/g3d-wargame.com\/wp-content\/uploads\/2025\/05\/ftftf.jpg","type":"image\/jpeg"}],"twitter_card":"summary_large_image","twitter_misc":{"Estimated reading time":"3 minutes"},"schema":{"@context":"https:\/\/schema.org","@graph":[{"@type":"WebPage","@id":"https:\/\/g3d-wargame.com\/produit\/peau-humaine-30ml-teintes-profondes\/","url":"https:\/\/g3d-wargame.com\/produit\/peau-humaine-30ml-teintes-profondes\/","name":"PEAU HUMAINE 30ML \u2013 TEINTES PROFONDES &#8211; G3D","isPartOf":{"@id":"https:\/\/g3d-wargame.com\/#website"},"primaryImageOfPage":{"@id":"https:\/\/g3d-wargame.com\/produit\/peau-humaine-30ml-teintes-profondes\/#primaryimage"},"image":{"@id":"https:\/\/g3d-wargame.com\/produit\/peau-humaine-30ml-teintes-profondes\/#primaryimage"},"thumbnailUrl":"https:\/\/g3d-wargame.com\/wp-content\/uploads\/2025\/05\/ftftf.jpg","datePublished":"2025-05-22T15:26:57+00:00","dateModified":"2026-02-04T08:12:21+00:00","breadcrumb":{"@id":"https:\/\/g3d-wargame.com\/produit\/peau-humaine-30ml-teintes-profondes\/#breadcrumb"},"inLanguage":"en-GB","potentialAction":[{"@type":"ReadAction","target":["https:\/\/g3d-wargame.com\/produit\/peau-humaine-30ml-teintes-profondes\/"]}]},{"@type":"ImageObject","inLanguage":"en-GB","@id":"https:\/\/g3d-wargame.com\/produit\/peau-humaine-30ml-teintes-profondes\/#primaryimage","url":"https:\/\/g3d-wargame.com\/wp-content\/uploads\/2025\/05\/ftftf.jpg","contentUrl":"https:\/\/g3d-wargame.com\/wp-content\/uploads\/2025\/05\/ftftf.jpg","width":800,"height":800},{"@type":"BreadcrumbList","@id":"https:\/\/g3d-wargame.com\/produit\/peau-humaine-30ml-teintes-profondes\/#breadcrumb","itemListElement":[{"@type":"ListItem","position":1,"name":"Accueil","item":"https:\/\/g3d-wargame.com\/"},{"@type":"ListItem","position":2,"name":"Produits","item":"https:\/\/g3d-wargame.com\/shop__trashed\/"},{"@type":"ListItem","position":3,"name":"PEAU HUMAINE 30ML \u2013 TEINTES PROFONDES"}]},{"@type":"WebSite","@id":"https:\/\/g3d-wargame.com\/#website","url":"https:\/\/g3d-wargame.com\/","name":"G3D","description":"3D printing","publisher":{"@id":"https:\/\/g3d-wargame.com\/#organization"},"alternateName":"G3D Wargame","potentialAction":[{"@type":"SearchAction","target":{"@type":"EntryPoint","urlTemplate":"https:\/\/g3d-wargame.com\/?s={search_term_string}"},"query-input":{"@type":"PropertyValueSpecification","valueRequired":true,"valueName":"search_term_string"}}],"inLanguage":"en-GB"},{"@type":"Organization","@id":"https:\/\/g3d-wargame.com\/#organization","name":"G3D","alternateName":"G3D WARGAME","url":"https:\/\/g3d-wargame.com\/","logo":{"@type":"ImageObject","inLanguage":"en-GB","@id":"https:\/\/g3d-wargame.com\/#\/schema\/logo\/image\/","url":"https:\/\/g3d-wargame.com\/wp-content\/uploads\/2023\/12\/G3DLOGO-v1-700-x-700-px.png","contentUrl":"https:\/\/g3d-wargame.com\/wp-content\/uploads\/2023\/12\/G3DLOGO-v1-700-x-700-px.png","width":788,"height":788,"caption":"G3D"},"image":{"@id":"https:\/\/g3d-wargame.com\/#\/schema\/logo\/image\/"}}]}},"_links":{"self":[{"href":"https:\/\/g3d-wargame.com\/en\/wp-json\/wp\/v2\/product\/6372","targetHints":{"allow":["GET"]}}],"collection":[{"href":"https:\/\/g3d-wargame.com\/en\/wp-json\/wp\/v2\/product"}],"about":[{"href":"https:\/\/g3d-wargame.com\/en\/wp-json\/wp\/v2\/types\/product"}],"wp:featuredmedia":[{"embeddable":true,"href":"https:\/\/g3d-wargame.com\/en\/wp-json\/wp\/v2\/media\/6373"}],"wp:attachment":[{"href":"https:\/\/g3d-wargame.com\/en\/wp-json\/wp\/v2\/media?parent=6372"}],"wp:term":[{"taxonomy":"product_brand","embeddable":true,"href":"https:\/\/g3d-wargame.com\/en\/wp-json\/wp\/v2\/product_brand?post=6372"},{"taxonomy":"product_cat","embeddable":true,"href":"https:\/\/g3d-wargame.com\/en\/wp-json\/wp\/v2\/product_cat?post=6372"},{"taxonomy":"product_tag","embeddable":true,"href":"https:\/\/g3d-wargame.com\/en\/wp-json\/wp\/v2\/product_tag?post=6372"}],"curies":[{"name":"wp","href":"https:\/\/api.w.org\/{rel}","templated":true}]}}