{"id":6367,"date":"2025-05-22T17:18:37","date_gmt":"2025-05-22T15:18:37","guid":{"rendered":"https:\/\/g3d-wargame.com\/?post_type=product&#038;p=6367"},"modified":"2025-06-29T10:48:28","modified_gmt":"2025-06-29T08:48:28","slug":"deep-shade-moyen-30ml-deep-shades","status":"publish","type":"product","link":"https:\/\/g3d-wargame.com\/en\/product\/deep-shade-moyen-30ml-deep-shades\/","title":{"rendered":"DEEP SHADE MOYEN 30ML \u2013 DEEP SHADES"},"content":{"rendered":"<div id=\"target-englang\" class=\"collapseomatic_content\">\n<p><strong><span>Produit acrylique pour diluer la gamme Deep Shade et obtenir plus de transparence lors de leur application sur des miniatures.<\/span><\/strong><\/p>\n<p><strong><span>Ce m\u00e9dium n\u2019est ni un diluant ni un solvant.<\/span><\/strong><\/p>\n<p><strong><span>Ce produit permet de r\u00e9duire l&rsquo;intensit\u00e9 des Deep Shades en convertissant les propri\u00e9t\u00e9s de sa formule.<\/span><\/strong><\/p>\n<p>&nbsp;<\/p>\n<p><span>Les nuances profondes sont formul\u00e9es pour obtenir un ombrage simple et rapide sur des miniatures \u00e0 petite \u00e9chelle, tout en conservant une finition mate globale.<\/span><\/p>\n<p><span>Ils rendent la peinture d&rsquo;arm\u00e9es miniatures facile et efficace, nous permettant de travailler en trois \u00e9tapes simples : Base-Ombre Profonde-Lumi\u00e8re.<\/span><\/p>\n<p><span>Ils sont formul\u00e9s avec des pigments micro-dispers\u00e9s (moins d&rsquo;un micron) dans des r\u00e9sines acryliques pures pour teinter l\u00e9g\u00e8rement les volumes et accentuer le contraste des ombres o\u00f9 le produit s&rsquo;accumule.<\/span><\/p>\n<p><span>Le produit pr\u00e9sente un \u00e9quilibre parfait entre fluidit\u00e9 et viscosit\u00e9, cette derni\u00e8re \u00e9tant sup\u00e9rieure aux lavages d&rsquo;\u00e9mail pour faciliter la r\u00e9tention du pigment dans les plis et les recoins, un probl\u00e8me essentiel lorsque l&rsquo;on travaille sur des figures qui gardent g\u00e9n\u00e9ralement une position verticale.<\/span><\/p>\n<p><span>Ils ont une adh\u00e9rence et une r\u00e9sistance parfaites.<\/span><\/p>\n<p><span>Formule sp\u00e9ciale qui \u00e9vite les bulles.<\/span><\/p>\n<p><span>Une fois secs, ils ne se r\u00e9activent pas avec l&rsquo;eau ni avec leur propre support.<\/span><\/p>\n<p><span>Il est recommand\u00e9 de ne pas mouiller les zones d&rsquo;application afin de ne pas ralentir le temps de s\u00e9chage.<\/span><\/p>\n<p><span>Il est conseill\u00e9 d&rsquo;appliquer deux couches l\u00e9g\u00e8res si vous souhaitez approfondir l&rsquo;effet.<\/span><\/p>\n<p>&nbsp;<\/p>\n<\/div>\n<p>&nbsp;<\/p>\n<div id=\"target-esplang\" class=\"collapseomatic_content\">\n<p>&nbsp;<\/p>\n<p><strong><span>Produit acrylique pour diluer la gamme Deep Shade et obtenir plus de transparence aux applications sur les miniatures.<\/span><\/strong><\/p>\n<p><strong><span>Ce milieu n\u2019est pas un diluant ni un dissolvant.<\/span><\/strong><\/p>\n<p><strong><span>Ce produit vous permet de r\u00e9duire l&rsquo;intensit\u00e9 des Deep Shades en conservant les propri\u00e9t\u00e9s de votre formule.<\/span><\/strong><\/p>\n<p>&nbsp;<\/p>\n<p><span>Las Deep Shades est formul\u00e9e pour obtenir des sombreados sencillos et des rapides en miniatures de petite escalade, en gardant un compagnon g\u00e9n\u00e9ral accompagn\u00e9.<\/span><\/p>\n<p><span>Facilite et rend efficace la peinture des exercices miniatures, permettant de travailler en trois \u00e9tapes simples : Base-Deep Shade-Luz.<\/span><\/p>\n<p><span>Il est formul\u00e9 avec des pigments microdispers\u00e9s (moins d&rsquo;un micra) dans des r\u00e9sines acryliques pures pour r\u00e9duire l\u00e9g\u00e8rement les volumes et accentuer le contraste des ombres l\u00e0 o\u00f9 le produit est accumul\u00e9.<\/span><\/p>\n<p><span>Le produit pr\u00e9sente un \u00e9quilibre parfait entre fluidit\u00e9 et viscosit\u00e9, siendo esta \u00faltima sup\u00e9rieure aux lavages d&rsquo;\u00e9mail pour faciliter la r\u00e9tention du pigment dans les plis et la r\u00e9cup\u00e9ration, ce qui est imprescindible lorsqu&rsquo;il travaille sur des figures qui gardent habituellement une position verticale.<\/span><\/p>\n<p><span>Pr\u00e9sente un parfait agarre et r\u00e9sistance.<\/span><\/p>\n<p><span>Formule sp\u00e9ciale pour \u00e9viter les burbujas.<\/span><\/p>\n<p><span>Une fois de plus, il ne r\u00e9agit pas avec l&rsquo;eau ni avec son milieu propio.<\/span><\/p>\n<p><span>Il est recommand\u00e9 de ne pas charger les zones d&rsquo;application pour ne pas ralentir le temps de s\u00e9chage, il est recommand\u00e9 d&rsquo;appliquer deux petites capacit\u00e9s au cas o\u00f9 vous souhaiteriez marquer plus d&rsquo;effet.<\/span><\/p>\n<\/div>","protected":false},"excerpt":{"rendered":"<p>Produit acrylique pour diluer la gamme Deep Shade et obtenir plus de transparence lors de leur application sur des miniatures. Ce m\u00e9dium n\u2019est ni un diluant ni un solvant. Ce produit permet de r\u00e9duire l&rsquo;intensit\u00e9 des Deep Shades en convertissant les propri\u00e9t\u00e9s de sa formule. &nbsp; Les nuances profondes sont formul\u00e9es pour obtenir un ombrage simple et rapide sur des&hellip;<\/p>","protected":false},"featured_media":6368,"template":"","meta":[],"product_brand":[],"product_cat":[83],"product_tag":[],"class_list":{"0":"post-6367","1":"product","2":"type-product","3":"status-publish","4":"has-post-thumbnail","6":"product_cat-deep-shade","8":"first","9":"instock","10":"taxable","11":"shipping-taxable","12":"purchasable","13":"product-type-simple"},"yoast_head":"<!-- This site is optimized with the Yoast SEO plugin v25.8 - https:\/\/yoast.com\/wordpress\/plugins\/seo\/ -->\n<title>DEEP SHADE MOYEN 30ML \u2013 DEEP SHADES &#8211; G3D<\/title>\n<meta name=\"robots\" content=\"index, follow, max-snippet:-1, max-image-preview:large, max-video-preview:-1\" \/>\n<link rel=\"canonical\" href=\"https:\/\/g3d-wargame.com\/en\/product\/deep-shade-moyen-30ml-deep-shades\/\" \/>\n<meta property=\"og:locale\" content=\"en_GB\" \/>\n<meta property=\"og:type\" content=\"article\" \/>\n<meta property=\"og:title\" content=\"DEEP SHADE MOYEN 30ML \u2013 DEEP SHADES &#8211; G3D\" \/>\n<meta property=\"og:description\" content=\"Produit acrylique pour diluer la gamme Deep Shade et obtenir plus de transparence lors de leur application sur des miniatures. Ce m\u00e9dium n\u2019est ni un diluant ni un solvant. Ce produit permet de r\u00e9duire l&rsquo;intensit\u00e9 des Deep Shades en convertissant les propri\u00e9t\u00e9s de sa formule. &nbsp; Les nuances profondes sont formul\u00e9es pour obtenir un ombrage simple et rapide sur des&hellip;\" \/>\n<meta property=\"og:url\" content=\"https:\/\/g3d-wargame.com\/en\/product\/deep-shade-moyen-30ml-deep-shades\/\" \/>\n<meta property=\"og:site_name\" content=\"G3D\" \/>\n<meta property=\"article:modified_time\" content=\"2025-06-29T08:48:28+00:00\" \/>\n<meta property=\"og:image\" content=\"https:\/\/g3d-wargame.com\/wp-content\/uploads\/2025\/05\/EFEZFEF.jpg\" \/>\n\t<meta property=\"og:image:width\" content=\"800\" \/>\n\t<meta property=\"og:image:height\" content=\"800\" \/>\n\t<meta property=\"og:image:type\" content=\"image\/jpeg\" \/>\n<meta name=\"twitter:card\" content=\"summary_large_image\" \/>\n<meta name=\"twitter:label1\" content=\"Estimated reading time\" \/>\n\t<meta name=\"twitter:data1\" content=\"3 minutes\" \/>\n<script type=\"application\/ld+json\" class=\"yoast-schema-graph\">{\"@context\":\"https:\/\/schema.org\",\"@graph\":[{\"@type\":\"WebPage\",\"@id\":\"https:\/\/g3d-wargame.com\/produit\/deep-shade-moyen-30ml-deep-shades\/\",\"url\":\"https:\/\/g3d-wargame.com\/produit\/deep-shade-moyen-30ml-deep-shades\/\",\"name\":\"DEEP SHADE MOYEN 30ML \u2013 DEEP SHADES &#8211; G3D\",\"isPartOf\":{\"@id\":\"https:\/\/g3d-wargame.com\/#website\"},\"primaryImageOfPage\":{\"@id\":\"https:\/\/g3d-wargame.com\/produit\/deep-shade-moyen-30ml-deep-shades\/#primaryimage\"},\"image\":{\"@id\":\"https:\/\/g3d-wargame.com\/produit\/deep-shade-moyen-30ml-deep-shades\/#primaryimage\"},\"thumbnailUrl\":\"https:\/\/g3d-wargame.com\/wp-content\/uploads\/2025\/05\/EFEZFEF.jpg\",\"datePublished\":\"2025-05-22T15:18:37+00:00\",\"dateModified\":\"2025-06-29T08:48:28+00:00\",\"breadcrumb\":{\"@id\":\"https:\/\/g3d-wargame.com\/produit\/deep-shade-moyen-30ml-deep-shades\/#breadcrumb\"},\"inLanguage\":\"en-GB\",\"potentialAction\":[{\"@type\":\"ReadAction\",\"target\":[\"https:\/\/g3d-wargame.com\/produit\/deep-shade-moyen-30ml-deep-shades\/\"]}]},{\"@type\":\"ImageObject\",\"inLanguage\":\"en-GB\",\"@id\":\"https:\/\/g3d-wargame.com\/produit\/deep-shade-moyen-30ml-deep-shades\/#primaryimage\",\"url\":\"https:\/\/g3d-wargame.com\/wp-content\/uploads\/2025\/05\/EFEZFEF.jpg\",\"contentUrl\":\"https:\/\/g3d-wargame.com\/wp-content\/uploads\/2025\/05\/EFEZFEF.jpg\",\"width\":800,\"height\":800},{\"@type\":\"BreadcrumbList\",\"@id\":\"https:\/\/g3d-wargame.com\/produit\/deep-shade-moyen-30ml-deep-shades\/#breadcrumb\",\"itemListElement\":[{\"@type\":\"ListItem\",\"position\":1,\"name\":\"Accueil\",\"item\":\"https:\/\/g3d-wargame.com\/\"},{\"@type\":\"ListItem\",\"position\":2,\"name\":\"Produits\",\"item\":\"https:\/\/g3d-wargame.com\/shop__trashed\/\"},{\"@type\":\"ListItem\",\"position\":3,\"name\":\"DEEP SHADE MOYEN 30ML \u2013 DEEP SHADES\"}]},{\"@type\":\"WebSite\",\"@id\":\"https:\/\/g3d-wargame.com\/#website\",\"url\":\"https:\/\/g3d-wargame.com\/\",\"name\":\"G3D\",\"description\":\" impression 3D\",\"publisher\":{\"@id\":\"https:\/\/g3d-wargame.com\/#organization\"},\"alternateName\":\"G3D Wargame\",\"potentialAction\":[{\"@type\":\"SearchAction\",\"target\":{\"@type\":\"EntryPoint\",\"urlTemplate\":\"https:\/\/g3d-wargame.com\/?s={search_term_string}\"},\"query-input\":{\"@type\":\"PropertyValueSpecification\",\"valueRequired\":true,\"valueName\":\"search_term_string\"}}],\"inLanguage\":\"en-GB\"},{\"@type\":\"Organization\",\"@id\":\"https:\/\/g3d-wargame.com\/#organization\",\"name\":\"G3D\",\"alternateName\":\"G3D WARGAME\",\"url\":\"https:\/\/g3d-wargame.com\/\",\"logo\":{\"@type\":\"ImageObject\",\"inLanguage\":\"en-GB\",\"@id\":\"https:\/\/g3d-wargame.com\/#\/schema\/logo\/image\/\",\"url\":\"https:\/\/g3d-wargame.com\/wp-content\/uploads\/2023\/12\/G3DLOGO-v1-700-x-700-px.png\",\"contentUrl\":\"https:\/\/g3d-wargame.com\/wp-content\/uploads\/2023\/12\/G3DLOGO-v1-700-x-700-px.png\",\"width\":788,\"height\":788,\"caption\":\"G3D\"},\"image\":{\"@id\":\"https:\/\/g3d-wargame.com\/#\/schema\/logo\/image\/\"}}]}<\/script>\n<!-- \/ Yoast SEO plugin. -->","yoast_head_json":{"title":"DEEP SHADE MOYEN 30ML \u2013 DEEP SHADES &#8211; G3D","robots":{"index":"index","follow":"follow","max-snippet":"max-snippet:-1","max-image-preview":"max-image-preview:large","max-video-preview":"max-video-preview:-1"},"canonical":"https:\/\/g3d-wargame.com\/en\/product\/deep-shade-moyen-30ml-deep-shades\/","og_locale":"en_GB","og_type":"article","og_title":"DEEP SHADE MOYEN 30ML \u2013 DEEP SHADES &#8211; G3D","og_description":"Produit acrylique pour diluer la gamme Deep Shade et obtenir plus de transparence lors de leur application sur des miniatures. Ce m\u00e9dium n\u2019est ni un diluant ni un solvant. Ce produit permet de r\u00e9duire l&rsquo;intensit\u00e9 des Deep Shades en convertissant les propri\u00e9t\u00e9s de sa formule. &nbsp; Les nuances profondes sont formul\u00e9es pour obtenir un ombrage simple et rapide sur des&hellip;","og_url":"https:\/\/g3d-wargame.com\/en\/product\/deep-shade-moyen-30ml-deep-shades\/","og_site_name":"G3D","article_modified_time":"2025-06-29T08:48:28+00:00","og_image":[{"width":800,"height":800,"url":"https:\/\/g3d-wargame.com\/wp-content\/uploads\/2025\/05\/EFEZFEF.jpg","type":"image\/jpeg"}],"twitter_card":"summary_large_image","twitter_misc":{"Estimated reading time":"3 minutes"},"schema":{"@context":"https:\/\/schema.org","@graph":[{"@type":"WebPage","@id":"https:\/\/g3d-wargame.com\/produit\/deep-shade-moyen-30ml-deep-shades\/","url":"https:\/\/g3d-wargame.com\/produit\/deep-shade-moyen-30ml-deep-shades\/","name":"DEEP SHADE MOYEN 30ML \u2013 DEEP SHADES &#8211; G3D","isPartOf":{"@id":"https:\/\/g3d-wargame.com\/#website"},"primaryImageOfPage":{"@id":"https:\/\/g3d-wargame.com\/produit\/deep-shade-moyen-30ml-deep-shades\/#primaryimage"},"image":{"@id":"https:\/\/g3d-wargame.com\/produit\/deep-shade-moyen-30ml-deep-shades\/#primaryimage"},"thumbnailUrl":"https:\/\/g3d-wargame.com\/wp-content\/uploads\/2025\/05\/EFEZFEF.jpg","datePublished":"2025-05-22T15:18:37+00:00","dateModified":"2025-06-29T08:48:28+00:00","breadcrumb":{"@id":"https:\/\/g3d-wargame.com\/produit\/deep-shade-moyen-30ml-deep-shades\/#breadcrumb"},"inLanguage":"en-GB","potentialAction":[{"@type":"ReadAction","target":["https:\/\/g3d-wargame.com\/produit\/deep-shade-moyen-30ml-deep-shades\/"]}]},{"@type":"ImageObject","inLanguage":"en-GB","@id":"https:\/\/g3d-wargame.com\/produit\/deep-shade-moyen-30ml-deep-shades\/#primaryimage","url":"https:\/\/g3d-wargame.com\/wp-content\/uploads\/2025\/05\/EFEZFEF.jpg","contentUrl":"https:\/\/g3d-wargame.com\/wp-content\/uploads\/2025\/05\/EFEZFEF.jpg","width":800,"height":800},{"@type":"BreadcrumbList","@id":"https:\/\/g3d-wargame.com\/produit\/deep-shade-moyen-30ml-deep-shades\/#breadcrumb","itemListElement":[{"@type":"ListItem","position":1,"name":"Accueil","item":"https:\/\/g3d-wargame.com\/"},{"@type":"ListItem","position":2,"name":"Produits","item":"https:\/\/g3d-wargame.com\/shop__trashed\/"},{"@type":"ListItem","position":3,"name":"DEEP SHADE MOYEN 30ML \u2013 DEEP SHADES"}]},{"@type":"WebSite","@id":"https:\/\/g3d-wargame.com\/#website","url":"https:\/\/g3d-wargame.com\/","name":"G3D","description":"3D printing","publisher":{"@id":"https:\/\/g3d-wargame.com\/#organization"},"alternateName":"G3D Wargame","potentialAction":[{"@type":"SearchAction","target":{"@type":"EntryPoint","urlTemplate":"https:\/\/g3d-wargame.com\/?s={search_term_string}"},"query-input":{"@type":"PropertyValueSpecification","valueRequired":true,"valueName":"search_term_string"}}],"inLanguage":"en-GB"},{"@type":"Organization","@id":"https:\/\/g3d-wargame.com\/#organization","name":"G3D","alternateName":"G3D WARGAME","url":"https:\/\/g3d-wargame.com\/","logo":{"@type":"ImageObject","inLanguage":"en-GB","@id":"https:\/\/g3d-wargame.com\/#\/schema\/logo\/image\/","url":"https:\/\/g3d-wargame.com\/wp-content\/uploads\/2023\/12\/G3DLOGO-v1-700-x-700-px.png","contentUrl":"https:\/\/g3d-wargame.com\/wp-content\/uploads\/2023\/12\/G3DLOGO-v1-700-x-700-px.png","width":788,"height":788,"caption":"G3D"},"image":{"@id":"https:\/\/g3d-wargame.com\/#\/schema\/logo\/image\/"}}]}},"_links":{"self":[{"href":"https:\/\/g3d-wargame.com\/en\/wp-json\/wp\/v2\/product\/6367","targetHints":{"allow":["GET"]}}],"collection":[{"href":"https:\/\/g3d-wargame.com\/en\/wp-json\/wp\/v2\/product"}],"about":[{"href":"https:\/\/g3d-wargame.com\/en\/wp-json\/wp\/v2\/types\/product"}],"wp:featuredmedia":[{"embeddable":true,"href":"https:\/\/g3d-wargame.com\/en\/wp-json\/wp\/v2\/media\/6368"}],"wp:attachment":[{"href":"https:\/\/g3d-wargame.com\/en\/wp-json\/wp\/v2\/media?parent=6367"}],"wp:term":[{"taxonomy":"product_brand","embeddable":true,"href":"https:\/\/g3d-wargame.com\/en\/wp-json\/wp\/v2\/product_brand?post=6367"},{"taxonomy":"product_cat","embeddable":true,"href":"https:\/\/g3d-wargame.com\/en\/wp-json\/wp\/v2\/product_cat?post=6367"},{"taxonomy":"product_tag","embeddable":true,"href":"https:\/\/g3d-wargame.com\/en\/wp-json\/wp\/v2\/product_tag?post=6367"}],"curies":[{"name":"wp","href":"https:\/\/api.w.org\/{rel}","templated":true}]}}