{"id":6363,"date":"2025-05-22T17:03:40","date_gmt":"2025-05-22T15:03:40","guid":{"rendered":"https:\/\/g3d-wargame.com\/?post_type=product&#038;p=6363"},"modified":"2026-02-04T09:13:18","modified_gmt":"2026-02-04T08:13:18","slug":"peaux-et-tons-de-chair-ensemble-de-marqueur-de-jeu","status":"publish","type":"product","link":"https:\/\/g3d-wargame.com\/en\/product\/peaux-et-tons-de-chair-ensemble-de-marqueur-de-jeu\/","title":{"rendered":"PEAUX ET TONS DE CHAIR \u2013 ENSEMBLE DE MARQUEUR DE JEU"},"content":{"rendered":"<div id=\"target-englang\" class=\"collapseomatic_content\">\n<p>THE\u00a0<strong>six couleurs<\/strong>\u00a0de ce set vous permettront de peindre n&rsquo;importe quel type de peau sur vos figurines. C&rsquo;est un set de base pour tous les joueurs.<br \/>\nCes couleurs peuvent \u00eatre combin\u00e9es avec d&rsquo;autres marqueurs et peintures pour obtenir une plus grande vari\u00e9t\u00e9 de tons et d&rsquo;effets.<\/p>\n<p>Contains:<\/p>\n<ul>\n<li><strong>AKM007<\/strong>\u00a0\u00a0 \u2013 PEAU CLAIRE<\/li>\n<li><strong>AKM008<\/strong>\u00a0\u2013 PEAU FONC\u00c9E<\/li>\n<li><strong>AKM009<\/strong>\u00a0\u2013 PEAU NOIRE<\/li>\n<li><strong>AKM010<\/strong>\u00a0\u2013 PEAU ROSE<\/li>\n<li><strong>AKM011\u00a0\u00a0<\/strong>\u2013 PEAU DE ZOMBIE<\/li>\n<li><strong>AKM014<\/strong>\u00a0\u2013 VERT ANIMAL<\/li>\n<\/ul>\n<p>&nbsp;<\/p>\n<p><em>Il est recommand\u00e9 d&rsquo;utiliser un appr\u00eat blanc avant de peindre avec PLAYMARKERS pour obtenir les meilleurs r\u00e9sultats.<\/em><\/p>\n<p><strong>MARQUEUR DE PEINTURE ACRYLIQUE POUR MOD\u00c9LISATEURS ET JOUEURS, AVEC POINTE PINCEAU. S\u00c9CHAGE RAPIDE, R\u00c9SISTANT \u00c0 L&rsquo;EAU.<\/strong><br \/>\nLes marqueurs Playmarker contiennent une formule acrylique unique qui assure une adh\u00e9rence parfaite sur les surfaces en plastique, r\u00e9sine, m\u00e9tal et bois.<br \/>\nLa peinture r\u00e9siste \u00e0 la manipulation, \u00e0 l&rsquo;eau et \u00e0 la chaleur.<br \/>\nElle s&rsquo;applique en couches comme toute autre peinture de mod\u00e9lisme et permet de m\u00e9langer les couleurs pour obtenir une large gamme d&rsquo;effets et de transitions.<br \/>\nHaut pouvoir couvrant. Permet une application ult\u00e9rieure avec n&rsquo;importe quel produit sans risque de d\u00e9coloration.<br \/>\nId\u00e9al pour une peinture propre, pratique et pr\u00e9cise.<\/p>\n<p><em>(La finition des marqueurs est mate, mais certaines r\u00e9f\u00e9rences, en raison de la nature des pigments, peuvent \u00eatre quelque peu satin\u00e9es. Quelle que soit la finition pr\u00e9f\u00e9r\u00e9e, qu&rsquo;elle soit mate, satin\u00e9e ou brillante, les marqueurs peuvent \u00eatre recouverts de tout type de vernis sans craindre d&rsquo;ab\u00eemer la peinture).<\/em><\/p>\n<\/div>","protected":false},"excerpt":{"rendered":"<p>Les\u00a0six couleurs\u00a0de ce set vous permettront de peindre n&rsquo;importe quel type de peau sur vos figurines. C&rsquo;est un set de base pour tous les joueurs. Ces couleurs peuvent \u00eatre combin\u00e9es avec d&rsquo;autres marqueurs et peintures pour obtenir une plus grande vari\u00e9t\u00e9 de tons et d&rsquo;effets. Contient: AKM007\u00a0\u00a0 \u2013 PEAU CLAIRE AKM008\u00a0\u2013 PEAU FONC\u00c9E AKM009\u00a0\u2013 PEAU NOIRE AKM010\u00a0\u2013 PEAU ROSE AKM011\u00a0\u00a0\u2013&hellip;<\/p>","protected":false},"featured_media":6364,"template":"","meta":[],"product_brand":[],"product_cat":[72],"product_tag":[],"class_list":{"0":"post-6363","1":"product","2":"type-product","3":"status-publish","4":"has-post-thumbnail","6":"product_cat-ak","8":"first","9":"onbackorder","10":"taxable","11":"shipping-taxable","12":"purchasable","13":"product-type-simple"},"yoast_head":"<!-- This site is optimized with the Yoast SEO plugin v25.8 - https:\/\/yoast.com\/wordpress\/plugins\/seo\/ -->\n<title>PEAUX ET TONS DE CHAIR \u2013 ENSEMBLE DE MARQUEUR DE JEU &#8211; G3D<\/title>\n<meta name=\"robots\" content=\"index, follow, max-snippet:-1, max-image-preview:large, max-video-preview:-1\" \/>\n<link rel=\"canonical\" href=\"https:\/\/g3d-wargame.com\/en\/product\/peaux-et-tons-de-chair-ensemble-de-marqueur-de-jeu\/\" \/>\n<meta property=\"og:locale\" content=\"en_GB\" \/>\n<meta property=\"og:type\" content=\"article\" \/>\n<meta property=\"og:title\" content=\"PEAUX ET TONS DE CHAIR \u2013 ENSEMBLE DE MARQUEUR DE JEU &#8211; G3D\" \/>\n<meta property=\"og:description\" content=\"Les\u00a0six couleurs\u00a0de ce set vous permettront de peindre n&rsquo;importe quel type de peau sur vos figurines. C&rsquo;est un set de base pour tous les joueurs. Ces couleurs peuvent \u00eatre combin\u00e9es avec d&rsquo;autres marqueurs et peintures pour obtenir une plus grande vari\u00e9t\u00e9 de tons et d&rsquo;effets. Contient: AKM007\u00a0\u00a0 \u2013 PEAU CLAIRE AKM008\u00a0\u2013 PEAU FONC\u00c9E AKM009\u00a0\u2013 PEAU NOIRE AKM010\u00a0\u2013 PEAU ROSE AKM011\u00a0\u00a0\u2013&hellip;\" \/>\n<meta property=\"og:url\" content=\"https:\/\/g3d-wargame.com\/en\/product\/peaux-et-tons-de-chair-ensemble-de-marqueur-de-jeu\/\" \/>\n<meta property=\"og:site_name\" content=\"G3D\" \/>\n<meta property=\"article:modified_time\" content=\"2026-02-04T08:13:18+00:00\" \/>\n<meta property=\"og:image\" content=\"https:\/\/g3d-wargame.com\/wp-content\/uploads\/2025\/05\/GHGY.jpg\" \/>\n\t<meta property=\"og:image:width\" content=\"1200\" \/>\n\t<meta property=\"og:image:height\" content=\"1200\" \/>\n\t<meta property=\"og:image:type\" content=\"image\/jpeg\" \/>\n<meta name=\"twitter:card\" content=\"summary_large_image\" \/>\n<meta name=\"twitter:label1\" content=\"Estimated reading time\" \/>\n\t<meta name=\"twitter:data1\" content=\"2 minutes\" \/>\n<script type=\"application\/ld+json\" class=\"yoast-schema-graph\">{\"@context\":\"https:\/\/schema.org\",\"@graph\":[{\"@type\":\"WebPage\",\"@id\":\"https:\/\/g3d-wargame.com\/produit\/peaux-et-tons-de-chair-ensemble-de-marqueur-de-jeu\/\",\"url\":\"https:\/\/g3d-wargame.com\/produit\/peaux-et-tons-de-chair-ensemble-de-marqueur-de-jeu\/\",\"name\":\"PEAUX ET TONS DE CHAIR \u2013 ENSEMBLE DE MARQUEUR DE JEU &#8211; G3D\",\"isPartOf\":{\"@id\":\"https:\/\/g3d-wargame.com\/#website\"},\"primaryImageOfPage\":{\"@id\":\"https:\/\/g3d-wargame.com\/produit\/peaux-et-tons-de-chair-ensemble-de-marqueur-de-jeu\/#primaryimage\"},\"image\":{\"@id\":\"https:\/\/g3d-wargame.com\/produit\/peaux-et-tons-de-chair-ensemble-de-marqueur-de-jeu\/#primaryimage\"},\"thumbnailUrl\":\"https:\/\/g3d-wargame.com\/wp-content\/uploads\/2025\/05\/GHGY.jpg\",\"datePublished\":\"2025-05-22T15:03:40+00:00\",\"dateModified\":\"2026-02-04T08:13:18+00:00\",\"breadcrumb\":{\"@id\":\"https:\/\/g3d-wargame.com\/produit\/peaux-et-tons-de-chair-ensemble-de-marqueur-de-jeu\/#breadcrumb\"},\"inLanguage\":\"en-GB\",\"potentialAction\":[{\"@type\":\"ReadAction\",\"target\":[\"https:\/\/g3d-wargame.com\/produit\/peaux-et-tons-de-chair-ensemble-de-marqueur-de-jeu\/\"]}]},{\"@type\":\"ImageObject\",\"inLanguage\":\"en-GB\",\"@id\":\"https:\/\/g3d-wargame.com\/produit\/peaux-et-tons-de-chair-ensemble-de-marqueur-de-jeu\/#primaryimage\",\"url\":\"https:\/\/g3d-wargame.com\/wp-content\/uploads\/2025\/05\/GHGY.jpg\",\"contentUrl\":\"https:\/\/g3d-wargame.com\/wp-content\/uploads\/2025\/05\/GHGY.jpg\",\"width\":1200,\"height\":1200},{\"@type\":\"BreadcrumbList\",\"@id\":\"https:\/\/g3d-wargame.com\/produit\/peaux-et-tons-de-chair-ensemble-de-marqueur-de-jeu\/#breadcrumb\",\"itemListElement\":[{\"@type\":\"ListItem\",\"position\":1,\"name\":\"Accueil\",\"item\":\"https:\/\/g3d-wargame.com\/\"},{\"@type\":\"ListItem\",\"position\":2,\"name\":\"Produits\",\"item\":\"https:\/\/g3d-wargame.com\/shop__trashed\/\"},{\"@type\":\"ListItem\",\"position\":3,\"name\":\"PEAUX ET TONS DE CHAIR \u2013 ENSEMBLE DE MARQUEUR DE JEU\"}]},{\"@type\":\"WebSite\",\"@id\":\"https:\/\/g3d-wargame.com\/#website\",\"url\":\"https:\/\/g3d-wargame.com\/\",\"name\":\"G3D\",\"description\":\" impression 3D\",\"publisher\":{\"@id\":\"https:\/\/g3d-wargame.com\/#organization\"},\"alternateName\":\"G3D Wargame\",\"potentialAction\":[{\"@type\":\"SearchAction\",\"target\":{\"@type\":\"EntryPoint\",\"urlTemplate\":\"https:\/\/g3d-wargame.com\/?s={search_term_string}\"},\"query-input\":{\"@type\":\"PropertyValueSpecification\",\"valueRequired\":true,\"valueName\":\"search_term_string\"}}],\"inLanguage\":\"en-GB\"},{\"@type\":\"Organization\",\"@id\":\"https:\/\/g3d-wargame.com\/#organization\",\"name\":\"G3D\",\"alternateName\":\"G3D WARGAME\",\"url\":\"https:\/\/g3d-wargame.com\/\",\"logo\":{\"@type\":\"ImageObject\",\"inLanguage\":\"en-GB\",\"@id\":\"https:\/\/g3d-wargame.com\/#\/schema\/logo\/image\/\",\"url\":\"https:\/\/g3d-wargame.com\/wp-content\/uploads\/2023\/12\/G3DLOGO-v1-700-x-700-px.png\",\"contentUrl\":\"https:\/\/g3d-wargame.com\/wp-content\/uploads\/2023\/12\/G3DLOGO-v1-700-x-700-px.png\",\"width\":788,\"height\":788,\"caption\":\"G3D\"},\"image\":{\"@id\":\"https:\/\/g3d-wargame.com\/#\/schema\/logo\/image\/\"}}]}<\/script>\n<!-- \/ Yoast SEO plugin. -->","yoast_head_json":{"title":"PEAUX ET TONS DE CHAIR \u2013 ENSEMBLE DE MARQUEUR DE JEU &#8211; G3D","robots":{"index":"index","follow":"follow","max-snippet":"max-snippet:-1","max-image-preview":"max-image-preview:large","max-video-preview":"max-video-preview:-1"},"canonical":"https:\/\/g3d-wargame.com\/en\/product\/peaux-et-tons-de-chair-ensemble-de-marqueur-de-jeu\/","og_locale":"en_GB","og_type":"article","og_title":"PEAUX ET TONS DE CHAIR \u2013 ENSEMBLE DE MARQUEUR DE JEU &#8211; G3D","og_description":"Les\u00a0six couleurs\u00a0de ce set vous permettront de peindre n&rsquo;importe quel type de peau sur vos figurines. C&rsquo;est un set de base pour tous les joueurs. Ces couleurs peuvent \u00eatre combin\u00e9es avec d&rsquo;autres marqueurs et peintures pour obtenir une plus grande vari\u00e9t\u00e9 de tons et d&rsquo;effets. Contient: AKM007\u00a0\u00a0 \u2013 PEAU CLAIRE AKM008\u00a0\u2013 PEAU FONC\u00c9E AKM009\u00a0\u2013 PEAU NOIRE AKM010\u00a0\u2013 PEAU ROSE AKM011\u00a0\u00a0\u2013&hellip;","og_url":"https:\/\/g3d-wargame.com\/en\/product\/peaux-et-tons-de-chair-ensemble-de-marqueur-de-jeu\/","og_site_name":"G3D","article_modified_time":"2026-02-04T08:13:18+00:00","og_image":[{"width":1200,"height":1200,"url":"https:\/\/g3d-wargame.com\/wp-content\/uploads\/2025\/05\/GHGY.jpg","type":"image\/jpeg"}],"twitter_card":"summary_large_image","twitter_misc":{"Estimated reading time":"2 minutes"},"schema":{"@context":"https:\/\/schema.org","@graph":[{"@type":"WebPage","@id":"https:\/\/g3d-wargame.com\/produit\/peaux-et-tons-de-chair-ensemble-de-marqueur-de-jeu\/","url":"https:\/\/g3d-wargame.com\/produit\/peaux-et-tons-de-chair-ensemble-de-marqueur-de-jeu\/","name":"PEAUX ET TONS DE CHAIR \u2013 ENSEMBLE DE MARQUEUR DE JEU &#8211; G3D","isPartOf":{"@id":"https:\/\/g3d-wargame.com\/#website"},"primaryImageOfPage":{"@id":"https:\/\/g3d-wargame.com\/produit\/peaux-et-tons-de-chair-ensemble-de-marqueur-de-jeu\/#primaryimage"},"image":{"@id":"https:\/\/g3d-wargame.com\/produit\/peaux-et-tons-de-chair-ensemble-de-marqueur-de-jeu\/#primaryimage"},"thumbnailUrl":"https:\/\/g3d-wargame.com\/wp-content\/uploads\/2025\/05\/GHGY.jpg","datePublished":"2025-05-22T15:03:40+00:00","dateModified":"2026-02-04T08:13:18+00:00","breadcrumb":{"@id":"https:\/\/g3d-wargame.com\/produit\/peaux-et-tons-de-chair-ensemble-de-marqueur-de-jeu\/#breadcrumb"},"inLanguage":"en-GB","potentialAction":[{"@type":"ReadAction","target":["https:\/\/g3d-wargame.com\/produit\/peaux-et-tons-de-chair-ensemble-de-marqueur-de-jeu\/"]}]},{"@type":"ImageObject","inLanguage":"en-GB","@id":"https:\/\/g3d-wargame.com\/produit\/peaux-et-tons-de-chair-ensemble-de-marqueur-de-jeu\/#primaryimage","url":"https:\/\/g3d-wargame.com\/wp-content\/uploads\/2025\/05\/GHGY.jpg","contentUrl":"https:\/\/g3d-wargame.com\/wp-content\/uploads\/2025\/05\/GHGY.jpg","width":1200,"height":1200},{"@type":"BreadcrumbList","@id":"https:\/\/g3d-wargame.com\/produit\/peaux-et-tons-de-chair-ensemble-de-marqueur-de-jeu\/#breadcrumb","itemListElement":[{"@type":"ListItem","position":1,"name":"Accueil","item":"https:\/\/g3d-wargame.com\/"},{"@type":"ListItem","position":2,"name":"Produits","item":"https:\/\/g3d-wargame.com\/shop__trashed\/"},{"@type":"ListItem","position":3,"name":"PEAUX ET TONS DE CHAIR \u2013 ENSEMBLE DE MARQUEUR DE JEU"}]},{"@type":"WebSite","@id":"https:\/\/g3d-wargame.com\/#website","url":"https:\/\/g3d-wargame.com\/","name":"G3D","description":"3D printing","publisher":{"@id":"https:\/\/g3d-wargame.com\/#organization"},"alternateName":"G3D Wargame","potentialAction":[{"@type":"SearchAction","target":{"@type":"EntryPoint","urlTemplate":"https:\/\/g3d-wargame.com\/?s={search_term_string}"},"query-input":{"@type":"PropertyValueSpecification","valueRequired":true,"valueName":"search_term_string"}}],"inLanguage":"en-GB"},{"@type":"Organization","@id":"https:\/\/g3d-wargame.com\/#organization","name":"G3D","alternateName":"G3D WARGAME","url":"https:\/\/g3d-wargame.com\/","logo":{"@type":"ImageObject","inLanguage":"en-GB","@id":"https:\/\/g3d-wargame.com\/#\/schema\/logo\/image\/","url":"https:\/\/g3d-wargame.com\/wp-content\/uploads\/2023\/12\/G3DLOGO-v1-700-x-700-px.png","contentUrl":"https:\/\/g3d-wargame.com\/wp-content\/uploads\/2023\/12\/G3DLOGO-v1-700-x-700-px.png","width":788,"height":788,"caption":"G3D"},"image":{"@id":"https:\/\/g3d-wargame.com\/#\/schema\/logo\/image\/"}}]}},"_links":{"self":[{"href":"https:\/\/g3d-wargame.com\/en\/wp-json\/wp\/v2\/product\/6363","targetHints":{"allow":["GET"]}}],"collection":[{"href":"https:\/\/g3d-wargame.com\/en\/wp-json\/wp\/v2\/product"}],"about":[{"href":"https:\/\/g3d-wargame.com\/en\/wp-json\/wp\/v2\/types\/product"}],"wp:featuredmedia":[{"embeddable":true,"href":"https:\/\/g3d-wargame.com\/en\/wp-json\/wp\/v2\/media\/6364"}],"wp:attachment":[{"href":"https:\/\/g3d-wargame.com\/en\/wp-json\/wp\/v2\/media?parent=6363"}],"wp:term":[{"taxonomy":"product_brand","embeddable":true,"href":"https:\/\/g3d-wargame.com\/en\/wp-json\/wp\/v2\/product_brand?post=6363"},{"taxonomy":"product_cat","embeddable":true,"href":"https:\/\/g3d-wargame.com\/en\/wp-json\/wp\/v2\/product_cat?post=6363"},{"taxonomy":"product_tag","embeddable":true,"href":"https:\/\/g3d-wargame.com\/en\/wp-json\/wp\/v2\/product_tag?post=6363"}],"curies":[{"name":"wp","href":"https:\/\/api.w.org\/{rel}","templated":true}]}}