{"id":6359,"date":"2025-05-22T16:44:24","date_gmt":"2025-05-22T14:44:24","guid":{"rendered":"https:\/\/g3d-wargame.com\/?post_type=product&#038;p=6359"},"modified":"2025-07-19T11:39:48","modified_gmt":"2025-07-19T09:39:48","slug":"ameliorant-de-flux-pour-aerophile-pour-acryliques-100-ml","status":"publish","type":"product","link":"https:\/\/g3d-wargame.com\/en\/product\/ameliorant-de-flux-pour-aerophile-pour-acryliques-100-ml\/","title":{"rendered":"AM\u00c9LIORANT DE FLUX POUR A\u00c9ROPHILE POUR ACRYLIQUES \u2013 100 ml"},"content":{"rendered":"<div id=\"target-englang\" class=\"collapseomatic_content\">\n<p>Ce produit retarde le s\u00e9chage de la peinture acrylique \u00e0 la pointe de l&rsquo;a\u00e9rographe, minimisant ainsi le colmatage et am\u00e9liorant l&rsquo;\u00e9coulement de la peinture.<\/p>\n<p>Ajoutez 1 goutte de Flow Improver pour 5 gouttes de peinture dans le godet de votre a\u00e9rographe et am\u00e9liorez sa fluidit\u00e9.<\/p>\n<p>Il est particuli\u00e8rement recommand\u00e9 pour les travaux sur de grandes surfaces n\u00e9cessitant un flux continu de peinture pendant une p\u00e9riode prolong\u00e9e ou sous des temp\u00e9ratures \u00e9lev\u00e9es o\u00f9 un s\u00e9chage plus rapide de la peinture peut se produire.<\/p>\n<p>&nbsp;<\/p>\n<p><strong>Volume : 100 ml<\/strong><\/p>\n<p>&nbsp;<\/p>\n<p>&nbsp;<\/p>\n<\/div>\n<div id=\"target-esplang\" class=\"collapseomatic_content\">\n<p>&nbsp;<\/p>\n<\/div>","protected":false},"excerpt":{"rendered":"<p>Ce produit retarde le s\u00e9chage de la peinture acrylique \u00e0 la pointe de l&rsquo;a\u00e9rographe, minimisant ainsi le colmatage et am\u00e9liorant l&rsquo;\u00e9coulement de la peinture. Ajoutez 1 goutte de Flow Improver pour 5 gouttes de peinture dans le godet de votre a\u00e9rographe et am\u00e9liorez sa fluidit\u00e9. Il est particuli\u00e8rement recommand\u00e9 pour les travaux sur de grandes surfaces n\u00e9cessitant un flux continu&hellip;<\/p>","protected":false},"featured_media":6360,"template":"","meta":[],"product_brand":[],"product_cat":[86],"product_tag":[],"class_list":{"0":"post-6359","1":"product","2":"type-product","3":"status-publish","4":"has-post-thumbnail","6":"product_cat-aerographe","8":"first","9":"onbackorder","10":"taxable","11":"shipping-taxable","12":"purchasable","13":"product-type-simple"},"yoast_head":"<!-- This site is optimized with the Yoast SEO plugin v25.8 - https:\/\/yoast.com\/wordpress\/plugins\/seo\/ -->\n<title>AM\u00c9LIORANT DE FLUX POUR A\u00c9ROPHILE POUR ACRYLIQUES \u2013 100 ml &#8211; G3D<\/title>\n<meta name=\"robots\" content=\"index, follow, max-snippet:-1, max-image-preview:large, max-video-preview:-1\" \/>\n<link rel=\"canonical\" href=\"https:\/\/g3d-wargame.com\/en\/product\/ameliorant-de-flux-pour-aerophile-pour-acryliques-100-ml\/\" \/>\n<meta property=\"og:locale\" content=\"en_GB\" \/>\n<meta property=\"og:type\" content=\"article\" \/>\n<meta property=\"og:title\" content=\"AM\u00c9LIORANT DE FLUX POUR A\u00c9ROPHILE POUR ACRYLIQUES \u2013 100 ml &#8211; G3D\" \/>\n<meta property=\"og:description\" content=\"Ce produit retarde le s\u00e9chage de la peinture acrylique \u00e0 la pointe de l&rsquo;a\u00e9rographe, minimisant ainsi le colmatage et am\u00e9liorant l&rsquo;\u00e9coulement de la peinture. Ajoutez 1 goutte de Flow Improver pour 5 gouttes de peinture dans le godet de votre a\u00e9rographe et am\u00e9liorez sa fluidit\u00e9. Il est particuli\u00e8rement recommand\u00e9 pour les travaux sur de grandes surfaces n\u00e9cessitant un flux continu&hellip;\" \/>\n<meta property=\"og:url\" content=\"https:\/\/g3d-wargame.com\/en\/product\/ameliorant-de-flux-pour-aerophile-pour-acryliques-100-ml\/\" \/>\n<meta property=\"og:site_name\" content=\"G3D\" \/>\n<meta property=\"article:modified_time\" content=\"2025-07-19T09:39:48+00:00\" \/>\n<meta property=\"og:image\" content=\"https:\/\/g3d-wargame.com\/wp-content\/uploads\/2025\/05\/scfzsfdz.jpg\" \/>\n\t<meta property=\"og:image:width\" content=\"800\" \/>\n\t<meta property=\"og:image:height\" content=\"800\" \/>\n\t<meta property=\"og:image:type\" content=\"image\/jpeg\" \/>\n<meta name=\"twitter:card\" content=\"summary_large_image\" \/>\n<meta name=\"twitter:label1\" content=\"Estimated reading time\" \/>\n\t<meta name=\"twitter:data1\" content=\"1 minute\" \/>\n<script type=\"application\/ld+json\" class=\"yoast-schema-graph\">{\"@context\":\"https:\/\/schema.org\",\"@graph\":[{\"@type\":\"WebPage\",\"@id\":\"https:\/\/g3d-wargame.com\/produit\/ameliorant-de-flux-pour-aerophile-pour-acryliques-100-ml\/\",\"url\":\"https:\/\/g3d-wargame.com\/produit\/ameliorant-de-flux-pour-aerophile-pour-acryliques-100-ml\/\",\"name\":\"AM\u00c9LIORANT DE FLUX POUR A\u00c9ROPHILE POUR ACRYLIQUES \u2013 100 ml &#8211; G3D\",\"isPartOf\":{\"@id\":\"https:\/\/g3d-wargame.com\/#website\"},\"primaryImageOfPage\":{\"@id\":\"https:\/\/g3d-wargame.com\/produit\/ameliorant-de-flux-pour-aerophile-pour-acryliques-100-ml\/#primaryimage\"},\"image\":{\"@id\":\"https:\/\/g3d-wargame.com\/produit\/ameliorant-de-flux-pour-aerophile-pour-acryliques-100-ml\/#primaryimage\"},\"thumbnailUrl\":\"https:\/\/g3d-wargame.com\/wp-content\/uploads\/2025\/05\/scfzsfdz.jpg\",\"datePublished\":\"2025-05-22T14:44:24+00:00\",\"dateModified\":\"2025-07-19T09:39:48+00:00\",\"breadcrumb\":{\"@id\":\"https:\/\/g3d-wargame.com\/produit\/ameliorant-de-flux-pour-aerophile-pour-acryliques-100-ml\/#breadcrumb\"},\"inLanguage\":\"en-GB\",\"potentialAction\":[{\"@type\":\"ReadAction\",\"target\":[\"https:\/\/g3d-wargame.com\/produit\/ameliorant-de-flux-pour-aerophile-pour-acryliques-100-ml\/\"]}]},{\"@type\":\"ImageObject\",\"inLanguage\":\"en-GB\",\"@id\":\"https:\/\/g3d-wargame.com\/produit\/ameliorant-de-flux-pour-aerophile-pour-acryliques-100-ml\/#primaryimage\",\"url\":\"https:\/\/g3d-wargame.com\/wp-content\/uploads\/2025\/05\/scfzsfdz.jpg\",\"contentUrl\":\"https:\/\/g3d-wargame.com\/wp-content\/uploads\/2025\/05\/scfzsfdz.jpg\",\"width\":800,\"height\":800},{\"@type\":\"BreadcrumbList\",\"@id\":\"https:\/\/g3d-wargame.com\/produit\/ameliorant-de-flux-pour-aerophile-pour-acryliques-100-ml\/#breadcrumb\",\"itemListElement\":[{\"@type\":\"ListItem\",\"position\":1,\"name\":\"Accueil\",\"item\":\"https:\/\/g3d-wargame.com\/\"},{\"@type\":\"ListItem\",\"position\":2,\"name\":\"Produits\",\"item\":\"https:\/\/g3d-wargame.com\/shop__trashed\/\"},{\"@type\":\"ListItem\",\"position\":3,\"name\":\"AM\u00c9LIORANT DE FLUX POUR A\u00c9ROPHILE POUR ACRYLIQUES \u2013 100 ml\"}]},{\"@type\":\"WebSite\",\"@id\":\"https:\/\/g3d-wargame.com\/#website\",\"url\":\"https:\/\/g3d-wargame.com\/\",\"name\":\"G3D\",\"description\":\" impression 3D\",\"publisher\":{\"@id\":\"https:\/\/g3d-wargame.com\/#organization\"},\"alternateName\":\"G3D Wargame\",\"potentialAction\":[{\"@type\":\"SearchAction\",\"target\":{\"@type\":\"EntryPoint\",\"urlTemplate\":\"https:\/\/g3d-wargame.com\/?s={search_term_string}\"},\"query-input\":{\"@type\":\"PropertyValueSpecification\",\"valueRequired\":true,\"valueName\":\"search_term_string\"}}],\"inLanguage\":\"en-GB\"},{\"@type\":\"Organization\",\"@id\":\"https:\/\/g3d-wargame.com\/#organization\",\"name\":\"G3D\",\"alternateName\":\"G3D WARGAME\",\"url\":\"https:\/\/g3d-wargame.com\/\",\"logo\":{\"@type\":\"ImageObject\",\"inLanguage\":\"en-GB\",\"@id\":\"https:\/\/g3d-wargame.com\/#\/schema\/logo\/image\/\",\"url\":\"https:\/\/g3d-wargame.com\/wp-content\/uploads\/2023\/12\/G3DLOGO-v1-700-x-700-px.png\",\"contentUrl\":\"https:\/\/g3d-wargame.com\/wp-content\/uploads\/2023\/12\/G3DLOGO-v1-700-x-700-px.png\",\"width\":788,\"height\":788,\"caption\":\"G3D\"},\"image\":{\"@id\":\"https:\/\/g3d-wargame.com\/#\/schema\/logo\/image\/\"}}]}<\/script>\n<!-- \/ Yoast SEO plugin. -->","yoast_head_json":{"title":"AM\u00c9LIORANT DE FLUX POUR A\u00c9ROPHILE POUR ACRYLIQUES \u2013 100 ml &#8211; G3D","robots":{"index":"index","follow":"follow","max-snippet":"max-snippet:-1","max-image-preview":"max-image-preview:large","max-video-preview":"max-video-preview:-1"},"canonical":"https:\/\/g3d-wargame.com\/en\/product\/ameliorant-de-flux-pour-aerophile-pour-acryliques-100-ml\/","og_locale":"en_GB","og_type":"article","og_title":"AM\u00c9LIORANT DE FLUX POUR A\u00c9ROPHILE POUR ACRYLIQUES \u2013 100 ml &#8211; G3D","og_description":"Ce produit retarde le s\u00e9chage de la peinture acrylique \u00e0 la pointe de l&rsquo;a\u00e9rographe, minimisant ainsi le colmatage et am\u00e9liorant l&rsquo;\u00e9coulement de la peinture. Ajoutez 1 goutte de Flow Improver pour 5 gouttes de peinture dans le godet de votre a\u00e9rographe et am\u00e9liorez sa fluidit\u00e9. Il est particuli\u00e8rement recommand\u00e9 pour les travaux sur de grandes surfaces n\u00e9cessitant un flux continu&hellip;","og_url":"https:\/\/g3d-wargame.com\/en\/product\/ameliorant-de-flux-pour-aerophile-pour-acryliques-100-ml\/","og_site_name":"G3D","article_modified_time":"2025-07-19T09:39:48+00:00","og_image":[{"width":800,"height":800,"url":"https:\/\/g3d-wargame.com\/wp-content\/uploads\/2025\/05\/scfzsfdz.jpg","type":"image\/jpeg"}],"twitter_card":"summary_large_image","twitter_misc":{"Estimated reading time":"1 minute"},"schema":{"@context":"https:\/\/schema.org","@graph":[{"@type":"WebPage","@id":"https:\/\/g3d-wargame.com\/produit\/ameliorant-de-flux-pour-aerophile-pour-acryliques-100-ml\/","url":"https:\/\/g3d-wargame.com\/produit\/ameliorant-de-flux-pour-aerophile-pour-acryliques-100-ml\/","name":"AM\u00c9LIORANT DE FLUX POUR A\u00c9ROPHILE POUR ACRYLIQUES \u2013 100 ml &#8211; G3D","isPartOf":{"@id":"https:\/\/g3d-wargame.com\/#website"},"primaryImageOfPage":{"@id":"https:\/\/g3d-wargame.com\/produit\/ameliorant-de-flux-pour-aerophile-pour-acryliques-100-ml\/#primaryimage"},"image":{"@id":"https:\/\/g3d-wargame.com\/produit\/ameliorant-de-flux-pour-aerophile-pour-acryliques-100-ml\/#primaryimage"},"thumbnailUrl":"https:\/\/g3d-wargame.com\/wp-content\/uploads\/2025\/05\/scfzsfdz.jpg","datePublished":"2025-05-22T14:44:24+00:00","dateModified":"2025-07-19T09:39:48+00:00","breadcrumb":{"@id":"https:\/\/g3d-wargame.com\/produit\/ameliorant-de-flux-pour-aerophile-pour-acryliques-100-ml\/#breadcrumb"},"inLanguage":"en-GB","potentialAction":[{"@type":"ReadAction","target":["https:\/\/g3d-wargame.com\/produit\/ameliorant-de-flux-pour-aerophile-pour-acryliques-100-ml\/"]}]},{"@type":"ImageObject","inLanguage":"en-GB","@id":"https:\/\/g3d-wargame.com\/produit\/ameliorant-de-flux-pour-aerophile-pour-acryliques-100-ml\/#primaryimage","url":"https:\/\/g3d-wargame.com\/wp-content\/uploads\/2025\/05\/scfzsfdz.jpg","contentUrl":"https:\/\/g3d-wargame.com\/wp-content\/uploads\/2025\/05\/scfzsfdz.jpg","width":800,"height":800},{"@type":"BreadcrumbList","@id":"https:\/\/g3d-wargame.com\/produit\/ameliorant-de-flux-pour-aerophile-pour-acryliques-100-ml\/#breadcrumb","itemListElement":[{"@type":"ListItem","position":1,"name":"Accueil","item":"https:\/\/g3d-wargame.com\/"},{"@type":"ListItem","position":2,"name":"Produits","item":"https:\/\/g3d-wargame.com\/shop__trashed\/"},{"@type":"ListItem","position":3,"name":"AM\u00c9LIORANT DE FLUX POUR A\u00c9ROPHILE POUR ACRYLIQUES \u2013 100 ml"}]},{"@type":"WebSite","@id":"https:\/\/g3d-wargame.com\/#website","url":"https:\/\/g3d-wargame.com\/","name":"G3D","description":"3D printing","publisher":{"@id":"https:\/\/g3d-wargame.com\/#organization"},"alternateName":"G3D Wargame","potentialAction":[{"@type":"SearchAction","target":{"@type":"EntryPoint","urlTemplate":"https:\/\/g3d-wargame.com\/?s={search_term_string}"},"query-input":{"@type":"PropertyValueSpecification","valueRequired":true,"valueName":"search_term_string"}}],"inLanguage":"en-GB"},{"@type":"Organization","@id":"https:\/\/g3d-wargame.com\/#organization","name":"G3D","alternateName":"G3D WARGAME","url":"https:\/\/g3d-wargame.com\/","logo":{"@type":"ImageObject","inLanguage":"en-GB","@id":"https:\/\/g3d-wargame.com\/#\/schema\/logo\/image\/","url":"https:\/\/g3d-wargame.com\/wp-content\/uploads\/2023\/12\/G3DLOGO-v1-700-x-700-px.png","contentUrl":"https:\/\/g3d-wargame.com\/wp-content\/uploads\/2023\/12\/G3DLOGO-v1-700-x-700-px.png","width":788,"height":788,"caption":"G3D"},"image":{"@id":"https:\/\/g3d-wargame.com\/#\/schema\/logo\/image\/"}}]}},"_links":{"self":[{"href":"https:\/\/g3d-wargame.com\/en\/wp-json\/wp\/v2\/product\/6359","targetHints":{"allow":["GET"]}}],"collection":[{"href":"https:\/\/g3d-wargame.com\/en\/wp-json\/wp\/v2\/product"}],"about":[{"href":"https:\/\/g3d-wargame.com\/en\/wp-json\/wp\/v2\/types\/product"}],"wp:featuredmedia":[{"embeddable":true,"href":"https:\/\/g3d-wargame.com\/en\/wp-json\/wp\/v2\/media\/6360"}],"wp:attachment":[{"href":"https:\/\/g3d-wargame.com\/en\/wp-json\/wp\/v2\/media?parent=6359"}],"wp:term":[{"taxonomy":"product_brand","embeddable":true,"href":"https:\/\/g3d-wargame.com\/en\/wp-json\/wp\/v2\/product_brand?post=6359"},{"taxonomy":"product_cat","embeddable":true,"href":"https:\/\/g3d-wargame.com\/en\/wp-json\/wp\/v2\/product_cat?post=6359"},{"taxonomy":"product_tag","embeddable":true,"href":"https:\/\/g3d-wargame.com\/en\/wp-json\/wp\/v2\/product_tag?post=6359"}],"curies":[{"name":"wp","href":"https:\/\/api.w.org\/{rel}","templated":true}]}}