{"id":6349,"date":"2025-05-22T16:34:05","date_gmt":"2025-05-22T14:34:05","guid":{"rendered":"https:\/\/g3d-wargame.com\/?post_type=product&#038;p=6349"},"modified":"2025-07-26T14:35:16","modified_gmt":"2025-07-26T12:35:16","slug":"magic-coffret-dencre","status":"publish","type":"product","link":"https:\/\/g3d-wargame.com\/en\/product\/magic-coffret-dencre\/","title":{"rendered":"MAGIC \u2013 COFFRET D&rsquo;ENCRE"},"content":{"rendered":"<div id=\"target-englang\" class=\"collapseomatic_content\">\n<p>Cet ensemble contient 3 encres fluorescentes aux tons froids pour obtenir une touche beaucoup plus vibrante sur les miniatures.<\/p>\n<p>Les encres peuvent \u00eatre m\u00e9lang\u00e9es avec des peintures acryliques pour obtenir des tons tr\u00e8s vibrants et satur\u00e9s.<\/p>\n<p>Ils peuvent \u00e9galement \u00eatre utilis\u00e9s directement, soit au pinceau ou \u00e0 l&rsquo;a\u00e9rographe, comme filtres et lavis, ou appliqu\u00e9s en couches sur les couleurs de base gr\u00e2ce \u00e0 leur transparence.<\/p>\n<p>Il est disponible en flacons\u00a0<strong>de 30 ml<\/strong>\u00a0.<\/p>\n<p>Contains:<\/p>\n<ul>\n<li>AK16041 FLUOR MAGENTA 30ML<\/li>\n<li>AK16045 VERT FLUOR 30ML<\/li>\n<li>AK16046 BLEU FLUOR 30ML<\/li>\n<\/ul>\n<p>&nbsp;<\/p>\n<\/div>\n<div id=\"target-esplang\" class=\"collapseomatic_content\">\n<p>&nbsp;<\/p>\n<p>&nbsp;<\/p>\n<\/div>","protected":false},"excerpt":{"rendered":"<p>Cet ensemble contient 3 encres fluorescentes aux tons froids pour obtenir une touche beaucoup plus vibrante sur les miniatures. Les encres peuvent \u00eatre m\u00e9lang\u00e9es avec des peintures acryliques pour obtenir des tons tr\u00e8s vibrants et satur\u00e9s. Ils peuvent \u00e9galement \u00eatre utilis\u00e9s directement, soit au pinceau ou \u00e0 l&rsquo;a\u00e9rographe, comme filtres et lavis, ou appliqu\u00e9s en couches sur les couleurs de&hellip;<\/p>","protected":false},"featured_media":6350,"template":"","meta":[],"product_brand":[],"product_cat":[87],"product_tag":[],"class_list":{"0":"post-6349","1":"product","2":"type-product","3":"status-publish","4":"has-post-thumbnail","6":"product_cat-encres","8":"first","9":"onbackorder","10":"taxable","11":"shipping-taxable","12":"purchasable","13":"product-type-simple"},"yoast_head":"<!-- This site is optimized with the Yoast SEO plugin v25.8 - https:\/\/yoast.com\/wordpress\/plugins\/seo\/ -->\n<title>MAGIC \u2013 COFFRET D&#039;ENCRE &#8211; G3D<\/title>\n<meta name=\"robots\" content=\"index, follow, max-snippet:-1, max-image-preview:large, max-video-preview:-1\" \/>\n<link rel=\"canonical\" href=\"https:\/\/g3d-wargame.com\/en\/product\/magic-coffret-dencre\/\" \/>\n<meta property=\"og:locale\" content=\"en_GB\" \/>\n<meta property=\"og:type\" content=\"article\" \/>\n<meta property=\"og:title\" content=\"MAGIC \u2013 COFFRET D&#039;ENCRE &#8211; G3D\" \/>\n<meta property=\"og:description\" content=\"Cet ensemble contient 3 encres fluorescentes aux tons froids pour obtenir une touche beaucoup plus vibrante sur les miniatures. Les encres peuvent \u00eatre m\u00e9lang\u00e9es avec des peintures acryliques pour obtenir des tons tr\u00e8s vibrants et satur\u00e9s. Ils peuvent \u00e9galement \u00eatre utilis\u00e9s directement, soit au pinceau ou \u00e0 l&rsquo;a\u00e9rographe, comme filtres et lavis, ou appliqu\u00e9s en couches sur les couleurs de&hellip;\" \/>\n<meta property=\"og:url\" content=\"https:\/\/g3d-wargame.com\/en\/product\/magic-coffret-dencre\/\" \/>\n<meta property=\"og:site_name\" content=\"G3D\" \/>\n<meta property=\"article:modified_time\" content=\"2025-07-26T12:35:16+00:00\" \/>\n<meta property=\"og:image\" content=\"https:\/\/g3d-wargame.com\/wp-content\/uploads\/2025\/05\/EZFZEFEZ.jpg\" \/>\n\t<meta property=\"og:image:width\" content=\"1200\" \/>\n\t<meta property=\"og:image:height\" content=\"1200\" \/>\n\t<meta property=\"og:image:type\" content=\"image\/jpeg\" \/>\n<meta name=\"twitter:card\" content=\"summary_large_image\" \/>\n<meta name=\"twitter:label1\" content=\"Estimated reading time\" \/>\n\t<meta name=\"twitter:data1\" content=\"2 minutes\" \/>\n<script type=\"application\/ld+json\" class=\"yoast-schema-graph\">{\"@context\":\"https:\/\/schema.org\",\"@graph\":[{\"@type\":\"WebPage\",\"@id\":\"https:\/\/g3d-wargame.com\/produit\/magic-coffret-dencre\/\",\"url\":\"https:\/\/g3d-wargame.com\/produit\/magic-coffret-dencre\/\",\"name\":\"MAGIC \u2013 COFFRET D'ENCRE &#8211; G3D\",\"isPartOf\":{\"@id\":\"https:\/\/g3d-wargame.com\/#website\"},\"primaryImageOfPage\":{\"@id\":\"https:\/\/g3d-wargame.com\/produit\/magic-coffret-dencre\/#primaryimage\"},\"image\":{\"@id\":\"https:\/\/g3d-wargame.com\/produit\/magic-coffret-dencre\/#primaryimage\"},\"thumbnailUrl\":\"https:\/\/g3d-wargame.com\/wp-content\/uploads\/2025\/05\/EZFZEFEZ.jpg\",\"datePublished\":\"2025-05-22T14:34:05+00:00\",\"dateModified\":\"2025-07-26T12:35:16+00:00\",\"breadcrumb\":{\"@id\":\"https:\/\/g3d-wargame.com\/produit\/magic-coffret-dencre\/#breadcrumb\"},\"inLanguage\":\"en-GB\",\"potentialAction\":[{\"@type\":\"ReadAction\",\"target\":[\"https:\/\/g3d-wargame.com\/produit\/magic-coffret-dencre\/\"]}]},{\"@type\":\"ImageObject\",\"inLanguage\":\"en-GB\",\"@id\":\"https:\/\/g3d-wargame.com\/produit\/magic-coffret-dencre\/#primaryimage\",\"url\":\"https:\/\/g3d-wargame.com\/wp-content\/uploads\/2025\/05\/EZFZEFEZ.jpg\",\"contentUrl\":\"https:\/\/g3d-wargame.com\/wp-content\/uploads\/2025\/05\/EZFZEFEZ.jpg\",\"width\":1200,\"height\":1200},{\"@type\":\"BreadcrumbList\",\"@id\":\"https:\/\/g3d-wargame.com\/produit\/magic-coffret-dencre\/#breadcrumb\",\"itemListElement\":[{\"@type\":\"ListItem\",\"position\":1,\"name\":\"Accueil\",\"item\":\"https:\/\/g3d-wargame.com\/\"},{\"@type\":\"ListItem\",\"position\":2,\"name\":\"Produits\",\"item\":\"https:\/\/g3d-wargame.com\/shop__trashed\/\"},{\"@type\":\"ListItem\",\"position\":3,\"name\":\"MAGIC \u2013 COFFRET D&rsquo;ENCRE\"}]},{\"@type\":\"WebSite\",\"@id\":\"https:\/\/g3d-wargame.com\/#website\",\"url\":\"https:\/\/g3d-wargame.com\/\",\"name\":\"G3D\",\"description\":\" impression 3D\",\"publisher\":{\"@id\":\"https:\/\/g3d-wargame.com\/#organization\"},\"alternateName\":\"G3D Wargame\",\"potentialAction\":[{\"@type\":\"SearchAction\",\"target\":{\"@type\":\"EntryPoint\",\"urlTemplate\":\"https:\/\/g3d-wargame.com\/?s={search_term_string}\"},\"query-input\":{\"@type\":\"PropertyValueSpecification\",\"valueRequired\":true,\"valueName\":\"search_term_string\"}}],\"inLanguage\":\"en-GB\"},{\"@type\":\"Organization\",\"@id\":\"https:\/\/g3d-wargame.com\/#organization\",\"name\":\"G3D\",\"alternateName\":\"G3D WARGAME\",\"url\":\"https:\/\/g3d-wargame.com\/\",\"logo\":{\"@type\":\"ImageObject\",\"inLanguage\":\"en-GB\",\"@id\":\"https:\/\/g3d-wargame.com\/#\/schema\/logo\/image\/\",\"url\":\"https:\/\/g3d-wargame.com\/wp-content\/uploads\/2023\/12\/G3DLOGO-v1-700-x-700-px.png\",\"contentUrl\":\"https:\/\/g3d-wargame.com\/wp-content\/uploads\/2023\/12\/G3DLOGO-v1-700-x-700-px.png\",\"width\":788,\"height\":788,\"caption\":\"G3D\"},\"image\":{\"@id\":\"https:\/\/g3d-wargame.com\/#\/schema\/logo\/image\/\"}}]}<\/script>\n<!-- \/ Yoast SEO plugin. -->","yoast_head_json":{"title":"MAGIC \u2013 COFFRET D'ENCRE &#8211; G3D","robots":{"index":"index","follow":"follow","max-snippet":"max-snippet:-1","max-image-preview":"max-image-preview:large","max-video-preview":"max-video-preview:-1"},"canonical":"https:\/\/g3d-wargame.com\/en\/product\/magic-coffret-dencre\/","og_locale":"en_GB","og_type":"article","og_title":"MAGIC \u2013 COFFRET D'ENCRE &#8211; G3D","og_description":"Cet ensemble contient 3 encres fluorescentes aux tons froids pour obtenir une touche beaucoup plus vibrante sur les miniatures. Les encres peuvent \u00eatre m\u00e9lang\u00e9es avec des peintures acryliques pour obtenir des tons tr\u00e8s vibrants et satur\u00e9s. Ils peuvent \u00e9galement \u00eatre utilis\u00e9s directement, soit au pinceau ou \u00e0 l&rsquo;a\u00e9rographe, comme filtres et lavis, ou appliqu\u00e9s en couches sur les couleurs de&hellip;","og_url":"https:\/\/g3d-wargame.com\/en\/product\/magic-coffret-dencre\/","og_site_name":"G3D","article_modified_time":"2025-07-26T12:35:16+00:00","og_image":[{"width":1200,"height":1200,"url":"https:\/\/g3d-wargame.com\/wp-content\/uploads\/2025\/05\/EZFZEFEZ.jpg","type":"image\/jpeg"}],"twitter_card":"summary_large_image","twitter_misc":{"Estimated reading time":"2 minutes"},"schema":{"@context":"https:\/\/schema.org","@graph":[{"@type":"WebPage","@id":"https:\/\/g3d-wargame.com\/produit\/magic-coffret-dencre\/","url":"https:\/\/g3d-wargame.com\/produit\/magic-coffret-dencre\/","name":"MAGIC \u2013 COFFRET D'ENCRE &#8211; G3D","isPartOf":{"@id":"https:\/\/g3d-wargame.com\/#website"},"primaryImageOfPage":{"@id":"https:\/\/g3d-wargame.com\/produit\/magic-coffret-dencre\/#primaryimage"},"image":{"@id":"https:\/\/g3d-wargame.com\/produit\/magic-coffret-dencre\/#primaryimage"},"thumbnailUrl":"https:\/\/g3d-wargame.com\/wp-content\/uploads\/2025\/05\/EZFZEFEZ.jpg","datePublished":"2025-05-22T14:34:05+00:00","dateModified":"2025-07-26T12:35:16+00:00","breadcrumb":{"@id":"https:\/\/g3d-wargame.com\/produit\/magic-coffret-dencre\/#breadcrumb"},"inLanguage":"en-GB","potentialAction":[{"@type":"ReadAction","target":["https:\/\/g3d-wargame.com\/produit\/magic-coffret-dencre\/"]}]},{"@type":"ImageObject","inLanguage":"en-GB","@id":"https:\/\/g3d-wargame.com\/produit\/magic-coffret-dencre\/#primaryimage","url":"https:\/\/g3d-wargame.com\/wp-content\/uploads\/2025\/05\/EZFZEFEZ.jpg","contentUrl":"https:\/\/g3d-wargame.com\/wp-content\/uploads\/2025\/05\/EZFZEFEZ.jpg","width":1200,"height":1200},{"@type":"BreadcrumbList","@id":"https:\/\/g3d-wargame.com\/produit\/magic-coffret-dencre\/#breadcrumb","itemListElement":[{"@type":"ListItem","position":1,"name":"Accueil","item":"https:\/\/g3d-wargame.com\/"},{"@type":"ListItem","position":2,"name":"Produits","item":"https:\/\/g3d-wargame.com\/shop__trashed\/"},{"@type":"ListItem","position":3,"name":"MAGIC \u2013 COFFRET D&rsquo;ENCRE"}]},{"@type":"WebSite","@id":"https:\/\/g3d-wargame.com\/#website","url":"https:\/\/g3d-wargame.com\/","name":"G3D","description":"3D printing","publisher":{"@id":"https:\/\/g3d-wargame.com\/#organization"},"alternateName":"G3D Wargame","potentialAction":[{"@type":"SearchAction","target":{"@type":"EntryPoint","urlTemplate":"https:\/\/g3d-wargame.com\/?s={search_term_string}"},"query-input":{"@type":"PropertyValueSpecification","valueRequired":true,"valueName":"search_term_string"}}],"inLanguage":"en-GB"},{"@type":"Organization","@id":"https:\/\/g3d-wargame.com\/#organization","name":"G3D","alternateName":"G3D WARGAME","url":"https:\/\/g3d-wargame.com\/","logo":{"@type":"ImageObject","inLanguage":"en-GB","@id":"https:\/\/g3d-wargame.com\/#\/schema\/logo\/image\/","url":"https:\/\/g3d-wargame.com\/wp-content\/uploads\/2023\/12\/G3DLOGO-v1-700-x-700-px.png","contentUrl":"https:\/\/g3d-wargame.com\/wp-content\/uploads\/2023\/12\/G3DLOGO-v1-700-x-700-px.png","width":788,"height":788,"caption":"G3D"},"image":{"@id":"https:\/\/g3d-wargame.com\/#\/schema\/logo\/image\/"}}]}},"_links":{"self":[{"href":"https:\/\/g3d-wargame.com\/en\/wp-json\/wp\/v2\/product\/6349","targetHints":{"allow":["GET"]}}],"collection":[{"href":"https:\/\/g3d-wargame.com\/en\/wp-json\/wp\/v2\/product"}],"about":[{"href":"https:\/\/g3d-wargame.com\/en\/wp-json\/wp\/v2\/types\/product"}],"wp:featuredmedia":[{"embeddable":true,"href":"https:\/\/g3d-wargame.com\/en\/wp-json\/wp\/v2\/media\/6350"}],"wp:attachment":[{"href":"https:\/\/g3d-wargame.com\/en\/wp-json\/wp\/v2\/media?parent=6349"}],"wp:term":[{"taxonomy":"product_brand","embeddable":true,"href":"https:\/\/g3d-wargame.com\/en\/wp-json\/wp\/v2\/product_brand?post=6349"},{"taxonomy":"product_cat","embeddable":true,"href":"https:\/\/g3d-wargame.com\/en\/wp-json\/wp\/v2\/product_cat?post=6349"},{"taxonomy":"product_tag","embeddable":true,"href":"https:\/\/g3d-wargame.com\/en\/wp-json\/wp\/v2\/product_tag?post=6349"}],"curies":[{"name":"wp","href":"https:\/\/api.w.org\/{rel}","templated":true}]}}