{"id":6344,"date":"2025-05-22T16:26:33","date_gmt":"2025-05-22T14:26:33","guid":{"rendered":"https:\/\/g3d-wargame.com\/?post_type=product&#038;p=6344"},"modified":"2025-06-29T10:49:42","modified_gmt":"2025-06-29T08:49:42","slug":"couleurs-secondaires-ensemble-dencres","status":"publish","type":"product","link":"https:\/\/g3d-wargame.com\/en\/product\/couleurs-secondaires-ensemble-dencres\/","title":{"rendered":"COULEURS SECONDAIRES \u2013 ENSEMBLE D&rsquo;ENCRES"},"content":{"rendered":"<div class=\"detail-privacy\">\n<p class=\"esp\">\n<\/div>\n<div class=\"woocommerce-product-details__short-description\">\n<div id=\"target-englang\" class=\"collapseomatic_content\">\n<p>&nbsp;<\/p>\n<p>Ce coffret contient 3 encres permettant de combiner ou de saturer les couleurs secondaires.<\/p>\n<p>Les encres peuvent \u00eatre m\u00e9lang\u00e9es avec des couleurs acryliques pour obtenir des nuances tr\u00e8s vibrantes et satur\u00e9es.<\/p>\n<p>Ces ensembles contiennent trois encres formul\u00e9es avec les meilleurs pigments pour travailler avec des miniatures.<\/p>\n<p>Chaque ensemble est compos\u00e9 d&rsquo;une s\u00e9lection de nuances (groupe de couleurs) indiqu\u00e9es pour faciliter le travail du peintre par groupes de couleurs.<\/p>\n<p>Ils offrent des transitions douces et des finitions intenses<\/p>\n<p>Il est disponible en flacons\u00a0<strong>de 30 ml<\/strong>\u00a0.<\/p>\n<p>Contains:<\/p>\n<ul>\n<li>AK16004 VIOLET NUIT 30ML<\/li>\n<li>AK16008 NATURE VERT 30ML<\/li>\n<li>AK16012 ORANGE DE FEU 30ML<\/li>\n<\/ul>\n<p>&nbsp;<\/p>\n<\/div>\n<div id=\"target-esplang\" class=\"collapseomatic_content\">\n<p>&nbsp;<\/p>\n<\/div>\n<\/div>","protected":false},"excerpt":{"rendered":"<p>&nbsp; Ce coffret contient 3 encres permettant de combiner ou de saturer les couleurs secondaires. Les encres peuvent \u00eatre m\u00e9lang\u00e9es avec des couleurs acryliques pour obtenir des nuances tr\u00e8s vibrantes et satur\u00e9es. Ces ensembles contiennent trois encres formul\u00e9es avec les meilleurs pigments pour travailler avec des miniatures. Chaque ensemble est compos\u00e9 d&rsquo;une s\u00e9lection de nuances (groupe de couleurs) indiqu\u00e9es pour&hellip;<\/p>","protected":false},"featured_media":6348,"template":"","meta":[],"product_brand":[],"product_cat":[87],"product_tag":[],"class_list":{"0":"post-6344","1":"product","2":"type-product","3":"status-publish","4":"has-post-thumbnail","6":"product_cat-encres","8":"first","9":"instock","10":"taxable","11":"shipping-taxable","12":"purchasable","13":"product-type-simple"},"yoast_head":"<!-- This site is optimized with the Yoast SEO plugin v25.8 - https:\/\/yoast.com\/wordpress\/plugins\/seo\/ -->\n<title>COULEURS SECONDAIRES \u2013 ENSEMBLE D&#039;ENCRES &#8211; G3D<\/title>\n<meta name=\"robots\" content=\"index, follow, max-snippet:-1, max-image-preview:large, max-video-preview:-1\" \/>\n<link rel=\"canonical\" href=\"https:\/\/g3d-wargame.com\/en\/product\/couleurs-secondaires-ensemble-dencres\/\" \/>\n<meta property=\"og:locale\" content=\"en_GB\" \/>\n<meta property=\"og:type\" content=\"article\" \/>\n<meta property=\"og:title\" content=\"COULEURS SECONDAIRES \u2013 ENSEMBLE D&#039;ENCRES &#8211; G3D\" \/>\n<meta property=\"og:description\" content=\"&nbsp; Ce coffret contient 3 encres permettant de combiner ou de saturer les couleurs secondaires. Les encres peuvent \u00eatre m\u00e9lang\u00e9es avec des couleurs acryliques pour obtenir des nuances tr\u00e8s vibrantes et satur\u00e9es. Ces ensembles contiennent trois encres formul\u00e9es avec les meilleurs pigments pour travailler avec des miniatures. Chaque ensemble est compos\u00e9 d&rsquo;une s\u00e9lection de nuances (groupe de couleurs) indiqu\u00e9es pour&hellip;\" \/>\n<meta property=\"og:url\" content=\"https:\/\/g3d-wargame.com\/en\/product\/couleurs-secondaires-ensemble-dencres\/\" \/>\n<meta property=\"og:site_name\" content=\"G3D\" \/>\n<meta property=\"article:modified_time\" content=\"2025-06-29T08:49:42+00:00\" \/>\n<meta property=\"og:image\" content=\"https:\/\/g3d-wargame.com\/wp-content\/uploads\/2025\/05\/GTYFYTDF.jpg\" \/>\n\t<meta property=\"og:image:width\" content=\"1200\" \/>\n\t<meta property=\"og:image:height\" content=\"1200\" \/>\n\t<meta property=\"og:image:type\" content=\"image\/jpeg\" \/>\n<meta name=\"twitter:card\" content=\"summary_large_image\" \/>\n<meta name=\"twitter:label1\" content=\"Estimated reading time\" \/>\n\t<meta name=\"twitter:data1\" content=\"2 minutes\" \/>\n<script type=\"application\/ld+json\" class=\"yoast-schema-graph\">{\"@context\":\"https:\/\/schema.org\",\"@graph\":[{\"@type\":\"WebPage\",\"@id\":\"https:\/\/g3d-wargame.com\/produit\/couleurs-secondaires-ensemble-dencres\/\",\"url\":\"https:\/\/g3d-wargame.com\/produit\/couleurs-secondaires-ensemble-dencres\/\",\"name\":\"COULEURS SECONDAIRES \u2013 ENSEMBLE D'ENCRES &#8211; G3D\",\"isPartOf\":{\"@id\":\"https:\/\/g3d-wargame.com\/#website\"},\"primaryImageOfPage\":{\"@id\":\"https:\/\/g3d-wargame.com\/produit\/couleurs-secondaires-ensemble-dencres\/#primaryimage\"},\"image\":{\"@id\":\"https:\/\/g3d-wargame.com\/produit\/couleurs-secondaires-ensemble-dencres\/#primaryimage\"},\"thumbnailUrl\":\"https:\/\/g3d-wargame.com\/wp-content\/uploads\/2025\/05\/GTYFYTDF.jpg\",\"datePublished\":\"2025-05-22T14:26:33+00:00\",\"dateModified\":\"2025-06-29T08:49:42+00:00\",\"breadcrumb\":{\"@id\":\"https:\/\/g3d-wargame.com\/produit\/couleurs-secondaires-ensemble-dencres\/#breadcrumb\"},\"inLanguage\":\"en-GB\",\"potentialAction\":[{\"@type\":\"ReadAction\",\"target\":[\"https:\/\/g3d-wargame.com\/produit\/couleurs-secondaires-ensemble-dencres\/\"]}]},{\"@type\":\"ImageObject\",\"inLanguage\":\"en-GB\",\"@id\":\"https:\/\/g3d-wargame.com\/produit\/couleurs-secondaires-ensemble-dencres\/#primaryimage\",\"url\":\"https:\/\/g3d-wargame.com\/wp-content\/uploads\/2025\/05\/GTYFYTDF.jpg\",\"contentUrl\":\"https:\/\/g3d-wargame.com\/wp-content\/uploads\/2025\/05\/GTYFYTDF.jpg\",\"width\":1200,\"height\":1200},{\"@type\":\"BreadcrumbList\",\"@id\":\"https:\/\/g3d-wargame.com\/produit\/couleurs-secondaires-ensemble-dencres\/#breadcrumb\",\"itemListElement\":[{\"@type\":\"ListItem\",\"position\":1,\"name\":\"Accueil\",\"item\":\"https:\/\/g3d-wargame.com\/\"},{\"@type\":\"ListItem\",\"position\":2,\"name\":\"Produits\",\"item\":\"https:\/\/g3d-wargame.com\/shop__trashed\/\"},{\"@type\":\"ListItem\",\"position\":3,\"name\":\"COULEURS SECONDAIRES \u2013 ENSEMBLE D&rsquo;ENCRES\"}]},{\"@type\":\"WebSite\",\"@id\":\"https:\/\/g3d-wargame.com\/#website\",\"url\":\"https:\/\/g3d-wargame.com\/\",\"name\":\"G3D\",\"description\":\" impression 3D\",\"publisher\":{\"@id\":\"https:\/\/g3d-wargame.com\/#organization\"},\"alternateName\":\"G3D Wargame\",\"potentialAction\":[{\"@type\":\"SearchAction\",\"target\":{\"@type\":\"EntryPoint\",\"urlTemplate\":\"https:\/\/g3d-wargame.com\/?s={search_term_string}\"},\"query-input\":{\"@type\":\"PropertyValueSpecification\",\"valueRequired\":true,\"valueName\":\"search_term_string\"}}],\"inLanguage\":\"en-GB\"},{\"@type\":\"Organization\",\"@id\":\"https:\/\/g3d-wargame.com\/#organization\",\"name\":\"G3D\",\"alternateName\":\"G3D WARGAME\",\"url\":\"https:\/\/g3d-wargame.com\/\",\"logo\":{\"@type\":\"ImageObject\",\"inLanguage\":\"en-GB\",\"@id\":\"https:\/\/g3d-wargame.com\/#\/schema\/logo\/image\/\",\"url\":\"https:\/\/g3d-wargame.com\/wp-content\/uploads\/2023\/12\/G3DLOGO-v1-700-x-700-px.png\",\"contentUrl\":\"https:\/\/g3d-wargame.com\/wp-content\/uploads\/2023\/12\/G3DLOGO-v1-700-x-700-px.png\",\"width\":788,\"height\":788,\"caption\":\"G3D\"},\"image\":{\"@id\":\"https:\/\/g3d-wargame.com\/#\/schema\/logo\/image\/\"}}]}<\/script>\n<!-- \/ Yoast SEO plugin. -->","yoast_head_json":{"title":"COULEURS SECONDAIRES \u2013 ENSEMBLE D'ENCRES &#8211; G3D","robots":{"index":"index","follow":"follow","max-snippet":"max-snippet:-1","max-image-preview":"max-image-preview:large","max-video-preview":"max-video-preview:-1"},"canonical":"https:\/\/g3d-wargame.com\/en\/product\/couleurs-secondaires-ensemble-dencres\/","og_locale":"en_GB","og_type":"article","og_title":"COULEURS SECONDAIRES \u2013 ENSEMBLE D'ENCRES &#8211; G3D","og_description":"&nbsp; Ce coffret contient 3 encres permettant de combiner ou de saturer les couleurs secondaires. Les encres peuvent \u00eatre m\u00e9lang\u00e9es avec des couleurs acryliques pour obtenir des nuances tr\u00e8s vibrantes et satur\u00e9es. Ces ensembles contiennent trois encres formul\u00e9es avec les meilleurs pigments pour travailler avec des miniatures. Chaque ensemble est compos\u00e9 d&rsquo;une s\u00e9lection de nuances (groupe de couleurs) indiqu\u00e9es pour&hellip;","og_url":"https:\/\/g3d-wargame.com\/en\/product\/couleurs-secondaires-ensemble-dencres\/","og_site_name":"G3D","article_modified_time":"2025-06-29T08:49:42+00:00","og_image":[{"width":1200,"height":1200,"url":"https:\/\/g3d-wargame.com\/wp-content\/uploads\/2025\/05\/GTYFYTDF.jpg","type":"image\/jpeg"}],"twitter_card":"summary_large_image","twitter_misc":{"Estimated reading time":"2 minutes"},"schema":{"@context":"https:\/\/schema.org","@graph":[{"@type":"WebPage","@id":"https:\/\/g3d-wargame.com\/produit\/couleurs-secondaires-ensemble-dencres\/","url":"https:\/\/g3d-wargame.com\/produit\/couleurs-secondaires-ensemble-dencres\/","name":"COULEURS SECONDAIRES \u2013 ENSEMBLE D'ENCRES &#8211; G3D","isPartOf":{"@id":"https:\/\/g3d-wargame.com\/#website"},"primaryImageOfPage":{"@id":"https:\/\/g3d-wargame.com\/produit\/couleurs-secondaires-ensemble-dencres\/#primaryimage"},"image":{"@id":"https:\/\/g3d-wargame.com\/produit\/couleurs-secondaires-ensemble-dencres\/#primaryimage"},"thumbnailUrl":"https:\/\/g3d-wargame.com\/wp-content\/uploads\/2025\/05\/GTYFYTDF.jpg","datePublished":"2025-05-22T14:26:33+00:00","dateModified":"2025-06-29T08:49:42+00:00","breadcrumb":{"@id":"https:\/\/g3d-wargame.com\/produit\/couleurs-secondaires-ensemble-dencres\/#breadcrumb"},"inLanguage":"en-GB","potentialAction":[{"@type":"ReadAction","target":["https:\/\/g3d-wargame.com\/produit\/couleurs-secondaires-ensemble-dencres\/"]}]},{"@type":"ImageObject","inLanguage":"en-GB","@id":"https:\/\/g3d-wargame.com\/produit\/couleurs-secondaires-ensemble-dencres\/#primaryimage","url":"https:\/\/g3d-wargame.com\/wp-content\/uploads\/2025\/05\/GTYFYTDF.jpg","contentUrl":"https:\/\/g3d-wargame.com\/wp-content\/uploads\/2025\/05\/GTYFYTDF.jpg","width":1200,"height":1200},{"@type":"BreadcrumbList","@id":"https:\/\/g3d-wargame.com\/produit\/couleurs-secondaires-ensemble-dencres\/#breadcrumb","itemListElement":[{"@type":"ListItem","position":1,"name":"Accueil","item":"https:\/\/g3d-wargame.com\/"},{"@type":"ListItem","position":2,"name":"Produits","item":"https:\/\/g3d-wargame.com\/shop__trashed\/"},{"@type":"ListItem","position":3,"name":"COULEURS SECONDAIRES \u2013 ENSEMBLE D&rsquo;ENCRES"}]},{"@type":"WebSite","@id":"https:\/\/g3d-wargame.com\/#website","url":"https:\/\/g3d-wargame.com\/","name":"G3D","description":"3D printing","publisher":{"@id":"https:\/\/g3d-wargame.com\/#organization"},"alternateName":"G3D Wargame","potentialAction":[{"@type":"SearchAction","target":{"@type":"EntryPoint","urlTemplate":"https:\/\/g3d-wargame.com\/?s={search_term_string}"},"query-input":{"@type":"PropertyValueSpecification","valueRequired":true,"valueName":"search_term_string"}}],"inLanguage":"en-GB"},{"@type":"Organization","@id":"https:\/\/g3d-wargame.com\/#organization","name":"G3D","alternateName":"G3D WARGAME","url":"https:\/\/g3d-wargame.com\/","logo":{"@type":"ImageObject","inLanguage":"en-GB","@id":"https:\/\/g3d-wargame.com\/#\/schema\/logo\/image\/","url":"https:\/\/g3d-wargame.com\/wp-content\/uploads\/2023\/12\/G3DLOGO-v1-700-x-700-px.png","contentUrl":"https:\/\/g3d-wargame.com\/wp-content\/uploads\/2023\/12\/G3DLOGO-v1-700-x-700-px.png","width":788,"height":788,"caption":"G3D"},"image":{"@id":"https:\/\/g3d-wargame.com\/#\/schema\/logo\/image\/"}}]}},"_links":{"self":[{"href":"https:\/\/g3d-wargame.com\/en\/wp-json\/wp\/v2\/product\/6344","targetHints":{"allow":["GET"]}}],"collection":[{"href":"https:\/\/g3d-wargame.com\/en\/wp-json\/wp\/v2\/product"}],"about":[{"href":"https:\/\/g3d-wargame.com\/en\/wp-json\/wp\/v2\/types\/product"}],"wp:featuredmedia":[{"embeddable":true,"href":"https:\/\/g3d-wargame.com\/en\/wp-json\/wp\/v2\/media\/6348"}],"wp:attachment":[{"href":"https:\/\/g3d-wargame.com\/en\/wp-json\/wp\/v2\/media?parent=6344"}],"wp:term":[{"taxonomy":"product_brand","embeddable":true,"href":"https:\/\/g3d-wargame.com\/en\/wp-json\/wp\/v2\/product_brand?post=6344"},{"taxonomy":"product_cat","embeddable":true,"href":"https:\/\/g3d-wargame.com\/en\/wp-json\/wp\/v2\/product_cat?post=6344"},{"taxonomy":"product_tag","embeddable":true,"href":"https:\/\/g3d-wargame.com\/en\/wp-json\/wp\/v2\/product_tag?post=6344"}],"curies":[{"name":"wp","href":"https:\/\/api.w.org\/{rel}","templated":true}]}}