{"id":6317,"date":"2025-05-22T15:48:37","date_gmt":"2025-05-22T13:48:37","guid":{"rendered":"https:\/\/g3d-wargame.com\/?post_type=product&#038;p=6317"},"modified":"2025-06-29T10:51:03","modified_gmt":"2025-06-29T08:51:03","slug":"nature-ink-set","status":"publish","type":"product","link":"https:\/\/g3d-wargame.com\/en\/product\/nature-ink-set\/","title":{"rendered":"NATURE \u2013 INK SET"},"content":{"rendered":"<p>Ce coffret contient 3 encres permettant de combiner ou de saturer les couleurs vertes, rouges et bleues (v\u00e9g\u00e9tation, eau et sang).<\/p>\n<p>Les encres peuvent \u00eatre m\u00e9lang\u00e9es \u00e0 des couleurs acryliques pour obtenir des nuances tr\u00e8s vives et satur\u00e9es.<\/p>\n<p>Ces coffrets contiennent trois encres formul\u00e9es avec les meilleurs pigments pour le travail sur miniatures.<\/p>\n<p>Chaque coffret est compos\u00e9 d&rsquo;une s\u00e9lection de nuances (groupes de couleurs) indiqu\u00e9es pour faciliter le travail du peintre par groupe de couleurs.<\/p>\n<p>Elles offrent des transitions douces et des finitions intenses.<\/p>\n<p>Flacons de 30 ml.<\/p>\n<p>Contient\u00a0:<\/p>\n<p>AK16008 VERT NATURE 30 ml<br \/>\nAK16009 \u00c9CARLATE SANG 30 ml<br \/>\nAK16014 BLEU OC\u00c9AN 30 ml<\/p>","protected":false},"excerpt":{"rendered":"<p>Ce coffret contient 3 encres permettant de combiner ou de saturer les couleurs vertes, rouges et bleues (v\u00e9g\u00e9tation, eau et sang). Les encres peuvent \u00eatre m\u00e9lang\u00e9es \u00e0 des couleurs acryliques pour obtenir des nuances tr\u00e8s vives et satur\u00e9es. Ces coffrets contiennent trois encres formul\u00e9es avec les meilleurs pigments pour le travail sur miniatures. Chaque coffret est compos\u00e9 d&rsquo;une s\u00e9lection de&hellip;<\/p>","protected":false},"featured_media":6318,"template":"","meta":[],"product_brand":[],"product_cat":[87],"product_tag":[],"class_list":{"0":"post-6317","1":"product","2":"type-product","3":"status-publish","4":"has-post-thumbnail","6":"product_cat-encres","8":"first","9":"instock","10":"taxable","11":"shipping-taxable","12":"purchasable","13":"product-type-simple"},"yoast_head":"<!-- This site is optimized with the Yoast SEO plugin v25.8 - https:\/\/yoast.com\/wordpress\/plugins\/seo\/ -->\n<title>NATURE \u2013 INK SET &#8211; G3D<\/title>\n<meta name=\"robots\" content=\"index, follow, max-snippet:-1, max-image-preview:large, max-video-preview:-1\" \/>\n<link rel=\"canonical\" href=\"https:\/\/g3d-wargame.com\/en\/product\/nature-ink-set\/\" \/>\n<meta property=\"og:locale\" content=\"en_GB\" \/>\n<meta property=\"og:type\" content=\"article\" \/>\n<meta property=\"og:title\" content=\"NATURE \u2013 INK SET &#8211; G3D\" \/>\n<meta property=\"og:description\" content=\"Ce coffret contient 3 encres permettant de combiner ou de saturer les couleurs vertes, rouges et bleues (v\u00e9g\u00e9tation, eau et sang). Les encres peuvent \u00eatre m\u00e9lang\u00e9es \u00e0 des couleurs acryliques pour obtenir des nuances tr\u00e8s vives et satur\u00e9es. Ces coffrets contiennent trois encres formul\u00e9es avec les meilleurs pigments pour le travail sur miniatures. Chaque coffret est compos\u00e9 d&rsquo;une s\u00e9lection de&hellip;\" \/>\n<meta property=\"og:url\" content=\"https:\/\/g3d-wargame.com\/en\/product\/nature-ink-set\/\" \/>\n<meta property=\"og:site_name\" content=\"G3D\" \/>\n<meta property=\"article:modified_time\" content=\"2025-06-29T08:51:03+00:00\" \/>\n<meta property=\"og:image\" content=\"https:\/\/g3d-wargame.com\/wp-content\/uploads\/2025\/05\/YGYG.jpg\" \/>\n\t<meta property=\"og:image:width\" content=\"1200\" \/>\n\t<meta property=\"og:image:height\" content=\"1200\" \/>\n\t<meta property=\"og:image:type\" content=\"image\/jpeg\" \/>\n<meta name=\"twitter:card\" content=\"summary_large_image\" \/>\n<meta name=\"twitter:label1\" content=\"Estimated reading time\" \/>\n\t<meta name=\"twitter:data1\" content=\"1 minute\" \/>\n<script type=\"application\/ld+json\" class=\"yoast-schema-graph\">{\"@context\":\"https:\/\/schema.org\",\"@graph\":[{\"@type\":\"WebPage\",\"@id\":\"https:\/\/g3d-wargame.com\/produit\/nature-ink-set\/\",\"url\":\"https:\/\/g3d-wargame.com\/produit\/nature-ink-set\/\",\"name\":\"NATURE \u2013 INK SET &#8211; G3D\",\"isPartOf\":{\"@id\":\"https:\/\/g3d-wargame.com\/#website\"},\"primaryImageOfPage\":{\"@id\":\"https:\/\/g3d-wargame.com\/produit\/nature-ink-set\/#primaryimage\"},\"image\":{\"@id\":\"https:\/\/g3d-wargame.com\/produit\/nature-ink-set\/#primaryimage\"},\"thumbnailUrl\":\"https:\/\/g3d-wargame.com\/wp-content\/uploads\/2025\/05\/YGYG.jpg\",\"datePublished\":\"2025-05-22T13:48:37+00:00\",\"dateModified\":\"2025-06-29T08:51:03+00:00\",\"breadcrumb\":{\"@id\":\"https:\/\/g3d-wargame.com\/produit\/nature-ink-set\/#breadcrumb\"},\"inLanguage\":\"en-GB\",\"potentialAction\":[{\"@type\":\"ReadAction\",\"target\":[\"https:\/\/g3d-wargame.com\/produit\/nature-ink-set\/\"]}]},{\"@type\":\"ImageObject\",\"inLanguage\":\"en-GB\",\"@id\":\"https:\/\/g3d-wargame.com\/produit\/nature-ink-set\/#primaryimage\",\"url\":\"https:\/\/g3d-wargame.com\/wp-content\/uploads\/2025\/05\/YGYG.jpg\",\"contentUrl\":\"https:\/\/g3d-wargame.com\/wp-content\/uploads\/2025\/05\/YGYG.jpg\",\"width\":1200,\"height\":1200},{\"@type\":\"BreadcrumbList\",\"@id\":\"https:\/\/g3d-wargame.com\/produit\/nature-ink-set\/#breadcrumb\",\"itemListElement\":[{\"@type\":\"ListItem\",\"position\":1,\"name\":\"Accueil\",\"item\":\"https:\/\/g3d-wargame.com\/\"},{\"@type\":\"ListItem\",\"position\":2,\"name\":\"Produits\",\"item\":\"https:\/\/g3d-wargame.com\/shop__trashed\/\"},{\"@type\":\"ListItem\",\"position\":3,\"name\":\"NATURE \u2013 INK SET\"}]},{\"@type\":\"WebSite\",\"@id\":\"https:\/\/g3d-wargame.com\/#website\",\"url\":\"https:\/\/g3d-wargame.com\/\",\"name\":\"G3D\",\"description\":\" impression 3D\",\"publisher\":{\"@id\":\"https:\/\/g3d-wargame.com\/#organization\"},\"alternateName\":\"G3D Wargame\",\"potentialAction\":[{\"@type\":\"SearchAction\",\"target\":{\"@type\":\"EntryPoint\",\"urlTemplate\":\"https:\/\/g3d-wargame.com\/?s={search_term_string}\"},\"query-input\":{\"@type\":\"PropertyValueSpecification\",\"valueRequired\":true,\"valueName\":\"search_term_string\"}}],\"inLanguage\":\"en-GB\"},{\"@type\":\"Organization\",\"@id\":\"https:\/\/g3d-wargame.com\/#organization\",\"name\":\"G3D\",\"alternateName\":\"G3D WARGAME\",\"url\":\"https:\/\/g3d-wargame.com\/\",\"logo\":{\"@type\":\"ImageObject\",\"inLanguage\":\"en-GB\",\"@id\":\"https:\/\/g3d-wargame.com\/#\/schema\/logo\/image\/\",\"url\":\"https:\/\/g3d-wargame.com\/wp-content\/uploads\/2023\/12\/G3DLOGO-v1-700-x-700-px.png\",\"contentUrl\":\"https:\/\/g3d-wargame.com\/wp-content\/uploads\/2023\/12\/G3DLOGO-v1-700-x-700-px.png\",\"width\":788,\"height\":788,\"caption\":\"G3D\"},\"image\":{\"@id\":\"https:\/\/g3d-wargame.com\/#\/schema\/logo\/image\/\"}}]}<\/script>\n<!-- \/ Yoast SEO plugin. -->","yoast_head_json":{"title":"NATURE \u2013 INK SET &#8211; G3D","robots":{"index":"index","follow":"follow","max-snippet":"max-snippet:-1","max-image-preview":"max-image-preview:large","max-video-preview":"max-video-preview:-1"},"canonical":"https:\/\/g3d-wargame.com\/en\/product\/nature-ink-set\/","og_locale":"en_GB","og_type":"article","og_title":"NATURE \u2013 INK SET &#8211; G3D","og_description":"Ce coffret contient 3 encres permettant de combiner ou de saturer les couleurs vertes, rouges et bleues (v\u00e9g\u00e9tation, eau et sang). Les encres peuvent \u00eatre m\u00e9lang\u00e9es \u00e0 des couleurs acryliques pour obtenir des nuances tr\u00e8s vives et satur\u00e9es. Ces coffrets contiennent trois encres formul\u00e9es avec les meilleurs pigments pour le travail sur miniatures. Chaque coffret est compos\u00e9 d&rsquo;une s\u00e9lection de&hellip;","og_url":"https:\/\/g3d-wargame.com\/en\/product\/nature-ink-set\/","og_site_name":"G3D","article_modified_time":"2025-06-29T08:51:03+00:00","og_image":[{"width":1200,"height":1200,"url":"https:\/\/g3d-wargame.com\/wp-content\/uploads\/2025\/05\/YGYG.jpg","type":"image\/jpeg"}],"twitter_card":"summary_large_image","twitter_misc":{"Estimated reading time":"1 minute"},"schema":{"@context":"https:\/\/schema.org","@graph":[{"@type":"WebPage","@id":"https:\/\/g3d-wargame.com\/produit\/nature-ink-set\/","url":"https:\/\/g3d-wargame.com\/produit\/nature-ink-set\/","name":"NATURE \u2013 INK SET &#8211; G3D","isPartOf":{"@id":"https:\/\/g3d-wargame.com\/#website"},"primaryImageOfPage":{"@id":"https:\/\/g3d-wargame.com\/produit\/nature-ink-set\/#primaryimage"},"image":{"@id":"https:\/\/g3d-wargame.com\/produit\/nature-ink-set\/#primaryimage"},"thumbnailUrl":"https:\/\/g3d-wargame.com\/wp-content\/uploads\/2025\/05\/YGYG.jpg","datePublished":"2025-05-22T13:48:37+00:00","dateModified":"2025-06-29T08:51:03+00:00","breadcrumb":{"@id":"https:\/\/g3d-wargame.com\/produit\/nature-ink-set\/#breadcrumb"},"inLanguage":"en-GB","potentialAction":[{"@type":"ReadAction","target":["https:\/\/g3d-wargame.com\/produit\/nature-ink-set\/"]}]},{"@type":"ImageObject","inLanguage":"en-GB","@id":"https:\/\/g3d-wargame.com\/produit\/nature-ink-set\/#primaryimage","url":"https:\/\/g3d-wargame.com\/wp-content\/uploads\/2025\/05\/YGYG.jpg","contentUrl":"https:\/\/g3d-wargame.com\/wp-content\/uploads\/2025\/05\/YGYG.jpg","width":1200,"height":1200},{"@type":"BreadcrumbList","@id":"https:\/\/g3d-wargame.com\/produit\/nature-ink-set\/#breadcrumb","itemListElement":[{"@type":"ListItem","position":1,"name":"Accueil","item":"https:\/\/g3d-wargame.com\/"},{"@type":"ListItem","position":2,"name":"Produits","item":"https:\/\/g3d-wargame.com\/shop__trashed\/"},{"@type":"ListItem","position":3,"name":"NATURE \u2013 INK SET"}]},{"@type":"WebSite","@id":"https:\/\/g3d-wargame.com\/#website","url":"https:\/\/g3d-wargame.com\/","name":"G3D","description":"3D printing","publisher":{"@id":"https:\/\/g3d-wargame.com\/#organization"},"alternateName":"G3D Wargame","potentialAction":[{"@type":"SearchAction","target":{"@type":"EntryPoint","urlTemplate":"https:\/\/g3d-wargame.com\/?s={search_term_string}"},"query-input":{"@type":"PropertyValueSpecification","valueRequired":true,"valueName":"search_term_string"}}],"inLanguage":"en-GB"},{"@type":"Organization","@id":"https:\/\/g3d-wargame.com\/#organization","name":"G3D","alternateName":"G3D WARGAME","url":"https:\/\/g3d-wargame.com\/","logo":{"@type":"ImageObject","inLanguage":"en-GB","@id":"https:\/\/g3d-wargame.com\/#\/schema\/logo\/image\/","url":"https:\/\/g3d-wargame.com\/wp-content\/uploads\/2023\/12\/G3DLOGO-v1-700-x-700-px.png","contentUrl":"https:\/\/g3d-wargame.com\/wp-content\/uploads\/2023\/12\/G3DLOGO-v1-700-x-700-px.png","width":788,"height":788,"caption":"G3D"},"image":{"@id":"https:\/\/g3d-wargame.com\/#\/schema\/logo\/image\/"}}]}},"_links":{"self":[{"href":"https:\/\/g3d-wargame.com\/en\/wp-json\/wp\/v2\/product\/6317","targetHints":{"allow":["GET"]}}],"collection":[{"href":"https:\/\/g3d-wargame.com\/en\/wp-json\/wp\/v2\/product"}],"about":[{"href":"https:\/\/g3d-wargame.com\/en\/wp-json\/wp\/v2\/types\/product"}],"wp:featuredmedia":[{"embeddable":true,"href":"https:\/\/g3d-wargame.com\/en\/wp-json\/wp\/v2\/media\/6318"}],"wp:attachment":[{"href":"https:\/\/g3d-wargame.com\/en\/wp-json\/wp\/v2\/media?parent=6317"}],"wp:term":[{"taxonomy":"product_brand","embeddable":true,"href":"https:\/\/g3d-wargame.com\/en\/wp-json\/wp\/v2\/product_brand?post=6317"},{"taxonomy":"product_cat","embeddable":true,"href":"https:\/\/g3d-wargame.com\/en\/wp-json\/wp\/v2\/product_cat?post=6317"},{"taxonomy":"product_tag","embeddable":true,"href":"https:\/\/g3d-wargame.com\/en\/wp-json\/wp\/v2\/product_tag?post=6317"}],"curies":[{"name":"wp","href":"https:\/\/api.w.org\/{rel}","templated":true}]}}