{"id":6068,"date":"2025-05-14T15:54:34","date_gmt":"2025-05-14T13:54:34","guid":{"rendered":"https:\/\/g3d-wargame.com\/?post_type=product&#038;p=6068"},"modified":"2025-06-30T18:31:53","modified_gmt":"2025-06-30T16:31:53","slug":"codex-space-marines","status":"publish","type":"product","link":"https:\/\/g3d-wargame.com\/en\/product\/codex-space-marines\/","title":{"rendered":"Codex Space Marines"},"content":{"rendered":"<p>Les Space Marines sont des guerriers g\u00e9n\u00e9tiquement am\u00e9lior\u00e9s, cr\u00e9\u00e9s comme troupes de choc ultime de l&rsquo;Humanit\u00e9. Officiellement appel\u00e9s Adeptus Astartes, les Space Marines d\u00e9fendent l&rsquo;Imperium depuis plus de dix mille ans. Ils partent en guerre dot\u00e9s des meilleures armes, armures et \u00e9quipements que l&rsquo;Imperium puisse produire et qui compl\u00e8te leur force, leur agilit\u00e9 et leur r\u00e9sistance am\u00e9lior\u00e9es. Leur esprit, leur corps et leur \u00e2me sont renforc\u00e9s pour supporter une \u00e9ternit\u00e9 de guerre men\u00e9e contre les menaces les plus terrifiantes de la galaxie, et ils ne connaissent pas la peur.<\/p>\n<p>Ces in\u00e9branlables chevaliers sont regroup\u00e9s en Chapitres, des confr\u00e9ries soud\u00e9es qui envoient des forces de frappe de Space Marines dans toute la galaxie. Soutenus par des v\u00e9hicules de transport, des chars d&rsquo;assaut, des marcheurs de combat, des appareils d&rsquo;attaque et une puissante artillerie, ils proc\u00e8dent \u00e0 des assauts \u00e9clairs d\u00e9vastateurs. Les Space Marines sont l&rsquo;incarnation de la col\u00e8re de l&rsquo;Empereur, et tous ses ennemis les connaissent sous le nom des terrifiants Anges de la Mort.<\/p>\n<p><em>Le Codex: Space Marines<\/em>\u00a0est le guide essentiel de quiconque souhaite collectionner l&rsquo;Adeptus Astartes et remporter la gloire sur le champ de bataille. Dans ce livre, vous trouverez toutes les r\u00e8gles dont vous avez besoin pour jouer une arm\u00e9e de Space Marines dans les parties de Warhammer 40,000, dont les campagnes narratives de Croisade et les escarmouches de Patrouille, ainsi que des pages d&rsquo;historique et d&rsquo;illustrations d\u00e9taillant comment les Space Marines livrent leurs guerres, marquent leurs troupes et d\u00e9corent leurs armures, ainsi qu&rsquo;un \u00e9ventail \u00e9tourdissant de Chapitres diff\u00e9rents.<\/p>\n<p><strong>Dans ce livre reli\u00e9 de 216 pages, vous trouverez:<\/strong><br \/>\n\u2013 Un historique complet des Space Marines de l&rsquo;Imperium, de leurs am\u00e9liorations g\u00e9n\u00e9tiques aux exploits de Chapitres c\u00e9l\u00e8bres<br \/>\n\u2013 Des illustrations stup\u00e9fiantes repr\u00e9sentant l&rsquo;Adeptus Astartes lors d&rsquo;\u00e9piques batailles contre d&rsquo;innombrables ennemis<br \/>\n\u2013 93 fiches techniques d\u00e9taillant les profils, l&rsquo;\u00e9quipement et les aptitudes uniques de toutes les unit\u00e9s des Space Marines, des Scouts tout juste recrut\u00e9s aux puissants Dreadnoughts<br \/>\n\u2013 Sept D\u00e9tachements th\u00e9matiques, comme la Force de Si\u00e8ge Anvil et le Fer de Lance Vanguard, chacun dot\u00e9s de ses propres r\u00e8gles sp\u00e9ciales<br \/>\n\u2013 Des r\u00e8gles de Croisade qui permettront \u00e0 vos h\u00e9ros de remplir des serments solennels en \u00e9crasant les ennemis de l&rsquo;Humanit\u00e9 pour gagner la gloire et l&rsquo;honneur<br \/>\n\u2013 Des r\u00e8gles de Patrouille autonomes et un guide de peinture, qui vous permettent de livrer des parties rapides avec la Force de Frappe Octavius<br \/>\n\u2013 Une galerie &lsquo;Eavy Metal de figurines Citadel peintes avec brio pour vous inspirer, et qui vous proposent une grande vari\u00e9t\u00e9 de Chapitres de Space Marines<\/p>\n<p>Ce livre contient \u00e9galement un code \u00e0 usage unique pour d\u00e9bloquer le contenu du Codex: Space Marines dans Warhammer 40,000: The App.<\/p>","protected":false},"excerpt":{"rendered":"<p>Les Space Marines sont des guerriers g\u00e9n\u00e9tiquement am\u00e9lior\u00e9s, cr\u00e9\u00e9s comme troupes de choc ultime de l&rsquo;Humanit\u00e9. Officiellement appel\u00e9s Adeptus Astartes, les Space Marines d\u00e9fendent l&rsquo;Imperium depuis plus de dix mille ans. Ils partent en guerre dot\u00e9s des meilleures armes, armures et \u00e9quipements que l&rsquo;Imperium puisse produire et qui compl\u00e8te leur force, leur agilit\u00e9 et leur r\u00e9sistance am\u00e9lior\u00e9es. Leur esprit, leur&hellip;<\/p>","protected":false},"featured_media":6072,"template":"","meta":[],"product_brand":[],"product_cat":[90],"product_tag":[],"class_list":{"0":"post-6068","1":"product","2":"type-product","3":"status-publish","4":"has-post-thumbnail","6":"product_cat-codex","8":"first","9":"onbackorder","10":"sale","11":"taxable","12":"shipping-taxable","13":"purchasable","14":"product-type-simple"},"yoast_head":"<!-- This site is optimized with the Yoast SEO plugin v25.8 - https:\/\/yoast.com\/wordpress\/plugins\/seo\/ -->\n<title>Codex Space Marines &#8211; G3D<\/title>\n<meta name=\"robots\" content=\"index, follow, max-snippet:-1, max-image-preview:large, max-video-preview:-1\" \/>\n<link rel=\"canonical\" href=\"https:\/\/g3d-wargame.com\/en\/product\/codex-space-marines\/\" \/>\n<meta property=\"og:locale\" content=\"en_GB\" \/>\n<meta property=\"og:type\" content=\"article\" \/>\n<meta property=\"og:title\" content=\"Codex Space Marines &#8211; G3D\" \/>\n<meta property=\"og:description\" content=\"Les Space Marines sont des guerriers g\u00e9n\u00e9tiquement am\u00e9lior\u00e9s, cr\u00e9\u00e9s comme troupes de choc ultime de l&rsquo;Humanit\u00e9. Officiellement appel\u00e9s Adeptus Astartes, les Space Marines d\u00e9fendent l&rsquo;Imperium depuis plus de dix mille ans. Ils partent en guerre dot\u00e9s des meilleures armes, armures et \u00e9quipements que l&rsquo;Imperium puisse produire et qui compl\u00e8te leur force, leur agilit\u00e9 et leur r\u00e9sistance am\u00e9lior\u00e9es. Leur esprit, leur&hellip;\" \/>\n<meta property=\"og:url\" content=\"https:\/\/g3d-wargame.com\/en\/product\/codex-space-marines\/\" \/>\n<meta property=\"og:site_name\" content=\"G3D\" \/>\n<meta property=\"article:modified_time\" content=\"2025-06-30T16:31:53+00:00\" \/>\n<meta property=\"og:image\" content=\"https:\/\/g3d-wargame.com\/wp-content\/uploads\/2025\/05\/marine.jpg\" \/>\n\t<meta property=\"og:image:width\" content=\"918\" \/>\n\t<meta property=\"og:image:height\" content=\"948\" \/>\n\t<meta property=\"og:image:type\" content=\"image\/jpeg\" \/>\n<meta name=\"twitter:card\" content=\"summary_large_image\" \/>\n<meta name=\"twitter:label1\" content=\"Estimated reading time\" \/>\n\t<meta name=\"twitter:data1\" content=\"3 minutes\" \/>\n<script type=\"application\/ld+json\" class=\"yoast-schema-graph\">{\"@context\":\"https:\/\/schema.org\",\"@graph\":[{\"@type\":\"WebPage\",\"@id\":\"https:\/\/g3d-wargame.com\/produit\/codex-space-marines\/\",\"url\":\"https:\/\/g3d-wargame.com\/produit\/codex-space-marines\/\",\"name\":\"Codex Space Marines &#8211; G3D\",\"isPartOf\":{\"@id\":\"https:\/\/g3d-wargame.com\/#website\"},\"primaryImageOfPage\":{\"@id\":\"https:\/\/g3d-wargame.com\/produit\/codex-space-marines\/#primaryimage\"},\"image\":{\"@id\":\"https:\/\/g3d-wargame.com\/produit\/codex-space-marines\/#primaryimage\"},\"thumbnailUrl\":\"https:\/\/g3d-wargame.com\/wp-content\/uploads\/2025\/05\/marine.jpg\",\"datePublished\":\"2025-05-14T13:54:34+00:00\",\"dateModified\":\"2025-06-30T16:31:53+00:00\",\"breadcrumb\":{\"@id\":\"https:\/\/g3d-wargame.com\/produit\/codex-space-marines\/#breadcrumb\"},\"inLanguage\":\"en-GB\",\"potentialAction\":[{\"@type\":\"ReadAction\",\"target\":[\"https:\/\/g3d-wargame.com\/produit\/codex-space-marines\/\"]}]},{\"@type\":\"ImageObject\",\"inLanguage\":\"en-GB\",\"@id\":\"https:\/\/g3d-wargame.com\/produit\/codex-space-marines\/#primaryimage\",\"url\":\"https:\/\/g3d-wargame.com\/wp-content\/uploads\/2025\/05\/marine.jpg\",\"contentUrl\":\"https:\/\/g3d-wargame.com\/wp-content\/uploads\/2025\/05\/marine.jpg\",\"width\":918,\"height\":948},{\"@type\":\"BreadcrumbList\",\"@id\":\"https:\/\/g3d-wargame.com\/produit\/codex-space-marines\/#breadcrumb\",\"itemListElement\":[{\"@type\":\"ListItem\",\"position\":1,\"name\":\"Accueil\",\"item\":\"https:\/\/g3d-wargame.com\/\"},{\"@type\":\"ListItem\",\"position\":2,\"name\":\"Produits\",\"item\":\"https:\/\/g3d-wargame.com\/shop__trashed\/\"},{\"@type\":\"ListItem\",\"position\":3,\"name\":\"Codex Space Marines\"}]},{\"@type\":\"WebSite\",\"@id\":\"https:\/\/g3d-wargame.com\/#website\",\"url\":\"https:\/\/g3d-wargame.com\/\",\"name\":\"G3D\",\"description\":\" impression 3D\",\"publisher\":{\"@id\":\"https:\/\/g3d-wargame.com\/#organization\"},\"alternateName\":\"G3D Wargame\",\"potentialAction\":[{\"@type\":\"SearchAction\",\"target\":{\"@type\":\"EntryPoint\",\"urlTemplate\":\"https:\/\/g3d-wargame.com\/?s={search_term_string}\"},\"query-input\":{\"@type\":\"PropertyValueSpecification\",\"valueRequired\":true,\"valueName\":\"search_term_string\"}}],\"inLanguage\":\"en-GB\"},{\"@type\":\"Organization\",\"@id\":\"https:\/\/g3d-wargame.com\/#organization\",\"name\":\"G3D\",\"alternateName\":\"G3D WARGAME\",\"url\":\"https:\/\/g3d-wargame.com\/\",\"logo\":{\"@type\":\"ImageObject\",\"inLanguage\":\"en-GB\",\"@id\":\"https:\/\/g3d-wargame.com\/#\/schema\/logo\/image\/\",\"url\":\"https:\/\/g3d-wargame.com\/wp-content\/uploads\/2023\/12\/G3DLOGO-v1-700-x-700-px.png\",\"contentUrl\":\"https:\/\/g3d-wargame.com\/wp-content\/uploads\/2023\/12\/G3DLOGO-v1-700-x-700-px.png\",\"width\":788,\"height\":788,\"caption\":\"G3D\"},\"image\":{\"@id\":\"https:\/\/g3d-wargame.com\/#\/schema\/logo\/image\/\"}}]}<\/script>\n<!-- \/ Yoast SEO plugin. -->","yoast_head_json":{"title":"Codex Space Marines &#8211; G3D","robots":{"index":"index","follow":"follow","max-snippet":"max-snippet:-1","max-image-preview":"max-image-preview:large","max-video-preview":"max-video-preview:-1"},"canonical":"https:\/\/g3d-wargame.com\/en\/product\/codex-space-marines\/","og_locale":"en_GB","og_type":"article","og_title":"Codex Space Marines &#8211; G3D","og_description":"Les Space Marines sont des guerriers g\u00e9n\u00e9tiquement am\u00e9lior\u00e9s, cr\u00e9\u00e9s comme troupes de choc ultime de l&rsquo;Humanit\u00e9. Officiellement appel\u00e9s Adeptus Astartes, les Space Marines d\u00e9fendent l&rsquo;Imperium depuis plus de dix mille ans. Ils partent en guerre dot\u00e9s des meilleures armes, armures et \u00e9quipements que l&rsquo;Imperium puisse produire et qui compl\u00e8te leur force, leur agilit\u00e9 et leur r\u00e9sistance am\u00e9lior\u00e9es. Leur esprit, leur&hellip;","og_url":"https:\/\/g3d-wargame.com\/en\/product\/codex-space-marines\/","og_site_name":"G3D","article_modified_time":"2025-06-30T16:31:53+00:00","og_image":[{"width":918,"height":948,"url":"https:\/\/g3d-wargame.com\/wp-content\/uploads\/2025\/05\/marine.jpg","type":"image\/jpeg"}],"twitter_card":"summary_large_image","twitter_misc":{"Estimated reading time":"3 minutes"},"schema":{"@context":"https:\/\/schema.org","@graph":[{"@type":"WebPage","@id":"https:\/\/g3d-wargame.com\/produit\/codex-space-marines\/","url":"https:\/\/g3d-wargame.com\/produit\/codex-space-marines\/","name":"Codex Space Marines &#8211; G3D","isPartOf":{"@id":"https:\/\/g3d-wargame.com\/#website"},"primaryImageOfPage":{"@id":"https:\/\/g3d-wargame.com\/produit\/codex-space-marines\/#primaryimage"},"image":{"@id":"https:\/\/g3d-wargame.com\/produit\/codex-space-marines\/#primaryimage"},"thumbnailUrl":"https:\/\/g3d-wargame.com\/wp-content\/uploads\/2025\/05\/marine.jpg","datePublished":"2025-05-14T13:54:34+00:00","dateModified":"2025-06-30T16:31:53+00:00","breadcrumb":{"@id":"https:\/\/g3d-wargame.com\/produit\/codex-space-marines\/#breadcrumb"},"inLanguage":"en-GB","potentialAction":[{"@type":"ReadAction","target":["https:\/\/g3d-wargame.com\/produit\/codex-space-marines\/"]}]},{"@type":"ImageObject","inLanguage":"en-GB","@id":"https:\/\/g3d-wargame.com\/produit\/codex-space-marines\/#primaryimage","url":"https:\/\/g3d-wargame.com\/wp-content\/uploads\/2025\/05\/marine.jpg","contentUrl":"https:\/\/g3d-wargame.com\/wp-content\/uploads\/2025\/05\/marine.jpg","width":918,"height":948},{"@type":"BreadcrumbList","@id":"https:\/\/g3d-wargame.com\/produit\/codex-space-marines\/#breadcrumb","itemListElement":[{"@type":"ListItem","position":1,"name":"Accueil","item":"https:\/\/g3d-wargame.com\/"},{"@type":"ListItem","position":2,"name":"Produits","item":"https:\/\/g3d-wargame.com\/shop__trashed\/"},{"@type":"ListItem","position":3,"name":"Codex Space Marines"}]},{"@type":"WebSite","@id":"https:\/\/g3d-wargame.com\/#website","url":"https:\/\/g3d-wargame.com\/","name":"G3D","description":"3D printing","publisher":{"@id":"https:\/\/g3d-wargame.com\/#organization"},"alternateName":"G3D Wargame","potentialAction":[{"@type":"SearchAction","target":{"@type":"EntryPoint","urlTemplate":"https:\/\/g3d-wargame.com\/?s={search_term_string}"},"query-input":{"@type":"PropertyValueSpecification","valueRequired":true,"valueName":"search_term_string"}}],"inLanguage":"en-GB"},{"@type":"Organization","@id":"https:\/\/g3d-wargame.com\/#organization","name":"G3D","alternateName":"G3D WARGAME","url":"https:\/\/g3d-wargame.com\/","logo":{"@type":"ImageObject","inLanguage":"en-GB","@id":"https:\/\/g3d-wargame.com\/#\/schema\/logo\/image\/","url":"https:\/\/g3d-wargame.com\/wp-content\/uploads\/2023\/12\/G3DLOGO-v1-700-x-700-px.png","contentUrl":"https:\/\/g3d-wargame.com\/wp-content\/uploads\/2023\/12\/G3DLOGO-v1-700-x-700-px.png","width":788,"height":788,"caption":"G3D"},"image":{"@id":"https:\/\/g3d-wargame.com\/#\/schema\/logo\/image\/"}}]}},"_links":{"self":[{"href":"https:\/\/g3d-wargame.com\/en\/wp-json\/wp\/v2\/product\/6068","targetHints":{"allow":["GET"]}}],"collection":[{"href":"https:\/\/g3d-wargame.com\/en\/wp-json\/wp\/v2\/product"}],"about":[{"href":"https:\/\/g3d-wargame.com\/en\/wp-json\/wp\/v2\/types\/product"}],"wp:featuredmedia":[{"embeddable":true,"href":"https:\/\/g3d-wargame.com\/en\/wp-json\/wp\/v2\/media\/6072"}],"wp:attachment":[{"href":"https:\/\/g3d-wargame.com\/en\/wp-json\/wp\/v2\/media?parent=6068"}],"wp:term":[{"taxonomy":"product_brand","embeddable":true,"href":"https:\/\/g3d-wargame.com\/en\/wp-json\/wp\/v2\/product_brand?post=6068"},{"taxonomy":"product_cat","embeddable":true,"href":"https:\/\/g3d-wargame.com\/en\/wp-json\/wp\/v2\/product_cat?post=6068"},{"taxonomy":"product_tag","embeddable":true,"href":"https:\/\/g3d-wargame.com\/en\/wp-json\/wp\/v2\/product_tag?post=6068"}],"curies":[{"name":"wp","href":"https:\/\/api.w.org\/{rel}","templated":true}]}}