{"id":6063,"date":"2025-05-14T15:40:33","date_gmt":"2025-05-14T13:40:33","guid":{"rendered":"https:\/\/g3d-wargame.com\/?post_type=product&#038;p=6063"},"modified":"2025-07-26T14:54:04","modified_gmt":"2025-07-26T12:54:04","slug":"codex-astra-militarum","status":"publish","type":"product","link":"https:\/\/g3d-wargame.com\/en\/product\/codex-astra-militarum\/","title":{"rendered":"Codex: Astra Militarum"},"content":{"rendered":"<p>L&rsquo;Astra Militarum est la premi\u00e8re (et souvent la derni\u00e8re) ligne de d\u00e9fense de l&rsquo;Humanit\u00e9. C&rsquo;est la plus grande force de combat coordonn\u00e9e de la galaxie, avec ses incalculables rang\u00e9es de soldats conscrits sur d&rsquo;innombrables plan\u00e8tes, entra\u00een\u00e9s et \u00e9quip\u00e9s, unis par leur foi en l&rsquo;Empereur-Dieu. Par la seule force de leur d\u00e9termination, les soldats de l&rsquo;Astra Militarum \u00e9radiquent leurs ennemis sous le feu crois\u00e9 de leurs canons laser, de leur artillerie d\u00e9vastatrice et de leurs puissants chars de bataille.<\/p>\n<p>THE\u00a0<i>Codex: Astra Militarum<\/i>\u00a0est le guide essentiel pour collectionner, peindre et jouer avec les forces incontournables de l&rsquo;Humanit\u00e9. Vous y trouverez des connaissances historiques, des photographies inspirantes et des illustrations \u00e9poustouflantes, ainsi que tout ce dont vous aurez besoin pour d\u00e9ployer les arm\u00e9es de l&rsquo;Astra Militarum sur le champ de bataille. Le livre contient \u00e9galement les r\u00e8gles pour jouer des parties de Patrouille, des campagnes de Croisade et des parties en Jeu \u00c9gal \u00e0 Warhammer 40,000.<\/p>\n<p><strong>Ce livre reli\u00e9 de 168 pages contient:<\/strong><br \/>\n\u2013 L&rsquo;historique essentiel pour toute une s\u00e9rie de r\u00e9giments, ainsi que leur h\u00e9raldique<br \/>\n\u2013 Des illustrations et des photographies qui retranscrivent la grandeur des arm\u00e9es de l&rsquo;Astra Militarum, afin de vous inspirer pour votre collection<br \/>\n\u2013 Les r\u00e8gles compl\u00e8tes pour jouer vos arm\u00e9es de l&rsquo;Astra Militarum dans les parties de Warhammer 40,000, avec 5 D\u00e9tachements et 64 fiches techniques qui couvrent toutes les unit\u00e9s disponibles<br \/>\n\u2013 Un ensemble complet de r\u00e8gles pour lancer votre propre campagne narrative Rotation de Service, ainsi que des escarmouches rapides et dynamiques au format Patrouille<\/p>\n<p>Ce livre contient aussi un code \u00e0 usage unique pour d\u00e9bloquer le contenu du\u00a0<i>Codex: Astra Militarum<\/i>\u00a0in Warhammer 40,000: The App.<\/p>","protected":false},"excerpt":{"rendered":"<p>L&rsquo;Astra Militarum est la premi\u00e8re (et souvent la derni\u00e8re) ligne de d\u00e9fense de l&rsquo;Humanit\u00e9. C&rsquo;est la plus grande force de combat coordonn\u00e9e de la galaxie, avec ses incalculables rang\u00e9es de soldats conscrits sur d&rsquo;innombrables plan\u00e8tes, entra\u00een\u00e9s et \u00e9quip\u00e9s, unis par leur foi en l&rsquo;Empereur-Dieu. Par la seule force de leur d\u00e9termination, les soldats de l&rsquo;Astra Militarum \u00e9radiquent leurs ennemis sous&hellip;<\/p>","protected":false},"featured_media":6064,"template":"","meta":[],"product_brand":[],"product_cat":[90],"product_tag":[],"class_list":{"0":"post-6063","1":"product","2":"type-product","3":"status-publish","4":"has-post-thumbnail","6":"product_cat-codex","8":"first","9":"onbackorder","10":"sale","11":"taxable","12":"shipping-taxable","13":"purchasable","14":"product-type-simple"},"yoast_head":"<!-- This site is optimized with the Yoast SEO plugin v25.8 - https:\/\/yoast.com\/wordpress\/plugins\/seo\/ -->\n<title>Codex: Astra Militarum &#8211; G3D<\/title>\n<meta name=\"robots\" content=\"index, follow, max-snippet:-1, max-image-preview:large, max-video-preview:-1\" \/>\n<link rel=\"canonical\" href=\"https:\/\/g3d-wargame.com\/en\/product\/codex-astra-militarum\/\" \/>\n<meta property=\"og:locale\" content=\"en_GB\" \/>\n<meta property=\"og:type\" content=\"article\" \/>\n<meta property=\"og:title\" content=\"Codex: Astra Militarum &#8211; G3D\" \/>\n<meta property=\"og:description\" content=\"L&rsquo;Astra Militarum est la premi\u00e8re (et souvent la derni\u00e8re) ligne de d\u00e9fense de l&rsquo;Humanit\u00e9. C&rsquo;est la plus grande force de combat coordonn\u00e9e de la galaxie, avec ses incalculables rang\u00e9es de soldats conscrits sur d&rsquo;innombrables plan\u00e8tes, entra\u00een\u00e9s et \u00e9quip\u00e9s, unis par leur foi en l&rsquo;Empereur-Dieu. Par la seule force de leur d\u00e9termination, les soldats de l&rsquo;Astra Militarum \u00e9radiquent leurs ennemis sous&hellip;\" \/>\n<meta property=\"og:url\" content=\"https:\/\/g3d-wargame.com\/en\/product\/codex-astra-militarum\/\" \/>\n<meta property=\"og:site_name\" content=\"G3D\" \/>\n<meta property=\"article:modified_time\" content=\"2025-07-26T12:54:04+00:00\" \/>\n<meta property=\"og:image\" content=\"https:\/\/g3d-wargame.com\/wp-content\/uploads\/2025\/05\/DVDSVDV.jpg\" \/>\n\t<meta property=\"og:image:width\" content=\"918\" \/>\n\t<meta property=\"og:image:height\" content=\"948\" \/>\n\t<meta property=\"og:image:type\" content=\"image\/jpeg\" \/>\n<meta name=\"twitter:card\" content=\"summary_large_image\" \/>\n<meta name=\"twitter:label1\" content=\"Estimated reading time\" \/>\n\t<meta name=\"twitter:data1\" content=\"2 minutes\" \/>\n<script type=\"application\/ld+json\" class=\"yoast-schema-graph\">{\"@context\":\"https:\/\/schema.org\",\"@graph\":[{\"@type\":\"WebPage\",\"@id\":\"https:\/\/g3d-wargame.com\/produit\/codex-astra-militarum\/\",\"url\":\"https:\/\/g3d-wargame.com\/produit\/codex-astra-militarum\/\",\"name\":\"Codex: Astra Militarum &#8211; G3D\",\"isPartOf\":{\"@id\":\"https:\/\/g3d-wargame.com\/#website\"},\"primaryImageOfPage\":{\"@id\":\"https:\/\/g3d-wargame.com\/produit\/codex-astra-militarum\/#primaryimage\"},\"image\":{\"@id\":\"https:\/\/g3d-wargame.com\/produit\/codex-astra-militarum\/#primaryimage\"},\"thumbnailUrl\":\"https:\/\/g3d-wargame.com\/wp-content\/uploads\/2025\/05\/DVDSVDV.jpg\",\"datePublished\":\"2025-05-14T13:40:33+00:00\",\"dateModified\":\"2025-07-26T12:54:04+00:00\",\"breadcrumb\":{\"@id\":\"https:\/\/g3d-wargame.com\/produit\/codex-astra-militarum\/#breadcrumb\"},\"inLanguage\":\"en-GB\",\"potentialAction\":[{\"@type\":\"ReadAction\",\"target\":[\"https:\/\/g3d-wargame.com\/produit\/codex-astra-militarum\/\"]}]},{\"@type\":\"ImageObject\",\"inLanguage\":\"en-GB\",\"@id\":\"https:\/\/g3d-wargame.com\/produit\/codex-astra-militarum\/#primaryimage\",\"url\":\"https:\/\/g3d-wargame.com\/wp-content\/uploads\/2025\/05\/DVDSVDV.jpg\",\"contentUrl\":\"https:\/\/g3d-wargame.com\/wp-content\/uploads\/2025\/05\/DVDSVDV.jpg\",\"width\":918,\"height\":948},{\"@type\":\"BreadcrumbList\",\"@id\":\"https:\/\/g3d-wargame.com\/produit\/codex-astra-militarum\/#breadcrumb\",\"itemListElement\":[{\"@type\":\"ListItem\",\"position\":1,\"name\":\"Accueil\",\"item\":\"https:\/\/g3d-wargame.com\/\"},{\"@type\":\"ListItem\",\"position\":2,\"name\":\"Produits\",\"item\":\"https:\/\/g3d-wargame.com\/shop__trashed\/\"},{\"@type\":\"ListItem\",\"position\":3,\"name\":\"Codex: Astra Militarum\"}]},{\"@type\":\"WebSite\",\"@id\":\"https:\/\/g3d-wargame.com\/#website\",\"url\":\"https:\/\/g3d-wargame.com\/\",\"name\":\"G3D\",\"description\":\" impression 3D\",\"publisher\":{\"@id\":\"https:\/\/g3d-wargame.com\/#organization\"},\"alternateName\":\"G3D Wargame\",\"potentialAction\":[{\"@type\":\"SearchAction\",\"target\":{\"@type\":\"EntryPoint\",\"urlTemplate\":\"https:\/\/g3d-wargame.com\/?s={search_term_string}\"},\"query-input\":{\"@type\":\"PropertyValueSpecification\",\"valueRequired\":true,\"valueName\":\"search_term_string\"}}],\"inLanguage\":\"en-GB\"},{\"@type\":\"Organization\",\"@id\":\"https:\/\/g3d-wargame.com\/#organization\",\"name\":\"G3D\",\"alternateName\":\"G3D WARGAME\",\"url\":\"https:\/\/g3d-wargame.com\/\",\"logo\":{\"@type\":\"ImageObject\",\"inLanguage\":\"en-GB\",\"@id\":\"https:\/\/g3d-wargame.com\/#\/schema\/logo\/image\/\",\"url\":\"https:\/\/g3d-wargame.com\/wp-content\/uploads\/2023\/12\/G3DLOGO-v1-700-x-700-px.png\",\"contentUrl\":\"https:\/\/g3d-wargame.com\/wp-content\/uploads\/2023\/12\/G3DLOGO-v1-700-x-700-px.png\",\"width\":788,\"height\":788,\"caption\":\"G3D\"},\"image\":{\"@id\":\"https:\/\/g3d-wargame.com\/#\/schema\/logo\/image\/\"}}]}<\/script>\n<!-- \/ Yoast SEO plugin. -->","yoast_head_json":{"title":"Codex: Astra Militarum &#8211; G3D","robots":{"index":"index","follow":"follow","max-snippet":"max-snippet:-1","max-image-preview":"max-image-preview:large","max-video-preview":"max-video-preview:-1"},"canonical":"https:\/\/g3d-wargame.com\/en\/product\/codex-astra-militarum\/","og_locale":"en_GB","og_type":"article","og_title":"Codex: Astra Militarum &#8211; G3D","og_description":"L&rsquo;Astra Militarum est la premi\u00e8re (et souvent la derni\u00e8re) ligne de d\u00e9fense de l&rsquo;Humanit\u00e9. C&rsquo;est la plus grande force de combat coordonn\u00e9e de la galaxie, avec ses incalculables rang\u00e9es de soldats conscrits sur d&rsquo;innombrables plan\u00e8tes, entra\u00een\u00e9s et \u00e9quip\u00e9s, unis par leur foi en l&rsquo;Empereur-Dieu. Par la seule force de leur d\u00e9termination, les soldats de l&rsquo;Astra Militarum \u00e9radiquent leurs ennemis sous&hellip;","og_url":"https:\/\/g3d-wargame.com\/en\/product\/codex-astra-militarum\/","og_site_name":"G3D","article_modified_time":"2025-07-26T12:54:04+00:00","og_image":[{"width":918,"height":948,"url":"https:\/\/g3d-wargame.com\/wp-content\/uploads\/2025\/05\/DVDSVDV.jpg","type":"image\/jpeg"}],"twitter_card":"summary_large_image","twitter_misc":{"Estimated reading time":"2 minutes"},"schema":{"@context":"https:\/\/schema.org","@graph":[{"@type":"WebPage","@id":"https:\/\/g3d-wargame.com\/produit\/codex-astra-militarum\/","url":"https:\/\/g3d-wargame.com\/produit\/codex-astra-militarum\/","name":"Codex: Astra Militarum &#8211; G3D","isPartOf":{"@id":"https:\/\/g3d-wargame.com\/#website"},"primaryImageOfPage":{"@id":"https:\/\/g3d-wargame.com\/produit\/codex-astra-militarum\/#primaryimage"},"image":{"@id":"https:\/\/g3d-wargame.com\/produit\/codex-astra-militarum\/#primaryimage"},"thumbnailUrl":"https:\/\/g3d-wargame.com\/wp-content\/uploads\/2025\/05\/DVDSVDV.jpg","datePublished":"2025-05-14T13:40:33+00:00","dateModified":"2025-07-26T12:54:04+00:00","breadcrumb":{"@id":"https:\/\/g3d-wargame.com\/produit\/codex-astra-militarum\/#breadcrumb"},"inLanguage":"en-GB","potentialAction":[{"@type":"ReadAction","target":["https:\/\/g3d-wargame.com\/produit\/codex-astra-militarum\/"]}]},{"@type":"ImageObject","inLanguage":"en-GB","@id":"https:\/\/g3d-wargame.com\/produit\/codex-astra-militarum\/#primaryimage","url":"https:\/\/g3d-wargame.com\/wp-content\/uploads\/2025\/05\/DVDSVDV.jpg","contentUrl":"https:\/\/g3d-wargame.com\/wp-content\/uploads\/2025\/05\/DVDSVDV.jpg","width":918,"height":948},{"@type":"BreadcrumbList","@id":"https:\/\/g3d-wargame.com\/produit\/codex-astra-militarum\/#breadcrumb","itemListElement":[{"@type":"ListItem","position":1,"name":"Accueil","item":"https:\/\/g3d-wargame.com\/"},{"@type":"ListItem","position":2,"name":"Produits","item":"https:\/\/g3d-wargame.com\/shop__trashed\/"},{"@type":"ListItem","position":3,"name":"Codex: Astra Militarum"}]},{"@type":"WebSite","@id":"https:\/\/g3d-wargame.com\/#website","url":"https:\/\/g3d-wargame.com\/","name":"G3D","description":"3D printing","publisher":{"@id":"https:\/\/g3d-wargame.com\/#organization"},"alternateName":"G3D Wargame","potentialAction":[{"@type":"SearchAction","target":{"@type":"EntryPoint","urlTemplate":"https:\/\/g3d-wargame.com\/?s={search_term_string}"},"query-input":{"@type":"PropertyValueSpecification","valueRequired":true,"valueName":"search_term_string"}}],"inLanguage":"en-GB"},{"@type":"Organization","@id":"https:\/\/g3d-wargame.com\/#organization","name":"G3D","alternateName":"G3D WARGAME","url":"https:\/\/g3d-wargame.com\/","logo":{"@type":"ImageObject","inLanguage":"en-GB","@id":"https:\/\/g3d-wargame.com\/#\/schema\/logo\/image\/","url":"https:\/\/g3d-wargame.com\/wp-content\/uploads\/2023\/12\/G3DLOGO-v1-700-x-700-px.png","contentUrl":"https:\/\/g3d-wargame.com\/wp-content\/uploads\/2023\/12\/G3DLOGO-v1-700-x-700-px.png","width":788,"height":788,"caption":"G3D"},"image":{"@id":"https:\/\/g3d-wargame.com\/#\/schema\/logo\/image\/"}}]}},"_links":{"self":[{"href":"https:\/\/g3d-wargame.com\/en\/wp-json\/wp\/v2\/product\/6063","targetHints":{"allow":["GET"]}}],"collection":[{"href":"https:\/\/g3d-wargame.com\/en\/wp-json\/wp\/v2\/product"}],"about":[{"href":"https:\/\/g3d-wargame.com\/en\/wp-json\/wp\/v2\/types\/product"}],"wp:featuredmedia":[{"embeddable":true,"href":"https:\/\/g3d-wargame.com\/en\/wp-json\/wp\/v2\/media\/6064"}],"wp:attachment":[{"href":"https:\/\/g3d-wargame.com\/en\/wp-json\/wp\/v2\/media?parent=6063"}],"wp:term":[{"taxonomy":"product_brand","embeddable":true,"href":"https:\/\/g3d-wargame.com\/en\/wp-json\/wp\/v2\/product_brand?post=6063"},{"taxonomy":"product_cat","embeddable":true,"href":"https:\/\/g3d-wargame.com\/en\/wp-json\/wp\/v2\/product_cat?post=6063"},{"taxonomy":"product_tag","embeddable":true,"href":"https:\/\/g3d-wargame.com\/en\/wp-json\/wp\/v2\/product_tag?post=6063"}],"curies":[{"name":"wp","href":"https:\/\/api.w.org\/{rel}","templated":true}]}}