{"id":6055,"date":"2025-05-14T11:56:27","date_gmt":"2025-05-14T09:56:27","guid":{"rendered":"https:\/\/g3d-wargame.com\/?post_type=product&#038;p=6055"},"modified":"2025-06-29T13:06:04","modified_gmt":"2025-06-29T11:06:04","slug":"primaris-hellblasters","status":"publish","type":"product","link":"https:\/\/g3d-wargame.com\/en\/product\/primaris-hellblasters\/","title":{"rendered":"Primaris Hellblasters"},"content":{"rendered":"<p>Les observateurs imp\u00e9riaux ont compar\u00e9 le feu incin\u00e9rateur d&rsquo;une escouade Hellblaster \u00e0 celui d&rsquo;une \u00e9ruption solaire. Des rais de plasma r\u00e9p\u00e9t\u00e9s z\u00e8brent le champ de bataille; quiconque se retrouve en ligne de mire des Hellblasters est promptement an\u00e9anti, son armure r\u00e9duite en cendres et son corps en escarbilles luisantes. M\u00eame les engins blind\u00e9s se r\u00e9sument bient\u00f4t \u00e0 des tas de scories m\u00e9talliques. D\u00e9ploy\u00e9e au bon endroit au bon moment, une unit\u00e9 de Hellblasters peut endiguer l&rsquo;assaut d&rsquo;un fer de lance blind\u00e9, ou venir \u00e0 bout du plus titanesque des monstres extraterrestres.<\/p>\n<p>Ce kit plastique contient les composants n\u00e9cessaires pour assembler un ensemble de 10 Primaris Hellblasters. En armure \u00e9nerg\u00e9tique Mk X Tacticus, ils d\u00e9daignent la complexit\u00e9 des variantes d&rsquo;\u00e9quipement en vigueur chez leurs fr\u00e8res de bataille, et pr\u00e9f\u00e8rent s&rsquo;en tenir \u00e0 un seul armement, leur sp\u00e9cialit\u00e9: le plasma.<\/p>\n<p>On peut monter les figurines en une escouade de 10, dont 9 Hellblasters et un Sergeant, ou en 2 escouades de 5 s\u00e9par\u00e9es avec chacune son Sergeant. L&rsquo;escouade enti\u00e8re peut \u00eatre munie d&rsquo;un arsenal \u00e0 plasma \u2013 10 incin\u00e9rateurs \u00e0 plasma sont fournis, ainsi que les pi\u00e8ces pour en faire des incin\u00e9rateurs \u00e0 plasma d&rsquo;assaut ou des incin\u00e9rateurs \u00e0 plasma lourds, selon votre pr\u00e9f\u00e9rence. Les variantes d&rsquo;assaut ou lourdes se reconnaissent \u00e0 leur bouche, \u00e0 leurs flasques d&rsquo;alimentation et au c\u00e2blage qui les relie au paquetage dorsal des Hellblasters. 4 incinerateurs sont en position de transport au lieu d&rsquo;\u00eatre \u00e9paul\u00e9s, et vous avez l&rsquo;option d&rsquo;armer 4 Hellblasters avec un pistolet \u00e0 plasma dans l&rsquo;autre main.<\/p>\n<p>Le probl\u00e8me (que d&rsquo;aucuns qualifieraient de bonus\u2026) des armes \u00e0 plasma est leur tendance \u00e0 surchauffer, ce que refl\u00e8tent plusieurs composants optionnels. Le Sergeant dispose de variantes de t\u00eate avec stigmates de br\u00fblures, et les bras bioniques propos\u00e9s \u00e9voquent les membres perdus dans des \u00e9panchements de plasma. Il y a en outre tout un \u00e9ventail d&rsquo;\u00e9tuis de pistolets, de reliquaires, de grenades et de sceaux de puret\u00e9.<\/p>\n<p>Les Primaris Hellblasters sont fournis en 250 composants, plus 10 socles ronds Citadel de 32mm et une planche de d\u00e9calcomanies.<\/p>","protected":false},"excerpt":{"rendered":"<p>Les observateurs imp\u00e9riaux ont compar\u00e9 le feu incin\u00e9rateur d&rsquo;une escouade Hellblaster \u00e0 celui d&rsquo;une \u00e9ruption solaire. Des rais de plasma r\u00e9p\u00e9t\u00e9s z\u00e8brent le champ de bataille; quiconque se retrouve en ligne de mire des Hellblasters est promptement an\u00e9anti, son armure r\u00e9duite en cendres et son corps en escarbilles luisantes. M\u00eame les engins blind\u00e9s se r\u00e9sument bient\u00f4t \u00e0 des tas de&hellip;<\/p>","protected":false},"featured_media":6058,"template":"","meta":[],"product_brand":[],"product_cat":[89],"product_tag":[],"class_list":{"0":"post-6055","1":"product","2":"type-product","3":"status-publish","4":"has-post-thumbnail","6":"product_cat-figurines-warhammer-40-000","8":"first","9":"instock","10":"sale","11":"taxable","12":"shipping-taxable","13":"purchasable","14":"product-type-simple"},"yoast_head":"<!-- This site is optimized with the Yoast SEO plugin v25.8 - https:\/\/yoast.com\/wordpress\/plugins\/seo\/ -->\n<title>Primaris Hellblasters &#8211; G3D<\/title>\n<meta name=\"robots\" content=\"index, follow, max-snippet:-1, max-image-preview:large, max-video-preview:-1\" \/>\n<link rel=\"canonical\" href=\"https:\/\/g3d-wargame.com\/en\/product\/primaris-hellblasters\/\" \/>\n<meta property=\"og:locale\" content=\"en_GB\" \/>\n<meta property=\"og:type\" content=\"article\" \/>\n<meta property=\"og:title\" content=\"Primaris Hellblasters &#8211; G3D\" \/>\n<meta property=\"og:description\" content=\"Les observateurs imp\u00e9riaux ont compar\u00e9 le feu incin\u00e9rateur d&rsquo;une escouade Hellblaster \u00e0 celui d&rsquo;une \u00e9ruption solaire. Des rais de plasma r\u00e9p\u00e9t\u00e9s z\u00e8brent le champ de bataille; quiconque se retrouve en ligne de mire des Hellblasters est promptement an\u00e9anti, son armure r\u00e9duite en cendres et son corps en escarbilles luisantes. M\u00eame les engins blind\u00e9s se r\u00e9sument bient\u00f4t \u00e0 des tas de&hellip;\" \/>\n<meta property=\"og:url\" content=\"https:\/\/g3d-wargame.com\/en\/product\/primaris-hellblasters\/\" \/>\n<meta property=\"og:site_name\" content=\"G3D\" \/>\n<meta property=\"article:modified_time\" content=\"2025-06-29T11:06:04+00:00\" \/>\n<meta property=\"og:image\" content=\"https:\/\/g3d-wargame.com\/wp-content\/uploads\/2025\/05\/xwvwxvwxv.jpg\" \/>\n\t<meta property=\"og:image:width\" content=\"918\" \/>\n\t<meta property=\"og:image:height\" content=\"948\" \/>\n\t<meta property=\"og:image:type\" content=\"image\/jpeg\" \/>\n<meta name=\"twitter:card\" content=\"summary_large_image\" \/>\n<meta name=\"twitter:label1\" content=\"Estimated reading time\" \/>\n\t<meta name=\"twitter:data1\" content=\"2 minutes\" \/>\n<script type=\"application\/ld+json\" class=\"yoast-schema-graph\">{\"@context\":\"https:\/\/schema.org\",\"@graph\":[{\"@type\":\"WebPage\",\"@id\":\"https:\/\/g3d-wargame.com\/produit\/primaris-hellblasters\/\",\"url\":\"https:\/\/g3d-wargame.com\/produit\/primaris-hellblasters\/\",\"name\":\"Primaris Hellblasters &#8211; G3D\",\"isPartOf\":{\"@id\":\"https:\/\/g3d-wargame.com\/#website\"},\"primaryImageOfPage\":{\"@id\":\"https:\/\/g3d-wargame.com\/produit\/primaris-hellblasters\/#primaryimage\"},\"image\":{\"@id\":\"https:\/\/g3d-wargame.com\/produit\/primaris-hellblasters\/#primaryimage\"},\"thumbnailUrl\":\"https:\/\/g3d-wargame.com\/wp-content\/uploads\/2025\/05\/xwvwxvwxv.jpg\",\"datePublished\":\"2025-05-14T09:56:27+00:00\",\"dateModified\":\"2025-06-29T11:06:04+00:00\",\"breadcrumb\":{\"@id\":\"https:\/\/g3d-wargame.com\/produit\/primaris-hellblasters\/#breadcrumb\"},\"inLanguage\":\"en-GB\",\"potentialAction\":[{\"@type\":\"ReadAction\",\"target\":[\"https:\/\/g3d-wargame.com\/produit\/primaris-hellblasters\/\"]}]},{\"@type\":\"ImageObject\",\"inLanguage\":\"en-GB\",\"@id\":\"https:\/\/g3d-wargame.com\/produit\/primaris-hellblasters\/#primaryimage\",\"url\":\"https:\/\/g3d-wargame.com\/wp-content\/uploads\/2025\/05\/xwvwxvwxv.jpg\",\"contentUrl\":\"https:\/\/g3d-wargame.com\/wp-content\/uploads\/2025\/05\/xwvwxvwxv.jpg\",\"width\":918,\"height\":948},{\"@type\":\"BreadcrumbList\",\"@id\":\"https:\/\/g3d-wargame.com\/produit\/primaris-hellblasters\/#breadcrumb\",\"itemListElement\":[{\"@type\":\"ListItem\",\"position\":1,\"name\":\"Accueil\",\"item\":\"https:\/\/g3d-wargame.com\/\"},{\"@type\":\"ListItem\",\"position\":2,\"name\":\"Produits\",\"item\":\"https:\/\/g3d-wargame.com\/shop__trashed\/\"},{\"@type\":\"ListItem\",\"position\":3,\"name\":\"Primaris Hellblasters\"}]},{\"@type\":\"WebSite\",\"@id\":\"https:\/\/g3d-wargame.com\/#website\",\"url\":\"https:\/\/g3d-wargame.com\/\",\"name\":\"G3D\",\"description\":\" impression 3D\",\"publisher\":{\"@id\":\"https:\/\/g3d-wargame.com\/#organization\"},\"alternateName\":\"G3D Wargame\",\"potentialAction\":[{\"@type\":\"SearchAction\",\"target\":{\"@type\":\"EntryPoint\",\"urlTemplate\":\"https:\/\/g3d-wargame.com\/?s={search_term_string}\"},\"query-input\":{\"@type\":\"PropertyValueSpecification\",\"valueRequired\":true,\"valueName\":\"search_term_string\"}}],\"inLanguage\":\"en-GB\"},{\"@type\":\"Organization\",\"@id\":\"https:\/\/g3d-wargame.com\/#organization\",\"name\":\"G3D\",\"alternateName\":\"G3D WARGAME\",\"url\":\"https:\/\/g3d-wargame.com\/\",\"logo\":{\"@type\":\"ImageObject\",\"inLanguage\":\"en-GB\",\"@id\":\"https:\/\/g3d-wargame.com\/#\/schema\/logo\/image\/\",\"url\":\"https:\/\/g3d-wargame.com\/wp-content\/uploads\/2023\/12\/G3DLOGO-v1-700-x-700-px.png\",\"contentUrl\":\"https:\/\/g3d-wargame.com\/wp-content\/uploads\/2023\/12\/G3DLOGO-v1-700-x-700-px.png\",\"width\":788,\"height\":788,\"caption\":\"G3D\"},\"image\":{\"@id\":\"https:\/\/g3d-wargame.com\/#\/schema\/logo\/image\/\"}}]}<\/script>\n<!-- \/ Yoast SEO plugin. -->","yoast_head_json":{"title":"Primaris Hellblasters &#8211; G3D","robots":{"index":"index","follow":"follow","max-snippet":"max-snippet:-1","max-image-preview":"max-image-preview:large","max-video-preview":"max-video-preview:-1"},"canonical":"https:\/\/g3d-wargame.com\/en\/product\/primaris-hellblasters\/","og_locale":"en_GB","og_type":"article","og_title":"Primaris Hellblasters &#8211; G3D","og_description":"Les observateurs imp\u00e9riaux ont compar\u00e9 le feu incin\u00e9rateur d&rsquo;une escouade Hellblaster \u00e0 celui d&rsquo;une \u00e9ruption solaire. Des rais de plasma r\u00e9p\u00e9t\u00e9s z\u00e8brent le champ de bataille; quiconque se retrouve en ligne de mire des Hellblasters est promptement an\u00e9anti, son armure r\u00e9duite en cendres et son corps en escarbilles luisantes. M\u00eame les engins blind\u00e9s se r\u00e9sument bient\u00f4t \u00e0 des tas de&hellip;","og_url":"https:\/\/g3d-wargame.com\/en\/product\/primaris-hellblasters\/","og_site_name":"G3D","article_modified_time":"2025-06-29T11:06:04+00:00","og_image":[{"width":918,"height":948,"url":"https:\/\/g3d-wargame.com\/wp-content\/uploads\/2025\/05\/xwvwxvwxv.jpg","type":"image\/jpeg"}],"twitter_card":"summary_large_image","twitter_misc":{"Estimated reading time":"2 minutes"},"schema":{"@context":"https:\/\/schema.org","@graph":[{"@type":"WebPage","@id":"https:\/\/g3d-wargame.com\/produit\/primaris-hellblasters\/","url":"https:\/\/g3d-wargame.com\/produit\/primaris-hellblasters\/","name":"Primaris Hellblasters &#8211; G3D","isPartOf":{"@id":"https:\/\/g3d-wargame.com\/#website"},"primaryImageOfPage":{"@id":"https:\/\/g3d-wargame.com\/produit\/primaris-hellblasters\/#primaryimage"},"image":{"@id":"https:\/\/g3d-wargame.com\/produit\/primaris-hellblasters\/#primaryimage"},"thumbnailUrl":"https:\/\/g3d-wargame.com\/wp-content\/uploads\/2025\/05\/xwvwxvwxv.jpg","datePublished":"2025-05-14T09:56:27+00:00","dateModified":"2025-06-29T11:06:04+00:00","breadcrumb":{"@id":"https:\/\/g3d-wargame.com\/produit\/primaris-hellblasters\/#breadcrumb"},"inLanguage":"en-GB","potentialAction":[{"@type":"ReadAction","target":["https:\/\/g3d-wargame.com\/produit\/primaris-hellblasters\/"]}]},{"@type":"ImageObject","inLanguage":"en-GB","@id":"https:\/\/g3d-wargame.com\/produit\/primaris-hellblasters\/#primaryimage","url":"https:\/\/g3d-wargame.com\/wp-content\/uploads\/2025\/05\/xwvwxvwxv.jpg","contentUrl":"https:\/\/g3d-wargame.com\/wp-content\/uploads\/2025\/05\/xwvwxvwxv.jpg","width":918,"height":948},{"@type":"BreadcrumbList","@id":"https:\/\/g3d-wargame.com\/produit\/primaris-hellblasters\/#breadcrumb","itemListElement":[{"@type":"ListItem","position":1,"name":"Accueil","item":"https:\/\/g3d-wargame.com\/"},{"@type":"ListItem","position":2,"name":"Produits","item":"https:\/\/g3d-wargame.com\/shop__trashed\/"},{"@type":"ListItem","position":3,"name":"Primaris Hellblasters"}]},{"@type":"WebSite","@id":"https:\/\/g3d-wargame.com\/#website","url":"https:\/\/g3d-wargame.com\/","name":"G3D","description":"3D printing","publisher":{"@id":"https:\/\/g3d-wargame.com\/#organization"},"alternateName":"G3D Wargame","potentialAction":[{"@type":"SearchAction","target":{"@type":"EntryPoint","urlTemplate":"https:\/\/g3d-wargame.com\/?s={search_term_string}"},"query-input":{"@type":"PropertyValueSpecification","valueRequired":true,"valueName":"search_term_string"}}],"inLanguage":"en-GB"},{"@type":"Organization","@id":"https:\/\/g3d-wargame.com\/#organization","name":"G3D","alternateName":"G3D WARGAME","url":"https:\/\/g3d-wargame.com\/","logo":{"@type":"ImageObject","inLanguage":"en-GB","@id":"https:\/\/g3d-wargame.com\/#\/schema\/logo\/image\/","url":"https:\/\/g3d-wargame.com\/wp-content\/uploads\/2023\/12\/G3DLOGO-v1-700-x-700-px.png","contentUrl":"https:\/\/g3d-wargame.com\/wp-content\/uploads\/2023\/12\/G3DLOGO-v1-700-x-700-px.png","width":788,"height":788,"caption":"G3D"},"image":{"@id":"https:\/\/g3d-wargame.com\/#\/schema\/logo\/image\/"}}]}},"_links":{"self":[{"href":"https:\/\/g3d-wargame.com\/en\/wp-json\/wp\/v2\/product\/6055","targetHints":{"allow":["GET"]}}],"collection":[{"href":"https:\/\/g3d-wargame.com\/en\/wp-json\/wp\/v2\/product"}],"about":[{"href":"https:\/\/g3d-wargame.com\/en\/wp-json\/wp\/v2\/types\/product"}],"wp:featuredmedia":[{"embeddable":true,"href":"https:\/\/g3d-wargame.com\/en\/wp-json\/wp\/v2\/media\/6058"}],"wp:attachment":[{"href":"https:\/\/g3d-wargame.com\/en\/wp-json\/wp\/v2\/media?parent=6055"}],"wp:term":[{"taxonomy":"product_brand","embeddable":true,"href":"https:\/\/g3d-wargame.com\/en\/wp-json\/wp\/v2\/product_brand?post=6055"},{"taxonomy":"product_cat","embeddable":true,"href":"https:\/\/g3d-wargame.com\/en\/wp-json\/wp\/v2\/product_cat?post=6055"},{"taxonomy":"product_tag","embeddable":true,"href":"https:\/\/g3d-wargame.com\/en\/wp-json\/wp\/v2\/product_tag?post=6055"}],"curies":[{"name":"wp","href":"https:\/\/api.w.org\/{rel}","templated":true}]}}