{"id":6051,"date":"2025-05-14T10:56:50","date_gmt":"2025-05-14T08:56:50","guid":{"rendered":"https:\/\/g3d-wargame.com\/?post_type=product&#038;p=6051"},"modified":"2025-11-06T08:56:46","modified_gmt":"2025-11-06T07:56:46","slug":"chapelain-en-armure-terminator","status":"publish","type":"product","link":"https:\/\/g3d-wargame.com\/en\/product\/chapelain-en-armure-terminator\/","title":{"rendered":"Chapelain en Armure Terminator"},"content":{"rendered":"<p>Les Chapelains stimulent les Space Marines au combat par leurs litanies de foi, et jamais ce renforcement spirituel n&rsquo;est plus n\u00e9cessaire que lors des actions d&rsquo;abordage sanglantes ou de l&rsquo;horreur d&rsquo;une attaque sur une t\u00eate de pont. Ainsi, les Chapelains sont entra\u00een\u00e9s \u00e0 porter la formidable armure Terminator pour pouvoir combattre aux c\u00f4t\u00e9s de leurs fr\u00e8res de bataille v\u00e9t\u00e9rans l\u00e0 o\u00f9 les affrontements sont les plus rudes.<\/p>\n<p>Ce kit plastique permet d&rsquo;assembler un Chapelain Space Marine engonc\u00e9 dans une robuste armure Terminator. Cet orateur inspirant avance r\u00e9solument au combat, broyant les cr\u00e2nes avec son crozius arcanum, le mortel sceptre de son office. Dans son autre main, il porte soit un bolter Storm \u00e0 la haute cadence de tir soit un \u00e9norme bouclier relique orn\u00e9 d&rsquo;ossements et qui lui offre une protection encore meilleure. Le kit propose \u00e9galement un choix de deux t\u00eates, une nue avec un respirateur et l&rsquo;autre portant un casque, toutes deux dans le style squelettique des Chapelains. Vous trouverez \u00e9galement deux t\u00eates diff\u00e9rentes pour le crozius.<\/p>\n<p>Ce kit contient 25 \u00e9l\u00e9ments en plastique et 1x Socle Rond Citadel de 40mm. Cette figurine est fournie non peinte et n\u00e9cessite assemblage \u2013 nous recommandons d&#8217;employer la Colle Plastique Citadel et la peinture Citadel.<\/p>","protected":false},"excerpt":{"rendered":"<p>Les Chapelains stimulent les Space Marines au combat par leurs litanies de foi, et jamais ce renforcement spirituel n&rsquo;est plus n\u00e9cessaire que lors des actions d&rsquo;abordage sanglantes ou de l&rsquo;horreur d&rsquo;une attaque sur une t\u00eate de pont. Ainsi, les Chapelains sont entra\u00een\u00e9s \u00e0 porter la formidable armure Terminator pour pouvoir combattre aux c\u00f4t\u00e9s de leurs fr\u00e8res de bataille v\u00e9t\u00e9rans l\u00e0&hellip;<\/p>","protected":false},"featured_media":6052,"template":"","meta":[],"product_brand":[],"product_cat":[89,63],"product_tag":[],"class_list":{"0":"post-6051","1":"product","2":"type-product","3":"status-publish","4":"has-post-thumbnail","6":"product_cat-figurines-warhammer-40-000","7":"product_cat-warhammer-40-000","9":"first","10":"onbackorder","11":"sale","12":"taxable","13":"shipping-taxable","14":"purchasable","15":"product-type-simple"},"yoast_head":"<!-- This site is optimized with the Yoast SEO plugin v25.8 - https:\/\/yoast.com\/wordpress\/plugins\/seo\/ -->\n<title>Chapelain en Armure Terminator &#8211; G3D<\/title>\n<meta name=\"robots\" content=\"index, follow, max-snippet:-1, max-image-preview:large, max-video-preview:-1\" \/>\n<link rel=\"canonical\" href=\"https:\/\/g3d-wargame.com\/en\/product\/chapelain-en-armure-terminator\/\" \/>\n<meta property=\"og:locale\" content=\"en_GB\" \/>\n<meta property=\"og:type\" content=\"article\" \/>\n<meta property=\"og:title\" content=\"Chapelain en Armure Terminator &#8211; G3D\" \/>\n<meta property=\"og:description\" content=\"Les Chapelains stimulent les Space Marines au combat par leurs litanies de foi, et jamais ce renforcement spirituel n&rsquo;est plus n\u00e9cessaire que lors des actions d&rsquo;abordage sanglantes ou de l&rsquo;horreur d&rsquo;une attaque sur une t\u00eate de pont. Ainsi, les Chapelains sont entra\u00een\u00e9s \u00e0 porter la formidable armure Terminator pour pouvoir combattre aux c\u00f4t\u00e9s de leurs fr\u00e8res de bataille v\u00e9t\u00e9rans l\u00e0&hellip;\" \/>\n<meta property=\"og:url\" content=\"https:\/\/g3d-wargame.com\/en\/product\/chapelain-en-armure-terminator\/\" \/>\n<meta property=\"og:site_name\" content=\"G3D\" \/>\n<meta property=\"article:modified_time\" content=\"2025-11-06T07:56:46+00:00\" \/>\n<meta property=\"og:image\" content=\"https:\/\/g3d-wargame.com\/wp-content\/uploads\/2025\/05\/LOL.jpg\" \/>\n\t<meta property=\"og:image:width\" content=\"918\" \/>\n\t<meta property=\"og:image:height\" content=\"948\" \/>\n\t<meta property=\"og:image:type\" content=\"image\/jpeg\" \/>\n<meta name=\"twitter:card\" content=\"summary_large_image\" \/>\n<meta name=\"twitter:label1\" content=\"Estimated reading time\" \/>\n\t<meta name=\"twitter:data1\" content=\"2 minutes\" \/>\n<script type=\"application\/ld+json\" class=\"yoast-schema-graph\">{\"@context\":\"https:\/\/schema.org\",\"@graph\":[{\"@type\":\"WebPage\",\"@id\":\"https:\/\/g3d-wargame.com\/produit\/chapelain-en-armure-terminator\/\",\"url\":\"https:\/\/g3d-wargame.com\/produit\/chapelain-en-armure-terminator\/\",\"name\":\"Chapelain en Armure Terminator &#8211; G3D\",\"isPartOf\":{\"@id\":\"https:\/\/g3d-wargame.com\/#website\"},\"primaryImageOfPage\":{\"@id\":\"https:\/\/g3d-wargame.com\/produit\/chapelain-en-armure-terminator\/#primaryimage\"},\"image\":{\"@id\":\"https:\/\/g3d-wargame.com\/produit\/chapelain-en-armure-terminator\/#primaryimage\"},\"thumbnailUrl\":\"https:\/\/g3d-wargame.com\/wp-content\/uploads\/2025\/05\/LOL.jpg\",\"datePublished\":\"2025-05-14T08:56:50+00:00\",\"dateModified\":\"2025-11-06T07:56:46+00:00\",\"breadcrumb\":{\"@id\":\"https:\/\/g3d-wargame.com\/produit\/chapelain-en-armure-terminator\/#breadcrumb\"},\"inLanguage\":\"en-GB\",\"potentialAction\":[{\"@type\":\"ReadAction\",\"target\":[\"https:\/\/g3d-wargame.com\/produit\/chapelain-en-armure-terminator\/\"]}]},{\"@type\":\"ImageObject\",\"inLanguage\":\"en-GB\",\"@id\":\"https:\/\/g3d-wargame.com\/produit\/chapelain-en-armure-terminator\/#primaryimage\",\"url\":\"https:\/\/g3d-wargame.com\/wp-content\/uploads\/2025\/05\/LOL.jpg\",\"contentUrl\":\"https:\/\/g3d-wargame.com\/wp-content\/uploads\/2025\/05\/LOL.jpg\",\"width\":918,\"height\":948},{\"@type\":\"BreadcrumbList\",\"@id\":\"https:\/\/g3d-wargame.com\/produit\/chapelain-en-armure-terminator\/#breadcrumb\",\"itemListElement\":[{\"@type\":\"ListItem\",\"position\":1,\"name\":\"Accueil\",\"item\":\"https:\/\/g3d-wargame.com\/\"},{\"@type\":\"ListItem\",\"position\":2,\"name\":\"Produits\",\"item\":\"https:\/\/g3d-wargame.com\/shop__trashed\/\"},{\"@type\":\"ListItem\",\"position\":3,\"name\":\"Chapelain en Armure Terminator\"}]},{\"@type\":\"WebSite\",\"@id\":\"https:\/\/g3d-wargame.com\/#website\",\"url\":\"https:\/\/g3d-wargame.com\/\",\"name\":\"G3D\",\"description\":\" impression 3D\",\"publisher\":{\"@id\":\"https:\/\/g3d-wargame.com\/#organization\"},\"alternateName\":\"G3D Wargame\",\"potentialAction\":[{\"@type\":\"SearchAction\",\"target\":{\"@type\":\"EntryPoint\",\"urlTemplate\":\"https:\/\/g3d-wargame.com\/?s={search_term_string}\"},\"query-input\":{\"@type\":\"PropertyValueSpecification\",\"valueRequired\":true,\"valueName\":\"search_term_string\"}}],\"inLanguage\":\"en-GB\"},{\"@type\":\"Organization\",\"@id\":\"https:\/\/g3d-wargame.com\/#organization\",\"name\":\"G3D\",\"alternateName\":\"G3D WARGAME\",\"url\":\"https:\/\/g3d-wargame.com\/\",\"logo\":{\"@type\":\"ImageObject\",\"inLanguage\":\"en-GB\",\"@id\":\"https:\/\/g3d-wargame.com\/#\/schema\/logo\/image\/\",\"url\":\"https:\/\/g3d-wargame.com\/wp-content\/uploads\/2023\/12\/G3DLOGO-v1-700-x-700-px.png\",\"contentUrl\":\"https:\/\/g3d-wargame.com\/wp-content\/uploads\/2023\/12\/G3DLOGO-v1-700-x-700-px.png\",\"width\":788,\"height\":788,\"caption\":\"G3D\"},\"image\":{\"@id\":\"https:\/\/g3d-wargame.com\/#\/schema\/logo\/image\/\"}}]}<\/script>\n<!-- \/ Yoast SEO plugin. -->","yoast_head_json":{"title":"Chapelain en Armure Terminator &#8211; G3D","robots":{"index":"index","follow":"follow","max-snippet":"max-snippet:-1","max-image-preview":"max-image-preview:large","max-video-preview":"max-video-preview:-1"},"canonical":"https:\/\/g3d-wargame.com\/en\/product\/chapelain-en-armure-terminator\/","og_locale":"en_GB","og_type":"article","og_title":"Chapelain en Armure Terminator &#8211; G3D","og_description":"Les Chapelains stimulent les Space Marines au combat par leurs litanies de foi, et jamais ce renforcement spirituel n&rsquo;est plus n\u00e9cessaire que lors des actions d&rsquo;abordage sanglantes ou de l&rsquo;horreur d&rsquo;une attaque sur une t\u00eate de pont. Ainsi, les Chapelains sont entra\u00een\u00e9s \u00e0 porter la formidable armure Terminator pour pouvoir combattre aux c\u00f4t\u00e9s de leurs fr\u00e8res de bataille v\u00e9t\u00e9rans l\u00e0&hellip;","og_url":"https:\/\/g3d-wargame.com\/en\/product\/chapelain-en-armure-terminator\/","og_site_name":"G3D","article_modified_time":"2025-11-06T07:56:46+00:00","og_image":[{"width":918,"height":948,"url":"https:\/\/g3d-wargame.com\/wp-content\/uploads\/2025\/05\/LOL.jpg","type":"image\/jpeg"}],"twitter_card":"summary_large_image","twitter_misc":{"Estimated reading time":"2 minutes"},"schema":{"@context":"https:\/\/schema.org","@graph":[{"@type":"WebPage","@id":"https:\/\/g3d-wargame.com\/produit\/chapelain-en-armure-terminator\/","url":"https:\/\/g3d-wargame.com\/produit\/chapelain-en-armure-terminator\/","name":"Chapelain en Armure Terminator &#8211; G3D","isPartOf":{"@id":"https:\/\/g3d-wargame.com\/#website"},"primaryImageOfPage":{"@id":"https:\/\/g3d-wargame.com\/produit\/chapelain-en-armure-terminator\/#primaryimage"},"image":{"@id":"https:\/\/g3d-wargame.com\/produit\/chapelain-en-armure-terminator\/#primaryimage"},"thumbnailUrl":"https:\/\/g3d-wargame.com\/wp-content\/uploads\/2025\/05\/LOL.jpg","datePublished":"2025-05-14T08:56:50+00:00","dateModified":"2025-11-06T07:56:46+00:00","breadcrumb":{"@id":"https:\/\/g3d-wargame.com\/produit\/chapelain-en-armure-terminator\/#breadcrumb"},"inLanguage":"en-GB","potentialAction":[{"@type":"ReadAction","target":["https:\/\/g3d-wargame.com\/produit\/chapelain-en-armure-terminator\/"]}]},{"@type":"ImageObject","inLanguage":"en-GB","@id":"https:\/\/g3d-wargame.com\/produit\/chapelain-en-armure-terminator\/#primaryimage","url":"https:\/\/g3d-wargame.com\/wp-content\/uploads\/2025\/05\/LOL.jpg","contentUrl":"https:\/\/g3d-wargame.com\/wp-content\/uploads\/2025\/05\/LOL.jpg","width":918,"height":948},{"@type":"BreadcrumbList","@id":"https:\/\/g3d-wargame.com\/produit\/chapelain-en-armure-terminator\/#breadcrumb","itemListElement":[{"@type":"ListItem","position":1,"name":"Accueil","item":"https:\/\/g3d-wargame.com\/"},{"@type":"ListItem","position":2,"name":"Produits","item":"https:\/\/g3d-wargame.com\/shop__trashed\/"},{"@type":"ListItem","position":3,"name":"Chapelain en Armure Terminator"}]},{"@type":"WebSite","@id":"https:\/\/g3d-wargame.com\/#website","url":"https:\/\/g3d-wargame.com\/","name":"G3D","description":"3D printing","publisher":{"@id":"https:\/\/g3d-wargame.com\/#organization"},"alternateName":"G3D Wargame","potentialAction":[{"@type":"SearchAction","target":{"@type":"EntryPoint","urlTemplate":"https:\/\/g3d-wargame.com\/?s={search_term_string}"},"query-input":{"@type":"PropertyValueSpecification","valueRequired":true,"valueName":"search_term_string"}}],"inLanguage":"en-GB"},{"@type":"Organization","@id":"https:\/\/g3d-wargame.com\/#organization","name":"G3D","alternateName":"G3D WARGAME","url":"https:\/\/g3d-wargame.com\/","logo":{"@type":"ImageObject","inLanguage":"en-GB","@id":"https:\/\/g3d-wargame.com\/#\/schema\/logo\/image\/","url":"https:\/\/g3d-wargame.com\/wp-content\/uploads\/2023\/12\/G3DLOGO-v1-700-x-700-px.png","contentUrl":"https:\/\/g3d-wargame.com\/wp-content\/uploads\/2023\/12\/G3DLOGO-v1-700-x-700-px.png","width":788,"height":788,"caption":"G3D"},"image":{"@id":"https:\/\/g3d-wargame.com\/#\/schema\/logo\/image\/"}}]}},"_links":{"self":[{"href":"https:\/\/g3d-wargame.com\/en\/wp-json\/wp\/v2\/product\/6051","targetHints":{"allow":["GET"]}}],"collection":[{"href":"https:\/\/g3d-wargame.com\/en\/wp-json\/wp\/v2\/product"}],"about":[{"href":"https:\/\/g3d-wargame.com\/en\/wp-json\/wp\/v2\/types\/product"}],"wp:featuredmedia":[{"embeddable":true,"href":"https:\/\/g3d-wargame.com\/en\/wp-json\/wp\/v2\/media\/6052"}],"wp:attachment":[{"href":"https:\/\/g3d-wargame.com\/en\/wp-json\/wp\/v2\/media?parent=6051"}],"wp:term":[{"taxonomy":"product_brand","embeddable":true,"href":"https:\/\/g3d-wargame.com\/en\/wp-json\/wp\/v2\/product_brand?post=6051"},{"taxonomy":"product_cat","embeddable":true,"href":"https:\/\/g3d-wargame.com\/en\/wp-json\/wp\/v2\/product_cat?post=6051"},{"taxonomy":"product_tag","embeddable":true,"href":"https:\/\/g3d-wargame.com\/en\/wp-json\/wp\/v2\/product_tag?post=6051"}],"curies":[{"name":"wp","href":"https:\/\/api.w.org\/{rel}","templated":true}]}}