{"id":6044,"date":"2025-05-14T09:55:52","date_gmt":"2025-05-14T07:55:52","guid":{"rendered":"https:\/\/g3d-wargame.com\/?post_type=product&#038;p=6044"},"modified":"2025-05-14T14:01:50","modified_gmt":"2025-05-14T12:01:50","slug":"squig-herd","status":"publish","type":"product","link":"https:\/\/g3d-wargame.com\/en\/product\/squig-herd\/","title":{"rendered":"Squig Herd"},"content":{"rendered":"<p>Squigs! Ces m\u00e9chantes cr\u00e9atures se r\u00e9sument \u00e0 des gueules sur pattes \u00e0 l&rsquo;attitude d\u00e9plorable, qu&rsquo;on redoute \u00e0 travers les Royaumes Mortels pour leur app\u00e9tit vorace et que les Gloomspite Gitz emploient souvent au front.<\/p>\n<p>Ces petits monstres sont bienvenus dans votre arm\u00e9e gr\u00e2ce \u00e0 leur incroyable capacit\u00e9 offensive \u2013 il suffit de les orienter vaguement dans la direction de ce que vous voulez leur faire mordre, et de donner l&rsquo;assaut. Vous pouvez m\u00eame \u00e0 votre guise en aligner toute une arm\u00e9e en jeu \u00e9gal, les Squig Herds \u00e9tant une option de Ligne pour les arm\u00e9es dot\u00e9es d&rsquo;un g\u00e9n\u00e9ral Moonclan. Imaginez la t\u00eate de vos adversaires\u2026<\/p>\n<p>Ce kit comporte tout le n\u00e9cessaire pour monter un troupeau de 10 squigs, au riche \u00e9ventail de faci\u00e8s personnalisables. Il y a aussi deux Squig Herders pour motiver les Squig Herds, \u00e0 choisir et monter parmi quatre variantes possibles. Il y a aussi des accessoires de soclage, dont un squig escargot&#8230;<\/p>\n<p>Ce kit est fourni en 77 composants, plus 12 socles ronds de 25mm.<\/p>\n<p>These miniatures are supplied unpainted and require assembly.<\/p>","protected":false},"excerpt":{"rendered":"<p>Squigs! Ces m\u00e9chantes cr\u00e9atures se r\u00e9sument \u00e0 des gueules sur pattes \u00e0 l&rsquo;attitude d\u00e9plorable, qu&rsquo;on redoute \u00e0 travers les Royaumes Mortels pour leur app\u00e9tit vorace et que les Gloomspite Gitz emploient souvent au front. Ces petits monstres sont bienvenus dans votre arm\u00e9e gr\u00e2ce \u00e0 leur incroyable capacit\u00e9 offensive \u2013 il suffit de les orienter vaguement dans la direction de ce&hellip;<\/p>","protected":false},"featured_media":6048,"template":"","meta":[],"product_brand":[],"product_cat":[62],"product_tag":[],"class_list":{"0":"post-6044","1":"product","2":"type-product","3":"status-publish","4":"has-post-thumbnail","6":"product_cat-age-of-sigmar","8":"first","9":"instock","10":"sale","11":"taxable","12":"shipping-taxable","13":"purchasable","14":"product-type-simple"},"yoast_head":"<!-- This site is optimized with the Yoast SEO plugin v25.8 - https:\/\/yoast.com\/wordpress\/plugins\/seo\/ -->\n<title>Squig Herd &#8211; G3D<\/title>\n<meta name=\"robots\" content=\"index, follow, max-snippet:-1, max-image-preview:large, max-video-preview:-1\" \/>\n<link rel=\"canonical\" href=\"https:\/\/g3d-wargame.com\/en\/product\/squig-herd\/\" \/>\n<meta property=\"og:locale\" content=\"en_GB\" \/>\n<meta property=\"og:type\" content=\"article\" \/>\n<meta property=\"og:title\" content=\"Squig Herd &#8211; G3D\" \/>\n<meta property=\"og:description\" content=\"Squigs! Ces m\u00e9chantes cr\u00e9atures se r\u00e9sument \u00e0 des gueules sur pattes \u00e0 l&rsquo;attitude d\u00e9plorable, qu&rsquo;on redoute \u00e0 travers les Royaumes Mortels pour leur app\u00e9tit vorace et que les Gloomspite Gitz emploient souvent au front. Ces petits monstres sont bienvenus dans votre arm\u00e9e gr\u00e2ce \u00e0 leur incroyable capacit\u00e9 offensive \u2013 il suffit de les orienter vaguement dans la direction de ce&hellip;\" \/>\n<meta property=\"og:url\" content=\"https:\/\/g3d-wargame.com\/en\/product\/squig-herd\/\" \/>\n<meta property=\"og:site_name\" content=\"G3D\" \/>\n<meta property=\"article:modified_time\" content=\"2025-05-14T12:01:50+00:00\" \/>\n<meta property=\"og:image\" content=\"https:\/\/g3d-wargame.com\/wp-content\/uploads\/2025\/05\/FEZFZFZ.jpg\" \/>\n\t<meta property=\"og:image:width\" content=\"918\" \/>\n\t<meta property=\"og:image:height\" content=\"948\" \/>\n\t<meta property=\"og:image:type\" content=\"image\/jpeg\" \/>\n<meta name=\"twitter:card\" content=\"summary_large_image\" \/>\n<meta name=\"twitter:label1\" content=\"Estimated reading time\" \/>\n\t<meta name=\"twitter:data1\" content=\"2 minutes\" \/>\n<script type=\"application\/ld+json\" class=\"yoast-schema-graph\">{\"@context\":\"https:\/\/schema.org\",\"@graph\":[{\"@type\":\"WebPage\",\"@id\":\"https:\/\/g3d-wargame.com\/produit\/squig-herd\/\",\"url\":\"https:\/\/g3d-wargame.com\/produit\/squig-herd\/\",\"name\":\"Squig Herd &#8211; G3D\",\"isPartOf\":{\"@id\":\"https:\/\/g3d-wargame.com\/#website\"},\"primaryImageOfPage\":{\"@id\":\"https:\/\/g3d-wargame.com\/produit\/squig-herd\/#primaryimage\"},\"image\":{\"@id\":\"https:\/\/g3d-wargame.com\/produit\/squig-herd\/#primaryimage\"},\"thumbnailUrl\":\"https:\/\/g3d-wargame.com\/wp-content\/uploads\/2025\/05\/FEZFZFZ.jpg\",\"datePublished\":\"2025-05-14T07:55:52+00:00\",\"dateModified\":\"2025-05-14T12:01:50+00:00\",\"breadcrumb\":{\"@id\":\"https:\/\/g3d-wargame.com\/produit\/squig-herd\/#breadcrumb\"},\"inLanguage\":\"en-GB\",\"potentialAction\":[{\"@type\":\"ReadAction\",\"target\":[\"https:\/\/g3d-wargame.com\/produit\/squig-herd\/\"]}]},{\"@type\":\"ImageObject\",\"inLanguage\":\"en-GB\",\"@id\":\"https:\/\/g3d-wargame.com\/produit\/squig-herd\/#primaryimage\",\"url\":\"https:\/\/g3d-wargame.com\/wp-content\/uploads\/2025\/05\/FEZFZFZ.jpg\",\"contentUrl\":\"https:\/\/g3d-wargame.com\/wp-content\/uploads\/2025\/05\/FEZFZFZ.jpg\",\"width\":918,\"height\":948},{\"@type\":\"BreadcrumbList\",\"@id\":\"https:\/\/g3d-wargame.com\/produit\/squig-herd\/#breadcrumb\",\"itemListElement\":[{\"@type\":\"ListItem\",\"position\":1,\"name\":\"Accueil\",\"item\":\"https:\/\/g3d-wargame.com\/\"},{\"@type\":\"ListItem\",\"position\":2,\"name\":\"Produits\",\"item\":\"https:\/\/g3d-wargame.com\/shop__trashed\/\"},{\"@type\":\"ListItem\",\"position\":3,\"name\":\"Squig Herd\"}]},{\"@type\":\"WebSite\",\"@id\":\"https:\/\/g3d-wargame.com\/#website\",\"url\":\"https:\/\/g3d-wargame.com\/\",\"name\":\"G3D\",\"description\":\" impression 3D\",\"publisher\":{\"@id\":\"https:\/\/g3d-wargame.com\/#organization\"},\"alternateName\":\"G3D Wargame\",\"potentialAction\":[{\"@type\":\"SearchAction\",\"target\":{\"@type\":\"EntryPoint\",\"urlTemplate\":\"https:\/\/g3d-wargame.com\/?s={search_term_string}\"},\"query-input\":{\"@type\":\"PropertyValueSpecification\",\"valueRequired\":true,\"valueName\":\"search_term_string\"}}],\"inLanguage\":\"en-GB\"},{\"@type\":\"Organization\",\"@id\":\"https:\/\/g3d-wargame.com\/#organization\",\"name\":\"G3D\",\"alternateName\":\"G3D WARGAME\",\"url\":\"https:\/\/g3d-wargame.com\/\",\"logo\":{\"@type\":\"ImageObject\",\"inLanguage\":\"en-GB\",\"@id\":\"https:\/\/g3d-wargame.com\/#\/schema\/logo\/image\/\",\"url\":\"https:\/\/g3d-wargame.com\/wp-content\/uploads\/2023\/12\/G3DLOGO-v1-700-x-700-px.png\",\"contentUrl\":\"https:\/\/g3d-wargame.com\/wp-content\/uploads\/2023\/12\/G3DLOGO-v1-700-x-700-px.png\",\"width\":788,\"height\":788,\"caption\":\"G3D\"},\"image\":{\"@id\":\"https:\/\/g3d-wargame.com\/#\/schema\/logo\/image\/\"}}]}<\/script>\n<!-- \/ Yoast SEO plugin. -->","yoast_head_json":{"title":"Squig Herd &#8211; G3D","robots":{"index":"index","follow":"follow","max-snippet":"max-snippet:-1","max-image-preview":"max-image-preview:large","max-video-preview":"max-video-preview:-1"},"canonical":"https:\/\/g3d-wargame.com\/en\/product\/squig-herd\/","og_locale":"en_GB","og_type":"article","og_title":"Squig Herd &#8211; G3D","og_description":"Squigs! Ces m\u00e9chantes cr\u00e9atures se r\u00e9sument \u00e0 des gueules sur pattes \u00e0 l&rsquo;attitude d\u00e9plorable, qu&rsquo;on redoute \u00e0 travers les Royaumes Mortels pour leur app\u00e9tit vorace et que les Gloomspite Gitz emploient souvent au front. Ces petits monstres sont bienvenus dans votre arm\u00e9e gr\u00e2ce \u00e0 leur incroyable capacit\u00e9 offensive \u2013 il suffit de les orienter vaguement dans la direction de ce&hellip;","og_url":"https:\/\/g3d-wargame.com\/en\/product\/squig-herd\/","og_site_name":"G3D","article_modified_time":"2025-05-14T12:01:50+00:00","og_image":[{"width":918,"height":948,"url":"https:\/\/g3d-wargame.com\/wp-content\/uploads\/2025\/05\/FEZFZFZ.jpg","type":"image\/jpeg"}],"twitter_card":"summary_large_image","twitter_misc":{"Estimated reading time":"2 minutes"},"schema":{"@context":"https:\/\/schema.org","@graph":[{"@type":"WebPage","@id":"https:\/\/g3d-wargame.com\/produit\/squig-herd\/","url":"https:\/\/g3d-wargame.com\/produit\/squig-herd\/","name":"Squig Herd &#8211; G3D","isPartOf":{"@id":"https:\/\/g3d-wargame.com\/#website"},"primaryImageOfPage":{"@id":"https:\/\/g3d-wargame.com\/produit\/squig-herd\/#primaryimage"},"image":{"@id":"https:\/\/g3d-wargame.com\/produit\/squig-herd\/#primaryimage"},"thumbnailUrl":"https:\/\/g3d-wargame.com\/wp-content\/uploads\/2025\/05\/FEZFZFZ.jpg","datePublished":"2025-05-14T07:55:52+00:00","dateModified":"2025-05-14T12:01:50+00:00","breadcrumb":{"@id":"https:\/\/g3d-wargame.com\/produit\/squig-herd\/#breadcrumb"},"inLanguage":"en-GB","potentialAction":[{"@type":"ReadAction","target":["https:\/\/g3d-wargame.com\/produit\/squig-herd\/"]}]},{"@type":"ImageObject","inLanguage":"en-GB","@id":"https:\/\/g3d-wargame.com\/produit\/squig-herd\/#primaryimage","url":"https:\/\/g3d-wargame.com\/wp-content\/uploads\/2025\/05\/FEZFZFZ.jpg","contentUrl":"https:\/\/g3d-wargame.com\/wp-content\/uploads\/2025\/05\/FEZFZFZ.jpg","width":918,"height":948},{"@type":"BreadcrumbList","@id":"https:\/\/g3d-wargame.com\/produit\/squig-herd\/#breadcrumb","itemListElement":[{"@type":"ListItem","position":1,"name":"Accueil","item":"https:\/\/g3d-wargame.com\/"},{"@type":"ListItem","position":2,"name":"Produits","item":"https:\/\/g3d-wargame.com\/shop__trashed\/"},{"@type":"ListItem","position":3,"name":"Squig Herd"}]},{"@type":"WebSite","@id":"https:\/\/g3d-wargame.com\/#website","url":"https:\/\/g3d-wargame.com\/","name":"G3D","description":"3D printing","publisher":{"@id":"https:\/\/g3d-wargame.com\/#organization"},"alternateName":"G3D Wargame","potentialAction":[{"@type":"SearchAction","target":{"@type":"EntryPoint","urlTemplate":"https:\/\/g3d-wargame.com\/?s={search_term_string}"},"query-input":{"@type":"PropertyValueSpecification","valueRequired":true,"valueName":"search_term_string"}}],"inLanguage":"en-GB"},{"@type":"Organization","@id":"https:\/\/g3d-wargame.com\/#organization","name":"G3D","alternateName":"G3D WARGAME","url":"https:\/\/g3d-wargame.com\/","logo":{"@type":"ImageObject","inLanguage":"en-GB","@id":"https:\/\/g3d-wargame.com\/#\/schema\/logo\/image\/","url":"https:\/\/g3d-wargame.com\/wp-content\/uploads\/2023\/12\/G3DLOGO-v1-700-x-700-px.png","contentUrl":"https:\/\/g3d-wargame.com\/wp-content\/uploads\/2023\/12\/G3DLOGO-v1-700-x-700-px.png","width":788,"height":788,"caption":"G3D"},"image":{"@id":"https:\/\/g3d-wargame.com\/#\/schema\/logo\/image\/"}}]}},"_links":{"self":[{"href":"https:\/\/g3d-wargame.com\/en\/wp-json\/wp\/v2\/product\/6044","targetHints":{"allow":["GET"]}}],"collection":[{"href":"https:\/\/g3d-wargame.com\/en\/wp-json\/wp\/v2\/product"}],"about":[{"href":"https:\/\/g3d-wargame.com\/en\/wp-json\/wp\/v2\/types\/product"}],"wp:featuredmedia":[{"embeddable":true,"href":"https:\/\/g3d-wargame.com\/en\/wp-json\/wp\/v2\/media\/6048"}],"wp:attachment":[{"href":"https:\/\/g3d-wargame.com\/en\/wp-json\/wp\/v2\/media?parent=6044"}],"wp:term":[{"taxonomy":"product_brand","embeddable":true,"href":"https:\/\/g3d-wargame.com\/en\/wp-json\/wp\/v2\/product_brand?post=6044"},{"taxonomy":"product_cat","embeddable":true,"href":"https:\/\/g3d-wargame.com\/en\/wp-json\/wp\/v2\/product_cat?post=6044"},{"taxonomy":"product_tag","embeddable":true,"href":"https:\/\/g3d-wargame.com\/en\/wp-json\/wp\/v2\/product_tag?post=6044"}],"curies":[{"name":"wp","href":"https:\/\/api.w.org\/{rel}","templated":true}]}}