{"id":6038,"date":"2025-05-14T09:39:19","date_gmt":"2025-05-14T07:39:19","guid":{"rendered":"https:\/\/g3d-wargame.com\/?post_type=product&#038;p=6038"},"modified":"2026-02-19T17:16:41","modified_gmt":"2026-02-19T16:16:41","slug":"deadwalker-zombies","status":"publish","type":"product","link":"https:\/\/g3d-wargame.com\/en\/product\/deadwalker-zombies\/","title":{"rendered":"Deadwalker Zombies"},"content":{"rendered":"<p>Les Deadwalker Zombies sont cr\u00e9\u00e9s \u00e0 partir de cadavres frais, anim\u00e9s par la force d&rsquo;une noire n\u00e9cromancie pour \u00eatre envoy\u00e9s sur le champ de bataille en hordes au pas tra\u00eenant. D\u00e9nu\u00e9s d&rsquo;esprit et mus uniquement par un instinct collectif, les zombies sont devenus par leurs migrations un fl\u00e9au r\u00e9current depuis le n\u00e9cro-s\u00e9isme, et de nombreuses villes ont institu\u00e9 des patrouilles d&rsquo;allumeurs de b\u00fbchers pour incin\u00e9rer les infestations avant qu&rsquo;elles se d\u00e9veloppent.<\/p>\n<p>Bien que lents, patauds et individuellement fragiles, les Deadwalker Zombies peuvent menacer les soldats ennemis les plus comp\u00e9tents pour peu qu&rsquo;ils soient en nombre \u00e9crasant. Leur faim monomaniaque les rend \u00e9tonnamment vifs si des proies s&rsquo;approchent par trop, et quiconque a le malheur de p\u00e9rir sous leur nombre peut se retrouver dans les rangs des Ruinem\u00e2nes avant m\u00eame que la fin de la bataille.<\/p>\n<p>Ce kit plastique en 94 composants permet d&rsquo;assembler 20 Deadwalker Zombies. Ces figurines sont fournies avec 20x socles ronds Citadel de 25mm.<\/p>","protected":false},"excerpt":{"rendered":"<p>Les Deadwalker Zombies sont cr\u00e9\u00e9s \u00e0 partir de cadavres frais, anim\u00e9s par la force d&rsquo;une noire n\u00e9cromancie pour \u00eatre envoy\u00e9s sur le champ de bataille en hordes au pas tra\u00eenant. D\u00e9nu\u00e9s d&rsquo;esprit et mus uniquement par un instinct collectif, les zombies sont devenus par leurs migrations un fl\u00e9au r\u00e9current depuis le n\u00e9cro-s\u00e9isme, et de nombreuses villes ont institu\u00e9 des patrouilles&hellip;<\/p>","protected":false},"featured_media":6041,"template":"","meta":[],"product_brand":[],"product_cat":[62],"product_tag":[],"class_list":{"0":"post-6038","1":"product","2":"type-product","3":"status-publish","4":"has-post-thumbnail","6":"product_cat-age-of-sigmar","8":"first","9":"onbackorder","10":"sale","11":"taxable","12":"shipping-taxable","13":"purchasable","14":"product-type-simple"},"yoast_head":"<!-- This site is optimized with the Yoast SEO plugin v25.8 - https:\/\/yoast.com\/wordpress\/plugins\/seo\/ -->\n<title>Deadwalker Zombies &#8211; G3D<\/title>\n<meta name=\"robots\" content=\"index, follow, max-snippet:-1, max-image-preview:large, max-video-preview:-1\" \/>\n<link rel=\"canonical\" href=\"https:\/\/g3d-wargame.com\/en\/product\/deadwalker-zombies\/\" \/>\n<meta property=\"og:locale\" content=\"en_GB\" \/>\n<meta property=\"og:type\" content=\"article\" \/>\n<meta property=\"og:title\" content=\"Deadwalker Zombies &#8211; G3D\" \/>\n<meta property=\"og:description\" content=\"Les Deadwalker Zombies sont cr\u00e9\u00e9s \u00e0 partir de cadavres frais, anim\u00e9s par la force d&rsquo;une noire n\u00e9cromancie pour \u00eatre envoy\u00e9s sur le champ de bataille en hordes au pas tra\u00eenant. D\u00e9nu\u00e9s d&rsquo;esprit et mus uniquement par un instinct collectif, les zombies sont devenus par leurs migrations un fl\u00e9au r\u00e9current depuis le n\u00e9cro-s\u00e9isme, et de nombreuses villes ont institu\u00e9 des patrouilles&hellip;\" \/>\n<meta property=\"og:url\" content=\"https:\/\/g3d-wargame.com\/en\/product\/deadwalker-zombies\/\" \/>\n<meta property=\"og:site_name\" content=\"G3D\" \/>\n<meta property=\"article:modified_time\" content=\"2026-02-19T16:16:41+00:00\" \/>\n<meta property=\"og:image\" content=\"https:\/\/g3d-wargame.com\/wp-content\/uploads\/2025\/05\/fbvfb.jpg\" \/>\n\t<meta property=\"og:image:width\" content=\"918\" \/>\n\t<meta property=\"og:image:height\" content=\"948\" \/>\n\t<meta property=\"og:image:type\" content=\"image\/jpeg\" \/>\n<meta name=\"twitter:card\" content=\"summary_large_image\" \/>\n<meta name=\"twitter:label1\" content=\"Estimated reading time\" \/>\n\t<meta name=\"twitter:data1\" content=\"2 minutes\" \/>\n<script type=\"application\/ld+json\" class=\"yoast-schema-graph\">{\"@context\":\"https:\/\/schema.org\",\"@graph\":[{\"@type\":\"WebPage\",\"@id\":\"https:\/\/g3d-wargame.com\/produit\/deadwalker-zombies\/\",\"url\":\"https:\/\/g3d-wargame.com\/produit\/deadwalker-zombies\/\",\"name\":\"Deadwalker Zombies &#8211; G3D\",\"isPartOf\":{\"@id\":\"https:\/\/g3d-wargame.com\/#website\"},\"primaryImageOfPage\":{\"@id\":\"https:\/\/g3d-wargame.com\/produit\/deadwalker-zombies\/#primaryimage\"},\"image\":{\"@id\":\"https:\/\/g3d-wargame.com\/produit\/deadwalker-zombies\/#primaryimage\"},\"thumbnailUrl\":\"https:\/\/g3d-wargame.com\/wp-content\/uploads\/2025\/05\/fbvfb.jpg\",\"datePublished\":\"2025-05-14T07:39:19+00:00\",\"dateModified\":\"2026-02-19T16:16:41+00:00\",\"breadcrumb\":{\"@id\":\"https:\/\/g3d-wargame.com\/produit\/deadwalker-zombies\/#breadcrumb\"},\"inLanguage\":\"en-GB\",\"potentialAction\":[{\"@type\":\"ReadAction\",\"target\":[\"https:\/\/g3d-wargame.com\/produit\/deadwalker-zombies\/\"]}]},{\"@type\":\"ImageObject\",\"inLanguage\":\"en-GB\",\"@id\":\"https:\/\/g3d-wargame.com\/produit\/deadwalker-zombies\/#primaryimage\",\"url\":\"https:\/\/g3d-wargame.com\/wp-content\/uploads\/2025\/05\/fbvfb.jpg\",\"contentUrl\":\"https:\/\/g3d-wargame.com\/wp-content\/uploads\/2025\/05\/fbvfb.jpg\",\"width\":918,\"height\":948},{\"@type\":\"BreadcrumbList\",\"@id\":\"https:\/\/g3d-wargame.com\/produit\/deadwalker-zombies\/#breadcrumb\",\"itemListElement\":[{\"@type\":\"ListItem\",\"position\":1,\"name\":\"Accueil\",\"item\":\"https:\/\/g3d-wargame.com\/\"},{\"@type\":\"ListItem\",\"position\":2,\"name\":\"Produits\",\"item\":\"https:\/\/g3d-wargame.com\/shop__trashed\/\"},{\"@type\":\"ListItem\",\"position\":3,\"name\":\"Deadwalker Zombies\"}]},{\"@type\":\"WebSite\",\"@id\":\"https:\/\/g3d-wargame.com\/#website\",\"url\":\"https:\/\/g3d-wargame.com\/\",\"name\":\"G3D\",\"description\":\" impression 3D\",\"publisher\":{\"@id\":\"https:\/\/g3d-wargame.com\/#organization\"},\"alternateName\":\"G3D Wargame\",\"potentialAction\":[{\"@type\":\"SearchAction\",\"target\":{\"@type\":\"EntryPoint\",\"urlTemplate\":\"https:\/\/g3d-wargame.com\/?s={search_term_string}\"},\"query-input\":{\"@type\":\"PropertyValueSpecification\",\"valueRequired\":true,\"valueName\":\"search_term_string\"}}],\"inLanguage\":\"en-GB\"},{\"@type\":\"Organization\",\"@id\":\"https:\/\/g3d-wargame.com\/#organization\",\"name\":\"G3D\",\"alternateName\":\"G3D WARGAME\",\"url\":\"https:\/\/g3d-wargame.com\/\",\"logo\":{\"@type\":\"ImageObject\",\"inLanguage\":\"en-GB\",\"@id\":\"https:\/\/g3d-wargame.com\/#\/schema\/logo\/image\/\",\"url\":\"https:\/\/g3d-wargame.com\/wp-content\/uploads\/2023\/12\/G3DLOGO-v1-700-x-700-px.png\",\"contentUrl\":\"https:\/\/g3d-wargame.com\/wp-content\/uploads\/2023\/12\/G3DLOGO-v1-700-x-700-px.png\",\"width\":788,\"height\":788,\"caption\":\"G3D\"},\"image\":{\"@id\":\"https:\/\/g3d-wargame.com\/#\/schema\/logo\/image\/\"}}]}<\/script>\n<!-- \/ Yoast SEO plugin. -->","yoast_head_json":{"title":"Deadwalker Zombies &#8211; G3D","robots":{"index":"index","follow":"follow","max-snippet":"max-snippet:-1","max-image-preview":"max-image-preview:large","max-video-preview":"max-video-preview:-1"},"canonical":"https:\/\/g3d-wargame.com\/en\/product\/deadwalker-zombies\/","og_locale":"en_GB","og_type":"article","og_title":"Deadwalker Zombies &#8211; G3D","og_description":"Les Deadwalker Zombies sont cr\u00e9\u00e9s \u00e0 partir de cadavres frais, anim\u00e9s par la force d&rsquo;une noire n\u00e9cromancie pour \u00eatre envoy\u00e9s sur le champ de bataille en hordes au pas tra\u00eenant. D\u00e9nu\u00e9s d&rsquo;esprit et mus uniquement par un instinct collectif, les zombies sont devenus par leurs migrations un fl\u00e9au r\u00e9current depuis le n\u00e9cro-s\u00e9isme, et de nombreuses villes ont institu\u00e9 des patrouilles&hellip;","og_url":"https:\/\/g3d-wargame.com\/en\/product\/deadwalker-zombies\/","og_site_name":"G3D","article_modified_time":"2026-02-19T16:16:41+00:00","og_image":[{"width":918,"height":948,"url":"https:\/\/g3d-wargame.com\/wp-content\/uploads\/2025\/05\/fbvfb.jpg","type":"image\/jpeg"}],"twitter_card":"summary_large_image","twitter_misc":{"Estimated reading time":"2 minutes"},"schema":{"@context":"https:\/\/schema.org","@graph":[{"@type":"WebPage","@id":"https:\/\/g3d-wargame.com\/produit\/deadwalker-zombies\/","url":"https:\/\/g3d-wargame.com\/produit\/deadwalker-zombies\/","name":"Deadwalker Zombies &#8211; G3D","isPartOf":{"@id":"https:\/\/g3d-wargame.com\/#website"},"primaryImageOfPage":{"@id":"https:\/\/g3d-wargame.com\/produit\/deadwalker-zombies\/#primaryimage"},"image":{"@id":"https:\/\/g3d-wargame.com\/produit\/deadwalker-zombies\/#primaryimage"},"thumbnailUrl":"https:\/\/g3d-wargame.com\/wp-content\/uploads\/2025\/05\/fbvfb.jpg","datePublished":"2025-05-14T07:39:19+00:00","dateModified":"2026-02-19T16:16:41+00:00","breadcrumb":{"@id":"https:\/\/g3d-wargame.com\/produit\/deadwalker-zombies\/#breadcrumb"},"inLanguage":"en-GB","potentialAction":[{"@type":"ReadAction","target":["https:\/\/g3d-wargame.com\/produit\/deadwalker-zombies\/"]}]},{"@type":"ImageObject","inLanguage":"en-GB","@id":"https:\/\/g3d-wargame.com\/produit\/deadwalker-zombies\/#primaryimage","url":"https:\/\/g3d-wargame.com\/wp-content\/uploads\/2025\/05\/fbvfb.jpg","contentUrl":"https:\/\/g3d-wargame.com\/wp-content\/uploads\/2025\/05\/fbvfb.jpg","width":918,"height":948},{"@type":"BreadcrumbList","@id":"https:\/\/g3d-wargame.com\/produit\/deadwalker-zombies\/#breadcrumb","itemListElement":[{"@type":"ListItem","position":1,"name":"Accueil","item":"https:\/\/g3d-wargame.com\/"},{"@type":"ListItem","position":2,"name":"Produits","item":"https:\/\/g3d-wargame.com\/shop__trashed\/"},{"@type":"ListItem","position":3,"name":"Deadwalker Zombies"}]},{"@type":"WebSite","@id":"https:\/\/g3d-wargame.com\/#website","url":"https:\/\/g3d-wargame.com\/","name":"G3D","description":"3D printing","publisher":{"@id":"https:\/\/g3d-wargame.com\/#organization"},"alternateName":"G3D Wargame","potentialAction":[{"@type":"SearchAction","target":{"@type":"EntryPoint","urlTemplate":"https:\/\/g3d-wargame.com\/?s={search_term_string}"},"query-input":{"@type":"PropertyValueSpecification","valueRequired":true,"valueName":"search_term_string"}}],"inLanguage":"en-GB"},{"@type":"Organization","@id":"https:\/\/g3d-wargame.com\/#organization","name":"G3D","alternateName":"G3D WARGAME","url":"https:\/\/g3d-wargame.com\/","logo":{"@type":"ImageObject","inLanguage":"en-GB","@id":"https:\/\/g3d-wargame.com\/#\/schema\/logo\/image\/","url":"https:\/\/g3d-wargame.com\/wp-content\/uploads\/2023\/12\/G3DLOGO-v1-700-x-700-px.png","contentUrl":"https:\/\/g3d-wargame.com\/wp-content\/uploads\/2023\/12\/G3DLOGO-v1-700-x-700-px.png","width":788,"height":788,"caption":"G3D"},"image":{"@id":"https:\/\/g3d-wargame.com\/#\/schema\/logo\/image\/"}}]}},"_links":{"self":[{"href":"https:\/\/g3d-wargame.com\/en\/wp-json\/wp\/v2\/product\/6038","targetHints":{"allow":["GET"]}}],"collection":[{"href":"https:\/\/g3d-wargame.com\/en\/wp-json\/wp\/v2\/product"}],"about":[{"href":"https:\/\/g3d-wargame.com\/en\/wp-json\/wp\/v2\/types\/product"}],"wp:featuredmedia":[{"embeddable":true,"href":"https:\/\/g3d-wargame.com\/en\/wp-json\/wp\/v2\/media\/6041"}],"wp:attachment":[{"href":"https:\/\/g3d-wargame.com\/en\/wp-json\/wp\/v2\/media?parent=6038"}],"wp:term":[{"taxonomy":"product_brand","embeddable":true,"href":"https:\/\/g3d-wargame.com\/en\/wp-json\/wp\/v2\/product_brand?post=6038"},{"taxonomy":"product_cat","embeddable":true,"href":"https:\/\/g3d-wargame.com\/en\/wp-json\/wp\/v2\/product_cat?post=6038"},{"taxonomy":"product_tag","embeddable":true,"href":"https:\/\/g3d-wargame.com\/en\/wp-json\/wp\/v2\/product_tag?post=6038"}],"curies":[{"name":"wp","href":"https:\/\/api.w.org\/{rel}","templated":true}]}}