{"id":6030,"date":"2025-05-14T09:20:36","date_gmt":"2025-05-14T07:20:36","guid":{"rendered":"https:\/\/g3d-wargame.com\/?post_type=product&#038;p=6030"},"modified":"2025-11-06T09:01:19","modified_gmt":"2025-11-06T08:01:19","slug":"tempestors","status":"publish","type":"product","link":"https:\/\/g3d-wargame.com\/en\/product\/tempestors\/","title":{"rendered":"Tempestors"},"content":{"rendered":"<p style=\"text-align: left;\">Tandis que leurs Dracoths chargent en crachant des \u00e9clairs cr\u00e9pitants, les Tempestors d\u00e9cha\u00eenent la fureur de leurs arbal\u00e8tes Salve d&rsquo;Orage, en l\u00e2chant des traits br\u00fblants comme des m\u00e9t\u00e9ores embras\u00e9s. Les Tempestors peuvent concentrer leurs tirs pour abattre les ennemis les plus puissants, ou ouvrir des br\u00e8ches dans la ligne ennemie au profit des autres Dracothian Guards.<\/p>\n<p>Ce kit plastique comprend tout le n\u00e9cessaire pour assembler deux Dracothian Guard Tempestors, arm\u00e9s d&rsquo;arbal\u00e8tes Salve d&rsquo;Orage, de lames de guerre et de boucliers de sigmarite, et mont\u00e9s \u00e0 dos de f\u00e9roce Dracoth.<\/p>\n<p>Ce kit permet de r\u00e9aliser les variantes suivantes de Dracothian Guard:<br \/>\n&#8211; Fulminators arm\u00e9s de glaives Stormstrike et de boucliers de sigmarite;<br \/>\n&#8211; Concussors, arm\u00e9s de marteaux de foudre et de boucliers de sigmarite;<br \/>\n&#8211; Desolators, arm\u00e9s de haches de tonnerre et de boucliers de sigmarite.<\/p>\n<p>Un Dracothian Guard peut en option \u00eatre assembl\u00e9 en tant que Lord-Celestant sur Dracoth arm\u00e9 d&rsquo;un assortiment d&rsquo;armes comme le marteau Tempestos, la hache de tonnerre, le marteau de foudre, le glaive Stormstrike et le bouclier de sigmarite.<\/p>\n<p>Ce kit compos\u00e9 de 80 pi\u00e8ces est fourni avec deux socles ovales Citadel de 90x52mm.<\/p>","protected":false},"excerpt":{"rendered":"<p>Tandis que leurs Dracoths chargent en crachant des \u00e9clairs cr\u00e9pitants, les Tempestors d\u00e9cha\u00eenent la fureur de leurs arbal\u00e8tes Salve d&rsquo;Orage, en l\u00e2chant des traits br\u00fblants comme des m\u00e9t\u00e9ores embras\u00e9s. Les Tempestors peuvent concentrer leurs tirs pour abattre les ennemis les plus puissants, ou ouvrir des br\u00e8ches dans la ligne ennemie au profit des autres Dracothian Guards. Ce kit plastique comprend&hellip;<\/p>","protected":false},"featured_media":6032,"template":"","meta":[],"product_brand":[],"product_cat":[62],"product_tag":[],"class_list":{"0":"post-6030","1":"product","2":"type-product","3":"status-publish","4":"has-post-thumbnail","6":"product_cat-age-of-sigmar","8":"first","9":"onbackorder","10":"sale","11":"taxable","12":"shipping-taxable","13":"purchasable","14":"product-type-simple"},"yoast_head":"<!-- This site is optimized with the Yoast SEO plugin v25.8 - https:\/\/yoast.com\/wordpress\/plugins\/seo\/ -->\n<title>Tempestors &#8211; G3D<\/title>\n<meta name=\"robots\" content=\"index, follow, max-snippet:-1, max-image-preview:large, max-video-preview:-1\" \/>\n<link rel=\"canonical\" href=\"https:\/\/g3d-wargame.com\/en\/product\/tempestors\/\" \/>\n<meta property=\"og:locale\" content=\"en_GB\" \/>\n<meta property=\"og:type\" content=\"article\" \/>\n<meta property=\"og:title\" content=\"Tempestors &#8211; G3D\" \/>\n<meta property=\"og:description\" content=\"Tandis que leurs Dracoths chargent en crachant des \u00e9clairs cr\u00e9pitants, les Tempestors d\u00e9cha\u00eenent la fureur de leurs arbal\u00e8tes Salve d&rsquo;Orage, en l\u00e2chant des traits br\u00fblants comme des m\u00e9t\u00e9ores embras\u00e9s. Les Tempestors peuvent concentrer leurs tirs pour abattre les ennemis les plus puissants, ou ouvrir des br\u00e8ches dans la ligne ennemie au profit des autres Dracothian Guards. Ce kit plastique comprend&hellip;\" \/>\n<meta property=\"og:url\" content=\"https:\/\/g3d-wargame.com\/en\/product\/tempestors\/\" \/>\n<meta property=\"og:site_name\" content=\"G3D\" \/>\n<meta property=\"article:modified_time\" content=\"2025-11-06T08:01:19+00:00\" \/>\n<meta property=\"og:image\" content=\"https:\/\/g3d-wargame.com\/wp-content\/uploads\/2025\/05\/EBOITE-TEMPESTORS.jpg\" \/>\n\t<meta property=\"og:image:width\" content=\"918\" \/>\n\t<meta property=\"og:image:height\" content=\"948\" \/>\n\t<meta property=\"og:image:type\" content=\"image\/jpeg\" \/>\n<meta name=\"twitter:card\" content=\"summary_large_image\" \/>\n<meta name=\"twitter:label1\" content=\"Estimated reading time\" \/>\n\t<meta name=\"twitter:data1\" content=\"2 minutes\" \/>\n<script type=\"application\/ld+json\" class=\"yoast-schema-graph\">{\"@context\":\"https:\/\/schema.org\",\"@graph\":[{\"@type\":\"WebPage\",\"@id\":\"https:\/\/g3d-wargame.com\/produit\/tempestors\/\",\"url\":\"https:\/\/g3d-wargame.com\/produit\/tempestors\/\",\"name\":\"Tempestors &#8211; G3D\",\"isPartOf\":{\"@id\":\"https:\/\/g3d-wargame.com\/#website\"},\"primaryImageOfPage\":{\"@id\":\"https:\/\/g3d-wargame.com\/produit\/tempestors\/#primaryimage\"},\"image\":{\"@id\":\"https:\/\/g3d-wargame.com\/produit\/tempestors\/#primaryimage\"},\"thumbnailUrl\":\"https:\/\/g3d-wargame.com\/wp-content\/uploads\/2025\/05\/EBOITE-TEMPESTORS.jpg\",\"datePublished\":\"2025-05-14T07:20:36+00:00\",\"dateModified\":\"2025-11-06T08:01:19+00:00\",\"breadcrumb\":{\"@id\":\"https:\/\/g3d-wargame.com\/produit\/tempestors\/#breadcrumb\"},\"inLanguage\":\"en-GB\",\"potentialAction\":[{\"@type\":\"ReadAction\",\"target\":[\"https:\/\/g3d-wargame.com\/produit\/tempestors\/\"]}]},{\"@type\":\"ImageObject\",\"inLanguage\":\"en-GB\",\"@id\":\"https:\/\/g3d-wargame.com\/produit\/tempestors\/#primaryimage\",\"url\":\"https:\/\/g3d-wargame.com\/wp-content\/uploads\/2025\/05\/EBOITE-TEMPESTORS.jpg\",\"contentUrl\":\"https:\/\/g3d-wargame.com\/wp-content\/uploads\/2025\/05\/EBOITE-TEMPESTORS.jpg\",\"width\":918,\"height\":948},{\"@type\":\"BreadcrumbList\",\"@id\":\"https:\/\/g3d-wargame.com\/produit\/tempestors\/#breadcrumb\",\"itemListElement\":[{\"@type\":\"ListItem\",\"position\":1,\"name\":\"Accueil\",\"item\":\"https:\/\/g3d-wargame.com\/\"},{\"@type\":\"ListItem\",\"position\":2,\"name\":\"Produits\",\"item\":\"https:\/\/g3d-wargame.com\/shop__trashed\/\"},{\"@type\":\"ListItem\",\"position\":3,\"name\":\"Tempestors\"}]},{\"@type\":\"WebSite\",\"@id\":\"https:\/\/g3d-wargame.com\/#website\",\"url\":\"https:\/\/g3d-wargame.com\/\",\"name\":\"G3D\",\"description\":\" impression 3D\",\"publisher\":{\"@id\":\"https:\/\/g3d-wargame.com\/#organization\"},\"alternateName\":\"G3D Wargame\",\"potentialAction\":[{\"@type\":\"SearchAction\",\"target\":{\"@type\":\"EntryPoint\",\"urlTemplate\":\"https:\/\/g3d-wargame.com\/?s={search_term_string}\"},\"query-input\":{\"@type\":\"PropertyValueSpecification\",\"valueRequired\":true,\"valueName\":\"search_term_string\"}}],\"inLanguage\":\"en-GB\"},{\"@type\":\"Organization\",\"@id\":\"https:\/\/g3d-wargame.com\/#organization\",\"name\":\"G3D\",\"alternateName\":\"G3D WARGAME\",\"url\":\"https:\/\/g3d-wargame.com\/\",\"logo\":{\"@type\":\"ImageObject\",\"inLanguage\":\"en-GB\",\"@id\":\"https:\/\/g3d-wargame.com\/#\/schema\/logo\/image\/\",\"url\":\"https:\/\/g3d-wargame.com\/wp-content\/uploads\/2023\/12\/G3DLOGO-v1-700-x-700-px.png\",\"contentUrl\":\"https:\/\/g3d-wargame.com\/wp-content\/uploads\/2023\/12\/G3DLOGO-v1-700-x-700-px.png\",\"width\":788,\"height\":788,\"caption\":\"G3D\"},\"image\":{\"@id\":\"https:\/\/g3d-wargame.com\/#\/schema\/logo\/image\/\"}}]}<\/script>\n<!-- \/ Yoast SEO plugin. -->","yoast_head_json":{"title":"Tempestors &#8211; G3D","robots":{"index":"index","follow":"follow","max-snippet":"max-snippet:-1","max-image-preview":"max-image-preview:large","max-video-preview":"max-video-preview:-1"},"canonical":"https:\/\/g3d-wargame.com\/en\/product\/tempestors\/","og_locale":"en_GB","og_type":"article","og_title":"Tempestors &#8211; G3D","og_description":"Tandis que leurs Dracoths chargent en crachant des \u00e9clairs cr\u00e9pitants, les Tempestors d\u00e9cha\u00eenent la fureur de leurs arbal\u00e8tes Salve d&rsquo;Orage, en l\u00e2chant des traits br\u00fblants comme des m\u00e9t\u00e9ores embras\u00e9s. Les Tempestors peuvent concentrer leurs tirs pour abattre les ennemis les plus puissants, ou ouvrir des br\u00e8ches dans la ligne ennemie au profit des autres Dracothian Guards. Ce kit plastique comprend&hellip;","og_url":"https:\/\/g3d-wargame.com\/en\/product\/tempestors\/","og_site_name":"G3D","article_modified_time":"2025-11-06T08:01:19+00:00","og_image":[{"width":918,"height":948,"url":"https:\/\/g3d-wargame.com\/wp-content\/uploads\/2025\/05\/EBOITE-TEMPESTORS.jpg","type":"image\/jpeg"}],"twitter_card":"summary_large_image","twitter_misc":{"Estimated reading time":"2 minutes"},"schema":{"@context":"https:\/\/schema.org","@graph":[{"@type":"WebPage","@id":"https:\/\/g3d-wargame.com\/produit\/tempestors\/","url":"https:\/\/g3d-wargame.com\/produit\/tempestors\/","name":"Tempestors &#8211; G3D","isPartOf":{"@id":"https:\/\/g3d-wargame.com\/#website"},"primaryImageOfPage":{"@id":"https:\/\/g3d-wargame.com\/produit\/tempestors\/#primaryimage"},"image":{"@id":"https:\/\/g3d-wargame.com\/produit\/tempestors\/#primaryimage"},"thumbnailUrl":"https:\/\/g3d-wargame.com\/wp-content\/uploads\/2025\/05\/EBOITE-TEMPESTORS.jpg","datePublished":"2025-05-14T07:20:36+00:00","dateModified":"2025-11-06T08:01:19+00:00","breadcrumb":{"@id":"https:\/\/g3d-wargame.com\/produit\/tempestors\/#breadcrumb"},"inLanguage":"en-GB","potentialAction":[{"@type":"ReadAction","target":["https:\/\/g3d-wargame.com\/produit\/tempestors\/"]}]},{"@type":"ImageObject","inLanguage":"en-GB","@id":"https:\/\/g3d-wargame.com\/produit\/tempestors\/#primaryimage","url":"https:\/\/g3d-wargame.com\/wp-content\/uploads\/2025\/05\/EBOITE-TEMPESTORS.jpg","contentUrl":"https:\/\/g3d-wargame.com\/wp-content\/uploads\/2025\/05\/EBOITE-TEMPESTORS.jpg","width":918,"height":948},{"@type":"BreadcrumbList","@id":"https:\/\/g3d-wargame.com\/produit\/tempestors\/#breadcrumb","itemListElement":[{"@type":"ListItem","position":1,"name":"Accueil","item":"https:\/\/g3d-wargame.com\/"},{"@type":"ListItem","position":2,"name":"Produits","item":"https:\/\/g3d-wargame.com\/shop__trashed\/"},{"@type":"ListItem","position":3,"name":"Tempestors"}]},{"@type":"WebSite","@id":"https:\/\/g3d-wargame.com\/#website","url":"https:\/\/g3d-wargame.com\/","name":"G3D","description":"3D printing","publisher":{"@id":"https:\/\/g3d-wargame.com\/#organization"},"alternateName":"G3D Wargame","potentialAction":[{"@type":"SearchAction","target":{"@type":"EntryPoint","urlTemplate":"https:\/\/g3d-wargame.com\/?s={search_term_string}"},"query-input":{"@type":"PropertyValueSpecification","valueRequired":true,"valueName":"search_term_string"}}],"inLanguage":"en-GB"},{"@type":"Organization","@id":"https:\/\/g3d-wargame.com\/#organization","name":"G3D","alternateName":"G3D WARGAME","url":"https:\/\/g3d-wargame.com\/","logo":{"@type":"ImageObject","inLanguage":"en-GB","@id":"https:\/\/g3d-wargame.com\/#\/schema\/logo\/image\/","url":"https:\/\/g3d-wargame.com\/wp-content\/uploads\/2023\/12\/G3DLOGO-v1-700-x-700-px.png","contentUrl":"https:\/\/g3d-wargame.com\/wp-content\/uploads\/2023\/12\/G3DLOGO-v1-700-x-700-px.png","width":788,"height":788,"caption":"G3D"},"image":{"@id":"https:\/\/g3d-wargame.com\/#\/schema\/logo\/image\/"}}]}},"_links":{"self":[{"href":"https:\/\/g3d-wargame.com\/en\/wp-json\/wp\/v2\/product\/6030","targetHints":{"allow":["GET"]}}],"collection":[{"href":"https:\/\/g3d-wargame.com\/en\/wp-json\/wp\/v2\/product"}],"about":[{"href":"https:\/\/g3d-wargame.com\/en\/wp-json\/wp\/v2\/types\/product"}],"wp:featuredmedia":[{"embeddable":true,"href":"https:\/\/g3d-wargame.com\/en\/wp-json\/wp\/v2\/media\/6032"}],"wp:attachment":[{"href":"https:\/\/g3d-wargame.com\/en\/wp-json\/wp\/v2\/media?parent=6030"}],"wp:term":[{"taxonomy":"product_brand","embeddable":true,"href":"https:\/\/g3d-wargame.com\/en\/wp-json\/wp\/v2\/product_brand?post=6030"},{"taxonomy":"product_cat","embeddable":true,"href":"https:\/\/g3d-wargame.com\/en\/wp-json\/wp\/v2\/product_cat?post=6030"},{"taxonomy":"product_tag","embeddable":true,"href":"https:\/\/g3d-wargame.com\/en\/wp-json\/wp\/v2\/product_tag?post=6030"}],"curies":[{"name":"wp","href":"https:\/\/api.w.org\/{rel}","templated":true}]}}