{"id":6026,"date":"2025-05-14T09:04:25","date_gmt":"2025-05-14T07:04:25","guid":{"rendered":"https:\/\/g3d-wargame.com\/?post_type=product&#038;p=6026"},"modified":"2025-09-07T10:53:26","modified_gmt":"2025-09-07T08:53:26","slug":"batterie-darmes-maletincelle","status":"publish","type":"product","link":"https:\/\/g3d-wargame.com\/en\/product\/batterie-darmes-maletincelle\/","title":{"rendered":"Batterie d&rsquo;Armes Mal\u00e9tincelle"},"content":{"rendered":"<p>Les Batteries d&rsquo;Armes Mal\u00e9tincelle font partie des Clans Skryre, qui partent souvent discr\u00e8tement en guerre en se m\u00ealant aux hordes de Rats des Clans \u00e9cumants. Au moment opportun, elles d\u00e9voilent leur pr\u00e9sence et d\u00e9cha\u00eenent leurs armes \u00e9tranges mais puissantes sur l&rsquo;ennemi pris par surprise. Que ce soit \u00e0 l&rsquo;aide de gr\u00eales de balles, de torrents de terrifiante maleflamme ou d&rsquo;\u00e9clairs de malefoudre, elles font un massacre pour la gloire du Rat Cornu.<\/p>\n<p>Ce kit en plastique permet d&rsquo;assembler trois \u00e9quipes d&rsquo;armes \u00e9quip\u00e9es d&rsquo;une machine de mort parmi trois au choix. Toutes sont plus ou moins fiables et sont con\u00e7ues pour abattre diff\u00e9rents ennemis. Les Canons Ratlings font pleuvoir une gr\u00eale de plomb surchauff\u00e9 pour faucher les hordes ennemies. Les Lance-feu crachent des flammes vertes inextinguibles, et les Cingleurs \u00e0 Maletension abattent leurs cibles par des arcs de malefoudre. Vous trouverez de nombreuses options esth\u00e9tiques et interchangeables, dont des t\u00eates diff\u00e9rentes pour chaque artilleur, ainsi que divers embouts d&rsquo;arme, paquetages dorsaux et plus encore pour que vous puissiez facilement personnaliser vos unit\u00e9s.<\/p>\n<p>Ce kit est compos\u00e9 de 63 \u00e9l\u00e9ments en plastique et de 3x Socles Ovales Citadel de 60mm x 35mm. Ces figurines sont fournies non peintes et n\u00e9cessitent assemblage \u2013 nous recommandons d&#8217;employer la Colle Plastique Citadel et la peinture Citadel Colour.<\/p>","protected":false},"excerpt":{"rendered":"<p>Les Batteries d&rsquo;Armes Mal\u00e9tincelle font partie des Clans Skryre, qui partent souvent discr\u00e8tement en guerre en se m\u00ealant aux hordes de Rats des Clans \u00e9cumants. Au moment opportun, elles d\u00e9voilent leur pr\u00e9sence et d\u00e9cha\u00eenent leurs armes \u00e9tranges mais puissantes sur l&rsquo;ennemi pris par surprise. Que ce soit \u00e0 l&rsquo;aide de gr\u00eales de balles, de torrents de terrifiante maleflamme ou d&rsquo;\u00e9clairs&hellip;<\/p>","protected":false},"featured_media":6029,"template":"","meta":[],"product_brand":[],"product_cat":[62],"product_tag":[],"class_list":{"0":"post-6026","1":"product","2":"type-product","3":"status-publish","4":"has-post-thumbnail","6":"product_cat-age-of-sigmar","8":"first","9":"onbackorder","10":"sale","11":"taxable","12":"shipping-taxable","13":"purchasable","14":"product-type-simple"},"yoast_head":"<!-- This site is optimized with the Yoast SEO plugin v25.8 - https:\/\/yoast.com\/wordpress\/plugins\/seo\/ -->\n<title>Batterie d&#039;Armes Mal\u00e9tincelle &#8211; G3D<\/title>\n<meta name=\"robots\" content=\"index, follow, max-snippet:-1, max-image-preview:large, max-video-preview:-1\" \/>\n<link rel=\"canonical\" href=\"https:\/\/g3d-wargame.com\/en\/product\/batterie-darmes-maletincelle\/\" \/>\n<meta property=\"og:locale\" content=\"en_GB\" \/>\n<meta property=\"og:type\" content=\"article\" \/>\n<meta property=\"og:title\" content=\"Batterie d&#039;Armes Mal\u00e9tincelle &#8211; G3D\" \/>\n<meta property=\"og:description\" content=\"Les Batteries d&rsquo;Armes Mal\u00e9tincelle font partie des Clans Skryre, qui partent souvent discr\u00e8tement en guerre en se m\u00ealant aux hordes de Rats des Clans \u00e9cumants. Au moment opportun, elles d\u00e9voilent leur pr\u00e9sence et d\u00e9cha\u00eenent leurs armes \u00e9tranges mais puissantes sur l&rsquo;ennemi pris par surprise. Que ce soit \u00e0 l&rsquo;aide de gr\u00eales de balles, de torrents de terrifiante maleflamme ou d&rsquo;\u00e9clairs&hellip;\" \/>\n<meta property=\"og:url\" content=\"https:\/\/g3d-wargame.com\/en\/product\/batterie-darmes-maletincelle\/\" \/>\n<meta property=\"og:site_name\" content=\"G3D\" \/>\n<meta property=\"article:modified_time\" content=\"2025-09-07T08:53:26+00:00\" \/>\n<meta property=\"og:image\" content=\"https:\/\/g3d-wargame.com\/wp-content\/uploads\/2025\/05\/boite-matterie-darmes-meletincelle.jpg\" \/>\n\t<meta property=\"og:image:width\" content=\"918\" \/>\n\t<meta property=\"og:image:height\" content=\"948\" \/>\n\t<meta property=\"og:image:type\" content=\"image\/jpeg\" \/>\n<meta name=\"twitter:card\" content=\"summary_large_image\" \/>\n<meta name=\"twitter:label1\" content=\"Estimated reading time\" \/>\n\t<meta name=\"twitter:data1\" content=\"2 minutes\" \/>\n<script type=\"application\/ld+json\" class=\"yoast-schema-graph\">{\"@context\":\"https:\/\/schema.org\",\"@graph\":[{\"@type\":\"WebPage\",\"@id\":\"https:\/\/g3d-wargame.com\/produit\/batterie-darmes-maletincelle\/\",\"url\":\"https:\/\/g3d-wargame.com\/produit\/batterie-darmes-maletincelle\/\",\"name\":\"Batterie d'Armes Mal\u00e9tincelle &#8211; G3D\",\"isPartOf\":{\"@id\":\"https:\/\/g3d-wargame.com\/#website\"},\"primaryImageOfPage\":{\"@id\":\"https:\/\/g3d-wargame.com\/produit\/batterie-darmes-maletincelle\/#primaryimage\"},\"image\":{\"@id\":\"https:\/\/g3d-wargame.com\/produit\/batterie-darmes-maletincelle\/#primaryimage\"},\"thumbnailUrl\":\"https:\/\/g3d-wargame.com\/wp-content\/uploads\/2025\/05\/boite-matterie-darmes-meletincelle.jpg\",\"datePublished\":\"2025-05-14T07:04:25+00:00\",\"dateModified\":\"2025-09-07T08:53:26+00:00\",\"breadcrumb\":{\"@id\":\"https:\/\/g3d-wargame.com\/produit\/batterie-darmes-maletincelle\/#breadcrumb\"},\"inLanguage\":\"en-GB\",\"potentialAction\":[{\"@type\":\"ReadAction\",\"target\":[\"https:\/\/g3d-wargame.com\/produit\/batterie-darmes-maletincelle\/\"]}]},{\"@type\":\"ImageObject\",\"inLanguage\":\"en-GB\",\"@id\":\"https:\/\/g3d-wargame.com\/produit\/batterie-darmes-maletincelle\/#primaryimage\",\"url\":\"https:\/\/g3d-wargame.com\/wp-content\/uploads\/2025\/05\/boite-matterie-darmes-meletincelle.jpg\",\"contentUrl\":\"https:\/\/g3d-wargame.com\/wp-content\/uploads\/2025\/05\/boite-matterie-darmes-meletincelle.jpg\",\"width\":918,\"height\":948},{\"@type\":\"BreadcrumbList\",\"@id\":\"https:\/\/g3d-wargame.com\/produit\/batterie-darmes-maletincelle\/#breadcrumb\",\"itemListElement\":[{\"@type\":\"ListItem\",\"position\":1,\"name\":\"Accueil\",\"item\":\"https:\/\/g3d-wargame.com\/\"},{\"@type\":\"ListItem\",\"position\":2,\"name\":\"Produits\",\"item\":\"https:\/\/g3d-wargame.com\/shop__trashed\/\"},{\"@type\":\"ListItem\",\"position\":3,\"name\":\"Batterie d&rsquo;Armes Mal\u00e9tincelle\"}]},{\"@type\":\"WebSite\",\"@id\":\"https:\/\/g3d-wargame.com\/#website\",\"url\":\"https:\/\/g3d-wargame.com\/\",\"name\":\"G3D\",\"description\":\" impression 3D\",\"publisher\":{\"@id\":\"https:\/\/g3d-wargame.com\/#organization\"},\"alternateName\":\"G3D Wargame\",\"potentialAction\":[{\"@type\":\"SearchAction\",\"target\":{\"@type\":\"EntryPoint\",\"urlTemplate\":\"https:\/\/g3d-wargame.com\/?s={search_term_string}\"},\"query-input\":{\"@type\":\"PropertyValueSpecification\",\"valueRequired\":true,\"valueName\":\"search_term_string\"}}],\"inLanguage\":\"en-GB\"},{\"@type\":\"Organization\",\"@id\":\"https:\/\/g3d-wargame.com\/#organization\",\"name\":\"G3D\",\"alternateName\":\"G3D WARGAME\",\"url\":\"https:\/\/g3d-wargame.com\/\",\"logo\":{\"@type\":\"ImageObject\",\"inLanguage\":\"en-GB\",\"@id\":\"https:\/\/g3d-wargame.com\/#\/schema\/logo\/image\/\",\"url\":\"https:\/\/g3d-wargame.com\/wp-content\/uploads\/2023\/12\/G3DLOGO-v1-700-x-700-px.png\",\"contentUrl\":\"https:\/\/g3d-wargame.com\/wp-content\/uploads\/2023\/12\/G3DLOGO-v1-700-x-700-px.png\",\"width\":788,\"height\":788,\"caption\":\"G3D\"},\"image\":{\"@id\":\"https:\/\/g3d-wargame.com\/#\/schema\/logo\/image\/\"}}]}<\/script>\n<!-- \/ Yoast SEO plugin. -->","yoast_head_json":{"title":"Batterie d'Armes Mal\u00e9tincelle &#8211; G3D","robots":{"index":"index","follow":"follow","max-snippet":"max-snippet:-1","max-image-preview":"max-image-preview:large","max-video-preview":"max-video-preview:-1"},"canonical":"https:\/\/g3d-wargame.com\/en\/product\/batterie-darmes-maletincelle\/","og_locale":"en_GB","og_type":"article","og_title":"Batterie d'Armes Mal\u00e9tincelle &#8211; G3D","og_description":"Les Batteries d&rsquo;Armes Mal\u00e9tincelle font partie des Clans Skryre, qui partent souvent discr\u00e8tement en guerre en se m\u00ealant aux hordes de Rats des Clans \u00e9cumants. Au moment opportun, elles d\u00e9voilent leur pr\u00e9sence et d\u00e9cha\u00eenent leurs armes \u00e9tranges mais puissantes sur l&rsquo;ennemi pris par surprise. Que ce soit \u00e0 l&rsquo;aide de gr\u00eales de balles, de torrents de terrifiante maleflamme ou d&rsquo;\u00e9clairs&hellip;","og_url":"https:\/\/g3d-wargame.com\/en\/product\/batterie-darmes-maletincelle\/","og_site_name":"G3D","article_modified_time":"2025-09-07T08:53:26+00:00","og_image":[{"width":918,"height":948,"url":"https:\/\/g3d-wargame.com\/wp-content\/uploads\/2025\/05\/boite-matterie-darmes-meletincelle.jpg","type":"image\/jpeg"}],"twitter_card":"summary_large_image","twitter_misc":{"Estimated reading time":"2 minutes"},"schema":{"@context":"https:\/\/schema.org","@graph":[{"@type":"WebPage","@id":"https:\/\/g3d-wargame.com\/produit\/batterie-darmes-maletincelle\/","url":"https:\/\/g3d-wargame.com\/produit\/batterie-darmes-maletincelle\/","name":"Batterie d'Armes Mal\u00e9tincelle &#8211; G3D","isPartOf":{"@id":"https:\/\/g3d-wargame.com\/#website"},"primaryImageOfPage":{"@id":"https:\/\/g3d-wargame.com\/produit\/batterie-darmes-maletincelle\/#primaryimage"},"image":{"@id":"https:\/\/g3d-wargame.com\/produit\/batterie-darmes-maletincelle\/#primaryimage"},"thumbnailUrl":"https:\/\/g3d-wargame.com\/wp-content\/uploads\/2025\/05\/boite-matterie-darmes-meletincelle.jpg","datePublished":"2025-05-14T07:04:25+00:00","dateModified":"2025-09-07T08:53:26+00:00","breadcrumb":{"@id":"https:\/\/g3d-wargame.com\/produit\/batterie-darmes-maletincelle\/#breadcrumb"},"inLanguage":"en-GB","potentialAction":[{"@type":"ReadAction","target":["https:\/\/g3d-wargame.com\/produit\/batterie-darmes-maletincelle\/"]}]},{"@type":"ImageObject","inLanguage":"en-GB","@id":"https:\/\/g3d-wargame.com\/produit\/batterie-darmes-maletincelle\/#primaryimage","url":"https:\/\/g3d-wargame.com\/wp-content\/uploads\/2025\/05\/boite-matterie-darmes-meletincelle.jpg","contentUrl":"https:\/\/g3d-wargame.com\/wp-content\/uploads\/2025\/05\/boite-matterie-darmes-meletincelle.jpg","width":918,"height":948},{"@type":"BreadcrumbList","@id":"https:\/\/g3d-wargame.com\/produit\/batterie-darmes-maletincelle\/#breadcrumb","itemListElement":[{"@type":"ListItem","position":1,"name":"Accueil","item":"https:\/\/g3d-wargame.com\/"},{"@type":"ListItem","position":2,"name":"Produits","item":"https:\/\/g3d-wargame.com\/shop__trashed\/"},{"@type":"ListItem","position":3,"name":"Batterie d&rsquo;Armes Mal\u00e9tincelle"}]},{"@type":"WebSite","@id":"https:\/\/g3d-wargame.com\/#website","url":"https:\/\/g3d-wargame.com\/","name":"G3D","description":"3D printing","publisher":{"@id":"https:\/\/g3d-wargame.com\/#organization"},"alternateName":"G3D Wargame","potentialAction":[{"@type":"SearchAction","target":{"@type":"EntryPoint","urlTemplate":"https:\/\/g3d-wargame.com\/?s={search_term_string}"},"query-input":{"@type":"PropertyValueSpecification","valueRequired":true,"valueName":"search_term_string"}}],"inLanguage":"en-GB"},{"@type":"Organization","@id":"https:\/\/g3d-wargame.com\/#organization","name":"G3D","alternateName":"G3D WARGAME","url":"https:\/\/g3d-wargame.com\/","logo":{"@type":"ImageObject","inLanguage":"en-GB","@id":"https:\/\/g3d-wargame.com\/#\/schema\/logo\/image\/","url":"https:\/\/g3d-wargame.com\/wp-content\/uploads\/2023\/12\/G3DLOGO-v1-700-x-700-px.png","contentUrl":"https:\/\/g3d-wargame.com\/wp-content\/uploads\/2023\/12\/G3DLOGO-v1-700-x-700-px.png","width":788,"height":788,"caption":"G3D"},"image":{"@id":"https:\/\/g3d-wargame.com\/#\/schema\/logo\/image\/"}}]}},"_links":{"self":[{"href":"https:\/\/g3d-wargame.com\/en\/wp-json\/wp\/v2\/product\/6026","targetHints":{"allow":["GET"]}}],"collection":[{"href":"https:\/\/g3d-wargame.com\/en\/wp-json\/wp\/v2\/product"}],"about":[{"href":"https:\/\/g3d-wargame.com\/en\/wp-json\/wp\/v2\/types\/product"}],"wp:featuredmedia":[{"embeddable":true,"href":"https:\/\/g3d-wargame.com\/en\/wp-json\/wp\/v2\/media\/6029"}],"wp:attachment":[{"href":"https:\/\/g3d-wargame.com\/en\/wp-json\/wp\/v2\/media?parent=6026"}],"wp:term":[{"taxonomy":"product_brand","embeddable":true,"href":"https:\/\/g3d-wargame.com\/en\/wp-json\/wp\/v2\/product_brand?post=6026"},{"taxonomy":"product_cat","embeddable":true,"href":"https:\/\/g3d-wargame.com\/en\/wp-json\/wp\/v2\/product_cat?post=6026"},{"taxonomy":"product_tag","embeddable":true,"href":"https:\/\/g3d-wargame.com\/en\/wp-json\/wp\/v2\/product_tag?post=6026"}],"curies":[{"name":"wp","href":"https:\/\/api.w.org\/{rel}","templated":true}]}}