{"id":6022,"date":"2025-05-14T08:26:13","date_gmt":"2025-05-14T06:26:13","guid":{"rendered":"https:\/\/g3d-wargame.com\/?post_type=product&#038;p=6022"},"modified":"2025-11-06T09:00:14","modified_gmt":"2025-11-06T08:00:14","slug":"nurglings","status":"publish","type":"product","link":"https:\/\/g3d-wargame.com\/en\/product\/nurglings\/","title":{"rendered":"Nurglings"},"content":{"rendered":"<p>Les entrailles pourries d&rsquo;un Great Unclean One sont gonfl\u00e9es de pus et de fluides pires encore, et dans chacune de leurs boursouflures grandit un petit d\u00e9mon malveillant appel\u00e9 Nurgling. Au fil de sa croissance, le Nurgling se nourrit des humeurs du Great Unclean One et finit par \u00e9clore, authentique personnification d&rsquo;une pustule. Leurs petites dents sont aussi affil\u00e9es que des rasoirs et laissent une constellation de morsures infect\u00e9es sur leurs adversaires, qui en meurent rarement sur le coup &#8211; mais de telles blessures sont bien souvent le d\u00e9but d&rsquo;une maladie longue et d\u00e9plaisante.<\/p>\n<p>Ce kit contient des tas de Nurglings. En fait, vous pourrez constituer trois monticules de ces petits d\u00e9mons avec ce kit. Chaque nu\u00e9e pr\u00e9sente plusieurs rangs de cr\u00e9atures cornues et couvertes de plaies suppurantes. Leurs postures sont \u00e9galement aussi vari\u00e9es qu&rsquo;\u00e9c\u0153urantes. En outre, bien que vous puissiez r\u00e9aliser 27 combinaisons de nu\u00e9es, le kit comprend \u00e9galement des Nurglings individuels \u00e0 utiliser sur les socles du reste de votre arm\u00e9e.<\/p>\n<p>Ce kit plastique contient 16 pi\u00e8ces permettant d&rsquo;assembler trois nu\u00e9es de Nurglings vari\u00e9es. Fourni avec 3 socles ronds Citadel de 40mm.<\/p>","protected":false},"excerpt":{"rendered":"<p>Les entrailles pourries d&rsquo;un Great Unclean One sont gonfl\u00e9es de pus et de fluides pires encore, et dans chacune de leurs boursouflures grandit un petit d\u00e9mon malveillant appel\u00e9 Nurgling. Au fil de sa croissance, le Nurgling se nourrit des humeurs du Great Unclean One et finit par \u00e9clore, authentique personnification d&rsquo;une pustule. Leurs petites dents sont aussi affil\u00e9es que des&hellip;<\/p>","protected":false},"featured_media":6025,"template":"","meta":[],"product_brand":[],"product_cat":[62],"product_tag":[],"class_list":{"0":"post-6022","1":"product","2":"type-product","3":"status-publish","4":"has-post-thumbnail","6":"product_cat-age-of-sigmar","8":"first","9":"onbackorder","10":"sale","11":"taxable","12":"shipping-taxable","13":"purchasable","14":"product-type-simple"},"yoast_head":"<!-- This site is optimized with the Yoast SEO plugin v25.8 - https:\/\/yoast.com\/wordpress\/plugins\/seo\/ -->\n<title>Nurglings &#8211; G3D<\/title>\n<meta name=\"robots\" content=\"index, follow, max-snippet:-1, max-image-preview:large, max-video-preview:-1\" \/>\n<link rel=\"canonical\" href=\"https:\/\/g3d-wargame.com\/en\/product\/nurglings\/\" \/>\n<meta property=\"og:locale\" content=\"en_GB\" \/>\n<meta property=\"og:type\" content=\"article\" \/>\n<meta property=\"og:title\" content=\"Nurglings &#8211; G3D\" \/>\n<meta property=\"og:description\" content=\"Les entrailles pourries d&rsquo;un Great Unclean One sont gonfl\u00e9es de pus et de fluides pires encore, et dans chacune de leurs boursouflures grandit un petit d\u00e9mon malveillant appel\u00e9 Nurgling. Au fil de sa croissance, le Nurgling se nourrit des humeurs du Great Unclean One et finit par \u00e9clore, authentique personnification d&rsquo;une pustule. Leurs petites dents sont aussi affil\u00e9es que des&hellip;\" \/>\n<meta property=\"og:url\" content=\"https:\/\/g3d-wargame.com\/en\/product\/nurglings\/\" \/>\n<meta property=\"og:site_name\" content=\"G3D\" \/>\n<meta property=\"article:modified_time\" content=\"2025-11-06T08:00:14+00:00\" \/>\n<meta property=\"og:image\" content=\"https:\/\/g3d-wargame.com\/wp-content\/uploads\/2025\/05\/https___trade.games-workshop.com_assets_2022_03_TR-97-18-99129915060-Maggotkin-Nurglings-992x1024.jpg\" \/>\n\t<meta property=\"og:image:width\" content=\"992\" \/>\n\t<meta property=\"og:image:height\" content=\"1024\" \/>\n\t<meta property=\"og:image:type\" content=\"image\/jpeg\" \/>\n<meta name=\"twitter:card\" content=\"summary_large_image\" \/>\n<meta name=\"twitter:label1\" content=\"Estimated reading time\" \/>\n\t<meta name=\"twitter:data1\" content=\"2 minutes\" \/>\n<script type=\"application\/ld+json\" class=\"yoast-schema-graph\">{\"@context\":\"https:\/\/schema.org\",\"@graph\":[{\"@type\":\"WebPage\",\"@id\":\"https:\/\/g3d-wargame.com\/produit\/nurglings\/\",\"url\":\"https:\/\/g3d-wargame.com\/produit\/nurglings\/\",\"name\":\"Nurglings &#8211; G3D\",\"isPartOf\":{\"@id\":\"https:\/\/g3d-wargame.com\/#website\"},\"primaryImageOfPage\":{\"@id\":\"https:\/\/g3d-wargame.com\/produit\/nurglings\/#primaryimage\"},\"image\":{\"@id\":\"https:\/\/g3d-wargame.com\/produit\/nurglings\/#primaryimage\"},\"thumbnailUrl\":\"https:\/\/g3d-wargame.com\/wp-content\/uploads\/2025\/05\/https___trade.games-workshop.com_assets_2022_03_TR-97-18-99129915060-Maggotkin-Nurglings.jpg\",\"datePublished\":\"2025-05-14T06:26:13+00:00\",\"dateModified\":\"2025-11-06T08:00:14+00:00\",\"breadcrumb\":{\"@id\":\"https:\/\/g3d-wargame.com\/produit\/nurglings\/#breadcrumb\"},\"inLanguage\":\"en-GB\",\"potentialAction\":[{\"@type\":\"ReadAction\",\"target\":[\"https:\/\/g3d-wargame.com\/produit\/nurglings\/\"]}]},{\"@type\":\"ImageObject\",\"inLanguage\":\"en-GB\",\"@id\":\"https:\/\/g3d-wargame.com\/produit\/nurglings\/#primaryimage\",\"url\":\"https:\/\/g3d-wargame.com\/wp-content\/uploads\/2025\/05\/https___trade.games-workshop.com_assets_2022_03_TR-97-18-99129915060-Maggotkin-Nurglings.jpg\",\"contentUrl\":\"https:\/\/g3d-wargame.com\/wp-content\/uploads\/2025\/05\/https___trade.games-workshop.com_assets_2022_03_TR-97-18-99129915060-Maggotkin-Nurglings.jpg\",\"width\":1840,\"height\":1900},{\"@type\":\"BreadcrumbList\",\"@id\":\"https:\/\/g3d-wargame.com\/produit\/nurglings\/#breadcrumb\",\"itemListElement\":[{\"@type\":\"ListItem\",\"position\":1,\"name\":\"Accueil\",\"item\":\"https:\/\/g3d-wargame.com\/\"},{\"@type\":\"ListItem\",\"position\":2,\"name\":\"Produits\",\"item\":\"https:\/\/g3d-wargame.com\/shop__trashed\/\"},{\"@type\":\"ListItem\",\"position\":3,\"name\":\"Nurglings\"}]},{\"@type\":\"WebSite\",\"@id\":\"https:\/\/g3d-wargame.com\/#website\",\"url\":\"https:\/\/g3d-wargame.com\/\",\"name\":\"G3D\",\"description\":\" impression 3D\",\"publisher\":{\"@id\":\"https:\/\/g3d-wargame.com\/#organization\"},\"alternateName\":\"G3D Wargame\",\"potentialAction\":[{\"@type\":\"SearchAction\",\"target\":{\"@type\":\"EntryPoint\",\"urlTemplate\":\"https:\/\/g3d-wargame.com\/?s={search_term_string}\"},\"query-input\":{\"@type\":\"PropertyValueSpecification\",\"valueRequired\":true,\"valueName\":\"search_term_string\"}}],\"inLanguage\":\"en-GB\"},{\"@type\":\"Organization\",\"@id\":\"https:\/\/g3d-wargame.com\/#organization\",\"name\":\"G3D\",\"alternateName\":\"G3D WARGAME\",\"url\":\"https:\/\/g3d-wargame.com\/\",\"logo\":{\"@type\":\"ImageObject\",\"inLanguage\":\"en-GB\",\"@id\":\"https:\/\/g3d-wargame.com\/#\/schema\/logo\/image\/\",\"url\":\"https:\/\/g3d-wargame.com\/wp-content\/uploads\/2023\/12\/G3DLOGO-v1-700-x-700-px.png\",\"contentUrl\":\"https:\/\/g3d-wargame.com\/wp-content\/uploads\/2023\/12\/G3DLOGO-v1-700-x-700-px.png\",\"width\":788,\"height\":788,\"caption\":\"G3D\"},\"image\":{\"@id\":\"https:\/\/g3d-wargame.com\/#\/schema\/logo\/image\/\"}}]}<\/script>\n<!-- \/ Yoast SEO plugin. -->","yoast_head_json":{"title":"Nurglings &#8211; G3D","robots":{"index":"index","follow":"follow","max-snippet":"max-snippet:-1","max-image-preview":"max-image-preview:large","max-video-preview":"max-video-preview:-1"},"canonical":"https:\/\/g3d-wargame.com\/en\/product\/nurglings\/","og_locale":"en_GB","og_type":"article","og_title":"Nurglings &#8211; G3D","og_description":"Les entrailles pourries d&rsquo;un Great Unclean One sont gonfl\u00e9es de pus et de fluides pires encore, et dans chacune de leurs boursouflures grandit un petit d\u00e9mon malveillant appel\u00e9 Nurgling. Au fil de sa croissance, le Nurgling se nourrit des humeurs du Great Unclean One et finit par \u00e9clore, authentique personnification d&rsquo;une pustule. Leurs petites dents sont aussi affil\u00e9es que des&hellip;","og_url":"https:\/\/g3d-wargame.com\/en\/product\/nurglings\/","og_site_name":"G3D","article_modified_time":"2025-11-06T08:00:14+00:00","og_image":[{"width":992,"height":1024,"url":"https:\/\/g3d-wargame.com\/wp-content\/uploads\/2025\/05\/https___trade.games-workshop.com_assets_2022_03_TR-97-18-99129915060-Maggotkin-Nurglings-992x1024.jpg","type":"image\/jpeg"}],"twitter_card":"summary_large_image","twitter_misc":{"Estimated reading time":"2 minutes"},"schema":{"@context":"https:\/\/schema.org","@graph":[{"@type":"WebPage","@id":"https:\/\/g3d-wargame.com\/produit\/nurglings\/","url":"https:\/\/g3d-wargame.com\/produit\/nurglings\/","name":"Nurglings &#8211; G3D","isPartOf":{"@id":"https:\/\/g3d-wargame.com\/#website"},"primaryImageOfPage":{"@id":"https:\/\/g3d-wargame.com\/produit\/nurglings\/#primaryimage"},"image":{"@id":"https:\/\/g3d-wargame.com\/produit\/nurglings\/#primaryimage"},"thumbnailUrl":"https:\/\/g3d-wargame.com\/wp-content\/uploads\/2025\/05\/https___trade.games-workshop.com_assets_2022_03_TR-97-18-99129915060-Maggotkin-Nurglings.jpg","datePublished":"2025-05-14T06:26:13+00:00","dateModified":"2025-11-06T08:00:14+00:00","breadcrumb":{"@id":"https:\/\/g3d-wargame.com\/produit\/nurglings\/#breadcrumb"},"inLanguage":"en-GB","potentialAction":[{"@type":"ReadAction","target":["https:\/\/g3d-wargame.com\/produit\/nurglings\/"]}]},{"@type":"ImageObject","inLanguage":"en-GB","@id":"https:\/\/g3d-wargame.com\/produit\/nurglings\/#primaryimage","url":"https:\/\/g3d-wargame.com\/wp-content\/uploads\/2025\/05\/https___trade.games-workshop.com_assets_2022_03_TR-97-18-99129915060-Maggotkin-Nurglings.jpg","contentUrl":"https:\/\/g3d-wargame.com\/wp-content\/uploads\/2025\/05\/https___trade.games-workshop.com_assets_2022_03_TR-97-18-99129915060-Maggotkin-Nurglings.jpg","width":1840,"height":1900},{"@type":"BreadcrumbList","@id":"https:\/\/g3d-wargame.com\/produit\/nurglings\/#breadcrumb","itemListElement":[{"@type":"ListItem","position":1,"name":"Accueil","item":"https:\/\/g3d-wargame.com\/"},{"@type":"ListItem","position":2,"name":"Produits","item":"https:\/\/g3d-wargame.com\/shop__trashed\/"},{"@type":"ListItem","position":3,"name":"Nurglings"}]},{"@type":"WebSite","@id":"https:\/\/g3d-wargame.com\/#website","url":"https:\/\/g3d-wargame.com\/","name":"G3D","description":"3D printing","publisher":{"@id":"https:\/\/g3d-wargame.com\/#organization"},"alternateName":"G3D Wargame","potentialAction":[{"@type":"SearchAction","target":{"@type":"EntryPoint","urlTemplate":"https:\/\/g3d-wargame.com\/?s={search_term_string}"},"query-input":{"@type":"PropertyValueSpecification","valueRequired":true,"valueName":"search_term_string"}}],"inLanguage":"en-GB"},{"@type":"Organization","@id":"https:\/\/g3d-wargame.com\/#organization","name":"G3D","alternateName":"G3D WARGAME","url":"https:\/\/g3d-wargame.com\/","logo":{"@type":"ImageObject","inLanguage":"en-GB","@id":"https:\/\/g3d-wargame.com\/#\/schema\/logo\/image\/","url":"https:\/\/g3d-wargame.com\/wp-content\/uploads\/2023\/12\/G3DLOGO-v1-700-x-700-px.png","contentUrl":"https:\/\/g3d-wargame.com\/wp-content\/uploads\/2023\/12\/G3DLOGO-v1-700-x-700-px.png","width":788,"height":788,"caption":"G3D"},"image":{"@id":"https:\/\/g3d-wargame.com\/#\/schema\/logo\/image\/"}}]}},"_links":{"self":[{"href":"https:\/\/g3d-wargame.com\/en\/wp-json\/wp\/v2\/product\/6022","targetHints":{"allow":["GET"]}}],"collection":[{"href":"https:\/\/g3d-wargame.com\/en\/wp-json\/wp\/v2\/product"}],"about":[{"href":"https:\/\/g3d-wargame.com\/en\/wp-json\/wp\/v2\/types\/product"}],"wp:featuredmedia":[{"embeddable":true,"href":"https:\/\/g3d-wargame.com\/en\/wp-json\/wp\/v2\/media\/6025"}],"wp:attachment":[{"href":"https:\/\/g3d-wargame.com\/en\/wp-json\/wp\/v2\/media?parent=6022"}],"wp:term":[{"taxonomy":"product_brand","embeddable":true,"href":"https:\/\/g3d-wargame.com\/en\/wp-json\/wp\/v2\/product_brand?post=6022"},{"taxonomy":"product_cat","embeddable":true,"href":"https:\/\/g3d-wargame.com\/en\/wp-json\/wp\/v2\/product_cat?post=6022"},{"taxonomy":"product_tag","embeddable":true,"href":"https:\/\/g3d-wargame.com\/en\/wp-json\/wp\/v2\/product_tag?post=6022"}],"curies":[{"name":"wp","href":"https:\/\/api.w.org\/{rel}","templated":true}]}}