{"id":5749,"date":"2025-01-02T17:56:02","date_gmt":"2025-01-02T16:56:02","guid":{"rendered":"https:\/\/g3d-wargame.com\/?post_type=product&#038;p=5749"},"modified":"2025-05-14T09:25:34","modified_gmt":"2025-05-14T07:25:34","slug":"fusiliers-des-guildes-franches","status":"publish","type":"product","link":"https:\/\/g3d-wargame.com\/en\/product\/fusiliers-des-guildes-franches\/","title":{"rendered":"Fusiliers des Guildes Franches"},"content":{"rendered":"<p>Entra\u00een\u00e9s \u00e0 planter leurs pavois dans le sol, les Fusiliers des Guildes Franches forment une ligne d\u00e9fensive presque \u00e9quivalente \u00e0 un rempart de forteresse. De cette position renforc\u00e9e, ils l\u00e2chent des vol\u00e9es continues avec leurs robustes canons-fusils dans des nuages de fum\u00e9e de poudre noire.<\/p>\n<p>Ce kit plastique permet d&rsquo;assembler 10 Fusiliers des Guildes Franches, accompagn\u00e9s d&rsquo;un \u00c9cuyer-balistite. Chaque Fusilier porte un lourd pavois sur lequel il monte son canon-fusil muni d&rsquo;une ba\u00efonnette. On peut monter une des figurines en tant que Sergent Fusilier, arm\u00e9 d&rsquo;une paire de pistolets ou d&rsquo;un fusil moissonneur tritube, et une autre en tant que H\u00e9raut Fusilier, avec \u00e9tendard et torche avec ic\u00f4nes et flammes au choix. L&rsquo;\u00c9cuyer-balistite se h\u00e2te le long de la ligne pour fournir poudre et balles aux tireurs.<\/p>\n<p>Le kit comprend des poses, t\u00eates et pavois vari\u00e9s, tous interchangeables, plus deux curieuses cr\u00e9atures gargouillaines, de sorte que vos forces des guildes franches pr\u00e9sentent de la vari\u00e9t\u00e9 quel que soit le nombre de Fusiliers que vous recrutez.<\/p>\n<p>Ce kit comprend 115 composants plastique plus 10x socles ronds Citadel de 28,5mm et 1x socle rond Citadel de 25mm. \u00c9galement incluse, une planche de d\u00e9calcomanies des Cit\u00e9s de Sigmar, avec 410 ic\u00f4nes de Cit\u00e9 Franche, des symboles du culte de Sigmar et autres formes d&rsquo;h\u00e9raldique.<\/p>\n<p>Ces figurines sont fournies non assembl\u00e9es et non peintes \u2013 nous recommandons la Colle Plastique Citadel et la peinture Citadel Colour.<\/p>","protected":false},"excerpt":{"rendered":"<p>Entra\u00een\u00e9s \u00e0 planter leurs pavois dans le sol, les Fusiliers des Guildes Franches forment une ligne d\u00e9fensive presque \u00e9quivalente \u00e0 un rempart de forteresse. De cette position renforc\u00e9e, ils l\u00e2chent des vol\u00e9es continues avec leurs robustes canons-fusils dans des nuages de fum\u00e9e de poudre noire. Ce kit plastique permet d&rsquo;assembler 10 Fusiliers des Guildes Franches, accompagn\u00e9s d&rsquo;un \u00c9cuyer-balistite. Chaque Fusilier&hellip;<\/p>","protected":false},"featured_media":5754,"template":"","meta":[],"product_brand":[],"product_cat":[62],"product_tag":[],"class_list":{"0":"post-5749","1":"product","2":"type-product","3":"status-publish","4":"has-post-thumbnail","6":"product_cat-age-of-sigmar","8":"first","9":"instock","10":"sale","11":"taxable","12":"shipping-taxable","13":"purchasable","14":"product-type-simple"},"yoast_head":"<!-- This site is optimized with the Yoast SEO plugin v25.8 - https:\/\/yoast.com\/wordpress\/plugins\/seo\/ -->\n<title>Fusiliers des Guildes Franches &#8211; G3D<\/title>\n<meta name=\"robots\" content=\"index, follow, max-snippet:-1, max-image-preview:large, max-video-preview:-1\" \/>\n<link rel=\"canonical\" href=\"https:\/\/g3d-wargame.com\/en\/product\/fusiliers-des-guildes-franches\/\" \/>\n<meta property=\"og:locale\" content=\"en_GB\" \/>\n<meta property=\"og:type\" content=\"article\" \/>\n<meta property=\"og:title\" content=\"Fusiliers des Guildes Franches &#8211; G3D\" \/>\n<meta property=\"og:description\" content=\"Entra\u00een\u00e9s \u00e0 planter leurs pavois dans le sol, les Fusiliers des Guildes Franches forment une ligne d\u00e9fensive presque \u00e9quivalente \u00e0 un rempart de forteresse. De cette position renforc\u00e9e, ils l\u00e2chent des vol\u00e9es continues avec leurs robustes canons-fusils dans des nuages de fum\u00e9e de poudre noire. Ce kit plastique permet d&rsquo;assembler 10 Fusiliers des Guildes Franches, accompagn\u00e9s d&rsquo;un \u00c9cuyer-balistite. Chaque Fusilier&hellip;\" \/>\n<meta property=\"og:url\" content=\"https:\/\/g3d-wargame.com\/en\/product\/fusiliers-des-guildes-franches\/\" \/>\n<meta property=\"og:site_name\" content=\"G3D\" \/>\n<meta property=\"article:modified_time\" content=\"2025-05-14T07:25:34+00:00\" \/>\n<meta property=\"og:image\" content=\"https:\/\/g3d-wargame.com\/wp-content\/uploads\/2025\/01\/99120202049_FreeguildFusiliersStock.jpg\" \/>\n\t<meta property=\"og:image:width\" content=\"918\" \/>\n\t<meta property=\"og:image:height\" content=\"948\" \/>\n\t<meta property=\"og:image:type\" content=\"image\/jpeg\" \/>\n<meta name=\"twitter:card\" content=\"summary_large_image\" \/>\n<meta name=\"twitter:label1\" content=\"Estimated reading time\" \/>\n\t<meta name=\"twitter:data1\" content=\"2 minutes\" \/>\n<script type=\"application\/ld+json\" class=\"yoast-schema-graph\">{\"@context\":\"https:\/\/schema.org\",\"@graph\":[{\"@type\":\"WebPage\",\"@id\":\"https:\/\/g3d-wargame.com\/produit\/fusiliers-des-guildes-franches\/\",\"url\":\"https:\/\/g3d-wargame.com\/produit\/fusiliers-des-guildes-franches\/\",\"name\":\"Fusiliers des Guildes Franches &#8211; G3D\",\"isPartOf\":{\"@id\":\"https:\/\/g3d-wargame.com\/#website\"},\"primaryImageOfPage\":{\"@id\":\"https:\/\/g3d-wargame.com\/produit\/fusiliers-des-guildes-franches\/#primaryimage\"},\"image\":{\"@id\":\"https:\/\/g3d-wargame.com\/produit\/fusiliers-des-guildes-franches\/#primaryimage\"},\"thumbnailUrl\":\"https:\/\/g3d-wargame.com\/wp-content\/uploads\/2025\/01\/99120202049_FreeguildFusiliersStock.jpg\",\"datePublished\":\"2025-01-02T16:56:02+00:00\",\"dateModified\":\"2025-05-14T07:25:34+00:00\",\"breadcrumb\":{\"@id\":\"https:\/\/g3d-wargame.com\/produit\/fusiliers-des-guildes-franches\/#breadcrumb\"},\"inLanguage\":\"en-GB\",\"potentialAction\":[{\"@type\":\"ReadAction\",\"target\":[\"https:\/\/g3d-wargame.com\/produit\/fusiliers-des-guildes-franches\/\"]}]},{\"@type\":\"ImageObject\",\"inLanguage\":\"en-GB\",\"@id\":\"https:\/\/g3d-wargame.com\/produit\/fusiliers-des-guildes-franches\/#primaryimage\",\"url\":\"https:\/\/g3d-wargame.com\/wp-content\/uploads\/2025\/01\/99120202049_FreeguildFusiliersStock.jpg\",\"contentUrl\":\"https:\/\/g3d-wargame.com\/wp-content\/uploads\/2025\/01\/99120202049_FreeguildFusiliersStock.jpg\",\"width\":918,\"height\":948},{\"@type\":\"BreadcrumbList\",\"@id\":\"https:\/\/g3d-wargame.com\/produit\/fusiliers-des-guildes-franches\/#breadcrumb\",\"itemListElement\":[{\"@type\":\"ListItem\",\"position\":1,\"name\":\"Accueil\",\"item\":\"https:\/\/g3d-wargame.com\/\"},{\"@type\":\"ListItem\",\"position\":2,\"name\":\"Produits\",\"item\":\"https:\/\/g3d-wargame.com\/shop__trashed\/\"},{\"@type\":\"ListItem\",\"position\":3,\"name\":\"Fusiliers des Guildes Franches\"}]},{\"@type\":\"WebSite\",\"@id\":\"https:\/\/g3d-wargame.com\/#website\",\"url\":\"https:\/\/g3d-wargame.com\/\",\"name\":\"G3D\",\"description\":\" impression 3D\",\"publisher\":{\"@id\":\"https:\/\/g3d-wargame.com\/#organization\"},\"alternateName\":\"G3D Wargame\",\"potentialAction\":[{\"@type\":\"SearchAction\",\"target\":{\"@type\":\"EntryPoint\",\"urlTemplate\":\"https:\/\/g3d-wargame.com\/?s={search_term_string}\"},\"query-input\":{\"@type\":\"PropertyValueSpecification\",\"valueRequired\":true,\"valueName\":\"search_term_string\"}}],\"inLanguage\":\"en-GB\"},{\"@type\":\"Organization\",\"@id\":\"https:\/\/g3d-wargame.com\/#organization\",\"name\":\"G3D\",\"alternateName\":\"G3D WARGAME\",\"url\":\"https:\/\/g3d-wargame.com\/\",\"logo\":{\"@type\":\"ImageObject\",\"inLanguage\":\"en-GB\",\"@id\":\"https:\/\/g3d-wargame.com\/#\/schema\/logo\/image\/\",\"url\":\"https:\/\/g3d-wargame.com\/wp-content\/uploads\/2023\/12\/G3DLOGO-v1-700-x-700-px.png\",\"contentUrl\":\"https:\/\/g3d-wargame.com\/wp-content\/uploads\/2023\/12\/G3DLOGO-v1-700-x-700-px.png\",\"width\":788,\"height\":788,\"caption\":\"G3D\"},\"image\":{\"@id\":\"https:\/\/g3d-wargame.com\/#\/schema\/logo\/image\/\"}}]}<\/script>\n<!-- \/ Yoast SEO plugin. -->","yoast_head_json":{"title":"Fusiliers des Guildes Franches &#8211; G3D","robots":{"index":"index","follow":"follow","max-snippet":"max-snippet:-1","max-image-preview":"max-image-preview:large","max-video-preview":"max-video-preview:-1"},"canonical":"https:\/\/g3d-wargame.com\/en\/product\/fusiliers-des-guildes-franches\/","og_locale":"en_GB","og_type":"article","og_title":"Fusiliers des Guildes Franches &#8211; G3D","og_description":"Entra\u00een\u00e9s \u00e0 planter leurs pavois dans le sol, les Fusiliers des Guildes Franches forment une ligne d\u00e9fensive presque \u00e9quivalente \u00e0 un rempart de forteresse. De cette position renforc\u00e9e, ils l\u00e2chent des vol\u00e9es continues avec leurs robustes canons-fusils dans des nuages de fum\u00e9e de poudre noire. Ce kit plastique permet d&rsquo;assembler 10 Fusiliers des Guildes Franches, accompagn\u00e9s d&rsquo;un \u00c9cuyer-balistite. Chaque Fusilier&hellip;","og_url":"https:\/\/g3d-wargame.com\/en\/product\/fusiliers-des-guildes-franches\/","og_site_name":"G3D","article_modified_time":"2025-05-14T07:25:34+00:00","og_image":[{"width":918,"height":948,"url":"https:\/\/g3d-wargame.com\/wp-content\/uploads\/2025\/01\/99120202049_FreeguildFusiliersStock.jpg","type":"image\/jpeg"}],"twitter_card":"summary_large_image","twitter_misc":{"Estimated reading time":"2 minutes"},"schema":{"@context":"https:\/\/schema.org","@graph":[{"@type":"WebPage","@id":"https:\/\/g3d-wargame.com\/produit\/fusiliers-des-guildes-franches\/","url":"https:\/\/g3d-wargame.com\/produit\/fusiliers-des-guildes-franches\/","name":"Fusiliers des Guildes Franches &#8211; G3D","isPartOf":{"@id":"https:\/\/g3d-wargame.com\/#website"},"primaryImageOfPage":{"@id":"https:\/\/g3d-wargame.com\/produit\/fusiliers-des-guildes-franches\/#primaryimage"},"image":{"@id":"https:\/\/g3d-wargame.com\/produit\/fusiliers-des-guildes-franches\/#primaryimage"},"thumbnailUrl":"https:\/\/g3d-wargame.com\/wp-content\/uploads\/2025\/01\/99120202049_FreeguildFusiliersStock.jpg","datePublished":"2025-01-02T16:56:02+00:00","dateModified":"2025-05-14T07:25:34+00:00","breadcrumb":{"@id":"https:\/\/g3d-wargame.com\/produit\/fusiliers-des-guildes-franches\/#breadcrumb"},"inLanguage":"en-GB","potentialAction":[{"@type":"ReadAction","target":["https:\/\/g3d-wargame.com\/produit\/fusiliers-des-guildes-franches\/"]}]},{"@type":"ImageObject","inLanguage":"en-GB","@id":"https:\/\/g3d-wargame.com\/produit\/fusiliers-des-guildes-franches\/#primaryimage","url":"https:\/\/g3d-wargame.com\/wp-content\/uploads\/2025\/01\/99120202049_FreeguildFusiliersStock.jpg","contentUrl":"https:\/\/g3d-wargame.com\/wp-content\/uploads\/2025\/01\/99120202049_FreeguildFusiliersStock.jpg","width":918,"height":948},{"@type":"BreadcrumbList","@id":"https:\/\/g3d-wargame.com\/produit\/fusiliers-des-guildes-franches\/#breadcrumb","itemListElement":[{"@type":"ListItem","position":1,"name":"Accueil","item":"https:\/\/g3d-wargame.com\/"},{"@type":"ListItem","position":2,"name":"Produits","item":"https:\/\/g3d-wargame.com\/shop__trashed\/"},{"@type":"ListItem","position":3,"name":"Fusiliers des Guildes Franches"}]},{"@type":"WebSite","@id":"https:\/\/g3d-wargame.com\/#website","url":"https:\/\/g3d-wargame.com\/","name":"G3D","description":"3D printing","publisher":{"@id":"https:\/\/g3d-wargame.com\/#organization"},"alternateName":"G3D Wargame","potentialAction":[{"@type":"SearchAction","target":{"@type":"EntryPoint","urlTemplate":"https:\/\/g3d-wargame.com\/?s={search_term_string}"},"query-input":{"@type":"PropertyValueSpecification","valueRequired":true,"valueName":"search_term_string"}}],"inLanguage":"en-GB"},{"@type":"Organization","@id":"https:\/\/g3d-wargame.com\/#organization","name":"G3D","alternateName":"G3D WARGAME","url":"https:\/\/g3d-wargame.com\/","logo":{"@type":"ImageObject","inLanguage":"en-GB","@id":"https:\/\/g3d-wargame.com\/#\/schema\/logo\/image\/","url":"https:\/\/g3d-wargame.com\/wp-content\/uploads\/2023\/12\/G3DLOGO-v1-700-x-700-px.png","contentUrl":"https:\/\/g3d-wargame.com\/wp-content\/uploads\/2023\/12\/G3DLOGO-v1-700-x-700-px.png","width":788,"height":788,"caption":"G3D"},"image":{"@id":"https:\/\/g3d-wargame.com\/#\/schema\/logo\/image\/"}}]}},"_links":{"self":[{"href":"https:\/\/g3d-wargame.com\/en\/wp-json\/wp\/v2\/product\/5749","targetHints":{"allow":["GET"]}}],"collection":[{"href":"https:\/\/g3d-wargame.com\/en\/wp-json\/wp\/v2\/product"}],"about":[{"href":"https:\/\/g3d-wargame.com\/en\/wp-json\/wp\/v2\/types\/product"}],"wp:featuredmedia":[{"embeddable":true,"href":"https:\/\/g3d-wargame.com\/en\/wp-json\/wp\/v2\/media\/5754"}],"wp:attachment":[{"href":"https:\/\/g3d-wargame.com\/en\/wp-json\/wp\/v2\/media?parent=5749"}],"wp:term":[{"taxonomy":"product_brand","embeddable":true,"href":"https:\/\/g3d-wargame.com\/en\/wp-json\/wp\/v2\/product_brand?post=5749"},{"taxonomy":"product_cat","embeddable":true,"href":"https:\/\/g3d-wargame.com\/en\/wp-json\/wp\/v2\/product_cat?post=5749"},{"taxonomy":"product_tag","embeddable":true,"href":"https:\/\/g3d-wargame.com\/en\/wp-json\/wp\/v2\/product_tag?post=5749"}],"curies":[{"name":"wp","href":"https:\/\/api.w.org\/{rel}","templated":true}]}}