{"id":5745,"date":"2025-01-02T17:44:44","date_gmt":"2025-01-02T16:44:44","guid":{"rendered":"https:\/\/g3d-wargame.com\/?post_type=product&#038;p=5745"},"modified":"2025-05-14T09:42:04","modified_gmt":"2025-05-14T07:42:04","slug":"stabbas","status":"publish","type":"product","link":"https:\/\/g3d-wargame.com\/en\/product\/stabbas\/","title":{"rendered":"Stabbas"},"content":{"rendered":"<p>Les Moonclan Stabbas se mettent grossi\u00e8rement en rangs pour marcher sur l&rsquo;ennemi dans le fracas des gongs et le claquement des banni\u00e8res. Les yeux exorbit\u00e9s sous l&rsquo;effet de la d\u00e9mence Gloomspite, ils d\u00e9ferlent sur la ligne ennemie en plantant leur lance ou leur coutelas dans tout ce qui se pr\u00e9sente.<\/p>\n<p>Les Stabbas forment le gros des effectifs de nombreuses arm\u00e9es de Gloomspite Gitz, ce qui leur conf\u00e8re la capacit\u00e9 \u00e0 submerger l&rsquo;ennemi sous le nombre. Ils sont tr\u00e8s utiles pour capturer les objectifs ou \u00e9cranter les \u00e9l\u00e9ments fragiles de votre arm\u00e9e. D&rsquo;autant qu&rsquo;on peut y dissimuler des Loonsmasha Fanatics\u2026<\/p>\n<p>Vous trouverez dans ce kit suffisamment de kitrou&rsquo;, de lances pointu\u2019, et de boucliers d\u2019la lune pour monter une unit\u00e9 de Stabbas, et alternativement vous avez assez d&rsquo;arcs Moonclan et de kitranch&rsquo; pour monter une unit\u00e9 de Shootas. Vous avez aussi de quoi assembler des porte-\u00e9tendards, un sonneur de gong, 2 r\u00e9tiaires et un kitrou&rsquo; sp\u00e9cial pour d\u00e9signer le Moonclan Boss de l&rsquo;unit\u00e9.<\/p>\n<p>Ce kit est fourni en 111 composants, plus 20 socles ronds de 25mm.<\/p>\n<p>These miniatures are supplied unpainted and require assembly.<\/p>","protected":false},"excerpt":{"rendered":"<p>Les Moonclan Stabbas se mettent grossi\u00e8rement en rangs pour marcher sur l&rsquo;ennemi dans le fracas des gongs et le claquement des banni\u00e8res. Les yeux exorbit\u00e9s sous l&rsquo;effet de la d\u00e9mence Gloomspite, ils d\u00e9ferlent sur la ligne ennemie en plantant leur lance ou leur coutelas dans tout ce qui se pr\u00e9sente. Les Stabbas forment le gros des effectifs de nombreuses arm\u00e9es&hellip;<\/p>","protected":false},"featured_media":5748,"template":"","meta":[],"product_brand":[],"product_cat":[62],"product_tag":[],"class_list":{"0":"post-5745","1":"product","2":"type-product","3":"status-publish","4":"has-post-thumbnail","6":"product_cat-age-of-sigmar","8":"first","9":"instock","10":"sale","11":"taxable","12":"shipping-taxable","13":"purchasable","14":"product-type-simple"},"yoast_head":"<!-- This site is optimized with the Yoast SEO plugin v25.8 - https:\/\/yoast.com\/wordpress\/plugins\/seo\/ -->\n<title>Stabbas &#8211; G3D<\/title>\n<meta name=\"robots\" content=\"index, follow, max-snippet:-1, max-image-preview:large, max-video-preview:-1\" \/>\n<link rel=\"canonical\" href=\"https:\/\/g3d-wargame.com\/en\/product\/stabbas\/\" \/>\n<meta property=\"og:locale\" content=\"en_GB\" \/>\n<meta property=\"og:type\" content=\"article\" \/>\n<meta property=\"og:title\" content=\"Stabbas &#8211; G3D\" \/>\n<meta property=\"og:description\" content=\"Les Moonclan Stabbas se mettent grossi\u00e8rement en rangs pour marcher sur l&rsquo;ennemi dans le fracas des gongs et le claquement des banni\u00e8res. Les yeux exorbit\u00e9s sous l&rsquo;effet de la d\u00e9mence Gloomspite, ils d\u00e9ferlent sur la ligne ennemie en plantant leur lance ou leur coutelas dans tout ce qui se pr\u00e9sente. Les Stabbas forment le gros des effectifs de nombreuses arm\u00e9es&hellip;\" \/>\n<meta property=\"og:url\" content=\"https:\/\/g3d-wargame.com\/en\/product\/stabbas\/\" \/>\n<meta property=\"og:site_name\" content=\"G3D\" \/>\n<meta property=\"article:modified_time\" content=\"2025-05-14T07:42:04+00:00\" \/>\n<meta property=\"og:image\" content=\"https:\/\/g3d-wargame.com\/wp-content\/uploads\/2025\/01\/99120209095_GSGStabbasStock.jpg\" \/>\n\t<meta property=\"og:image:width\" content=\"918\" \/>\n\t<meta property=\"og:image:height\" content=\"948\" \/>\n\t<meta property=\"og:image:type\" content=\"image\/jpeg\" \/>\n<meta name=\"twitter:card\" content=\"summary_large_image\" \/>\n<meta name=\"twitter:label1\" content=\"Estimated reading time\" \/>\n\t<meta name=\"twitter:data1\" content=\"2 minutes\" \/>\n<script type=\"application\/ld+json\" class=\"yoast-schema-graph\">{\"@context\":\"https:\/\/schema.org\",\"@graph\":[{\"@type\":\"WebPage\",\"@id\":\"https:\/\/g3d-wargame.com\/produit\/stabbas\/\",\"url\":\"https:\/\/g3d-wargame.com\/produit\/stabbas\/\",\"name\":\"Stabbas &#8211; G3D\",\"isPartOf\":{\"@id\":\"https:\/\/g3d-wargame.com\/#website\"},\"primaryImageOfPage\":{\"@id\":\"https:\/\/g3d-wargame.com\/produit\/stabbas\/#primaryimage\"},\"image\":{\"@id\":\"https:\/\/g3d-wargame.com\/produit\/stabbas\/#primaryimage\"},\"thumbnailUrl\":\"https:\/\/g3d-wargame.com\/wp-content\/uploads\/2025\/01\/99120209095_GSGStabbasStock.jpg\",\"datePublished\":\"2025-01-02T16:44:44+00:00\",\"dateModified\":\"2025-05-14T07:42:04+00:00\",\"breadcrumb\":{\"@id\":\"https:\/\/g3d-wargame.com\/produit\/stabbas\/#breadcrumb\"},\"inLanguage\":\"en-GB\",\"potentialAction\":[{\"@type\":\"ReadAction\",\"target\":[\"https:\/\/g3d-wargame.com\/produit\/stabbas\/\"]}]},{\"@type\":\"ImageObject\",\"inLanguage\":\"en-GB\",\"@id\":\"https:\/\/g3d-wargame.com\/produit\/stabbas\/#primaryimage\",\"url\":\"https:\/\/g3d-wargame.com\/wp-content\/uploads\/2025\/01\/99120209095_GSGStabbasStock.jpg\",\"contentUrl\":\"https:\/\/g3d-wargame.com\/wp-content\/uploads\/2025\/01\/99120209095_GSGStabbasStock.jpg\",\"width\":918,\"height\":948},{\"@type\":\"BreadcrumbList\",\"@id\":\"https:\/\/g3d-wargame.com\/produit\/stabbas\/#breadcrumb\",\"itemListElement\":[{\"@type\":\"ListItem\",\"position\":1,\"name\":\"Accueil\",\"item\":\"https:\/\/g3d-wargame.com\/\"},{\"@type\":\"ListItem\",\"position\":2,\"name\":\"Produits\",\"item\":\"https:\/\/g3d-wargame.com\/shop__trashed\/\"},{\"@type\":\"ListItem\",\"position\":3,\"name\":\"Stabbas\"}]},{\"@type\":\"WebSite\",\"@id\":\"https:\/\/g3d-wargame.com\/#website\",\"url\":\"https:\/\/g3d-wargame.com\/\",\"name\":\"G3D\",\"description\":\" impression 3D\",\"publisher\":{\"@id\":\"https:\/\/g3d-wargame.com\/#organization\"},\"alternateName\":\"G3D Wargame\",\"potentialAction\":[{\"@type\":\"SearchAction\",\"target\":{\"@type\":\"EntryPoint\",\"urlTemplate\":\"https:\/\/g3d-wargame.com\/?s={search_term_string}\"},\"query-input\":{\"@type\":\"PropertyValueSpecification\",\"valueRequired\":true,\"valueName\":\"search_term_string\"}}],\"inLanguage\":\"en-GB\"},{\"@type\":\"Organization\",\"@id\":\"https:\/\/g3d-wargame.com\/#organization\",\"name\":\"G3D\",\"alternateName\":\"G3D WARGAME\",\"url\":\"https:\/\/g3d-wargame.com\/\",\"logo\":{\"@type\":\"ImageObject\",\"inLanguage\":\"en-GB\",\"@id\":\"https:\/\/g3d-wargame.com\/#\/schema\/logo\/image\/\",\"url\":\"https:\/\/g3d-wargame.com\/wp-content\/uploads\/2023\/12\/G3DLOGO-v1-700-x-700-px.png\",\"contentUrl\":\"https:\/\/g3d-wargame.com\/wp-content\/uploads\/2023\/12\/G3DLOGO-v1-700-x-700-px.png\",\"width\":788,\"height\":788,\"caption\":\"G3D\"},\"image\":{\"@id\":\"https:\/\/g3d-wargame.com\/#\/schema\/logo\/image\/\"}}]}<\/script>\n<!-- \/ Yoast SEO plugin. -->","yoast_head_json":{"title":"Stabbas &#8211; G3D","robots":{"index":"index","follow":"follow","max-snippet":"max-snippet:-1","max-image-preview":"max-image-preview:large","max-video-preview":"max-video-preview:-1"},"canonical":"https:\/\/g3d-wargame.com\/en\/product\/stabbas\/","og_locale":"en_GB","og_type":"article","og_title":"Stabbas &#8211; G3D","og_description":"Les Moonclan Stabbas se mettent grossi\u00e8rement en rangs pour marcher sur l&rsquo;ennemi dans le fracas des gongs et le claquement des banni\u00e8res. Les yeux exorbit\u00e9s sous l&rsquo;effet de la d\u00e9mence Gloomspite, ils d\u00e9ferlent sur la ligne ennemie en plantant leur lance ou leur coutelas dans tout ce qui se pr\u00e9sente. Les Stabbas forment le gros des effectifs de nombreuses arm\u00e9es&hellip;","og_url":"https:\/\/g3d-wargame.com\/en\/product\/stabbas\/","og_site_name":"G3D","article_modified_time":"2025-05-14T07:42:04+00:00","og_image":[{"width":918,"height":948,"url":"https:\/\/g3d-wargame.com\/wp-content\/uploads\/2025\/01\/99120209095_GSGStabbasStock.jpg","type":"image\/jpeg"}],"twitter_card":"summary_large_image","twitter_misc":{"Estimated reading time":"2 minutes"},"schema":{"@context":"https:\/\/schema.org","@graph":[{"@type":"WebPage","@id":"https:\/\/g3d-wargame.com\/produit\/stabbas\/","url":"https:\/\/g3d-wargame.com\/produit\/stabbas\/","name":"Stabbas &#8211; G3D","isPartOf":{"@id":"https:\/\/g3d-wargame.com\/#website"},"primaryImageOfPage":{"@id":"https:\/\/g3d-wargame.com\/produit\/stabbas\/#primaryimage"},"image":{"@id":"https:\/\/g3d-wargame.com\/produit\/stabbas\/#primaryimage"},"thumbnailUrl":"https:\/\/g3d-wargame.com\/wp-content\/uploads\/2025\/01\/99120209095_GSGStabbasStock.jpg","datePublished":"2025-01-02T16:44:44+00:00","dateModified":"2025-05-14T07:42:04+00:00","breadcrumb":{"@id":"https:\/\/g3d-wargame.com\/produit\/stabbas\/#breadcrumb"},"inLanguage":"en-GB","potentialAction":[{"@type":"ReadAction","target":["https:\/\/g3d-wargame.com\/produit\/stabbas\/"]}]},{"@type":"ImageObject","inLanguage":"en-GB","@id":"https:\/\/g3d-wargame.com\/produit\/stabbas\/#primaryimage","url":"https:\/\/g3d-wargame.com\/wp-content\/uploads\/2025\/01\/99120209095_GSGStabbasStock.jpg","contentUrl":"https:\/\/g3d-wargame.com\/wp-content\/uploads\/2025\/01\/99120209095_GSGStabbasStock.jpg","width":918,"height":948},{"@type":"BreadcrumbList","@id":"https:\/\/g3d-wargame.com\/produit\/stabbas\/#breadcrumb","itemListElement":[{"@type":"ListItem","position":1,"name":"Accueil","item":"https:\/\/g3d-wargame.com\/"},{"@type":"ListItem","position":2,"name":"Produits","item":"https:\/\/g3d-wargame.com\/shop__trashed\/"},{"@type":"ListItem","position":3,"name":"Stabbas"}]},{"@type":"WebSite","@id":"https:\/\/g3d-wargame.com\/#website","url":"https:\/\/g3d-wargame.com\/","name":"G3D","description":"3D printing","publisher":{"@id":"https:\/\/g3d-wargame.com\/#organization"},"alternateName":"G3D Wargame","potentialAction":[{"@type":"SearchAction","target":{"@type":"EntryPoint","urlTemplate":"https:\/\/g3d-wargame.com\/?s={search_term_string}"},"query-input":{"@type":"PropertyValueSpecification","valueRequired":true,"valueName":"search_term_string"}}],"inLanguage":"en-GB"},{"@type":"Organization","@id":"https:\/\/g3d-wargame.com\/#organization","name":"G3D","alternateName":"G3D WARGAME","url":"https:\/\/g3d-wargame.com\/","logo":{"@type":"ImageObject","inLanguage":"en-GB","@id":"https:\/\/g3d-wargame.com\/#\/schema\/logo\/image\/","url":"https:\/\/g3d-wargame.com\/wp-content\/uploads\/2023\/12\/G3DLOGO-v1-700-x-700-px.png","contentUrl":"https:\/\/g3d-wargame.com\/wp-content\/uploads\/2023\/12\/G3DLOGO-v1-700-x-700-px.png","width":788,"height":788,"caption":"G3D"},"image":{"@id":"https:\/\/g3d-wargame.com\/#\/schema\/logo\/image\/"}}]}},"_links":{"self":[{"href":"https:\/\/g3d-wargame.com\/en\/wp-json\/wp\/v2\/product\/5745","targetHints":{"allow":["GET"]}}],"collection":[{"href":"https:\/\/g3d-wargame.com\/en\/wp-json\/wp\/v2\/product"}],"about":[{"href":"https:\/\/g3d-wargame.com\/en\/wp-json\/wp\/v2\/types\/product"}],"wp:featuredmedia":[{"embeddable":true,"href":"https:\/\/g3d-wargame.com\/en\/wp-json\/wp\/v2\/media\/5748"}],"wp:attachment":[{"href":"https:\/\/g3d-wargame.com\/en\/wp-json\/wp\/v2\/media?parent=5745"}],"wp:term":[{"taxonomy":"product_brand","embeddable":true,"href":"https:\/\/g3d-wargame.com\/en\/wp-json\/wp\/v2\/product_brand?post=5745"},{"taxonomy":"product_cat","embeddable":true,"href":"https:\/\/g3d-wargame.com\/en\/wp-json\/wp\/v2\/product_cat?post=5745"},{"taxonomy":"product_tag","embeddable":true,"href":"https:\/\/g3d-wargame.com\/en\/wp-json\/wp\/v2\/product_tag?post=5745"}],"curies":[{"name":"wp","href":"https:\/\/api.w.org\/{rel}","templated":true}]}}