{"id":5740,"date":"2025-01-02T17:41:53","date_gmt":"2025-01-02T16:41:53","guid":{"rendered":"https:\/\/g3d-wargame.com\/?post_type=product&#038;p=5740"},"modified":"2025-05-14T09:29:52","modified_gmt":"2025-05-14T07:29:52","slug":"guerriers-du-chaos","status":"publish","type":"product","link":"https:\/\/g3d-wargame.com\/en\/product\/guerriers-du-chaos\/","title":{"rendered":"Guerriers du Chaos"},"content":{"rendered":"<p>Les Guerriers du Chaos sont le fl\u00e9au des Royaumes Mortels, engonc\u00e9s dans l&rsquo;acier infernal et bouffis de sombres b\u00e9n\u00e9dictions. Des l\u00e9gions enti\u00e8res de ces tueurs en armure marchent au combat pour m\u00e9riter la faveur de leurs dieux, li\u00e9s par le sang au service d&rsquo;un puissant seigneur de guerre. Chaque Guerrier du Chaos vaut plusieurs mortels inf\u00e9rieurs, et tous aspirent \u00e0 devenir encore plus puissants.<\/p>\n<p>Ce kit plastique permet d&rsquo;assembler 10 Guerriers du Chaos, le noyau en armure des l\u00e9gions de l&rsquo;\u00c9lu \u00c9ternel, aussi formidables en d\u00e9fense que terrifiants en attaque. Chaque Guerrier du Chaos porte un bouclier runique du Chaos et peut porter un large choix d&rsquo;armes meurtri\u00e8res (une \u00e9p\u00e9e, une hache, une masse ou un marteau) ou une longue hallebarde ensorcel\u00e9e. Ce kit fournit \u00e9galement de quoi assembler une figurine comme Aspirant Champion avec une arme cruelle unique et un choix de t\u00eates. Vous pourrez \u00e9galement assembler une figurine en Sonneur de Cor et une autre en Porte-\u00e9tendard avec un choix de deux banni\u00e8res et deux symboles du Chaos.<\/p>\n<p>Ce kit contient une large vari\u00e9t\u00e9 de casques, t\u00eates nues, poses, boucliers runiques, armes et t\u00eates de hallebardes diff\u00e9rents et parfaitement interchangeables. Cela vous permet d&rsquo;\u00eatre certain que vos Guerriers du Chaos sont totalement uniques, quelle que soit la taille de votre l\u00e9gion du Chaos.<\/p>\n<p>Ce kit est compos\u00e9 de 97 \u00e9l\u00e9ments en plastique et est fourni avec 10x socles ronds Citadel de 32 mm. Ces figurines sont fournies non peintes et n\u00e9cessitent assemblage \u2013 nous recommandons d&#8217;employer la Colle Plastique Citadel et la peinture Citadel.<\/p>","protected":false},"excerpt":{"rendered":"<p>Les Guerriers du Chaos sont le fl\u00e9au des Royaumes Mortels, engonc\u00e9s dans l&rsquo;acier infernal et bouffis de sombres b\u00e9n\u00e9dictions. Des l\u00e9gions enti\u00e8res de ces tueurs en armure marchent au combat pour m\u00e9riter la faveur de leurs dieux, li\u00e9s par le sang au service d&rsquo;un puissant seigneur de guerre. Chaque Guerrier du Chaos vaut plusieurs mortels inf\u00e9rieurs, et tous aspirent \u00e0&hellip;<\/p>","protected":false},"featured_media":5744,"template":"","meta":[],"product_brand":[],"product_cat":[62],"product_tag":[],"class_list":{"0":"post-5740","1":"product","2":"type-product","3":"status-publish","4":"has-post-thumbnail","6":"product_cat-age-of-sigmar","8":"first","9":"instock","10":"sale","11":"taxable","12":"shipping-taxable","13":"purchasable","14":"product-type-simple"},"yoast_head":"<!-- This site is optimized with the Yoast SEO plugin v25.8 - https:\/\/yoast.com\/wordpress\/plugins\/seo\/ -->\n<title>Guerriers du Chaos &#8211; G3D<\/title>\n<meta name=\"robots\" content=\"index, follow, max-snippet:-1, max-image-preview:large, max-video-preview:-1\" \/>\n<link rel=\"canonical\" href=\"https:\/\/g3d-wargame.com\/en\/product\/guerriers-du-chaos\/\" \/>\n<meta property=\"og:locale\" content=\"en_GB\" \/>\n<meta property=\"og:type\" content=\"article\" \/>\n<meta property=\"og:title\" content=\"Guerriers du Chaos &#8211; G3D\" \/>\n<meta property=\"og:description\" content=\"Les Guerriers du Chaos sont le fl\u00e9au des Royaumes Mortels, engonc\u00e9s dans l&rsquo;acier infernal et bouffis de sombres b\u00e9n\u00e9dictions. Des l\u00e9gions enti\u00e8res de ces tueurs en armure marchent au combat pour m\u00e9riter la faveur de leurs dieux, li\u00e9s par le sang au service d&rsquo;un puissant seigneur de guerre. Chaque Guerrier du Chaos vaut plusieurs mortels inf\u00e9rieurs, et tous aspirent \u00e0&hellip;\" \/>\n<meta property=\"og:url\" content=\"https:\/\/g3d-wargame.com\/en\/product\/guerriers-du-chaos\/\" \/>\n<meta property=\"og:site_name\" content=\"G3D\" \/>\n<meta property=\"article:modified_time\" content=\"2025-05-14T07:29:52+00:00\" \/>\n<meta property=\"og:image\" content=\"https:\/\/g3d-wargame.com\/wp-content\/uploads\/2025\/01\/99120201131_S2DChaosWarriorsStock.jpg\" \/>\n\t<meta property=\"og:image:width\" content=\"918\" \/>\n\t<meta property=\"og:image:height\" content=\"948\" \/>\n\t<meta property=\"og:image:type\" content=\"image\/jpeg\" \/>\n<meta name=\"twitter:card\" content=\"summary_large_image\" \/>\n<meta name=\"twitter:label1\" content=\"Estimated reading time\" \/>\n\t<meta name=\"twitter:data1\" content=\"2 minutes\" \/>\n<script type=\"application\/ld+json\" class=\"yoast-schema-graph\">{\"@context\":\"https:\/\/schema.org\",\"@graph\":[{\"@type\":\"WebPage\",\"@id\":\"https:\/\/g3d-wargame.com\/produit\/guerriers-du-chaos\/\",\"url\":\"https:\/\/g3d-wargame.com\/produit\/guerriers-du-chaos\/\",\"name\":\"Guerriers du Chaos &#8211; G3D\",\"isPartOf\":{\"@id\":\"https:\/\/g3d-wargame.com\/#website\"},\"primaryImageOfPage\":{\"@id\":\"https:\/\/g3d-wargame.com\/produit\/guerriers-du-chaos\/#primaryimage\"},\"image\":{\"@id\":\"https:\/\/g3d-wargame.com\/produit\/guerriers-du-chaos\/#primaryimage\"},\"thumbnailUrl\":\"https:\/\/g3d-wargame.com\/wp-content\/uploads\/2025\/01\/99120201131_S2DChaosWarriorsStock.jpg\",\"datePublished\":\"2025-01-02T16:41:53+00:00\",\"dateModified\":\"2025-05-14T07:29:52+00:00\",\"breadcrumb\":{\"@id\":\"https:\/\/g3d-wargame.com\/produit\/guerriers-du-chaos\/#breadcrumb\"},\"inLanguage\":\"en-GB\",\"potentialAction\":[{\"@type\":\"ReadAction\",\"target\":[\"https:\/\/g3d-wargame.com\/produit\/guerriers-du-chaos\/\"]}]},{\"@type\":\"ImageObject\",\"inLanguage\":\"en-GB\",\"@id\":\"https:\/\/g3d-wargame.com\/produit\/guerriers-du-chaos\/#primaryimage\",\"url\":\"https:\/\/g3d-wargame.com\/wp-content\/uploads\/2025\/01\/99120201131_S2DChaosWarriorsStock.jpg\",\"contentUrl\":\"https:\/\/g3d-wargame.com\/wp-content\/uploads\/2025\/01\/99120201131_S2DChaosWarriorsStock.jpg\",\"width\":918,\"height\":948},{\"@type\":\"BreadcrumbList\",\"@id\":\"https:\/\/g3d-wargame.com\/produit\/guerriers-du-chaos\/#breadcrumb\",\"itemListElement\":[{\"@type\":\"ListItem\",\"position\":1,\"name\":\"Accueil\",\"item\":\"https:\/\/g3d-wargame.com\/\"},{\"@type\":\"ListItem\",\"position\":2,\"name\":\"Produits\",\"item\":\"https:\/\/g3d-wargame.com\/shop__trashed\/\"},{\"@type\":\"ListItem\",\"position\":3,\"name\":\"Guerriers du Chaos\"}]},{\"@type\":\"WebSite\",\"@id\":\"https:\/\/g3d-wargame.com\/#website\",\"url\":\"https:\/\/g3d-wargame.com\/\",\"name\":\"G3D\",\"description\":\" impression 3D\",\"publisher\":{\"@id\":\"https:\/\/g3d-wargame.com\/#organization\"},\"alternateName\":\"G3D Wargame\",\"potentialAction\":[{\"@type\":\"SearchAction\",\"target\":{\"@type\":\"EntryPoint\",\"urlTemplate\":\"https:\/\/g3d-wargame.com\/?s={search_term_string}\"},\"query-input\":{\"@type\":\"PropertyValueSpecification\",\"valueRequired\":true,\"valueName\":\"search_term_string\"}}],\"inLanguage\":\"en-GB\"},{\"@type\":\"Organization\",\"@id\":\"https:\/\/g3d-wargame.com\/#organization\",\"name\":\"G3D\",\"alternateName\":\"G3D WARGAME\",\"url\":\"https:\/\/g3d-wargame.com\/\",\"logo\":{\"@type\":\"ImageObject\",\"inLanguage\":\"en-GB\",\"@id\":\"https:\/\/g3d-wargame.com\/#\/schema\/logo\/image\/\",\"url\":\"https:\/\/g3d-wargame.com\/wp-content\/uploads\/2023\/12\/G3DLOGO-v1-700-x-700-px.png\",\"contentUrl\":\"https:\/\/g3d-wargame.com\/wp-content\/uploads\/2023\/12\/G3DLOGO-v1-700-x-700-px.png\",\"width\":788,\"height\":788,\"caption\":\"G3D\"},\"image\":{\"@id\":\"https:\/\/g3d-wargame.com\/#\/schema\/logo\/image\/\"}}]}<\/script>\n<!-- \/ Yoast SEO plugin. -->","yoast_head_json":{"title":"Guerriers du Chaos &#8211; G3D","robots":{"index":"index","follow":"follow","max-snippet":"max-snippet:-1","max-image-preview":"max-image-preview:large","max-video-preview":"max-video-preview:-1"},"canonical":"https:\/\/g3d-wargame.com\/en\/product\/guerriers-du-chaos\/","og_locale":"en_GB","og_type":"article","og_title":"Guerriers du Chaos &#8211; G3D","og_description":"Les Guerriers du Chaos sont le fl\u00e9au des Royaumes Mortels, engonc\u00e9s dans l&rsquo;acier infernal et bouffis de sombres b\u00e9n\u00e9dictions. Des l\u00e9gions enti\u00e8res de ces tueurs en armure marchent au combat pour m\u00e9riter la faveur de leurs dieux, li\u00e9s par le sang au service d&rsquo;un puissant seigneur de guerre. Chaque Guerrier du Chaos vaut plusieurs mortels inf\u00e9rieurs, et tous aspirent \u00e0&hellip;","og_url":"https:\/\/g3d-wargame.com\/en\/product\/guerriers-du-chaos\/","og_site_name":"G3D","article_modified_time":"2025-05-14T07:29:52+00:00","og_image":[{"width":918,"height":948,"url":"https:\/\/g3d-wargame.com\/wp-content\/uploads\/2025\/01\/99120201131_S2DChaosWarriorsStock.jpg","type":"image\/jpeg"}],"twitter_card":"summary_large_image","twitter_misc":{"Estimated reading time":"2 minutes"},"schema":{"@context":"https:\/\/schema.org","@graph":[{"@type":"WebPage","@id":"https:\/\/g3d-wargame.com\/produit\/guerriers-du-chaos\/","url":"https:\/\/g3d-wargame.com\/produit\/guerriers-du-chaos\/","name":"Guerriers du Chaos &#8211; G3D","isPartOf":{"@id":"https:\/\/g3d-wargame.com\/#website"},"primaryImageOfPage":{"@id":"https:\/\/g3d-wargame.com\/produit\/guerriers-du-chaos\/#primaryimage"},"image":{"@id":"https:\/\/g3d-wargame.com\/produit\/guerriers-du-chaos\/#primaryimage"},"thumbnailUrl":"https:\/\/g3d-wargame.com\/wp-content\/uploads\/2025\/01\/99120201131_S2DChaosWarriorsStock.jpg","datePublished":"2025-01-02T16:41:53+00:00","dateModified":"2025-05-14T07:29:52+00:00","breadcrumb":{"@id":"https:\/\/g3d-wargame.com\/produit\/guerriers-du-chaos\/#breadcrumb"},"inLanguage":"en-GB","potentialAction":[{"@type":"ReadAction","target":["https:\/\/g3d-wargame.com\/produit\/guerriers-du-chaos\/"]}]},{"@type":"ImageObject","inLanguage":"en-GB","@id":"https:\/\/g3d-wargame.com\/produit\/guerriers-du-chaos\/#primaryimage","url":"https:\/\/g3d-wargame.com\/wp-content\/uploads\/2025\/01\/99120201131_S2DChaosWarriorsStock.jpg","contentUrl":"https:\/\/g3d-wargame.com\/wp-content\/uploads\/2025\/01\/99120201131_S2DChaosWarriorsStock.jpg","width":918,"height":948},{"@type":"BreadcrumbList","@id":"https:\/\/g3d-wargame.com\/produit\/guerriers-du-chaos\/#breadcrumb","itemListElement":[{"@type":"ListItem","position":1,"name":"Accueil","item":"https:\/\/g3d-wargame.com\/"},{"@type":"ListItem","position":2,"name":"Produits","item":"https:\/\/g3d-wargame.com\/shop__trashed\/"},{"@type":"ListItem","position":3,"name":"Guerriers du Chaos"}]},{"@type":"WebSite","@id":"https:\/\/g3d-wargame.com\/#website","url":"https:\/\/g3d-wargame.com\/","name":"G3D","description":"3D printing","publisher":{"@id":"https:\/\/g3d-wargame.com\/#organization"},"alternateName":"G3D Wargame","potentialAction":[{"@type":"SearchAction","target":{"@type":"EntryPoint","urlTemplate":"https:\/\/g3d-wargame.com\/?s={search_term_string}"},"query-input":{"@type":"PropertyValueSpecification","valueRequired":true,"valueName":"search_term_string"}}],"inLanguage":"en-GB"},{"@type":"Organization","@id":"https:\/\/g3d-wargame.com\/#organization","name":"G3D","alternateName":"G3D WARGAME","url":"https:\/\/g3d-wargame.com\/","logo":{"@type":"ImageObject","inLanguage":"en-GB","@id":"https:\/\/g3d-wargame.com\/#\/schema\/logo\/image\/","url":"https:\/\/g3d-wargame.com\/wp-content\/uploads\/2023\/12\/G3DLOGO-v1-700-x-700-px.png","contentUrl":"https:\/\/g3d-wargame.com\/wp-content\/uploads\/2023\/12\/G3DLOGO-v1-700-x-700-px.png","width":788,"height":788,"caption":"G3D"},"image":{"@id":"https:\/\/g3d-wargame.com\/#\/schema\/logo\/image\/"}}]}},"_links":{"self":[{"href":"https:\/\/g3d-wargame.com\/en\/wp-json\/wp\/v2\/product\/5740","targetHints":{"allow":["GET"]}}],"collection":[{"href":"https:\/\/g3d-wargame.com\/en\/wp-json\/wp\/v2\/product"}],"about":[{"href":"https:\/\/g3d-wargame.com\/en\/wp-json\/wp\/v2\/types\/product"}],"wp:featuredmedia":[{"embeddable":true,"href":"https:\/\/g3d-wargame.com\/en\/wp-json\/wp\/v2\/media\/5744"}],"wp:attachment":[{"href":"https:\/\/g3d-wargame.com\/en\/wp-json\/wp\/v2\/media?parent=5740"}],"wp:term":[{"taxonomy":"product_brand","embeddable":true,"href":"https:\/\/g3d-wargame.com\/en\/wp-json\/wp\/v2\/product_brand?post=5740"},{"taxonomy":"product_cat","embeddable":true,"href":"https:\/\/g3d-wargame.com\/en\/wp-json\/wp\/v2\/product_cat?post=5740"},{"taxonomy":"product_tag","embeddable":true,"href":"https:\/\/g3d-wargame.com\/en\/wp-json\/wp\/v2\/product_tag?post=5740"}],"curies":[{"name":"wp","href":"https:\/\/api.w.org\/{rel}","templated":true}]}}