{"id":5734,"date":"2025-01-02T17:39:04","date_gmt":"2025-01-02T16:39:04","guid":{"rendered":"https:\/\/g3d-wargame.com\/?post_type=product&#038;p=5734"},"modified":"2025-05-14T14:04:08","modified_gmt":"2025-05-14T12:04:08","slug":"lanciers-aggradons","status":"publish","type":"product","link":"https:\/\/g3d-wargame.com\/en\/product\/lanciers-aggradons\/","title":{"rendered":"Lanciers Aggradons"},"content":{"rendered":"<p>Les Lanciers Aggradons comptent parmi la cavalerie la plus agressive des Royaumes Mortels, car leurs terribles montures \u00e9cailleuses deviennent de plus en plus rapides et voraces \u00e0 mesure qu&rsquo;elles c\u00e8dent \u00e0 la fr\u00e9n\u00e9sie de la bataille. Une charge de Lanciers Aggradons peut briser des lignes de bataille enti\u00e8res dans un d\u00e9cha\u00eenement de violence pr\u00e9datrice tandis que cavaliers et montures attaquent avec une force sauvage et une f\u00e9rocit\u00e9 insoutenable.<\/p>\n<p>Ce kit plastique permet d&rsquo;assembler trois Lanciers Aggradons, de formidables cavaliers assoiff\u00e9s de sang pour les S\u00e9raphons. Les chevaucheurs saurus peuvent \u00eatre \u00e9quip\u00e9s d&rsquo;une massue de c\u00e9lestite barbel\u00e9e ou d&rsquo;une lance de c\u00e9lestite ac\u00e9r\u00e9e, et ils proposent chacun deux colliers protecteurs pour vous donner le choix dans la position. Une figurine peut \u00eatre assembl\u00e9e comme champion Alpha, avec un choix de t\u00eates et d&rsquo;armes uniques, des positions de bras diff\u00e9rentes et un bouclier unique. Une autre peut \u00eatre assembl\u00e9e comme musicien Tambour de Guerre, et une autre comme Porte-ic\u00f4ne.<\/p>\n<p>Le kit propose une profusion d&rsquo;options de personnalisation: six t\u00eates et trois boucliers utilisables sur tous les cavaliers, ainsi que des queues, des plaques d&rsquo;armures et des d\u00e9corations de plumes interchangeables pour les aggradons. Cela vous permet de cr\u00e9er des cavaliers et des montures uniques.<\/p>\n<p>Ce kit est compos\u00e9 de 95 \u00e9l\u00e9ments en plastique et est accompagn\u00e9 de trois socles ovales Citadel de 75x42mm. Ces figurines sont fournies non peintes et n\u00e9cessitent assemblage \u2013 nous recommandons d&#8217;employer la Colle Plastique Citadel et la peinture Citadel.<\/p>","protected":false},"excerpt":{"rendered":"<p>Les Lanciers Aggradons comptent parmi la cavalerie la plus agressive des Royaumes Mortels, car leurs terribles montures \u00e9cailleuses deviennent de plus en plus rapides et voraces \u00e0 mesure qu&rsquo;elles c\u00e8dent \u00e0 la fr\u00e9n\u00e9sie de la bataille. Une charge de Lanciers Aggradons peut briser des lignes de bataille enti\u00e8res dans un d\u00e9cha\u00eenement de violence pr\u00e9datrice tandis que cavaliers et montures attaquent&hellip;<\/p>","protected":false},"featured_media":5739,"template":"","meta":[],"product_brand":[],"product_cat":[62],"product_tag":[],"class_list":{"0":"post-5734","1":"product","2":"type-product","3":"status-publish","4":"has-post-thumbnail","6":"product_cat-age-of-sigmar","8":"first","9":"onbackorder","10":"sale","11":"taxable","12":"shipping-taxable","13":"purchasable","14":"product-type-simple"},"yoast_head":"<!-- This site is optimized with the Yoast SEO plugin v25.8 - https:\/\/yoast.com\/wordpress\/plugins\/seo\/ -->\n<title>Lanciers Aggradons &#8211; G3D<\/title>\n<meta name=\"robots\" content=\"index, follow, max-snippet:-1, max-image-preview:large, max-video-preview:-1\" \/>\n<link rel=\"canonical\" href=\"https:\/\/g3d-wargame.com\/en\/product\/lanciers-aggradons\/\" \/>\n<meta property=\"og:locale\" content=\"en_GB\" \/>\n<meta property=\"og:type\" content=\"article\" \/>\n<meta property=\"og:title\" content=\"Lanciers Aggradons &#8211; G3D\" \/>\n<meta property=\"og:description\" content=\"Les Lanciers Aggradons comptent parmi la cavalerie la plus agressive des Royaumes Mortels, car leurs terribles montures \u00e9cailleuses deviennent de plus en plus rapides et voraces \u00e0 mesure qu&rsquo;elles c\u00e8dent \u00e0 la fr\u00e9n\u00e9sie de la bataille. Une charge de Lanciers Aggradons peut briser des lignes de bataille enti\u00e8res dans un d\u00e9cha\u00eenement de violence pr\u00e9datrice tandis que cavaliers et montures attaquent&hellip;\" \/>\n<meta property=\"og:url\" content=\"https:\/\/g3d-wargame.com\/en\/product\/lanciers-aggradons\/\" \/>\n<meta property=\"og:site_name\" content=\"G3D\" \/>\n<meta property=\"article:modified_time\" content=\"2025-05-14T12:04:08+00:00\" \/>\n<meta property=\"og:image\" content=\"https:\/\/g3d-wargame.com\/wp-content\/uploads\/2025\/01\/99120208034_AggradonLancersStock.jpg\" \/>\n\t<meta property=\"og:image:width\" content=\"918\" \/>\n\t<meta property=\"og:image:height\" content=\"948\" \/>\n\t<meta property=\"og:image:type\" content=\"image\/jpeg\" \/>\n<meta name=\"twitter:card\" content=\"summary_large_image\" \/>\n<meta name=\"twitter:label1\" content=\"Estimated reading time\" \/>\n\t<meta name=\"twitter:data1\" content=\"2 minutes\" \/>\n<script type=\"application\/ld+json\" class=\"yoast-schema-graph\">{\"@context\":\"https:\/\/schema.org\",\"@graph\":[{\"@type\":\"WebPage\",\"@id\":\"https:\/\/g3d-wargame.com\/produit\/lanciers-aggradons\/\",\"url\":\"https:\/\/g3d-wargame.com\/produit\/lanciers-aggradons\/\",\"name\":\"Lanciers Aggradons &#8211; G3D\",\"isPartOf\":{\"@id\":\"https:\/\/g3d-wargame.com\/#website\"},\"primaryImageOfPage\":{\"@id\":\"https:\/\/g3d-wargame.com\/produit\/lanciers-aggradons\/#primaryimage\"},\"image\":{\"@id\":\"https:\/\/g3d-wargame.com\/produit\/lanciers-aggradons\/#primaryimage\"},\"thumbnailUrl\":\"https:\/\/g3d-wargame.com\/wp-content\/uploads\/2025\/01\/99120208034_AggradonLancersStock.jpg\",\"datePublished\":\"2025-01-02T16:39:04+00:00\",\"dateModified\":\"2025-05-14T12:04:08+00:00\",\"breadcrumb\":{\"@id\":\"https:\/\/g3d-wargame.com\/produit\/lanciers-aggradons\/#breadcrumb\"},\"inLanguage\":\"en-GB\",\"potentialAction\":[{\"@type\":\"ReadAction\",\"target\":[\"https:\/\/g3d-wargame.com\/produit\/lanciers-aggradons\/\"]}]},{\"@type\":\"ImageObject\",\"inLanguage\":\"en-GB\",\"@id\":\"https:\/\/g3d-wargame.com\/produit\/lanciers-aggradons\/#primaryimage\",\"url\":\"https:\/\/g3d-wargame.com\/wp-content\/uploads\/2025\/01\/99120208034_AggradonLancersStock.jpg\",\"contentUrl\":\"https:\/\/g3d-wargame.com\/wp-content\/uploads\/2025\/01\/99120208034_AggradonLancersStock.jpg\",\"width\":918,\"height\":948},{\"@type\":\"BreadcrumbList\",\"@id\":\"https:\/\/g3d-wargame.com\/produit\/lanciers-aggradons\/#breadcrumb\",\"itemListElement\":[{\"@type\":\"ListItem\",\"position\":1,\"name\":\"Accueil\",\"item\":\"https:\/\/g3d-wargame.com\/\"},{\"@type\":\"ListItem\",\"position\":2,\"name\":\"Produits\",\"item\":\"https:\/\/g3d-wargame.com\/shop__trashed\/\"},{\"@type\":\"ListItem\",\"position\":3,\"name\":\"Lanciers Aggradons\"}]},{\"@type\":\"WebSite\",\"@id\":\"https:\/\/g3d-wargame.com\/#website\",\"url\":\"https:\/\/g3d-wargame.com\/\",\"name\":\"G3D\",\"description\":\" impression 3D\",\"publisher\":{\"@id\":\"https:\/\/g3d-wargame.com\/#organization\"},\"alternateName\":\"G3D Wargame\",\"potentialAction\":[{\"@type\":\"SearchAction\",\"target\":{\"@type\":\"EntryPoint\",\"urlTemplate\":\"https:\/\/g3d-wargame.com\/?s={search_term_string}\"},\"query-input\":{\"@type\":\"PropertyValueSpecification\",\"valueRequired\":true,\"valueName\":\"search_term_string\"}}],\"inLanguage\":\"en-GB\"},{\"@type\":\"Organization\",\"@id\":\"https:\/\/g3d-wargame.com\/#organization\",\"name\":\"G3D\",\"alternateName\":\"G3D WARGAME\",\"url\":\"https:\/\/g3d-wargame.com\/\",\"logo\":{\"@type\":\"ImageObject\",\"inLanguage\":\"en-GB\",\"@id\":\"https:\/\/g3d-wargame.com\/#\/schema\/logo\/image\/\",\"url\":\"https:\/\/g3d-wargame.com\/wp-content\/uploads\/2023\/12\/G3DLOGO-v1-700-x-700-px.png\",\"contentUrl\":\"https:\/\/g3d-wargame.com\/wp-content\/uploads\/2023\/12\/G3DLOGO-v1-700-x-700-px.png\",\"width\":788,\"height\":788,\"caption\":\"G3D\"},\"image\":{\"@id\":\"https:\/\/g3d-wargame.com\/#\/schema\/logo\/image\/\"}}]}<\/script>\n<!-- \/ Yoast SEO plugin. -->","yoast_head_json":{"title":"Lanciers Aggradons &#8211; G3D","robots":{"index":"index","follow":"follow","max-snippet":"max-snippet:-1","max-image-preview":"max-image-preview:large","max-video-preview":"max-video-preview:-1"},"canonical":"https:\/\/g3d-wargame.com\/en\/product\/lanciers-aggradons\/","og_locale":"en_GB","og_type":"article","og_title":"Lanciers Aggradons &#8211; G3D","og_description":"Les Lanciers Aggradons comptent parmi la cavalerie la plus agressive des Royaumes Mortels, car leurs terribles montures \u00e9cailleuses deviennent de plus en plus rapides et voraces \u00e0 mesure qu&rsquo;elles c\u00e8dent \u00e0 la fr\u00e9n\u00e9sie de la bataille. Une charge de Lanciers Aggradons peut briser des lignes de bataille enti\u00e8res dans un d\u00e9cha\u00eenement de violence pr\u00e9datrice tandis que cavaliers et montures attaquent&hellip;","og_url":"https:\/\/g3d-wargame.com\/en\/product\/lanciers-aggradons\/","og_site_name":"G3D","article_modified_time":"2025-05-14T12:04:08+00:00","og_image":[{"width":918,"height":948,"url":"https:\/\/g3d-wargame.com\/wp-content\/uploads\/2025\/01\/99120208034_AggradonLancersStock.jpg","type":"image\/jpeg"}],"twitter_card":"summary_large_image","twitter_misc":{"Estimated reading time":"2 minutes"},"schema":{"@context":"https:\/\/schema.org","@graph":[{"@type":"WebPage","@id":"https:\/\/g3d-wargame.com\/produit\/lanciers-aggradons\/","url":"https:\/\/g3d-wargame.com\/produit\/lanciers-aggradons\/","name":"Lanciers Aggradons &#8211; G3D","isPartOf":{"@id":"https:\/\/g3d-wargame.com\/#website"},"primaryImageOfPage":{"@id":"https:\/\/g3d-wargame.com\/produit\/lanciers-aggradons\/#primaryimage"},"image":{"@id":"https:\/\/g3d-wargame.com\/produit\/lanciers-aggradons\/#primaryimage"},"thumbnailUrl":"https:\/\/g3d-wargame.com\/wp-content\/uploads\/2025\/01\/99120208034_AggradonLancersStock.jpg","datePublished":"2025-01-02T16:39:04+00:00","dateModified":"2025-05-14T12:04:08+00:00","breadcrumb":{"@id":"https:\/\/g3d-wargame.com\/produit\/lanciers-aggradons\/#breadcrumb"},"inLanguage":"en-GB","potentialAction":[{"@type":"ReadAction","target":["https:\/\/g3d-wargame.com\/produit\/lanciers-aggradons\/"]}]},{"@type":"ImageObject","inLanguage":"en-GB","@id":"https:\/\/g3d-wargame.com\/produit\/lanciers-aggradons\/#primaryimage","url":"https:\/\/g3d-wargame.com\/wp-content\/uploads\/2025\/01\/99120208034_AggradonLancersStock.jpg","contentUrl":"https:\/\/g3d-wargame.com\/wp-content\/uploads\/2025\/01\/99120208034_AggradonLancersStock.jpg","width":918,"height":948},{"@type":"BreadcrumbList","@id":"https:\/\/g3d-wargame.com\/produit\/lanciers-aggradons\/#breadcrumb","itemListElement":[{"@type":"ListItem","position":1,"name":"Accueil","item":"https:\/\/g3d-wargame.com\/"},{"@type":"ListItem","position":2,"name":"Produits","item":"https:\/\/g3d-wargame.com\/shop__trashed\/"},{"@type":"ListItem","position":3,"name":"Lanciers Aggradons"}]},{"@type":"WebSite","@id":"https:\/\/g3d-wargame.com\/#website","url":"https:\/\/g3d-wargame.com\/","name":"G3D","description":"3D printing","publisher":{"@id":"https:\/\/g3d-wargame.com\/#organization"},"alternateName":"G3D Wargame","potentialAction":[{"@type":"SearchAction","target":{"@type":"EntryPoint","urlTemplate":"https:\/\/g3d-wargame.com\/?s={search_term_string}"},"query-input":{"@type":"PropertyValueSpecification","valueRequired":true,"valueName":"search_term_string"}}],"inLanguage":"en-GB"},{"@type":"Organization","@id":"https:\/\/g3d-wargame.com\/#organization","name":"G3D","alternateName":"G3D WARGAME","url":"https:\/\/g3d-wargame.com\/","logo":{"@type":"ImageObject","inLanguage":"en-GB","@id":"https:\/\/g3d-wargame.com\/#\/schema\/logo\/image\/","url":"https:\/\/g3d-wargame.com\/wp-content\/uploads\/2023\/12\/G3DLOGO-v1-700-x-700-px.png","contentUrl":"https:\/\/g3d-wargame.com\/wp-content\/uploads\/2023\/12\/G3DLOGO-v1-700-x-700-px.png","width":788,"height":788,"caption":"G3D"},"image":{"@id":"https:\/\/g3d-wargame.com\/#\/schema\/logo\/image\/"}}]}},"_links":{"self":[{"href":"https:\/\/g3d-wargame.com\/en\/wp-json\/wp\/v2\/product\/5734","targetHints":{"allow":["GET"]}}],"collection":[{"href":"https:\/\/g3d-wargame.com\/en\/wp-json\/wp\/v2\/product"}],"about":[{"href":"https:\/\/g3d-wargame.com\/en\/wp-json\/wp\/v2\/types\/product"}],"wp:featuredmedia":[{"embeddable":true,"href":"https:\/\/g3d-wargame.com\/en\/wp-json\/wp\/v2\/media\/5739"}],"wp:attachment":[{"href":"https:\/\/g3d-wargame.com\/en\/wp-json\/wp\/v2\/media?parent=5734"}],"wp:term":[{"taxonomy":"product_brand","embeddable":true,"href":"https:\/\/g3d-wargame.com\/en\/wp-json\/wp\/v2\/product_brand?post=5734"},{"taxonomy":"product_cat","embeddable":true,"href":"https:\/\/g3d-wargame.com\/en\/wp-json\/wp\/v2\/product_cat?post=5734"},{"taxonomy":"product_tag","embeddable":true,"href":"https:\/\/g3d-wargame.com\/en\/wp-json\/wp\/v2\/product_tag?post=5734"}],"curies":[{"name":"wp","href":"https:\/\/api.w.org\/{rel}","templated":true}]}}