{"id":5725,"date":"2025-01-02T17:35:40","date_gmt":"2025-01-02T16:35:40","guid":{"rendered":"https:\/\/g3d-wargame.com\/?post_type=product&#038;p=5725"},"modified":"2025-09-26T16:56:19","modified_gmt":"2025-09-26T14:56:19","slug":"durboys-orruks","status":"publish","type":"product","link":"https:\/\/g3d-wargame.com\/en\/product\/durboys-orruks\/","title":{"rendered":"Durboys Orruks"},"content":{"rendered":"<p>Les Durboys Orruks se ruent dans la m\u00eal\u00e9e en poussant des cris d\u00e9ments et dans le boucan de leurs armures de plates en fonte. Ces hordes de combattants f\u00e9roces et coutur\u00e9s de cicatrices se fraient un chemin \u00e0 travers les rangs ennemis \u00e0 l&rsquo;aide de toutes sortes d&rsquo;armes grossi\u00e8res mais affreusement tranchantes, repoussant les repr\u00e9sailles et les ennemis malchanceux \u00e0 coups de boucliers lourds.<\/p>\n<p>Ce kit plastique permet d&rsquo;assembler 10 Durboys Orruks, les combattants de premi\u00e8re ligne des clans M\u00e2chefers. Chaque Durboy porte un lourd bouclier semblable \u00e0 une dalle, et peut \u00eatre arm\u00e9 soit d&rsquo;un kikoup&rsquo; soit d&rsquo;un kitrou&rsquo; \u00e0 longue hampe. Vous pouvez assembler une figurine en Boss Durboy avec un kikoup&rsquo; unique et un choix de t\u00eates, et une autre figurine comme Porteur de Glyphe de Gorkamorka qui arbore, mont\u00e9 sur son dos, un glyphe parmi deux au choix.<\/p>\n<p>Vous trouverez une grande vari\u00e9t\u00e9 de t\u00eates, de boucliers, de mains et d&rsquo;armes diff\u00e9rents et qui sont tous interchangeables: aussi grosse que soit votre Waaagh!, vous pourrez faire en sorte que vos M\u00e2chefers forment une foule vraiment \u00e9klektik.<\/p>\n<p>Ce kit est compos\u00e9 de 98 \u00e9l\u00e9ments en plastique et est fourni avec 10x socles ronds Citadel de 32mm. Ces figurines sont fournies non peintes et n\u00e9cessitent assemblage \u2013 nous recommandons d&#8217;employer la Colle Plastique Citadel et la peinture Citadel.<\/p>","protected":false},"excerpt":{"rendered":"<p>Les Durboys Orruks se ruent dans la m\u00eal\u00e9e en poussant des cris d\u00e9ments et dans le boucan de leurs armures de plates en fonte. Ces hordes de combattants f\u00e9roces et coutur\u00e9s de cicatrices se fraient un chemin \u00e0 travers les rangs ennemis \u00e0 l&rsquo;aide de toutes sortes d&rsquo;armes grossi\u00e8res mais affreusement tranchantes, repoussant les repr\u00e9sailles et les ennemis malchanceux \u00e0&hellip;<\/p>","protected":false},"featured_media":5732,"template":"","meta":[],"product_brand":[],"product_cat":[62],"product_tag":[],"class_list":{"0":"post-5725","1":"product","2":"type-product","3":"status-publish","4":"has-post-thumbnail","6":"product_cat-age-of-sigmar","8":"first","9":"onbackorder","10":"sale","11":"taxable","12":"shipping-taxable","13":"purchasable","14":"product-type-simple"},"yoast_head":"<!-- This site is optimized with the Yoast SEO plugin v25.8 - https:\/\/yoast.com\/wordpress\/plugins\/seo\/ -->\n<title>Durboys Orruks &#8211; G3D<\/title>\n<meta name=\"robots\" content=\"index, follow, max-snippet:-1, max-image-preview:large, max-video-preview:-1\" \/>\n<link rel=\"canonical\" href=\"https:\/\/g3d-wargame.com\/en\/product\/durboys-orruks\/\" \/>\n<meta property=\"og:locale\" content=\"en_GB\" \/>\n<meta property=\"og:type\" content=\"article\" \/>\n<meta property=\"og:title\" content=\"Durboys Orruks &#8211; G3D\" \/>\n<meta property=\"og:description\" content=\"Les Durboys Orruks se ruent dans la m\u00eal\u00e9e en poussant des cris d\u00e9ments et dans le boucan de leurs armures de plates en fonte. Ces hordes de combattants f\u00e9roces et coutur\u00e9s de cicatrices se fraient un chemin \u00e0 travers les rangs ennemis \u00e0 l&rsquo;aide de toutes sortes d&rsquo;armes grossi\u00e8res mais affreusement tranchantes, repoussant les repr\u00e9sailles et les ennemis malchanceux \u00e0&hellip;\" \/>\n<meta property=\"og:url\" content=\"https:\/\/g3d-wargame.com\/en\/product\/durboys-orruks\/\" \/>\n<meta property=\"og:site_name\" content=\"G3D\" \/>\n<meta property=\"article:modified_time\" content=\"2025-09-26T14:56:19+00:00\" \/>\n<meta property=\"og:image\" content=\"https:\/\/g3d-wargame.com\/wp-content\/uploads\/2025\/01\/99120209110_ORRArdboyz07.jpg\" \/>\n\t<meta property=\"og:image:width\" content=\"918\" \/>\n\t<meta property=\"og:image:height\" content=\"948\" \/>\n\t<meta property=\"og:image:type\" content=\"image\/jpeg\" \/>\n<meta name=\"twitter:card\" content=\"summary_large_image\" \/>\n<meta name=\"twitter:label1\" content=\"Estimated reading time\" \/>\n\t<meta name=\"twitter:data1\" content=\"2 minutes\" \/>\n<script type=\"application\/ld+json\" class=\"yoast-schema-graph\">{\"@context\":\"https:\/\/schema.org\",\"@graph\":[{\"@type\":\"WebPage\",\"@id\":\"https:\/\/g3d-wargame.com\/produit\/durboys-orruks\/\",\"url\":\"https:\/\/g3d-wargame.com\/produit\/durboys-orruks\/\",\"name\":\"Durboys Orruks &#8211; G3D\",\"isPartOf\":{\"@id\":\"https:\/\/g3d-wargame.com\/#website\"},\"primaryImageOfPage\":{\"@id\":\"https:\/\/g3d-wargame.com\/produit\/durboys-orruks\/#primaryimage\"},\"image\":{\"@id\":\"https:\/\/g3d-wargame.com\/produit\/durboys-orruks\/#primaryimage\"},\"thumbnailUrl\":\"https:\/\/g3d-wargame.com\/wp-content\/uploads\/2025\/01\/99120209110_ORRArdboyz07.jpg\",\"datePublished\":\"2025-01-02T16:35:40+00:00\",\"dateModified\":\"2025-09-26T14:56:19+00:00\",\"breadcrumb\":{\"@id\":\"https:\/\/g3d-wargame.com\/produit\/durboys-orruks\/#breadcrumb\"},\"inLanguage\":\"en-GB\",\"potentialAction\":[{\"@type\":\"ReadAction\",\"target\":[\"https:\/\/g3d-wargame.com\/produit\/durboys-orruks\/\"]}]},{\"@type\":\"ImageObject\",\"inLanguage\":\"en-GB\",\"@id\":\"https:\/\/g3d-wargame.com\/produit\/durboys-orruks\/#primaryimage\",\"url\":\"https:\/\/g3d-wargame.com\/wp-content\/uploads\/2025\/01\/99120209110_ORRArdboyz07.jpg\",\"contentUrl\":\"https:\/\/g3d-wargame.com\/wp-content\/uploads\/2025\/01\/99120209110_ORRArdboyz07.jpg\",\"width\":918,\"height\":948},{\"@type\":\"BreadcrumbList\",\"@id\":\"https:\/\/g3d-wargame.com\/produit\/durboys-orruks\/#breadcrumb\",\"itemListElement\":[{\"@type\":\"ListItem\",\"position\":1,\"name\":\"Accueil\",\"item\":\"https:\/\/g3d-wargame.com\/\"},{\"@type\":\"ListItem\",\"position\":2,\"name\":\"Produits\",\"item\":\"https:\/\/g3d-wargame.com\/shop__trashed\/\"},{\"@type\":\"ListItem\",\"position\":3,\"name\":\"Durboys Orruks\"}]},{\"@type\":\"WebSite\",\"@id\":\"https:\/\/g3d-wargame.com\/#website\",\"url\":\"https:\/\/g3d-wargame.com\/\",\"name\":\"G3D\",\"description\":\" impression 3D\",\"publisher\":{\"@id\":\"https:\/\/g3d-wargame.com\/#organization\"},\"alternateName\":\"G3D Wargame\",\"potentialAction\":[{\"@type\":\"SearchAction\",\"target\":{\"@type\":\"EntryPoint\",\"urlTemplate\":\"https:\/\/g3d-wargame.com\/?s={search_term_string}\"},\"query-input\":{\"@type\":\"PropertyValueSpecification\",\"valueRequired\":true,\"valueName\":\"search_term_string\"}}],\"inLanguage\":\"en-GB\"},{\"@type\":\"Organization\",\"@id\":\"https:\/\/g3d-wargame.com\/#organization\",\"name\":\"G3D\",\"alternateName\":\"G3D WARGAME\",\"url\":\"https:\/\/g3d-wargame.com\/\",\"logo\":{\"@type\":\"ImageObject\",\"inLanguage\":\"en-GB\",\"@id\":\"https:\/\/g3d-wargame.com\/#\/schema\/logo\/image\/\",\"url\":\"https:\/\/g3d-wargame.com\/wp-content\/uploads\/2023\/12\/G3DLOGO-v1-700-x-700-px.png\",\"contentUrl\":\"https:\/\/g3d-wargame.com\/wp-content\/uploads\/2023\/12\/G3DLOGO-v1-700-x-700-px.png\",\"width\":788,\"height\":788,\"caption\":\"G3D\"},\"image\":{\"@id\":\"https:\/\/g3d-wargame.com\/#\/schema\/logo\/image\/\"}}]}<\/script>\n<!-- \/ Yoast SEO plugin. -->","yoast_head_json":{"title":"Durboys Orruks &#8211; G3D","robots":{"index":"index","follow":"follow","max-snippet":"max-snippet:-1","max-image-preview":"max-image-preview:large","max-video-preview":"max-video-preview:-1"},"canonical":"https:\/\/g3d-wargame.com\/en\/product\/durboys-orruks\/","og_locale":"en_GB","og_type":"article","og_title":"Durboys Orruks &#8211; G3D","og_description":"Les Durboys Orruks se ruent dans la m\u00eal\u00e9e en poussant des cris d\u00e9ments et dans le boucan de leurs armures de plates en fonte. Ces hordes de combattants f\u00e9roces et coutur\u00e9s de cicatrices se fraient un chemin \u00e0 travers les rangs ennemis \u00e0 l&rsquo;aide de toutes sortes d&rsquo;armes grossi\u00e8res mais affreusement tranchantes, repoussant les repr\u00e9sailles et les ennemis malchanceux \u00e0&hellip;","og_url":"https:\/\/g3d-wargame.com\/en\/product\/durboys-orruks\/","og_site_name":"G3D","article_modified_time":"2025-09-26T14:56:19+00:00","og_image":[{"width":918,"height":948,"url":"https:\/\/g3d-wargame.com\/wp-content\/uploads\/2025\/01\/99120209110_ORRArdboyz07.jpg","type":"image\/jpeg"}],"twitter_card":"summary_large_image","twitter_misc":{"Estimated reading time":"2 minutes"},"schema":{"@context":"https:\/\/schema.org","@graph":[{"@type":"WebPage","@id":"https:\/\/g3d-wargame.com\/produit\/durboys-orruks\/","url":"https:\/\/g3d-wargame.com\/produit\/durboys-orruks\/","name":"Durboys Orruks &#8211; G3D","isPartOf":{"@id":"https:\/\/g3d-wargame.com\/#website"},"primaryImageOfPage":{"@id":"https:\/\/g3d-wargame.com\/produit\/durboys-orruks\/#primaryimage"},"image":{"@id":"https:\/\/g3d-wargame.com\/produit\/durboys-orruks\/#primaryimage"},"thumbnailUrl":"https:\/\/g3d-wargame.com\/wp-content\/uploads\/2025\/01\/99120209110_ORRArdboyz07.jpg","datePublished":"2025-01-02T16:35:40+00:00","dateModified":"2025-09-26T14:56:19+00:00","breadcrumb":{"@id":"https:\/\/g3d-wargame.com\/produit\/durboys-orruks\/#breadcrumb"},"inLanguage":"en-GB","potentialAction":[{"@type":"ReadAction","target":["https:\/\/g3d-wargame.com\/produit\/durboys-orruks\/"]}]},{"@type":"ImageObject","inLanguage":"en-GB","@id":"https:\/\/g3d-wargame.com\/produit\/durboys-orruks\/#primaryimage","url":"https:\/\/g3d-wargame.com\/wp-content\/uploads\/2025\/01\/99120209110_ORRArdboyz07.jpg","contentUrl":"https:\/\/g3d-wargame.com\/wp-content\/uploads\/2025\/01\/99120209110_ORRArdboyz07.jpg","width":918,"height":948},{"@type":"BreadcrumbList","@id":"https:\/\/g3d-wargame.com\/produit\/durboys-orruks\/#breadcrumb","itemListElement":[{"@type":"ListItem","position":1,"name":"Accueil","item":"https:\/\/g3d-wargame.com\/"},{"@type":"ListItem","position":2,"name":"Produits","item":"https:\/\/g3d-wargame.com\/shop__trashed\/"},{"@type":"ListItem","position":3,"name":"Durboys Orruks"}]},{"@type":"WebSite","@id":"https:\/\/g3d-wargame.com\/#website","url":"https:\/\/g3d-wargame.com\/","name":"G3D","description":"3D printing","publisher":{"@id":"https:\/\/g3d-wargame.com\/#organization"},"alternateName":"G3D Wargame","potentialAction":[{"@type":"SearchAction","target":{"@type":"EntryPoint","urlTemplate":"https:\/\/g3d-wargame.com\/?s={search_term_string}"},"query-input":{"@type":"PropertyValueSpecification","valueRequired":true,"valueName":"search_term_string"}}],"inLanguage":"en-GB"},{"@type":"Organization","@id":"https:\/\/g3d-wargame.com\/#organization","name":"G3D","alternateName":"G3D WARGAME","url":"https:\/\/g3d-wargame.com\/","logo":{"@type":"ImageObject","inLanguage":"en-GB","@id":"https:\/\/g3d-wargame.com\/#\/schema\/logo\/image\/","url":"https:\/\/g3d-wargame.com\/wp-content\/uploads\/2023\/12\/G3DLOGO-v1-700-x-700-px.png","contentUrl":"https:\/\/g3d-wargame.com\/wp-content\/uploads\/2023\/12\/G3DLOGO-v1-700-x-700-px.png","width":788,"height":788,"caption":"G3D"},"image":{"@id":"https:\/\/g3d-wargame.com\/#\/schema\/logo\/image\/"}}]}},"_links":{"self":[{"href":"https:\/\/g3d-wargame.com\/en\/wp-json\/wp\/v2\/product\/5725","targetHints":{"allow":["GET"]}}],"collection":[{"href":"https:\/\/g3d-wargame.com\/en\/wp-json\/wp\/v2\/product"}],"about":[{"href":"https:\/\/g3d-wargame.com\/en\/wp-json\/wp\/v2\/types\/product"}],"wp:featuredmedia":[{"embeddable":true,"href":"https:\/\/g3d-wargame.com\/en\/wp-json\/wp\/v2\/media\/5732"}],"wp:attachment":[{"href":"https:\/\/g3d-wargame.com\/en\/wp-json\/wp\/v2\/media?parent=5725"}],"wp:term":[{"taxonomy":"product_brand","embeddable":true,"href":"https:\/\/g3d-wargame.com\/en\/wp-json\/wp\/v2\/product_brand?post=5725"},{"taxonomy":"product_cat","embeddable":true,"href":"https:\/\/g3d-wargame.com\/en\/wp-json\/wp\/v2\/product_cat?post=5725"},{"taxonomy":"product_tag","embeddable":true,"href":"https:\/\/g3d-wargame.com\/en\/wp-json\/wp\/v2\/product_tag?post=5725"}],"curies":[{"name":"wp","href":"https:\/\/api.w.org\/{rel}","templated":true}]}}