{"id":5719,"date":"2025-01-02T17:31:56","date_gmt":"2025-01-02T16:31:56","guid":{"rendered":"https:\/\/g3d-wargame.com\/?post_type=product&#038;p=5719"},"modified":"2025-11-06T09:00:39","modified_gmt":"2025-11-06T08:00:39","slug":"prince-demon","status":"publish","type":"product","link":"https:\/\/g3d-wargame.com\/en\/product\/prince-demon\/","title":{"rendered":"Prince D\u00e9mon"},"content":{"rendered":"<p>Les Princes D\u00e9mons \u00e9taient jadis des champions mortels du Chaos ayant acc\u00e9d\u00e9 \u00e0 la r\u00e9compense ultime d&rsquo;\u00eatre chang\u00e9s en d\u00e9mons \u00e9ternels par leur divinit\u00e9 tut\u00e9laire capricieuse. Chacun de ces monstres corrompus est une preuve vivante de la puissance infernale du Chaos, un seigneur immortel ayant re\u00e7u d&rsquo;innombrables dons mal\u00e9fiques en suivant le long et tra\u00eetre Sentier de la Gloire. Les Princes D\u00e9mons survolent ou traversent le champ de bataille comme un pr\u00e9sage de mort en d\u00e9cha\u00eenant les armes forg\u00e9es dans le Warp, la puissance monstrueuse et la sorcellerie impie dont ils disposent.<\/p>\n<p>Ce kit plastique permet d&rsquo;assembler un Prince D\u00e9mon, un champion du Chaos ayant atteint l&rsquo;apoth\u00e9ose et utilisable dans les parties de Warhammer Age of Sigmar ou de Warhammer 40,000. Cette puissante figurine peut \u00eatre assembl\u00e9e de plusieurs mani\u00e8res diff\u00e9rentes pour s&rsquo;adapter \u00e0 votre univers, votre Dieu du Chaos et votre style de pr\u00e9dilection. Le kit contient un choix de pattes griffues ou dot\u00e9es de sabots, dont l&rsquo;une est pos\u00e9e sur un rocher fendu ou une pile de pierres et de cr\u00e2nes. Le torse musculeux du Prince D\u00e9mon peut \u00eatre \u00e9quip\u00e9 de deux armures diff\u00e9rentes : un plastron ornement\u00e9 adapt\u00e9 aux Royaumes Mortels ou une parodie pervertie d&rsquo;armure \u00e9nerg\u00e9tique pour le 41e Mill\u00e9naire, chacune s&rsquo;accompagnant de ses \u00e9pauli\u00e8res et de ses canons d&rsquo;avant-bras assortis.<\/p>\n<p>Le Prince D\u00e9mon peut \u00eatre arm\u00e9 d&rsquo;une \u00e9p\u00e9e infernale, d&rsquo;une hache d\u00e9moniaque ou d&rsquo;une paire de serres mal\u00e9fiques, avec diff\u00e9rentes positions de bras. Son dos peut \u00eatre orn\u00e9 de grandes ailes, d&rsquo;un sinistre r\u00e2telier de troph\u00e9es ou d&rsquo;un paquetage dorsal corrompu de l&rsquo;Hereticus Astartes. Le kit contient \u00e9galement six t\u00eates diff\u00e9rentes, une pour chaque Dieu du Chaos, et deux pour le Chaos Universel, ainsi que toute une panoplie de troph\u00e9es, de symboles du Chaos et de pointes de queue pour consacrer votre cr\u00e9ation aux Puissances de la Ruine.<\/p>\n<p>Ce kit est compos\u00e9 de 112 \u00e9l\u00e9ments en plastique et est fourni avec un socle rond Citadel de 60 mm. Cette figurine est fournie non peinte et n\u00e9cessite assemblage \u2013 nous recommandons d&#8217;employer la Colle Plastique Citadel et la peinture Citadel.<\/p>","protected":false},"excerpt":{"rendered":"<p>Les Princes D\u00e9mons \u00e9taient jadis des champions mortels du Chaos ayant acc\u00e9d\u00e9 \u00e0 la r\u00e9compense ultime d&rsquo;\u00eatre chang\u00e9s en d\u00e9mons \u00e9ternels par leur divinit\u00e9 tut\u00e9laire capricieuse. Chacun de ces monstres corrompus est une preuve vivante de la puissance infernale du Chaos, un seigneur immortel ayant re\u00e7u d&rsquo;innombrables dons mal\u00e9fiques en suivant le long et tra\u00eetre Sentier de la Gloire. Les&hellip;<\/p>","protected":false},"featured_media":5723,"template":"","meta":[],"product_brand":[],"product_cat":[62],"product_tag":[],"class_list":{"0":"post-5719","1":"product","2":"type-product","3":"status-publish","4":"has-post-thumbnail","6":"product_cat-age-of-sigmar","8":"first","9":"onbackorder","10":"sale","11":"taxable","12":"shipping-taxable","13":"purchasable","14":"product-type-simple"},"yoast_head":"<!-- This site is optimized with the Yoast SEO plugin v25.8 - https:\/\/yoast.com\/wordpress\/plugins\/seo\/ -->\n<title>Prince D\u00e9mon &#8211; G3D<\/title>\n<meta name=\"robots\" content=\"index, follow, max-snippet:-1, max-image-preview:large, max-video-preview:-1\" \/>\n<link rel=\"canonical\" href=\"https:\/\/g3d-wargame.com\/en\/product\/prince-demon\/\" \/>\n<meta property=\"og:locale\" content=\"en_GB\" \/>\n<meta property=\"og:type\" content=\"article\" \/>\n<meta property=\"og:title\" content=\"Prince D\u00e9mon &#8211; G3D\" \/>\n<meta property=\"og:description\" content=\"Les Princes D\u00e9mons \u00e9taient jadis des champions mortels du Chaos ayant acc\u00e9d\u00e9 \u00e0 la r\u00e9compense ultime d&rsquo;\u00eatre chang\u00e9s en d\u00e9mons \u00e9ternels par leur divinit\u00e9 tut\u00e9laire capricieuse. Chacun de ces monstres corrompus est une preuve vivante de la puissance infernale du Chaos, un seigneur immortel ayant re\u00e7u d&rsquo;innombrables dons mal\u00e9fiques en suivant le long et tra\u00eetre Sentier de la Gloire. Les&hellip;\" \/>\n<meta property=\"og:url\" content=\"https:\/\/g3d-wargame.com\/en\/product\/prince-demon\/\" \/>\n<meta property=\"og:site_name\" content=\"G3D\" \/>\n<meta property=\"article:modified_time\" content=\"2025-11-06T08:00:39+00:00\" \/>\n<meta property=\"og:image\" content=\"https:\/\/g3d-wargame.com\/wp-content\/uploads\/2025\/01\/99120201130_S2DDaemonPrinceStock.jpg\" \/>\n\t<meta property=\"og:image:width\" content=\"918\" \/>\n\t<meta property=\"og:image:height\" content=\"948\" \/>\n\t<meta property=\"og:image:type\" content=\"image\/jpeg\" \/>\n<meta name=\"twitter:card\" content=\"summary_large_image\" \/>\n<meta name=\"twitter:label1\" content=\"Estimated reading time\" \/>\n\t<meta name=\"twitter:data1\" content=\"2 minutes\" \/>\n<script type=\"application\/ld+json\" class=\"yoast-schema-graph\">{\"@context\":\"https:\/\/schema.org\",\"@graph\":[{\"@type\":\"WebPage\",\"@id\":\"https:\/\/g3d-wargame.com\/produit\/prince-demon\/\",\"url\":\"https:\/\/g3d-wargame.com\/produit\/prince-demon\/\",\"name\":\"Prince D\u00e9mon &#8211; G3D\",\"isPartOf\":{\"@id\":\"https:\/\/g3d-wargame.com\/#website\"},\"primaryImageOfPage\":{\"@id\":\"https:\/\/g3d-wargame.com\/produit\/prince-demon\/#primaryimage\"},\"image\":{\"@id\":\"https:\/\/g3d-wargame.com\/produit\/prince-demon\/#primaryimage\"},\"thumbnailUrl\":\"https:\/\/g3d-wargame.com\/wp-content\/uploads\/2025\/01\/99120201130_S2DDaemonPrinceStock.jpg\",\"datePublished\":\"2025-01-02T16:31:56+00:00\",\"dateModified\":\"2025-11-06T08:00:39+00:00\",\"breadcrumb\":{\"@id\":\"https:\/\/g3d-wargame.com\/produit\/prince-demon\/#breadcrumb\"},\"inLanguage\":\"en-GB\",\"potentialAction\":[{\"@type\":\"ReadAction\",\"target\":[\"https:\/\/g3d-wargame.com\/produit\/prince-demon\/\"]}]},{\"@type\":\"ImageObject\",\"inLanguage\":\"en-GB\",\"@id\":\"https:\/\/g3d-wargame.com\/produit\/prince-demon\/#primaryimage\",\"url\":\"https:\/\/g3d-wargame.com\/wp-content\/uploads\/2025\/01\/99120201130_S2DDaemonPrinceStock.jpg\",\"contentUrl\":\"https:\/\/g3d-wargame.com\/wp-content\/uploads\/2025\/01\/99120201130_S2DDaemonPrinceStock.jpg\",\"width\":918,\"height\":948},{\"@type\":\"BreadcrumbList\",\"@id\":\"https:\/\/g3d-wargame.com\/produit\/prince-demon\/#breadcrumb\",\"itemListElement\":[{\"@type\":\"ListItem\",\"position\":1,\"name\":\"Accueil\",\"item\":\"https:\/\/g3d-wargame.com\/\"},{\"@type\":\"ListItem\",\"position\":2,\"name\":\"Produits\",\"item\":\"https:\/\/g3d-wargame.com\/shop__trashed\/\"},{\"@type\":\"ListItem\",\"position\":3,\"name\":\"Prince D\u00e9mon\"}]},{\"@type\":\"WebSite\",\"@id\":\"https:\/\/g3d-wargame.com\/#website\",\"url\":\"https:\/\/g3d-wargame.com\/\",\"name\":\"G3D\",\"description\":\" impression 3D\",\"publisher\":{\"@id\":\"https:\/\/g3d-wargame.com\/#organization\"},\"alternateName\":\"G3D Wargame\",\"potentialAction\":[{\"@type\":\"SearchAction\",\"target\":{\"@type\":\"EntryPoint\",\"urlTemplate\":\"https:\/\/g3d-wargame.com\/?s={search_term_string}\"},\"query-input\":{\"@type\":\"PropertyValueSpecification\",\"valueRequired\":true,\"valueName\":\"search_term_string\"}}],\"inLanguage\":\"en-GB\"},{\"@type\":\"Organization\",\"@id\":\"https:\/\/g3d-wargame.com\/#organization\",\"name\":\"G3D\",\"alternateName\":\"G3D WARGAME\",\"url\":\"https:\/\/g3d-wargame.com\/\",\"logo\":{\"@type\":\"ImageObject\",\"inLanguage\":\"en-GB\",\"@id\":\"https:\/\/g3d-wargame.com\/#\/schema\/logo\/image\/\",\"url\":\"https:\/\/g3d-wargame.com\/wp-content\/uploads\/2023\/12\/G3DLOGO-v1-700-x-700-px.png\",\"contentUrl\":\"https:\/\/g3d-wargame.com\/wp-content\/uploads\/2023\/12\/G3DLOGO-v1-700-x-700-px.png\",\"width\":788,\"height\":788,\"caption\":\"G3D\"},\"image\":{\"@id\":\"https:\/\/g3d-wargame.com\/#\/schema\/logo\/image\/\"}}]}<\/script>\n<!-- \/ Yoast SEO plugin. -->","yoast_head_json":{"title":"Prince D\u00e9mon &#8211; G3D","robots":{"index":"index","follow":"follow","max-snippet":"max-snippet:-1","max-image-preview":"max-image-preview:large","max-video-preview":"max-video-preview:-1"},"canonical":"https:\/\/g3d-wargame.com\/en\/product\/prince-demon\/","og_locale":"en_GB","og_type":"article","og_title":"Prince D\u00e9mon &#8211; G3D","og_description":"Les Princes D\u00e9mons \u00e9taient jadis des champions mortels du Chaos ayant acc\u00e9d\u00e9 \u00e0 la r\u00e9compense ultime d&rsquo;\u00eatre chang\u00e9s en d\u00e9mons \u00e9ternels par leur divinit\u00e9 tut\u00e9laire capricieuse. Chacun de ces monstres corrompus est une preuve vivante de la puissance infernale du Chaos, un seigneur immortel ayant re\u00e7u d&rsquo;innombrables dons mal\u00e9fiques en suivant le long et tra\u00eetre Sentier de la Gloire. Les&hellip;","og_url":"https:\/\/g3d-wargame.com\/en\/product\/prince-demon\/","og_site_name":"G3D","article_modified_time":"2025-11-06T08:00:39+00:00","og_image":[{"width":918,"height":948,"url":"https:\/\/g3d-wargame.com\/wp-content\/uploads\/2025\/01\/99120201130_S2DDaemonPrinceStock.jpg","type":"image\/jpeg"}],"twitter_card":"summary_large_image","twitter_misc":{"Estimated reading time":"2 minutes"},"schema":{"@context":"https:\/\/schema.org","@graph":[{"@type":"WebPage","@id":"https:\/\/g3d-wargame.com\/produit\/prince-demon\/","url":"https:\/\/g3d-wargame.com\/produit\/prince-demon\/","name":"Prince D\u00e9mon &#8211; G3D","isPartOf":{"@id":"https:\/\/g3d-wargame.com\/#website"},"primaryImageOfPage":{"@id":"https:\/\/g3d-wargame.com\/produit\/prince-demon\/#primaryimage"},"image":{"@id":"https:\/\/g3d-wargame.com\/produit\/prince-demon\/#primaryimage"},"thumbnailUrl":"https:\/\/g3d-wargame.com\/wp-content\/uploads\/2025\/01\/99120201130_S2DDaemonPrinceStock.jpg","datePublished":"2025-01-02T16:31:56+00:00","dateModified":"2025-11-06T08:00:39+00:00","breadcrumb":{"@id":"https:\/\/g3d-wargame.com\/produit\/prince-demon\/#breadcrumb"},"inLanguage":"en-GB","potentialAction":[{"@type":"ReadAction","target":["https:\/\/g3d-wargame.com\/produit\/prince-demon\/"]}]},{"@type":"ImageObject","inLanguage":"en-GB","@id":"https:\/\/g3d-wargame.com\/produit\/prince-demon\/#primaryimage","url":"https:\/\/g3d-wargame.com\/wp-content\/uploads\/2025\/01\/99120201130_S2DDaemonPrinceStock.jpg","contentUrl":"https:\/\/g3d-wargame.com\/wp-content\/uploads\/2025\/01\/99120201130_S2DDaemonPrinceStock.jpg","width":918,"height":948},{"@type":"BreadcrumbList","@id":"https:\/\/g3d-wargame.com\/produit\/prince-demon\/#breadcrumb","itemListElement":[{"@type":"ListItem","position":1,"name":"Accueil","item":"https:\/\/g3d-wargame.com\/"},{"@type":"ListItem","position":2,"name":"Produits","item":"https:\/\/g3d-wargame.com\/shop__trashed\/"},{"@type":"ListItem","position":3,"name":"Prince D\u00e9mon"}]},{"@type":"WebSite","@id":"https:\/\/g3d-wargame.com\/#website","url":"https:\/\/g3d-wargame.com\/","name":"G3D","description":"3D printing","publisher":{"@id":"https:\/\/g3d-wargame.com\/#organization"},"alternateName":"G3D Wargame","potentialAction":[{"@type":"SearchAction","target":{"@type":"EntryPoint","urlTemplate":"https:\/\/g3d-wargame.com\/?s={search_term_string}"},"query-input":{"@type":"PropertyValueSpecification","valueRequired":true,"valueName":"search_term_string"}}],"inLanguage":"en-GB"},{"@type":"Organization","@id":"https:\/\/g3d-wargame.com\/#organization","name":"G3D","alternateName":"G3D WARGAME","url":"https:\/\/g3d-wargame.com\/","logo":{"@type":"ImageObject","inLanguage":"en-GB","@id":"https:\/\/g3d-wargame.com\/#\/schema\/logo\/image\/","url":"https:\/\/g3d-wargame.com\/wp-content\/uploads\/2023\/12\/G3DLOGO-v1-700-x-700-px.png","contentUrl":"https:\/\/g3d-wargame.com\/wp-content\/uploads\/2023\/12\/G3DLOGO-v1-700-x-700-px.png","width":788,"height":788,"caption":"G3D"},"image":{"@id":"https:\/\/g3d-wargame.com\/#\/schema\/logo\/image\/"}}]}},"_links":{"self":[{"href":"https:\/\/g3d-wargame.com\/en\/wp-json\/wp\/v2\/product\/5719","targetHints":{"allow":["GET"]}}],"collection":[{"href":"https:\/\/g3d-wargame.com\/en\/wp-json\/wp\/v2\/product"}],"about":[{"href":"https:\/\/g3d-wargame.com\/en\/wp-json\/wp\/v2\/types\/product"}],"wp:featuredmedia":[{"embeddable":true,"href":"https:\/\/g3d-wargame.com\/en\/wp-json\/wp\/v2\/media\/5723"}],"wp:attachment":[{"href":"https:\/\/g3d-wargame.com\/en\/wp-json\/wp\/v2\/media?parent=5719"}],"wp:term":[{"taxonomy":"product_brand","embeddable":true,"href":"https:\/\/g3d-wargame.com\/en\/wp-json\/wp\/v2\/product_brand?post=5719"},{"taxonomy":"product_cat","embeddable":true,"href":"https:\/\/g3d-wargame.com\/en\/wp-json\/wp\/v2\/product_cat?post=5719"},{"taxonomy":"product_tag","embeddable":true,"href":"https:\/\/g3d-wargame.com\/en\/wp-json\/wp\/v2\/product_tag?post=5719"}],"curies":[{"name":"wp","href":"https:\/\/api.w.org\/{rel}","templated":true}]}}