{"id":5713,"date":"2025-01-02T17:28:11","date_gmt":"2025-01-02T16:28:11","guid":{"rendered":"https:\/\/g3d-wargame.com\/?post_type=product&#038;p=5713"},"modified":"2025-05-14T14:07:49","modified_gmt":"2025-05-14T12:07:49","slug":"lord-celestant-on-dracoth","status":"publish","type":"product","link":"https:\/\/g3d-wargame.com\/en\/product\/lord-celestant-on-dracoth\/","title":{"rendered":"Lord-Celestant on Dracoth"},"content":{"rendered":"<p>Chefs naturels des Stormcast Eternals, dou\u00e9s d&rsquo;un talent extraordinaire pour le commandement, les Lord-Celestants se distinguent par leur t\u00e9nacit\u00e9 et leurs qualit\u00e9s martiales. \u00c0 pied, quasiment personne ne peut leur faire face, mais \u00e0 dos de Dracoth, ils deviennent capables de causer des d\u00e9g\u00e2ts ahurissants, en conjuguant la fureur du Dracoth cracheur d&rsquo;\u00e9clairs avec le choc du marteau Tempestos et de la hache de tonnerre.<\/p>\n<p>Ce kit plastique contient toutes les pi\u00e8ces n\u00e9cessaires pour assembler un Lord-Celestant sur Dracoth, avec un \u00e9ventail d&rsquo;armes incluant un marteau Tempestos, une hache de tonnerre, un marteau de foudre, un glaive Stormstrike et un bouclier de sigmarite, plus l&rsquo;une ou l&rsquo;autre des variantes de Dracothion Guard:<\/p>\n<p>un Fulminator, arm\u00e9 d&rsquo;un glaive stormstrike et d&rsquo;un bouclier de sigmarite;<br \/>\nun Tempestor, arm\u00e9 d&rsquo;une arbal\u00e8te Salve d&rsquo;Orage, d&rsquo;une lame de guerre et d&rsquo;un bouclier de sigmarite;<br \/>\nun Concussor, arm\u00e9 d&rsquo;un marteau de foudre et d&rsquo;un bouclier de sigmarite;<br \/>\nun Desolator, arm\u00e9 d&rsquo;une hache de tonnerre et d&rsquo;un bouclier de sigmarite.<\/p>\n<p>Contient deux socles ovales Citadel de 90x52mm.<\/p>","protected":false},"excerpt":{"rendered":"<p>Chefs naturels des Stormcast Eternals, dou\u00e9s d&rsquo;un talent extraordinaire pour le commandement, les Lord-Celestants se distinguent par leur t\u00e9nacit\u00e9 et leurs qualit\u00e9s martiales. \u00c0 pied, quasiment personne ne peut leur faire face, mais \u00e0 dos de Dracoth, ils deviennent capables de causer des d\u00e9g\u00e2ts ahurissants, en conjuguant la fureur du Dracoth cracheur d&rsquo;\u00e9clairs avec le choc du marteau Tempestos et&hellip;<\/p>","protected":false},"featured_media":5717,"template":"","meta":[],"product_brand":[],"product_cat":[62],"product_tag":[],"class_list":{"0":"post-5713","1":"product","2":"type-product","3":"status-publish","4":"has-post-thumbnail","6":"product_cat-age-of-sigmar","8":"first","9":"instock","10":"sale","11":"taxable","12":"shipping-taxable","13":"purchasable","14":"product-type-simple"},"yoast_head":"<!-- This site is optimized with the Yoast SEO plugin v25.8 - https:\/\/yoast.com\/wordpress\/plugins\/seo\/ -->\n<title>Lord-Celestant on Dracoth &#8211; G3D<\/title>\n<meta name=\"robots\" content=\"index, follow, max-snippet:-1, max-image-preview:large, max-video-preview:-1\" \/>\n<link rel=\"canonical\" href=\"https:\/\/g3d-wargame.com\/en\/product\/lord-celestant-on-dracoth\/\" \/>\n<meta property=\"og:locale\" content=\"en_GB\" \/>\n<meta property=\"og:type\" content=\"article\" \/>\n<meta property=\"og:title\" content=\"Lord-Celestant on Dracoth &#8211; G3D\" \/>\n<meta property=\"og:description\" content=\"Chefs naturels des Stormcast Eternals, dou\u00e9s d&rsquo;un talent extraordinaire pour le commandement, les Lord-Celestants se distinguent par leur t\u00e9nacit\u00e9 et leurs qualit\u00e9s martiales. \u00c0 pied, quasiment personne ne peut leur faire face, mais \u00e0 dos de Dracoth, ils deviennent capables de causer des d\u00e9g\u00e2ts ahurissants, en conjuguant la fureur du Dracoth cracheur d&rsquo;\u00e9clairs avec le choc du marteau Tempestos et&hellip;\" \/>\n<meta property=\"og:url\" content=\"https:\/\/g3d-wargame.com\/en\/product\/lord-celestant-on-dracoth\/\" \/>\n<meta property=\"og:site_name\" content=\"G3D\" \/>\n<meta property=\"article:modified_time\" content=\"2025-05-14T12:07:49+00:00\" \/>\n<meta property=\"og:image\" content=\"https:\/\/g3d-wargame.com\/wp-content\/uploads\/2025\/01\/99120218074_SCEDracothianGuardStock.jpg\" \/>\n\t<meta property=\"og:image:width\" content=\"918\" \/>\n\t<meta property=\"og:image:height\" content=\"948\" \/>\n\t<meta property=\"og:image:type\" content=\"image\/jpeg\" \/>\n<meta name=\"twitter:card\" content=\"summary_large_image\" \/>\n<meta name=\"twitter:label1\" content=\"Estimated reading time\" \/>\n\t<meta name=\"twitter:data1\" content=\"2 minutes\" \/>\n<script type=\"application\/ld+json\" class=\"yoast-schema-graph\">{\"@context\":\"https:\/\/schema.org\",\"@graph\":[{\"@type\":\"WebPage\",\"@id\":\"https:\/\/g3d-wargame.com\/produit\/lord-celestant-on-dracoth\/\",\"url\":\"https:\/\/g3d-wargame.com\/produit\/lord-celestant-on-dracoth\/\",\"name\":\"Lord-Celestant on Dracoth &#8211; G3D\",\"isPartOf\":{\"@id\":\"https:\/\/g3d-wargame.com\/#website\"},\"primaryImageOfPage\":{\"@id\":\"https:\/\/g3d-wargame.com\/produit\/lord-celestant-on-dracoth\/#primaryimage\"},\"image\":{\"@id\":\"https:\/\/g3d-wargame.com\/produit\/lord-celestant-on-dracoth\/#primaryimage\"},\"thumbnailUrl\":\"https:\/\/g3d-wargame.com\/wp-content\/uploads\/2025\/01\/99120218074_SCEDracothianGuardStock.jpg\",\"datePublished\":\"2025-01-02T16:28:11+00:00\",\"dateModified\":\"2025-05-14T12:07:49+00:00\",\"breadcrumb\":{\"@id\":\"https:\/\/g3d-wargame.com\/produit\/lord-celestant-on-dracoth\/#breadcrumb\"},\"inLanguage\":\"en-GB\",\"potentialAction\":[{\"@type\":\"ReadAction\",\"target\":[\"https:\/\/g3d-wargame.com\/produit\/lord-celestant-on-dracoth\/\"]}]},{\"@type\":\"ImageObject\",\"inLanguage\":\"en-GB\",\"@id\":\"https:\/\/g3d-wargame.com\/produit\/lord-celestant-on-dracoth\/#primaryimage\",\"url\":\"https:\/\/g3d-wargame.com\/wp-content\/uploads\/2025\/01\/99120218074_SCEDracothianGuardStock.jpg\",\"contentUrl\":\"https:\/\/g3d-wargame.com\/wp-content\/uploads\/2025\/01\/99120218074_SCEDracothianGuardStock.jpg\",\"width\":918,\"height\":948},{\"@type\":\"BreadcrumbList\",\"@id\":\"https:\/\/g3d-wargame.com\/produit\/lord-celestant-on-dracoth\/#breadcrumb\",\"itemListElement\":[{\"@type\":\"ListItem\",\"position\":1,\"name\":\"Accueil\",\"item\":\"https:\/\/g3d-wargame.com\/\"},{\"@type\":\"ListItem\",\"position\":2,\"name\":\"Produits\",\"item\":\"https:\/\/g3d-wargame.com\/shop__trashed\/\"},{\"@type\":\"ListItem\",\"position\":3,\"name\":\"Lord-Celestant on Dracoth\"}]},{\"@type\":\"WebSite\",\"@id\":\"https:\/\/g3d-wargame.com\/#website\",\"url\":\"https:\/\/g3d-wargame.com\/\",\"name\":\"G3D\",\"description\":\" impression 3D\",\"publisher\":{\"@id\":\"https:\/\/g3d-wargame.com\/#organization\"},\"alternateName\":\"G3D Wargame\",\"potentialAction\":[{\"@type\":\"SearchAction\",\"target\":{\"@type\":\"EntryPoint\",\"urlTemplate\":\"https:\/\/g3d-wargame.com\/?s={search_term_string}\"},\"query-input\":{\"@type\":\"PropertyValueSpecification\",\"valueRequired\":true,\"valueName\":\"search_term_string\"}}],\"inLanguage\":\"en-GB\"},{\"@type\":\"Organization\",\"@id\":\"https:\/\/g3d-wargame.com\/#organization\",\"name\":\"G3D\",\"alternateName\":\"G3D WARGAME\",\"url\":\"https:\/\/g3d-wargame.com\/\",\"logo\":{\"@type\":\"ImageObject\",\"inLanguage\":\"en-GB\",\"@id\":\"https:\/\/g3d-wargame.com\/#\/schema\/logo\/image\/\",\"url\":\"https:\/\/g3d-wargame.com\/wp-content\/uploads\/2023\/12\/G3DLOGO-v1-700-x-700-px.png\",\"contentUrl\":\"https:\/\/g3d-wargame.com\/wp-content\/uploads\/2023\/12\/G3DLOGO-v1-700-x-700-px.png\",\"width\":788,\"height\":788,\"caption\":\"G3D\"},\"image\":{\"@id\":\"https:\/\/g3d-wargame.com\/#\/schema\/logo\/image\/\"}}]}<\/script>\n<!-- \/ Yoast SEO plugin. -->","yoast_head_json":{"title":"Lord-Celestant on Dracoth &#8211; G3D","robots":{"index":"index","follow":"follow","max-snippet":"max-snippet:-1","max-image-preview":"max-image-preview:large","max-video-preview":"max-video-preview:-1"},"canonical":"https:\/\/g3d-wargame.com\/en\/product\/lord-celestant-on-dracoth\/","og_locale":"en_GB","og_type":"article","og_title":"Lord-Celestant on Dracoth &#8211; G3D","og_description":"Chefs naturels des Stormcast Eternals, dou\u00e9s d&rsquo;un talent extraordinaire pour le commandement, les Lord-Celestants se distinguent par leur t\u00e9nacit\u00e9 et leurs qualit\u00e9s martiales. \u00c0 pied, quasiment personne ne peut leur faire face, mais \u00e0 dos de Dracoth, ils deviennent capables de causer des d\u00e9g\u00e2ts ahurissants, en conjuguant la fureur du Dracoth cracheur d&rsquo;\u00e9clairs avec le choc du marteau Tempestos et&hellip;","og_url":"https:\/\/g3d-wargame.com\/en\/product\/lord-celestant-on-dracoth\/","og_site_name":"G3D","article_modified_time":"2025-05-14T12:07:49+00:00","og_image":[{"width":918,"height":948,"url":"https:\/\/g3d-wargame.com\/wp-content\/uploads\/2025\/01\/99120218074_SCEDracothianGuardStock.jpg","type":"image\/jpeg"}],"twitter_card":"summary_large_image","twitter_misc":{"Estimated reading time":"2 minutes"},"schema":{"@context":"https:\/\/schema.org","@graph":[{"@type":"WebPage","@id":"https:\/\/g3d-wargame.com\/produit\/lord-celestant-on-dracoth\/","url":"https:\/\/g3d-wargame.com\/produit\/lord-celestant-on-dracoth\/","name":"Lord-Celestant on Dracoth &#8211; G3D","isPartOf":{"@id":"https:\/\/g3d-wargame.com\/#website"},"primaryImageOfPage":{"@id":"https:\/\/g3d-wargame.com\/produit\/lord-celestant-on-dracoth\/#primaryimage"},"image":{"@id":"https:\/\/g3d-wargame.com\/produit\/lord-celestant-on-dracoth\/#primaryimage"},"thumbnailUrl":"https:\/\/g3d-wargame.com\/wp-content\/uploads\/2025\/01\/99120218074_SCEDracothianGuardStock.jpg","datePublished":"2025-01-02T16:28:11+00:00","dateModified":"2025-05-14T12:07:49+00:00","breadcrumb":{"@id":"https:\/\/g3d-wargame.com\/produit\/lord-celestant-on-dracoth\/#breadcrumb"},"inLanguage":"en-GB","potentialAction":[{"@type":"ReadAction","target":["https:\/\/g3d-wargame.com\/produit\/lord-celestant-on-dracoth\/"]}]},{"@type":"ImageObject","inLanguage":"en-GB","@id":"https:\/\/g3d-wargame.com\/produit\/lord-celestant-on-dracoth\/#primaryimage","url":"https:\/\/g3d-wargame.com\/wp-content\/uploads\/2025\/01\/99120218074_SCEDracothianGuardStock.jpg","contentUrl":"https:\/\/g3d-wargame.com\/wp-content\/uploads\/2025\/01\/99120218074_SCEDracothianGuardStock.jpg","width":918,"height":948},{"@type":"BreadcrumbList","@id":"https:\/\/g3d-wargame.com\/produit\/lord-celestant-on-dracoth\/#breadcrumb","itemListElement":[{"@type":"ListItem","position":1,"name":"Accueil","item":"https:\/\/g3d-wargame.com\/"},{"@type":"ListItem","position":2,"name":"Produits","item":"https:\/\/g3d-wargame.com\/shop__trashed\/"},{"@type":"ListItem","position":3,"name":"Lord-Celestant on Dracoth"}]},{"@type":"WebSite","@id":"https:\/\/g3d-wargame.com\/#website","url":"https:\/\/g3d-wargame.com\/","name":"G3D","description":"3D printing","publisher":{"@id":"https:\/\/g3d-wargame.com\/#organization"},"alternateName":"G3D Wargame","potentialAction":[{"@type":"SearchAction","target":{"@type":"EntryPoint","urlTemplate":"https:\/\/g3d-wargame.com\/?s={search_term_string}"},"query-input":{"@type":"PropertyValueSpecification","valueRequired":true,"valueName":"search_term_string"}}],"inLanguage":"en-GB"},{"@type":"Organization","@id":"https:\/\/g3d-wargame.com\/#organization","name":"G3D","alternateName":"G3D WARGAME","url":"https:\/\/g3d-wargame.com\/","logo":{"@type":"ImageObject","inLanguage":"en-GB","@id":"https:\/\/g3d-wargame.com\/#\/schema\/logo\/image\/","url":"https:\/\/g3d-wargame.com\/wp-content\/uploads\/2023\/12\/G3DLOGO-v1-700-x-700-px.png","contentUrl":"https:\/\/g3d-wargame.com\/wp-content\/uploads\/2023\/12\/G3DLOGO-v1-700-x-700-px.png","width":788,"height":788,"caption":"G3D"},"image":{"@id":"https:\/\/g3d-wargame.com\/#\/schema\/logo\/image\/"}}]}},"_links":{"self":[{"href":"https:\/\/g3d-wargame.com\/en\/wp-json\/wp\/v2\/product\/5713","targetHints":{"allow":["GET"]}}],"collection":[{"href":"https:\/\/g3d-wargame.com\/en\/wp-json\/wp\/v2\/product"}],"about":[{"href":"https:\/\/g3d-wargame.com\/en\/wp-json\/wp\/v2\/types\/product"}],"wp:featuredmedia":[{"embeddable":true,"href":"https:\/\/g3d-wargame.com\/en\/wp-json\/wp\/v2\/media\/5717"}],"wp:attachment":[{"href":"https:\/\/g3d-wargame.com\/en\/wp-json\/wp\/v2\/media?parent=5713"}],"wp:term":[{"taxonomy":"product_brand","embeddable":true,"href":"https:\/\/g3d-wargame.com\/en\/wp-json\/wp\/v2\/product_brand?post=5713"},{"taxonomy":"product_cat","embeddable":true,"href":"https:\/\/g3d-wargame.com\/en\/wp-json\/wp\/v2\/product_cat?post=5713"},{"taxonomy":"product_tag","embeddable":true,"href":"https:\/\/g3d-wargame.com\/en\/wp-json\/wp\/v2\/product_tag?post=5713"}],"curies":[{"name":"wp","href":"https:\/\/api.w.org\/{rel}","templated":true}]}}