{"id":5705,"date":"2025-01-02T17:17:39","date_gmt":"2025-01-02T16:17:39","guid":{"rendered":"https:\/\/g3d-wargame.com\/?post_type=product&#038;p=5705"},"modified":"2025-05-14T08:46:32","modified_gmt":"2025-05-14T06:46:32","slug":"tornus-laffranchi","status":"publish","type":"product","link":"https:\/\/g3d-wargame.com\/en\/product\/tornus-laffranchi\/","title":{"rendered":"Tornus l&rsquo;Affranchi"},"content":{"rendered":"<p>Tornus l&rsquo;Affranchi est la preuve vivante que m\u00eame les individus les plus corrompus ne sont pas au-del\u00e0 de tout salut. Ancien adepte du Dieu de la Peste, Nurgle, il sert d\u00e9sormais Sigmar avec une foi in\u00e9branlable. Reforg\u00e9 en tant que Chevalier-Azyros, il consacre son \u00e9nergie \u00e0 porter assistance aux guerriers troubl\u00e9s des chambres de la Perdition. En tant que symbole d&rsquo;espoir et de foi, il porte une lanterne sacr\u00e9e, qui guide et soigne les justes tout en br\u00fblant les yeux des ennemis de Sigmar.<\/p>\n<p>Ce kit en plastique \u00e0 embo\u00eeter permet d&rsquo;assembler Tornus l&rsquo;Affranchi, un puissant h\u00e9ros pour les arm\u00e9es d&rsquo;\u00c9ternels de l&rsquo;Orage dans Warhammer Age of Sigmar. Son \u00e2me d\u00e9sormais rachet\u00e9e, le guerrier jadis connu sous le nom de Torglug le Honni est d\u00e9sormais un h\u00e9raut volant de Sigmar, assign\u00e9 aux chambres de la Perdition. Il vole sur des ailes de lumi\u00e8re ressemblant \u00e0 des plumes en lambeaux, et son armure ainsi que sa peau sont frapp\u00e9es de l&rsquo;iconographie des chambres de la Perdition. Il est arm\u00e9 d&rsquo;une redoutable grande lance sanctifi\u00e9e. Ce kit permet autrement d&rsquo;assembler un Chevalier-Azyros standard, \u00e9quip\u00e9 d&rsquo;une arme astrob\u00e9nite.<\/p>\n<p>Ce kit est compos\u00e9 de 13 \u00e9l\u00e9ments en plastique et de 1x Socle Rond Citadel \u00e0 Trou Hexagonal de 50mm. Cette figurine \u00e0 embo\u00eeter peut \u00eatre assembl\u00e9e sans colle et est fournie non peinte \u2013 nous recommandons d&#8217;employer la peinture Citadel Colour.<\/p>","protected":false},"excerpt":{"rendered":"<p>Tornus l&rsquo;Affranchi est la preuve vivante que m\u00eame les individus les plus corrompus ne sont pas au-del\u00e0 de tout salut. Ancien adepte du Dieu de la Peste, Nurgle, il sert d\u00e9sormais Sigmar avec une foi in\u00e9branlable. Reforg\u00e9 en tant que Chevalier-Azyros, il consacre son \u00e9nergie \u00e0 porter assistance aux guerriers troubl\u00e9s des chambres de la Perdition. En tant que symbole&hellip;<\/p>","protected":false},"featured_media":5712,"template":"","meta":[],"product_brand":[],"product_cat":[62],"product_tag":[],"class_list":{"0":"post-5705","1":"product","2":"type-product","3":"status-publish","4":"has-post-thumbnail","6":"product_cat-age-of-sigmar","8":"first","9":"instock","10":"sale","11":"taxable","12":"shipping-taxable","13":"purchasable","14":"product-type-simple"},"yoast_head":"<!-- This site is optimized with the Yoast SEO plugin v25.8 - https:\/\/yoast.com\/wordpress\/plugins\/seo\/ -->\n<title>Tornus l&#039;Affranchi &#8211; G3D<\/title>\n<meta name=\"robots\" content=\"index, follow, max-snippet:-1, max-image-preview:large, max-video-preview:-1\" \/>\n<link rel=\"canonical\" href=\"https:\/\/g3d-wargame.com\/en\/product\/tornus-laffranchi\/\" \/>\n<meta property=\"og:locale\" content=\"en_GB\" \/>\n<meta property=\"og:type\" content=\"article\" \/>\n<meta property=\"og:title\" content=\"Tornus l&#039;Affranchi &#8211; G3D\" \/>\n<meta property=\"og:description\" content=\"Tornus l&rsquo;Affranchi est la preuve vivante que m\u00eame les individus les plus corrompus ne sont pas au-del\u00e0 de tout salut. Ancien adepte du Dieu de la Peste, Nurgle, il sert d\u00e9sormais Sigmar avec une foi in\u00e9branlable. Reforg\u00e9 en tant que Chevalier-Azyros, il consacre son \u00e9nergie \u00e0 porter assistance aux guerriers troubl\u00e9s des chambres de la Perdition. En tant que symbole&hellip;\" \/>\n<meta property=\"og:url\" content=\"https:\/\/g3d-wargame.com\/en\/product\/tornus-laffranchi\/\" \/>\n<meta property=\"og:site_name\" content=\"G3D\" \/>\n<meta property=\"article:modified_time\" content=\"2025-05-14T06:46:32+00:00\" \/>\n<meta property=\"og:image\" content=\"https:\/\/g3d-wargame.com\/wp-content\/uploads\/2025\/01\/99120218095_SCETornusRedeemed7.jpg\" \/>\n\t<meta property=\"og:image:width\" content=\"918\" \/>\n\t<meta property=\"og:image:height\" content=\"948\" \/>\n\t<meta property=\"og:image:type\" content=\"image\/jpeg\" \/>\n<meta name=\"twitter:card\" content=\"summary_large_image\" \/>\n<meta name=\"twitter:label1\" content=\"Estimated reading time\" \/>\n\t<meta name=\"twitter:data1\" content=\"2 minutes\" \/>\n<script type=\"application\/ld+json\" class=\"yoast-schema-graph\">{\"@context\":\"https:\/\/schema.org\",\"@graph\":[{\"@type\":\"WebPage\",\"@id\":\"https:\/\/g3d-wargame.com\/produit\/tornus-laffranchi\/\",\"url\":\"https:\/\/g3d-wargame.com\/produit\/tornus-laffranchi\/\",\"name\":\"Tornus l'Affranchi &#8211; G3D\",\"isPartOf\":{\"@id\":\"https:\/\/g3d-wargame.com\/#website\"},\"primaryImageOfPage\":{\"@id\":\"https:\/\/g3d-wargame.com\/produit\/tornus-laffranchi\/#primaryimage\"},\"image\":{\"@id\":\"https:\/\/g3d-wargame.com\/produit\/tornus-laffranchi\/#primaryimage\"},\"thumbnailUrl\":\"https:\/\/g3d-wargame.com\/wp-content\/uploads\/2025\/01\/99120218095_SCETornusRedeemed7.jpg\",\"datePublished\":\"2025-01-02T16:17:39+00:00\",\"dateModified\":\"2025-05-14T06:46:32+00:00\",\"breadcrumb\":{\"@id\":\"https:\/\/g3d-wargame.com\/produit\/tornus-laffranchi\/#breadcrumb\"},\"inLanguage\":\"en-GB\",\"potentialAction\":[{\"@type\":\"ReadAction\",\"target\":[\"https:\/\/g3d-wargame.com\/produit\/tornus-laffranchi\/\"]}]},{\"@type\":\"ImageObject\",\"inLanguage\":\"en-GB\",\"@id\":\"https:\/\/g3d-wargame.com\/produit\/tornus-laffranchi\/#primaryimage\",\"url\":\"https:\/\/g3d-wargame.com\/wp-content\/uploads\/2025\/01\/99120218095_SCETornusRedeemed7.jpg\",\"contentUrl\":\"https:\/\/g3d-wargame.com\/wp-content\/uploads\/2025\/01\/99120218095_SCETornusRedeemed7.jpg\",\"width\":918,\"height\":948},{\"@type\":\"BreadcrumbList\",\"@id\":\"https:\/\/g3d-wargame.com\/produit\/tornus-laffranchi\/#breadcrumb\",\"itemListElement\":[{\"@type\":\"ListItem\",\"position\":1,\"name\":\"Accueil\",\"item\":\"https:\/\/g3d-wargame.com\/\"},{\"@type\":\"ListItem\",\"position\":2,\"name\":\"Produits\",\"item\":\"https:\/\/g3d-wargame.com\/shop__trashed\/\"},{\"@type\":\"ListItem\",\"position\":3,\"name\":\"Tornus l&rsquo;Affranchi\"}]},{\"@type\":\"WebSite\",\"@id\":\"https:\/\/g3d-wargame.com\/#website\",\"url\":\"https:\/\/g3d-wargame.com\/\",\"name\":\"G3D\",\"description\":\" impression 3D\",\"publisher\":{\"@id\":\"https:\/\/g3d-wargame.com\/#organization\"},\"alternateName\":\"G3D Wargame\",\"potentialAction\":[{\"@type\":\"SearchAction\",\"target\":{\"@type\":\"EntryPoint\",\"urlTemplate\":\"https:\/\/g3d-wargame.com\/?s={search_term_string}\"},\"query-input\":{\"@type\":\"PropertyValueSpecification\",\"valueRequired\":true,\"valueName\":\"search_term_string\"}}],\"inLanguage\":\"en-GB\"},{\"@type\":\"Organization\",\"@id\":\"https:\/\/g3d-wargame.com\/#organization\",\"name\":\"G3D\",\"alternateName\":\"G3D WARGAME\",\"url\":\"https:\/\/g3d-wargame.com\/\",\"logo\":{\"@type\":\"ImageObject\",\"inLanguage\":\"en-GB\",\"@id\":\"https:\/\/g3d-wargame.com\/#\/schema\/logo\/image\/\",\"url\":\"https:\/\/g3d-wargame.com\/wp-content\/uploads\/2023\/12\/G3DLOGO-v1-700-x-700-px.png\",\"contentUrl\":\"https:\/\/g3d-wargame.com\/wp-content\/uploads\/2023\/12\/G3DLOGO-v1-700-x-700-px.png\",\"width\":788,\"height\":788,\"caption\":\"G3D\"},\"image\":{\"@id\":\"https:\/\/g3d-wargame.com\/#\/schema\/logo\/image\/\"}}]}<\/script>\n<!-- \/ Yoast SEO plugin. -->","yoast_head_json":{"title":"Tornus l'Affranchi &#8211; G3D","robots":{"index":"index","follow":"follow","max-snippet":"max-snippet:-1","max-image-preview":"max-image-preview:large","max-video-preview":"max-video-preview:-1"},"canonical":"https:\/\/g3d-wargame.com\/en\/product\/tornus-laffranchi\/","og_locale":"en_GB","og_type":"article","og_title":"Tornus l'Affranchi &#8211; G3D","og_description":"Tornus l&rsquo;Affranchi est la preuve vivante que m\u00eame les individus les plus corrompus ne sont pas au-del\u00e0 de tout salut. Ancien adepte du Dieu de la Peste, Nurgle, il sert d\u00e9sormais Sigmar avec une foi in\u00e9branlable. Reforg\u00e9 en tant que Chevalier-Azyros, il consacre son \u00e9nergie \u00e0 porter assistance aux guerriers troubl\u00e9s des chambres de la Perdition. En tant que symbole&hellip;","og_url":"https:\/\/g3d-wargame.com\/en\/product\/tornus-laffranchi\/","og_site_name":"G3D","article_modified_time":"2025-05-14T06:46:32+00:00","og_image":[{"width":918,"height":948,"url":"https:\/\/g3d-wargame.com\/wp-content\/uploads\/2025\/01\/99120218095_SCETornusRedeemed7.jpg","type":"image\/jpeg"}],"twitter_card":"summary_large_image","twitter_misc":{"Estimated reading time":"2 minutes"},"schema":{"@context":"https:\/\/schema.org","@graph":[{"@type":"WebPage","@id":"https:\/\/g3d-wargame.com\/produit\/tornus-laffranchi\/","url":"https:\/\/g3d-wargame.com\/produit\/tornus-laffranchi\/","name":"Tornus l'Affranchi &#8211; G3D","isPartOf":{"@id":"https:\/\/g3d-wargame.com\/#website"},"primaryImageOfPage":{"@id":"https:\/\/g3d-wargame.com\/produit\/tornus-laffranchi\/#primaryimage"},"image":{"@id":"https:\/\/g3d-wargame.com\/produit\/tornus-laffranchi\/#primaryimage"},"thumbnailUrl":"https:\/\/g3d-wargame.com\/wp-content\/uploads\/2025\/01\/99120218095_SCETornusRedeemed7.jpg","datePublished":"2025-01-02T16:17:39+00:00","dateModified":"2025-05-14T06:46:32+00:00","breadcrumb":{"@id":"https:\/\/g3d-wargame.com\/produit\/tornus-laffranchi\/#breadcrumb"},"inLanguage":"en-GB","potentialAction":[{"@type":"ReadAction","target":["https:\/\/g3d-wargame.com\/produit\/tornus-laffranchi\/"]}]},{"@type":"ImageObject","inLanguage":"en-GB","@id":"https:\/\/g3d-wargame.com\/produit\/tornus-laffranchi\/#primaryimage","url":"https:\/\/g3d-wargame.com\/wp-content\/uploads\/2025\/01\/99120218095_SCETornusRedeemed7.jpg","contentUrl":"https:\/\/g3d-wargame.com\/wp-content\/uploads\/2025\/01\/99120218095_SCETornusRedeemed7.jpg","width":918,"height":948},{"@type":"BreadcrumbList","@id":"https:\/\/g3d-wargame.com\/produit\/tornus-laffranchi\/#breadcrumb","itemListElement":[{"@type":"ListItem","position":1,"name":"Accueil","item":"https:\/\/g3d-wargame.com\/"},{"@type":"ListItem","position":2,"name":"Produits","item":"https:\/\/g3d-wargame.com\/shop__trashed\/"},{"@type":"ListItem","position":3,"name":"Tornus l&rsquo;Affranchi"}]},{"@type":"WebSite","@id":"https:\/\/g3d-wargame.com\/#website","url":"https:\/\/g3d-wargame.com\/","name":"G3D","description":"3D printing","publisher":{"@id":"https:\/\/g3d-wargame.com\/#organization"},"alternateName":"G3D Wargame","potentialAction":[{"@type":"SearchAction","target":{"@type":"EntryPoint","urlTemplate":"https:\/\/g3d-wargame.com\/?s={search_term_string}"},"query-input":{"@type":"PropertyValueSpecification","valueRequired":true,"valueName":"search_term_string"}}],"inLanguage":"en-GB"},{"@type":"Organization","@id":"https:\/\/g3d-wargame.com\/#organization","name":"G3D","alternateName":"G3D WARGAME","url":"https:\/\/g3d-wargame.com\/","logo":{"@type":"ImageObject","inLanguage":"en-GB","@id":"https:\/\/g3d-wargame.com\/#\/schema\/logo\/image\/","url":"https:\/\/g3d-wargame.com\/wp-content\/uploads\/2023\/12\/G3DLOGO-v1-700-x-700-px.png","contentUrl":"https:\/\/g3d-wargame.com\/wp-content\/uploads\/2023\/12\/G3DLOGO-v1-700-x-700-px.png","width":788,"height":788,"caption":"G3D"},"image":{"@id":"https:\/\/g3d-wargame.com\/#\/schema\/logo\/image\/"}}]}},"_links":{"self":[{"href":"https:\/\/g3d-wargame.com\/en\/wp-json\/wp\/v2\/product\/5705","targetHints":{"allow":["GET"]}}],"collection":[{"href":"https:\/\/g3d-wargame.com\/en\/wp-json\/wp\/v2\/product"}],"about":[{"href":"https:\/\/g3d-wargame.com\/en\/wp-json\/wp\/v2\/types\/product"}],"wp:featuredmedia":[{"embeddable":true,"href":"https:\/\/g3d-wargame.com\/en\/wp-json\/wp\/v2\/media\/5712"}],"wp:attachment":[{"href":"https:\/\/g3d-wargame.com\/en\/wp-json\/wp\/v2\/media?parent=5705"}],"wp:term":[{"taxonomy":"product_brand","embeddable":true,"href":"https:\/\/g3d-wargame.com\/en\/wp-json\/wp\/v2\/product_brand?post=5705"},{"taxonomy":"product_cat","embeddable":true,"href":"https:\/\/g3d-wargame.com\/en\/wp-json\/wp\/v2\/product_cat?post=5705"},{"taxonomy":"product_tag","embeddable":true,"href":"https:\/\/g3d-wargame.com\/en\/wp-json\/wp\/v2\/product_tag?post=5705"}],"curies":[{"name":"wp","href":"https:\/\/api.w.org\/{rel}","templated":true}]}}