{"id":5691,"date":"2025-01-02T17:12:14","date_gmt":"2025-01-02T16:12:14","guid":{"rendered":"https:\/\/g3d-wargame.com\/?post_type=product&#038;p=5691"},"modified":"2025-05-14T14:10:27","modified_gmt":"2025-05-14T12:10:27","slug":"fer-de-lance-seraphons","status":"publish","type":"product","link":"https:\/\/g3d-wargame.com\/en\/product\/fer-de-lance-seraphons\/","title":{"rendered":"Fer de Lance: S\u00e9raphons"},"content":{"rendered":"<p>Les S\u00e9raphons reptiliens s&rsquo;efforcent inlassablement de poursuivre le Grand Dessein des Anciens pour rapporter l&rsquo;ordre v\u00e9ritable et l&rsquo;\u00e9quilibre aux royaumes pervertis par les Dieux du Chaos. Au sein de leurs arm\u00e9es, des sauriens \u00e0 sang froid et de f\u00e9roces b\u00eates \u00e9cailleuses combattent comme une seule force redoutable, une fusion de violence pr\u00e9datrice et de puissance \u00e9sot\u00e9rique et cosmique \u00e0 laquelle rares sont ceux qui peuvent r\u00e9sister.<\/p>\n<p>Si vous voulez purger les Royaumes Mortels de la souillure du Chaos, cette bo\u00eete est le point de d\u00e9part ou l&rsquo;ajout id\u00e9al pour une force de S\u00e9raphons, et vous permet de faire des \u00e9conomies par rapport \u00e0 un achat au d\u00e9tail. Il s&rsquo;agit d&rsquo;une s\u00e9lection d&rsquo;unit\u00e9s \u00e9quilibr\u00e9e, vous permettant d&rsquo;aligner une arm\u00e9e de S\u00e9raphons reptiliens sur la table de jeu rien qu&rsquo;avec ces figurines.<\/p>\n<p>Ce set contient les figurines en plastique multipi\u00e8ces suivantes:<\/p>\n<p>\u2013 1x Sang-ancien Saurus sur Carnosaure (\u00e0 assembler alternativement sous forme de V\u00e9t\u00e9ran Scarifi\u00e9 Saurus sur Carnosaure ou d&rsquo;Oracle Skink sur Troglodon avec un Sang-ancien Saurus \u00e0 pied)<br \/>\n\u2013 3x Kroxigors (permettant autrement d&rsquo;assembler des Guerriers-n\u00e9s Kroxigors)<br \/>\n\u2013 10x Guerriers Saurus<\/p>\n<p>Toutes les figurines sont fournies avec leurs socles appropri\u00e9s<\/p>\n<p>Ces figurines sont fournies non peintes et n\u00e9cessitent assemblage \u2013 nous recommandons d&#8217;employer la Colle Plastique Citadel et la peinture Citadel Colour.<\/p>","protected":false},"excerpt":{"rendered":"<p>Les S\u00e9raphons reptiliens s&rsquo;efforcent inlassablement de poursuivre le Grand Dessein des Anciens pour rapporter l&rsquo;ordre v\u00e9ritable et l&rsquo;\u00e9quilibre aux royaumes pervertis par les Dieux du Chaos. Au sein de leurs arm\u00e9es, des sauriens \u00e0 sang froid et de f\u00e9roces b\u00eates \u00e9cailleuses combattent comme une seule force redoutable, une fusion de violence pr\u00e9datrice et de puissance \u00e9sot\u00e9rique et cosmique \u00e0 laquelle&hellip;<\/p>","protected":false},"featured_media":5704,"template":"","meta":[],"product_brand":[],"product_cat":[62],"product_tag":[],"class_list":{"0":"post-5691","1":"product","2":"type-product","3":"status-publish","4":"has-post-thumbnail","6":"product_cat-age-of-sigmar","8":"first","9":"onbackorder","10":"sale","11":"taxable","12":"shipping-taxable","13":"purchasable","14":"product-type-simple"},"yoast_head":"<!-- This site is optimized with the Yoast SEO plugin v25.8 - https:\/\/yoast.com\/wordpress\/plugins\/seo\/ -->\n<title>Fer de Lance: S\u00e9raphons &#8211; G3D<\/title>\n<meta name=\"robots\" content=\"index, follow, max-snippet:-1, max-image-preview:large, max-video-preview:-1\" \/>\n<link rel=\"canonical\" href=\"https:\/\/g3d-wargame.com\/en\/product\/fer-de-lance-seraphons\/\" \/>\n<meta property=\"og:locale\" content=\"en_GB\" \/>\n<meta property=\"og:type\" content=\"article\" \/>\n<meta property=\"og:title\" content=\"Fer de Lance: S\u00e9raphons &#8211; G3D\" \/>\n<meta property=\"og:description\" content=\"Les S\u00e9raphons reptiliens s&rsquo;efforcent inlassablement de poursuivre le Grand Dessein des Anciens pour rapporter l&rsquo;ordre v\u00e9ritable et l&rsquo;\u00e9quilibre aux royaumes pervertis par les Dieux du Chaos. Au sein de leurs arm\u00e9es, des sauriens \u00e0 sang froid et de f\u00e9roces b\u00eates \u00e9cailleuses combattent comme une seule force redoutable, une fusion de violence pr\u00e9datrice et de puissance \u00e9sot\u00e9rique et cosmique \u00e0 laquelle&hellip;\" \/>\n<meta property=\"og:url\" content=\"https:\/\/g3d-wargame.com\/en\/product\/fer-de-lance-seraphons\/\" \/>\n<meta property=\"og:site_name\" content=\"G3D\" \/>\n<meta property=\"article:modified_time\" content=\"2025-05-14T12:10:27+00:00\" \/>\n<meta property=\"og:image\" content=\"https:\/\/g3d-wargame.com\/wp-content\/uploads\/2025\/01\/99120208045_SERSpearheadREPACK.jpg\" \/>\n\t<meta property=\"og:image:width\" content=\"918\" \/>\n\t<meta property=\"og:image:height\" content=\"948\" \/>\n\t<meta property=\"og:image:type\" content=\"image\/jpeg\" \/>\n<meta name=\"twitter:card\" content=\"summary_large_image\" \/>\n<meta name=\"twitter:label1\" content=\"Estimated reading time\" \/>\n\t<meta name=\"twitter:data1\" content=\"2 minutes\" \/>\n<script type=\"application\/ld+json\" class=\"yoast-schema-graph\">{\"@context\":\"https:\/\/schema.org\",\"@graph\":[{\"@type\":\"WebPage\",\"@id\":\"https:\/\/g3d-wargame.com\/produit\/fer-de-lance-seraphons\/\",\"url\":\"https:\/\/g3d-wargame.com\/produit\/fer-de-lance-seraphons\/\",\"name\":\"Fer de Lance: S\u00e9raphons &#8211; G3D\",\"isPartOf\":{\"@id\":\"https:\/\/g3d-wargame.com\/#website\"},\"primaryImageOfPage\":{\"@id\":\"https:\/\/g3d-wargame.com\/produit\/fer-de-lance-seraphons\/#primaryimage\"},\"image\":{\"@id\":\"https:\/\/g3d-wargame.com\/produit\/fer-de-lance-seraphons\/#primaryimage\"},\"thumbnailUrl\":\"https:\/\/g3d-wargame.com\/wp-content\/uploads\/2025\/01\/99120208045_SERSpearheadREPACK.jpg\",\"datePublished\":\"2025-01-02T16:12:14+00:00\",\"dateModified\":\"2025-05-14T12:10:27+00:00\",\"breadcrumb\":{\"@id\":\"https:\/\/g3d-wargame.com\/produit\/fer-de-lance-seraphons\/#breadcrumb\"},\"inLanguage\":\"en-GB\",\"potentialAction\":[{\"@type\":\"ReadAction\",\"target\":[\"https:\/\/g3d-wargame.com\/produit\/fer-de-lance-seraphons\/\"]}]},{\"@type\":\"ImageObject\",\"inLanguage\":\"en-GB\",\"@id\":\"https:\/\/g3d-wargame.com\/produit\/fer-de-lance-seraphons\/#primaryimage\",\"url\":\"https:\/\/g3d-wargame.com\/wp-content\/uploads\/2025\/01\/99120208045_SERSpearheadREPACK.jpg\",\"contentUrl\":\"https:\/\/g3d-wargame.com\/wp-content\/uploads\/2025\/01\/99120208045_SERSpearheadREPACK.jpg\",\"width\":918,\"height\":948},{\"@type\":\"BreadcrumbList\",\"@id\":\"https:\/\/g3d-wargame.com\/produit\/fer-de-lance-seraphons\/#breadcrumb\",\"itemListElement\":[{\"@type\":\"ListItem\",\"position\":1,\"name\":\"Accueil\",\"item\":\"https:\/\/g3d-wargame.com\/\"},{\"@type\":\"ListItem\",\"position\":2,\"name\":\"Produits\",\"item\":\"https:\/\/g3d-wargame.com\/shop__trashed\/\"},{\"@type\":\"ListItem\",\"position\":3,\"name\":\"Fer de Lance: S\u00e9raphons\"}]},{\"@type\":\"WebSite\",\"@id\":\"https:\/\/g3d-wargame.com\/#website\",\"url\":\"https:\/\/g3d-wargame.com\/\",\"name\":\"G3D\",\"description\":\" impression 3D\",\"publisher\":{\"@id\":\"https:\/\/g3d-wargame.com\/#organization\"},\"alternateName\":\"G3D Wargame\",\"potentialAction\":[{\"@type\":\"SearchAction\",\"target\":{\"@type\":\"EntryPoint\",\"urlTemplate\":\"https:\/\/g3d-wargame.com\/?s={search_term_string}\"},\"query-input\":{\"@type\":\"PropertyValueSpecification\",\"valueRequired\":true,\"valueName\":\"search_term_string\"}}],\"inLanguage\":\"en-GB\"},{\"@type\":\"Organization\",\"@id\":\"https:\/\/g3d-wargame.com\/#organization\",\"name\":\"G3D\",\"alternateName\":\"G3D WARGAME\",\"url\":\"https:\/\/g3d-wargame.com\/\",\"logo\":{\"@type\":\"ImageObject\",\"inLanguage\":\"en-GB\",\"@id\":\"https:\/\/g3d-wargame.com\/#\/schema\/logo\/image\/\",\"url\":\"https:\/\/g3d-wargame.com\/wp-content\/uploads\/2023\/12\/G3DLOGO-v1-700-x-700-px.png\",\"contentUrl\":\"https:\/\/g3d-wargame.com\/wp-content\/uploads\/2023\/12\/G3DLOGO-v1-700-x-700-px.png\",\"width\":788,\"height\":788,\"caption\":\"G3D\"},\"image\":{\"@id\":\"https:\/\/g3d-wargame.com\/#\/schema\/logo\/image\/\"}}]}<\/script>\n<!-- \/ Yoast SEO plugin. -->","yoast_head_json":{"title":"Fer de Lance: S\u00e9raphons &#8211; G3D","robots":{"index":"index","follow":"follow","max-snippet":"max-snippet:-1","max-image-preview":"max-image-preview:large","max-video-preview":"max-video-preview:-1"},"canonical":"https:\/\/g3d-wargame.com\/en\/product\/fer-de-lance-seraphons\/","og_locale":"en_GB","og_type":"article","og_title":"Fer de Lance: S\u00e9raphons &#8211; G3D","og_description":"Les S\u00e9raphons reptiliens s&rsquo;efforcent inlassablement de poursuivre le Grand Dessein des Anciens pour rapporter l&rsquo;ordre v\u00e9ritable et l&rsquo;\u00e9quilibre aux royaumes pervertis par les Dieux du Chaos. Au sein de leurs arm\u00e9es, des sauriens \u00e0 sang froid et de f\u00e9roces b\u00eates \u00e9cailleuses combattent comme une seule force redoutable, une fusion de violence pr\u00e9datrice et de puissance \u00e9sot\u00e9rique et cosmique \u00e0 laquelle&hellip;","og_url":"https:\/\/g3d-wargame.com\/en\/product\/fer-de-lance-seraphons\/","og_site_name":"G3D","article_modified_time":"2025-05-14T12:10:27+00:00","og_image":[{"width":918,"height":948,"url":"https:\/\/g3d-wargame.com\/wp-content\/uploads\/2025\/01\/99120208045_SERSpearheadREPACK.jpg","type":"image\/jpeg"}],"twitter_card":"summary_large_image","twitter_misc":{"Estimated reading time":"2 minutes"},"schema":{"@context":"https:\/\/schema.org","@graph":[{"@type":"WebPage","@id":"https:\/\/g3d-wargame.com\/produit\/fer-de-lance-seraphons\/","url":"https:\/\/g3d-wargame.com\/produit\/fer-de-lance-seraphons\/","name":"Fer de Lance: S\u00e9raphons &#8211; G3D","isPartOf":{"@id":"https:\/\/g3d-wargame.com\/#website"},"primaryImageOfPage":{"@id":"https:\/\/g3d-wargame.com\/produit\/fer-de-lance-seraphons\/#primaryimage"},"image":{"@id":"https:\/\/g3d-wargame.com\/produit\/fer-de-lance-seraphons\/#primaryimage"},"thumbnailUrl":"https:\/\/g3d-wargame.com\/wp-content\/uploads\/2025\/01\/99120208045_SERSpearheadREPACK.jpg","datePublished":"2025-01-02T16:12:14+00:00","dateModified":"2025-05-14T12:10:27+00:00","breadcrumb":{"@id":"https:\/\/g3d-wargame.com\/produit\/fer-de-lance-seraphons\/#breadcrumb"},"inLanguage":"en-GB","potentialAction":[{"@type":"ReadAction","target":["https:\/\/g3d-wargame.com\/produit\/fer-de-lance-seraphons\/"]}]},{"@type":"ImageObject","inLanguage":"en-GB","@id":"https:\/\/g3d-wargame.com\/produit\/fer-de-lance-seraphons\/#primaryimage","url":"https:\/\/g3d-wargame.com\/wp-content\/uploads\/2025\/01\/99120208045_SERSpearheadREPACK.jpg","contentUrl":"https:\/\/g3d-wargame.com\/wp-content\/uploads\/2025\/01\/99120208045_SERSpearheadREPACK.jpg","width":918,"height":948},{"@type":"BreadcrumbList","@id":"https:\/\/g3d-wargame.com\/produit\/fer-de-lance-seraphons\/#breadcrumb","itemListElement":[{"@type":"ListItem","position":1,"name":"Accueil","item":"https:\/\/g3d-wargame.com\/"},{"@type":"ListItem","position":2,"name":"Produits","item":"https:\/\/g3d-wargame.com\/shop__trashed\/"},{"@type":"ListItem","position":3,"name":"Fer de Lance: S\u00e9raphons"}]},{"@type":"WebSite","@id":"https:\/\/g3d-wargame.com\/#website","url":"https:\/\/g3d-wargame.com\/","name":"G3D","description":"3D printing","publisher":{"@id":"https:\/\/g3d-wargame.com\/#organization"},"alternateName":"G3D Wargame","potentialAction":[{"@type":"SearchAction","target":{"@type":"EntryPoint","urlTemplate":"https:\/\/g3d-wargame.com\/?s={search_term_string}"},"query-input":{"@type":"PropertyValueSpecification","valueRequired":true,"valueName":"search_term_string"}}],"inLanguage":"en-GB"},{"@type":"Organization","@id":"https:\/\/g3d-wargame.com\/#organization","name":"G3D","alternateName":"G3D WARGAME","url":"https:\/\/g3d-wargame.com\/","logo":{"@type":"ImageObject","inLanguage":"en-GB","@id":"https:\/\/g3d-wargame.com\/#\/schema\/logo\/image\/","url":"https:\/\/g3d-wargame.com\/wp-content\/uploads\/2023\/12\/G3DLOGO-v1-700-x-700-px.png","contentUrl":"https:\/\/g3d-wargame.com\/wp-content\/uploads\/2023\/12\/G3DLOGO-v1-700-x-700-px.png","width":788,"height":788,"caption":"G3D"},"image":{"@id":"https:\/\/g3d-wargame.com\/#\/schema\/logo\/image\/"}}]}},"_links":{"self":[{"href":"https:\/\/g3d-wargame.com\/en\/wp-json\/wp\/v2\/product\/5691","targetHints":{"allow":["GET"]}}],"collection":[{"href":"https:\/\/g3d-wargame.com\/en\/wp-json\/wp\/v2\/product"}],"about":[{"href":"https:\/\/g3d-wargame.com\/en\/wp-json\/wp\/v2\/types\/product"}],"wp:featuredmedia":[{"embeddable":true,"href":"https:\/\/g3d-wargame.com\/en\/wp-json\/wp\/v2\/media\/5704"}],"wp:attachment":[{"href":"https:\/\/g3d-wargame.com\/en\/wp-json\/wp\/v2\/media?parent=5691"}],"wp:term":[{"taxonomy":"product_brand","embeddable":true,"href":"https:\/\/g3d-wargame.com\/en\/wp-json\/wp\/v2\/product_brand?post=5691"},{"taxonomy":"product_cat","embeddable":true,"href":"https:\/\/g3d-wargame.com\/en\/wp-json\/wp\/v2\/product_cat?post=5691"},{"taxonomy":"product_tag","embeddable":true,"href":"https:\/\/g3d-wargame.com\/en\/wp-json\/wp\/v2\/product_tag?post=5691"}],"curies":[{"name":"wp","href":"https:\/\/api.w.org\/{rel}","templated":true}]}}