{"id":5665,"date":"2025-01-02T17:02:56","date_gmt":"2025-01-02T16:02:56","guid":{"rendered":"https:\/\/g3d-wargame.com\/?post_type=product&#038;p=5665"},"modified":"2025-09-07T09:08:39","modified_gmt":"2025-09-07T07:08:39","slug":"kill-team-set-dinitiation","status":"publish","type":"product","link":"https:\/\/g3d-wargame.com\/en\/product\/kill-team-set-dinitiation\/","title":{"rendered":"Kill Team: Set d&rsquo;Initiation"},"content":{"rendered":"<p>Dans les t\u00e9n\u00e8bres d&rsquo;un lointain futur, des projectiles explosifs fendent les airs, des \u00e9p\u00e9es tron\u00e7onneuses rugissent avidement et des bottes blind\u00e9es brisent le sol. Ici, en cet instant, la bataille se joue sur les actions audacieuses d&rsquo;une poign\u00e9e de guerriers. Aurez-vous le courage de prendre leur t\u00eate et de les mener \u00e0 la victoire? Kill Team est un jeu de figurines sur plateau qui vous permet de revivre des escarmouches pleines d&rsquo;action dans le 41e Mill\u00e9naire servant de toile de fond \u00e0 Warhammer 40,000.<\/p>\n<p>Ce set d&rsquo;initiation vous offre tout ce dont deux joueurs auront besoin pour faire leurs premiers pas dans Kill Team. Il contient deux kill teams compl\u00e8tes: les Space Marines surhumains des Anges de la Mort, et leurs fr\u00e8res honnis et corrompus, les Marines de la Peste de la Death Guard, ainsi que tous les outils et accessoires n\u00e9cessaires, et une s\u00e9rie de sc\u00e9narios d&rsquo;introduction qui vous permettront d&rsquo;apprendre les bases de ces batailles tactiques au rythme effr\u00e9n\u00e9.<\/p>\n<p>Vous y trouverez \u00e9galement trois planches de d\u00e9cors en MDF imprim\u00e9 qu&rsquo;il vous suffit d&#8217;embo\u00eeter sans qu&rsquo;il y ait besoin de les coller ou de les peindre, et que vous pourrez d\u00e9monter facilement pour les ranger.<\/p>\n<p>Ce set a \u00e9t\u00e9 con\u00e7u pour \u00eatre assembl\u00e9 et pr\u00eat \u00e0 jouer en seulement 30 minutes.<\/p>\n<p><strong>Dans cette bo\u00eete, vous trouverez:<\/strong><br \/>\n\u2013 14x figurines Citadel<br \/>\n\u2013 7x agents de la kill team des Anges de la Mort, moul\u00e9s en plastique bleu<br \/>\n\u2013 7x agents des Marines de la Peste, moul\u00e9s en plastique vert<\/p>\n<p>\u2013 1x\u00a0<i>Manuel d&rsquo;Initiation \u00e0 Kill Team<\/i>\u00a0de 64 pages<br \/>\n\u2013 1x planche de pions Kill Team incluant 92x pions<br \/>\n\u2013 2x feuilles de r\u00e9f\u00e9rence<br \/>\n\u2013 10x d\u00e9s \u00e0 six faces<br \/>\n\u2013 1x plateau de jeu double face<br \/>\n\u2013 3x planches de d\u00e9cors en MDF \u00e0 embo\u00eeter<\/p>\n<p>Les figurines de ce set sont toutes fournies avec un socle sculpt\u00e9. Ces figurines \u00e0 embo\u00eeter peuvent \u00eatre d\u00e9grapp\u00e9es sans pinces, et peuvent s&rsquo;assembler sans colle. Elles sont fournies non peintes \u2013 nous recommandons d&#8217;employer la peinture Citadel Colour.<\/p>","protected":false},"excerpt":{"rendered":"<p>Dans les t\u00e9n\u00e8bres d&rsquo;un lointain futur, des projectiles explosifs fendent les airs, des \u00e9p\u00e9es tron\u00e7onneuses rugissent avidement et des bottes blind\u00e9es brisent le sol. Ici, en cet instant, la bataille se joue sur les actions audacieuses d&rsquo;une poign\u00e9e de guerriers. Aurez-vous le courage de prendre leur t\u00eate et de les mener \u00e0 la victoire? Kill Team est un jeu de&hellip;<\/p>","protected":false},"featured_media":5680,"template":"","meta":[],"product_brand":[],"product_cat":[63],"product_tag":[],"class_list":{"0":"post-5665","1":"product","2":"type-product","3":"status-publish","4":"has-post-thumbnail","6":"product_cat-warhammer-40-000","8":"first","9":"onbackorder","10":"sale","11":"taxable","12":"shipping-taxable","13":"purchasable","14":"product-type-simple"},"yoast_head":"<!-- This site is optimized with the Yoast SEO plugin v25.8 - https:\/\/yoast.com\/wordpress\/plugins\/seo\/ -->\n<title>Kill Team: Set d&#039;Initiation &#8211; G3D<\/title>\n<meta name=\"robots\" content=\"index, follow, max-snippet:-1, max-image-preview:large, max-video-preview:-1\" \/>\n<link rel=\"canonical\" href=\"https:\/\/g3d-wargame.com\/en\/product\/kill-team-set-dinitiation\/\" \/>\n<meta property=\"og:locale\" content=\"en_GB\" \/>\n<meta property=\"og:type\" content=\"article\" \/>\n<meta property=\"og:title\" content=\"Kill Team: Set d&#039;Initiation &#8211; G3D\" \/>\n<meta property=\"og:description\" content=\"Dans les t\u00e9n\u00e8bres d&rsquo;un lointain futur, des projectiles explosifs fendent les airs, des \u00e9p\u00e9es tron\u00e7onneuses rugissent avidement et des bottes blind\u00e9es brisent le sol. Ici, en cet instant, la bataille se joue sur les actions audacieuses d&rsquo;une poign\u00e9e de guerriers. Aurez-vous le courage de prendre leur t\u00eate et de les mener \u00e0 la victoire? Kill Team est un jeu de&hellip;\" \/>\n<meta property=\"og:url\" content=\"https:\/\/g3d-wargame.com\/en\/product\/kill-team-set-dinitiation\/\" \/>\n<meta property=\"og:site_name\" content=\"G3D\" \/>\n<meta property=\"article:modified_time\" content=\"2025-09-07T07:08:39+00:00\" \/>\n<meta property=\"og:image\" content=\"https:\/\/g3d-wargame.com\/wp-content\/uploads\/2025\/01\/01010199071_FREKTStarterSet1.jpg\" \/>\n\t<meta property=\"og:image:width\" content=\"918\" \/>\n\t<meta property=\"og:image:height\" content=\"948\" \/>\n\t<meta property=\"og:image:type\" content=\"image\/jpeg\" \/>\n<meta name=\"twitter:card\" content=\"summary_large_image\" \/>\n<meta name=\"twitter:label1\" content=\"Estimated reading time\" \/>\n\t<meta name=\"twitter:data1\" content=\"2 minutes\" \/>\n<script type=\"application\/ld+json\" class=\"yoast-schema-graph\">{\"@context\":\"https:\/\/schema.org\",\"@graph\":[{\"@type\":\"WebPage\",\"@id\":\"https:\/\/g3d-wargame.com\/produit\/kill-team-set-dinitiation\/\",\"url\":\"https:\/\/g3d-wargame.com\/produit\/kill-team-set-dinitiation\/\",\"name\":\"Kill Team: Set d'Initiation &#8211; G3D\",\"isPartOf\":{\"@id\":\"https:\/\/g3d-wargame.com\/#website\"},\"primaryImageOfPage\":{\"@id\":\"https:\/\/g3d-wargame.com\/produit\/kill-team-set-dinitiation\/#primaryimage\"},\"image\":{\"@id\":\"https:\/\/g3d-wargame.com\/produit\/kill-team-set-dinitiation\/#primaryimage\"},\"thumbnailUrl\":\"https:\/\/g3d-wargame.com\/wp-content\/uploads\/2025\/01\/01010199071_FREKTStarterSet1.jpg\",\"datePublished\":\"2025-01-02T16:02:56+00:00\",\"dateModified\":\"2025-09-07T07:08:39+00:00\",\"breadcrumb\":{\"@id\":\"https:\/\/g3d-wargame.com\/produit\/kill-team-set-dinitiation\/#breadcrumb\"},\"inLanguage\":\"en-GB\",\"potentialAction\":[{\"@type\":\"ReadAction\",\"target\":[\"https:\/\/g3d-wargame.com\/produit\/kill-team-set-dinitiation\/\"]}]},{\"@type\":\"ImageObject\",\"inLanguage\":\"en-GB\",\"@id\":\"https:\/\/g3d-wargame.com\/produit\/kill-team-set-dinitiation\/#primaryimage\",\"url\":\"https:\/\/g3d-wargame.com\/wp-content\/uploads\/2025\/01\/01010199071_FREKTStarterSet1.jpg\",\"contentUrl\":\"https:\/\/g3d-wargame.com\/wp-content\/uploads\/2025\/01\/01010199071_FREKTStarterSet1.jpg\",\"width\":918,\"height\":948},{\"@type\":\"BreadcrumbList\",\"@id\":\"https:\/\/g3d-wargame.com\/produit\/kill-team-set-dinitiation\/#breadcrumb\",\"itemListElement\":[{\"@type\":\"ListItem\",\"position\":1,\"name\":\"Accueil\",\"item\":\"https:\/\/g3d-wargame.com\/\"},{\"@type\":\"ListItem\",\"position\":2,\"name\":\"Produits\",\"item\":\"https:\/\/g3d-wargame.com\/shop__trashed\/\"},{\"@type\":\"ListItem\",\"position\":3,\"name\":\"Kill Team: Set d&rsquo;Initiation\"}]},{\"@type\":\"WebSite\",\"@id\":\"https:\/\/g3d-wargame.com\/#website\",\"url\":\"https:\/\/g3d-wargame.com\/\",\"name\":\"G3D\",\"description\":\" impression 3D\",\"publisher\":{\"@id\":\"https:\/\/g3d-wargame.com\/#organization\"},\"alternateName\":\"G3D Wargame\",\"potentialAction\":[{\"@type\":\"SearchAction\",\"target\":{\"@type\":\"EntryPoint\",\"urlTemplate\":\"https:\/\/g3d-wargame.com\/?s={search_term_string}\"},\"query-input\":{\"@type\":\"PropertyValueSpecification\",\"valueRequired\":true,\"valueName\":\"search_term_string\"}}],\"inLanguage\":\"en-GB\"},{\"@type\":\"Organization\",\"@id\":\"https:\/\/g3d-wargame.com\/#organization\",\"name\":\"G3D\",\"alternateName\":\"G3D WARGAME\",\"url\":\"https:\/\/g3d-wargame.com\/\",\"logo\":{\"@type\":\"ImageObject\",\"inLanguage\":\"en-GB\",\"@id\":\"https:\/\/g3d-wargame.com\/#\/schema\/logo\/image\/\",\"url\":\"https:\/\/g3d-wargame.com\/wp-content\/uploads\/2023\/12\/G3DLOGO-v1-700-x-700-px.png\",\"contentUrl\":\"https:\/\/g3d-wargame.com\/wp-content\/uploads\/2023\/12\/G3DLOGO-v1-700-x-700-px.png\",\"width\":788,\"height\":788,\"caption\":\"G3D\"},\"image\":{\"@id\":\"https:\/\/g3d-wargame.com\/#\/schema\/logo\/image\/\"}}]}<\/script>\n<!-- \/ Yoast SEO plugin. -->","yoast_head_json":{"title":"Kill Team: Set d'Initiation &#8211; G3D","robots":{"index":"index","follow":"follow","max-snippet":"max-snippet:-1","max-image-preview":"max-image-preview:large","max-video-preview":"max-video-preview:-1"},"canonical":"https:\/\/g3d-wargame.com\/en\/product\/kill-team-set-dinitiation\/","og_locale":"en_GB","og_type":"article","og_title":"Kill Team: Set d'Initiation &#8211; G3D","og_description":"Dans les t\u00e9n\u00e8bres d&rsquo;un lointain futur, des projectiles explosifs fendent les airs, des \u00e9p\u00e9es tron\u00e7onneuses rugissent avidement et des bottes blind\u00e9es brisent le sol. Ici, en cet instant, la bataille se joue sur les actions audacieuses d&rsquo;une poign\u00e9e de guerriers. Aurez-vous le courage de prendre leur t\u00eate et de les mener \u00e0 la victoire? Kill Team est un jeu de&hellip;","og_url":"https:\/\/g3d-wargame.com\/en\/product\/kill-team-set-dinitiation\/","og_site_name":"G3D","article_modified_time":"2025-09-07T07:08:39+00:00","og_image":[{"width":918,"height":948,"url":"https:\/\/g3d-wargame.com\/wp-content\/uploads\/2025\/01\/01010199071_FREKTStarterSet1.jpg","type":"image\/jpeg"}],"twitter_card":"summary_large_image","twitter_misc":{"Estimated reading time":"2 minutes"},"schema":{"@context":"https:\/\/schema.org","@graph":[{"@type":"WebPage","@id":"https:\/\/g3d-wargame.com\/produit\/kill-team-set-dinitiation\/","url":"https:\/\/g3d-wargame.com\/produit\/kill-team-set-dinitiation\/","name":"Kill Team: Set d'Initiation &#8211; G3D","isPartOf":{"@id":"https:\/\/g3d-wargame.com\/#website"},"primaryImageOfPage":{"@id":"https:\/\/g3d-wargame.com\/produit\/kill-team-set-dinitiation\/#primaryimage"},"image":{"@id":"https:\/\/g3d-wargame.com\/produit\/kill-team-set-dinitiation\/#primaryimage"},"thumbnailUrl":"https:\/\/g3d-wargame.com\/wp-content\/uploads\/2025\/01\/01010199071_FREKTStarterSet1.jpg","datePublished":"2025-01-02T16:02:56+00:00","dateModified":"2025-09-07T07:08:39+00:00","breadcrumb":{"@id":"https:\/\/g3d-wargame.com\/produit\/kill-team-set-dinitiation\/#breadcrumb"},"inLanguage":"en-GB","potentialAction":[{"@type":"ReadAction","target":["https:\/\/g3d-wargame.com\/produit\/kill-team-set-dinitiation\/"]}]},{"@type":"ImageObject","inLanguage":"en-GB","@id":"https:\/\/g3d-wargame.com\/produit\/kill-team-set-dinitiation\/#primaryimage","url":"https:\/\/g3d-wargame.com\/wp-content\/uploads\/2025\/01\/01010199071_FREKTStarterSet1.jpg","contentUrl":"https:\/\/g3d-wargame.com\/wp-content\/uploads\/2025\/01\/01010199071_FREKTStarterSet1.jpg","width":918,"height":948},{"@type":"BreadcrumbList","@id":"https:\/\/g3d-wargame.com\/produit\/kill-team-set-dinitiation\/#breadcrumb","itemListElement":[{"@type":"ListItem","position":1,"name":"Accueil","item":"https:\/\/g3d-wargame.com\/"},{"@type":"ListItem","position":2,"name":"Produits","item":"https:\/\/g3d-wargame.com\/shop__trashed\/"},{"@type":"ListItem","position":3,"name":"Kill Team: Set d&rsquo;Initiation"}]},{"@type":"WebSite","@id":"https:\/\/g3d-wargame.com\/#website","url":"https:\/\/g3d-wargame.com\/","name":"G3D","description":"3D printing","publisher":{"@id":"https:\/\/g3d-wargame.com\/#organization"},"alternateName":"G3D Wargame","potentialAction":[{"@type":"SearchAction","target":{"@type":"EntryPoint","urlTemplate":"https:\/\/g3d-wargame.com\/?s={search_term_string}"},"query-input":{"@type":"PropertyValueSpecification","valueRequired":true,"valueName":"search_term_string"}}],"inLanguage":"en-GB"},{"@type":"Organization","@id":"https:\/\/g3d-wargame.com\/#organization","name":"G3D","alternateName":"G3D WARGAME","url":"https:\/\/g3d-wargame.com\/","logo":{"@type":"ImageObject","inLanguage":"en-GB","@id":"https:\/\/g3d-wargame.com\/#\/schema\/logo\/image\/","url":"https:\/\/g3d-wargame.com\/wp-content\/uploads\/2023\/12\/G3DLOGO-v1-700-x-700-px.png","contentUrl":"https:\/\/g3d-wargame.com\/wp-content\/uploads\/2023\/12\/G3DLOGO-v1-700-x-700-px.png","width":788,"height":788,"caption":"G3D"},"image":{"@id":"https:\/\/g3d-wargame.com\/#\/schema\/logo\/image\/"}}]}},"_links":{"self":[{"href":"https:\/\/g3d-wargame.com\/en\/wp-json\/wp\/v2\/product\/5665","targetHints":{"allow":["GET"]}}],"collection":[{"href":"https:\/\/g3d-wargame.com\/en\/wp-json\/wp\/v2\/product"}],"about":[{"href":"https:\/\/g3d-wargame.com\/en\/wp-json\/wp\/v2\/types\/product"}],"wp:featuredmedia":[{"embeddable":true,"href":"https:\/\/g3d-wargame.com\/en\/wp-json\/wp\/v2\/media\/5680"}],"wp:attachment":[{"href":"https:\/\/g3d-wargame.com\/en\/wp-json\/wp\/v2\/media?parent=5665"}],"wp:term":[{"taxonomy":"product_brand","embeddable":true,"href":"https:\/\/g3d-wargame.com\/en\/wp-json\/wp\/v2\/product_brand?post=5665"},{"taxonomy":"product_cat","embeddable":true,"href":"https:\/\/g3d-wargame.com\/en\/wp-json\/wp\/v2\/product_cat?post=5665"},{"taxonomy":"product_tag","embeddable":true,"href":"https:\/\/g3d-wargame.com\/en\/wp-json\/wp\/v2\/product_tag?post=5665"}],"curies":[{"name":"wp","href":"https:\/\/api.w.org\/{rel}","templated":true}]}}